{"id":347,"date":"2010-06-05T23:41:55","date_gmt":"2010-06-05T21:41:55","guid":{"rendered":"http:\/\/abc-latina.com\/taxco-htm\/"},"modified":"2018-06-10T19:31:19","modified_gmt":"2018-06-10T17:31:19","slug":"taxco","status":"publish","type":"page","link":"https:\/\/abc-latina.com\/mexique\/taxco\/","title":{"rendered":"TAXCO"},"content":{"rendered":"<div><img loading=\"lazy\" decoding=\"async\" class=\" alignright size-full wp-image-346\" src=\"http:\/\/abc-latina.com\/wp-content\/uploads\/2010\/06\/taxco.jpg\" title=\"TAXCO\" alt=\"\" width=\"250\" vspace=\"9\" hspace=\"9\" height=\"260\" align=\"right\" \/>Localis\u00e9e \u00e0 205 km au nord d&rsquo;<a href=\"https:\/\/www.abc-latina.com\/mexique\/voyages\/acapulco\">Acapulco<\/a>, la ville de <span class=\"tourisme-chapitre\">Taxco <\/span>est connue des Mexicains pour son impressionnante \u00e9glise Santa Prisca, v\u00e9ritable chef-d&rsquo;oeuvre de l&rsquo;art baroque, ainsi que pour ses tr\u00e8s nombreuses boutiques d&rsquo;argenterie, t\u00e9moin du riche pass\u00e9 de l&rsquo;industrie mini\u00e8re.&nbsp;<\/div>\n<div>\n<div>&nbsp;<\/div>\n<div>Fl\u00e2ner \u00e0 travers ses petites ruelles bord\u00e9es de jolies maisons aux toits recouverts de tuiles de style m\u00e9diterran\u00e9en est un v\u00e9ritable plaisir pour les yeux. De plus, vous pourrez b\u00e9n\u00e9ficier de jolis points de vue sur les montagnes environnantes, dont celle nomm\u00e9e &laquo;Atachi&raquo;, qui, avec ses 2 220 m d&rsquo;altitude, semble surveiller au loin la tr\u00e9pidation des touristes. Pour certaines personnes, l&rsquo;exploration des lieux peut toutefois s&rsquo;av\u00e9rer p\u00e9rilleuse, tant les rues pav\u00e9es sont abruptes. Taxco est en effet litt\u00e9ralement accroch\u00e9e au flanc du mont Atachi, mot am\u00e9rindien signifiant le &laquo;Seigneur des eaux&raquo;, allusion \u00e0 l&rsquo;\u00e9norme quantit\u00e9 d&rsquo;eau de pluie qui d\u00e9vale de la montagne lors de la saison des pluies.<\/div>\n<div>&nbsp;<\/div>\n<div><a target=\"_blank\" href=\"..\/tour_operateur\"><img loading=\"lazy\" decoding=\"async\" class=\" size-full wp-image-41\" alt=\"\" class=\"touroperateur\" src=\"http:\/\/abc-latina.com\/wp-content\/uploads\/2010\/04\/timbre_to.gif\" width=\"125\" height=\"90\" \/><\/a>De toutes les demeures coloniales de Taxco, la Casa Humboldt est peut-\u00eatre celle qui conserve le plus grand charme. Sa fa\u00e7ade vaut \u00e0 elle seule le d\u00e9placement pour les \u00e9l\u00e9gants motifs d&rsquo;inspiration mud\u00e9jar qu&rsquo;elle comporte. Son nom lui vient du baron <a target=\"_blank\" href=\"https:\/\/www.abc-latina.com\/personnalites\/alexander_von_humboldt\">Alexander von Humboldt<\/a> (1769-1859), un naturaliste allemand qui, gr\u00e2ce \u00e0 ses observations de voyageur, contribua grandement \u00e0 une meilleure connaissance du climat, des oc\u00e9ans et de la g\u00e9ologie; il y logea lors de son p\u00e9riple entre <a href=\"https:\/\/www.abc-latina.com\/mexique\/voyages\/mexico\">M\u00e9xico<\/a> et Acapulco. Restaur\u00e9e en 1991, elle abrite aujourd&rsquo;hui le Museo de Arte Sacro Virreinal, consacr\u00e9 \u00e0 l&rsquo;art religieux. M\u00eame si vous n&rsquo;\u00eates pas passionn\u00e9 par cette forme d&rsquo;art, ne manquez pas la visite de cette demeure, car elle est un admirable exemple d&rsquo;habitation coloniale, et l&rsquo;excellent travail de restauration m\u00e9rite le coup d&rsquo;oeil. Au rez-de-chauss\u00e9e, ne manquez surtout pas d&rsquo;aller observer le t\u00edmulos funerarios. Il s&rsquo;agit d&rsquo;une curieuse st\u00e8le fun\u00e9raire en bois de plusieurs \u00e9tages, chacun d&rsquo;eux \u00e9tant d\u00e9cor\u00e9 de peintures, de sculptures ou d&rsquo;ornementation florale. En raison de leur co\u00fbt important, ces st\u00e8les \u00e9taient surtout \u00e9difi\u00e9es pour des membres de la noblesse ou des personnalit\u00e9s importantes. Dans certains cas, le cercueil du d\u00e9funt \u00e9tait plac\u00e9 \u00e0 l&rsquo;int\u00e9rieur, au centre de la st\u00e8le. Celle qui est expos\u00e9e ici fut retrouv\u00e9e miraculeusement en 1988 dans les sous-sols de la Santa Prisca \u00e0 l&rsquo;occasion de la restauration de l&rsquo;\u00e9difice. Une salle est \u00e9galement consacr\u00e9e au baron von Humboldt, et la plupart des panneaux descriptifs du mus\u00e9e sont r\u00e9dig\u00e9s en espagnol et en anglais.<\/div>\n<div>&nbsp;<\/div>\n<div>Faisant suite \u00e0 la Plazuela San Juan, la Plaza Borda, famili\u00e8rement appel\u00e9e &laquo;El Z\u00f3calo&raquo;, constitue le coeur m\u00eame de la ville. Agr\u00e9ment\u00e9e en son centre d&rsquo;un petit jardin, elle comporte des bancs afin de vous permettre d&rsquo;observer le va-et-vient des badauds. Cependant, ce qui procure r\u00e9ellement toute la majest\u00e9 \u00e0 cette place, c&rsquo;est la somptueuse fa\u00e7ade de la Santa Prisca, qui s&rsquo;\u00e9l\u00e8ve du c\u00f4t\u00e9 ouest. V\u00e9ritable chef-d&rsquo;oeuvre de l&rsquo;art baroque, la cath\u00e9drale fut \u00e9difi\u00e9e entre 1750 et 1758 \u00e0 l&rsquo;initiative d&rsquo;un riche propri\u00e9taire de mines d&rsquo;argent, <a target=\"_blank\" href=\"https:\/\/www.abc-latina.com\/personnalites\/don_jose_de_la_borda\">Don Jos\u00e9 de la Borda<\/a>.<\/div>\n<h3>Pr\u00e9parez votre voyage \u00e0 Taxco:<\/h3>\n<div><a href=\"https:\/\/www.abc-latina.com\/mexique\/agence_de_voyages\">Agences de voyage g\u00e9n\u00e9ralistes et discounteurs<\/a><\/div>\n<div><a href=\"https:\/\/www.abc-latina.com\/mexique\/tour_operateur\">Tours Op\u00e9rateurs sp\u00e9cialistes du Mexique<\/a><\/div>\n<div><a href=\"https:\/\/www.abc-latina.com\/to\/reservation_billet_avion\" target=\"_blank\">R\u00e9servez votre billet d&rsquo;avion<\/a><\/div>\n<div><a href=\"https:\/\/www.abc-latina.com\/mexique\/hotels\">R\u00e9servez votre h\u00f4tel \u00e0 Taxco<\/a>&nbsp;<\/div>\n<div><a href=\"https:\/\/www.abc-latina.com\/to\/location_de_voiture_mexique\" target=\"_blank\">Location de voiture<\/a><\/div>\n<p>&nbsp;<\/p>\n<\/div>\n","protected":false},"excerpt":{"rendered":"<p>Localis\u00e9e \u00e0 205 km au nord d&rsquo;Acapulco, la ville de Taxco est connue des Mexicains pour son impressionnante \u00e9glise Santa [&hellip;]<\/p>\n","protected":false},"author":3,"featured_media":346,"parent":2308,"menu_order":0,"comment_status":"closed","ping_status":"closed","template":"","meta":{"site-sidebar-layout":"default","site-content-layout":"","ast-site-content-layout":"default","site-content-style":"default","site-sidebar-style":"default","ast-global-header-display":"","ast-banner-title-visibility":"","ast-main-header-display":"","ast-hfb-above-header-display":"","ast-hfb-below-header-display":"","ast-hfb-mobile-header-display":"","site-post-title":"","ast-breadcrumbs-content":"","ast-featured-img":"","footer-sml-layout":"","ast-disable-related-posts":"","theme-transparent-header-meta":"","adv-header-id-meta":"","stick-header-meta":"","header-above-stick-meta":"","header-main-stick-meta":"","header-below-stick-meta":"","astra-migrate-meta-layouts":"default","ast-page-background-enabled":"default","ast-page-background-meta":{"desktop":{"background-color":"var(--ast-global-color-5)","background-image":"","background-repeat":"repeat","background-position":"center center","background-size":"auto","background-attachment":"scroll","background-type":"","background-media":"","overlay-type":"","overlay-color":"","overlay-opacity":"","overlay-gradient":""},"tablet":{"background-color":"","background-image":"","background-repeat":"repeat","background-position":"center center","background-size":"auto","background-attachment":"scroll","background-type":"","background-media":"","overlay-type":"","overlay-color":"","overlay-opacity":"","overlay-gradient":""},"mobile":{"background-color":"","background-image":"","background-repeat":"repeat","background-position":"center center","background-size":"auto","background-attachment":"scroll","background-type":"","background-media":"","overlay-type":"","overlay-color":"","overlay-opacity":"","overlay-gradient":""}},"ast-content-background-meta":{"desktop":{"background-color":"var(--ast-global-color-4)","background-image":"","background-repeat":"repeat","background-position":"center center","background-size":"auto","background-attachment":"scroll","background-type":"","background-media":"","overlay-type":"","overlay-color":"","overlay-opacity":"","overlay-gradient":""},"tablet":{"background-color":"var(--ast-global-color-4)","background-image":"","background-repeat":"repeat","background-position":"center center","background-size":"auto","background-attachment":"scroll","background-type":"","background-media":"","overlay-type":"","overlay-color":"","overlay-opacity":"","overlay-gradient":""},"mobile":{"background-color":"var(--ast-global-color-4)","background-image":"","background-repeat":"repeat","background-position":"center center","background-size":"auto","background-attachment":"scroll","background-type":"","background-media":"","overlay-type":"","overlay-color":"","overlay-opacity":"","overlay-gradient":""}},"footnotes":""},"class_list":["post-347","page","type-page","status-publish","has-post-thumbnail","hentry"],"yoast_head":"<!-- This site is optimized with the Yoast SEO plugin v27.5 - https:\/\/yoast.com\/product\/yoast-seo-wordpress\/ -->\n<title>TAXCO - Abc-latina<\/title>\n<meta name=\"description\" content=\"Taxco est connue pour son impressionnante \u00e9glise Santa et pour ses tr\u00e8s nombreuses boutiques d&#039;argenterie, t\u00e9moin du riche pass\u00e9 de l&#039;industrie mini\u00e8re.\" \/>\n<meta name=\"robots\" content=\"index, follow, max-snippet:-1, max-image-preview:large, max-video-preview:-1\" \/>\n<link rel=\"canonical\" href=\"https:\/\/abc-latina.com\/mexique\/taxco\/\" \/>\n<meta property=\"og:locale\" content=\"fr_FR\" \/>\n<meta property=\"og:type\" content=\"article\" \/>\n<meta property=\"og:title\" content=\"TAXCO - Abc-latina\" \/>\n<meta property=\"og:description\" content=\"Taxco est connue pour son impressionnante \u00e9glise Santa et pour ses tr\u00e8s nombreuses boutiques d&#039;argenterie, t\u00e9moin du riche pass\u00e9 de l&#039;industrie mini\u00e8re.\" \/>\n<meta property=\"og:url\" content=\"https:\/\/abc-latina.com\/mexique\/taxco\/\" \/>\n<meta property=\"og:site_name\" content=\"Abc-latina\" \/>\n<meta property=\"article:modified_time\" content=\"2018-06-10T17:31:19+00:00\" \/>\n<meta property=\"og:image\" content=\"https:\/\/abc-latina.com\/wp-content\/uploads\/2010\/06\/taxco.jpg\" \/>\n\t<meta property=\"og:image:width\" content=\"250\" \/>\n\t<meta property=\"og:image:height\" content=\"260\" \/>\n\t<meta property=\"og:image:type\" content=\"image\/jpeg\" \/>\n<meta name=\"twitter:card\" content=\"summary_large_image\" \/>\n<meta name=\"twitter:label1\" content=\"Dur\u00e9e de lecture estim\u00e9e\" \/>\n\t<meta name=\"twitter:data1\" content=\"3 minutes\" \/>\n<script type=\"application\/ld+json\" class=\"yoast-schema-graph\">{\"@context\":\"https:\\\/\\\/schema.org\",\"@graph\":[{\"@type\":\"WebPage\",\"@id\":\"https:\\\/\\\/abc-latina.com\\\/mexique\\\/taxco\\\/\",\"url\":\"https:\\\/\\\/abc-latina.com\\\/mexique\\\/taxco\\\/\",\"name\":\"TAXCO - Abc-latina\",\"isPartOf\":{\"@id\":\"https:\\\/\\\/abc-latina.com\\\/#website\"},\"primaryImageOfPage\":{\"@id\":\"https:\\\/\\\/abc-latina.com\\\/mexique\\\/taxco\\\/#primaryimage\"},\"image\":{\"@id\":\"https:\\\/\\\/abc-latina.com\\\/mexique\\\/taxco\\\/#primaryimage\"},\"thumbnailUrl\":\"https:\\\/\\\/abc-latina.com\\\/wp-content\\\/uploads\\\/2010\\\/06\\\/taxco.jpg\",\"datePublished\":\"2010-06-05T21:41:55+00:00\",\"dateModified\":\"2018-06-10T17:31:19+00:00\",\"description\":\"Taxco est connue pour son impressionnante \u00e9glise Santa et pour ses tr\u00e8s nombreuses boutiques d'argenterie, t\u00e9moin du riche pass\u00e9 de l'industrie mini\u00e8re.\",\"breadcrumb\":{\"@id\":\"https:\\\/\\\/abc-latina.com\\\/mexique\\\/taxco\\\/#breadcrumb\"},\"inLanguage\":\"fr-FR\",\"potentialAction\":[{\"@type\":\"ReadAction\",\"target\":[\"https:\\\/\\\/abc-latina.com\\\/mexique\\\/taxco\\\/\"]}]},{\"@type\":\"ImageObject\",\"inLanguage\":\"fr-FR\",\"@id\":\"https:\\\/\\\/abc-latina.com\\\/mexique\\\/taxco\\\/#primaryimage\",\"url\":\"https:\\\/\\\/abc-latina.com\\\/wp-content\\\/uploads\\\/2010\\\/06\\\/taxco.jpg\",\"contentUrl\":\"https:\\\/\\\/abc-latina.com\\\/wp-content\\\/uploads\\\/2010\\\/06\\\/taxco.jpg\",\"width\":250,\"height\":260,\"caption\":\"TAXCO\"},{\"@type\":\"BreadcrumbList\",\"@id\":\"https:\\\/\\\/abc-latina.com\\\/mexique\\\/taxco\\\/#breadcrumb\",\"itemListElement\":[{\"@type\":\"ListItem\",\"position\":1,\"name\":\"Accueil\",\"item\":\"https:\\\/\\\/abc-latina.com\\\/\"},{\"@type\":\"ListItem\",\"position\":2,\"name\":\"TAXCO\"}]},{\"@type\":\"WebSite\",\"@id\":\"https:\\\/\\\/abc-latina.com\\\/#website\",\"url\":\"https:\\\/\\\/abc-latina.com\\\/\",\"name\":\"Abc-latina\",\"description\":\"\",\"publisher\":{\"@id\":\"https:\\\/\\\/abc-latina.com\\\/#organization\"},\"potentialAction\":[{\"@type\":\"SearchAction\",\"target\":{\"@type\":\"EntryPoint\",\"urlTemplate\":\"https:\\\/\\\/abc-latina.com\\\/?s={search_term_string}\"},\"query-input\":{\"@type\":\"PropertyValueSpecification\",\"valueRequired\":true,\"valueName\":\"search_term_string\"}}],\"inLanguage\":\"fr-FR\"},{\"@type\":\"Organization\",\"@id\":\"https:\\\/\\\/abc-latina.com\\\/#organization\",\"name\":\"Abc-latina\",\"url\":\"https:\\\/\\\/abc-latina.com\\\/\",\"logo\":{\"@type\":\"ImageObject\",\"inLanguage\":\"fr-FR\",\"@id\":\"https:\\\/\\\/abc-latina.com\\\/#\\\/schema\\\/logo\\\/image\\\/\",\"url\":\"https:\\\/\\\/abc-latina.com\\\/wp-content\\\/uploads\\\/2026\\\/05\\\/cropped-logo.gif\",\"contentUrl\":\"https:\\\/\\\/abc-latina.com\\\/wp-content\\\/uploads\\\/2026\\\/05\\\/cropped-logo.gif\",\"width\":89,\"height\":84,\"caption\":\"Abc-latina\"},\"image\":{\"@id\":\"https:\\\/\\\/abc-latina.com\\\/#\\\/schema\\\/logo\\\/image\\\/\"}}]}<\/script>\n<!-- \/ Yoast SEO plugin. -->","yoast_head_json":{"title":"TAXCO - Abc-latina","description":"Taxco est connue pour son impressionnante \u00e9glise Santa et pour ses tr\u00e8s nombreuses boutiques d'argenterie, t\u00e9moin du riche pass\u00e9 de l'industrie mini\u00e8re.","robots":{"index":"index","follow":"follow","max-snippet":"max-snippet:-1","max-image-preview":"max-image-preview:large","max-video-preview":"max-video-preview:-1"},"canonical":"https:\/\/abc-latina.com\/mexique\/taxco\/","og_locale":"fr_FR","og_type":"article","og_title":"TAXCO - Abc-latina","og_description":"Taxco est connue pour son impressionnante \u00e9glise Santa et pour ses tr\u00e8s nombreuses boutiques d'argenterie, t\u00e9moin du riche pass\u00e9 de l'industrie mini\u00e8re.","og_url":"https:\/\/abc-latina.com\/mexique\/taxco\/","og_site_name":"Abc-latina","article_modified_time":"2018-06-10T17:31:19+00:00","og_image":[{"width":250,"height":260,"url":"https:\/\/abc-latina.com\/wp-content\/uploads\/2010\/06\/taxco.jpg","type":"image\/jpeg"}],"twitter_card":"summary_large_image","twitter_misc":{"Dur\u00e9e de lecture estim\u00e9e":"3 minutes"},"schema":{"@context":"https:\/\/schema.org","@graph":[{"@type":"WebPage","@id":"https:\/\/abc-latina.com\/mexique\/taxco\/","url":"https:\/\/abc-latina.com\/mexique\/taxco\/","name":"TAXCO - Abc-latina","isPartOf":{"@id":"https:\/\/abc-latina.com\/#website"},"primaryImageOfPage":{"@id":"https:\/\/abc-latina.com\/mexique\/taxco\/#primaryimage"},"image":{"@id":"https:\/\/abc-latina.com\/mexique\/taxco\/#primaryimage"},"thumbnailUrl":"https:\/\/abc-latina.com\/wp-content\/uploads\/2010\/06\/taxco.jpg","datePublished":"2010-06-05T21:41:55+00:00","dateModified":"2018-06-10T17:31:19+00:00","description":"Taxco est connue pour son impressionnante \u00e9glise Santa et pour ses tr\u00e8s nombreuses boutiques d'argenterie, t\u00e9moin du riche pass\u00e9 de l'industrie mini\u00e8re.","breadcrumb":{"@id":"https:\/\/abc-latina.com\/mexique\/taxco\/#breadcrumb"},"inLanguage":"fr-FR","potentialAction":[{"@type":"ReadAction","target":["https:\/\/abc-latina.com\/mexique\/taxco\/"]}]},{"@type":"ImageObject","inLanguage":"fr-FR","@id":"https:\/\/abc-latina.com\/mexique\/taxco\/#primaryimage","url":"https:\/\/abc-latina.com\/wp-content\/uploads\/2010\/06\/taxco.jpg","contentUrl":"https:\/\/abc-latina.com\/wp-content\/uploads\/2010\/06\/taxco.jpg","width":250,"height":260,"caption":"TAXCO"},{"@type":"BreadcrumbList","@id":"https:\/\/abc-latina.com\/mexique\/taxco\/#breadcrumb","itemListElement":[{"@type":"ListItem","position":1,"name":"Accueil","item":"https:\/\/abc-latina.com\/"},{"@type":"ListItem","position":2,"name":"TAXCO"}]},{"@type":"WebSite","@id":"https:\/\/abc-latina.com\/#website","url":"https:\/\/abc-latina.com\/","name":"Abc-latina","description":"","publisher":{"@id":"https:\/\/abc-latina.com\/#organization"},"potentialAction":[{"@type":"SearchAction","target":{"@type":"EntryPoint","urlTemplate":"https:\/\/abc-latina.com\/?s={search_term_string}"},"query-input":{"@type":"PropertyValueSpecification","valueRequired":true,"valueName":"search_term_string"}}],"inLanguage":"fr-FR"},{"@type":"Organization","@id":"https:\/\/abc-latina.com\/#organization","name":"Abc-latina","url":"https:\/\/abc-latina.com\/","logo":{"@type":"ImageObject","inLanguage":"fr-FR","@id":"https:\/\/abc-latina.com\/#\/schema\/logo\/image\/","url":"https:\/\/abc-latina.com\/wp-content\/uploads\/2026\/05\/cropped-logo.gif","contentUrl":"https:\/\/abc-latina.com\/wp-content\/uploads\/2026\/05\/cropped-logo.gif","width":89,"height":84,"caption":"Abc-latina"},"image":{"@id":"https:\/\/abc-latina.com\/#\/schema\/logo\/image\/"}}]}},"_links":{"self":[{"href":"https:\/\/abc-latina.com\/wp-json\/wp\/v2\/pages\/347","targetHints":{"allow":["GET"]}}],"collection":[{"href":"https:\/\/abc-latina.com\/wp-json\/wp\/v2\/pages"}],"about":[{"href":"https:\/\/abc-latina.com\/wp-json\/wp\/v2\/types\/page"}],"author":[{"embeddable":true,"href":"https:\/\/abc-latina.com\/wp-json\/wp\/v2\/users\/3"}],"replies":[{"embeddable":true,"href":"https:\/\/abc-latina.com\/wp-json\/wp\/v2\/comments?post=347"}],"version-history":[{"count":0,"href":"https:\/\/abc-latina.com\/wp-json\/wp\/v2\/pages\/347\/revisions"}],"up":[{"embeddable":true,"href":"https:\/\/abc-latina.com\/wp-json\/wp\/v2\/pages\/2308"}],"wp:featuredmedia":[{"embeddable":true,"href":"https:\/\/abc-latina.com\/wp-json\/wp\/v2\/media\/346"}],"wp:attachment":[{"href":"https:\/\/abc-latina.com\/wp-json\/wp\/v2\/media?parent=347"}],"curies":[{"name":"wp","href":"https:\/\/api.w.org\/{rel}","templated":true}]}}