{"id":349,"date":"2010-06-05T23:43:55","date_gmt":"2010-06-05T21:43:55","guid":{"rendered":"http:\/\/abc-latina.com\/teotihuacan-htm\/"},"modified":"2018-06-10T19:30:22","modified_gmt":"2018-06-10T17:30:22","slug":"teotihuacan","status":"publish","type":"page","link":"https:\/\/abc-latina.com\/mexique\/teotihuacan\/","title":{"rendered":"TEOTIHUACAN"},"content":{"rendered":"<div><img loading=\"lazy\" decoding=\"async\" class=\" alignright size-full wp-image-348\" src=\"http:\/\/abc-latina.com\/wp-content\/uploads\/2010\/06\/teotihuacan.jpg\" title=\"TEOTIHUACAN\" alt=\"\" width=\"250\" vspace=\"9\" hspace=\"9\" height=\"250\" align=\"right\" srcset=\"https:\/\/abc-latina.com\/wp-content\/uploads\/2010\/06\/teotihuacan.jpg 250w, https:\/\/abc-latina.com\/wp-content\/uploads\/2010\/06\/teotihuacan-150x150.jpg 150w\" sizes=\"auto, (max-width: 250px) 100vw, 250px\" \/>Les ruines de <span class=\"tourisme-chapitre\">Teotihuac\u00e1n <\/span>sont parmi les plus remarquables du Mexique. Quoique le lieu f\u00fbt habit\u00e9 vers 500 ans av. J.-C., ce n&rsquo;est que quatre si\u00e8cles plus tard qu&rsquo;on a commenc\u00e9 la construction de l&rsquo;\u00e9norme pyramide du Soleil. Lors de son apog\u00e9e, au Ve si\u00e8cle de notre \u00e8re, Teotihuac\u00e1n avait une population de plus de 200 000 \u00e2mes, sup\u00e9rieure en nombre \u00e0 celle de la Rome antique. On sait tr\u00e8s peu de chose des origines de ses habitants, de leur langue ou des raisons de l&rsquo;abandon et de l&#8217;embrasement du site au VIIIe si\u00e8cle. Plusieurs si\u00e8cles plus tard, les <a href=\"https:\/\/www.abc-latina.com\/civilisations\/azteque\" target=\"_blank\">Azt\u00e8ques<\/a> sont arriv\u00e9s dans la vall\u00e9e de <a href=\"https:\/\/www.abc-latina.com\/mexique\/voyages\/mexico\">M\u00e9xico<\/a>, et ils ont donn\u00e9 au site, jamais oubli\u00e9, son nom actuel, qui veut dire &laquo;lieu o\u00f9 les dieux sont n\u00e9s&raquo;.&nbsp;<\/div>\n<div>Le site compte deux mus\u00e9es, dont le nouveau est plus grand et plus int\u00e9ressant. La citadelle ne fut pas une forteresse, malgr\u00e9 le nom que les Espagnols lui aient donn\u00e9, mais ses murs impressionnants lui en donnent l&rsquo;allure.&nbsp;<\/div>\n<div>&nbsp;<\/div>\n<div>C&rsquo;est le cadre de la pyramide du Serpent \u00e0 plumes et du temple de Quetzalc\u00e1tl, avec ses grandes t\u00eates sculpt\u00e9es de serpent (Quetzalc\u00e1tl \u00e9tait l&rsquo;un des dieux les plus importants dans plusieurs cultures pr\u00e9hispaniques). La tr\u00e8s large avenue des Morts relie ce complexe \u00e0 la pyramide du Soleil et \u00e0 la pyramide de la Lune.<\/div>\n<div>&nbsp;<\/div>\n<div><a href=\"..\/tour_operateur\" target=\"_blank\"><img loading=\"lazy\" decoding=\"async\" class=\" size-full wp-image-41\" alt=\"\" class=\"touroperateur\" src=\"http:\/\/abc-latina.com\/wp-content\/uploads\/2010\/04\/timbre_to.gif\" width=\"125\" height=\"90\" \/><\/a>La pyramide du Soleil est l&rsquo;une des plus immenses constructions de l&rsquo;Antiquit\u00e9. Avec sa base de plus de 220 m de c\u00f4t\u00e9, elle est presque aussi grande que la pyramide de Ch\u00e9ops, pr\u00e8s du Caire.<\/div>\n<div>&nbsp;<\/div>\n<div>Quoiqu&rsquo;elle ne soit pas aussi haute que celle de Ch\u00e9ops, elle est quand m\u00eame tr\u00e8s impressionnante. La pyramide de la Lune donne sur une place qui regroupe quelques petits temples ainsi que le palais du Quetzal-Papillon, avec ses belles peintures et sculptures de cr\u00e9atures mythiques dans la cour int\u00e9rieure.<\/div>\n<div>&nbsp;<\/div>\n<div>&nbsp;<\/div>\n<p><iframe loading=\"lazy\" scrolling=\"no\" marginheight=\"0\" marginwidth=\"0\" src=\"http:\/\/maps.google.fr\/maps?f=q&amp;source=embed&amp;hl=fr&amp;geocode=&amp;q=mexique+teotihuacan&amp;aq=&amp;sll=23.634501,-102.552784&amp;sspn=23.41292,39.506836&amp;t=h&amp;g=mexique&amp;ie=UTF8&amp;hq=mexique+teotihuacan&amp;ll=19.693036,-98.846935&amp;spn=0.021011,0.032015&amp;layer=c&amp;cbll=19.69301,-98.845987&amp;panoid=ogH0V84TUhMAUXsRs61jGA&amp;cbp=12,102.51,,0,-4&amp;output=svembed\" width=\"350\" height=\"289\" frameborder=\"0\"><\/iframe><br \/><small><a href=\"http:\/\/maps.google.fr\/maps?f=q&amp;source=embed&amp;hl=fr&amp;geocode=&amp;q=mexique+teotihuacan&amp;aq=&amp;sll=23.634501,-102.552784&amp;sspn=23.41292,39.506836&amp;t=h&amp;g=mexique&amp;ie=UTF8&amp;hq=mexique+teotihuacan&amp;ll=19.693036,-98.846935&amp;spn=0.021011,0.032015&amp;layer=c&amp;cbll=19.69301,-98.845987&amp;panoid=ogH0V84TUhMAUXsRs61jGA&amp;cbp=12,102.51,,0,-4\" style=\"color:#0000FF;text-align:left\">Agrandir le plan<\/a><\/small><\/p>\n<h3>Pr\u00e9parez votre voyage \u00e0 Teotihuacan:<\/h3>\n<div><a href=\"https:\/\/www.abc-latina.com\/mexique\/agence_de_voyages\">Agences de voyage g\u00e9n\u00e9ralistes et discounteurs<\/a><\/div>\n<div><a href=\"https:\/\/www.abc-latina.com\/mexique\/tour_operateur\">Tours Op\u00e9rateurs sp\u00e9cialistes du Mexique<\/a><\/div>\n<div><a href=\"https:\/\/www.abc-latina.com\/to\/reservation_billet_avion\" target=\"_blank\">R\u00e9servez votre billet d&rsquo;avion<\/a><\/div>\n<div><a href=\"https:\/\/www.abc-latina.com\/mexique\/hotels\">R\u00e9servez votre h\u00f4tel \u00e0 Mexico<\/a>&nbsp;<\/div>\n<div><a href=\"https:\/\/www.abc-latina.com\/to\/location_de_voiture_mexique\" target=\"_blank\">Location de voiture<\/a><\/div>\n<p>&nbsp;<\/p>\n","protected":false},"excerpt":{"rendered":"<p>Les ruines de Teotihuac\u00e1n sont parmi les plus remarquables du Mexique. Quoique le lieu f\u00fbt habit\u00e9 vers 500 ans av. [&hellip;]<\/p>\n","protected":false},"author":3,"featured_media":348,"parent":2308,"menu_order":0,"comment_status":"closed","ping_status":"closed","template":"","meta":{"site-sidebar-layout":"default","site-content-layout":"","ast-site-content-layout":"default","site-content-style":"default","site-sidebar-style":"default","ast-global-header-display":"","ast-banner-title-visibility":"","ast-main-header-display":"","ast-hfb-above-header-display":"","ast-hfb-below-header-display":"","ast-hfb-mobile-header-display":"","site-post-title":"","ast-breadcrumbs-content":"","ast-featured-img":"","footer-sml-layout":"","ast-disable-related-posts":"","theme-transparent-header-meta":"","adv-header-id-meta":"","stick-header-meta":"","header-above-stick-meta":"","header-main-stick-meta":"","header-below-stick-meta":"","astra-migrate-meta-layouts":"default","ast-page-background-enabled":"default","ast-page-background-meta":{"desktop":{"background-color":"var(--ast-global-color-5)","background-image":"","background-repeat":"repeat","background-position":"center center","background-size":"auto","background-attachment":"scroll","background-type":"","background-media":"","overlay-type":"","overlay-color":"","overlay-opacity":"","overlay-gradient":""},"tablet":{"background-color":"","background-image":"","background-repeat":"repeat","background-position":"center center","background-size":"auto","background-attachment":"scroll","background-type":"","background-media":"","overlay-type":"","overlay-color":"","overlay-opacity":"","overlay-gradient":""},"mobile":{"background-color":"","background-image":"","background-repeat":"repeat","background-position":"center center","background-size":"auto","background-attachment":"scroll","background-type":"","background-media":"","overlay-type":"","overlay-color":"","overlay-opacity":"","overlay-gradient":""}},"ast-content-background-meta":{"desktop":{"background-color":"var(--ast-global-color-4)","background-image":"","background-repeat":"repeat","background-position":"center center","background-size":"auto","background-attachment":"scroll","background-type":"","background-media":"","overlay-type":"","overlay-color":"","overlay-opacity":"","overlay-gradient":""},"tablet":{"background-color":"var(--ast-global-color-4)","background-image":"","background-repeat":"repeat","background-position":"center center","background-size":"auto","background-attachment":"scroll","background-type":"","background-media":"","overlay-type":"","overlay-color":"","overlay-opacity":"","overlay-gradient":""},"mobile":{"background-color":"var(--ast-global-color-4)","background-image":"","background-repeat":"repeat","background-position":"center center","background-size":"auto","background-attachment":"scroll","background-type":"","background-media":"","overlay-type":"","overlay-color":"","overlay-opacity":"","overlay-gradient":""}},"footnotes":""},"class_list":["post-349","page","type-page","status-publish","has-post-thumbnail","hentry"],"yoast_head":"<!-- This site is optimized with the Yoast SEO plugin v27.5 - https:\/\/yoast.com\/product\/yoast-seo-wordpress\/ -->\n<title>TEOTIHUACAN - Abc-latina<\/title>\n<meta name=\"description\" content=\"Les ruines de Teotihuac\u00e1n sont parmi les plus remarquables du Mexique. Lors de son apog\u00e9e, Teotihuac\u00e1n avait une population de plus de 200 000 \u00e2mes.\" \/>\n<meta name=\"robots\" content=\"index, follow, max-snippet:-1, max-image-preview:large, max-video-preview:-1\" \/>\n<link rel=\"canonical\" href=\"https:\/\/abc-latina.com\/mexique\/teotihuacan\/\" \/>\n<meta property=\"og:locale\" content=\"fr_FR\" \/>\n<meta property=\"og:type\" content=\"article\" \/>\n<meta property=\"og:title\" content=\"TEOTIHUACAN - Abc-latina\" \/>\n<meta property=\"og:description\" content=\"Les ruines de Teotihuac\u00e1n sont parmi les plus remarquables du Mexique. Lors de son apog\u00e9e, Teotihuac\u00e1n avait une population de plus de 200 000 \u00e2mes.\" \/>\n<meta property=\"og:url\" content=\"https:\/\/abc-latina.com\/mexique\/teotihuacan\/\" \/>\n<meta property=\"og:site_name\" content=\"Abc-latina\" \/>\n<meta property=\"article:modified_time\" content=\"2018-06-10T17:30:22+00:00\" \/>\n<meta property=\"og:image\" content=\"https:\/\/abc-latina.com\/wp-content\/uploads\/2010\/06\/teotihuacan.jpg\" \/>\n\t<meta property=\"og:image:width\" content=\"250\" \/>\n\t<meta property=\"og:image:height\" content=\"250\" \/>\n\t<meta property=\"og:image:type\" content=\"image\/jpeg\" \/>\n<meta name=\"twitter:card\" content=\"summary_large_image\" \/>\n<meta name=\"twitter:label1\" content=\"Dur\u00e9e de lecture estim\u00e9e\" \/>\n\t<meta name=\"twitter:data1\" content=\"2 minutes\" \/>\n<script type=\"application\/ld+json\" class=\"yoast-schema-graph\">{\"@context\":\"https:\\\/\\\/schema.org\",\"@graph\":[{\"@type\":\"WebPage\",\"@id\":\"https:\\\/\\\/abc-latina.com\\\/mexique\\\/teotihuacan\\\/\",\"url\":\"https:\\\/\\\/abc-latina.com\\\/mexique\\\/teotihuacan\\\/\",\"name\":\"TEOTIHUACAN - Abc-latina\",\"isPartOf\":{\"@id\":\"https:\\\/\\\/abc-latina.com\\\/#website\"},\"primaryImageOfPage\":{\"@id\":\"https:\\\/\\\/abc-latina.com\\\/mexique\\\/teotihuacan\\\/#primaryimage\"},\"image\":{\"@id\":\"https:\\\/\\\/abc-latina.com\\\/mexique\\\/teotihuacan\\\/#primaryimage\"},\"thumbnailUrl\":\"https:\\\/\\\/abc-latina.com\\\/wp-content\\\/uploads\\\/2010\\\/06\\\/teotihuacan.jpg\",\"datePublished\":\"2010-06-05T21:43:55+00:00\",\"dateModified\":\"2018-06-10T17:30:22+00:00\",\"description\":\"Les ruines de Teotihuac\u00e1n sont parmi les plus remarquables du Mexique. Lors de son apog\u00e9e, Teotihuac\u00e1n avait une population de plus de 200 000 \u00e2mes.\",\"breadcrumb\":{\"@id\":\"https:\\\/\\\/abc-latina.com\\\/mexique\\\/teotihuacan\\\/#breadcrumb\"},\"inLanguage\":\"fr-FR\",\"potentialAction\":[{\"@type\":\"ReadAction\",\"target\":[\"https:\\\/\\\/abc-latina.com\\\/mexique\\\/teotihuacan\\\/\"]}]},{\"@type\":\"ImageObject\",\"inLanguage\":\"fr-FR\",\"@id\":\"https:\\\/\\\/abc-latina.com\\\/mexique\\\/teotihuacan\\\/#primaryimage\",\"url\":\"https:\\\/\\\/abc-latina.com\\\/wp-content\\\/uploads\\\/2010\\\/06\\\/teotihuacan.jpg\",\"contentUrl\":\"https:\\\/\\\/abc-latina.com\\\/wp-content\\\/uploads\\\/2010\\\/06\\\/teotihuacan.jpg\",\"width\":250,\"height\":250,\"caption\":\"TEOTIHUACAN\"},{\"@type\":\"BreadcrumbList\",\"@id\":\"https:\\\/\\\/abc-latina.com\\\/mexique\\\/teotihuacan\\\/#breadcrumb\",\"itemListElement\":[{\"@type\":\"ListItem\",\"position\":1,\"name\":\"Accueil\",\"item\":\"https:\\\/\\\/abc-latina.com\\\/\"},{\"@type\":\"ListItem\",\"position\":2,\"name\":\"TEOTIHUACAN\"}]},{\"@type\":\"WebSite\",\"@id\":\"https:\\\/\\\/abc-latina.com\\\/#website\",\"url\":\"https:\\\/\\\/abc-latina.com\\\/\",\"name\":\"Abc-latina\",\"description\":\"\",\"publisher\":{\"@id\":\"https:\\\/\\\/abc-latina.com\\\/#organization\"},\"potentialAction\":[{\"@type\":\"SearchAction\",\"target\":{\"@type\":\"EntryPoint\",\"urlTemplate\":\"https:\\\/\\\/abc-latina.com\\\/?s={search_term_string}\"},\"query-input\":{\"@type\":\"PropertyValueSpecification\",\"valueRequired\":true,\"valueName\":\"search_term_string\"}}],\"inLanguage\":\"fr-FR\"},{\"@type\":\"Organization\",\"@id\":\"https:\\\/\\\/abc-latina.com\\\/#organization\",\"name\":\"Abc-latina\",\"url\":\"https:\\\/\\\/abc-latina.com\\\/\",\"logo\":{\"@type\":\"ImageObject\",\"inLanguage\":\"fr-FR\",\"@id\":\"https:\\\/\\\/abc-latina.com\\\/#\\\/schema\\\/logo\\\/image\\\/\",\"url\":\"https:\\\/\\\/abc-latina.com\\\/wp-content\\\/uploads\\\/2026\\\/05\\\/cropped-logo.gif\",\"contentUrl\":\"https:\\\/\\\/abc-latina.com\\\/wp-content\\\/uploads\\\/2026\\\/05\\\/cropped-logo.gif\",\"width\":89,\"height\":84,\"caption\":\"Abc-latina\"},\"image\":{\"@id\":\"https:\\\/\\\/abc-latina.com\\\/#\\\/schema\\\/logo\\\/image\\\/\"}}]}<\/script>\n<!-- \/ Yoast SEO plugin. -->","yoast_head_json":{"title":"TEOTIHUACAN - Abc-latina","description":"Les ruines de Teotihuac\u00e1n sont parmi les plus remarquables du Mexique. Lors de son apog\u00e9e, Teotihuac\u00e1n avait une population de plus de 200 000 \u00e2mes.","robots":{"index":"index","follow":"follow","max-snippet":"max-snippet:-1","max-image-preview":"max-image-preview:large","max-video-preview":"max-video-preview:-1"},"canonical":"https:\/\/abc-latina.com\/mexique\/teotihuacan\/","og_locale":"fr_FR","og_type":"article","og_title":"TEOTIHUACAN - Abc-latina","og_description":"Les ruines de Teotihuac\u00e1n sont parmi les plus remarquables du Mexique. Lors de son apog\u00e9e, Teotihuac\u00e1n avait une population de plus de 200 000 \u00e2mes.","og_url":"https:\/\/abc-latina.com\/mexique\/teotihuacan\/","og_site_name":"Abc-latina","article_modified_time":"2018-06-10T17:30:22+00:00","og_image":[{"width":250,"height":250,"url":"https:\/\/abc-latina.com\/wp-content\/uploads\/2010\/06\/teotihuacan.jpg","type":"image\/jpeg"}],"twitter_card":"summary_large_image","twitter_misc":{"Dur\u00e9e de lecture estim\u00e9e":"2 minutes"},"schema":{"@context":"https:\/\/schema.org","@graph":[{"@type":"WebPage","@id":"https:\/\/abc-latina.com\/mexique\/teotihuacan\/","url":"https:\/\/abc-latina.com\/mexique\/teotihuacan\/","name":"TEOTIHUACAN - Abc-latina","isPartOf":{"@id":"https:\/\/abc-latina.com\/#website"},"primaryImageOfPage":{"@id":"https:\/\/abc-latina.com\/mexique\/teotihuacan\/#primaryimage"},"image":{"@id":"https:\/\/abc-latina.com\/mexique\/teotihuacan\/#primaryimage"},"thumbnailUrl":"https:\/\/abc-latina.com\/wp-content\/uploads\/2010\/06\/teotihuacan.jpg","datePublished":"2010-06-05T21:43:55+00:00","dateModified":"2018-06-10T17:30:22+00:00","description":"Les ruines de Teotihuac\u00e1n sont parmi les plus remarquables du Mexique. Lors de son apog\u00e9e, Teotihuac\u00e1n avait une population de plus de 200 000 \u00e2mes.","breadcrumb":{"@id":"https:\/\/abc-latina.com\/mexique\/teotihuacan\/#breadcrumb"},"inLanguage":"fr-FR","potentialAction":[{"@type":"ReadAction","target":["https:\/\/abc-latina.com\/mexique\/teotihuacan\/"]}]},{"@type":"ImageObject","inLanguage":"fr-FR","@id":"https:\/\/abc-latina.com\/mexique\/teotihuacan\/#primaryimage","url":"https:\/\/abc-latina.com\/wp-content\/uploads\/2010\/06\/teotihuacan.jpg","contentUrl":"https:\/\/abc-latina.com\/wp-content\/uploads\/2010\/06\/teotihuacan.jpg","width":250,"height":250,"caption":"TEOTIHUACAN"},{"@type":"BreadcrumbList","@id":"https:\/\/abc-latina.com\/mexique\/teotihuacan\/#breadcrumb","itemListElement":[{"@type":"ListItem","position":1,"name":"Accueil","item":"https:\/\/abc-latina.com\/"},{"@type":"ListItem","position":2,"name":"TEOTIHUACAN"}]},{"@type":"WebSite","@id":"https:\/\/abc-latina.com\/#website","url":"https:\/\/abc-latina.com\/","name":"Abc-latina","description":"","publisher":{"@id":"https:\/\/abc-latina.com\/#organization"},"potentialAction":[{"@type":"SearchAction","target":{"@type":"EntryPoint","urlTemplate":"https:\/\/abc-latina.com\/?s={search_term_string}"},"query-input":{"@type":"PropertyValueSpecification","valueRequired":true,"valueName":"search_term_string"}}],"inLanguage":"fr-FR"},{"@type":"Organization","@id":"https:\/\/abc-latina.com\/#organization","name":"Abc-latina","url":"https:\/\/abc-latina.com\/","logo":{"@type":"ImageObject","inLanguage":"fr-FR","@id":"https:\/\/abc-latina.com\/#\/schema\/logo\/image\/","url":"https:\/\/abc-latina.com\/wp-content\/uploads\/2026\/05\/cropped-logo.gif","contentUrl":"https:\/\/abc-latina.com\/wp-content\/uploads\/2026\/05\/cropped-logo.gif","width":89,"height":84,"caption":"Abc-latina"},"image":{"@id":"https:\/\/abc-latina.com\/#\/schema\/logo\/image\/"}}]}},"_links":{"self":[{"href":"https:\/\/abc-latina.com\/wp-json\/wp\/v2\/pages\/349","targetHints":{"allow":["GET"]}}],"collection":[{"href":"https:\/\/abc-latina.com\/wp-json\/wp\/v2\/pages"}],"about":[{"href":"https:\/\/abc-latina.com\/wp-json\/wp\/v2\/types\/page"}],"author":[{"embeddable":true,"href":"https:\/\/abc-latina.com\/wp-json\/wp\/v2\/users\/3"}],"replies":[{"embeddable":true,"href":"https:\/\/abc-latina.com\/wp-json\/wp\/v2\/comments?post=349"}],"version-history":[{"count":0,"href":"https:\/\/abc-latina.com\/wp-json\/wp\/v2\/pages\/349\/revisions"}],"up":[{"embeddable":true,"href":"https:\/\/abc-latina.com\/wp-json\/wp\/v2\/pages\/2308"}],"wp:featuredmedia":[{"embeddable":true,"href":"https:\/\/abc-latina.com\/wp-json\/wp\/v2\/media\/348"}],"wp:attachment":[{"href":"https:\/\/abc-latina.com\/wp-json\/wp\/v2\/media?parent=349"}],"curies":[{"name":"wp","href":"https:\/\/api.w.org\/{rel}","templated":true}]}}