{"id":351,"date":"2010-06-05T23:45:58","date_gmt":"2010-06-05T21:45:58","guid":{"rendered":"http:\/\/abc-latina.com\/uxmal-htm\/"},"modified":"2018-06-10T19:27:59","modified_gmt":"2018-06-10T17:27:59","slug":"uxmal","status":"publish","type":"page","link":"https:\/\/abc-latina.com\/mexique\/uxmal\/","title":{"rendered":"UXMAL"},"content":{"rendered":"<div><img loading=\"lazy\" decoding=\"async\" class=\" alignright size-full wp-image-350\" src=\"http:\/\/abc-latina.com\/wp-content\/uploads\/2010\/06\/uxmal.jpg\" title=\"UXMAL\" alt=\"\" width=\"250\" vspace=\"9\" hspace=\"9\" height=\"230\" align=\"right\" \/>Le site arch\u00e9ologique d&rsquo; <span class=\"tourisme-chapitre\">Uxmal <\/span>est souvent compar\u00e9 \u00e0 celui de <a href=\"https:\/\/www.abc-latina.com\/mexique\/voyages\/chichen_itza\">Chich\u00e9n Itz\u00e1<\/a>. Si les ruines d&rsquo;Uxmal sont moins impressionnantes, elles sont par contre plus belles \u00e0 quelques \u00e9gards et plus pures dans leur style <a href=\"https:\/\/www.abc-latina.com\/civilisations\/maya\" target=\"_blank\">maya<\/a>, puisque sans le m\u00e9lange d&rsquo;\u00e9l\u00e9ments tolt\u00e8ques que l&rsquo;on trouve \u00e0 Chich\u00e9n Itz\u00e1. Uxmal fut une ville importante entre les Vlle et IXe si\u00e8cles, \u00e0 la m\u00eame \u00e9poque que <a href=\"https:\/\/www.abc-latina.com\/mexique\/voyages\/palenque\">Palenque<\/a> et <a href=\"https:\/\/www.abc-latina.com\/guatemala\/voyages\/tikal\">Tikal<\/a>. Son nom maya signifie &quot; reconstruite trois fois &quot; ; les arch\u00e9ologues ont pu cependant d\u00e9terminer cinq p\u00e9riodes de construction.&nbsp;<\/p>\n<div>&nbsp;<\/div>\n<div>L&rsquo;image de Cha&rsquo;ac, le dieu de l&rsquo;eau, appara\u00eet souvent sur les masques et sculptures, un reflet \u00e9vident du manque d&rsquo;eau dans ce secteur, la seule partie du Yucat\u00e1n o\u00f9 l&rsquo;on trouve des collines. Sur le site, vous pourrez admirer des mosa\u00efques complexes en pierre, des frises int\u00e9ressantes sur la partie sup\u00e9rieure des murs et des rang\u00e9es de colonnes et d&rsquo;arches vo\u00fbt\u00e9es.<\/div>\n<div>&nbsp;<\/div>\n<div>A l&rsquo;entr\u00e9e du site, la pyramide del Adivino (pyramide du Devin), haute de 40 m, repose sur une base de forme ovale. On y monte par un escalier assez raide, mais flanqu\u00e9 d&rsquo;une rampe. Le sommet offre un excellent point de vue sur le reste du site.&nbsp;<\/div>\n<div>&nbsp;<\/div>\n<div>A proximit\u00e9 se trouve la cour du Couvent, une s\u00e9rie de quatre temples qui font face \u00e0 une cour centrale. Ces temples sont d\u00e9cor\u00e9s de masques, d&rsquo;images de serpents et de motifs g\u00e9om\u00e9triques. Les quatre \u00e9difices comportent au total 74 salles qui, selon les arch\u00e9ologues, formaient soit un palais r\u00e9sidentiel soit une \u00e9cole royale ou militaire.<\/div>\n<div>&nbsp;<\/div>\n<div>Au sud de cet ensemble se trouvent les vestiges d&rsquo;un jeu de balles puis le grand et \u00e9l\u00e9gant palais du Gouverneur long de presque 100 m et qui se pare de motifs g\u00e9om\u00e9triques compos\u00e9s de plus de 20.000 pierres sculpt\u00e9s. On peut en outre discerner des images de serpents et des visages humains.&nbsp;<\/div>\n<div><a href=\"..\/tour_operateur\" target=\"_blank\"><img loading=\"lazy\" decoding=\"async\" class=\" size-full wp-image-41\" alt=\"\" class=\"touroperateur\" src=\"http:\/\/abc-latina.com\/wp-content\/uploads\/2010\/04\/timbre_to.gif\" width=\"125\" height=\"90\" \/><\/a><\/div>\n<div>Tout pr\u00e8s du palais, se trouve la maison des Tortues, ainsi nomm\u00e9e en raison des sculptures qui ornent sa corniche, et la Grande Pyramide, qui n&rsquo;a \u00e9t\u00e9 restaur\u00e9e que partiellement, dont le toit est perc\u00e9 de petites niches probablement destin\u00e9es \u00e0 des observations astronomiques.<\/div>\n<div>&nbsp;<\/div>\n<div>L&rsquo;abandon de Uxmal semble d\u00fb au manque d&rsquo;eau, mais cela reste une des nombreuses hypoth\u00e8ses.<\/div>\n<div>Au environ de 20 heures, un spectacle de son et lumi\u00e8re est propos\u00e9. Vous pourrez trouver \u00e0 l&rsquo;entr\u00e9e du site des casques vous permettant d&rsquo;\u00e9couter les commentaires en fran\u00e7ais et autres langues.<\/div>\n<div>&nbsp;<\/div>\n<div><a href=\"https:\/\/www.abc-latina.com\/mexique\/plan_uxmal.php\">Plan du site arch\u00e9ologique de Uxmal<\/a><\/div>\n<h3>Pr\u00e9parez votre voyage \u00e0 Uxmal:<\/h3>\n<div><a href=\"https:\/\/www.abc-latina.com\/mexique\/agence_de_voyages\">Agences de voyage g\u00e9n\u00e9ralistes et discounteurs<\/a><\/div>\n<div><a href=\"https:\/\/www.abc-latina.com\/mexique\/tour_operateur\">Tours Op\u00e9rateurs sp\u00e9cialistes du Mexique<\/a><\/div>\n<div><a href=\"https:\/\/www.abc-latina.com\/to\/reservation_billet_avion\" target=\"_blank\">R\u00e9servez votre billet d&rsquo;avion<\/a><\/div>\n<div><a href=\"https:\/\/www.abc-latina.com\/mexique\/hotels\">R\u00e9servez votre h\u00f4tel \u00e0 Uxmal<\/a>&nbsp;<\/div>\n<div><a href=\"https:\/\/www.abc-latina.com\/to\/location_de_voiture_mexique\" target=\"_blank\">Location de voiture<\/a><\/div>\n<p>&nbsp;<\/p>\n<\/div>\n","protected":false},"excerpt":{"rendered":"<p>Le site arch\u00e9ologique d&rsquo; Uxmal est souvent compar\u00e9 \u00e0 celui de Chich\u00e9n Itz\u00e1. Si les ruines d&rsquo;Uxmal sont moins impressionnantes, [&hellip;]<\/p>\n","protected":false},"author":3,"featured_media":350,"parent":2308,"menu_order":0,"comment_status":"closed","ping_status":"closed","template":"","meta":{"site-sidebar-layout":"default","site-content-layout":"","ast-site-content-layout":"default","site-content-style":"default","site-sidebar-style":"default","ast-global-header-display":"","ast-banner-title-visibility":"","ast-main-header-display":"","ast-hfb-above-header-display":"","ast-hfb-below-header-display":"","ast-hfb-mobile-header-display":"","site-post-title":"","ast-breadcrumbs-content":"","ast-featured-img":"","footer-sml-layout":"","ast-disable-related-posts":"","theme-transparent-header-meta":"","adv-header-id-meta":"","stick-header-meta":"","header-above-stick-meta":"","header-main-stick-meta":"","header-below-stick-meta":"","astra-migrate-meta-layouts":"default","ast-page-background-enabled":"default","ast-page-background-meta":{"desktop":{"background-color":"var(--ast-global-color-5)","background-image":"","background-repeat":"repeat","background-position":"center center","background-size":"auto","background-attachment":"scroll","background-type":"","background-media":"","overlay-type":"","overlay-color":"","overlay-opacity":"","overlay-gradient":""},"tablet":{"background-color":"","background-image":"","background-repeat":"repeat","background-position":"center center","background-size":"auto","background-attachment":"scroll","background-type":"","background-media":"","overlay-type":"","overlay-color":"","overlay-opacity":"","overlay-gradient":""},"mobile":{"background-color":"","background-image":"","background-repeat":"repeat","background-position":"center center","background-size":"auto","background-attachment":"scroll","background-type":"","background-media":"","overlay-type":"","overlay-color":"","overlay-opacity":"","overlay-gradient":""}},"ast-content-background-meta":{"desktop":{"background-color":"var(--ast-global-color-4)","background-image":"","background-repeat":"repeat","background-position":"center center","background-size":"auto","background-attachment":"scroll","background-type":"","background-media":"","overlay-type":"","overlay-color":"","overlay-opacity":"","overlay-gradient":""},"tablet":{"background-color":"var(--ast-global-color-4)","background-image":"","background-repeat":"repeat","background-position":"center center","background-size":"auto","background-attachment":"scroll","background-type":"","background-media":"","overlay-type":"","overlay-color":"","overlay-opacity":"","overlay-gradient":""},"mobile":{"background-color":"var(--ast-global-color-4)","background-image":"","background-repeat":"repeat","background-position":"center center","background-size":"auto","background-attachment":"scroll","background-type":"","background-media":"","overlay-type":"","overlay-color":"","overlay-opacity":"","overlay-gradient":""}},"footnotes":""},"class_list":["post-351","page","type-page","status-publish","has-post-thumbnail","hentry"],"yoast_head":"<!-- This site is optimized with the Yoast SEO plugin v27.5 - https:\/\/yoast.com\/product\/yoast-seo-wordpress\/ -->\n<title>UXMAL - Abc-latina<\/title>\n<meta name=\"description\" content=\"Le Mexique vu sous l&#039;angle touristique, visite de Uxmal.\" \/>\n<meta name=\"robots\" content=\"index, follow, max-snippet:-1, max-image-preview:large, max-video-preview:-1\" \/>\n<link rel=\"canonical\" href=\"https:\/\/abc-latina.com\/mexique\/uxmal\/\" \/>\n<meta property=\"og:locale\" content=\"fr_FR\" \/>\n<meta property=\"og:type\" content=\"article\" \/>\n<meta property=\"og:title\" content=\"UXMAL - Abc-latina\" \/>\n<meta property=\"og:description\" content=\"Le Mexique vu sous l&#039;angle touristique, visite de Uxmal.\" \/>\n<meta property=\"og:url\" content=\"https:\/\/abc-latina.com\/mexique\/uxmal\/\" \/>\n<meta property=\"og:site_name\" content=\"Abc-latina\" \/>\n<meta property=\"article:modified_time\" content=\"2018-06-10T17:27:59+00:00\" \/>\n<meta property=\"og:image\" content=\"https:\/\/abc-latina.com\/wp-content\/uploads\/2010\/06\/uxmal.jpg\" \/>\n\t<meta property=\"og:image:width\" content=\"250\" \/>\n\t<meta property=\"og:image:height\" content=\"230\" \/>\n\t<meta property=\"og:image:type\" content=\"image\/jpeg\" \/>\n<meta name=\"twitter:card\" content=\"summary_large_image\" \/>\n<meta name=\"twitter:label1\" content=\"Dur\u00e9e de lecture estim\u00e9e\" \/>\n\t<meta name=\"twitter:data1\" content=\"2 minutes\" \/>\n<script type=\"application\/ld+json\" class=\"yoast-schema-graph\">{\"@context\":\"https:\\\/\\\/schema.org\",\"@graph\":[{\"@type\":\"WebPage\",\"@id\":\"https:\\\/\\\/abc-latina.com\\\/mexique\\\/uxmal\\\/\",\"url\":\"https:\\\/\\\/abc-latina.com\\\/mexique\\\/uxmal\\\/\",\"name\":\"UXMAL - Abc-latina\",\"isPartOf\":{\"@id\":\"https:\\\/\\\/abc-latina.com\\\/#website\"},\"primaryImageOfPage\":{\"@id\":\"https:\\\/\\\/abc-latina.com\\\/mexique\\\/uxmal\\\/#primaryimage\"},\"image\":{\"@id\":\"https:\\\/\\\/abc-latina.com\\\/mexique\\\/uxmal\\\/#primaryimage\"},\"thumbnailUrl\":\"https:\\\/\\\/abc-latina.com\\\/wp-content\\\/uploads\\\/2010\\\/06\\\/uxmal.jpg\",\"datePublished\":\"2010-06-05T21:45:58+00:00\",\"dateModified\":\"2018-06-10T17:27:59+00:00\",\"description\":\"Le Mexique vu sous l'angle touristique, visite de Uxmal.\",\"breadcrumb\":{\"@id\":\"https:\\\/\\\/abc-latina.com\\\/mexique\\\/uxmal\\\/#breadcrumb\"},\"inLanguage\":\"fr-FR\",\"potentialAction\":[{\"@type\":\"ReadAction\",\"target\":[\"https:\\\/\\\/abc-latina.com\\\/mexique\\\/uxmal\\\/\"]}]},{\"@type\":\"ImageObject\",\"inLanguage\":\"fr-FR\",\"@id\":\"https:\\\/\\\/abc-latina.com\\\/mexique\\\/uxmal\\\/#primaryimage\",\"url\":\"https:\\\/\\\/abc-latina.com\\\/wp-content\\\/uploads\\\/2010\\\/06\\\/uxmal.jpg\",\"contentUrl\":\"https:\\\/\\\/abc-latina.com\\\/wp-content\\\/uploads\\\/2010\\\/06\\\/uxmal.jpg\",\"width\":250,\"height\":230,\"caption\":\"UXMAL\"},{\"@type\":\"BreadcrumbList\",\"@id\":\"https:\\\/\\\/abc-latina.com\\\/mexique\\\/uxmal\\\/#breadcrumb\",\"itemListElement\":[{\"@type\":\"ListItem\",\"position\":1,\"name\":\"Accueil\",\"item\":\"https:\\\/\\\/abc-latina.com\\\/\"},{\"@type\":\"ListItem\",\"position\":2,\"name\":\"UXMAL\"}]},{\"@type\":\"WebSite\",\"@id\":\"https:\\\/\\\/abc-latina.com\\\/#website\",\"url\":\"https:\\\/\\\/abc-latina.com\\\/\",\"name\":\"Abc-latina\",\"description\":\"\",\"publisher\":{\"@id\":\"https:\\\/\\\/abc-latina.com\\\/#organization\"},\"potentialAction\":[{\"@type\":\"SearchAction\",\"target\":{\"@type\":\"EntryPoint\",\"urlTemplate\":\"https:\\\/\\\/abc-latina.com\\\/?s={search_term_string}\"},\"query-input\":{\"@type\":\"PropertyValueSpecification\",\"valueRequired\":true,\"valueName\":\"search_term_string\"}}],\"inLanguage\":\"fr-FR\"},{\"@type\":\"Organization\",\"@id\":\"https:\\\/\\\/abc-latina.com\\\/#organization\",\"name\":\"Abc-latina\",\"url\":\"https:\\\/\\\/abc-latina.com\\\/\",\"logo\":{\"@type\":\"ImageObject\",\"inLanguage\":\"fr-FR\",\"@id\":\"https:\\\/\\\/abc-latina.com\\\/#\\\/schema\\\/logo\\\/image\\\/\",\"url\":\"https:\\\/\\\/abc-latina.com\\\/wp-content\\\/uploads\\\/2026\\\/05\\\/cropped-logo.gif\",\"contentUrl\":\"https:\\\/\\\/abc-latina.com\\\/wp-content\\\/uploads\\\/2026\\\/05\\\/cropped-logo.gif\",\"width\":89,\"height\":84,\"caption\":\"Abc-latina\"},\"image\":{\"@id\":\"https:\\\/\\\/abc-latina.com\\\/#\\\/schema\\\/logo\\\/image\\\/\"}}]}<\/script>\n<!-- \/ Yoast SEO plugin. -->","yoast_head_json":{"title":"UXMAL - Abc-latina","description":"Le Mexique vu sous l'angle touristique, visite de Uxmal.","robots":{"index":"index","follow":"follow","max-snippet":"max-snippet:-1","max-image-preview":"max-image-preview:large","max-video-preview":"max-video-preview:-1"},"canonical":"https:\/\/abc-latina.com\/mexique\/uxmal\/","og_locale":"fr_FR","og_type":"article","og_title":"UXMAL - Abc-latina","og_description":"Le Mexique vu sous l'angle touristique, visite de Uxmal.","og_url":"https:\/\/abc-latina.com\/mexique\/uxmal\/","og_site_name":"Abc-latina","article_modified_time":"2018-06-10T17:27:59+00:00","og_image":[{"width":250,"height":230,"url":"https:\/\/abc-latina.com\/wp-content\/uploads\/2010\/06\/uxmal.jpg","type":"image\/jpeg"}],"twitter_card":"summary_large_image","twitter_misc":{"Dur\u00e9e de lecture estim\u00e9e":"2 minutes"},"schema":{"@context":"https:\/\/schema.org","@graph":[{"@type":"WebPage","@id":"https:\/\/abc-latina.com\/mexique\/uxmal\/","url":"https:\/\/abc-latina.com\/mexique\/uxmal\/","name":"UXMAL - Abc-latina","isPartOf":{"@id":"https:\/\/abc-latina.com\/#website"},"primaryImageOfPage":{"@id":"https:\/\/abc-latina.com\/mexique\/uxmal\/#primaryimage"},"image":{"@id":"https:\/\/abc-latina.com\/mexique\/uxmal\/#primaryimage"},"thumbnailUrl":"https:\/\/abc-latina.com\/wp-content\/uploads\/2010\/06\/uxmal.jpg","datePublished":"2010-06-05T21:45:58+00:00","dateModified":"2018-06-10T17:27:59+00:00","description":"Le Mexique vu sous l'angle touristique, visite de Uxmal.","breadcrumb":{"@id":"https:\/\/abc-latina.com\/mexique\/uxmal\/#breadcrumb"},"inLanguage":"fr-FR","potentialAction":[{"@type":"ReadAction","target":["https:\/\/abc-latina.com\/mexique\/uxmal\/"]}]},{"@type":"ImageObject","inLanguage":"fr-FR","@id":"https:\/\/abc-latina.com\/mexique\/uxmal\/#primaryimage","url":"https:\/\/abc-latina.com\/wp-content\/uploads\/2010\/06\/uxmal.jpg","contentUrl":"https:\/\/abc-latina.com\/wp-content\/uploads\/2010\/06\/uxmal.jpg","width":250,"height":230,"caption":"UXMAL"},{"@type":"BreadcrumbList","@id":"https:\/\/abc-latina.com\/mexique\/uxmal\/#breadcrumb","itemListElement":[{"@type":"ListItem","position":1,"name":"Accueil","item":"https:\/\/abc-latina.com\/"},{"@type":"ListItem","position":2,"name":"UXMAL"}]},{"@type":"WebSite","@id":"https:\/\/abc-latina.com\/#website","url":"https:\/\/abc-latina.com\/","name":"Abc-latina","description":"","publisher":{"@id":"https:\/\/abc-latina.com\/#organization"},"potentialAction":[{"@type":"SearchAction","target":{"@type":"EntryPoint","urlTemplate":"https:\/\/abc-latina.com\/?s={search_term_string}"},"query-input":{"@type":"PropertyValueSpecification","valueRequired":true,"valueName":"search_term_string"}}],"inLanguage":"fr-FR"},{"@type":"Organization","@id":"https:\/\/abc-latina.com\/#organization","name":"Abc-latina","url":"https:\/\/abc-latina.com\/","logo":{"@type":"ImageObject","inLanguage":"fr-FR","@id":"https:\/\/abc-latina.com\/#\/schema\/logo\/image\/","url":"https:\/\/abc-latina.com\/wp-content\/uploads\/2026\/05\/cropped-logo.gif","contentUrl":"https:\/\/abc-latina.com\/wp-content\/uploads\/2026\/05\/cropped-logo.gif","width":89,"height":84,"caption":"Abc-latina"},"image":{"@id":"https:\/\/abc-latina.com\/#\/schema\/logo\/image\/"}}]}},"_links":{"self":[{"href":"https:\/\/abc-latina.com\/wp-json\/wp\/v2\/pages\/351","targetHints":{"allow":["GET"]}}],"collection":[{"href":"https:\/\/abc-latina.com\/wp-json\/wp\/v2\/pages"}],"about":[{"href":"https:\/\/abc-latina.com\/wp-json\/wp\/v2\/types\/page"}],"author":[{"embeddable":true,"href":"https:\/\/abc-latina.com\/wp-json\/wp\/v2\/users\/3"}],"replies":[{"embeddable":true,"href":"https:\/\/abc-latina.com\/wp-json\/wp\/v2\/comments?post=351"}],"version-history":[{"count":0,"href":"https:\/\/abc-latina.com\/wp-json\/wp\/v2\/pages\/351\/revisions"}],"up":[{"embeddable":true,"href":"https:\/\/abc-latina.com\/wp-json\/wp\/v2\/pages\/2308"}],"wp:featuredmedia":[{"embeddable":true,"href":"https:\/\/abc-latina.com\/wp-json\/wp\/v2\/media\/350"}],"wp:attachment":[{"href":"https:\/\/abc-latina.com\/wp-json\/wp\/v2\/media?parent=351"}],"curies":[{"name":"wp","href":"https:\/\/api.w.org\/{rel}","templated":true}]}}