{"id":353,"date":"2010-06-05T23:47:58","date_gmt":"2010-06-05T21:47:58","guid":{"rendered":"http:\/\/abc-latina.com\/valladolid-htm\/"},"modified":"2018-06-10T19:27:10","modified_gmt":"2018-06-10T17:27:10","slug":"valladolid","status":"publish","type":"page","link":"https:\/\/abc-latina.com\/mexique\/valladolid\/","title":{"rendered":"VALLADOLID"},"content":{"rendered":"<div><img loading=\"lazy\" decoding=\"async\" class=\" alignright size-full wp-image-352\" src=\"http:\/\/abc-latina.com\/wp-content\/uploads\/2010\/06\/valladolid.jpg\" title=\"VALLADOLID\" alt=\"\" width=\"250\" vspace=\"9\" hspace=\"9\" height=\"250\" align=\"right\" srcset=\"https:\/\/abc-latina.com\/wp-content\/uploads\/2010\/06\/valladolid.jpg 250w, https:\/\/abc-latina.com\/wp-content\/uploads\/2010\/06\/valladolid-150x150.jpg 150w\" sizes=\"auto, (max-width: 250px) 100vw, 250px\" \/>Situ\u00e9e \u00e0 mi-chemin entre <a href=\"https:\/\/www.abc-latina.com\/mexique\/voyages\/merida\">M\u00e9rida<\/a> et <a href=\"https:\/\/www.abc-latina.com\/mexique\/voyages\/cancun\">Canc\u00fan<\/a>, <span class=\"tourisme-chapitre\">Valladolid <\/span>se pr\u00e9sente comme une vieille ville coloniale qui offre aux visiteurs une ambiance agr\u00e9able ainsi que quelques attraits modestes, entre autres des \u00e9glises et des maisons des XVIe et XVIIe si\u00e8cles. Valladolid constitue par ailleurs un excellent point de d\u00e9part vers les ruines de <a href=\"https:\/\/www.abc-latina.com\/mexique\/voyages\/chichen_itza\">Chich\u00e9n ltz\u00e1<\/a>, 40 km plus \u00e0 l&rsquo;ouest.&nbsp;<\/p>\n<div>M\u00eame aujourd&rsquo;hui, aussi belles que certaines \u00e9glises puissent \u00eatre sur le plan architectural, leur int\u00e9rieur reste souvent d\u00e9nud\u00e9 et aust\u00e8re. C&rsquo;est le cas, par exemple, de la belle \u00e9glise de San Bernardino de Siena et de l&rsquo;ancien couvent El Sisal, tout \u00e0 c\u00f4t\u00e9. Situ\u00e9es dans la partie ouest de la ville, ces deux constructions furent \u00e9rig\u00e9es \u00e0 partir de 1552 et sont consid\u00e9r\u00e9es comme les plus anciennes du Yucat\u00e1n depuis l&rsquo;arriv\u00e9e des Espagnols. Quelques peintures originales sont quand m\u00eames visibles. La cath\u00e9drale de San Cervacio (il y a plusieurs fa\u00e7ons de l&rsquo;\u00e9crire), qui fait face \u00e0 la place centrale, pr\u00e9sente une belle fa\u00e7ade sculpt\u00e9e, mais un int\u00e9rieur des plus aust\u00e8res.<\/div>\n<div>&nbsp;<\/div>\n<div><a href=\"..\/tour_operateur\" target=\"_blank\"><img loading=\"lazy\" decoding=\"async\" class=\" size-full wp-image-41\" alt=\"\" class=\"touroperateur\" src=\"http:\/\/abc-latina.com\/wp-content\/uploads\/2010\/04\/timbre_to.gif\" width=\"125\" height=\"90\" \/><\/a>Au Yucat\u00e1n, on trouve \u00e7\u00e0 et l\u00e0 des cenotes, soit des endroits o\u00f9 le terrain s&rsquo;est effondr\u00e9 pour r\u00e9v\u00e9ler des sources souterraines.<\/div>\n<div>&nbsp;<\/div>\n<div>On trouve deux cenotes \u00e0 Valladolid. Au Cenote Dzitnup (aussi appel\u00e9 Cenote X- Keken), \u00e0 7 km \u00e0 l&rsquo;ouest du centre-ville, vous pourrez vous baigner dans une grotte aux eaux cristallines surmont\u00e9e d&rsquo;une ouverture qui laisse entrer la lumi\u00e8re du jour. Le Cenote Zaci, en pleine ville, est moins all\u00e9chant avec ses eaux t\u00e9n\u00e9breuses et son \u00e9cume verte, mais il est quand m\u00eame pittoresque.<\/div>\n<h3>Pr\u00e9parez votre voyage \u00e0 Valladolid:<\/h3>\n<div><a href=\"https:\/\/www.abc-latina.com\/mexique\/agence_de_voyages\">Agences de voyage g\u00e9n\u00e9ralistes et discounteurs<\/a><\/div>\n<div><a href=\"https:\/\/www.abc-latina.com\/mexique\/tour_operateur\">Tours Op\u00e9rateurs sp\u00e9cialistes du Mexique<\/a><\/div>\n<div><a href=\"https:\/\/www.abc-latina.com\/to\/reservation_billet_avion\" target=\"_blank\">R\u00e9servez votre billet d&rsquo;avion<\/a><\/div>\n<div><a href=\"https:\/\/www.abc-latina.com\/mexique\/hotels\">R\u00e9servez votre h\u00f4tel \u00e0 Valladolid<\/a>&nbsp;<\/div>\n<div><a href=\"https:\/\/www.abc-latina.com\/to\/location_de_voiture_mexique\" target=\"_blank\">Location de voiture<\/a><\/div>\n<p>&nbsp;<\/p>\n<\/div>\n","protected":false},"excerpt":{"rendered":"<p>Situ\u00e9e \u00e0 mi-chemin entre M\u00e9rida et Canc\u00fan, Valladolid se pr\u00e9sente comme une vieille ville coloniale qui offre aux visiteurs une [&hellip;]<\/p>\n","protected":false},"author":3,"featured_media":352,"parent":2308,"menu_order":0,"comment_status":"closed","ping_status":"closed","template":"","meta":{"site-sidebar-layout":"default","site-content-layout":"","ast-site-content-layout":"default","site-content-style":"default","site-sidebar-style":"default","ast-global-header-display":"","ast-banner-title-visibility":"","ast-main-header-display":"","ast-hfb-above-header-display":"","ast-hfb-below-header-display":"","ast-hfb-mobile-header-display":"","site-post-title":"","ast-breadcrumbs-content":"","ast-featured-img":"","footer-sml-layout":"","ast-disable-related-posts":"","theme-transparent-header-meta":"","adv-header-id-meta":"","stick-header-meta":"","header-above-stick-meta":"","header-main-stick-meta":"","header-below-stick-meta":"","astra-migrate-meta-layouts":"default","ast-page-background-enabled":"default","ast-page-background-meta":{"desktop":{"background-color":"var(--ast-global-color-5)","background-image":"","background-repeat":"repeat","background-position":"center center","background-size":"auto","background-attachment":"scroll","background-type":"","background-media":"","overlay-type":"","overlay-color":"","overlay-opacity":"","overlay-gradient":""},"tablet":{"background-color":"","background-image":"","background-repeat":"repeat","background-position":"center center","background-size":"auto","background-attachment":"scroll","background-type":"","background-media":"","overlay-type":"","overlay-color":"","overlay-opacity":"","overlay-gradient":""},"mobile":{"background-color":"","background-image":"","background-repeat":"repeat","background-position":"center center","background-size":"auto","background-attachment":"scroll","background-type":"","background-media":"","overlay-type":"","overlay-color":"","overlay-opacity":"","overlay-gradient":""}},"ast-content-background-meta":{"desktop":{"background-color":"var(--ast-global-color-4)","background-image":"","background-repeat":"repeat","background-position":"center center","background-size":"auto","background-attachment":"scroll","background-type":"","background-media":"","overlay-type":"","overlay-color":"","overlay-opacity":"","overlay-gradient":""},"tablet":{"background-color":"var(--ast-global-color-4)","background-image":"","background-repeat":"repeat","background-position":"center center","background-size":"auto","background-attachment":"scroll","background-type":"","background-media":"","overlay-type":"","overlay-color":"","overlay-opacity":"","overlay-gradient":""},"mobile":{"background-color":"var(--ast-global-color-4)","background-image":"","background-repeat":"repeat","background-position":"center center","background-size":"auto","background-attachment":"scroll","background-type":"","background-media":"","overlay-type":"","overlay-color":"","overlay-opacity":"","overlay-gradient":""}},"footnotes":""},"class_list":["post-353","page","type-page","status-publish","has-post-thumbnail","hentry"],"yoast_head":"<!-- This site is optimized with the Yoast SEO plugin v27.5 - https:\/\/yoast.com\/product\/yoast-seo-wordpress\/ -->\n<title>VALLADOLID - Abc-latina<\/title>\n<meta name=\"description\" content=\"Le Mexique vu sous l&#039;angle touristique, visite de Valladolid.\" \/>\n<meta name=\"robots\" content=\"index, follow, max-snippet:-1, max-image-preview:large, max-video-preview:-1\" \/>\n<link rel=\"canonical\" href=\"https:\/\/abc-latina.com\/mexique\/valladolid\/\" \/>\n<meta property=\"og:locale\" content=\"fr_FR\" \/>\n<meta property=\"og:type\" content=\"article\" \/>\n<meta property=\"og:title\" content=\"VALLADOLID - Abc-latina\" \/>\n<meta property=\"og:description\" content=\"Le Mexique vu sous l&#039;angle touristique, visite de Valladolid.\" \/>\n<meta property=\"og:url\" content=\"https:\/\/abc-latina.com\/mexique\/valladolid\/\" \/>\n<meta property=\"og:site_name\" content=\"Abc-latina\" \/>\n<meta property=\"article:modified_time\" content=\"2018-06-10T17:27:10+00:00\" \/>\n<meta property=\"og:image\" content=\"https:\/\/abc-latina.com\/wp-content\/uploads\/2010\/06\/valladolid.jpg\" \/>\n\t<meta property=\"og:image:width\" content=\"250\" \/>\n\t<meta property=\"og:image:height\" content=\"250\" \/>\n\t<meta property=\"og:image:type\" content=\"image\/jpeg\" \/>\n<meta name=\"twitter:card\" content=\"summary_large_image\" \/>\n<meta name=\"twitter:label1\" content=\"Dur\u00e9e de lecture estim\u00e9e\" \/>\n\t<meta name=\"twitter:data1\" content=\"2 minutes\" \/>\n<script type=\"application\/ld+json\" class=\"yoast-schema-graph\">{\"@context\":\"https:\\\/\\\/schema.org\",\"@graph\":[{\"@type\":\"WebPage\",\"@id\":\"https:\\\/\\\/abc-latina.com\\\/mexique\\\/valladolid\\\/\",\"url\":\"https:\\\/\\\/abc-latina.com\\\/mexique\\\/valladolid\\\/\",\"name\":\"VALLADOLID - Abc-latina\",\"isPartOf\":{\"@id\":\"https:\\\/\\\/abc-latina.com\\\/#website\"},\"primaryImageOfPage\":{\"@id\":\"https:\\\/\\\/abc-latina.com\\\/mexique\\\/valladolid\\\/#primaryimage\"},\"image\":{\"@id\":\"https:\\\/\\\/abc-latina.com\\\/mexique\\\/valladolid\\\/#primaryimage\"},\"thumbnailUrl\":\"https:\\\/\\\/abc-latina.com\\\/wp-content\\\/uploads\\\/2010\\\/06\\\/valladolid.jpg\",\"datePublished\":\"2010-06-05T21:47:58+00:00\",\"dateModified\":\"2018-06-10T17:27:10+00:00\",\"description\":\"Le Mexique vu sous l'angle touristique, visite de Valladolid.\",\"breadcrumb\":{\"@id\":\"https:\\\/\\\/abc-latina.com\\\/mexique\\\/valladolid\\\/#breadcrumb\"},\"inLanguage\":\"fr-FR\",\"potentialAction\":[{\"@type\":\"ReadAction\",\"target\":[\"https:\\\/\\\/abc-latina.com\\\/mexique\\\/valladolid\\\/\"]}]},{\"@type\":\"ImageObject\",\"inLanguage\":\"fr-FR\",\"@id\":\"https:\\\/\\\/abc-latina.com\\\/mexique\\\/valladolid\\\/#primaryimage\",\"url\":\"https:\\\/\\\/abc-latina.com\\\/wp-content\\\/uploads\\\/2010\\\/06\\\/valladolid.jpg\",\"contentUrl\":\"https:\\\/\\\/abc-latina.com\\\/wp-content\\\/uploads\\\/2010\\\/06\\\/valladolid.jpg\",\"width\":250,\"height\":250,\"caption\":\"VALLADOLID\"},{\"@type\":\"BreadcrumbList\",\"@id\":\"https:\\\/\\\/abc-latina.com\\\/mexique\\\/valladolid\\\/#breadcrumb\",\"itemListElement\":[{\"@type\":\"ListItem\",\"position\":1,\"name\":\"Accueil\",\"item\":\"https:\\\/\\\/abc-latina.com\\\/\"},{\"@type\":\"ListItem\",\"position\":2,\"name\":\"VALLADOLID\"}]},{\"@type\":\"WebSite\",\"@id\":\"https:\\\/\\\/abc-latina.com\\\/#website\",\"url\":\"https:\\\/\\\/abc-latina.com\\\/\",\"name\":\"Abc-latina\",\"description\":\"\",\"publisher\":{\"@id\":\"https:\\\/\\\/abc-latina.com\\\/#organization\"},\"potentialAction\":[{\"@type\":\"SearchAction\",\"target\":{\"@type\":\"EntryPoint\",\"urlTemplate\":\"https:\\\/\\\/abc-latina.com\\\/?s={search_term_string}\"},\"query-input\":{\"@type\":\"PropertyValueSpecification\",\"valueRequired\":true,\"valueName\":\"search_term_string\"}}],\"inLanguage\":\"fr-FR\"},{\"@type\":\"Organization\",\"@id\":\"https:\\\/\\\/abc-latina.com\\\/#organization\",\"name\":\"Abc-latina\",\"url\":\"https:\\\/\\\/abc-latina.com\\\/\",\"logo\":{\"@type\":\"ImageObject\",\"inLanguage\":\"fr-FR\",\"@id\":\"https:\\\/\\\/abc-latina.com\\\/#\\\/schema\\\/logo\\\/image\\\/\",\"url\":\"https:\\\/\\\/abc-latina.com\\\/wp-content\\\/uploads\\\/2026\\\/05\\\/cropped-logo.gif\",\"contentUrl\":\"https:\\\/\\\/abc-latina.com\\\/wp-content\\\/uploads\\\/2026\\\/05\\\/cropped-logo.gif\",\"width\":89,\"height\":84,\"caption\":\"Abc-latina\"},\"image\":{\"@id\":\"https:\\\/\\\/abc-latina.com\\\/#\\\/schema\\\/logo\\\/image\\\/\"}}]}<\/script>\n<!-- \/ Yoast SEO plugin. -->","yoast_head_json":{"title":"VALLADOLID - Abc-latina","description":"Le Mexique vu sous l'angle touristique, visite de Valladolid.","robots":{"index":"index","follow":"follow","max-snippet":"max-snippet:-1","max-image-preview":"max-image-preview:large","max-video-preview":"max-video-preview:-1"},"canonical":"https:\/\/abc-latina.com\/mexique\/valladolid\/","og_locale":"fr_FR","og_type":"article","og_title":"VALLADOLID - Abc-latina","og_description":"Le Mexique vu sous l'angle touristique, visite de Valladolid.","og_url":"https:\/\/abc-latina.com\/mexique\/valladolid\/","og_site_name":"Abc-latina","article_modified_time":"2018-06-10T17:27:10+00:00","og_image":[{"width":250,"height":250,"url":"https:\/\/abc-latina.com\/wp-content\/uploads\/2010\/06\/valladolid.jpg","type":"image\/jpeg"}],"twitter_card":"summary_large_image","twitter_misc":{"Dur\u00e9e de lecture estim\u00e9e":"2 minutes"},"schema":{"@context":"https:\/\/schema.org","@graph":[{"@type":"WebPage","@id":"https:\/\/abc-latina.com\/mexique\/valladolid\/","url":"https:\/\/abc-latina.com\/mexique\/valladolid\/","name":"VALLADOLID - Abc-latina","isPartOf":{"@id":"https:\/\/abc-latina.com\/#website"},"primaryImageOfPage":{"@id":"https:\/\/abc-latina.com\/mexique\/valladolid\/#primaryimage"},"image":{"@id":"https:\/\/abc-latina.com\/mexique\/valladolid\/#primaryimage"},"thumbnailUrl":"https:\/\/abc-latina.com\/wp-content\/uploads\/2010\/06\/valladolid.jpg","datePublished":"2010-06-05T21:47:58+00:00","dateModified":"2018-06-10T17:27:10+00:00","description":"Le Mexique vu sous l'angle touristique, visite de Valladolid.","breadcrumb":{"@id":"https:\/\/abc-latina.com\/mexique\/valladolid\/#breadcrumb"},"inLanguage":"fr-FR","potentialAction":[{"@type":"ReadAction","target":["https:\/\/abc-latina.com\/mexique\/valladolid\/"]}]},{"@type":"ImageObject","inLanguage":"fr-FR","@id":"https:\/\/abc-latina.com\/mexique\/valladolid\/#primaryimage","url":"https:\/\/abc-latina.com\/wp-content\/uploads\/2010\/06\/valladolid.jpg","contentUrl":"https:\/\/abc-latina.com\/wp-content\/uploads\/2010\/06\/valladolid.jpg","width":250,"height":250,"caption":"VALLADOLID"},{"@type":"BreadcrumbList","@id":"https:\/\/abc-latina.com\/mexique\/valladolid\/#breadcrumb","itemListElement":[{"@type":"ListItem","position":1,"name":"Accueil","item":"https:\/\/abc-latina.com\/"},{"@type":"ListItem","position":2,"name":"VALLADOLID"}]},{"@type":"WebSite","@id":"https:\/\/abc-latina.com\/#website","url":"https:\/\/abc-latina.com\/","name":"Abc-latina","description":"","publisher":{"@id":"https:\/\/abc-latina.com\/#organization"},"potentialAction":[{"@type":"SearchAction","target":{"@type":"EntryPoint","urlTemplate":"https:\/\/abc-latina.com\/?s={search_term_string}"},"query-input":{"@type":"PropertyValueSpecification","valueRequired":true,"valueName":"search_term_string"}}],"inLanguage":"fr-FR"},{"@type":"Organization","@id":"https:\/\/abc-latina.com\/#organization","name":"Abc-latina","url":"https:\/\/abc-latina.com\/","logo":{"@type":"ImageObject","inLanguage":"fr-FR","@id":"https:\/\/abc-latina.com\/#\/schema\/logo\/image\/","url":"https:\/\/abc-latina.com\/wp-content\/uploads\/2026\/05\/cropped-logo.gif","contentUrl":"https:\/\/abc-latina.com\/wp-content\/uploads\/2026\/05\/cropped-logo.gif","width":89,"height":84,"caption":"Abc-latina"},"image":{"@id":"https:\/\/abc-latina.com\/#\/schema\/logo\/image\/"}}]}},"_links":{"self":[{"href":"https:\/\/abc-latina.com\/wp-json\/wp\/v2\/pages\/353","targetHints":{"allow":["GET"]}}],"collection":[{"href":"https:\/\/abc-latina.com\/wp-json\/wp\/v2\/pages"}],"about":[{"href":"https:\/\/abc-latina.com\/wp-json\/wp\/v2\/types\/page"}],"author":[{"embeddable":true,"href":"https:\/\/abc-latina.com\/wp-json\/wp\/v2\/users\/3"}],"replies":[{"embeddable":true,"href":"https:\/\/abc-latina.com\/wp-json\/wp\/v2\/comments?post=353"}],"version-history":[{"count":0,"href":"https:\/\/abc-latina.com\/wp-json\/wp\/v2\/pages\/353\/revisions"}],"up":[{"embeddable":true,"href":"https:\/\/abc-latina.com\/wp-json\/wp\/v2\/pages\/2308"}],"wp:featuredmedia":[{"embeddable":true,"href":"https:\/\/abc-latina.com\/wp-json\/wp\/v2\/media\/352"}],"wp:attachment":[{"href":"https:\/\/abc-latina.com\/wp-json\/wp\/v2\/media?parent=353"}],"curies":[{"name":"wp","href":"https:\/\/api.w.org\/{rel}","templated":true}]}}