{"id":355,"date":"2010-06-05T23:49:52","date_gmt":"2010-06-05T21:49:52","guid":{"rendered":"http:\/\/abc-latina.com\/villahermosa-htm\/"},"modified":"2018-06-10T19:26:24","modified_gmt":"2018-06-10T17:26:24","slug":"villahermosa","status":"publish","type":"page","link":"https:\/\/abc-latina.com\/mexique\/villahermosa\/","title":{"rendered":"VILLAHERMOSA"},"content":{"rendered":"<div><span class=\"tourisme-chapitre\"><img loading=\"lazy\" decoding=\"async\" class=\" alignright size-full wp-image-354\" src=\"http:\/\/abc-latina.com\/wp-content\/uploads\/2010\/06\/villahermosa.jpg\" title=\"VILLAHERMOSA\" alt=\"\" width=\"250\" vspace=\"9\" hspace=\"9\" height=\"250\" align=\"right\" srcset=\"https:\/\/abc-latina.com\/wp-content\/uploads\/2010\/06\/villahermosa.jpg 250w, https:\/\/abc-latina.com\/wp-content\/uploads\/2010\/06\/villahermosa-150x150.jpg 150w\" sizes=\"auto, (max-width: 250px) 100vw, 250px\" \/>Villahermosa <\/span>est situ\u00e9 au coeur de la &quot; tierra caliente &quot; les terres chaudes, c&rsquo;est ainsi que les Mexicains appellent toutes les r\u00e9gions o\u00f9 on r\u00e8gne des temp\u00e9ratures avoisinant les 35 degr\u00e9s.<\/div>\n<div>&nbsp;<\/div>\n<div>Construite sur les bords du fleuve Usumacinta, l&rsquo;Amazone Mexicain, et entour\u00e9e d&rsquo;une for\u00eat luxuriante<\/div>\n<div>&nbsp;<\/div>\n<div>Villahermosa compense une certaine banalit\u00e9 par une atmosph\u00e8re d\u00e9tendue, quelques jolies plazas, de nombreux caf\u00e9s et restaurants. Mais l&rsquo;int\u00e9r\u00eat premier de Villahermosa est qu&rsquo;elle est le point de d\u00e9part d&rsquo;excursions vers des endroits aux noms exotiques tesl queYaxchilan, Bonampak, etc<\/div>\n<div>&nbsp;<\/div>\n<div><a href=\"..\/tour_operateur\" target=\"_blank\"><img loading=\"lazy\" decoding=\"async\" class=\" size-full wp-image-41\" alt=\"\" class=\"touroperateur\" src=\"http:\/\/abc-latina.com\/wp-content\/uploads\/2010\/04\/timbre_to.gif\" width=\"125\" height=\"90\" \/><\/a>De cette r\u00e9gion, a surgi que la culture la plus ancienne de la M\u00e9so-Am\u00e9rique : celle des <a href=\"https:\/\/www.abc-latina.com\/civilisations\/olmeque\" target=\"_blank\">Olm\u00e8ques<\/a>.<\/div>\n<div>&nbsp;<\/div>\n<div>&#8211; Le <span class=\"tourisme-unesco\">parc de La Venta<\/span> abrite les vestiges de la civilisation Olm\u00e8ques et de l&rsquo;ancienne cit\u00e9 La Venta (situ\u00e9e \u00e0 120 km), dont les fameuses t\u00eates g\u00e9antes aux traits n\u00e9gro\u00efdes !<\/div>\n<div>La d\u00e9couverte du p\u00e9trole et son exploitation mena\u00e7ant la p\u00e9rennit\u00e9 des vestiges, il a \u00e9t\u00e9 d\u00e9cid\u00e9 d&rsquo;am\u00e9nager un Parc-Mus\u00e9e pouvant recevoir les d\u00e9couvertes les plus importantes du site arch\u00e9ologique. Le parc essaye donc de reproduire le plus fid\u00e8lement possible le milieu naturel: pas de mur, une v\u00e9g\u00e9tation luxuriante, quelques animaux en libert\u00e9.<\/div>\n<h3>Pr\u00e9parez votre voyage \u00e0 Villahermosa:<\/h3>\n<div><a href=\"https:\/\/www.abc-latina.com\/mexique\/agence_de_voyages\">Agences de voyage g\u00e9n\u00e9ralistes et discounteurs<\/a><\/div>\n<div><a href=\"https:\/\/www.abc-latina.com\/mexique\/tour_operateur\">Tours Op\u00e9rateurs sp\u00e9cialistes du Mexique<\/a><\/div>\n<div><a href=\"https:\/\/www.abc-latina.com\/to\/reservation_billet_avion\" target=\"_blank\">R\u00e9servez votre billet d&rsquo;avion<\/a><\/div>\n<div><a href=\"https:\/\/www.abc-latina.com\/mexique\/hotels\">R\u00e9servez votre h\u00f4tel \u00e0 Villahermosa<\/a>&nbsp;<\/div>\n<div><a href=\"https:\/\/www.abc-latina.com\/to\/location_de_voiture_mexique\" target=\"_blank\">Location de voiture<\/a><\/div>\n<p>&nbsp;<\/p>\n","protected":false},"excerpt":{"rendered":"<p>Villahermosa est situ\u00e9 au coeur de la &quot; tierra caliente &quot; les terres chaudes, c&rsquo;est ainsi que les Mexicains appellent [&hellip;]<\/p>\n","protected":false},"author":3,"featured_media":354,"parent":2308,"menu_order":0,"comment_status":"closed","ping_status":"closed","template":"","meta":{"site-sidebar-layout":"default","site-content-layout":"","ast-site-content-layout":"default","site-content-style":"default","site-sidebar-style":"default","ast-global-header-display":"","ast-banner-title-visibility":"","ast-main-header-display":"","ast-hfb-above-header-display":"","ast-hfb-below-header-display":"","ast-hfb-mobile-header-display":"","site-post-title":"","ast-breadcrumbs-content":"","ast-featured-img":"","footer-sml-layout":"","ast-disable-related-posts":"","theme-transparent-header-meta":"","adv-header-id-meta":"","stick-header-meta":"","header-above-stick-meta":"","header-main-stick-meta":"","header-below-stick-meta":"","astra-migrate-meta-layouts":"default","ast-page-background-enabled":"default","ast-page-background-meta":{"desktop":{"background-color":"var(--ast-global-color-5)","background-image":"","background-repeat":"repeat","background-position":"center center","background-size":"auto","background-attachment":"scroll","background-type":"","background-media":"","overlay-type":"","overlay-color":"","overlay-opacity":"","overlay-gradient":""},"tablet":{"background-color":"","background-image":"","background-repeat":"repeat","background-position":"center center","background-size":"auto","background-attachment":"scroll","background-type":"","background-media":"","overlay-type":"","overlay-color":"","overlay-opacity":"","overlay-gradient":""},"mobile":{"background-color":"","background-image":"","background-repeat":"repeat","background-position":"center center","background-size":"auto","background-attachment":"scroll","background-type":"","background-media":"","overlay-type":"","overlay-color":"","overlay-opacity":"","overlay-gradient":""}},"ast-content-background-meta":{"desktop":{"background-color":"var(--ast-global-color-4)","background-image":"","background-repeat":"repeat","background-position":"center center","background-size":"auto","background-attachment":"scroll","background-type":"","background-media":"","overlay-type":"","overlay-color":"","overlay-opacity":"","overlay-gradient":""},"tablet":{"background-color":"var(--ast-global-color-4)","background-image":"","background-repeat":"repeat","background-position":"center center","background-size":"auto","background-attachment":"scroll","background-type":"","background-media":"","overlay-type":"","overlay-color":"","overlay-opacity":"","overlay-gradient":""},"mobile":{"background-color":"var(--ast-global-color-4)","background-image":"","background-repeat":"repeat","background-position":"center center","background-size":"auto","background-attachment":"scroll","background-type":"","background-media":"","overlay-type":"","overlay-color":"","overlay-opacity":"","overlay-gradient":""}},"footnotes":""},"class_list":["post-355","page","type-page","status-publish","has-post-thumbnail","hentry"],"yoast_head":"<!-- This site is optimized with the Yoast SEO plugin v27.5 - https:\/\/yoast.com\/product\/yoast-seo-wordpress\/ -->\n<title>VILLAHERMOSA - Abc-latina<\/title>\n<meta name=\"description\" content=\"Visite et d\u00e9couverte du Mexique: Villahermosa.\" \/>\n<meta name=\"robots\" content=\"index, follow, max-snippet:-1, max-image-preview:large, max-video-preview:-1\" \/>\n<link rel=\"canonical\" href=\"https:\/\/abc-latina.com\/mexique\/villahermosa\/\" \/>\n<meta property=\"og:locale\" content=\"fr_FR\" \/>\n<meta property=\"og:type\" content=\"article\" \/>\n<meta property=\"og:title\" content=\"VILLAHERMOSA - Abc-latina\" \/>\n<meta property=\"og:description\" content=\"Visite et d\u00e9couverte du Mexique: Villahermosa.\" \/>\n<meta property=\"og:url\" content=\"https:\/\/abc-latina.com\/mexique\/villahermosa\/\" \/>\n<meta property=\"og:site_name\" content=\"Abc-latina\" \/>\n<meta property=\"article:modified_time\" content=\"2018-06-10T17:26:24+00:00\" \/>\n<meta property=\"og:image\" content=\"https:\/\/abc-latina.com\/wp-content\/uploads\/2010\/06\/villahermosa.jpg\" \/>\n\t<meta property=\"og:image:width\" content=\"250\" \/>\n\t<meta property=\"og:image:height\" content=\"250\" \/>\n\t<meta property=\"og:image:type\" content=\"image\/jpeg\" \/>\n<meta name=\"twitter:card\" content=\"summary_large_image\" \/>\n<meta name=\"twitter:label1\" content=\"Dur\u00e9e de lecture estim\u00e9e\" \/>\n\t<meta name=\"twitter:data1\" content=\"1 minute\" \/>\n<script type=\"application\/ld+json\" class=\"yoast-schema-graph\">{\"@context\":\"https:\\\/\\\/schema.org\",\"@graph\":[{\"@type\":\"WebPage\",\"@id\":\"https:\\\/\\\/abc-latina.com\\\/mexique\\\/villahermosa\\\/\",\"url\":\"https:\\\/\\\/abc-latina.com\\\/mexique\\\/villahermosa\\\/\",\"name\":\"VILLAHERMOSA - Abc-latina\",\"isPartOf\":{\"@id\":\"https:\\\/\\\/abc-latina.com\\\/#website\"},\"primaryImageOfPage\":{\"@id\":\"https:\\\/\\\/abc-latina.com\\\/mexique\\\/villahermosa\\\/#primaryimage\"},\"image\":{\"@id\":\"https:\\\/\\\/abc-latina.com\\\/mexique\\\/villahermosa\\\/#primaryimage\"},\"thumbnailUrl\":\"https:\\\/\\\/abc-latina.com\\\/wp-content\\\/uploads\\\/2010\\\/06\\\/villahermosa.jpg\",\"datePublished\":\"2010-06-05T21:49:52+00:00\",\"dateModified\":\"2018-06-10T17:26:24+00:00\",\"description\":\"Visite et d\u00e9couverte du Mexique: Villahermosa.\",\"breadcrumb\":{\"@id\":\"https:\\\/\\\/abc-latina.com\\\/mexique\\\/villahermosa\\\/#breadcrumb\"},\"inLanguage\":\"fr-FR\",\"potentialAction\":[{\"@type\":\"ReadAction\",\"target\":[\"https:\\\/\\\/abc-latina.com\\\/mexique\\\/villahermosa\\\/\"]}]},{\"@type\":\"ImageObject\",\"inLanguage\":\"fr-FR\",\"@id\":\"https:\\\/\\\/abc-latina.com\\\/mexique\\\/villahermosa\\\/#primaryimage\",\"url\":\"https:\\\/\\\/abc-latina.com\\\/wp-content\\\/uploads\\\/2010\\\/06\\\/villahermosa.jpg\",\"contentUrl\":\"https:\\\/\\\/abc-latina.com\\\/wp-content\\\/uploads\\\/2010\\\/06\\\/villahermosa.jpg\",\"width\":250,\"height\":250,\"caption\":\"VILLAHERMOSA\"},{\"@type\":\"BreadcrumbList\",\"@id\":\"https:\\\/\\\/abc-latina.com\\\/mexique\\\/villahermosa\\\/#breadcrumb\",\"itemListElement\":[{\"@type\":\"ListItem\",\"position\":1,\"name\":\"Accueil\",\"item\":\"https:\\\/\\\/abc-latina.com\\\/\"},{\"@type\":\"ListItem\",\"position\":2,\"name\":\"VILLAHERMOSA\"}]},{\"@type\":\"WebSite\",\"@id\":\"https:\\\/\\\/abc-latina.com\\\/#website\",\"url\":\"https:\\\/\\\/abc-latina.com\\\/\",\"name\":\"Abc-latina\",\"description\":\"\",\"publisher\":{\"@id\":\"https:\\\/\\\/abc-latina.com\\\/#organization\"},\"potentialAction\":[{\"@type\":\"SearchAction\",\"target\":{\"@type\":\"EntryPoint\",\"urlTemplate\":\"https:\\\/\\\/abc-latina.com\\\/?s={search_term_string}\"},\"query-input\":{\"@type\":\"PropertyValueSpecification\",\"valueRequired\":true,\"valueName\":\"search_term_string\"}}],\"inLanguage\":\"fr-FR\"},{\"@type\":\"Organization\",\"@id\":\"https:\\\/\\\/abc-latina.com\\\/#organization\",\"name\":\"Abc-latina\",\"url\":\"https:\\\/\\\/abc-latina.com\\\/\",\"logo\":{\"@type\":\"ImageObject\",\"inLanguage\":\"fr-FR\",\"@id\":\"https:\\\/\\\/abc-latina.com\\\/#\\\/schema\\\/logo\\\/image\\\/\",\"url\":\"https:\\\/\\\/abc-latina.com\\\/wp-content\\\/uploads\\\/2026\\\/05\\\/cropped-logo.gif\",\"contentUrl\":\"https:\\\/\\\/abc-latina.com\\\/wp-content\\\/uploads\\\/2026\\\/05\\\/cropped-logo.gif\",\"width\":89,\"height\":84,\"caption\":\"Abc-latina\"},\"image\":{\"@id\":\"https:\\\/\\\/abc-latina.com\\\/#\\\/schema\\\/logo\\\/image\\\/\"}}]}<\/script>\n<!-- \/ Yoast SEO plugin. -->","yoast_head_json":{"title":"VILLAHERMOSA - Abc-latina","description":"Visite et d\u00e9couverte du Mexique: Villahermosa.","robots":{"index":"index","follow":"follow","max-snippet":"max-snippet:-1","max-image-preview":"max-image-preview:large","max-video-preview":"max-video-preview:-1"},"canonical":"https:\/\/abc-latina.com\/mexique\/villahermosa\/","og_locale":"fr_FR","og_type":"article","og_title":"VILLAHERMOSA - Abc-latina","og_description":"Visite et d\u00e9couverte du Mexique: Villahermosa.","og_url":"https:\/\/abc-latina.com\/mexique\/villahermosa\/","og_site_name":"Abc-latina","article_modified_time":"2018-06-10T17:26:24+00:00","og_image":[{"width":250,"height":250,"url":"https:\/\/abc-latina.com\/wp-content\/uploads\/2010\/06\/villahermosa.jpg","type":"image\/jpeg"}],"twitter_card":"summary_large_image","twitter_misc":{"Dur\u00e9e de lecture estim\u00e9e":"1 minute"},"schema":{"@context":"https:\/\/schema.org","@graph":[{"@type":"WebPage","@id":"https:\/\/abc-latina.com\/mexique\/villahermosa\/","url":"https:\/\/abc-latina.com\/mexique\/villahermosa\/","name":"VILLAHERMOSA - Abc-latina","isPartOf":{"@id":"https:\/\/abc-latina.com\/#website"},"primaryImageOfPage":{"@id":"https:\/\/abc-latina.com\/mexique\/villahermosa\/#primaryimage"},"image":{"@id":"https:\/\/abc-latina.com\/mexique\/villahermosa\/#primaryimage"},"thumbnailUrl":"https:\/\/abc-latina.com\/wp-content\/uploads\/2010\/06\/villahermosa.jpg","datePublished":"2010-06-05T21:49:52+00:00","dateModified":"2018-06-10T17:26:24+00:00","description":"Visite et d\u00e9couverte du Mexique: Villahermosa.","breadcrumb":{"@id":"https:\/\/abc-latina.com\/mexique\/villahermosa\/#breadcrumb"},"inLanguage":"fr-FR","potentialAction":[{"@type":"ReadAction","target":["https:\/\/abc-latina.com\/mexique\/villahermosa\/"]}]},{"@type":"ImageObject","inLanguage":"fr-FR","@id":"https:\/\/abc-latina.com\/mexique\/villahermosa\/#primaryimage","url":"https:\/\/abc-latina.com\/wp-content\/uploads\/2010\/06\/villahermosa.jpg","contentUrl":"https:\/\/abc-latina.com\/wp-content\/uploads\/2010\/06\/villahermosa.jpg","width":250,"height":250,"caption":"VILLAHERMOSA"},{"@type":"BreadcrumbList","@id":"https:\/\/abc-latina.com\/mexique\/villahermosa\/#breadcrumb","itemListElement":[{"@type":"ListItem","position":1,"name":"Accueil","item":"https:\/\/abc-latina.com\/"},{"@type":"ListItem","position":2,"name":"VILLAHERMOSA"}]},{"@type":"WebSite","@id":"https:\/\/abc-latina.com\/#website","url":"https:\/\/abc-latina.com\/","name":"Abc-latina","description":"","publisher":{"@id":"https:\/\/abc-latina.com\/#organization"},"potentialAction":[{"@type":"SearchAction","target":{"@type":"EntryPoint","urlTemplate":"https:\/\/abc-latina.com\/?s={search_term_string}"},"query-input":{"@type":"PropertyValueSpecification","valueRequired":true,"valueName":"search_term_string"}}],"inLanguage":"fr-FR"},{"@type":"Organization","@id":"https:\/\/abc-latina.com\/#organization","name":"Abc-latina","url":"https:\/\/abc-latina.com\/","logo":{"@type":"ImageObject","inLanguage":"fr-FR","@id":"https:\/\/abc-latina.com\/#\/schema\/logo\/image\/","url":"https:\/\/abc-latina.com\/wp-content\/uploads\/2026\/05\/cropped-logo.gif","contentUrl":"https:\/\/abc-latina.com\/wp-content\/uploads\/2026\/05\/cropped-logo.gif","width":89,"height":84,"caption":"Abc-latina"},"image":{"@id":"https:\/\/abc-latina.com\/#\/schema\/logo\/image\/"}}]}},"_links":{"self":[{"href":"https:\/\/abc-latina.com\/wp-json\/wp\/v2\/pages\/355","targetHints":{"allow":["GET"]}}],"collection":[{"href":"https:\/\/abc-latina.com\/wp-json\/wp\/v2\/pages"}],"about":[{"href":"https:\/\/abc-latina.com\/wp-json\/wp\/v2\/types\/page"}],"author":[{"embeddable":true,"href":"https:\/\/abc-latina.com\/wp-json\/wp\/v2\/users\/3"}],"replies":[{"embeddable":true,"href":"https:\/\/abc-latina.com\/wp-json\/wp\/v2\/comments?post=355"}],"version-history":[{"count":0,"href":"https:\/\/abc-latina.com\/wp-json\/wp\/v2\/pages\/355\/revisions"}],"up":[{"embeddable":true,"href":"https:\/\/abc-latina.com\/wp-json\/wp\/v2\/pages\/2308"}],"wp:featuredmedia":[{"embeddable":true,"href":"https:\/\/abc-latina.com\/wp-json\/wp\/v2\/media\/354"}],"wp:attachment":[{"href":"https:\/\/abc-latina.com\/wp-json\/wp\/v2\/media?parent=355"}],"curies":[{"name":"wp","href":"https:\/\/api.w.org\/{rel}","templated":true}]}}