{"id":357,"date":"2010-06-05T23:54:40","date_gmt":"2010-06-05T21:54:40","guid":{"rendered":"http:\/\/abc-latina.com\/departement_masaya-php\/"},"modified":"2018-06-12T16:40:29","modified_gmt":"2018-06-12T14:40:29","slug":"departement_masaya","status":"publish","type":"page","link":"https:\/\/abc-latina.com\/nicaragua\/departement_masaya\/","title":{"rendered":"DEPARTEMENT de MASAYA"},"content":{"rendered":"<div>Le d\u00e9partement de Masaya est le plus petit du pays, mais \u00e9galement le plus peupl\u00e9, ce que vous constaterez en voyageant dans la r\u00e9gion. Bien que quelques panneaux de signalisation routi\u00e8re indiquent au passage le nom des villages que vous traversez, il vous sera difficile de vous en rendre compte v\u00e9ritablement,en raison de la file incessante de maisons et du flot des gens entre chaque village.<\/div>\n<div>Cette forte densit\u00e9 de population en fait l&rsquo;une des r\u00e9gions les plus int\u00e9ressantes du Nicaragua, avec des routes en lacets entour\u00e9es de verdure, de vieux villages pittoresques et des habitants qui travaillent partout o\u00f9 ils peuvent trouver un espace pour le faire. Visiter la r\u00e9gion lors des Fiestas Patronales de chaque village peut s&rsquo;av\u00e9rer particuli\u00e8rement amusant. Vous pourrez alors assister \u00e0 des d\u00e9fil\u00e9s, danser et boire, bref, faire la fiesta avec les habitants de ces petits villages.<\/div>\n<div>Peut-\u00eatre une des r\u00e9gions les plus charmantes du Nicaragua, le d\u00e9partement de Masaya est habit\u00e9 par des familles, des producteurs de caf\u00e9, des artistes et des commer\u00e7ants depuis des centaines d&rsquo;ann\u00e9es. Chaque ville poss\u00e8de son caract\u00e8re propre et est marqu\u00e9e par un personnage ou un \u00e9v\u00e9nement qui lui donne un cachet particulier; aucun villageois n&rsquo;h\u00e9site \u00e0 se d\u00e9marquer d&rsquo;un autre, m\u00eame si leurs villages sont parfois voisins. Cet aspect du paysage peut \u00e9chapper au visiteur \u00e9tranger press\u00e9, alors toutes les villes lui paraissent semblables avec leurs vieilles \u00e9glises carr\u00e9es et solides, leurs parcs municipaux simples et leurs rues sinueuses menant aux collines.<\/div>\n<div><a href=\"..\/tour_operateur\" target=\"_blank\"><img loading=\"lazy\" decoding=\"async\" class=\" size-full wp-image-41\" alt=\"\" src=\"http:\/\/abc-latina.com\/wp-content\/uploads\/2010\/04\/timbre_to.gif\" class=\"touroperateur\" width=\"125\" height=\"90\" \/><\/a>On surnomme la r\u00e9gion Los Pueblos Blancos, car le type d&rsquo;habitation que l&rsquo;on y construisait traditionnellement \u00e9tait caract\u00e9ris\u00e9 par des murs immacul\u00e9s, blanchis \u00e0 la chaux, et un toit de chaume. Le blanchiment (carburo) se fait g\u00e9n\u00e9ralement avec de l&rsquo;eau, de la chaux et du sel. Un s\u00e9jour sur le littoral de l&rsquo;oc\u00e9an Pacifique vous permettra d&rsquo;appr\u00e9cier la vie quotidienne au Nicaragua.<\/div>\n","protected":false},"excerpt":{"rendered":"<p>Le d\u00e9partement de Masaya est le plus petit du pays, mais \u00e9galement le plus peupl\u00e9, ce que vous constaterez en [&hellip;]<\/p>\n","protected":false},"author":3,"featured_media":41,"parent":2310,"menu_order":0,"comment_status":"closed","ping_status":"closed","template":"","meta":{"site-sidebar-layout":"default","site-content-layout":"","ast-site-content-layout":"default","site-content-style":"default","site-sidebar-style":"default","ast-global-header-display":"","ast-banner-title-visibility":"","ast-main-header-display":"","ast-hfb-above-header-display":"","ast-hfb-below-header-display":"","ast-hfb-mobile-header-display":"","site-post-title":"","ast-breadcrumbs-content":"","ast-featured-img":"","footer-sml-layout":"","ast-disable-related-posts":"","theme-transparent-header-meta":"","adv-header-id-meta":"","stick-header-meta":"","header-above-stick-meta":"","header-main-stick-meta":"","header-below-stick-meta":"","astra-migrate-meta-layouts":"default","ast-page-background-enabled":"default","ast-page-background-meta":{"desktop":{"background-color":"var(--ast-global-color-5)","background-image":"","background-repeat":"repeat","background-position":"center center","background-size":"auto","background-attachment":"scroll","background-type":"","background-media":"","overlay-type":"","overlay-color":"","overlay-opacity":"","overlay-gradient":""},"tablet":{"background-color":"","background-image":"","background-repeat":"repeat","background-position":"center center","background-size":"auto","background-attachment":"scroll","background-type":"","background-media":"","overlay-type":"","overlay-color":"","overlay-opacity":"","overlay-gradient":""},"mobile":{"background-color":"","background-image":"","background-repeat":"repeat","background-position":"center center","background-size":"auto","background-attachment":"scroll","background-type":"","background-media":"","overlay-type":"","overlay-color":"","overlay-opacity":"","overlay-gradient":""}},"ast-content-background-meta":{"desktop":{"background-color":"var(--ast-global-color-4)","background-image":"","background-repeat":"repeat","background-position":"center center","background-size":"auto","background-attachment":"scroll","background-type":"","background-media":"","overlay-type":"","overlay-color":"","overlay-opacity":"","overlay-gradient":""},"tablet":{"background-color":"var(--ast-global-color-4)","background-image":"","background-repeat":"repeat","background-position":"center center","background-size":"auto","background-attachment":"scroll","background-type":"","background-media":"","overlay-type":"","overlay-color":"","overlay-opacity":"","overlay-gradient":""},"mobile":{"background-color":"var(--ast-global-color-4)","background-image":"","background-repeat":"repeat","background-position":"center center","background-size":"auto","background-attachment":"scroll","background-type":"","background-media":"","overlay-type":"","overlay-color":"","overlay-opacity":"","overlay-gradient":""}},"footnotes":""},"class_list":["post-357","page","type-page","status-publish","has-post-thumbnail","hentry"],"yoast_head":"<!-- This site is optimized with the Yoast SEO plugin v27.5 - https:\/\/yoast.com\/product\/yoast-seo-wordpress\/ -->\n<title>DEPARTEMENT de MASAYA - Abc-latina<\/title>\n<meta name=\"description\" content=\"Le d\u00e9partement de Masaya est le plus petit du pays, mais \u00e9galement le plus peupl\u00e9, cette forte densit\u00e9 de population en fait l&#039;une des r\u00e9gions les plus int\u00e9ressantes du Nicaragua.\" \/>\n<meta name=\"robots\" content=\"index, follow, max-snippet:-1, max-image-preview:large, max-video-preview:-1\" \/>\n<link rel=\"canonical\" href=\"https:\/\/abc-latina.com\/nicaragua\/departement_masaya\/\" \/>\n<meta property=\"og:locale\" content=\"fr_FR\" \/>\n<meta property=\"og:type\" content=\"article\" \/>\n<meta property=\"og:title\" content=\"DEPARTEMENT de MASAYA - Abc-latina\" \/>\n<meta property=\"og:description\" content=\"Le d\u00e9partement de Masaya est le plus petit du pays, mais \u00e9galement le plus peupl\u00e9, cette forte densit\u00e9 de population en fait l&#039;une des r\u00e9gions les plus int\u00e9ressantes du Nicaragua.\" \/>\n<meta property=\"og:url\" content=\"https:\/\/abc-latina.com\/nicaragua\/departement_masaya\/\" \/>\n<meta property=\"og:site_name\" content=\"Abc-latina\" \/>\n<meta property=\"article:modified_time\" content=\"2018-06-12T14:40:29+00:00\" \/>\n<meta property=\"og:image\" content=\"https:\/\/abc-latina.com\/wp-content\/uploads\/2010\/04\/timbre_to.gif\" \/>\n\t<meta property=\"og:image:width\" content=\"125\" \/>\n\t<meta property=\"og:image:height\" content=\"90\" \/>\n\t<meta property=\"og:image:type\" content=\"image\/gif\" \/>\n<meta name=\"twitter:card\" content=\"summary_large_image\" \/>\n<meta name=\"twitter:label1\" content=\"Dur\u00e9e de lecture estim\u00e9e\" \/>\n\t<meta name=\"twitter:data1\" content=\"2 minutes\" \/>\n<script type=\"application\/ld+json\" class=\"yoast-schema-graph\">{\"@context\":\"https:\\\/\\\/schema.org\",\"@graph\":[{\"@type\":\"WebPage\",\"@id\":\"https:\\\/\\\/abc-latina.com\\\/nicaragua\\\/departement_masaya\\\/\",\"url\":\"https:\\\/\\\/abc-latina.com\\\/nicaragua\\\/departement_masaya\\\/\",\"name\":\"DEPARTEMENT de MASAYA - Abc-latina\",\"isPartOf\":{\"@id\":\"https:\\\/\\\/abc-latina.com\\\/#website\"},\"primaryImageOfPage\":{\"@id\":\"https:\\\/\\\/abc-latina.com\\\/nicaragua\\\/departement_masaya\\\/#primaryimage\"},\"image\":{\"@id\":\"https:\\\/\\\/abc-latina.com\\\/nicaragua\\\/departement_masaya\\\/#primaryimage\"},\"thumbnailUrl\":\"https:\\\/\\\/abc-latina.com\\\/wp-content\\\/uploads\\\/2010\\\/04\\\/timbre_to.gif\",\"datePublished\":\"2010-06-05T21:54:40+00:00\",\"dateModified\":\"2018-06-12T14:40:29+00:00\",\"description\":\"Le d\u00e9partement de Masaya est le plus petit du pays, mais \u00e9galement le plus peupl\u00e9, cette forte densit\u00e9 de population en fait l'une des r\u00e9gions les plus int\u00e9ressantes du Nicaragua.\",\"breadcrumb\":{\"@id\":\"https:\\\/\\\/abc-latina.com\\\/nicaragua\\\/departement_masaya\\\/#breadcrumb\"},\"inLanguage\":\"fr-FR\",\"potentialAction\":[{\"@type\":\"ReadAction\",\"target\":[\"https:\\\/\\\/abc-latina.com\\\/nicaragua\\\/departement_masaya\\\/\"]}]},{\"@type\":\"ImageObject\",\"inLanguage\":\"fr-FR\",\"@id\":\"https:\\\/\\\/abc-latina.com\\\/nicaragua\\\/departement_masaya\\\/#primaryimage\",\"url\":\"https:\\\/\\\/abc-latina.com\\\/wp-content\\\/uploads\\\/2010\\\/04\\\/timbre_to.gif\",\"contentUrl\":\"https:\\\/\\\/abc-latina.com\\\/wp-content\\\/uploads\\\/2010\\\/04\\\/timbre_to.gif\",\"width\":125,\"height\":90},{\"@type\":\"BreadcrumbList\",\"@id\":\"https:\\\/\\\/abc-latina.com\\\/nicaragua\\\/departement_masaya\\\/#breadcrumb\",\"itemListElement\":[{\"@type\":\"ListItem\",\"position\":1,\"name\":\"Accueil\",\"item\":\"https:\\\/\\\/abc-latina.com\\\/\"},{\"@type\":\"ListItem\",\"position\":2,\"name\":\"DEPARTEMENT de MASAYA\"}]},{\"@type\":\"WebSite\",\"@id\":\"https:\\\/\\\/abc-latina.com\\\/#website\",\"url\":\"https:\\\/\\\/abc-latina.com\\\/\",\"name\":\"Abc-latina\",\"description\":\"\",\"publisher\":{\"@id\":\"https:\\\/\\\/abc-latina.com\\\/#organization\"},\"potentialAction\":[{\"@type\":\"SearchAction\",\"target\":{\"@type\":\"EntryPoint\",\"urlTemplate\":\"https:\\\/\\\/abc-latina.com\\\/?s={search_term_string}\"},\"query-input\":{\"@type\":\"PropertyValueSpecification\",\"valueRequired\":true,\"valueName\":\"search_term_string\"}}],\"inLanguage\":\"fr-FR\"},{\"@type\":\"Organization\",\"@id\":\"https:\\\/\\\/abc-latina.com\\\/#organization\",\"name\":\"Abc-latina\",\"url\":\"https:\\\/\\\/abc-latina.com\\\/\",\"logo\":{\"@type\":\"ImageObject\",\"inLanguage\":\"fr-FR\",\"@id\":\"https:\\\/\\\/abc-latina.com\\\/#\\\/schema\\\/logo\\\/image\\\/\",\"url\":\"https:\\\/\\\/abc-latina.com\\\/wp-content\\\/uploads\\\/2026\\\/05\\\/cropped-logo.gif\",\"contentUrl\":\"https:\\\/\\\/abc-latina.com\\\/wp-content\\\/uploads\\\/2026\\\/05\\\/cropped-logo.gif\",\"width\":89,\"height\":84,\"caption\":\"Abc-latina\"},\"image\":{\"@id\":\"https:\\\/\\\/abc-latina.com\\\/#\\\/schema\\\/logo\\\/image\\\/\"}}]}<\/script>\n<!-- \/ Yoast SEO plugin. -->","yoast_head_json":{"title":"DEPARTEMENT de MASAYA - Abc-latina","description":"Le d\u00e9partement de Masaya est le plus petit du pays, mais \u00e9galement le plus peupl\u00e9, cette forte densit\u00e9 de population en fait l'une des r\u00e9gions les plus int\u00e9ressantes du Nicaragua.","robots":{"index":"index","follow":"follow","max-snippet":"max-snippet:-1","max-image-preview":"max-image-preview:large","max-video-preview":"max-video-preview:-1"},"canonical":"https:\/\/abc-latina.com\/nicaragua\/departement_masaya\/","og_locale":"fr_FR","og_type":"article","og_title":"DEPARTEMENT de MASAYA - Abc-latina","og_description":"Le d\u00e9partement de Masaya est le plus petit du pays, mais \u00e9galement le plus peupl\u00e9, cette forte densit\u00e9 de population en fait l'une des r\u00e9gions les plus int\u00e9ressantes du Nicaragua.","og_url":"https:\/\/abc-latina.com\/nicaragua\/departement_masaya\/","og_site_name":"Abc-latina","article_modified_time":"2018-06-12T14:40:29+00:00","og_image":[{"width":125,"height":90,"url":"https:\/\/abc-latina.com\/wp-content\/uploads\/2010\/04\/timbre_to.gif","type":"image\/gif"}],"twitter_card":"summary_large_image","twitter_misc":{"Dur\u00e9e de lecture estim\u00e9e":"2 minutes"},"schema":{"@context":"https:\/\/schema.org","@graph":[{"@type":"WebPage","@id":"https:\/\/abc-latina.com\/nicaragua\/departement_masaya\/","url":"https:\/\/abc-latina.com\/nicaragua\/departement_masaya\/","name":"DEPARTEMENT de MASAYA - Abc-latina","isPartOf":{"@id":"https:\/\/abc-latina.com\/#website"},"primaryImageOfPage":{"@id":"https:\/\/abc-latina.com\/nicaragua\/departement_masaya\/#primaryimage"},"image":{"@id":"https:\/\/abc-latina.com\/nicaragua\/departement_masaya\/#primaryimage"},"thumbnailUrl":"https:\/\/abc-latina.com\/wp-content\/uploads\/2010\/04\/timbre_to.gif","datePublished":"2010-06-05T21:54:40+00:00","dateModified":"2018-06-12T14:40:29+00:00","description":"Le d\u00e9partement de Masaya est le plus petit du pays, mais \u00e9galement le plus peupl\u00e9, cette forte densit\u00e9 de population en fait l'une des r\u00e9gions les plus int\u00e9ressantes du Nicaragua.","breadcrumb":{"@id":"https:\/\/abc-latina.com\/nicaragua\/departement_masaya\/#breadcrumb"},"inLanguage":"fr-FR","potentialAction":[{"@type":"ReadAction","target":["https:\/\/abc-latina.com\/nicaragua\/departement_masaya\/"]}]},{"@type":"ImageObject","inLanguage":"fr-FR","@id":"https:\/\/abc-latina.com\/nicaragua\/departement_masaya\/#primaryimage","url":"https:\/\/abc-latina.com\/wp-content\/uploads\/2010\/04\/timbre_to.gif","contentUrl":"https:\/\/abc-latina.com\/wp-content\/uploads\/2010\/04\/timbre_to.gif","width":125,"height":90},{"@type":"BreadcrumbList","@id":"https:\/\/abc-latina.com\/nicaragua\/departement_masaya\/#breadcrumb","itemListElement":[{"@type":"ListItem","position":1,"name":"Accueil","item":"https:\/\/abc-latina.com\/"},{"@type":"ListItem","position":2,"name":"DEPARTEMENT de MASAYA"}]},{"@type":"WebSite","@id":"https:\/\/abc-latina.com\/#website","url":"https:\/\/abc-latina.com\/","name":"Abc-latina","description":"","publisher":{"@id":"https:\/\/abc-latina.com\/#organization"},"potentialAction":[{"@type":"SearchAction","target":{"@type":"EntryPoint","urlTemplate":"https:\/\/abc-latina.com\/?s={search_term_string}"},"query-input":{"@type":"PropertyValueSpecification","valueRequired":true,"valueName":"search_term_string"}}],"inLanguage":"fr-FR"},{"@type":"Organization","@id":"https:\/\/abc-latina.com\/#organization","name":"Abc-latina","url":"https:\/\/abc-latina.com\/","logo":{"@type":"ImageObject","inLanguage":"fr-FR","@id":"https:\/\/abc-latina.com\/#\/schema\/logo\/image\/","url":"https:\/\/abc-latina.com\/wp-content\/uploads\/2026\/05\/cropped-logo.gif","contentUrl":"https:\/\/abc-latina.com\/wp-content\/uploads\/2026\/05\/cropped-logo.gif","width":89,"height":84,"caption":"Abc-latina"},"image":{"@id":"https:\/\/abc-latina.com\/#\/schema\/logo\/image\/"}}]}},"_links":{"self":[{"href":"https:\/\/abc-latina.com\/wp-json\/wp\/v2\/pages\/357","targetHints":{"allow":["GET"]}}],"collection":[{"href":"https:\/\/abc-latina.com\/wp-json\/wp\/v2\/pages"}],"about":[{"href":"https:\/\/abc-latina.com\/wp-json\/wp\/v2\/types\/page"}],"author":[{"embeddable":true,"href":"https:\/\/abc-latina.com\/wp-json\/wp\/v2\/users\/3"}],"replies":[{"embeddable":true,"href":"https:\/\/abc-latina.com\/wp-json\/wp\/v2\/comments?post=357"}],"version-history":[{"count":0,"href":"https:\/\/abc-latina.com\/wp-json\/wp\/v2\/pages\/357\/revisions"}],"up":[{"embeddable":true,"href":"https:\/\/abc-latina.com\/wp-json\/wp\/v2\/pages\/2310"}],"wp:featuredmedia":[{"embeddable":true,"href":"https:\/\/abc-latina.com\/wp-json\/wp\/v2\/media\/41"}],"wp:attachment":[{"href":"https:\/\/abc-latina.com\/wp-json\/wp\/v2\/media?parent=357"}],"curies":[{"name":"wp","href":"https:\/\/api.w.org\/{rel}","templated":true}]}}