{"id":361,"date":"2010-06-05T23:57:56","date_gmt":"2010-06-05T21:57:56","guid":{"rendered":"http:\/\/abc-latina.com\/leon-htm\/"},"modified":"2018-06-12T16:39:18","modified_gmt":"2018-06-12T14:39:18","slug":"leon","status":"publish","type":"page","link":"https:\/\/abc-latina.com\/nicaragua\/leon\/","title":{"rendered":"LEON"},"content":{"rendered":"<div><img loading=\"lazy\" decoding=\"async\" class=\" alignright size-full wp-image-360\" src=\"http:\/\/abc-latina.com\/wp-content\/uploads\/2010\/06\/leon.jpg\" title=\"VOYAGE A LEON - NICARAGUA\" alt=\"VOYAGE A LEON - NICARAGUA\" width=\"220\" vspace=\"9\" hspace=\"15\" height=\"220\" align=\"right\" srcset=\"https:\/\/abc-latina.com\/wp-content\/uploads\/2010\/06\/leon.jpg 220w, https:\/\/abc-latina.com\/wp-content\/uploads\/2010\/06\/leon-150x150.jpg 150w\" sizes=\"auto, (max-width: 220px) 100vw, 220px\" \/>Durant plus de 200 ans, <span class=\"tourisme-chapitre\">Leon <\/span>f\u00fbt la capitale du Nicaragua avant d&rsquo;\u00eatre remplac\u00e9e par Managua en 1851. Comme Granada, celle-ci a servi au pays de centre militaire, culturel et religieux.<\/div>\n<div>Leon, la &quot; capitale intellectuelle &quot; elle compte une universit\u00e9, plusieurs coll\u00e9ges religieux et sa Cath\u00e9drale M\u00e9tropolitaine, la plus grande cath\u00e9drale d&rsquo;Am\u00e9rique Centrale. Son imposante architecture est repr\u00e9sentative de l&rsquo;art religieux du milieu du 17 \u00e9me si\u00e8cle.<\/div>\n<div>Les travaux de la cath\u00e8drale commenc\u00e8rent en 1746 mais il fallut 100 ans pour achever l&rsquo;\u00e9norme b\u00e2timent. D&rsquo;autres \u00e9glises m\u00e9ritent d&rsquo;\u00eatre visit\u00e9es, par exemple Subtiava (1530), El Calvario, La Recoleccion, La Merced, San Felipe, Zaragoza, San Francisco et Le Laborio.&nbsp;<\/div>\n<div>Dans les quartiers de Leon, comme Laborio, San Felipe, Subtiava et San Juan, on peut encore voir quelque unes de ces vieilles maisons coloniales avec leurs charmants balcons en fer forg\u00e9.<\/div>\n<div>&nbsp;<\/div>\n<div><span class=\"tourisme-chapitre\">Leon et ses environs<\/span> sont aussi connus pour leurs c\u00e9ramiques. La ville de la <span class=\"tourisme-unesco\">Paz Centro<\/span>, au sud de Leon, est, en particulier, r\u00e9put\u00e9e pour sa poterie fait main.<\/div>\n<div>A 20 km de Leon se trouve la ville de <span class=\"tourisme-unesco\">Telica<\/span>, o\u00f9 vous pourrez profiter des sources thermales connues telles que les sources bouillonnantes de San Jacinto.&nbsp;<\/div>\n<div><a target=\"_blank\" href=\"..\/tour_operateur\"><img loading=\"lazy\" decoding=\"async\" class=\" size-full wp-image-41\" src=\"http:\/\/abc-latina.com\/wp-content\/uploads\/2010\/04\/timbre_to.gif\" class=\"touroperateur\" alt=\"\" width=\"125\" height=\"90\" \/><\/a>A 40 km de Leon, au pied du Momotombo, se trouve <span class=\"tourisme-unesco\">Leon Viejo<\/span> (vieux Leon) d\u00e9clar\u00e9 patrimoine de l&rsquo;humanit\u00e9 par l&rsquo;UNESCO le 02 d\u00e9cembre 2000. C&rsquo;est apr\u00e8s l&rsquo;abandon de ce site vers 1609 que f\u00fbt construite l&rsquo;actuelle ville de Leon. Ce tremblement de terre et les \u00e9ruptions associ\u00e9es du Momotombo ont d\u00e9truit toutes les constructions. De r\u00e9centes fouilles ont mis \u00e0 jour plusieurs ruines comprenant la cath\u00e9drale, le couvent et la maison du gouverneur. Vous pouvez ainsi vous promener au milieu de ruines du 17 \u00e8me si\u00e8cle.<\/div>\n<div>Un peu plus au nord de Leon se situe la ville de Chinandega, au c\u0153ur d&rsquo;une riche zone agricole, dont le coton \u00e9tait la principale culture.<\/div>\n<div>A la p\u00e9riph\u00e9rie de la ville de Chichigalpa, vous pouvez visiter <span class=\"tourisme-unesco\">San Antonio<\/span>, le plus important centre de raffinage de sucre et de production de rhum du pays.<\/div>\n<div>A <span class=\"tourisme-unesco\">El Realejo<\/span>, entre Chinandega et la vieille partie de Corinto, vous pouvez voir les ruines d&rsquo;un chantier naval colonial et d&rsquo;une \u00e9glise coloniale br\u00fbl\u00e9s par des pirates.<\/div>\n","protected":false},"excerpt":{"rendered":"<p>Durant plus de 200 ans, Leon f\u00fbt la capitale du Nicaragua avant d&rsquo;\u00eatre remplac\u00e9e par Managua en 1851. Comme Granada, [&hellip;]<\/p>\n","protected":false},"author":3,"featured_media":360,"parent":2310,"menu_order":0,"comment_status":"closed","ping_status":"closed","template":"","meta":{"site-sidebar-layout":"default","site-content-layout":"","ast-site-content-layout":"default","site-content-style":"default","site-sidebar-style":"default","ast-global-header-display":"","ast-banner-title-visibility":"","ast-main-header-display":"","ast-hfb-above-header-display":"","ast-hfb-below-header-display":"","ast-hfb-mobile-header-display":"","site-post-title":"","ast-breadcrumbs-content":"","ast-featured-img":"","footer-sml-layout":"","ast-disable-related-posts":"","theme-transparent-header-meta":"","adv-header-id-meta":"","stick-header-meta":"","header-above-stick-meta":"","header-main-stick-meta":"","header-below-stick-meta":"","astra-migrate-meta-layouts":"default","ast-page-background-enabled":"default","ast-page-background-meta":{"desktop":{"background-color":"var(--ast-global-color-5)","background-image":"","background-repeat":"repeat","background-position":"center center","background-size":"auto","background-attachment":"scroll","background-type":"","background-media":"","overlay-type":"","overlay-color":"","overlay-opacity":"","overlay-gradient":""},"tablet":{"background-color":"","background-image":"","background-repeat":"repeat","background-position":"center center","background-size":"auto","background-attachment":"scroll","background-type":"","background-media":"","overlay-type":"","overlay-color":"","overlay-opacity":"","overlay-gradient":""},"mobile":{"background-color":"","background-image":"","background-repeat":"repeat","background-position":"center center","background-size":"auto","background-attachment":"scroll","background-type":"","background-media":"","overlay-type":"","overlay-color":"","overlay-opacity":"","overlay-gradient":""}},"ast-content-background-meta":{"desktop":{"background-color":"var(--ast-global-color-4)","background-image":"","background-repeat":"repeat","background-position":"center center","background-size":"auto","background-attachment":"scroll","background-type":"","background-media":"","overlay-type":"","overlay-color":"","overlay-opacity":"","overlay-gradient":""},"tablet":{"background-color":"var(--ast-global-color-4)","background-image":"","background-repeat":"repeat","background-position":"center center","background-size":"auto","background-attachment":"scroll","background-type":"","background-media":"","overlay-type":"","overlay-color":"","overlay-opacity":"","overlay-gradient":""},"mobile":{"background-color":"var(--ast-global-color-4)","background-image":"","background-repeat":"repeat","background-position":"center center","background-size":"auto","background-attachment":"scroll","background-type":"","background-media":"","overlay-type":"","overlay-color":"","overlay-opacity":"","overlay-gradient":""}},"footnotes":""},"class_list":["post-361","page","type-page","status-publish","has-post-thumbnail","hentry"],"yoast_head":"<!-- This site is optimized with the Yoast SEO plugin v27.5 - https:\/\/yoast.com\/product\/yoast-seo-wordpress\/ -->\n<title>LEON - Abc-latina<\/title>\n<meta name=\"description\" content=\"Durant plus de 200 ans, Leon f\u00fbt la capitale du Nicaragua avant d&#039;\u00eatre remplac\u00e9e par Managua en 1851.\" \/>\n<meta name=\"robots\" content=\"index, follow, max-snippet:-1, max-image-preview:large, max-video-preview:-1\" \/>\n<link rel=\"canonical\" href=\"https:\/\/abc-latina.com\/nicaragua\/leon\/\" \/>\n<meta property=\"og:locale\" content=\"fr_FR\" \/>\n<meta property=\"og:type\" content=\"article\" \/>\n<meta property=\"og:title\" content=\"LEON - Abc-latina\" \/>\n<meta property=\"og:description\" content=\"Durant plus de 200 ans, Leon f\u00fbt la capitale du Nicaragua avant d&#039;\u00eatre remplac\u00e9e par Managua en 1851.\" \/>\n<meta property=\"og:url\" content=\"https:\/\/abc-latina.com\/nicaragua\/leon\/\" \/>\n<meta property=\"og:site_name\" content=\"Abc-latina\" \/>\n<meta property=\"article:modified_time\" content=\"2018-06-12T14:39:18+00:00\" \/>\n<meta property=\"og:image\" content=\"https:\/\/abc-latina.com\/wp-content\/uploads\/2010\/06\/leon.jpg\" \/>\n\t<meta property=\"og:image:width\" content=\"220\" \/>\n\t<meta property=\"og:image:height\" content=\"220\" \/>\n\t<meta property=\"og:image:type\" content=\"image\/jpeg\" \/>\n<meta name=\"twitter:card\" content=\"summary_large_image\" \/>\n<meta name=\"twitter:label1\" content=\"Dur\u00e9e de lecture estim\u00e9e\" \/>\n\t<meta name=\"twitter:data1\" content=\"2 minutes\" \/>\n<script type=\"application\/ld+json\" class=\"yoast-schema-graph\">{\"@context\":\"https:\\\/\\\/schema.org\",\"@graph\":[{\"@type\":\"WebPage\",\"@id\":\"https:\\\/\\\/abc-latina.com\\\/nicaragua\\\/leon\\\/\",\"url\":\"https:\\\/\\\/abc-latina.com\\\/nicaragua\\\/leon\\\/\",\"name\":\"LEON - Abc-latina\",\"isPartOf\":{\"@id\":\"https:\\\/\\\/abc-latina.com\\\/#website\"},\"primaryImageOfPage\":{\"@id\":\"https:\\\/\\\/abc-latina.com\\\/nicaragua\\\/leon\\\/#primaryimage\"},\"image\":{\"@id\":\"https:\\\/\\\/abc-latina.com\\\/nicaragua\\\/leon\\\/#primaryimage\"},\"thumbnailUrl\":\"https:\\\/\\\/abc-latina.com\\\/wp-content\\\/uploads\\\/2010\\\/06\\\/leon.jpg\",\"datePublished\":\"2010-06-05T21:57:56+00:00\",\"dateModified\":\"2018-06-12T14:39:18+00:00\",\"description\":\"Durant plus de 200 ans, Leon f\u00fbt la capitale du Nicaragua avant d'\u00eatre remplac\u00e9e par Managua en 1851.\",\"breadcrumb\":{\"@id\":\"https:\\\/\\\/abc-latina.com\\\/nicaragua\\\/leon\\\/#breadcrumb\"},\"inLanguage\":\"fr-FR\",\"potentialAction\":[{\"@type\":\"ReadAction\",\"target\":[\"https:\\\/\\\/abc-latina.com\\\/nicaragua\\\/leon\\\/\"]}]},{\"@type\":\"ImageObject\",\"inLanguage\":\"fr-FR\",\"@id\":\"https:\\\/\\\/abc-latina.com\\\/nicaragua\\\/leon\\\/#primaryimage\",\"url\":\"https:\\\/\\\/abc-latina.com\\\/wp-content\\\/uploads\\\/2010\\\/06\\\/leon.jpg\",\"contentUrl\":\"https:\\\/\\\/abc-latina.com\\\/wp-content\\\/uploads\\\/2010\\\/06\\\/leon.jpg\",\"width\":220,\"height\":220,\"caption\":\"VOYAGE A LEON - NICARAGUA\"},{\"@type\":\"BreadcrumbList\",\"@id\":\"https:\\\/\\\/abc-latina.com\\\/nicaragua\\\/leon\\\/#breadcrumb\",\"itemListElement\":[{\"@type\":\"ListItem\",\"position\":1,\"name\":\"Accueil\",\"item\":\"https:\\\/\\\/abc-latina.com\\\/\"},{\"@type\":\"ListItem\",\"position\":2,\"name\":\"LEON\"}]},{\"@type\":\"WebSite\",\"@id\":\"https:\\\/\\\/abc-latina.com\\\/#website\",\"url\":\"https:\\\/\\\/abc-latina.com\\\/\",\"name\":\"Abc-latina\",\"description\":\"\",\"publisher\":{\"@id\":\"https:\\\/\\\/abc-latina.com\\\/#organization\"},\"potentialAction\":[{\"@type\":\"SearchAction\",\"target\":{\"@type\":\"EntryPoint\",\"urlTemplate\":\"https:\\\/\\\/abc-latina.com\\\/?s={search_term_string}\"},\"query-input\":{\"@type\":\"PropertyValueSpecification\",\"valueRequired\":true,\"valueName\":\"search_term_string\"}}],\"inLanguage\":\"fr-FR\"},{\"@type\":\"Organization\",\"@id\":\"https:\\\/\\\/abc-latina.com\\\/#organization\",\"name\":\"Abc-latina\",\"url\":\"https:\\\/\\\/abc-latina.com\\\/\",\"logo\":{\"@type\":\"ImageObject\",\"inLanguage\":\"fr-FR\",\"@id\":\"https:\\\/\\\/abc-latina.com\\\/#\\\/schema\\\/logo\\\/image\\\/\",\"url\":\"https:\\\/\\\/abc-latina.com\\\/wp-content\\\/uploads\\\/2026\\\/05\\\/cropped-logo.gif\",\"contentUrl\":\"https:\\\/\\\/abc-latina.com\\\/wp-content\\\/uploads\\\/2026\\\/05\\\/cropped-logo.gif\",\"width\":89,\"height\":84,\"caption\":\"Abc-latina\"},\"image\":{\"@id\":\"https:\\\/\\\/abc-latina.com\\\/#\\\/schema\\\/logo\\\/image\\\/\"}}]}<\/script>\n<!-- \/ Yoast SEO plugin. -->","yoast_head_json":{"title":"LEON - Abc-latina","description":"Durant plus de 200 ans, Leon f\u00fbt la capitale du Nicaragua avant d'\u00eatre remplac\u00e9e par Managua en 1851.","robots":{"index":"index","follow":"follow","max-snippet":"max-snippet:-1","max-image-preview":"max-image-preview:large","max-video-preview":"max-video-preview:-1"},"canonical":"https:\/\/abc-latina.com\/nicaragua\/leon\/","og_locale":"fr_FR","og_type":"article","og_title":"LEON - Abc-latina","og_description":"Durant plus de 200 ans, Leon f\u00fbt la capitale du Nicaragua avant d'\u00eatre remplac\u00e9e par Managua en 1851.","og_url":"https:\/\/abc-latina.com\/nicaragua\/leon\/","og_site_name":"Abc-latina","article_modified_time":"2018-06-12T14:39:18+00:00","og_image":[{"width":220,"height":220,"url":"https:\/\/abc-latina.com\/wp-content\/uploads\/2010\/06\/leon.jpg","type":"image\/jpeg"}],"twitter_card":"summary_large_image","twitter_misc":{"Dur\u00e9e de lecture estim\u00e9e":"2 minutes"},"schema":{"@context":"https:\/\/schema.org","@graph":[{"@type":"WebPage","@id":"https:\/\/abc-latina.com\/nicaragua\/leon\/","url":"https:\/\/abc-latina.com\/nicaragua\/leon\/","name":"LEON - Abc-latina","isPartOf":{"@id":"https:\/\/abc-latina.com\/#website"},"primaryImageOfPage":{"@id":"https:\/\/abc-latina.com\/nicaragua\/leon\/#primaryimage"},"image":{"@id":"https:\/\/abc-latina.com\/nicaragua\/leon\/#primaryimage"},"thumbnailUrl":"https:\/\/abc-latina.com\/wp-content\/uploads\/2010\/06\/leon.jpg","datePublished":"2010-06-05T21:57:56+00:00","dateModified":"2018-06-12T14:39:18+00:00","description":"Durant plus de 200 ans, Leon f\u00fbt la capitale du Nicaragua avant d'\u00eatre remplac\u00e9e par Managua en 1851.","breadcrumb":{"@id":"https:\/\/abc-latina.com\/nicaragua\/leon\/#breadcrumb"},"inLanguage":"fr-FR","potentialAction":[{"@type":"ReadAction","target":["https:\/\/abc-latina.com\/nicaragua\/leon\/"]}]},{"@type":"ImageObject","inLanguage":"fr-FR","@id":"https:\/\/abc-latina.com\/nicaragua\/leon\/#primaryimage","url":"https:\/\/abc-latina.com\/wp-content\/uploads\/2010\/06\/leon.jpg","contentUrl":"https:\/\/abc-latina.com\/wp-content\/uploads\/2010\/06\/leon.jpg","width":220,"height":220,"caption":"VOYAGE A LEON - NICARAGUA"},{"@type":"BreadcrumbList","@id":"https:\/\/abc-latina.com\/nicaragua\/leon\/#breadcrumb","itemListElement":[{"@type":"ListItem","position":1,"name":"Accueil","item":"https:\/\/abc-latina.com\/"},{"@type":"ListItem","position":2,"name":"LEON"}]},{"@type":"WebSite","@id":"https:\/\/abc-latina.com\/#website","url":"https:\/\/abc-latina.com\/","name":"Abc-latina","description":"","publisher":{"@id":"https:\/\/abc-latina.com\/#organization"},"potentialAction":[{"@type":"SearchAction","target":{"@type":"EntryPoint","urlTemplate":"https:\/\/abc-latina.com\/?s={search_term_string}"},"query-input":{"@type":"PropertyValueSpecification","valueRequired":true,"valueName":"search_term_string"}}],"inLanguage":"fr-FR"},{"@type":"Organization","@id":"https:\/\/abc-latina.com\/#organization","name":"Abc-latina","url":"https:\/\/abc-latina.com\/","logo":{"@type":"ImageObject","inLanguage":"fr-FR","@id":"https:\/\/abc-latina.com\/#\/schema\/logo\/image\/","url":"https:\/\/abc-latina.com\/wp-content\/uploads\/2026\/05\/cropped-logo.gif","contentUrl":"https:\/\/abc-latina.com\/wp-content\/uploads\/2026\/05\/cropped-logo.gif","width":89,"height":84,"caption":"Abc-latina"},"image":{"@id":"https:\/\/abc-latina.com\/#\/schema\/logo\/image\/"}}]}},"_links":{"self":[{"href":"https:\/\/abc-latina.com\/wp-json\/wp\/v2\/pages\/361","targetHints":{"allow":["GET"]}}],"collection":[{"href":"https:\/\/abc-latina.com\/wp-json\/wp\/v2\/pages"}],"about":[{"href":"https:\/\/abc-latina.com\/wp-json\/wp\/v2\/types\/page"}],"author":[{"embeddable":true,"href":"https:\/\/abc-latina.com\/wp-json\/wp\/v2\/users\/3"}],"replies":[{"embeddable":true,"href":"https:\/\/abc-latina.com\/wp-json\/wp\/v2\/comments?post=361"}],"version-history":[{"count":0,"href":"https:\/\/abc-latina.com\/wp-json\/wp\/v2\/pages\/361\/revisions"}],"up":[{"embeddable":true,"href":"https:\/\/abc-latina.com\/wp-json\/wp\/v2\/pages\/2310"}],"wp:featuredmedia":[{"embeddable":true,"href":"https:\/\/abc-latina.com\/wp-json\/wp\/v2\/media\/360"}],"wp:attachment":[{"href":"https:\/\/abc-latina.com\/wp-json\/wp\/v2\/media?parent=361"}],"curies":[{"name":"wp","href":"https:\/\/api.w.org\/{rel}","templated":true}]}}