{"id":362,"date":"2010-06-05T23:59:29","date_gmt":"2010-06-05T21:59:29","guid":{"rendered":"http:\/\/abc-latina.com\/managua-htm\/"},"modified":"2018-06-12T16:40:55","modified_gmt":"2018-06-12T14:40:55","slug":"managua","status":"publish","type":"page","link":"https:\/\/abc-latina.com\/nicaragua\/managua\/","title":{"rendered":"MANAGUA"},"content":{"rendered":"<div><span class=\"tourisme-chapitre\">Managua <\/span>est une ville r\u00e9ellement originale. Si vous cherchez le centre de Managua, vous ne le trouverez pas: Managua n&rsquo;a pas de centre. Il a \u00e9t\u00e9 d\u00e9truit par le tremblement de terre de 1972, et les probl\u00e8mes de l&rsquo;\u00e9poque firent remettre sa reconstruction . Avec le temps la ville se fit plusieurs centres, et maintenant plus personne n&rsquo;est r\u00e9ellement int\u00e9ress\u00e9 par la reconstruction de l&rsquo;ancien Managua, dont il reste les ruines comme t\u00e9moins de l&rsquo;horreur du s\u00e9isme.&nbsp;<\/div>\n<div>&nbsp;<\/div>\n<div>Si vous regardez Managua depuis les collines voisines, vous ne verrez que des arbres, car la plusparts des batiments n&rsquo;ont pas d&rsquo;\u00e9tage, et sont recouverts par la v\u00e9g\u00e9tation abondante de Managua; peu d&rsquo;immeubles \u00e9mergent des arbres parmis lesquels l&rsquo;\u00e9difice du Banco de Am\u00e9rica, le plus haut du pays). Managua est peut-\u00eatre la seule capitale champ\u00eatre, on se sent \u00e0 la campagne tout en \u00e9tant en pleine ville. Une autre particularit\u00e9 de managua est sont syst\u00e8me d&rsquo;adresses: quelques rues ont des noms, mais personne ne les conna\u00eet, ici on se rep\u00e8re avec les 4 points cardinaux \u00e0 partir d&rsquo;un point de rep\u00e8re connu: de l\u00e0 o\u00f9 fut le petit arbre, un p\u00e2t\u00e9 de maison vers le Lac , et 25 pas vers le haut (vers le haut est l&rsquo;Est car le soleil va vers le haut quand il est \u00e0 l&rsquo;Est, vers le bas est l&rsquo;Ouest, vers le Lac est le Nord, seul le Sud conserve son nom).&nbsp;<\/div>\n<div>\n<div><a href=\"..\/tour_operateur\" target=\"_blank\"><img loading=\"lazy\" decoding=\"async\" class=\" size-full wp-image-41\" alt=\"\" class=\"touroperateur\" src=\"http:\/\/abc-latina.com\/wp-content\/uploads\/2010\/04\/timbre_to.gif\" width=\"125\" height=\"90\" \/><\/a><\/div>\n<p>Le Lac de Managua, petit fr\u00e8re du lac de Nicaragua embellit la ville, et lui donne un aspect portuaire. Sa topographie assure un futur touristique prometteur \u00e0 Managua, si on r\u00e9ussit \u00e0 restaurer la rive du Lac, et si on la conditionne pour le tourisme. Esp\u00e9rons qu&rsquo;avec le temps les managuas (habitants de Managua) apprennent \u00e0 red\u00e9couvrir leur lac.&nbsp;<\/p><\/div>\n<div>Jusqu&rsquo;au si\u00e8cle dernier, Managua \u00e9tait un bourg, et elle s&rsquo;est agrandit rapidement apr\u00e8s avoir \u00e9t\u00e9 \u00e9lev\u00e9e au rang de capitale en 1852, comme r\u00e9sultant d&rsquo;une concurence pour ce r\u00f4le entre Granada et Leon Pour cette raison Managua n&rsquo;a pas de quartier colonial, et n&rsquo;en a jamais eu.&nbsp;<\/div>\n<div>&nbsp;<\/div>\n","protected":false},"excerpt":{"rendered":"<p>Managua est une ville r\u00e9ellement originale. Si vous cherchez le centre de Managua, vous ne le trouverez pas: Managua n&rsquo;a [&hellip;]<\/p>\n","protected":false},"author":3,"featured_media":41,"parent":2310,"menu_order":0,"comment_status":"closed","ping_status":"closed","template":"","meta":{"site-sidebar-layout":"default","site-content-layout":"","ast-site-content-layout":"default","site-content-style":"default","site-sidebar-style":"default","ast-global-header-display":"","ast-banner-title-visibility":"","ast-main-header-display":"","ast-hfb-above-header-display":"","ast-hfb-below-header-display":"","ast-hfb-mobile-header-display":"","site-post-title":"","ast-breadcrumbs-content":"","ast-featured-img":"","footer-sml-layout":"","ast-disable-related-posts":"","theme-transparent-header-meta":"","adv-header-id-meta":"","stick-header-meta":"","header-above-stick-meta":"","header-main-stick-meta":"","header-below-stick-meta":"","astra-migrate-meta-layouts":"default","ast-page-background-enabled":"default","ast-page-background-meta":{"desktop":{"background-color":"var(--ast-global-color-5)","background-image":"","background-repeat":"repeat","background-position":"center center","background-size":"auto","background-attachment":"scroll","background-type":"","background-media":"","overlay-type":"","overlay-color":"","overlay-opacity":"","overlay-gradient":""},"tablet":{"background-color":"","background-image":"","background-repeat":"repeat","background-position":"center center","background-size":"auto","background-attachment":"scroll","background-type":"","background-media":"","overlay-type":"","overlay-color":"","overlay-opacity":"","overlay-gradient":""},"mobile":{"background-color":"","background-image":"","background-repeat":"repeat","background-position":"center center","background-size":"auto","background-attachment":"scroll","background-type":"","background-media":"","overlay-type":"","overlay-color":"","overlay-opacity":"","overlay-gradient":""}},"ast-content-background-meta":{"desktop":{"background-color":"var(--ast-global-color-4)","background-image":"","background-repeat":"repeat","background-position":"center center","background-size":"auto","background-attachment":"scroll","background-type":"","background-media":"","overlay-type":"","overlay-color":"","overlay-opacity":"","overlay-gradient":""},"tablet":{"background-color":"var(--ast-global-color-4)","background-image":"","background-repeat":"repeat","background-position":"center center","background-size":"auto","background-attachment":"scroll","background-type":"","background-media":"","overlay-type":"","overlay-color":"","overlay-opacity":"","overlay-gradient":""},"mobile":{"background-color":"var(--ast-global-color-4)","background-image":"","background-repeat":"repeat","background-position":"center center","background-size":"auto","background-attachment":"scroll","background-type":"","background-media":"","overlay-type":"","overlay-color":"","overlay-opacity":"","overlay-gradient":""}},"footnotes":""},"class_list":["post-362","page","type-page","status-publish","has-post-thumbnail","hentry"],"yoast_head":"<!-- This site is optimized with the Yoast SEO plugin v27.5 - https:\/\/yoast.com\/product\/yoast-seo-wordpress\/ -->\n<title>MANAGUA - Abc-latina<\/title>\n<meta name=\"description\" content=\"La capitale du Nicaragua: Managua.\" \/>\n<meta name=\"robots\" content=\"index, follow, max-snippet:-1, max-image-preview:large, max-video-preview:-1\" \/>\n<link rel=\"canonical\" href=\"https:\/\/abc-latina.com\/nicaragua\/managua\/\" \/>\n<meta property=\"og:locale\" content=\"fr_FR\" \/>\n<meta property=\"og:type\" content=\"article\" \/>\n<meta property=\"og:title\" content=\"MANAGUA - Abc-latina\" \/>\n<meta property=\"og:description\" content=\"La capitale du Nicaragua: Managua.\" \/>\n<meta property=\"og:url\" content=\"https:\/\/abc-latina.com\/nicaragua\/managua\/\" \/>\n<meta property=\"og:site_name\" content=\"Abc-latina\" \/>\n<meta property=\"article:modified_time\" content=\"2018-06-12T14:40:55+00:00\" \/>\n<meta property=\"og:image\" content=\"https:\/\/abc-latina.com\/wp-content\/uploads\/2010\/04\/timbre_to.gif\" \/>\n\t<meta property=\"og:image:width\" content=\"125\" \/>\n\t<meta property=\"og:image:height\" content=\"90\" \/>\n\t<meta property=\"og:image:type\" content=\"image\/gif\" \/>\n<meta name=\"twitter:card\" content=\"summary_large_image\" \/>\n<meta name=\"twitter:label1\" content=\"Dur\u00e9e de lecture estim\u00e9e\" \/>\n\t<meta name=\"twitter:data1\" content=\"2 minutes\" \/>\n<script type=\"application\/ld+json\" class=\"yoast-schema-graph\">{\"@context\":\"https:\\\/\\\/schema.org\",\"@graph\":[{\"@type\":\"WebPage\",\"@id\":\"https:\\\/\\\/abc-latina.com\\\/nicaragua\\\/managua\\\/\",\"url\":\"https:\\\/\\\/abc-latina.com\\\/nicaragua\\\/managua\\\/\",\"name\":\"MANAGUA - Abc-latina\",\"isPartOf\":{\"@id\":\"https:\\\/\\\/abc-latina.com\\\/#website\"},\"primaryImageOfPage\":{\"@id\":\"https:\\\/\\\/abc-latina.com\\\/nicaragua\\\/managua\\\/#primaryimage\"},\"image\":{\"@id\":\"https:\\\/\\\/abc-latina.com\\\/nicaragua\\\/managua\\\/#primaryimage\"},\"thumbnailUrl\":\"https:\\\/\\\/abc-latina.com\\\/wp-content\\\/uploads\\\/2010\\\/04\\\/timbre_to.gif\",\"datePublished\":\"2010-06-05T21:59:29+00:00\",\"dateModified\":\"2018-06-12T14:40:55+00:00\",\"description\":\"La capitale du Nicaragua: Managua.\",\"breadcrumb\":{\"@id\":\"https:\\\/\\\/abc-latina.com\\\/nicaragua\\\/managua\\\/#breadcrumb\"},\"inLanguage\":\"fr-FR\",\"potentialAction\":[{\"@type\":\"ReadAction\",\"target\":[\"https:\\\/\\\/abc-latina.com\\\/nicaragua\\\/managua\\\/\"]}]},{\"@type\":\"ImageObject\",\"inLanguage\":\"fr-FR\",\"@id\":\"https:\\\/\\\/abc-latina.com\\\/nicaragua\\\/managua\\\/#primaryimage\",\"url\":\"https:\\\/\\\/abc-latina.com\\\/wp-content\\\/uploads\\\/2010\\\/04\\\/timbre_to.gif\",\"contentUrl\":\"https:\\\/\\\/abc-latina.com\\\/wp-content\\\/uploads\\\/2010\\\/04\\\/timbre_to.gif\",\"width\":125,\"height\":90},{\"@type\":\"BreadcrumbList\",\"@id\":\"https:\\\/\\\/abc-latina.com\\\/nicaragua\\\/managua\\\/#breadcrumb\",\"itemListElement\":[{\"@type\":\"ListItem\",\"position\":1,\"name\":\"Accueil\",\"item\":\"https:\\\/\\\/abc-latina.com\\\/\"},{\"@type\":\"ListItem\",\"position\":2,\"name\":\"MANAGUA\"}]},{\"@type\":\"WebSite\",\"@id\":\"https:\\\/\\\/abc-latina.com\\\/#website\",\"url\":\"https:\\\/\\\/abc-latina.com\\\/\",\"name\":\"Abc-latina\",\"description\":\"\",\"publisher\":{\"@id\":\"https:\\\/\\\/abc-latina.com\\\/#organization\"},\"potentialAction\":[{\"@type\":\"SearchAction\",\"target\":{\"@type\":\"EntryPoint\",\"urlTemplate\":\"https:\\\/\\\/abc-latina.com\\\/?s={search_term_string}\"},\"query-input\":{\"@type\":\"PropertyValueSpecification\",\"valueRequired\":true,\"valueName\":\"search_term_string\"}}],\"inLanguage\":\"fr-FR\"},{\"@type\":\"Organization\",\"@id\":\"https:\\\/\\\/abc-latina.com\\\/#organization\",\"name\":\"Abc-latina\",\"url\":\"https:\\\/\\\/abc-latina.com\\\/\",\"logo\":{\"@type\":\"ImageObject\",\"inLanguage\":\"fr-FR\",\"@id\":\"https:\\\/\\\/abc-latina.com\\\/#\\\/schema\\\/logo\\\/image\\\/\",\"url\":\"https:\\\/\\\/abc-latina.com\\\/wp-content\\\/uploads\\\/2026\\\/05\\\/cropped-logo.gif\",\"contentUrl\":\"https:\\\/\\\/abc-latina.com\\\/wp-content\\\/uploads\\\/2026\\\/05\\\/cropped-logo.gif\",\"width\":89,\"height\":84,\"caption\":\"Abc-latina\"},\"image\":{\"@id\":\"https:\\\/\\\/abc-latina.com\\\/#\\\/schema\\\/logo\\\/image\\\/\"}}]}<\/script>\n<!-- \/ Yoast SEO plugin. -->","yoast_head_json":{"title":"MANAGUA - Abc-latina","description":"La capitale du Nicaragua: Managua.","robots":{"index":"index","follow":"follow","max-snippet":"max-snippet:-1","max-image-preview":"max-image-preview:large","max-video-preview":"max-video-preview:-1"},"canonical":"https:\/\/abc-latina.com\/nicaragua\/managua\/","og_locale":"fr_FR","og_type":"article","og_title":"MANAGUA - Abc-latina","og_description":"La capitale du Nicaragua: Managua.","og_url":"https:\/\/abc-latina.com\/nicaragua\/managua\/","og_site_name":"Abc-latina","article_modified_time":"2018-06-12T14:40:55+00:00","og_image":[{"width":125,"height":90,"url":"https:\/\/abc-latina.com\/wp-content\/uploads\/2010\/04\/timbre_to.gif","type":"image\/gif"}],"twitter_card":"summary_large_image","twitter_misc":{"Dur\u00e9e de lecture estim\u00e9e":"2 minutes"},"schema":{"@context":"https:\/\/schema.org","@graph":[{"@type":"WebPage","@id":"https:\/\/abc-latina.com\/nicaragua\/managua\/","url":"https:\/\/abc-latina.com\/nicaragua\/managua\/","name":"MANAGUA - Abc-latina","isPartOf":{"@id":"https:\/\/abc-latina.com\/#website"},"primaryImageOfPage":{"@id":"https:\/\/abc-latina.com\/nicaragua\/managua\/#primaryimage"},"image":{"@id":"https:\/\/abc-latina.com\/nicaragua\/managua\/#primaryimage"},"thumbnailUrl":"https:\/\/abc-latina.com\/wp-content\/uploads\/2010\/04\/timbre_to.gif","datePublished":"2010-06-05T21:59:29+00:00","dateModified":"2018-06-12T14:40:55+00:00","description":"La capitale du Nicaragua: Managua.","breadcrumb":{"@id":"https:\/\/abc-latina.com\/nicaragua\/managua\/#breadcrumb"},"inLanguage":"fr-FR","potentialAction":[{"@type":"ReadAction","target":["https:\/\/abc-latina.com\/nicaragua\/managua\/"]}]},{"@type":"ImageObject","inLanguage":"fr-FR","@id":"https:\/\/abc-latina.com\/nicaragua\/managua\/#primaryimage","url":"https:\/\/abc-latina.com\/wp-content\/uploads\/2010\/04\/timbre_to.gif","contentUrl":"https:\/\/abc-latina.com\/wp-content\/uploads\/2010\/04\/timbre_to.gif","width":125,"height":90},{"@type":"BreadcrumbList","@id":"https:\/\/abc-latina.com\/nicaragua\/managua\/#breadcrumb","itemListElement":[{"@type":"ListItem","position":1,"name":"Accueil","item":"https:\/\/abc-latina.com\/"},{"@type":"ListItem","position":2,"name":"MANAGUA"}]},{"@type":"WebSite","@id":"https:\/\/abc-latina.com\/#website","url":"https:\/\/abc-latina.com\/","name":"Abc-latina","description":"","publisher":{"@id":"https:\/\/abc-latina.com\/#organization"},"potentialAction":[{"@type":"SearchAction","target":{"@type":"EntryPoint","urlTemplate":"https:\/\/abc-latina.com\/?s={search_term_string}"},"query-input":{"@type":"PropertyValueSpecification","valueRequired":true,"valueName":"search_term_string"}}],"inLanguage":"fr-FR"},{"@type":"Organization","@id":"https:\/\/abc-latina.com\/#organization","name":"Abc-latina","url":"https:\/\/abc-latina.com\/","logo":{"@type":"ImageObject","inLanguage":"fr-FR","@id":"https:\/\/abc-latina.com\/#\/schema\/logo\/image\/","url":"https:\/\/abc-latina.com\/wp-content\/uploads\/2026\/05\/cropped-logo.gif","contentUrl":"https:\/\/abc-latina.com\/wp-content\/uploads\/2026\/05\/cropped-logo.gif","width":89,"height":84,"caption":"Abc-latina"},"image":{"@id":"https:\/\/abc-latina.com\/#\/schema\/logo\/image\/"}}]}},"_links":{"self":[{"href":"https:\/\/abc-latina.com\/wp-json\/wp\/v2\/pages\/362","targetHints":{"allow":["GET"]}}],"collection":[{"href":"https:\/\/abc-latina.com\/wp-json\/wp\/v2\/pages"}],"about":[{"href":"https:\/\/abc-latina.com\/wp-json\/wp\/v2\/types\/page"}],"author":[{"embeddable":true,"href":"https:\/\/abc-latina.com\/wp-json\/wp\/v2\/users\/3"}],"replies":[{"embeddable":true,"href":"https:\/\/abc-latina.com\/wp-json\/wp\/v2\/comments?post=362"}],"version-history":[{"count":0,"href":"https:\/\/abc-latina.com\/wp-json\/wp\/v2\/pages\/362\/revisions"}],"up":[{"embeddable":true,"href":"https:\/\/abc-latina.com\/wp-json\/wp\/v2\/pages\/2310"}],"wp:featuredmedia":[{"embeddable":true,"href":"https:\/\/abc-latina.com\/wp-json\/wp\/v2\/media\/41"}],"wp:attachment":[{"href":"https:\/\/abc-latina.com\/wp-json\/wp\/v2\/media?parent=362"}],"curies":[{"name":"wp","href":"https:\/\/api.w.org\/{rel}","templated":true}]}}