{"id":364,"date":"2010-06-06T00:01:20","date_gmt":"2010-06-05T22:01:20","guid":{"rendered":"http:\/\/abc-latina.com\/masaya-php\/"},"modified":"2018-06-12T16:38:56","modified_gmt":"2018-06-12T14:38:56","slug":"masaya","status":"publish","type":"page","link":"https:\/\/abc-latina.com\/nicaragua\/masaya\/","title":{"rendered":"MASAYA"},"content":{"rendered":"<div><span class=\"tourisme-chapitre\"><img loading=\"lazy\" decoding=\"async\" class=\" alignright size-full wp-image-363\" src=\"http:\/\/abc-latina.com\/wp-content\/uploads\/2010\/06\/masaya.jpg\" title=\"VOYAGE A MASAYA\" alt=\"VOYAGE A MASAYA\" width=\"220\" vspace=\"9\" hspace=\"15\" height=\"220\" align=\"right\" srcset=\"https:\/\/abc-latina.com\/wp-content\/uploads\/2010\/06\/masaya.jpg 220w, https:\/\/abc-latina.com\/wp-content\/uploads\/2010\/06\/masaya-150x150.jpg 150w\" sizes=\"auto, (max-width: 220px) 100vw, 220px\" \/>Masaya<\/span>, surnomm\u00e9e &quot;la ville des fleurs&quot; par Rub\u00e9n Dar\u00edo, est un endroit charmant qu&rsquo;il fait bon visiter \u00e0 pied, surtout si vous arrivez tout juste de Managua. Ses rues sont \u00e9maill\u00e9es de bicyclettes et bord\u00e9es de b\u00e2timents color\u00e9s aux toits de tuiles. Il s&rsquo;en d\u00e9gage une atmosph\u00e8re grouillante, rehauss\u00e9e par le sentiment que tout le monde y a quelque chose \u00e0 faire ou quelque part o\u00f9 aller. Masaya s&rsquo;enorgueillit par ailleurs d&rsquo;une longue histoire \u00e0 titre d&rsquo;un des centres de la population indig\u00e8ne du pays.<\/div>\n<div>&nbsp;<\/div>\n<div>Masaya occupe une place importante dans l&rsquo;histoire du Nicaragua, et, m\u00eame si, comme dans le reste du pays, la vie moderne tr\u00e9pidante accorde peu de place \u00e0 l&rsquo;histoire, on trouve n\u00e9anmoins un certain nombre de monuments et de mus\u00e9es comm\u00e9morant les hauts faits de son pass\u00e9. L&rsquo;histoire est grav\u00e9e dans ses rues, ses \u00e9difices et sur le visage de ses habitants. La ville repose dans une r\u00e9gion traditionnellement indig\u00e8ne o\u00f9 l&rsquo;on raconte que les premiers colons ont \u00e9t\u00e9 vaincus par une agressive population am\u00e9rindienne.<\/div>\n<div><a target=\"_blank\" href=\"..\/tour_operateur\"><img loading=\"lazy\" decoding=\"async\" class=\" size-full wp-image-41\" src=\"http:\/\/abc-latina.com\/wp-content\/uploads\/2010\/04\/timbre_to.gif\" class=\"touroperateur\" alt=\"\" width=\"125\" height=\"90\" \/><\/a><\/div>\n<div>&nbsp;<\/div>\n<div>Masaya est reconnue aujourd&rsquo;hui comme centre d&rsquo;artisanat, et son march\u00e9 attire non seulement les visiteurs \u00e9trangers, mais aussi des Nicaraguayens venus d&rsquo;autres r\u00e9gions du pays. Les traditions folkloriques de Masaya sont tr\u00e8s profond\u00e9ment ancr\u00e9es dans l&rsquo;\u00e2me des habitants, et l&rsquo;on y c\u00e9l\u00e8bre tous les mois de petits festivals. Les meilleures journ\u00e9es de festivit\u00e9s demeurent n\u00e9anmoins les 29 et 30 septembre, pendant lesquelles on peut participer \u00e0 la Fiesta de San Jer\u00f3nimo. Des photographies de danseurs masqu\u00e9s prises lors de ce festival sont souvent reproduites sur la page couverture des brochures touristiques.<\/div>\n","protected":false},"excerpt":{"rendered":"<p>Masaya, surnomm\u00e9e &quot;la ville des fleurs&quot; par Rub\u00e9n Dar\u00edo, est un endroit charmant qu&rsquo;il fait bon visiter \u00e0 pied, surtout [&hellip;]<\/p>\n","protected":false},"author":3,"featured_media":363,"parent":2310,"menu_order":0,"comment_status":"closed","ping_status":"closed","template":"","meta":{"site-sidebar-layout":"default","site-content-layout":"","ast-site-content-layout":"default","site-content-style":"default","site-sidebar-style":"default","ast-global-header-display":"","ast-banner-title-visibility":"","ast-main-header-display":"","ast-hfb-above-header-display":"","ast-hfb-below-header-display":"","ast-hfb-mobile-header-display":"","site-post-title":"","ast-breadcrumbs-content":"","ast-featured-img":"","footer-sml-layout":"","ast-disable-related-posts":"","theme-transparent-header-meta":"","adv-header-id-meta":"","stick-header-meta":"","header-above-stick-meta":"","header-main-stick-meta":"","header-below-stick-meta":"","astra-migrate-meta-layouts":"default","ast-page-background-enabled":"default","ast-page-background-meta":{"desktop":{"background-color":"var(--ast-global-color-5)","background-image":"","background-repeat":"repeat","background-position":"center center","background-size":"auto","background-attachment":"scroll","background-type":"","background-media":"","overlay-type":"","overlay-color":"","overlay-opacity":"","overlay-gradient":""},"tablet":{"background-color":"","background-image":"","background-repeat":"repeat","background-position":"center center","background-size":"auto","background-attachment":"scroll","background-type":"","background-media":"","overlay-type":"","overlay-color":"","overlay-opacity":"","overlay-gradient":""},"mobile":{"background-color":"","background-image":"","background-repeat":"repeat","background-position":"center center","background-size":"auto","background-attachment":"scroll","background-type":"","background-media":"","overlay-type":"","overlay-color":"","overlay-opacity":"","overlay-gradient":""}},"ast-content-background-meta":{"desktop":{"background-color":"var(--ast-global-color-4)","background-image":"","background-repeat":"repeat","background-position":"center center","background-size":"auto","background-attachment":"scroll","background-type":"","background-media":"","overlay-type":"","overlay-color":"","overlay-opacity":"","overlay-gradient":""},"tablet":{"background-color":"var(--ast-global-color-4)","background-image":"","background-repeat":"repeat","background-position":"center center","background-size":"auto","background-attachment":"scroll","background-type":"","background-media":"","overlay-type":"","overlay-color":"","overlay-opacity":"","overlay-gradient":""},"mobile":{"background-color":"var(--ast-global-color-4)","background-image":"","background-repeat":"repeat","background-position":"center center","background-size":"auto","background-attachment":"scroll","background-type":"","background-media":"","overlay-type":"","overlay-color":"","overlay-opacity":"","overlay-gradient":""}},"footnotes":""},"class_list":["post-364","page","type-page","status-publish","has-post-thumbnail","hentry"],"yoast_head":"<!-- This site is optimized with the Yoast SEO plugin v27.5 - https:\/\/yoast.com\/product\/yoast-seo-wordpress\/ -->\n<title>MASAYA - Abc-latina<\/title>\n<meta name=\"description\" content=\"Masaya est reconnue aujourd&#039;hui comme centre d&#039;artisanat, et son march\u00e9 attire non seulement les visiteurs \u00e9trangers, mais aussi des Nicaraguayens.\" \/>\n<meta name=\"robots\" content=\"index, follow, max-snippet:-1, max-image-preview:large, max-video-preview:-1\" \/>\n<link rel=\"canonical\" href=\"https:\/\/abc-latina.com\/nicaragua\/masaya\/\" \/>\n<meta property=\"og:locale\" content=\"fr_FR\" \/>\n<meta property=\"og:type\" content=\"article\" \/>\n<meta property=\"og:title\" content=\"MASAYA - Abc-latina\" \/>\n<meta property=\"og:description\" content=\"Masaya est reconnue aujourd&#039;hui comme centre d&#039;artisanat, et son march\u00e9 attire non seulement les visiteurs \u00e9trangers, mais aussi des Nicaraguayens.\" \/>\n<meta property=\"og:url\" content=\"https:\/\/abc-latina.com\/nicaragua\/masaya\/\" \/>\n<meta property=\"og:site_name\" content=\"Abc-latina\" \/>\n<meta property=\"article:modified_time\" content=\"2018-06-12T14:38:56+00:00\" \/>\n<meta property=\"og:image\" content=\"https:\/\/abc-latina.com\/wp-content\/uploads\/2010\/06\/masaya.jpg\" \/>\n\t<meta property=\"og:image:width\" content=\"220\" \/>\n\t<meta property=\"og:image:height\" content=\"220\" \/>\n\t<meta property=\"og:image:type\" content=\"image\/jpeg\" \/>\n<meta name=\"twitter:card\" content=\"summary_large_image\" \/>\n<meta name=\"twitter:label1\" content=\"Dur\u00e9e de lecture estim\u00e9e\" \/>\n\t<meta name=\"twitter:data1\" content=\"1 minute\" \/>\n<script type=\"application\/ld+json\" class=\"yoast-schema-graph\">{\"@context\":\"https:\\\/\\\/schema.org\",\"@graph\":[{\"@type\":\"WebPage\",\"@id\":\"https:\\\/\\\/abc-latina.com\\\/nicaragua\\\/masaya\\\/\",\"url\":\"https:\\\/\\\/abc-latina.com\\\/nicaragua\\\/masaya\\\/\",\"name\":\"MASAYA - Abc-latina\",\"isPartOf\":{\"@id\":\"https:\\\/\\\/abc-latina.com\\\/#website\"},\"primaryImageOfPage\":{\"@id\":\"https:\\\/\\\/abc-latina.com\\\/nicaragua\\\/masaya\\\/#primaryimage\"},\"image\":{\"@id\":\"https:\\\/\\\/abc-latina.com\\\/nicaragua\\\/masaya\\\/#primaryimage\"},\"thumbnailUrl\":\"https:\\\/\\\/abc-latina.com\\\/wp-content\\\/uploads\\\/2010\\\/06\\\/masaya.jpg\",\"datePublished\":\"2010-06-05T22:01:20+00:00\",\"dateModified\":\"2018-06-12T14:38:56+00:00\",\"description\":\"Masaya est reconnue aujourd'hui comme centre d'artisanat, et son march\u00e9 attire non seulement les visiteurs \u00e9trangers, mais aussi des Nicaraguayens.\",\"breadcrumb\":{\"@id\":\"https:\\\/\\\/abc-latina.com\\\/nicaragua\\\/masaya\\\/#breadcrumb\"},\"inLanguage\":\"fr-FR\",\"potentialAction\":[{\"@type\":\"ReadAction\",\"target\":[\"https:\\\/\\\/abc-latina.com\\\/nicaragua\\\/masaya\\\/\"]}]},{\"@type\":\"ImageObject\",\"inLanguage\":\"fr-FR\",\"@id\":\"https:\\\/\\\/abc-latina.com\\\/nicaragua\\\/masaya\\\/#primaryimage\",\"url\":\"https:\\\/\\\/abc-latina.com\\\/wp-content\\\/uploads\\\/2010\\\/06\\\/masaya.jpg\",\"contentUrl\":\"https:\\\/\\\/abc-latina.com\\\/wp-content\\\/uploads\\\/2010\\\/06\\\/masaya.jpg\",\"width\":220,\"height\":220,\"caption\":\"VOYAGE A MASAYA\"},{\"@type\":\"BreadcrumbList\",\"@id\":\"https:\\\/\\\/abc-latina.com\\\/nicaragua\\\/masaya\\\/#breadcrumb\",\"itemListElement\":[{\"@type\":\"ListItem\",\"position\":1,\"name\":\"Accueil\",\"item\":\"https:\\\/\\\/abc-latina.com\\\/\"},{\"@type\":\"ListItem\",\"position\":2,\"name\":\"MASAYA\"}]},{\"@type\":\"WebSite\",\"@id\":\"https:\\\/\\\/abc-latina.com\\\/#website\",\"url\":\"https:\\\/\\\/abc-latina.com\\\/\",\"name\":\"Abc-latina\",\"description\":\"\",\"publisher\":{\"@id\":\"https:\\\/\\\/abc-latina.com\\\/#organization\"},\"potentialAction\":[{\"@type\":\"SearchAction\",\"target\":{\"@type\":\"EntryPoint\",\"urlTemplate\":\"https:\\\/\\\/abc-latina.com\\\/?s={search_term_string}\"},\"query-input\":{\"@type\":\"PropertyValueSpecification\",\"valueRequired\":true,\"valueName\":\"search_term_string\"}}],\"inLanguage\":\"fr-FR\"},{\"@type\":\"Organization\",\"@id\":\"https:\\\/\\\/abc-latina.com\\\/#organization\",\"name\":\"Abc-latina\",\"url\":\"https:\\\/\\\/abc-latina.com\\\/\",\"logo\":{\"@type\":\"ImageObject\",\"inLanguage\":\"fr-FR\",\"@id\":\"https:\\\/\\\/abc-latina.com\\\/#\\\/schema\\\/logo\\\/image\\\/\",\"url\":\"https:\\\/\\\/abc-latina.com\\\/wp-content\\\/uploads\\\/2026\\\/05\\\/cropped-logo.gif\",\"contentUrl\":\"https:\\\/\\\/abc-latina.com\\\/wp-content\\\/uploads\\\/2026\\\/05\\\/cropped-logo.gif\",\"width\":89,\"height\":84,\"caption\":\"Abc-latina\"},\"image\":{\"@id\":\"https:\\\/\\\/abc-latina.com\\\/#\\\/schema\\\/logo\\\/image\\\/\"}}]}<\/script>\n<!-- \/ Yoast SEO plugin. -->","yoast_head_json":{"title":"MASAYA - Abc-latina","description":"Masaya est reconnue aujourd'hui comme centre d'artisanat, et son march\u00e9 attire non seulement les visiteurs \u00e9trangers, mais aussi des Nicaraguayens.","robots":{"index":"index","follow":"follow","max-snippet":"max-snippet:-1","max-image-preview":"max-image-preview:large","max-video-preview":"max-video-preview:-1"},"canonical":"https:\/\/abc-latina.com\/nicaragua\/masaya\/","og_locale":"fr_FR","og_type":"article","og_title":"MASAYA - Abc-latina","og_description":"Masaya est reconnue aujourd'hui comme centre d'artisanat, et son march\u00e9 attire non seulement les visiteurs \u00e9trangers, mais aussi des Nicaraguayens.","og_url":"https:\/\/abc-latina.com\/nicaragua\/masaya\/","og_site_name":"Abc-latina","article_modified_time":"2018-06-12T14:38:56+00:00","og_image":[{"width":220,"height":220,"url":"https:\/\/abc-latina.com\/wp-content\/uploads\/2010\/06\/masaya.jpg","type":"image\/jpeg"}],"twitter_card":"summary_large_image","twitter_misc":{"Dur\u00e9e de lecture estim\u00e9e":"1 minute"},"schema":{"@context":"https:\/\/schema.org","@graph":[{"@type":"WebPage","@id":"https:\/\/abc-latina.com\/nicaragua\/masaya\/","url":"https:\/\/abc-latina.com\/nicaragua\/masaya\/","name":"MASAYA - Abc-latina","isPartOf":{"@id":"https:\/\/abc-latina.com\/#website"},"primaryImageOfPage":{"@id":"https:\/\/abc-latina.com\/nicaragua\/masaya\/#primaryimage"},"image":{"@id":"https:\/\/abc-latina.com\/nicaragua\/masaya\/#primaryimage"},"thumbnailUrl":"https:\/\/abc-latina.com\/wp-content\/uploads\/2010\/06\/masaya.jpg","datePublished":"2010-06-05T22:01:20+00:00","dateModified":"2018-06-12T14:38:56+00:00","description":"Masaya est reconnue aujourd'hui comme centre d'artisanat, et son march\u00e9 attire non seulement les visiteurs \u00e9trangers, mais aussi des Nicaraguayens.","breadcrumb":{"@id":"https:\/\/abc-latina.com\/nicaragua\/masaya\/#breadcrumb"},"inLanguage":"fr-FR","potentialAction":[{"@type":"ReadAction","target":["https:\/\/abc-latina.com\/nicaragua\/masaya\/"]}]},{"@type":"ImageObject","inLanguage":"fr-FR","@id":"https:\/\/abc-latina.com\/nicaragua\/masaya\/#primaryimage","url":"https:\/\/abc-latina.com\/wp-content\/uploads\/2010\/06\/masaya.jpg","contentUrl":"https:\/\/abc-latina.com\/wp-content\/uploads\/2010\/06\/masaya.jpg","width":220,"height":220,"caption":"VOYAGE A MASAYA"},{"@type":"BreadcrumbList","@id":"https:\/\/abc-latina.com\/nicaragua\/masaya\/#breadcrumb","itemListElement":[{"@type":"ListItem","position":1,"name":"Accueil","item":"https:\/\/abc-latina.com\/"},{"@type":"ListItem","position":2,"name":"MASAYA"}]},{"@type":"WebSite","@id":"https:\/\/abc-latina.com\/#website","url":"https:\/\/abc-latina.com\/","name":"Abc-latina","description":"","publisher":{"@id":"https:\/\/abc-latina.com\/#organization"},"potentialAction":[{"@type":"SearchAction","target":{"@type":"EntryPoint","urlTemplate":"https:\/\/abc-latina.com\/?s={search_term_string}"},"query-input":{"@type":"PropertyValueSpecification","valueRequired":true,"valueName":"search_term_string"}}],"inLanguage":"fr-FR"},{"@type":"Organization","@id":"https:\/\/abc-latina.com\/#organization","name":"Abc-latina","url":"https:\/\/abc-latina.com\/","logo":{"@type":"ImageObject","inLanguage":"fr-FR","@id":"https:\/\/abc-latina.com\/#\/schema\/logo\/image\/","url":"https:\/\/abc-latina.com\/wp-content\/uploads\/2026\/05\/cropped-logo.gif","contentUrl":"https:\/\/abc-latina.com\/wp-content\/uploads\/2026\/05\/cropped-logo.gif","width":89,"height":84,"caption":"Abc-latina"},"image":{"@id":"https:\/\/abc-latina.com\/#\/schema\/logo\/image\/"}}]}},"_links":{"self":[{"href":"https:\/\/abc-latina.com\/wp-json\/wp\/v2\/pages\/364","targetHints":{"allow":["GET"]}}],"collection":[{"href":"https:\/\/abc-latina.com\/wp-json\/wp\/v2\/pages"}],"about":[{"href":"https:\/\/abc-latina.com\/wp-json\/wp\/v2\/types\/page"}],"author":[{"embeddable":true,"href":"https:\/\/abc-latina.com\/wp-json\/wp\/v2\/users\/3"}],"replies":[{"embeddable":true,"href":"https:\/\/abc-latina.com\/wp-json\/wp\/v2\/comments?post=364"}],"version-history":[{"count":0,"href":"https:\/\/abc-latina.com\/wp-json\/wp\/v2\/pages\/364\/revisions"}],"up":[{"embeddable":true,"href":"https:\/\/abc-latina.com\/wp-json\/wp\/v2\/pages\/2310"}],"wp:featuredmedia":[{"embeddable":true,"href":"https:\/\/abc-latina.com\/wp-json\/wp\/v2\/media\/363"}],"wp:attachment":[{"href":"https:\/\/abc-latina.com\/wp-json\/wp\/v2\/media?parent=364"}],"curies":[{"name":"wp","href":"https:\/\/api.w.org\/{rel}","templated":true}]}}