{"id":365,"date":"2010-06-06T00:03:06","date_gmt":"2010-06-05T22:03:06","guid":{"rendered":"http:\/\/abc-latina.com\/matagalpa-htm\/"},"modified":"2018-06-12T16:40:05","modified_gmt":"2018-06-12T14:40:05","slug":"matagalpa","status":"publish","type":"page","link":"https:\/\/abc-latina.com\/nicaragua\/matagalpa\/","title":{"rendered":"MATAGALPA"},"content":{"rendered":"<div>L&rsquo;un des plus beaux secteurs du Nicaragua. Cette verte r\u00e9gion montagneuse s&rsquo;enorgueillit d&rsquo;avoir quelques unes des meilleures et des plus belles plantations de caf\u00e9 du monde. Des fermes d&rsquo;\u00e9levage pars\u00e8ment les basses plaines et la fertile vall\u00e9e de Sebaco produit une grande partie des l\u00e9gumes du pays. Dans la jungle de l&rsquo;est, des chats sauvages circulent en libert\u00e9 alors que dans les montagnes, le paysage est un \u00e9trange et quelque peu angoissant m\u00e9lange de for\u00eat vierge, de palmiers et de fleurs.<\/div>\n<div>Selva Negra signifie la &quot; For\u00eat Noire &quot; et vous penserez r\u00e9ellement \u00eatre dans cette charmante partie de la Bavi\u00e8re \u00e0 1200 m d&rsquo;altitude \u00e0 10 km de Matagalpa.<\/div>\n<div>Beaucoup d&rsquo;habitants de la r\u00e9gion sont des expatri\u00e9s d&rsquo;origine allemande, anglais et fran\u00e7aise. Ceci est d\u00fb d&rsquo;une part au climat agr\u00e9able des montagnes mais aussi au sol qui a permis, avec le caf\u00e9, de b\u00e2tir des fortunes. La r\u00e9gion est \u00e9galement id\u00e9ale pour les oiseaux, les papillons et les orchid\u00e9es. Le long de la route vers Jinotega ou vers Selva Negra les arbres sont couverts d&rsquo;orchid\u00e9es.<\/div>\n<div><a href=\"..\/tour_operateur\" target=\"_blank\"><img loading=\"lazy\" decoding=\"async\" class=\" size-full wp-image-41\" alt=\"\" src=\"http:\/\/abc-latina.com\/wp-content\/uploads\/2010\/04\/timbre_to.gif\" class=\"touroperateur\" width=\"125\" height=\"90\" \/><\/a>Matagalpa, la capitale du d\u00e9partement est la plus importante ville de montagne du Nicaragua. Situ\u00e9e au milieu de montagnes verdoyantes, de plantations de caf\u00e9 et de for\u00eats humides, elle b\u00e9n\u00e9ficie d&rsquo;un climat rafra\u00eechissant et d&rsquo;une \u00e9conomie prosp\u00e8re.<\/div>\n","protected":false},"excerpt":{"rendered":"<p>L&rsquo;un des plus beaux secteurs du Nicaragua. Cette verte r\u00e9gion montagneuse s&rsquo;enorgueillit d&rsquo;avoir quelques unes des meilleures et des plus [&hellip;]<\/p>\n","protected":false},"author":3,"featured_media":41,"parent":2310,"menu_order":0,"comment_status":"closed","ping_status":"closed","template":"","meta":{"site-sidebar-layout":"default","site-content-layout":"","ast-site-content-layout":"default","site-content-style":"default","site-sidebar-style":"default","ast-global-header-display":"","ast-banner-title-visibility":"","ast-main-header-display":"","ast-hfb-above-header-display":"","ast-hfb-below-header-display":"","ast-hfb-mobile-header-display":"","site-post-title":"","ast-breadcrumbs-content":"","ast-featured-img":"","footer-sml-layout":"","ast-disable-related-posts":"","theme-transparent-header-meta":"","adv-header-id-meta":"","stick-header-meta":"","header-above-stick-meta":"","header-main-stick-meta":"","header-below-stick-meta":"","astra-migrate-meta-layouts":"default","ast-page-background-enabled":"default","ast-page-background-meta":{"desktop":{"background-color":"var(--ast-global-color-5)","background-image":"","background-repeat":"repeat","background-position":"center center","background-size":"auto","background-attachment":"scroll","background-type":"","background-media":"","overlay-type":"","overlay-color":"","overlay-opacity":"","overlay-gradient":""},"tablet":{"background-color":"","background-image":"","background-repeat":"repeat","background-position":"center center","background-size":"auto","background-attachment":"scroll","background-type":"","background-media":"","overlay-type":"","overlay-color":"","overlay-opacity":"","overlay-gradient":""},"mobile":{"background-color":"","background-image":"","background-repeat":"repeat","background-position":"center center","background-size":"auto","background-attachment":"scroll","background-type":"","background-media":"","overlay-type":"","overlay-color":"","overlay-opacity":"","overlay-gradient":""}},"ast-content-background-meta":{"desktop":{"background-color":"var(--ast-global-color-4)","background-image":"","background-repeat":"repeat","background-position":"center center","background-size":"auto","background-attachment":"scroll","background-type":"","background-media":"","overlay-type":"","overlay-color":"","overlay-opacity":"","overlay-gradient":""},"tablet":{"background-color":"var(--ast-global-color-4)","background-image":"","background-repeat":"repeat","background-position":"center center","background-size":"auto","background-attachment":"scroll","background-type":"","background-media":"","overlay-type":"","overlay-color":"","overlay-opacity":"","overlay-gradient":""},"mobile":{"background-color":"var(--ast-global-color-4)","background-image":"","background-repeat":"repeat","background-position":"center center","background-size":"auto","background-attachment":"scroll","background-type":"","background-media":"","overlay-type":"","overlay-color":"","overlay-opacity":"","overlay-gradient":""}},"footnotes":""},"class_list":["post-365","page","type-page","status-publish","has-post-thumbnail","hentry"],"yoast_head":"<!-- This site is optimized with the Yoast SEO plugin v27.5 - https:\/\/yoast.com\/product\/yoast-seo-wordpress\/ -->\n<title>MATAGALPA - Abc-latina<\/title>\n<meta name=\"description\" content=\"Cette verte r\u00e9gion montagneuse s&#039;enorgueillit d&#039;avoir quelques unes des meilleures et des plus belles plantations de caf\u00e9 du monde.\" \/>\n<meta name=\"robots\" content=\"index, follow, max-snippet:-1, max-image-preview:large, max-video-preview:-1\" \/>\n<link rel=\"canonical\" href=\"https:\/\/abc-latina.com\/nicaragua\/matagalpa\/\" \/>\n<meta property=\"og:locale\" content=\"fr_FR\" \/>\n<meta property=\"og:type\" content=\"article\" \/>\n<meta property=\"og:title\" content=\"MATAGALPA - Abc-latina\" \/>\n<meta property=\"og:description\" content=\"Cette verte r\u00e9gion montagneuse s&#039;enorgueillit d&#039;avoir quelques unes des meilleures et des plus belles plantations de caf\u00e9 du monde.\" \/>\n<meta property=\"og:url\" content=\"https:\/\/abc-latina.com\/nicaragua\/matagalpa\/\" \/>\n<meta property=\"og:site_name\" content=\"Abc-latina\" \/>\n<meta property=\"article:modified_time\" content=\"2018-06-12T14:40:05+00:00\" \/>\n<meta property=\"og:image\" content=\"https:\/\/abc-latina.com\/wp-content\/uploads\/2010\/04\/timbre_to.gif\" \/>\n\t<meta property=\"og:image:width\" content=\"125\" \/>\n\t<meta property=\"og:image:height\" content=\"90\" \/>\n\t<meta property=\"og:image:type\" content=\"image\/gif\" \/>\n<meta name=\"twitter:card\" content=\"summary_large_image\" \/>\n<meta name=\"twitter:label1\" content=\"Dur\u00e9e de lecture estim\u00e9e\" \/>\n\t<meta name=\"twitter:data1\" content=\"1 minute\" \/>\n<script type=\"application\/ld+json\" class=\"yoast-schema-graph\">{\"@context\":\"https:\\\/\\\/schema.org\",\"@graph\":[{\"@type\":\"WebPage\",\"@id\":\"https:\\\/\\\/abc-latina.com\\\/nicaragua\\\/matagalpa\\\/\",\"url\":\"https:\\\/\\\/abc-latina.com\\\/nicaragua\\\/matagalpa\\\/\",\"name\":\"MATAGALPA - Abc-latina\",\"isPartOf\":{\"@id\":\"https:\\\/\\\/abc-latina.com\\\/#website\"},\"primaryImageOfPage\":{\"@id\":\"https:\\\/\\\/abc-latina.com\\\/nicaragua\\\/matagalpa\\\/#primaryimage\"},\"image\":{\"@id\":\"https:\\\/\\\/abc-latina.com\\\/nicaragua\\\/matagalpa\\\/#primaryimage\"},\"thumbnailUrl\":\"https:\\\/\\\/abc-latina.com\\\/wp-content\\\/uploads\\\/2010\\\/04\\\/timbre_to.gif\",\"datePublished\":\"2010-06-05T22:03:06+00:00\",\"dateModified\":\"2018-06-12T14:40:05+00:00\",\"description\":\"Cette verte r\u00e9gion montagneuse s'enorgueillit d'avoir quelques unes des meilleures et des plus belles plantations de caf\u00e9 du monde.\",\"breadcrumb\":{\"@id\":\"https:\\\/\\\/abc-latina.com\\\/nicaragua\\\/matagalpa\\\/#breadcrumb\"},\"inLanguage\":\"fr-FR\",\"potentialAction\":[{\"@type\":\"ReadAction\",\"target\":[\"https:\\\/\\\/abc-latina.com\\\/nicaragua\\\/matagalpa\\\/\"]}]},{\"@type\":\"ImageObject\",\"inLanguage\":\"fr-FR\",\"@id\":\"https:\\\/\\\/abc-latina.com\\\/nicaragua\\\/matagalpa\\\/#primaryimage\",\"url\":\"https:\\\/\\\/abc-latina.com\\\/wp-content\\\/uploads\\\/2010\\\/04\\\/timbre_to.gif\",\"contentUrl\":\"https:\\\/\\\/abc-latina.com\\\/wp-content\\\/uploads\\\/2010\\\/04\\\/timbre_to.gif\",\"width\":125,\"height\":90},{\"@type\":\"BreadcrumbList\",\"@id\":\"https:\\\/\\\/abc-latina.com\\\/nicaragua\\\/matagalpa\\\/#breadcrumb\",\"itemListElement\":[{\"@type\":\"ListItem\",\"position\":1,\"name\":\"Accueil\",\"item\":\"https:\\\/\\\/abc-latina.com\\\/\"},{\"@type\":\"ListItem\",\"position\":2,\"name\":\"MATAGALPA\"}]},{\"@type\":\"WebSite\",\"@id\":\"https:\\\/\\\/abc-latina.com\\\/#website\",\"url\":\"https:\\\/\\\/abc-latina.com\\\/\",\"name\":\"Abc-latina\",\"description\":\"\",\"publisher\":{\"@id\":\"https:\\\/\\\/abc-latina.com\\\/#organization\"},\"potentialAction\":[{\"@type\":\"SearchAction\",\"target\":{\"@type\":\"EntryPoint\",\"urlTemplate\":\"https:\\\/\\\/abc-latina.com\\\/?s={search_term_string}\"},\"query-input\":{\"@type\":\"PropertyValueSpecification\",\"valueRequired\":true,\"valueName\":\"search_term_string\"}}],\"inLanguage\":\"fr-FR\"},{\"@type\":\"Organization\",\"@id\":\"https:\\\/\\\/abc-latina.com\\\/#organization\",\"name\":\"Abc-latina\",\"url\":\"https:\\\/\\\/abc-latina.com\\\/\",\"logo\":{\"@type\":\"ImageObject\",\"inLanguage\":\"fr-FR\",\"@id\":\"https:\\\/\\\/abc-latina.com\\\/#\\\/schema\\\/logo\\\/image\\\/\",\"url\":\"https:\\\/\\\/abc-latina.com\\\/wp-content\\\/uploads\\\/2026\\\/05\\\/cropped-logo.gif\",\"contentUrl\":\"https:\\\/\\\/abc-latina.com\\\/wp-content\\\/uploads\\\/2026\\\/05\\\/cropped-logo.gif\",\"width\":89,\"height\":84,\"caption\":\"Abc-latina\"},\"image\":{\"@id\":\"https:\\\/\\\/abc-latina.com\\\/#\\\/schema\\\/logo\\\/image\\\/\"}}]}<\/script>\n<!-- \/ Yoast SEO plugin. -->","yoast_head_json":{"title":"MATAGALPA - Abc-latina","description":"Cette verte r\u00e9gion montagneuse s'enorgueillit d'avoir quelques unes des meilleures et des plus belles plantations de caf\u00e9 du monde.","robots":{"index":"index","follow":"follow","max-snippet":"max-snippet:-1","max-image-preview":"max-image-preview:large","max-video-preview":"max-video-preview:-1"},"canonical":"https:\/\/abc-latina.com\/nicaragua\/matagalpa\/","og_locale":"fr_FR","og_type":"article","og_title":"MATAGALPA - Abc-latina","og_description":"Cette verte r\u00e9gion montagneuse s'enorgueillit d'avoir quelques unes des meilleures et des plus belles plantations de caf\u00e9 du monde.","og_url":"https:\/\/abc-latina.com\/nicaragua\/matagalpa\/","og_site_name":"Abc-latina","article_modified_time":"2018-06-12T14:40:05+00:00","og_image":[{"width":125,"height":90,"url":"https:\/\/abc-latina.com\/wp-content\/uploads\/2010\/04\/timbre_to.gif","type":"image\/gif"}],"twitter_card":"summary_large_image","twitter_misc":{"Dur\u00e9e de lecture estim\u00e9e":"1 minute"},"schema":{"@context":"https:\/\/schema.org","@graph":[{"@type":"WebPage","@id":"https:\/\/abc-latina.com\/nicaragua\/matagalpa\/","url":"https:\/\/abc-latina.com\/nicaragua\/matagalpa\/","name":"MATAGALPA - Abc-latina","isPartOf":{"@id":"https:\/\/abc-latina.com\/#website"},"primaryImageOfPage":{"@id":"https:\/\/abc-latina.com\/nicaragua\/matagalpa\/#primaryimage"},"image":{"@id":"https:\/\/abc-latina.com\/nicaragua\/matagalpa\/#primaryimage"},"thumbnailUrl":"https:\/\/abc-latina.com\/wp-content\/uploads\/2010\/04\/timbre_to.gif","datePublished":"2010-06-05T22:03:06+00:00","dateModified":"2018-06-12T14:40:05+00:00","description":"Cette verte r\u00e9gion montagneuse s'enorgueillit d'avoir quelques unes des meilleures et des plus belles plantations de caf\u00e9 du monde.","breadcrumb":{"@id":"https:\/\/abc-latina.com\/nicaragua\/matagalpa\/#breadcrumb"},"inLanguage":"fr-FR","potentialAction":[{"@type":"ReadAction","target":["https:\/\/abc-latina.com\/nicaragua\/matagalpa\/"]}]},{"@type":"ImageObject","inLanguage":"fr-FR","@id":"https:\/\/abc-latina.com\/nicaragua\/matagalpa\/#primaryimage","url":"https:\/\/abc-latina.com\/wp-content\/uploads\/2010\/04\/timbre_to.gif","contentUrl":"https:\/\/abc-latina.com\/wp-content\/uploads\/2010\/04\/timbre_to.gif","width":125,"height":90},{"@type":"BreadcrumbList","@id":"https:\/\/abc-latina.com\/nicaragua\/matagalpa\/#breadcrumb","itemListElement":[{"@type":"ListItem","position":1,"name":"Accueil","item":"https:\/\/abc-latina.com\/"},{"@type":"ListItem","position":2,"name":"MATAGALPA"}]},{"@type":"WebSite","@id":"https:\/\/abc-latina.com\/#website","url":"https:\/\/abc-latina.com\/","name":"Abc-latina","description":"","publisher":{"@id":"https:\/\/abc-latina.com\/#organization"},"potentialAction":[{"@type":"SearchAction","target":{"@type":"EntryPoint","urlTemplate":"https:\/\/abc-latina.com\/?s={search_term_string}"},"query-input":{"@type":"PropertyValueSpecification","valueRequired":true,"valueName":"search_term_string"}}],"inLanguage":"fr-FR"},{"@type":"Organization","@id":"https:\/\/abc-latina.com\/#organization","name":"Abc-latina","url":"https:\/\/abc-latina.com\/","logo":{"@type":"ImageObject","inLanguage":"fr-FR","@id":"https:\/\/abc-latina.com\/#\/schema\/logo\/image\/","url":"https:\/\/abc-latina.com\/wp-content\/uploads\/2026\/05\/cropped-logo.gif","contentUrl":"https:\/\/abc-latina.com\/wp-content\/uploads\/2026\/05\/cropped-logo.gif","width":89,"height":84,"caption":"Abc-latina"},"image":{"@id":"https:\/\/abc-latina.com\/#\/schema\/logo\/image\/"}}]}},"_links":{"self":[{"href":"https:\/\/abc-latina.com\/wp-json\/wp\/v2\/pages\/365","targetHints":{"allow":["GET"]}}],"collection":[{"href":"https:\/\/abc-latina.com\/wp-json\/wp\/v2\/pages"}],"about":[{"href":"https:\/\/abc-latina.com\/wp-json\/wp\/v2\/types\/page"}],"author":[{"embeddable":true,"href":"https:\/\/abc-latina.com\/wp-json\/wp\/v2\/users\/3"}],"replies":[{"embeddable":true,"href":"https:\/\/abc-latina.com\/wp-json\/wp\/v2\/comments?post=365"}],"version-history":[{"count":0,"href":"https:\/\/abc-latina.com\/wp-json\/wp\/v2\/pages\/365\/revisions"}],"up":[{"embeddable":true,"href":"https:\/\/abc-latina.com\/wp-json\/wp\/v2\/pages\/2310"}],"wp:featuredmedia":[{"embeddable":true,"href":"https:\/\/abc-latina.com\/wp-json\/wp\/v2\/media\/41"}],"wp:attachment":[{"href":"https:\/\/abc-latina.com\/wp-json\/wp\/v2\/media?parent=365"}],"curies":[{"name":"wp","href":"https:\/\/api.w.org\/{rel}","templated":true}]}}