{"id":371,"date":"2010-06-06T00:09:34","date_gmt":"2010-06-05T22:09:34","guid":{"rendered":"http:\/\/abc-latina.com\/bocas_del_toro-php\/"},"modified":"2026-04-30T18:25:11","modified_gmt":"2026-04-30T16:25:11","slug":"bocas_del_toro","status":"publish","type":"page","link":"https:\/\/abc-latina.com\/panama\/bocas_del_toro\/","title":{"rendered":"BOCAS DEL TORO"},"content":{"rendered":"<div><img loading=\"lazy\" decoding=\"async\" class=\" alignright size-full wp-image-370\" src=\"http:\/\/abc-latina.com\/wp-content\/uploads\/2010\/06\/bocas-del-toro.jpg\" title=\"BOCAS DEL TORO\" alt=\"BOCAS DEL TORO\" width=\"220\" vspace=\"9\" hspace=\"15\" height=\"220\" align=\"right\" srcset=\"https:\/\/abc-latina.com\/wp-content\/uploads\/2010\/06\/bocas-del-toro.jpg 220w, https:\/\/abc-latina.com\/wp-content\/uploads\/2010\/06\/bocas-del-toro-150x150.jpg 150w\" sizes=\"auto, (max-width: 220px) 100vw, 220px\" \/>Recouverte d&rsquo;une v\u00e9g\u00e9tation exub\u00e9rante et abritant le gigantesque Parque Internacional La Amistad , l&rsquo;une des plus grandes zones prot\u00e9g\u00e9es d&rsquo;Am\u00e9rique centrale, la province de <span class=\"tourisme-chapitre\">Bocas del Toro<\/span> porte d\u00e9cid\u00e9ment bien son nom de province de &quot;l&rsquo;or vert&quot;.<\/div>\n<div>Aujourd&rsquo;hui, avec ses modestes villes que sont Chiriqu\u00ed Grande, Changuinola, Almirante et Bocas del Toro, cette grande province est peu peupl\u00e9e, une grande partie de ses habitants, les Guyam\u00edes, se r\u00e9partissant dans d&rsquo;innombrables communaut\u00e9s isol\u00e9es. Depuis l&rsquo;ouverture de la route reliant Chiriqu\u00ed Grande \u00e0 la Panam\u00e9ricaine, l&rsquo;\u00e9conomie est surtout ax\u00e9e sur le transport de marchandises qui transitent par Chiriqu\u00ed Grande, en provenance du Costa Rica voisin via le port panam\u00e9en d&rsquo;Almirante.<\/div>\n<div>&nbsp;<\/div>\n<div><a href=\"tour_operateur\" target=\"_blank\"><img loading=\"lazy\" decoding=\"async\" class=\" size-full wp-image-41\" alt=\"\" src=\"http:\/\/abc-latina.com\/wp-content\/uploads\/2010\/04\/timbre_to.gif\" class=\"touroperateur\" width=\"125\" height=\"90\" \/><\/a>Sur le plan touristique, bien qu&rsquo;avec la province du Dari\u00e9n elle reste parmi les moins d\u00e9velopp\u00e9es, la r\u00e9gion semble aujourd&rsquo;hui pr\u00eate \u00e0 relever le d\u00e9fi et s&rsquo;engage \u00e0 fond dans cette voie. La r\u00e9cente apparition de nouveaux h\u00f4tels et de restaurants dans la petite ville de Bocas del Toro, m\u00eame si encore tr\u00e8s limit\u00e9e, semble vouloir le prouver. L&rsquo;\u00eele sur laquelle cette ville se trouve, l&rsquo;Isla Col\u00f3n , marque en effet la porte d&rsquo;entr\u00e9e de l&rsquo;Archipi\u00e9lago de Bocas del Toro , dont elle fait partie, ainsi que du parc marin de l&rsquo;Isla Bastimentos , le seul du genre au pays. R\u00e9put\u00e9 pour la beaut\u00e9 de ses fonds marins et pour la richesse de ses coraux, ce parc marin constitue l&rsquo;attrait principal de la province.<\/div>\n<p>&nbsp;<\/p>\n","protected":false},"excerpt":{"rendered":"<p>Recouverte d&rsquo;une v\u00e9g\u00e9tation exub\u00e9rante et abritant le gigantesque Parque Internacional La Amistad , l&rsquo;une des plus grandes zones prot\u00e9g\u00e9es d&rsquo;Am\u00e9rique [&hellip;]<\/p>\n","protected":false},"author":3,"featured_media":370,"parent":2312,"menu_order":0,"comment_status":"closed","ping_status":"closed","template":"","meta":{"site-sidebar-layout":"default","site-content-layout":"","ast-site-content-layout":"default","site-content-style":"default","site-sidebar-style":"default","ast-global-header-display":"","ast-banner-title-visibility":"","ast-main-header-display":"","ast-hfb-above-header-display":"","ast-hfb-below-header-display":"","ast-hfb-mobile-header-display":"","site-post-title":"","ast-breadcrumbs-content":"","ast-featured-img":"","footer-sml-layout":"","ast-disable-related-posts":"","theme-transparent-header-meta":"","adv-header-id-meta":"","stick-header-meta":"","header-above-stick-meta":"","header-main-stick-meta":"","header-below-stick-meta":"","astra-migrate-meta-layouts":"default","ast-page-background-enabled":"default","ast-page-background-meta":{"desktop":{"background-color":"var(--ast-global-color-5)","background-image":"","background-repeat":"repeat","background-position":"center center","background-size":"auto","background-attachment":"scroll","background-type":"","background-media":"","overlay-type":"","overlay-color":"","overlay-opacity":"","overlay-gradient":""},"tablet":{"background-color":"","background-image":"","background-repeat":"repeat","background-position":"center center","background-size":"auto","background-attachment":"scroll","background-type":"","background-media":"","overlay-type":"","overlay-color":"","overlay-opacity":"","overlay-gradient":""},"mobile":{"background-color":"","background-image":"","background-repeat":"repeat","background-position":"center center","background-size":"auto","background-attachment":"scroll","background-type":"","background-media":"","overlay-type":"","overlay-color":"","overlay-opacity":"","overlay-gradient":""}},"ast-content-background-meta":{"desktop":{"background-color":"var(--ast-global-color-4)","background-image":"","background-repeat":"repeat","background-position":"center center","background-size":"auto","background-attachment":"scroll","background-type":"","background-media":"","overlay-type":"","overlay-color":"","overlay-opacity":"","overlay-gradient":""},"tablet":{"background-color":"var(--ast-global-color-4)","background-image":"","background-repeat":"repeat","background-position":"center center","background-size":"auto","background-attachment":"scroll","background-type":"","background-media":"","overlay-type":"","overlay-color":"","overlay-opacity":"","overlay-gradient":""},"mobile":{"background-color":"var(--ast-global-color-4)","background-image":"","background-repeat":"repeat","background-position":"center center","background-size":"auto","background-attachment":"scroll","background-type":"","background-media":"","overlay-type":"","overlay-color":"","overlay-opacity":"","overlay-gradient":""}},"footnotes":""},"class_list":["post-371","page","type-page","status-publish","has-post-thumbnail","hentry"],"yoast_head":"<!-- This site is optimized with the Yoast SEO plugin v27.5 - https:\/\/yoast.com\/product\/yoast-seo-wordpress\/ -->\n<title>BOCAS DEL TORO - Abc-latina<\/title>\n<meta name=\"description\" content=\"Recouverte d&#039;une v\u00e9g\u00e9tation exub\u00e9rante il abrite le Parque Internacional La Amistad , l&#039;une des plus grandes zones prot\u00e9g\u00e9es d&#039;Am\u00e9rique centrale\" \/>\n<meta name=\"robots\" content=\"index, follow, max-snippet:-1, max-image-preview:large, max-video-preview:-1\" \/>\n<link rel=\"canonical\" href=\"https:\/\/abc-latina.com\/panama\/bocas_del_toro\/\" \/>\n<meta property=\"og:locale\" content=\"fr_FR\" \/>\n<meta property=\"og:type\" content=\"article\" \/>\n<meta property=\"og:title\" content=\"BOCAS DEL TORO - Abc-latina\" \/>\n<meta property=\"og:description\" content=\"Recouverte d&#039;une v\u00e9g\u00e9tation exub\u00e9rante il abrite le Parque Internacional La Amistad , l&#039;une des plus grandes zones prot\u00e9g\u00e9es d&#039;Am\u00e9rique centrale\" \/>\n<meta property=\"og:url\" content=\"https:\/\/abc-latina.com\/panama\/bocas_del_toro\/\" \/>\n<meta property=\"og:site_name\" content=\"Abc-latina\" \/>\n<meta property=\"article:modified_time\" content=\"2026-04-30T16:25:11+00:00\" \/>\n<meta property=\"og:image\" content=\"https:\/\/abc-latina.com\/wp-content\/uploads\/2010\/06\/bocas-del-toro.jpg\" \/>\n\t<meta property=\"og:image:width\" content=\"220\" \/>\n\t<meta property=\"og:image:height\" content=\"220\" \/>\n\t<meta property=\"og:image:type\" content=\"image\/jpeg\" \/>\n<meta name=\"twitter:card\" content=\"summary_large_image\" \/>\n<meta name=\"twitter:label1\" content=\"Dur\u00e9e de lecture estim\u00e9e\" \/>\n\t<meta name=\"twitter:data1\" content=\"1 minute\" \/>\n<script type=\"application\/ld+json\" class=\"yoast-schema-graph\">{\"@context\":\"https:\\\/\\\/schema.org\",\"@graph\":[{\"@type\":\"WebPage\",\"@id\":\"https:\\\/\\\/abc-latina.com\\\/panama\\\/bocas_del_toro\\\/\",\"url\":\"https:\\\/\\\/abc-latina.com\\\/panama\\\/bocas_del_toro\\\/\",\"name\":\"BOCAS DEL TORO - Abc-latina\",\"isPartOf\":{\"@id\":\"https:\\\/\\\/abc-latina.com\\\/#website\"},\"primaryImageOfPage\":{\"@id\":\"https:\\\/\\\/abc-latina.com\\\/panama\\\/bocas_del_toro\\\/#primaryimage\"},\"image\":{\"@id\":\"https:\\\/\\\/abc-latina.com\\\/panama\\\/bocas_del_toro\\\/#primaryimage\"},\"thumbnailUrl\":\"https:\\\/\\\/abc-latina.com\\\/wp-content\\\/uploads\\\/2010\\\/06\\\/bocas-del-toro.jpg\",\"datePublished\":\"2010-06-05T22:09:34+00:00\",\"dateModified\":\"2026-04-30T16:25:11+00:00\",\"description\":\"Recouverte d'une v\u00e9g\u00e9tation exub\u00e9rante il abrite le Parque Internacional La Amistad , l'une des plus grandes zones prot\u00e9g\u00e9es d'Am\u00e9rique centrale\",\"breadcrumb\":{\"@id\":\"https:\\\/\\\/abc-latina.com\\\/panama\\\/bocas_del_toro\\\/#breadcrumb\"},\"inLanguage\":\"fr-FR\",\"potentialAction\":[{\"@type\":\"ReadAction\",\"target\":[\"https:\\\/\\\/abc-latina.com\\\/panama\\\/bocas_del_toro\\\/\"]}]},{\"@type\":\"ImageObject\",\"inLanguage\":\"fr-FR\",\"@id\":\"https:\\\/\\\/abc-latina.com\\\/panama\\\/bocas_del_toro\\\/#primaryimage\",\"url\":\"https:\\\/\\\/abc-latina.com\\\/wp-content\\\/uploads\\\/2010\\\/06\\\/bocas-del-toro.jpg\",\"contentUrl\":\"https:\\\/\\\/abc-latina.com\\\/wp-content\\\/uploads\\\/2010\\\/06\\\/bocas-del-toro.jpg\",\"width\":220,\"height\":220,\"caption\":\"BOCAS DEL TORO\"},{\"@type\":\"BreadcrumbList\",\"@id\":\"https:\\\/\\\/abc-latina.com\\\/panama\\\/bocas_del_toro\\\/#breadcrumb\",\"itemListElement\":[{\"@type\":\"ListItem\",\"position\":1,\"name\":\"Accueil\",\"item\":\"https:\\\/\\\/abc-latina.com\\\/\"},{\"@type\":\"ListItem\",\"position\":2,\"name\":\"BOCAS DEL TORO\"}]},{\"@type\":\"WebSite\",\"@id\":\"https:\\\/\\\/abc-latina.com\\\/#website\",\"url\":\"https:\\\/\\\/abc-latina.com\\\/\",\"name\":\"Abc-latina\",\"description\":\"\",\"publisher\":{\"@id\":\"https:\\\/\\\/abc-latina.com\\\/#organization\"},\"potentialAction\":[{\"@type\":\"SearchAction\",\"target\":{\"@type\":\"EntryPoint\",\"urlTemplate\":\"https:\\\/\\\/abc-latina.com\\\/?s={search_term_string}\"},\"query-input\":{\"@type\":\"PropertyValueSpecification\",\"valueRequired\":true,\"valueName\":\"search_term_string\"}}],\"inLanguage\":\"fr-FR\"},{\"@type\":\"Organization\",\"@id\":\"https:\\\/\\\/abc-latina.com\\\/#organization\",\"name\":\"Abc-latina\",\"url\":\"https:\\\/\\\/abc-latina.com\\\/\",\"logo\":{\"@type\":\"ImageObject\",\"inLanguage\":\"fr-FR\",\"@id\":\"https:\\\/\\\/abc-latina.com\\\/#\\\/schema\\\/logo\\\/image\\\/\",\"url\":\"https:\\\/\\\/abc-latina.com\\\/wp-content\\\/uploads\\\/2026\\\/05\\\/cropped-logo.gif\",\"contentUrl\":\"https:\\\/\\\/abc-latina.com\\\/wp-content\\\/uploads\\\/2026\\\/05\\\/cropped-logo.gif\",\"width\":89,\"height\":84,\"caption\":\"Abc-latina\"},\"image\":{\"@id\":\"https:\\\/\\\/abc-latina.com\\\/#\\\/schema\\\/logo\\\/image\\\/\"}}]}<\/script>\n<!-- \/ Yoast SEO plugin. -->","yoast_head_json":{"title":"BOCAS DEL TORO - Abc-latina","description":"Recouverte d'une v\u00e9g\u00e9tation exub\u00e9rante il abrite le Parque Internacional La Amistad , l'une des plus grandes zones prot\u00e9g\u00e9es d'Am\u00e9rique centrale","robots":{"index":"index","follow":"follow","max-snippet":"max-snippet:-1","max-image-preview":"max-image-preview:large","max-video-preview":"max-video-preview:-1"},"canonical":"https:\/\/abc-latina.com\/panama\/bocas_del_toro\/","og_locale":"fr_FR","og_type":"article","og_title":"BOCAS DEL TORO - Abc-latina","og_description":"Recouverte d'une v\u00e9g\u00e9tation exub\u00e9rante il abrite le Parque Internacional La Amistad , l'une des plus grandes zones prot\u00e9g\u00e9es d'Am\u00e9rique centrale","og_url":"https:\/\/abc-latina.com\/panama\/bocas_del_toro\/","og_site_name":"Abc-latina","article_modified_time":"2026-04-30T16:25:11+00:00","og_image":[{"width":220,"height":220,"url":"https:\/\/abc-latina.com\/wp-content\/uploads\/2010\/06\/bocas-del-toro.jpg","type":"image\/jpeg"}],"twitter_card":"summary_large_image","twitter_misc":{"Dur\u00e9e de lecture estim\u00e9e":"1 minute"},"schema":{"@context":"https:\/\/schema.org","@graph":[{"@type":"WebPage","@id":"https:\/\/abc-latina.com\/panama\/bocas_del_toro\/","url":"https:\/\/abc-latina.com\/panama\/bocas_del_toro\/","name":"BOCAS DEL TORO - Abc-latina","isPartOf":{"@id":"https:\/\/abc-latina.com\/#website"},"primaryImageOfPage":{"@id":"https:\/\/abc-latina.com\/panama\/bocas_del_toro\/#primaryimage"},"image":{"@id":"https:\/\/abc-latina.com\/panama\/bocas_del_toro\/#primaryimage"},"thumbnailUrl":"https:\/\/abc-latina.com\/wp-content\/uploads\/2010\/06\/bocas-del-toro.jpg","datePublished":"2010-06-05T22:09:34+00:00","dateModified":"2026-04-30T16:25:11+00:00","description":"Recouverte d'une v\u00e9g\u00e9tation exub\u00e9rante il abrite le Parque Internacional La Amistad , l'une des plus grandes zones prot\u00e9g\u00e9es d'Am\u00e9rique centrale","breadcrumb":{"@id":"https:\/\/abc-latina.com\/panama\/bocas_del_toro\/#breadcrumb"},"inLanguage":"fr-FR","potentialAction":[{"@type":"ReadAction","target":["https:\/\/abc-latina.com\/panama\/bocas_del_toro\/"]}]},{"@type":"ImageObject","inLanguage":"fr-FR","@id":"https:\/\/abc-latina.com\/panama\/bocas_del_toro\/#primaryimage","url":"https:\/\/abc-latina.com\/wp-content\/uploads\/2010\/06\/bocas-del-toro.jpg","contentUrl":"https:\/\/abc-latina.com\/wp-content\/uploads\/2010\/06\/bocas-del-toro.jpg","width":220,"height":220,"caption":"BOCAS DEL TORO"},{"@type":"BreadcrumbList","@id":"https:\/\/abc-latina.com\/panama\/bocas_del_toro\/#breadcrumb","itemListElement":[{"@type":"ListItem","position":1,"name":"Accueil","item":"https:\/\/abc-latina.com\/"},{"@type":"ListItem","position":2,"name":"BOCAS DEL TORO"}]},{"@type":"WebSite","@id":"https:\/\/abc-latina.com\/#website","url":"https:\/\/abc-latina.com\/","name":"Abc-latina","description":"","publisher":{"@id":"https:\/\/abc-latina.com\/#organization"},"potentialAction":[{"@type":"SearchAction","target":{"@type":"EntryPoint","urlTemplate":"https:\/\/abc-latina.com\/?s={search_term_string}"},"query-input":{"@type":"PropertyValueSpecification","valueRequired":true,"valueName":"search_term_string"}}],"inLanguage":"fr-FR"},{"@type":"Organization","@id":"https:\/\/abc-latina.com\/#organization","name":"Abc-latina","url":"https:\/\/abc-latina.com\/","logo":{"@type":"ImageObject","inLanguage":"fr-FR","@id":"https:\/\/abc-latina.com\/#\/schema\/logo\/image\/","url":"https:\/\/abc-latina.com\/wp-content\/uploads\/2026\/05\/cropped-logo.gif","contentUrl":"https:\/\/abc-latina.com\/wp-content\/uploads\/2026\/05\/cropped-logo.gif","width":89,"height":84,"caption":"Abc-latina"},"image":{"@id":"https:\/\/abc-latina.com\/#\/schema\/logo\/image\/"}}]}},"_links":{"self":[{"href":"https:\/\/abc-latina.com\/wp-json\/wp\/v2\/pages\/371","targetHints":{"allow":["GET"]}}],"collection":[{"href":"https:\/\/abc-latina.com\/wp-json\/wp\/v2\/pages"}],"about":[{"href":"https:\/\/abc-latina.com\/wp-json\/wp\/v2\/types\/page"}],"author":[{"embeddable":true,"href":"https:\/\/abc-latina.com\/wp-json\/wp\/v2\/users\/3"}],"replies":[{"embeddable":true,"href":"https:\/\/abc-latina.com\/wp-json\/wp\/v2\/comments?post=371"}],"version-history":[{"count":1,"href":"https:\/\/abc-latina.com\/wp-json\/wp\/v2\/pages\/371\/revisions"}],"predecessor-version":[{"id":3609,"href":"https:\/\/abc-latina.com\/wp-json\/wp\/v2\/pages\/371\/revisions\/3609"}],"up":[{"embeddable":true,"href":"https:\/\/abc-latina.com\/wp-json\/wp\/v2\/pages\/2312"}],"wp:featuredmedia":[{"embeddable":true,"href":"https:\/\/abc-latina.com\/wp-json\/wp\/v2\/media\/370"}],"wp:attachment":[{"href":"https:\/\/abc-latina.com\/wp-json\/wp\/v2\/media?parent=371"}],"curies":[{"name":"wp","href":"https:\/\/api.w.org\/{rel}","templated":true}]}}