{"id":382,"date":"2010-06-06T00:25:34","date_gmt":"2010-06-05T22:25:34","guid":{"rendered":"http:\/\/abc-latina.com\/encarnacion-php\/"},"modified":"2026-04-30T18:25:13","modified_gmt":"2026-04-30T16:25:13","slug":"encarnacion","status":"publish","type":"page","link":"https:\/\/abc-latina.com\/paraguay\/encarnacion\/","title":{"rendered":"ENCARNACION"},"content":{"rendered":"<div><span class=\"tourisme-chapitre\">Encarnaci\u00f3n <\/span>est une ville du Paraguay, capitale du d\u00e9partement de Itap\u00faa, situ\u00e9e au sud-est du pays sur la rive droite du r\u00edo Paran\u00e1.<\/div>\n<div>&nbsp;<\/div>\n<div>Altitude: 52 m\u00e8tres&nbsp;<\/div>\n<div>Fondateur: le j\u00e9suite San Roque Gonz\u00e1lez de Santa Cruz&nbsp;<\/div>\n<div>Fondation: le 25 mars 1615, jour de l&rsquo;Incarnation de la Vierge Marie&nbsp;<\/div>\n<div>Superficie: 558 km&sup2;&nbsp;<\/div>\n<div>Population: 69.868 habitants&nbsp;<\/div>\n<div>C&rsquo;est un p\u00f4le \u00e9conomique et commercial important du Paraguay qui maintient des liens \u00e9troits avec sa voisine, la ville argentine de Posadas, \u00e0 laquelle elle est reli\u00e9e par un grand pont sur le r\u00edo Paran\u00e1.<\/div>\n<div>&nbsp;<\/div>\n<div>Hydrographie&nbsp;<\/div>\n<div>En plus du Paran\u00e1, il existe dans les environs de tr\u00e8s nombreux ruisseaux (ou arroyos), et parmi eux, le Mb\u00f3icae, le Poti, et le Santa Mar\u00eda.<\/div>\n<div>&nbsp;<\/div>\n<div>Climat&nbsp;<\/div>\n<div>Encarnaci\u00f3n a un climat subtropical sans saison s\u00e8che avec de fortes pr\u00e9cipitations. La temp\u00e9rature moyenne annuelle est de de 22 C&deg;, la minimale en hiver est de 17 C&ordm;, et les moyennes maximales d&rsquo;\u00e9t\u00e9 atteignent 28 C&ordm;.<\/div>\n<div>&nbsp;<\/div>\n<div>Wikip\u00e9dia<\/div>\n","protected":false},"excerpt":{"rendered":"<p>Encarnaci\u00f3n est une ville du Paraguay, capitale du d\u00e9partement de Itap\u00faa, situ\u00e9e au sud-est du pays sur la rive droite [&hellip;]<\/p>\n","protected":false},"author":3,"featured_media":0,"parent":2314,"menu_order":0,"comment_status":"closed","ping_status":"closed","template":"","meta":{"site-sidebar-layout":"default","site-content-layout":"","ast-site-content-layout":"default","site-content-style":"default","site-sidebar-style":"default","ast-global-header-display":"","ast-banner-title-visibility":"","ast-main-header-display":"","ast-hfb-above-header-display":"","ast-hfb-below-header-display":"","ast-hfb-mobile-header-display":"","site-post-title":"","ast-breadcrumbs-content":"","ast-featured-img":"","footer-sml-layout":"","ast-disable-related-posts":"","theme-transparent-header-meta":"","adv-header-id-meta":"","stick-header-meta":"","header-above-stick-meta":"","header-main-stick-meta":"","header-below-stick-meta":"","astra-migrate-meta-layouts":"default","ast-page-background-enabled":"default","ast-page-background-meta":{"desktop":{"background-color":"var(--ast-global-color-5)","background-image":"","background-repeat":"repeat","background-position":"center center","background-size":"auto","background-attachment":"scroll","background-type":"","background-media":"","overlay-type":"","overlay-color":"","overlay-opacity":"","overlay-gradient":""},"tablet":{"background-color":"","background-image":"","background-repeat":"repeat","background-position":"center center","background-size":"auto","background-attachment":"scroll","background-type":"","background-media":"","overlay-type":"","overlay-color":"","overlay-opacity":"","overlay-gradient":""},"mobile":{"background-color":"","background-image":"","background-repeat":"repeat","background-position":"center center","background-size":"auto","background-attachment":"scroll","background-type":"","background-media":"","overlay-type":"","overlay-color":"","overlay-opacity":"","overlay-gradient":""}},"ast-content-background-meta":{"desktop":{"background-color":"var(--ast-global-color-4)","background-image":"","background-repeat":"repeat","background-position":"center center","background-size":"auto","background-attachment":"scroll","background-type":"","background-media":"","overlay-type":"","overlay-color":"","overlay-opacity":"","overlay-gradient":""},"tablet":{"background-color":"var(--ast-global-color-4)","background-image":"","background-repeat":"repeat","background-position":"center center","background-size":"auto","background-attachment":"scroll","background-type":"","background-media":"","overlay-type":"","overlay-color":"","overlay-opacity":"","overlay-gradient":""},"mobile":{"background-color":"var(--ast-global-color-4)","background-image":"","background-repeat":"repeat","background-position":"center center","background-size":"auto","background-attachment":"scroll","background-type":"","background-media":"","overlay-type":"","overlay-color":"","overlay-opacity":"","overlay-gradient":""}},"footnotes":""},"class_list":["post-382","page","type-page","status-publish","hentry"],"yoast_head":"<!-- This site is optimized with the Yoast SEO plugin v27.5 - https:\/\/yoast.com\/product\/yoast-seo-wordpress\/ -->\n<title>ENCARNACION - Abc-latina<\/title>\n<meta name=\"description\" content=\"Pr\u00e9sentation de la ville de Encarnacion au Paraguay.\" \/>\n<meta name=\"robots\" content=\"index, follow, max-snippet:-1, max-image-preview:large, max-video-preview:-1\" \/>\n<link rel=\"canonical\" href=\"https:\/\/abc-latina.com\/paraguay\/encarnacion\/\" \/>\n<meta property=\"og:locale\" content=\"fr_FR\" \/>\n<meta property=\"og:type\" content=\"article\" \/>\n<meta property=\"og:title\" content=\"ENCARNACION - Abc-latina\" \/>\n<meta property=\"og:description\" content=\"Pr\u00e9sentation de la ville de Encarnacion au Paraguay.\" \/>\n<meta property=\"og:url\" content=\"https:\/\/abc-latina.com\/paraguay\/encarnacion\/\" \/>\n<meta property=\"og:site_name\" content=\"Abc-latina\" \/>\n<meta property=\"article:modified_time\" content=\"2026-04-30T16:25:13+00:00\" \/>\n<meta name=\"twitter:card\" content=\"summary_large_image\" \/>\n<meta name=\"twitter:label1\" content=\"Dur\u00e9e de lecture estim\u00e9e\" \/>\n\t<meta name=\"twitter:data1\" content=\"1 minute\" \/>\n<script type=\"application\/ld+json\" class=\"yoast-schema-graph\">{\"@context\":\"https:\\\/\\\/schema.org\",\"@graph\":[{\"@type\":\"WebPage\",\"@id\":\"https:\\\/\\\/abc-latina.com\\\/paraguay\\\/encarnacion\\\/\",\"url\":\"https:\\\/\\\/abc-latina.com\\\/paraguay\\\/encarnacion\\\/\",\"name\":\"ENCARNACION - Abc-latina\",\"isPartOf\":{\"@id\":\"https:\\\/\\\/abc-latina.com\\\/#website\"},\"datePublished\":\"2010-06-05T22:25:34+00:00\",\"dateModified\":\"2026-04-30T16:25:13+00:00\",\"description\":\"Pr\u00e9sentation de la ville de Encarnacion au Paraguay.\",\"breadcrumb\":{\"@id\":\"https:\\\/\\\/abc-latina.com\\\/paraguay\\\/encarnacion\\\/#breadcrumb\"},\"inLanguage\":\"fr-FR\",\"potentialAction\":[{\"@type\":\"ReadAction\",\"target\":[\"https:\\\/\\\/abc-latina.com\\\/paraguay\\\/encarnacion\\\/\"]}]},{\"@type\":\"BreadcrumbList\",\"@id\":\"https:\\\/\\\/abc-latina.com\\\/paraguay\\\/encarnacion\\\/#breadcrumb\",\"itemListElement\":[{\"@type\":\"ListItem\",\"position\":1,\"name\":\"Accueil\",\"item\":\"https:\\\/\\\/abc-latina.com\\\/\"},{\"@type\":\"ListItem\",\"position\":2,\"name\":\"ENCARNACION\"}]},{\"@type\":\"WebSite\",\"@id\":\"https:\\\/\\\/abc-latina.com\\\/#website\",\"url\":\"https:\\\/\\\/abc-latina.com\\\/\",\"name\":\"Abc-latina\",\"description\":\"\",\"publisher\":{\"@id\":\"https:\\\/\\\/abc-latina.com\\\/#organization\"},\"potentialAction\":[{\"@type\":\"SearchAction\",\"target\":{\"@type\":\"EntryPoint\",\"urlTemplate\":\"https:\\\/\\\/abc-latina.com\\\/?s={search_term_string}\"},\"query-input\":{\"@type\":\"PropertyValueSpecification\",\"valueRequired\":true,\"valueName\":\"search_term_string\"}}],\"inLanguage\":\"fr-FR\"},{\"@type\":\"Organization\",\"@id\":\"https:\\\/\\\/abc-latina.com\\\/#organization\",\"name\":\"Abc-latina\",\"url\":\"https:\\\/\\\/abc-latina.com\\\/\",\"logo\":{\"@type\":\"ImageObject\",\"inLanguage\":\"fr-FR\",\"@id\":\"https:\\\/\\\/abc-latina.com\\\/#\\\/schema\\\/logo\\\/image\\\/\",\"url\":\"https:\\\/\\\/abc-latina.com\\\/wp-content\\\/uploads\\\/2026\\\/05\\\/cropped-logo.gif\",\"contentUrl\":\"https:\\\/\\\/abc-latina.com\\\/wp-content\\\/uploads\\\/2026\\\/05\\\/cropped-logo.gif\",\"width\":89,\"height\":84,\"caption\":\"Abc-latina\"},\"image\":{\"@id\":\"https:\\\/\\\/abc-latina.com\\\/#\\\/schema\\\/logo\\\/image\\\/\"}}]}<\/script>\n<!-- \/ Yoast SEO plugin. -->","yoast_head_json":{"title":"ENCARNACION - Abc-latina","description":"Pr\u00e9sentation de la ville de Encarnacion au Paraguay.","robots":{"index":"index","follow":"follow","max-snippet":"max-snippet:-1","max-image-preview":"max-image-preview:large","max-video-preview":"max-video-preview:-1"},"canonical":"https:\/\/abc-latina.com\/paraguay\/encarnacion\/","og_locale":"fr_FR","og_type":"article","og_title":"ENCARNACION - Abc-latina","og_description":"Pr\u00e9sentation de la ville de Encarnacion au Paraguay.","og_url":"https:\/\/abc-latina.com\/paraguay\/encarnacion\/","og_site_name":"Abc-latina","article_modified_time":"2026-04-30T16:25:13+00:00","twitter_card":"summary_large_image","twitter_misc":{"Dur\u00e9e de lecture estim\u00e9e":"1 minute"},"schema":{"@context":"https:\/\/schema.org","@graph":[{"@type":"WebPage","@id":"https:\/\/abc-latina.com\/paraguay\/encarnacion\/","url":"https:\/\/abc-latina.com\/paraguay\/encarnacion\/","name":"ENCARNACION - Abc-latina","isPartOf":{"@id":"https:\/\/abc-latina.com\/#website"},"datePublished":"2010-06-05T22:25:34+00:00","dateModified":"2026-04-30T16:25:13+00:00","description":"Pr\u00e9sentation de la ville de Encarnacion au Paraguay.","breadcrumb":{"@id":"https:\/\/abc-latina.com\/paraguay\/encarnacion\/#breadcrumb"},"inLanguage":"fr-FR","potentialAction":[{"@type":"ReadAction","target":["https:\/\/abc-latina.com\/paraguay\/encarnacion\/"]}]},{"@type":"BreadcrumbList","@id":"https:\/\/abc-latina.com\/paraguay\/encarnacion\/#breadcrumb","itemListElement":[{"@type":"ListItem","position":1,"name":"Accueil","item":"https:\/\/abc-latina.com\/"},{"@type":"ListItem","position":2,"name":"ENCARNACION"}]},{"@type":"WebSite","@id":"https:\/\/abc-latina.com\/#website","url":"https:\/\/abc-latina.com\/","name":"Abc-latina","description":"","publisher":{"@id":"https:\/\/abc-latina.com\/#organization"},"potentialAction":[{"@type":"SearchAction","target":{"@type":"EntryPoint","urlTemplate":"https:\/\/abc-latina.com\/?s={search_term_string}"},"query-input":{"@type":"PropertyValueSpecification","valueRequired":true,"valueName":"search_term_string"}}],"inLanguage":"fr-FR"},{"@type":"Organization","@id":"https:\/\/abc-latina.com\/#organization","name":"Abc-latina","url":"https:\/\/abc-latina.com\/","logo":{"@type":"ImageObject","inLanguage":"fr-FR","@id":"https:\/\/abc-latina.com\/#\/schema\/logo\/image\/","url":"https:\/\/abc-latina.com\/wp-content\/uploads\/2026\/05\/cropped-logo.gif","contentUrl":"https:\/\/abc-latina.com\/wp-content\/uploads\/2026\/05\/cropped-logo.gif","width":89,"height":84,"caption":"Abc-latina"},"image":{"@id":"https:\/\/abc-latina.com\/#\/schema\/logo\/image\/"}}]}},"_links":{"self":[{"href":"https:\/\/abc-latina.com\/wp-json\/wp\/v2\/pages\/382","targetHints":{"allow":["GET"]}}],"collection":[{"href":"https:\/\/abc-latina.com\/wp-json\/wp\/v2\/pages"}],"about":[{"href":"https:\/\/abc-latina.com\/wp-json\/wp\/v2\/types\/page"}],"author":[{"embeddable":true,"href":"https:\/\/abc-latina.com\/wp-json\/wp\/v2\/users\/3"}],"replies":[{"embeddable":true,"href":"https:\/\/abc-latina.com\/wp-json\/wp\/v2\/comments?post=382"}],"version-history":[{"count":1,"href":"https:\/\/abc-latina.com\/wp-json\/wp\/v2\/pages\/382\/revisions"}],"predecessor-version":[{"id":3643,"href":"https:\/\/abc-latina.com\/wp-json\/wp\/v2\/pages\/382\/revisions\/3643"}],"up":[{"embeddable":true,"href":"https:\/\/abc-latina.com\/wp-json\/wp\/v2\/pages\/2314"}],"wp:attachment":[{"href":"https:\/\/abc-latina.com\/wp-json\/wp\/v2\/media?parent=382"}],"curies":[{"name":"wp","href":"https:\/\/api.w.org\/{rel}","templated":true}]}}