{"id":386,"date":"2010-06-06T00:29:55","date_gmt":"2010-06-05T22:29:55","guid":{"rendered":"http:\/\/abc-latina.com\/arequipa-htm\/"},"modified":"2026-04-30T18:25:13","modified_gmt":"2026-04-30T16:25:13","slug":"arequipa","status":"publish","type":"page","link":"https:\/\/abc-latina.com\/perou\/arequipa\/","title":{"rendered":"AREQUIPA"},"content":{"rendered":"<p><img loading=\"lazy\" decoding=\"async\" class=\" size-full wp-image-384\" src=\"http:\/\/abc-latina.com\/wp-content\/uploads\/2010\/06\/028-arequipa.jpg\" title=\"AREQUIPA - PEROU\" alt=\"VOYAGE A AREQUIPA\" width=\"480\" height=\"360\" \/><\/p>\n<p>Isol\u00e9e entre d\u00e9sert et montagne, \u00e0 plus de 1.000 km au sud de <a href=\"lima\">Lima<\/a>, <span class=\"tourisme-chapitre\">Arequipa<\/span>, la deuxi\u00e8me agglom\u00e9ration urbaine du P\u00e9rou, est une ville opulente et le plus important centre intellectuel du pays. Ses maisons de pierres volcaniques d&rsquo;un blanc \u00e9tincelant sous des cieux ensoleill\u00e9s presque toute l&rsquo;ann\u00e9e, lui ont valu le surnom de &laquo;ville blanche&raquo;. Arequipa est situ\u00e9e au coeur d&rsquo;une oasis de verdoyante et domin\u00e9e par un groupe de volcans, dont le Misti (5.821m) et le Chachani (6.075m), le plus \u00e9lev\u00e9 de tous.&nbsp;<\/p>\n<p>La r\u00e9gion fut d&rsquo;abord colonis\u00e9e par les Aymar\u00e0, puis les Quechuas, enfin les <a href=\"https:\/\/www.abc-latina.com\/civilisations\/Inca\" target=\"_blank\">Incas<\/a> s&rsquo;y install\u00e8rent. Cependant la ville actuelle fut fond\u00e9e par les Espagnols en 1540. Longtemps isol\u00e9e du reste du pays, Arequipa a conserv\u00e9 intact son cachet colonial: belles demeures patriciennes au fronton sculpt\u00e9 et aux fen\u00eatres d\u00e9cor\u00e9es de fer forg\u00e9, nombreuses \u00e9glises et couvents.<\/p>\n<p><a href=\"tour_operateur\" target=\"_blank\"><img loading=\"lazy\" decoding=\"async\" class=\" size-full wp-image-41\" alt=\"\" class=\"touroperateur\" src=\"http:\/\/abc-latina.com\/wp-content\/uploads\/2010\/04\/timbre_to.gif\" width=\"125\" height=\"90\" \/><\/a>Le couvent de Santa Catalina est sans doute le monument le plus \u00e9tonnant et le plus int\u00e9ressant d&rsquo;Arequipa. Ouvert au public depuis 1970 apr\u00e8s avoir abrit\u00e9 pendant quatre si\u00e8cles une communaut\u00e9 de carm\u00e9lite issues de riches familles espagnoles de la r\u00e9gion. Fond\u00e9 en 1580, il occupe une superficie de plus de 20.000m&sup2; et abritait au moins 500 religieuses. Santa Catalina est une ville dans la ville, en y p\u00e9n\u00e9trant on se retrouve en plein 16\u00e9me si\u00e8cle &#8230; patios, clo\u00eetres, maisons particuli\u00e8res, b\u00e2timent monastiques, s\u00e9par\u00e9s par de v\u00e9ritables rues &#8230;&nbsp;<br \/> La ville est compos\u00e9e essentiellement de blancs et de m\u00e9tis, peu d&rsquo;Indiens.<\/p>\n<p><span class=\"tourisme-chapitre\">Autour d&rsquo;Arequipa<\/span><\/p>\n<div><img loading=\"lazy\" decoding=\"async\" class=\" alignright size-full wp-image-385\" src=\"http:\/\/abc-latina.com\/wp-content\/uploads\/2010\/06\/canon-colca1p.jpg\" style=\"margin: 5px 22px; float: right;\" alt=\"\" width=\"200\" height=\"133\" \/>La r\u00e9serve d&rsquo;Aguada Blanca, destin\u00e9e \u00e0 la protection d&rsquo;esp\u00e8ces menac\u00e9es comme les vigognes.<\/div>\n<div>Les lamas et alpages y paissent tranquillement. On peut se baigner aux sources thermales de Yura, au pied du Chachami.&nbsp;<\/div>\n<div>Le site arch\u00e9ologique de Toro Muerto, un ensemble de pierres grav\u00e9es et sculpt\u00e9es il y a plus de 1000 ans par les indiens Huari. La vall\u00e9e des volcans, dans laquelle plus de 40 volcans, dont certains en activit\u00e9, composent un paysage totalement lunaire.Le plus grand canon du monde: le canon del colca qui atteint par endroits plus de 3000m de d\u00e9nivel\u00e9, domin\u00e9 par les neiges \u00e9ternelles. On y trouve de nombreuses sources thermales et des villages traditionnels et tr\u00e8s accueillants.<\/div>\n<h3>Comment se rendre \u00e0 Arequipa ?<\/h3>\n<div><strong>Par avion<\/strong><br \/>Vols tous les jours depuis les villes de Lima (1 h) et de Cusco (30 minutes). Vols depuis Tacna (30 minutes) Vols internationaux depuis La Paz &ndash; Bolivie (lundi-mercredi et vendredi \/ 40 mn).<\/p>\n<p><strong>Par la route<\/strong><br \/>Lima-Arequipa : 1 003 km<br \/>par la route Panamericana Sur (14 h. en voiture)<a href=\"http:\/\/voyage.abc-latina.com\/voyage_perou\/perou\" target=\"_blank\"><span class=\"sejour-circuit\"><br \/><\/span><\/a><\/div>\n<h3>Autres infos sur Arequipa<\/h3>\n<div><a href=\"tourisme\/avoir_arequipa\">Int\u00e9r\u00eats touristiques d&rsquo;Arequipa<\/a><\/div>\n<div><a href=\"tourisme\/environs_arequipa\">Les environs d&rsquo;Arequipa<\/a><\/div>\n<div><a href=\"photos\/photos_arequipa\">Photos d&rsquo;Arequipa<\/a><\/div>\n<h3>Pr\u00e9parez votre voyage \u00e0 Arequipa:<\/h3>\n<div><a href=\"https:\/\/www.abc-latina.com\/perou\/agence_de_voyages\">Agences de voyage g\u00e9n\u00e9ralistes et discounteurs<\/a><\/div>\n<div><a href=\"https:\/\/www.abc-latina.com\/perou\/tour_operateur\">Tours Op\u00e9rateurs sp\u00e9cialistes du P\u00e9rou<\/a><\/div>\n<div><a href=\"https:\/\/www.abc-latina.com\/to\/reservation_billet_avion\" target=\"_blank\">R\u00e9servez votre billet d&rsquo;avion<\/a><\/div>\n<div><a href=\"https:\/\/www.abc-latina.com\/perou\/hotels\">R\u00e9servez votre h\u00f4tel \u00e0 Arequipa<\/a>&nbsp;<\/div>\n<div><a href=\"https:\/\/www.abc-latina.com\/to\/location_de_voiture_perou\" target=\"_blank\">Location de voiture<\/a>&nbsp;<\/div>\n","protected":false},"excerpt":{"rendered":"<p>Isol\u00e9e entre d\u00e9sert et montagne, \u00e0 plus de 1.000 km au sud de Lima, Arequipa, la deuxi\u00e8me agglom\u00e9ration urbaine du [&hellip;]<\/p>\n","protected":false},"author":3,"featured_media":384,"parent":2118,"menu_order":0,"comment_status":"closed","ping_status":"closed","template":"","meta":{"site-sidebar-layout":"default","site-content-layout":"","ast-site-content-layout":"default","site-content-style":"default","site-sidebar-style":"default","ast-global-header-display":"","ast-banner-title-visibility":"","ast-main-header-display":"","ast-hfb-above-header-display":"","ast-hfb-below-header-display":"","ast-hfb-mobile-header-display":"","site-post-title":"","ast-breadcrumbs-content":"","ast-featured-img":"","footer-sml-layout":"","ast-disable-related-posts":"","theme-transparent-header-meta":"","adv-header-id-meta":"","stick-header-meta":"","header-above-stick-meta":"","header-main-stick-meta":"","header-below-stick-meta":"","astra-migrate-meta-layouts":"default","ast-page-background-enabled":"default","ast-page-background-meta":{"desktop":{"background-color":"var(--ast-global-color-5)","background-image":"","background-repeat":"repeat","background-position":"center center","background-size":"auto","background-attachment":"scroll","background-type":"","background-media":"","overlay-type":"","overlay-color":"","overlay-opacity":"","overlay-gradient":""},"tablet":{"background-color":"","background-image":"","background-repeat":"repeat","background-position":"center center","background-size":"auto","background-attachment":"scroll","background-type":"","background-media":"","overlay-type":"","overlay-color":"","overlay-opacity":"","overlay-gradient":""},"mobile":{"background-color":"","background-image":"","background-repeat":"repeat","background-position":"center center","background-size":"auto","background-attachment":"scroll","background-type":"","background-media":"","overlay-type":"","overlay-color":"","overlay-opacity":"","overlay-gradient":""}},"ast-content-background-meta":{"desktop":{"background-color":"var(--ast-global-color-4)","background-image":"","background-repeat":"repeat","background-position":"center center","background-size":"auto","background-attachment":"scroll","background-type":"","background-media":"","overlay-type":"","overlay-color":"","overlay-opacity":"","overlay-gradient":""},"tablet":{"background-color":"var(--ast-global-color-4)","background-image":"","background-repeat":"repeat","background-position":"center center","background-size":"auto","background-attachment":"scroll","background-type":"","background-media":"","overlay-type":"","overlay-color":"","overlay-opacity":"","overlay-gradient":""},"mobile":{"background-color":"var(--ast-global-color-4)","background-image":"","background-repeat":"repeat","background-position":"center center","background-size":"auto","background-attachment":"scroll","background-type":"","background-media":"","overlay-type":"","overlay-color":"","overlay-opacity":"","overlay-gradient":""}},"footnotes":""},"class_list":["post-386","page","type-page","status-publish","has-post-thumbnail","hentry"],"yoast_head":"<!-- This site is optimized with the Yoast SEO plugin v27.5 - https:\/\/yoast.com\/product\/yoast-seo-wordpress\/ -->\n<title>AREQUIPA - Abc-latina<\/title>\n<meta name=\"description\" content=\"Isol\u00e9e entre d\u00e9sert et montagne, Arequipa est une ville opulente. Ses maisons de pierres volcaniques d&#039;un blanc \u00e9tincelant sous des cieux ensoleill\u00e9s presque toute l&#039;ann\u00e9e, lui ont valu le surnom de \u00abville blanche\u00bb.\" \/>\n<meta name=\"robots\" content=\"index, follow, max-snippet:-1, max-image-preview:large, max-video-preview:-1\" \/>\n<link rel=\"canonical\" href=\"https:\/\/abc-latina.com\/perou\/arequipa\/\" \/>\n<meta property=\"og:locale\" content=\"fr_FR\" \/>\n<meta property=\"og:type\" content=\"article\" \/>\n<meta property=\"og:title\" content=\"AREQUIPA - Abc-latina\" \/>\n<meta property=\"og:description\" content=\"Isol\u00e9e entre d\u00e9sert et montagne, Arequipa est une ville opulente. Ses maisons de pierres volcaniques d&#039;un blanc \u00e9tincelant sous des cieux ensoleill\u00e9s presque toute l&#039;ann\u00e9e, lui ont valu le surnom de \u00abville blanche\u00bb.\" \/>\n<meta property=\"og:url\" content=\"https:\/\/abc-latina.com\/perou\/arequipa\/\" \/>\n<meta property=\"og:site_name\" content=\"Abc-latina\" \/>\n<meta property=\"article:modified_time\" content=\"2026-04-30T16:25:13+00:00\" \/>\n<meta property=\"og:image\" content=\"https:\/\/abc-latina.com\/wp-content\/uploads\/2010\/06\/028-arequipa.jpg\" \/>\n\t<meta property=\"og:image:width\" content=\"700\" \/>\n\t<meta property=\"og:image:height\" content=\"394\" \/>\n\t<meta property=\"og:image:type\" content=\"image\/jpeg\" \/>\n<meta name=\"twitter:card\" content=\"summary_large_image\" \/>\n<meta name=\"twitter:label1\" content=\"Dur\u00e9e de lecture estim\u00e9e\" \/>\n\t<meta name=\"twitter:data1\" content=\"2 minutes\" \/>\n<script type=\"application\/ld+json\" class=\"yoast-schema-graph\">{\"@context\":\"https:\\\/\\\/schema.org\",\"@graph\":[{\"@type\":\"WebPage\",\"@id\":\"https:\\\/\\\/abc-latina.com\\\/perou\\\/arequipa\\\/\",\"url\":\"https:\\\/\\\/abc-latina.com\\\/perou\\\/arequipa\\\/\",\"name\":\"AREQUIPA - Abc-latina\",\"isPartOf\":{\"@id\":\"https:\\\/\\\/abc-latina.com\\\/#website\"},\"primaryImageOfPage\":{\"@id\":\"https:\\\/\\\/abc-latina.com\\\/perou\\\/arequipa\\\/#primaryimage\"},\"image\":{\"@id\":\"https:\\\/\\\/abc-latina.com\\\/perou\\\/arequipa\\\/#primaryimage\"},\"thumbnailUrl\":\"https:\\\/\\\/abc-latina.com\\\/wp-content\\\/uploads\\\/2010\\\/06\\\/028-arequipa.jpg\",\"datePublished\":\"2010-06-05T22:29:55+00:00\",\"dateModified\":\"2026-04-30T16:25:13+00:00\",\"description\":\"Isol\u00e9e entre d\u00e9sert et montagne, Arequipa est une ville opulente. Ses maisons de pierres volcaniques d'un blanc \u00e9tincelant sous des cieux ensoleill\u00e9s presque toute l'ann\u00e9e, lui ont valu le surnom de \u00abville blanche\u00bb.\",\"breadcrumb\":{\"@id\":\"https:\\\/\\\/abc-latina.com\\\/perou\\\/arequipa\\\/#breadcrumb\"},\"inLanguage\":\"fr-FR\",\"potentialAction\":[{\"@type\":\"ReadAction\",\"target\":[\"https:\\\/\\\/abc-latina.com\\\/perou\\\/arequipa\\\/\"]}]},{\"@type\":\"ImageObject\",\"inLanguage\":\"fr-FR\",\"@id\":\"https:\\\/\\\/abc-latina.com\\\/perou\\\/arequipa\\\/#primaryimage\",\"url\":\"https:\\\/\\\/abc-latina.com\\\/wp-content\\\/uploads\\\/2010\\\/06\\\/028-arequipa.jpg\",\"contentUrl\":\"https:\\\/\\\/abc-latina.com\\\/wp-content\\\/uploads\\\/2010\\\/06\\\/028-arequipa.jpg\",\"width\":700,\"height\":394,\"caption\":\"AREQUIPA - PEROU\"},{\"@type\":\"BreadcrumbList\",\"@id\":\"https:\\\/\\\/abc-latina.com\\\/perou\\\/arequipa\\\/#breadcrumb\",\"itemListElement\":[{\"@type\":\"ListItem\",\"position\":1,\"name\":\"Accueil\",\"item\":\"https:\\\/\\\/abc-latina.com\\\/\"},{\"@type\":\"ListItem\",\"position\":2,\"name\":\"AREQUIPA\"}]},{\"@type\":\"WebSite\",\"@id\":\"https:\\\/\\\/abc-latina.com\\\/#website\",\"url\":\"https:\\\/\\\/abc-latina.com\\\/\",\"name\":\"Abc-latina\",\"description\":\"\",\"publisher\":{\"@id\":\"https:\\\/\\\/abc-latina.com\\\/#organization\"},\"potentialAction\":[{\"@type\":\"SearchAction\",\"target\":{\"@type\":\"EntryPoint\",\"urlTemplate\":\"https:\\\/\\\/abc-latina.com\\\/?s={search_term_string}\"},\"query-input\":{\"@type\":\"PropertyValueSpecification\",\"valueRequired\":true,\"valueName\":\"search_term_string\"}}],\"inLanguage\":\"fr-FR\"},{\"@type\":\"Organization\",\"@id\":\"https:\\\/\\\/abc-latina.com\\\/#organization\",\"name\":\"Abc-latina\",\"url\":\"https:\\\/\\\/abc-latina.com\\\/\",\"logo\":{\"@type\":\"ImageObject\",\"inLanguage\":\"fr-FR\",\"@id\":\"https:\\\/\\\/abc-latina.com\\\/#\\\/schema\\\/logo\\\/image\\\/\",\"url\":\"https:\\\/\\\/abc-latina.com\\\/wp-content\\\/uploads\\\/2026\\\/05\\\/cropped-logo.gif\",\"contentUrl\":\"https:\\\/\\\/abc-latina.com\\\/wp-content\\\/uploads\\\/2026\\\/05\\\/cropped-logo.gif\",\"width\":89,\"height\":84,\"caption\":\"Abc-latina\"},\"image\":{\"@id\":\"https:\\\/\\\/abc-latina.com\\\/#\\\/schema\\\/logo\\\/image\\\/\"}}]}<\/script>\n<!-- \/ Yoast SEO plugin. -->","yoast_head_json":{"title":"AREQUIPA - Abc-latina","description":"Isol\u00e9e entre d\u00e9sert et montagne, Arequipa est une ville opulente. Ses maisons de pierres volcaniques d'un blanc \u00e9tincelant sous des cieux ensoleill\u00e9s presque toute l'ann\u00e9e, lui ont valu le surnom de \u00abville blanche\u00bb.","robots":{"index":"index","follow":"follow","max-snippet":"max-snippet:-1","max-image-preview":"max-image-preview:large","max-video-preview":"max-video-preview:-1"},"canonical":"https:\/\/abc-latina.com\/perou\/arequipa\/","og_locale":"fr_FR","og_type":"article","og_title":"AREQUIPA - Abc-latina","og_description":"Isol\u00e9e entre d\u00e9sert et montagne, Arequipa est une ville opulente. Ses maisons de pierres volcaniques d'un blanc \u00e9tincelant sous des cieux ensoleill\u00e9s presque toute l'ann\u00e9e, lui ont valu le surnom de \u00abville blanche\u00bb.","og_url":"https:\/\/abc-latina.com\/perou\/arequipa\/","og_site_name":"Abc-latina","article_modified_time":"2026-04-30T16:25:13+00:00","og_image":[{"width":700,"height":394,"url":"https:\/\/abc-latina.com\/wp-content\/uploads\/2010\/06\/028-arequipa.jpg","type":"image\/jpeg"}],"twitter_card":"summary_large_image","twitter_misc":{"Dur\u00e9e de lecture estim\u00e9e":"2 minutes"},"schema":{"@context":"https:\/\/schema.org","@graph":[{"@type":"WebPage","@id":"https:\/\/abc-latina.com\/perou\/arequipa\/","url":"https:\/\/abc-latina.com\/perou\/arequipa\/","name":"AREQUIPA - Abc-latina","isPartOf":{"@id":"https:\/\/abc-latina.com\/#website"},"primaryImageOfPage":{"@id":"https:\/\/abc-latina.com\/perou\/arequipa\/#primaryimage"},"image":{"@id":"https:\/\/abc-latina.com\/perou\/arequipa\/#primaryimage"},"thumbnailUrl":"https:\/\/abc-latina.com\/wp-content\/uploads\/2010\/06\/028-arequipa.jpg","datePublished":"2010-06-05T22:29:55+00:00","dateModified":"2026-04-30T16:25:13+00:00","description":"Isol\u00e9e entre d\u00e9sert et montagne, Arequipa est une ville opulente. Ses maisons de pierres volcaniques d'un blanc \u00e9tincelant sous des cieux ensoleill\u00e9s presque toute l'ann\u00e9e, lui ont valu le surnom de \u00abville blanche\u00bb.","breadcrumb":{"@id":"https:\/\/abc-latina.com\/perou\/arequipa\/#breadcrumb"},"inLanguage":"fr-FR","potentialAction":[{"@type":"ReadAction","target":["https:\/\/abc-latina.com\/perou\/arequipa\/"]}]},{"@type":"ImageObject","inLanguage":"fr-FR","@id":"https:\/\/abc-latina.com\/perou\/arequipa\/#primaryimage","url":"https:\/\/abc-latina.com\/wp-content\/uploads\/2010\/06\/028-arequipa.jpg","contentUrl":"https:\/\/abc-latina.com\/wp-content\/uploads\/2010\/06\/028-arequipa.jpg","width":700,"height":394,"caption":"AREQUIPA - PEROU"},{"@type":"BreadcrumbList","@id":"https:\/\/abc-latina.com\/perou\/arequipa\/#breadcrumb","itemListElement":[{"@type":"ListItem","position":1,"name":"Accueil","item":"https:\/\/abc-latina.com\/"},{"@type":"ListItem","position":2,"name":"AREQUIPA"}]},{"@type":"WebSite","@id":"https:\/\/abc-latina.com\/#website","url":"https:\/\/abc-latina.com\/","name":"Abc-latina","description":"","publisher":{"@id":"https:\/\/abc-latina.com\/#organization"},"potentialAction":[{"@type":"SearchAction","target":{"@type":"EntryPoint","urlTemplate":"https:\/\/abc-latina.com\/?s={search_term_string}"},"query-input":{"@type":"PropertyValueSpecification","valueRequired":true,"valueName":"search_term_string"}}],"inLanguage":"fr-FR"},{"@type":"Organization","@id":"https:\/\/abc-latina.com\/#organization","name":"Abc-latina","url":"https:\/\/abc-latina.com\/","logo":{"@type":"ImageObject","inLanguage":"fr-FR","@id":"https:\/\/abc-latina.com\/#\/schema\/logo\/image\/","url":"https:\/\/abc-latina.com\/wp-content\/uploads\/2026\/05\/cropped-logo.gif","contentUrl":"https:\/\/abc-latina.com\/wp-content\/uploads\/2026\/05\/cropped-logo.gif","width":89,"height":84,"caption":"Abc-latina"},"image":{"@id":"https:\/\/abc-latina.com\/#\/schema\/logo\/image\/"}}]}},"_links":{"self":[{"href":"https:\/\/abc-latina.com\/wp-json\/wp\/v2\/pages\/386","targetHints":{"allow":["GET"]}}],"collection":[{"href":"https:\/\/abc-latina.com\/wp-json\/wp\/v2\/pages"}],"about":[{"href":"https:\/\/abc-latina.com\/wp-json\/wp\/v2\/types\/page"}],"author":[{"embeddable":true,"href":"https:\/\/abc-latina.com\/wp-json\/wp\/v2\/users\/3"}],"replies":[{"embeddable":true,"href":"https:\/\/abc-latina.com\/wp-json\/wp\/v2\/comments?post=386"}],"version-history":[{"count":1,"href":"https:\/\/abc-latina.com\/wp-json\/wp\/v2\/pages\/386\/revisions"}],"predecessor-version":[{"id":3662,"href":"https:\/\/abc-latina.com\/wp-json\/wp\/v2\/pages\/386\/revisions\/3662"}],"up":[{"embeddable":true,"href":"https:\/\/abc-latina.com\/wp-json\/wp\/v2\/pages\/2118"}],"wp:featuredmedia":[{"embeddable":true,"href":"https:\/\/abc-latina.com\/wp-json\/wp\/v2\/media\/384"}],"wp:attachment":[{"href":"https:\/\/abc-latina.com\/wp-json\/wp\/v2\/media?parent=386"}],"curies":[{"name":"wp","href":"https:\/\/api.w.org\/{rel}","templated":true}]}}