{"id":388,"date":"2010-06-06T00:31:43","date_gmt":"2010-06-05T22:31:43","guid":{"rendered":"http:\/\/abc-latina.com\/cotenord-htm\/"},"modified":"2026-04-30T18:25:14","modified_gmt":"2026-04-30T16:25:14","slug":"cotenord","status":"publish","type":"page","link":"https:\/\/abc-latina.com\/perou\/cotenord\/","title":{"rendered":"La COTE NORD du PEROU"},"content":{"rendered":"<p><a href=\"http:\/\/www.abc-latina.com\/perou\/photos\/photos_trujillo\"><img loading=\"lazy\" decoding=\"async\" class=\" alignright size-full wp-image-387\" src=\"http:\/\/abc-latina.com\/wp-content\/uploads\/2010\/06\/chimbote1p.jpg\" style=\"margin: 5px 22px; float: right;\" alt=\"\" width=\"200\" height=\"132\" \/><\/a>Trop souvent d\u00e9laiss\u00e9e par les touristes, la c\u00f4te Nord a beaucoup \u00e0 offrir sur le plan culturel. Les civilisations Moche et <a href=\"https:\/\/www.abc-latina.com\/civilisations\/chimu\" target=\"_blank\">Chimu<\/a> ont ici laiss\u00e9 des sites grandioses tels que Chan Chan ou les pyramides du soleil de la lune. Mais aussi de pittoresques villages de p\u00eacheurs et des &quot; villes oasis &quot; sises face \u00e0 l&rsquo;oc\u00e9an Pacifique mais ceintur\u00e9 par le d\u00e9sert.&nbsp;Ces oasis, cr\u00e9\u00e9s il y a des si\u00e8cles gr\u00e2ce \u00e0 d&rsquo;ing\u00e9nieux syst\u00e8mes d&rsquo;irrigation, constituent le grenier du P\u00e9rou. Elles fournissent cultures mara\u00eech\u00e8res, riz, canne \u00e0 sucre et fruits, que l&rsquo;on trouve, dans de petites \u00e9choppes sur le bord de la fameuse route panam\u00e9ricaine qui longe la c\u00f4te depuis Lima jusqu&rsquo;\u00e0 la fronti\u00e8re \u00e9quatorienne.<\/p>\n<p><strong><a href=\"https:\/\/www.abc-latina.com\/perou\/tourisme\/trujillo\">Trujillo<\/a><\/strong>, qui b\u00e9n\u00e9ficie d&rsquo;un climat tr\u00e8s agr\u00e9able m\u00eame l&rsquo;hiver, fut fond\u00e9e en 1534. Cette ville anim\u00e9e et accueillante, avec ses anciennes maisons coloniales, ses balcons de bois, ses grilles de fer forg\u00e9, est une oasis de fra\u00eecheur dans ce grand d\u00e9sert c\u00f4tier.<\/p>\n<p>A 5 km de Trujillo se trouve un des sites arch\u00e9ologiques les plus c\u00e9l\u00e8bres d&rsquo;Am\u00e9rique du sud : <strong><a href=\"https:\/\/www.abc-latina.com\/perou\/tourisme\/chanchan\">Chan-Ch\u00e1n<\/a><\/strong>. Cette ancienne capitale du royaume Chimu, dont le site s&rsquo;\u00e9tend sur 18 km&sup2;, est constitu\u00e9e de neuf palais-citadelles. Chacun renferme des places de c\u00e9r\u00e9monies, des sanctuaires, des habitations, des s\u00e9pultures, des greniers, des jardins&#8230;<\/p>\n<p><a href=\"tour_operateur\" target=\"_blank\"><img loading=\"lazy\" decoding=\"async\" class=\" size-full wp-image-41\" alt=\"\" class=\"touroperateur\" src=\"http:\/\/abc-latina.com\/wp-content\/uploads\/2010\/04\/timbre_to.gif\" width=\"125\" height=\"90\" \/><\/a>Deux autres sites arch\u00e9ologiques int\u00e9ressants sont situ\u00e9s non loin de Trujillo et t\u00e9moignent de la pr\u00e9sence de civilisations beaucoup plus anciennes encore:<strong> la Huaca del Sol &amp; la Huaca de la Luna<\/strong>.&nbsp;<br \/> On peut ainsi voir les ruines de Moche, l&rsquo;ancienne capitale des <a href=\"https:\/\/www.abc-latina.com\/civilisations\/mochica\" target=\"_blank\">Mochica<\/a>. Il n&rsquo;en reste plus que deux temples, les pyramides du soleil et de la lune. La premi\u00e8re est un monument colossal en adobe, le plus grand du P\u00e9rou, de 228 m de haut sur une base de 136 m.<\/p>\n<p>Une culture encore plus ancienne, celle de Chavin, a laiss\u00e9 sa marque \u00e0 Caballo Muerto. Il s&rsquo;agit d&rsquo;un immense centre c\u00e9r\u00e9moniel compos\u00e9 de 8 tertres.<\/p>\n<p>De l&rsquo;autre c\u00f4t\u00e9 du d\u00e9sert, \u00e0 280 km, <strong>Cajamarca<\/strong> b\u00e9n\u00e9ficie d&rsquo;un climat enchanteur. On la dit, la ville la plus Espagnole du P\u00e9rou, mais elle reste tr\u00e8s indienne avec ses maisons d&rsquo;adobe, son march\u00e9 campagnard.<\/p>\n<p>A 210 km de Trujillo, <strong>Chiclayo<\/strong>, port important mais ville moderne sans grand int\u00e9r\u00eat, est le point de d\u00e9part pour la visite de deux grands sites arch\u00e9ologiques. Sip\u00e1n, une s\u00e9pulture Mochica d&rsquo;un tr\u00e8s grand int\u00e9r\u00eat scientifique et historique a \u00e9t\u00e9 d\u00e9couverte il y a quelques ann\u00e9es. Non loin de l\u00e0, un autre site Mochica, T\u00facume, en cours d&rsquo;\u00e9tude, constitue le plus vaste site arch\u00e9ologique du monde.<\/p>\n<div>La c\u00f4te Nord en d\u00e9tail&nbsp;<\/div>\n<div>&#8211; <a href=\"https:\/\/www.abc-latina.com\/perou\/tourisme\/chanchan\">Chan-Chan<\/a><\/div>\n<div>&#8211; <a href=\"https:\/\/www.abc-latina.com\/perou\/tourisme\/huanchaco\">Huanchaco<\/a><\/div>\n<div>&#8211; <a href=\"https:\/\/www.abc-latina.com\/perou\/tourisme\/puertopizarro\">Puerto Pizarro<\/a><\/div>\n<div>&#8211; <a href=\"https:\/\/www.abc-latina.com\/perou\/tourisme\/trujillo\">Trujillo<\/a><\/div>\n<h3>Pr\u00e9parez votre voyage sur la c\u00f4te nord du P\u00e9rou :<\/h3>\n<div><a href=\"https:\/\/www.abc-latina.com\/perou\/agence_de_voyages\">Agences de voyage g\u00e9n\u00e9ralistes et discounteurs<\/a><\/div>\n<div><a href=\"https:\/\/www.abc-latina.com\/perou\/tour_operateur\">Tours Op\u00e9rateurs sp\u00e9cialistes du P\u00e9rou<\/a><\/div>\n<div><a href=\"https:\/\/www.abc-latina.com\/to\/reservation_billet_avion\" target=\"_blank\">R\u00e9servez votre billet d&rsquo;avion<\/a><\/div>\n<div><a href=\"https:\/\/www.abc-latina.com\/perou\/hotels\">R\u00e9servez votre h\u00f4tel au P\u00e9rou<\/a>&nbsp;<\/div>\n<div><a href=\"https:\/\/www.abc-latina.com\/to\/location_de_voiture_perou\" target=\"_blank\">Location de voiture<\/a><\/div>\n<p>&nbsp;<\/p>\n","protected":false},"excerpt":{"rendered":"<p>Trop souvent d\u00e9laiss\u00e9e par les touristes, la c\u00f4te Nord a beaucoup \u00e0 offrir sur le plan culturel. Les civilisations Moche [&hellip;]<\/p>\n","protected":false},"author":3,"featured_media":387,"parent":2118,"menu_order":0,"comment_status":"closed","ping_status":"closed","template":"","meta":{"site-sidebar-layout":"default","site-content-layout":"","ast-site-content-layout":"default","site-content-style":"default","site-sidebar-style":"default","ast-global-header-display":"","ast-banner-title-visibility":"","ast-main-header-display":"","ast-hfb-above-header-display":"","ast-hfb-below-header-display":"","ast-hfb-mobile-header-display":"","site-post-title":"","ast-breadcrumbs-content":"","ast-featured-img":"","footer-sml-layout":"","ast-disable-related-posts":"","theme-transparent-header-meta":"","adv-header-id-meta":"","stick-header-meta":"","header-above-stick-meta":"","header-main-stick-meta":"","header-below-stick-meta":"","astra-migrate-meta-layouts":"default","ast-page-background-enabled":"default","ast-page-background-meta":{"desktop":{"background-color":"var(--ast-global-color-5)","background-image":"","background-repeat":"repeat","background-position":"center center","background-size":"auto","background-attachment":"scroll","background-type":"","background-media":"","overlay-type":"","overlay-color":"","overlay-opacity":"","overlay-gradient":""},"tablet":{"background-color":"","background-image":"","background-repeat":"repeat","background-position":"center center","background-size":"auto","background-attachment":"scroll","background-type":"","background-media":"","overlay-type":"","overlay-color":"","overlay-opacity":"","overlay-gradient":""},"mobile":{"background-color":"","background-image":"","background-repeat":"repeat","background-position":"center center","background-size":"auto","background-attachment":"scroll","background-type":"","background-media":"","overlay-type":"","overlay-color":"","overlay-opacity":"","overlay-gradient":""}},"ast-content-background-meta":{"desktop":{"background-color":"var(--ast-global-color-4)","background-image":"","background-repeat":"repeat","background-position":"center center","background-size":"auto","background-attachment":"scroll","background-type":"","background-media":"","overlay-type":"","overlay-color":"","overlay-opacity":"","overlay-gradient":""},"tablet":{"background-color":"var(--ast-global-color-4)","background-image":"","background-repeat":"repeat","background-position":"center center","background-size":"auto","background-attachment":"scroll","background-type":"","background-media":"","overlay-type":"","overlay-color":"","overlay-opacity":"","overlay-gradient":""},"mobile":{"background-color":"var(--ast-global-color-4)","background-image":"","background-repeat":"repeat","background-position":"center center","background-size":"auto","background-attachment":"scroll","background-type":"","background-media":"","overlay-type":"","overlay-color":"","overlay-opacity":"","overlay-gradient":""}},"footnotes":""},"class_list":["post-388","page","type-page","status-publish","has-post-thumbnail","hentry"],"yoast_head":"<!-- This site is optimized with the Yoast SEO plugin v27.5 - https:\/\/yoast.com\/product\/yoast-seo-wordpress\/ -->\n<title>La COTE NORD du PEROU - Abc-latina<\/title>\n<meta name=\"description\" content=\"Trop souvent d\u00e9laiss\u00e9e par les touristes, la c\u00f4te Nord a beaucoup \u00e0 offrir sur le plan culturel. Les civilisations Moche et Chimu ont ici laiss\u00e9 des sites grandioses...\" \/>\n<meta name=\"robots\" content=\"index, follow, max-snippet:-1, max-image-preview:large, max-video-preview:-1\" \/>\n<link rel=\"canonical\" href=\"https:\/\/abc-latina.com\/perou\/cotenord\/\" \/>\n<meta property=\"og:locale\" content=\"fr_FR\" \/>\n<meta property=\"og:type\" content=\"article\" \/>\n<meta property=\"og:title\" content=\"La COTE NORD du PEROU - Abc-latina\" \/>\n<meta property=\"og:description\" content=\"Trop souvent d\u00e9laiss\u00e9e par les touristes, la c\u00f4te Nord a beaucoup \u00e0 offrir sur le plan culturel. Les civilisations Moche et Chimu ont ici laiss\u00e9 des sites grandioses...\" \/>\n<meta property=\"og:url\" content=\"https:\/\/abc-latina.com\/perou\/cotenord\/\" \/>\n<meta property=\"og:site_name\" content=\"Abc-latina\" \/>\n<meta property=\"article:modified_time\" content=\"2026-04-30T16:25:14+00:00\" \/>\n<meta property=\"og:image\" content=\"https:\/\/abc-latina.com\/wp-content\/uploads\/2010\/06\/chimbote1p.jpg\" \/>\n\t<meta property=\"og:image:width\" content=\"200\" \/>\n\t<meta property=\"og:image:height\" content=\"132\" \/>\n\t<meta property=\"og:image:type\" content=\"image\/jpeg\" \/>\n<meta name=\"twitter:card\" content=\"summary_large_image\" \/>\n<meta name=\"twitter:label1\" content=\"Dur\u00e9e de lecture estim\u00e9e\" \/>\n\t<meta name=\"twitter:data1\" content=\"3 minutes\" \/>\n<script type=\"application\/ld+json\" class=\"yoast-schema-graph\">{\"@context\":\"https:\\\/\\\/schema.org\",\"@graph\":[{\"@type\":\"WebPage\",\"@id\":\"https:\\\/\\\/abc-latina.com\\\/perou\\\/cotenord\\\/\",\"url\":\"https:\\\/\\\/abc-latina.com\\\/perou\\\/cotenord\\\/\",\"name\":\"La COTE NORD du PEROU - Abc-latina\",\"isPartOf\":{\"@id\":\"https:\\\/\\\/abc-latina.com\\\/#website\"},\"primaryImageOfPage\":{\"@id\":\"https:\\\/\\\/abc-latina.com\\\/perou\\\/cotenord\\\/#primaryimage\"},\"image\":{\"@id\":\"https:\\\/\\\/abc-latina.com\\\/perou\\\/cotenord\\\/#primaryimage\"},\"thumbnailUrl\":\"https:\\\/\\\/abc-latina.com\\\/wp-content\\\/uploads\\\/2010\\\/06\\\/chimbote1p.jpg\",\"datePublished\":\"2010-06-05T22:31:43+00:00\",\"dateModified\":\"2026-04-30T16:25:14+00:00\",\"description\":\"Trop souvent d\u00e9laiss\u00e9e par les touristes, la c\u00f4te Nord a beaucoup \u00e0 offrir sur le plan culturel. Les civilisations Moche et Chimu ont ici laiss\u00e9 des sites grandioses...\",\"breadcrumb\":{\"@id\":\"https:\\\/\\\/abc-latina.com\\\/perou\\\/cotenord\\\/#breadcrumb\"},\"inLanguage\":\"fr-FR\",\"potentialAction\":[{\"@type\":\"ReadAction\",\"target\":[\"https:\\\/\\\/abc-latina.com\\\/perou\\\/cotenord\\\/\"]}]},{\"@type\":\"ImageObject\",\"inLanguage\":\"fr-FR\",\"@id\":\"https:\\\/\\\/abc-latina.com\\\/perou\\\/cotenord\\\/#primaryimage\",\"url\":\"https:\\\/\\\/abc-latina.com\\\/wp-content\\\/uploads\\\/2010\\\/06\\\/chimbote1p.jpg\",\"contentUrl\":\"https:\\\/\\\/abc-latina.com\\\/wp-content\\\/uploads\\\/2010\\\/06\\\/chimbote1p.jpg\",\"width\":200,\"height\":132},{\"@type\":\"BreadcrumbList\",\"@id\":\"https:\\\/\\\/abc-latina.com\\\/perou\\\/cotenord\\\/#breadcrumb\",\"itemListElement\":[{\"@type\":\"ListItem\",\"position\":1,\"name\":\"Accueil\",\"item\":\"https:\\\/\\\/abc-latina.com\\\/\"},{\"@type\":\"ListItem\",\"position\":2,\"name\":\"La COTE NORD du PEROU\"}]},{\"@type\":\"WebSite\",\"@id\":\"https:\\\/\\\/abc-latina.com\\\/#website\",\"url\":\"https:\\\/\\\/abc-latina.com\\\/\",\"name\":\"Abc-latina\",\"description\":\"\",\"publisher\":{\"@id\":\"https:\\\/\\\/abc-latina.com\\\/#organization\"},\"potentialAction\":[{\"@type\":\"SearchAction\",\"target\":{\"@type\":\"EntryPoint\",\"urlTemplate\":\"https:\\\/\\\/abc-latina.com\\\/?s={search_term_string}\"},\"query-input\":{\"@type\":\"PropertyValueSpecification\",\"valueRequired\":true,\"valueName\":\"search_term_string\"}}],\"inLanguage\":\"fr-FR\"},{\"@type\":\"Organization\",\"@id\":\"https:\\\/\\\/abc-latina.com\\\/#organization\",\"name\":\"Abc-latina\",\"url\":\"https:\\\/\\\/abc-latina.com\\\/\",\"logo\":{\"@type\":\"ImageObject\",\"inLanguage\":\"fr-FR\",\"@id\":\"https:\\\/\\\/abc-latina.com\\\/#\\\/schema\\\/logo\\\/image\\\/\",\"url\":\"https:\\\/\\\/abc-latina.com\\\/wp-content\\\/uploads\\\/2026\\\/05\\\/cropped-logo.gif\",\"contentUrl\":\"https:\\\/\\\/abc-latina.com\\\/wp-content\\\/uploads\\\/2026\\\/05\\\/cropped-logo.gif\",\"width\":89,\"height\":84,\"caption\":\"Abc-latina\"},\"image\":{\"@id\":\"https:\\\/\\\/abc-latina.com\\\/#\\\/schema\\\/logo\\\/image\\\/\"}}]}<\/script>\n<!-- \/ Yoast SEO plugin. -->","yoast_head_json":{"title":"La COTE NORD du PEROU - Abc-latina","description":"Trop souvent d\u00e9laiss\u00e9e par les touristes, la c\u00f4te Nord a beaucoup \u00e0 offrir sur le plan culturel. Les civilisations Moche et Chimu ont ici laiss\u00e9 des sites grandioses...","robots":{"index":"index","follow":"follow","max-snippet":"max-snippet:-1","max-image-preview":"max-image-preview:large","max-video-preview":"max-video-preview:-1"},"canonical":"https:\/\/abc-latina.com\/perou\/cotenord\/","og_locale":"fr_FR","og_type":"article","og_title":"La COTE NORD du PEROU - Abc-latina","og_description":"Trop souvent d\u00e9laiss\u00e9e par les touristes, la c\u00f4te Nord a beaucoup \u00e0 offrir sur le plan culturel. Les civilisations Moche et Chimu ont ici laiss\u00e9 des sites grandioses...","og_url":"https:\/\/abc-latina.com\/perou\/cotenord\/","og_site_name":"Abc-latina","article_modified_time":"2026-04-30T16:25:14+00:00","og_image":[{"width":200,"height":132,"url":"https:\/\/abc-latina.com\/wp-content\/uploads\/2010\/06\/chimbote1p.jpg","type":"image\/jpeg"}],"twitter_card":"summary_large_image","twitter_misc":{"Dur\u00e9e de lecture estim\u00e9e":"3 minutes"},"schema":{"@context":"https:\/\/schema.org","@graph":[{"@type":"WebPage","@id":"https:\/\/abc-latina.com\/perou\/cotenord\/","url":"https:\/\/abc-latina.com\/perou\/cotenord\/","name":"La COTE NORD du PEROU - Abc-latina","isPartOf":{"@id":"https:\/\/abc-latina.com\/#website"},"primaryImageOfPage":{"@id":"https:\/\/abc-latina.com\/perou\/cotenord\/#primaryimage"},"image":{"@id":"https:\/\/abc-latina.com\/perou\/cotenord\/#primaryimage"},"thumbnailUrl":"https:\/\/abc-latina.com\/wp-content\/uploads\/2010\/06\/chimbote1p.jpg","datePublished":"2010-06-05T22:31:43+00:00","dateModified":"2026-04-30T16:25:14+00:00","description":"Trop souvent d\u00e9laiss\u00e9e par les touristes, la c\u00f4te Nord a beaucoup \u00e0 offrir sur le plan culturel. Les civilisations Moche et Chimu ont ici laiss\u00e9 des sites grandioses...","breadcrumb":{"@id":"https:\/\/abc-latina.com\/perou\/cotenord\/#breadcrumb"},"inLanguage":"fr-FR","potentialAction":[{"@type":"ReadAction","target":["https:\/\/abc-latina.com\/perou\/cotenord\/"]}]},{"@type":"ImageObject","inLanguage":"fr-FR","@id":"https:\/\/abc-latina.com\/perou\/cotenord\/#primaryimage","url":"https:\/\/abc-latina.com\/wp-content\/uploads\/2010\/06\/chimbote1p.jpg","contentUrl":"https:\/\/abc-latina.com\/wp-content\/uploads\/2010\/06\/chimbote1p.jpg","width":200,"height":132},{"@type":"BreadcrumbList","@id":"https:\/\/abc-latina.com\/perou\/cotenord\/#breadcrumb","itemListElement":[{"@type":"ListItem","position":1,"name":"Accueil","item":"https:\/\/abc-latina.com\/"},{"@type":"ListItem","position":2,"name":"La COTE NORD du PEROU"}]},{"@type":"WebSite","@id":"https:\/\/abc-latina.com\/#website","url":"https:\/\/abc-latina.com\/","name":"Abc-latina","description":"","publisher":{"@id":"https:\/\/abc-latina.com\/#organization"},"potentialAction":[{"@type":"SearchAction","target":{"@type":"EntryPoint","urlTemplate":"https:\/\/abc-latina.com\/?s={search_term_string}"},"query-input":{"@type":"PropertyValueSpecification","valueRequired":true,"valueName":"search_term_string"}}],"inLanguage":"fr-FR"},{"@type":"Organization","@id":"https:\/\/abc-latina.com\/#organization","name":"Abc-latina","url":"https:\/\/abc-latina.com\/","logo":{"@type":"ImageObject","inLanguage":"fr-FR","@id":"https:\/\/abc-latina.com\/#\/schema\/logo\/image\/","url":"https:\/\/abc-latina.com\/wp-content\/uploads\/2026\/05\/cropped-logo.gif","contentUrl":"https:\/\/abc-latina.com\/wp-content\/uploads\/2026\/05\/cropped-logo.gif","width":89,"height":84,"caption":"Abc-latina"},"image":{"@id":"https:\/\/abc-latina.com\/#\/schema\/logo\/image\/"}}]}},"_links":{"self":[{"href":"https:\/\/abc-latina.com\/wp-json\/wp\/v2\/pages\/388","targetHints":{"allow":["GET"]}}],"collection":[{"href":"https:\/\/abc-latina.com\/wp-json\/wp\/v2\/pages"}],"about":[{"href":"https:\/\/abc-latina.com\/wp-json\/wp\/v2\/types\/page"}],"author":[{"embeddable":true,"href":"https:\/\/abc-latina.com\/wp-json\/wp\/v2\/users\/3"}],"replies":[{"embeddable":true,"href":"https:\/\/abc-latina.com\/wp-json\/wp\/v2\/comments?post=388"}],"version-history":[{"count":1,"href":"https:\/\/abc-latina.com\/wp-json\/wp\/v2\/pages\/388\/revisions"}],"predecessor-version":[{"id":3682,"href":"https:\/\/abc-latina.com\/wp-json\/wp\/v2\/pages\/388\/revisions\/3682"}],"up":[{"embeddable":true,"href":"https:\/\/abc-latina.com\/wp-json\/wp\/v2\/pages\/2118"}],"wp:featuredmedia":[{"embeddable":true,"href":"https:\/\/abc-latina.com\/wp-json\/wp\/v2\/media\/387"}],"wp:attachment":[{"href":"https:\/\/abc-latina.com\/wp-json\/wp\/v2\/media?parent=388"}],"curies":[{"name":"wp","href":"https:\/\/api.w.org\/{rel}","templated":true}]}}