{"id":39,"date":"2010-04-17T19:16:18","date_gmt":"2010-04-17T17:16:18","guid":{"rendered":"http:\/\/abc-latina.com\/argentine\/"},"modified":"2026-04-30T18:24:44","modified_gmt":"2026-04-30T16:24:44","slug":"argentine","status":"publish","type":"page","link":"https:\/\/abc-latina.com\/argentine\/","title":{"rendered":"ARGENTINE"},"content":{"rendered":"<p class=\"rtecenter\"><img loading=\"lazy\" decoding=\"async\" class=\" alignright size-full wp-image-38\" src=\"http:\/\/abc-latina.com\/wp-content\/uploads\/2010\/04\/argentine.jpg\" title=\"ARGENTINE\" alt=\"ARGENTINE\" width=\"220\" vspace=\"9\" hspace=\"15\" height=\"220\" align=\"right\" \/>L&rsquo; <span class=\"tourisme-chapitre\">Argentine<\/span> est un pays qui a la dimension d&rsquo;un continent. Tous les climats du monde y sont repr\u00e9sent\u00e9s. C&rsquo;est sur son territoire que se trouvent le sommet le plus haut d&rsquo; Am\u00e9rique latine et de l&rsquo;h\u00e9misph\u00e8re sud : L&rsquo; Aconcagua; le fleuve le plus large du monde : la Plata.<\/p>\n<p class=\"rtecenter\">La Pampa est une des terres les plus fertiles du globe, recouvrant une superficie \u00e9gale \u00e0 celle de la France. Les premi\u00e8res nations de ces territoires, Onas, Mapuches, Diaguitas (qui int\u00e9graient l&rsquo;Empire Inca), Pampas et autres, ont d\u00fb c\u00e9der leur place devant les colons et les gauchos. Car l&rsquo; Argentine est aussi cet immense bout d&rsquo;Europe, transf\u00e9r\u00e9 en Am\u00e9rique du Sud. Une terre promise, qui s&rsquo;est parfois r\u00e9v\u00e9l\u00e9e capricieuse, mais o\u00f9 le mythe de l&rsquo;Am\u00e9rique est rest\u00e9 vivace. Cette histoire singuli\u00e8re a engendr\u00e9 une culture originale, dont Borges a \u00e9t\u00e9 le repr\u00e9sentant le plus brillant. Aussi dense et diverse que les hommes et les cultures qu&rsquo;elle accueillit, Buenos Aires r\u00e9sonne plus volontiers des \u00e9chos de l&rsquo;Europe que de ceux de l&rsquo;Am\u00e9rique. Nostalgia ! Rien d&rsquo;\u00e9tonnant \u00e0 ce que le tango soit n\u00e9 sur les rives de la Plata. Les clich\u00e9s s&rsquo;imposent d&rsquo;abord, et servent de jalons pour la d\u00e9couverte de ce pays. Si le tango est indissolublement li\u00e9 \u00e0 Buenos Aires, le gaucho est toujours associ\u00e9 \u00e0 la Pampa. Viennent ensuite mille diff\u00e9rences, mille d\u00e9couvertes, mille nuances, qui font de l&rsquo; Argentine une terre unique de <a href=\"https:\/\/www.abc-latina.com\/to\/voyage_argentine\">voyage<\/a>.<\/p>\n<p><!--break--><\/p>\n<p class=\"rtejustify\"><span class=\"tsource\">Cr\u00e9dit photo: Eduardo Amorim<\/span><a target=\"_blank\" href=\"https:\/\/voyage.abc-latina.com\/voyage_argentine\/argentine.php\"><span class=\"sejour-circuit\"><br \/><\/span><\/a><\/p>\n<h2><strong>A SAVOIR<\/strong><\/h2>\n<p class=\"rtejustify\">Dans les ann\u00e9es 40, l&rsquo;Argentine \u00e9tait l&rsquo;une des plus riches du monde. Les travailleurs argentins jouissaient d&rsquo;un niveau de vie comparable \u00e0 celui des europ\u00e9ens, et les \u00e9leveurs, figures quasi mythiques, n&rsquo;avaient rien \u00e0 envier aux barons de l&rsquo;acier allemands ou aux magnats du p\u00e9trole am\u00e9ricains. Deuxi\u00e8me pays d&rsquo;Am\u00e9rique latine et huiti\u00e8me au monde par sa surface, l&rsquo;Argentine \u00e9tait promise \u00e0 une irr\u00e9sistible ascension, qui aurait d\u00fb en faire l&rsquo;\u00e9quivalent austral des Etats-Unis. Pourtant, ces espoirs ne se concr\u00e9tis\u00e8rent jamais. La faute, souvent attribu\u00e9e au pass\u00e9 colonial du pays, peut \u00e9galement \u00eatre imput\u00e9e aux erreurs politiques et \u00e9conomiques des ann\u00e9es d&rsquo;apr\u00e8s guerre.<\/p>\n<h2><strong>A LA UNE<\/strong><\/h2>\n<h3>Mar del Plata<\/h3>\n<p class=\"rtejustify\">A 400 km de Buenos Aires, aussi connue sous le nom de &laquo; ciudad feliz &raquo; (ville heureuse) et &laquo; perla del Atl\u00e1ntico &raquo; (perle de l&rsquo;Atlantique), elle est la&nbsp; principale station baln\u00e9aire argentine. Plus de 8 millions de touristes viennent profiter des quelques 500 restaurants, 300 caf\u00e9s, pubs et 60 salles de spectacles&#8230; <br \/><a href=\"https:\/\/www.abc-latina.com\/argentine\/mar_del_plata\">La suite&#8230;<\/a><\/p>\n","protected":false},"excerpt":{"rendered":"<p>L&rsquo; Argentine est un pays qui a la dimension d&rsquo;un continent. Tous les climats du monde y sont repr\u00e9sent\u00e9s. C&rsquo;est [&hellip;]<\/p>\n","protected":false},"author":2,"featured_media":38,"parent":0,"menu_order":0,"comment_status":"closed","ping_status":"closed","template":"","meta":{"site-sidebar-layout":"default","site-content-layout":"","ast-site-content-layout":"default","site-content-style":"default","site-sidebar-style":"default","ast-global-header-display":"","ast-banner-title-visibility":"","ast-main-header-display":"","ast-hfb-above-header-display":"","ast-hfb-below-header-display":"","ast-hfb-mobile-header-display":"","site-post-title":"","ast-breadcrumbs-content":"","ast-featured-img":"","footer-sml-layout":"","ast-disable-related-posts":"","theme-transparent-header-meta":"","adv-header-id-meta":"","stick-header-meta":"","header-above-stick-meta":"","header-main-stick-meta":"","header-below-stick-meta":"","astra-migrate-meta-layouts":"default","ast-page-background-enabled":"default","ast-page-background-meta":{"desktop":{"background-color":"var(--ast-global-color-5)","background-image":"","background-repeat":"repeat","background-position":"center center","background-size":"auto","background-attachment":"scroll","background-type":"","background-media":"","overlay-type":"","overlay-color":"","overlay-opacity":"","overlay-gradient":""},"tablet":{"background-color":"","background-image":"","background-repeat":"repeat","background-position":"center center","background-size":"auto","background-attachment":"scroll","background-type":"","background-media":"","overlay-type":"","overlay-color":"","overlay-opacity":"","overlay-gradient":""},"mobile":{"background-color":"","background-image":"","background-repeat":"repeat","background-position":"center center","background-size":"auto","background-attachment":"scroll","background-type":"","background-media":"","overlay-type":"","overlay-color":"","overlay-opacity":"","overlay-gradient":""}},"ast-content-background-meta":{"desktop":{"background-color":"var(--ast-global-color-4)","background-image":"","background-repeat":"repeat","background-position":"center center","background-size":"auto","background-attachment":"scroll","background-type":"","background-media":"","overlay-type":"","overlay-color":"","overlay-opacity":"","overlay-gradient":""},"tablet":{"background-color":"var(--ast-global-color-4)","background-image":"","background-repeat":"repeat","background-position":"center center","background-size":"auto","background-attachment":"scroll","background-type":"","background-media":"","overlay-type":"","overlay-color":"","overlay-opacity":"","overlay-gradient":""},"mobile":{"background-color":"var(--ast-global-color-4)","background-image":"","background-repeat":"repeat","background-position":"center center","background-size":"auto","background-attachment":"scroll","background-type":"","background-media":"","overlay-type":"","overlay-color":"","overlay-opacity":"","overlay-gradient":""}},"footnotes":""},"class_list":["post-39","page","type-page","status-publish","has-post-thumbnail","hentry"],"yoast_head":"<!-- This site is optimized with the Yoast SEO plugin v27.5 - https:\/\/yoast.com\/product\/yoast-seo-wordpress\/ -->\n<title>ARGENTINE - Abc-latina<\/title>\n<meta name=\"description\" content=\"L&#039; Argentine vu sous tous les angles: touristique, historique, economique, culturels. Voyage en Argentine.\" \/>\n<meta name=\"robots\" content=\"index, follow, max-snippet:-1, max-image-preview:large, max-video-preview:-1\" \/>\n<link rel=\"canonical\" href=\"https:\/\/abc-latina.com\/argentine\/\" \/>\n<meta property=\"og:locale\" content=\"fr_FR\" \/>\n<meta property=\"og:type\" content=\"article\" \/>\n<meta property=\"og:title\" content=\"ARGENTINE - Abc-latina\" \/>\n<meta property=\"og:description\" content=\"L&#039; Argentine vu sous tous les angles: touristique, historique, economique, culturels. Voyage en Argentine.\" \/>\n<meta property=\"og:url\" content=\"https:\/\/abc-latina.com\/argentine\/\" \/>\n<meta property=\"og:site_name\" content=\"Abc-latina\" \/>\n<meta property=\"article:modified_time\" content=\"2026-04-30T16:24:44+00:00\" \/>\n<meta property=\"og:image\" content=\"https:\/\/abc-latina.com\/wp-content\/uploads\/2010\/04\/argentine.jpg\" \/>\n\t<meta property=\"og:image:width\" content=\"110\" \/>\n\t<meta property=\"og:image:height\" content=\"82\" \/>\n\t<meta property=\"og:image:type\" content=\"image\/jpeg\" \/>\n<meta name=\"twitter:card\" content=\"summary_large_image\" \/>\n<meta name=\"twitter:label1\" content=\"Dur\u00e9e de lecture estim\u00e9e\" \/>\n\t<meta name=\"twitter:data1\" content=\"2 minutes\" \/>\n<script type=\"application\/ld+json\" class=\"yoast-schema-graph\">{\"@context\":\"https:\\\/\\\/schema.org\",\"@graph\":[{\"@type\":\"WebPage\",\"@id\":\"https:\\\/\\\/abc-latina.com\\\/argentine\\\/\",\"url\":\"https:\\\/\\\/abc-latina.com\\\/argentine\\\/\",\"name\":\"ARGENTINE - Abc-latina\",\"isPartOf\":{\"@id\":\"https:\\\/\\\/abc-latina.com\\\/#website\"},\"primaryImageOfPage\":{\"@id\":\"https:\\\/\\\/abc-latina.com\\\/argentine\\\/#primaryimage\"},\"image\":{\"@id\":\"https:\\\/\\\/abc-latina.com\\\/argentine\\\/#primaryimage\"},\"thumbnailUrl\":\"https:\\\/\\\/abc-latina.com\\\/wp-content\\\/uploads\\\/2010\\\/04\\\/argentine.jpg\",\"datePublished\":\"2010-04-17T17:16:18+00:00\",\"dateModified\":\"2026-04-30T16:24:44+00:00\",\"description\":\"L' Argentine vu sous tous les angles: touristique, historique, economique, culturels. Voyage en Argentine.\",\"breadcrumb\":{\"@id\":\"https:\\\/\\\/abc-latina.com\\\/argentine\\\/#breadcrumb\"},\"inLanguage\":\"fr-FR\",\"potentialAction\":[{\"@type\":\"ReadAction\",\"target\":[\"https:\\\/\\\/abc-latina.com\\\/argentine\\\/\"]}]},{\"@type\":\"ImageObject\",\"inLanguage\":\"fr-FR\",\"@id\":\"https:\\\/\\\/abc-latina.com\\\/argentine\\\/#primaryimage\",\"url\":\"https:\\\/\\\/abc-latina.com\\\/wp-content\\\/uploads\\\/2010\\\/04\\\/argentine.jpg\",\"contentUrl\":\"https:\\\/\\\/abc-latina.com\\\/wp-content\\\/uploads\\\/2010\\\/04\\\/argentine.jpg\",\"width\":110,\"height\":82,\"caption\":\"ARGENTINE\"},{\"@type\":\"BreadcrumbList\",\"@id\":\"https:\\\/\\\/abc-latina.com\\\/argentine\\\/#breadcrumb\",\"itemListElement\":[{\"@type\":\"ListItem\",\"position\":1,\"name\":\"Accueil\",\"item\":\"https:\\\/\\\/abc-latina.com\\\/\"},{\"@type\":\"ListItem\",\"position\":2,\"name\":\"ARGENTINE\"}]},{\"@type\":\"WebSite\",\"@id\":\"https:\\\/\\\/abc-latina.com\\\/#website\",\"url\":\"https:\\\/\\\/abc-latina.com\\\/\",\"name\":\"Abc-latina\",\"description\":\"\",\"publisher\":{\"@id\":\"https:\\\/\\\/abc-latina.com\\\/#organization\"},\"potentialAction\":[{\"@type\":\"SearchAction\",\"target\":{\"@type\":\"EntryPoint\",\"urlTemplate\":\"https:\\\/\\\/abc-latina.com\\\/?s={search_term_string}\"},\"query-input\":{\"@type\":\"PropertyValueSpecification\",\"valueRequired\":true,\"valueName\":\"search_term_string\"}}],\"inLanguage\":\"fr-FR\"},{\"@type\":\"Organization\",\"@id\":\"https:\\\/\\\/abc-latina.com\\\/#organization\",\"name\":\"Abc-latina\",\"url\":\"https:\\\/\\\/abc-latina.com\\\/\",\"logo\":{\"@type\":\"ImageObject\",\"inLanguage\":\"fr-FR\",\"@id\":\"https:\\\/\\\/abc-latina.com\\\/#\\\/schema\\\/logo\\\/image\\\/\",\"url\":\"https:\\\/\\\/abc-latina.com\\\/wp-content\\\/uploads\\\/2026\\\/05\\\/cropped-logo.gif\",\"contentUrl\":\"https:\\\/\\\/abc-latina.com\\\/wp-content\\\/uploads\\\/2026\\\/05\\\/cropped-logo.gif\",\"width\":89,\"height\":84,\"caption\":\"Abc-latina\"},\"image\":{\"@id\":\"https:\\\/\\\/abc-latina.com\\\/#\\\/schema\\\/logo\\\/image\\\/\"}}]}<\/script>\n<!-- \/ Yoast SEO plugin. -->","yoast_head_json":{"title":"ARGENTINE - Abc-latina","description":"L' Argentine vu sous tous les angles: touristique, historique, economique, culturels. Voyage en Argentine.","robots":{"index":"index","follow":"follow","max-snippet":"max-snippet:-1","max-image-preview":"max-image-preview:large","max-video-preview":"max-video-preview:-1"},"canonical":"https:\/\/abc-latina.com\/argentine\/","og_locale":"fr_FR","og_type":"article","og_title":"ARGENTINE - Abc-latina","og_description":"L' Argentine vu sous tous les angles: touristique, historique, economique, culturels. Voyage en Argentine.","og_url":"https:\/\/abc-latina.com\/argentine\/","og_site_name":"Abc-latina","article_modified_time":"2026-04-30T16:24:44+00:00","og_image":[{"width":110,"height":82,"url":"https:\/\/abc-latina.com\/wp-content\/uploads\/2010\/04\/argentine.jpg","type":"image\/jpeg"}],"twitter_card":"summary_large_image","twitter_misc":{"Dur\u00e9e de lecture estim\u00e9e":"2 minutes"},"schema":{"@context":"https:\/\/schema.org","@graph":[{"@type":"WebPage","@id":"https:\/\/abc-latina.com\/argentine\/","url":"https:\/\/abc-latina.com\/argentine\/","name":"ARGENTINE - Abc-latina","isPartOf":{"@id":"https:\/\/abc-latina.com\/#website"},"primaryImageOfPage":{"@id":"https:\/\/abc-latina.com\/argentine\/#primaryimage"},"image":{"@id":"https:\/\/abc-latina.com\/argentine\/#primaryimage"},"thumbnailUrl":"https:\/\/abc-latina.com\/wp-content\/uploads\/2010\/04\/argentine.jpg","datePublished":"2010-04-17T17:16:18+00:00","dateModified":"2026-04-30T16:24:44+00:00","description":"L' Argentine vu sous tous les angles: touristique, historique, economique, culturels. Voyage en Argentine.","breadcrumb":{"@id":"https:\/\/abc-latina.com\/argentine\/#breadcrumb"},"inLanguage":"fr-FR","potentialAction":[{"@type":"ReadAction","target":["https:\/\/abc-latina.com\/argentine\/"]}]},{"@type":"ImageObject","inLanguage":"fr-FR","@id":"https:\/\/abc-latina.com\/argentine\/#primaryimage","url":"https:\/\/abc-latina.com\/wp-content\/uploads\/2010\/04\/argentine.jpg","contentUrl":"https:\/\/abc-latina.com\/wp-content\/uploads\/2010\/04\/argentine.jpg","width":110,"height":82,"caption":"ARGENTINE"},{"@type":"BreadcrumbList","@id":"https:\/\/abc-latina.com\/argentine\/#breadcrumb","itemListElement":[{"@type":"ListItem","position":1,"name":"Accueil","item":"https:\/\/abc-latina.com\/"},{"@type":"ListItem","position":2,"name":"ARGENTINE"}]},{"@type":"WebSite","@id":"https:\/\/abc-latina.com\/#website","url":"https:\/\/abc-latina.com\/","name":"Abc-latina","description":"","publisher":{"@id":"https:\/\/abc-latina.com\/#organization"},"potentialAction":[{"@type":"SearchAction","target":{"@type":"EntryPoint","urlTemplate":"https:\/\/abc-latina.com\/?s={search_term_string}"},"query-input":{"@type":"PropertyValueSpecification","valueRequired":true,"valueName":"search_term_string"}}],"inLanguage":"fr-FR"},{"@type":"Organization","@id":"https:\/\/abc-latina.com\/#organization","name":"Abc-latina","url":"https:\/\/abc-latina.com\/","logo":{"@type":"ImageObject","inLanguage":"fr-FR","@id":"https:\/\/abc-latina.com\/#\/schema\/logo\/image\/","url":"https:\/\/abc-latina.com\/wp-content\/uploads\/2026\/05\/cropped-logo.gif","contentUrl":"https:\/\/abc-latina.com\/wp-content\/uploads\/2026\/05\/cropped-logo.gif","width":89,"height":84,"caption":"Abc-latina"},"image":{"@id":"https:\/\/abc-latina.com\/#\/schema\/logo\/image\/"}}]}},"_links":{"self":[{"href":"https:\/\/abc-latina.com\/wp-json\/wp\/v2\/pages\/39","targetHints":{"allow":["GET"]}}],"collection":[{"href":"https:\/\/abc-latina.com\/wp-json\/wp\/v2\/pages"}],"about":[{"href":"https:\/\/abc-latina.com\/wp-json\/wp\/v2\/types\/page"}],"author":[{"embeddable":true,"href":"https:\/\/abc-latina.com\/wp-json\/wp\/v2\/users\/2"}],"replies":[{"embeddable":true,"href":"https:\/\/abc-latina.com\/wp-json\/wp\/v2\/comments?post=39"}],"version-history":[{"count":1,"href":"https:\/\/abc-latina.com\/wp-json\/wp\/v2\/pages\/39\/revisions"}],"predecessor-version":[{"id":3052,"href":"https:\/\/abc-latina.com\/wp-json\/wp\/v2\/pages\/39\/revisions\/3052"}],"wp:featuredmedia":[{"embeddable":true,"href":"https:\/\/abc-latina.com\/wp-json\/wp\/v2\/media\/38"}],"wp:attachment":[{"href":"https:\/\/abc-latina.com\/wp-json\/wp\/v2\/media?parent=39"}],"curies":[{"name":"wp","href":"https:\/\/api.w.org\/{rel}","templated":true}]}}