{"id":390,"date":"2010-06-07T18:41:24","date_gmt":"2010-06-07T16:41:24","guid":{"rendered":"http:\/\/abc-latina.com\/cahuachi-php\/"},"modified":"2026-04-30T18:25:14","modified_gmt":"2026-04-30T16:25:14","slug":"cahuachi","status":"publish","type":"page","link":"https:\/\/abc-latina.com\/perou\/cahuachi\/","title":{"rendered":"CAHUACHI"},"content":{"rendered":"<p><img loading=\"lazy\" decoding=\"async\" class=\" alignright size-full wp-image-389\" src=\"http:\/\/abc-latina.com\/wp-content\/uploads\/2010\/06\/cahuachi.jpg\" alt=\"\" width=\"250\" vspace=\"9\" hspace=\"15\" height=\"250\" align=\"right\" srcset=\"https:\/\/abc-latina.com\/wp-content\/uploads\/2010\/06\/cahuachi.jpg 250w, https:\/\/abc-latina.com\/wp-content\/uploads\/2010\/06\/cahuachi-150x150.jpg 150w\" sizes=\"auto, (max-width: 250px) 100vw, 250px\" \/>Il y a mille sept cents ans, les <a href=\"https:\/\/www.abc-latina.com\/civilisations\/nazca\" target=\"_blank\">Nascas<\/a> ont b\u00e2ti la plus grande cit\u00e9 pr\u00e9colombienne et dessin\u00e9 sur le sol de gigantesques dessins visibles depuis le ciel. A quoi servaient-ils? Gr\u00e2ce aux fouilles men\u00e9es par Giuseppe Orefici, le site <span class=\"tourisme-chapitre\">Cahuachi<\/span> a commenc\u00e9 \u00e0 livrer ses secrets.<\/p>\n<p>Dans le sud du P\u00e9rou, sur une bande c\u00f4ti\u00e8re coinc\u00e9e entre les Andes et le Pacifique, se trouvent les vestiges de la cit\u00e9 Cahuachi, vieille de mille sept cents ans. Depuis dix-sept ans, Giuseppe Orefici m\u00e8ne les fouilles dans cette ancienne capitale des Nascas, qui \u00e9tait dirig\u00e9e par les pr\u00eatres et vou\u00e9e au culte des dieux. Pour la premi\u00e8re fois, il ouvre les portes de ses entrep\u00f4ts \u00e0 une \u00e9quipe de t\u00e9l\u00e9vision, leur d\u00e9voilant un formidable tr\u00e9sor arch\u00e9ologique&#8230;<\/p>\n<p><strong>Le domaine des dieux<\/strong><br \/> <a href=\"tour_operateur\" target=\"_blank\"><img loading=\"lazy\" decoding=\"async\" class=\" size-full wp-image-41\" alt=\"\" src=\"http:\/\/abc-latina.com\/wp-content\/uploads\/2010\/04\/timbre_to.gif\" class=\"touroperateur\" width=\"125\" height=\"90\" \/><\/a>Le documentaire met en \u00e9vidence la beaut\u00e9 \u00e9trange de Cahuachi, site superbe aux dimensions colossales. Ici s&rsquo;est \u00e9panouie une civilisation puissante, ing\u00e9nieuse et surtout tr\u00e8s croyante. On n&rsquo;y a retrouv\u00e9 aucune trace d&rsquo;activit\u00e9 quotidienne : tous les objets d\u00e9couverts, c\u00e9ramiques et tissus, sont \u00e0 vocation religieuse, comme en t\u00e9moignent leurs motifs. Ils repr\u00e9sentent des serpents, des f\u00e9lins, des oiseaux mais aussi beaucoup de divinit\u00e9s marines : la proximit\u00e9 de l&rsquo;eau \u00e9tait essentielle dans cette r\u00e9gion d\u00e9sertique. Les syst\u00e8mes d&rsquo;irrigation con\u00e7us par les Nascas t\u00e9moignent de leurs talents de b\u00e2tisseurs. Mais le plus fascinant reste les gigantesques dessins trac\u00e9s sur le sol. Ces g\u00e9oglyphes, longs parfois de plusieurs kilom\u00e8tres, repr\u00e9sentent des figures g\u00e9om\u00e9triques et zoomorphiques, symboles des dieux. Diff\u00e9rentes explications ont \u00e9t\u00e9 avanc\u00e9es, la plus r\u00e9cente \u00e9tant que ces <a href=\"https:\/\/www.abc-latina.com\/perou\/tourisme\/lignes_nazca\" target=\"_blank\">lignes<\/a> formaient une sorte de chemin emprunt\u00e9 par des files de croyants \u00e0 l&rsquo;occasion de grandes c\u00e9r\u00e9monies religieuses. Mais le myst\u00e8re reste entier. &quot;Apr\u00e8s dix-sept ann\u00e9es de fouilles, les soixante et onze chantiers que nous avons ouverts ne repr\u00e9sentent que 1 % de l&rsquo;ensemble du site&quot;, rappelle Giuseppe Orefici.<\/p>\n<div>Source: www.arte-tv.com<\/div>\n<h3>Pr\u00e9parez votre voyage \u00e0 Cahuachi:<\/h3>\n<div><a href=\"https:\/\/www.abc-latina.com\/perou\/agence_de_voyages\">Agences de voyage g\u00e9n\u00e9ralistes et discounteurs<\/a><\/div>\n<div><a href=\"https:\/\/www.abc-latina.com\/perou\/tour_operateur\">Tours Op\u00e9rateurs sp\u00e9cialistes du P\u00e9rou<\/a><\/div>\n<div><a href=\"https:\/\/www.abc-latina.com\/to\/reservation_billet_avion\" target=\"_blank\">R\u00e9servez votre billet d&rsquo;avion<\/a><\/div>\n<div><a href=\"https:\/\/www.abc-latina.com\/perou\/hotels\">R\u00e9servez votre h\u00f4tel \u00e0 Cahuachi<\/a>&nbsp;<\/div>\n<div><a href=\"https:\/\/www.abc-latina.com\/to\/location_de_voiture_perou\" target=\"_blank\">Location de voiture<\/a><\/div>\n","protected":false},"excerpt":{"rendered":"<p>Il y a mille sept cents ans, les Nascas ont b\u00e2ti la plus grande cit\u00e9 pr\u00e9colombienne et dessin\u00e9 sur le [&hellip;]<\/p>\n","protected":false},"author":3,"featured_media":389,"parent":2118,"menu_order":0,"comment_status":"closed","ping_status":"closed","template":"","meta":{"site-sidebar-layout":"default","site-content-layout":"","ast-site-content-layout":"default","site-content-style":"default","site-sidebar-style":"default","ast-global-header-display":"","ast-banner-title-visibility":"","ast-main-header-display":"","ast-hfb-above-header-display":"","ast-hfb-below-header-display":"","ast-hfb-mobile-header-display":"","site-post-title":"","ast-breadcrumbs-content":"","ast-featured-img":"","footer-sml-layout":"","ast-disable-related-posts":"","theme-transparent-header-meta":"","adv-header-id-meta":"","stick-header-meta":"","header-above-stick-meta":"","header-main-stick-meta":"","header-below-stick-meta":"","astra-migrate-meta-layouts":"default","ast-page-background-enabled":"default","ast-page-background-meta":{"desktop":{"background-color":"var(--ast-global-color-5)","background-image":"","background-repeat":"repeat","background-position":"center center","background-size":"auto","background-attachment":"scroll","background-type":"","background-media":"","overlay-type":"","overlay-color":"","overlay-opacity":"","overlay-gradient":""},"tablet":{"background-color":"","background-image":"","background-repeat":"repeat","background-position":"center center","background-size":"auto","background-attachment":"scroll","background-type":"","background-media":"","overlay-type":"","overlay-color":"","overlay-opacity":"","overlay-gradient":""},"mobile":{"background-color":"","background-image":"","background-repeat":"repeat","background-position":"center center","background-size":"auto","background-attachment":"scroll","background-type":"","background-media":"","overlay-type":"","overlay-color":"","overlay-opacity":"","overlay-gradient":""}},"ast-content-background-meta":{"desktop":{"background-color":"var(--ast-global-color-4)","background-image":"","background-repeat":"repeat","background-position":"center center","background-size":"auto","background-attachment":"scroll","background-type":"","background-media":"","overlay-type":"","overlay-color":"","overlay-opacity":"","overlay-gradient":""},"tablet":{"background-color":"var(--ast-global-color-4)","background-image":"","background-repeat":"repeat","background-position":"center center","background-size":"auto","background-attachment":"scroll","background-type":"","background-media":"","overlay-type":"","overlay-color":"","overlay-opacity":"","overlay-gradient":""},"mobile":{"background-color":"var(--ast-global-color-4)","background-image":"","background-repeat":"repeat","background-position":"center center","background-size":"auto","background-attachment":"scroll","background-type":"","background-media":"","overlay-type":"","overlay-color":"","overlay-opacity":"","overlay-gradient":""}},"footnotes":""},"class_list":["post-390","page","type-page","status-publish","has-post-thumbnail","hentry"],"yoast_head":"<!-- This site is optimized with the Yoast SEO plugin v27.5 - https:\/\/yoast.com\/product\/yoast-seo-wordpress\/ -->\n<title>CAHUACHI - Abc-latina<\/title>\n<meta name=\"description\" content=\"Il y a mille sept cents ans, les Nascas ont b\u00e2ti la plus grande cit\u00e9 pr\u00e9colombienne et dessin\u00e9 sur le sol de gigantesques dessins visibles depuis le ciel.\" \/>\n<meta name=\"robots\" content=\"index, follow, max-snippet:-1, max-image-preview:large, max-video-preview:-1\" \/>\n<link rel=\"canonical\" href=\"https:\/\/abc-latina.com\/perou\/cahuachi\/\" \/>\n<meta property=\"og:locale\" content=\"fr_FR\" \/>\n<meta property=\"og:type\" content=\"article\" \/>\n<meta property=\"og:title\" content=\"CAHUACHI - Abc-latina\" \/>\n<meta property=\"og:description\" content=\"Il y a mille sept cents ans, les Nascas ont b\u00e2ti la plus grande cit\u00e9 pr\u00e9colombienne et dessin\u00e9 sur le sol de gigantesques dessins visibles depuis le ciel.\" \/>\n<meta property=\"og:url\" content=\"https:\/\/abc-latina.com\/perou\/cahuachi\/\" \/>\n<meta property=\"og:site_name\" content=\"Abc-latina\" \/>\n<meta property=\"article:modified_time\" content=\"2026-04-30T16:25:14+00:00\" \/>\n<meta property=\"og:image\" content=\"https:\/\/abc-latina.com\/wp-content\/uploads\/2010\/06\/cahuachi.jpg\" \/>\n\t<meta property=\"og:image:width\" content=\"250\" \/>\n\t<meta property=\"og:image:height\" content=\"250\" \/>\n\t<meta property=\"og:image:type\" content=\"image\/jpeg\" \/>\n<meta name=\"twitter:card\" content=\"summary_large_image\" \/>\n<meta name=\"twitter:label1\" content=\"Dur\u00e9e de lecture estim\u00e9e\" \/>\n\t<meta name=\"twitter:data1\" content=\"2 minutes\" \/>\n<script type=\"application\/ld+json\" class=\"yoast-schema-graph\">{\"@context\":\"https:\\\/\\\/schema.org\",\"@graph\":[{\"@type\":\"WebPage\",\"@id\":\"https:\\\/\\\/abc-latina.com\\\/perou\\\/cahuachi\\\/\",\"url\":\"https:\\\/\\\/abc-latina.com\\\/perou\\\/cahuachi\\\/\",\"name\":\"CAHUACHI - Abc-latina\",\"isPartOf\":{\"@id\":\"https:\\\/\\\/abc-latina.com\\\/#website\"},\"primaryImageOfPage\":{\"@id\":\"https:\\\/\\\/abc-latina.com\\\/perou\\\/cahuachi\\\/#primaryimage\"},\"image\":{\"@id\":\"https:\\\/\\\/abc-latina.com\\\/perou\\\/cahuachi\\\/#primaryimage\"},\"thumbnailUrl\":\"https:\\\/\\\/abc-latina.com\\\/wp-content\\\/uploads\\\/2010\\\/06\\\/cahuachi.jpg\",\"datePublished\":\"2010-06-07T16:41:24+00:00\",\"dateModified\":\"2026-04-30T16:25:14+00:00\",\"description\":\"Il y a mille sept cents ans, les Nascas ont b\u00e2ti la plus grande cit\u00e9 pr\u00e9colombienne et dessin\u00e9 sur le sol de gigantesques dessins visibles depuis le ciel.\",\"breadcrumb\":{\"@id\":\"https:\\\/\\\/abc-latina.com\\\/perou\\\/cahuachi\\\/#breadcrumb\"},\"inLanguage\":\"fr-FR\",\"potentialAction\":[{\"@type\":\"ReadAction\",\"target\":[\"https:\\\/\\\/abc-latina.com\\\/perou\\\/cahuachi\\\/\"]}]},{\"@type\":\"ImageObject\",\"inLanguage\":\"fr-FR\",\"@id\":\"https:\\\/\\\/abc-latina.com\\\/perou\\\/cahuachi\\\/#primaryimage\",\"url\":\"https:\\\/\\\/abc-latina.com\\\/wp-content\\\/uploads\\\/2010\\\/06\\\/cahuachi.jpg\",\"contentUrl\":\"https:\\\/\\\/abc-latina.com\\\/wp-content\\\/uploads\\\/2010\\\/06\\\/cahuachi.jpg\",\"width\":250,\"height\":250},{\"@type\":\"BreadcrumbList\",\"@id\":\"https:\\\/\\\/abc-latina.com\\\/perou\\\/cahuachi\\\/#breadcrumb\",\"itemListElement\":[{\"@type\":\"ListItem\",\"position\":1,\"name\":\"Accueil\",\"item\":\"https:\\\/\\\/abc-latina.com\\\/\"},{\"@type\":\"ListItem\",\"position\":2,\"name\":\"CAHUACHI\"}]},{\"@type\":\"WebSite\",\"@id\":\"https:\\\/\\\/abc-latina.com\\\/#website\",\"url\":\"https:\\\/\\\/abc-latina.com\\\/\",\"name\":\"Abc-latina\",\"description\":\"\",\"publisher\":{\"@id\":\"https:\\\/\\\/abc-latina.com\\\/#organization\"},\"potentialAction\":[{\"@type\":\"SearchAction\",\"target\":{\"@type\":\"EntryPoint\",\"urlTemplate\":\"https:\\\/\\\/abc-latina.com\\\/?s={search_term_string}\"},\"query-input\":{\"@type\":\"PropertyValueSpecification\",\"valueRequired\":true,\"valueName\":\"search_term_string\"}}],\"inLanguage\":\"fr-FR\"},{\"@type\":\"Organization\",\"@id\":\"https:\\\/\\\/abc-latina.com\\\/#organization\",\"name\":\"Abc-latina\",\"url\":\"https:\\\/\\\/abc-latina.com\\\/\",\"logo\":{\"@type\":\"ImageObject\",\"inLanguage\":\"fr-FR\",\"@id\":\"https:\\\/\\\/abc-latina.com\\\/#\\\/schema\\\/logo\\\/image\\\/\",\"url\":\"https:\\\/\\\/abc-latina.com\\\/wp-content\\\/uploads\\\/2026\\\/05\\\/cropped-logo.gif\",\"contentUrl\":\"https:\\\/\\\/abc-latina.com\\\/wp-content\\\/uploads\\\/2026\\\/05\\\/cropped-logo.gif\",\"width\":89,\"height\":84,\"caption\":\"Abc-latina\"},\"image\":{\"@id\":\"https:\\\/\\\/abc-latina.com\\\/#\\\/schema\\\/logo\\\/image\\\/\"}}]}<\/script>\n<!-- \/ Yoast SEO plugin. -->","yoast_head_json":{"title":"CAHUACHI - Abc-latina","description":"Il y a mille sept cents ans, les Nascas ont b\u00e2ti la plus grande cit\u00e9 pr\u00e9colombienne et dessin\u00e9 sur le sol de gigantesques dessins visibles depuis le ciel.","robots":{"index":"index","follow":"follow","max-snippet":"max-snippet:-1","max-image-preview":"max-image-preview:large","max-video-preview":"max-video-preview:-1"},"canonical":"https:\/\/abc-latina.com\/perou\/cahuachi\/","og_locale":"fr_FR","og_type":"article","og_title":"CAHUACHI - Abc-latina","og_description":"Il y a mille sept cents ans, les Nascas ont b\u00e2ti la plus grande cit\u00e9 pr\u00e9colombienne et dessin\u00e9 sur le sol de gigantesques dessins visibles depuis le ciel.","og_url":"https:\/\/abc-latina.com\/perou\/cahuachi\/","og_site_name":"Abc-latina","article_modified_time":"2026-04-30T16:25:14+00:00","og_image":[{"width":250,"height":250,"url":"https:\/\/abc-latina.com\/wp-content\/uploads\/2010\/06\/cahuachi.jpg","type":"image\/jpeg"}],"twitter_card":"summary_large_image","twitter_misc":{"Dur\u00e9e de lecture estim\u00e9e":"2 minutes"},"schema":{"@context":"https:\/\/schema.org","@graph":[{"@type":"WebPage","@id":"https:\/\/abc-latina.com\/perou\/cahuachi\/","url":"https:\/\/abc-latina.com\/perou\/cahuachi\/","name":"CAHUACHI - Abc-latina","isPartOf":{"@id":"https:\/\/abc-latina.com\/#website"},"primaryImageOfPage":{"@id":"https:\/\/abc-latina.com\/perou\/cahuachi\/#primaryimage"},"image":{"@id":"https:\/\/abc-latina.com\/perou\/cahuachi\/#primaryimage"},"thumbnailUrl":"https:\/\/abc-latina.com\/wp-content\/uploads\/2010\/06\/cahuachi.jpg","datePublished":"2010-06-07T16:41:24+00:00","dateModified":"2026-04-30T16:25:14+00:00","description":"Il y a mille sept cents ans, les Nascas ont b\u00e2ti la plus grande cit\u00e9 pr\u00e9colombienne et dessin\u00e9 sur le sol de gigantesques dessins visibles depuis le ciel.","breadcrumb":{"@id":"https:\/\/abc-latina.com\/perou\/cahuachi\/#breadcrumb"},"inLanguage":"fr-FR","potentialAction":[{"@type":"ReadAction","target":["https:\/\/abc-latina.com\/perou\/cahuachi\/"]}]},{"@type":"ImageObject","inLanguage":"fr-FR","@id":"https:\/\/abc-latina.com\/perou\/cahuachi\/#primaryimage","url":"https:\/\/abc-latina.com\/wp-content\/uploads\/2010\/06\/cahuachi.jpg","contentUrl":"https:\/\/abc-latina.com\/wp-content\/uploads\/2010\/06\/cahuachi.jpg","width":250,"height":250},{"@type":"BreadcrumbList","@id":"https:\/\/abc-latina.com\/perou\/cahuachi\/#breadcrumb","itemListElement":[{"@type":"ListItem","position":1,"name":"Accueil","item":"https:\/\/abc-latina.com\/"},{"@type":"ListItem","position":2,"name":"CAHUACHI"}]},{"@type":"WebSite","@id":"https:\/\/abc-latina.com\/#website","url":"https:\/\/abc-latina.com\/","name":"Abc-latina","description":"","publisher":{"@id":"https:\/\/abc-latina.com\/#organization"},"potentialAction":[{"@type":"SearchAction","target":{"@type":"EntryPoint","urlTemplate":"https:\/\/abc-latina.com\/?s={search_term_string}"},"query-input":{"@type":"PropertyValueSpecification","valueRequired":true,"valueName":"search_term_string"}}],"inLanguage":"fr-FR"},{"@type":"Organization","@id":"https:\/\/abc-latina.com\/#organization","name":"Abc-latina","url":"https:\/\/abc-latina.com\/","logo":{"@type":"ImageObject","inLanguage":"fr-FR","@id":"https:\/\/abc-latina.com\/#\/schema\/logo\/image\/","url":"https:\/\/abc-latina.com\/wp-content\/uploads\/2026\/05\/cropped-logo.gif","contentUrl":"https:\/\/abc-latina.com\/wp-content\/uploads\/2026\/05\/cropped-logo.gif","width":89,"height":84,"caption":"Abc-latina"},"image":{"@id":"https:\/\/abc-latina.com\/#\/schema\/logo\/image\/"}}]}},"_links":{"self":[{"href":"https:\/\/abc-latina.com\/wp-json\/wp\/v2\/pages\/390","targetHints":{"allow":["GET"]}}],"collection":[{"href":"https:\/\/abc-latina.com\/wp-json\/wp\/v2\/pages"}],"about":[{"href":"https:\/\/abc-latina.com\/wp-json\/wp\/v2\/types\/page"}],"author":[{"embeddable":true,"href":"https:\/\/abc-latina.com\/wp-json\/wp\/v2\/users\/3"}],"replies":[{"embeddable":true,"href":"https:\/\/abc-latina.com\/wp-json\/wp\/v2\/comments?post=390"}],"version-history":[{"count":1,"href":"https:\/\/abc-latina.com\/wp-json\/wp\/v2\/pages\/390\/revisions"}],"predecessor-version":[{"id":3665,"href":"https:\/\/abc-latina.com\/wp-json\/wp\/v2\/pages\/390\/revisions\/3665"}],"up":[{"embeddable":true,"href":"https:\/\/abc-latina.com\/wp-json\/wp\/v2\/pages\/2118"}],"wp:featuredmedia":[{"embeddable":true,"href":"https:\/\/abc-latina.com\/wp-json\/wp\/v2\/media\/389"}],"wp:attachment":[{"href":"https:\/\/abc-latina.com\/wp-json\/wp\/v2\/media?parent=390"}],"curies":[{"name":"wp","href":"https:\/\/api.w.org\/{rel}","templated":true}]}}