{"id":397,"date":"2010-06-07T20:29:45","date_gmt":"2010-06-07T18:29:45","guid":{"rendered":"http:\/\/abc-latina.com\/cordillere_blanche-htm\/"},"modified":"2026-04-30T18:25:14","modified_gmt":"2026-04-30T16:25:14","slug":"cordillere_blanche","status":"publish","type":"page","link":"https:\/\/abc-latina.com\/perou\/cordillere_blanche\/","title":{"rendered":"CORDILLERE BLANCHE"},"content":{"rendered":"<p><span class=\"tourisme-chapitre\"><img loading=\"lazy\" decoding=\"async\" class=\" size-full wp-image-395\" src=\"http:\/\/abc-latina.com\/wp-content\/uploads\/2010\/06\/036-cordillere-blanche-perou.jpg\" title=\"CORDILLERE BLANCHE - PEROU\" alt=\"CORDILLERE BLANCHE - PEROU\" width=\"480\" height=\"197\" srcset=\"https:\/\/abc-latina.com\/wp-content\/uploads\/2010\/06\/036-cordillere-blanche-perou.jpg 700w, https:\/\/abc-latina.com\/wp-content\/uploads\/2010\/06\/036-cordillere-blanche-perou-300x123.jpg 300w\" sizes=\"auto, (max-width: 480px) 100vw, 480px\" \/><\/span><\/p>\n<p><span class=\"tourisme-chapitre\">La cordill\u00e8re Blanche et la Cordill\u00e8re Huayhuash<\/span> sont deux massifs qui font partie de l&rsquo;arc andin long de 7.500 Km, Elles sont situ\u00e9es \u00e0 400 Km au nord-est de Lima.<br \/> La Cordill\u00e8re Blanche qui doit son nom \u00e0 ses neiges \u00e9ternelles, est la cordill\u00e8re tropicale la plus haute du monde et l&rsquo;un des massifs montagneux les plus connus des sp\u00e9cialistes. Elle poss\u00e8de le sommet le plus \u00e9lev\u00e9 du pays, le Huascaran (6.769m), et parmi ses 300 montagnes, 27 d\u00e9passent les 6.000 m\u00e8tres. Cet endroit des Andes est d&rsquo;une beaut\u00e9 tout \u00e0 fait exceptionnelle.<br \/> <span class=\"tourisme-chapitre\"><img loading=\"lazy\" decoding=\"async\" class=\" alignright size-full wp-image-396\" src=\"http:\/\/abc-latina.com\/wp-content\/uploads\/2010\/06\/cordillere-blanche.jpg\" title=\"CORDILLERA BLANCA\" alt=\"\" width=\"250\" vspace=\"9\" hspace=\"15\" height=\"250\" align=\"right\" srcset=\"https:\/\/abc-latina.com\/wp-content\/uploads\/2010\/06\/cordillere-blanche.jpg 250w, https:\/\/abc-latina.com\/wp-content\/uploads\/2010\/06\/cordillere-blanche-150x150.jpg 150w\" sizes=\"auto, (max-width: 250px) 100vw, 250px\" \/><\/span>La ville de Huaraz, consid\u00e9r\u00e9e comme la capitale de l&rsquo;<a href=\"https:\/\/www.abc-latina.com\/perou\/tourisme\/escalade\">andinisme<\/a> est un point de d\u00e9part privil\u00e9gi\u00e9 pour les randonneurs et andinistes, gr\u00e2ce \u00e0 son acc\u00e8s facile. Elle se trouve \u00e0 414 Km au nord de Lima.<br \/> La Cordill\u00e8re de Huayhuash se situe au sud de la cordill\u00e8re Blanche et poss\u00e8de des sommets dont l&rsquo;ascension est consid\u00e9r\u00e9e comme une des plus difficiles des Andes. Elle compte parmi ses pics le Yerupaja, second sommet du P\u00e9rou (6.634m).<br \/> On peut parcourir cette cordill\u00e8re en une dizaine de jours au d\u00e9part de Chiquian, petit village de la r\u00e9gion. On y d\u00e9nombre six pics de plus de 6.000m.<\/p>\n<p><span class=\"tourisme-chapitre\">Le Parc National de Huascaran<\/span><br \/> <a href=\"tour_operateur\" target=\"_blank\"><img loading=\"lazy\" decoding=\"async\" class=\" size-full wp-image-41\" alt=\"\" class=\"touroperateur\" src=\"http:\/\/abc-latina.com\/wp-content\/uploads\/2010\/04\/timbre_to.gif\" width=\"125\" height=\"90\" \/><\/a>Il a \u00e9t\u00e9 cr\u00e9\u00e9 en 1975 afin de prot\u00e9ger la faune et la flore de la r\u00e9gion dont certains sp\u00e9cimens sont uniques au monde, tels que la Puya de Raimondi, une fleur de 10m de hauteur. Le Parc poss\u00e8de une superficie de 340.000 hectares et englobe toute la zone situ\u00e9e au dessus de 4.000m. Sur son territoire les vigognes, les condors et autres esp\u00e8ces sauvages de la r\u00e9gion sont nombreuses.<br \/> Pour p\u00e9n\u00e9trer dans le parc il faut acquitter un droit d&rsquo;entr\u00e9e aux postes de contr\u00f4le situ\u00e9s \u00e0 Llanganuco et Pachacoto ou dans les bureaux du parc \u00e0 Huaraz.<br \/> Dans le parc on trouve aussi un grand nombre de sites arch\u00e9ologiques de grand int\u00e9r\u00eat car la r\u00e9gion fut le berceau de la culture Chavin, l&rsquo;une des plus importantes civilisations pr\u00e9 incas.<\/p>\n<h3>Pr\u00e9parez votre voyage dans la cordill\u00e8re blanche :<\/h3>\n<div><a href=\"https:\/\/www.abc-latina.com\/perou\/agence_de_voyages\">Agences de voyage g\u00e9n\u00e9ralistes et discounteurs<\/a><\/div>\n<div><a href=\"https:\/\/www.abc-latina.com\/perou\/tour_operateur\">Tours Op\u00e9rateurs sp\u00e9cialistes du P\u00e9rou<\/a><\/div>\n<div><a href=\"https:\/\/www.abc-latina.com\/to\/reservation_billet_avion\" target=\"_blank\">R\u00e9servez votre billet d&rsquo;avion<\/a><\/div>\n<div><a href=\"https:\/\/www.abc-latina.com\/perou\/hotels\">R\u00e9servez votre h\u00f4tel \u00e0<\/a>&nbsp;<\/div>\n<div><a href=\"https:\/\/www.abc-latina.com\/to\/location_de_voiture_perou\" target=\"_blank\">Location de voiture<\/a><\/div>\n","protected":false},"excerpt":{"rendered":"<p>La cordill\u00e8re Blanche et la Cordill\u00e8re Huayhuash sont deux massifs qui font partie de l&rsquo;arc andin long de 7.500 Km, [&hellip;]<\/p>\n","protected":false},"author":3,"featured_media":395,"parent":2118,"menu_order":0,"comment_status":"closed","ping_status":"closed","template":"","meta":{"site-sidebar-layout":"default","site-content-layout":"","ast-site-content-layout":"default","site-content-style":"default","site-sidebar-style":"default","ast-global-header-display":"","ast-banner-title-visibility":"","ast-main-header-display":"","ast-hfb-above-header-display":"","ast-hfb-below-header-display":"","ast-hfb-mobile-header-display":"","site-post-title":"","ast-breadcrumbs-content":"","ast-featured-img":"","footer-sml-layout":"","ast-disable-related-posts":"","theme-transparent-header-meta":"","adv-header-id-meta":"","stick-header-meta":"","header-above-stick-meta":"","header-main-stick-meta":"","header-below-stick-meta":"","astra-migrate-meta-layouts":"default","ast-page-background-enabled":"default","ast-page-background-meta":{"desktop":{"background-color":"var(--ast-global-color-5)","background-image":"","background-repeat":"repeat","background-position":"center center","background-size":"auto","background-attachment":"scroll","background-type":"","background-media":"","overlay-type":"","overlay-color":"","overlay-opacity":"","overlay-gradient":""},"tablet":{"background-color":"","background-image":"","background-repeat":"repeat","background-position":"center center","background-size":"auto","background-attachment":"scroll","background-type":"","background-media":"","overlay-type":"","overlay-color":"","overlay-opacity":"","overlay-gradient":""},"mobile":{"background-color":"","background-image":"","background-repeat":"repeat","background-position":"center center","background-size":"auto","background-attachment":"scroll","background-type":"","background-media":"","overlay-type":"","overlay-color":"","overlay-opacity":"","overlay-gradient":""}},"ast-content-background-meta":{"desktop":{"background-color":"var(--ast-global-color-4)","background-image":"","background-repeat":"repeat","background-position":"center center","background-size":"auto","background-attachment":"scroll","background-type":"","background-media":"","overlay-type":"","overlay-color":"","overlay-opacity":"","overlay-gradient":""},"tablet":{"background-color":"var(--ast-global-color-4)","background-image":"","background-repeat":"repeat","background-position":"center center","background-size":"auto","background-attachment":"scroll","background-type":"","background-media":"","overlay-type":"","overlay-color":"","overlay-opacity":"","overlay-gradient":""},"mobile":{"background-color":"var(--ast-global-color-4)","background-image":"","background-repeat":"repeat","background-position":"center center","background-size":"auto","background-attachment":"scroll","background-type":"","background-media":"","overlay-type":"","overlay-color":"","overlay-opacity":"","overlay-gradient":""}},"footnotes":""},"class_list":["post-397","page","type-page","status-publish","has-post-thumbnail","hentry"],"yoast_head":"<!-- This site is optimized with the Yoast SEO plugin v27.5 - https:\/\/yoast.com\/product\/yoast-seo-wordpress\/ -->\n<title>CORDILLERE BLANCHE - Abc-latina<\/title>\n<meta name=\"description\" content=\"La Cordill\u00e8re Blanche qui doit son nom \u00e0 ses neiges \u00e9ternelles, est la cordill\u00e8re tropicale la plus haute du monde...\" \/>\n<meta name=\"robots\" content=\"index, follow, max-snippet:-1, max-image-preview:large, max-video-preview:-1\" \/>\n<link rel=\"canonical\" href=\"https:\/\/abc-latina.com\/perou\/cordillere_blanche\/\" \/>\n<meta property=\"og:locale\" content=\"fr_FR\" \/>\n<meta property=\"og:type\" content=\"article\" \/>\n<meta property=\"og:title\" content=\"CORDILLERE BLANCHE - Abc-latina\" \/>\n<meta property=\"og:description\" content=\"La Cordill\u00e8re Blanche qui doit son nom \u00e0 ses neiges \u00e9ternelles, est la cordill\u00e8re tropicale la plus haute du monde...\" \/>\n<meta property=\"og:url\" content=\"https:\/\/abc-latina.com\/perou\/cordillere_blanche\/\" \/>\n<meta property=\"og:site_name\" content=\"Abc-latina\" \/>\n<meta property=\"article:modified_time\" content=\"2026-04-30T16:25:14+00:00\" \/>\n<meta property=\"og:image\" content=\"https:\/\/abc-latina.com\/wp-content\/uploads\/2010\/06\/036-cordillere-blanche-perou.jpg\" \/>\n\t<meta property=\"og:image:width\" content=\"700\" \/>\n\t<meta property=\"og:image:height\" content=\"288\" \/>\n\t<meta property=\"og:image:type\" content=\"image\/jpeg\" \/>\n<meta name=\"twitter:card\" content=\"summary_large_image\" \/>\n<meta name=\"twitter:label1\" content=\"Dur\u00e9e de lecture estim\u00e9e\" \/>\n\t<meta name=\"twitter:data1\" content=\"2 minutes\" \/>\n<script type=\"application\/ld+json\" class=\"yoast-schema-graph\">{\"@context\":\"https:\\\/\\\/schema.org\",\"@graph\":[{\"@type\":\"WebPage\",\"@id\":\"https:\\\/\\\/abc-latina.com\\\/perou\\\/cordillere_blanche\\\/\",\"url\":\"https:\\\/\\\/abc-latina.com\\\/perou\\\/cordillere_blanche\\\/\",\"name\":\"CORDILLERE BLANCHE - Abc-latina\",\"isPartOf\":{\"@id\":\"https:\\\/\\\/abc-latina.com\\\/#website\"},\"primaryImageOfPage\":{\"@id\":\"https:\\\/\\\/abc-latina.com\\\/perou\\\/cordillere_blanche\\\/#primaryimage\"},\"image\":{\"@id\":\"https:\\\/\\\/abc-latina.com\\\/perou\\\/cordillere_blanche\\\/#primaryimage\"},\"thumbnailUrl\":\"https:\\\/\\\/abc-latina.com\\\/wp-content\\\/uploads\\\/2010\\\/06\\\/036-cordillere-blanche-perou.jpg\",\"datePublished\":\"2010-06-07T18:29:45+00:00\",\"dateModified\":\"2026-04-30T16:25:14+00:00\",\"description\":\"La Cordill\u00e8re Blanche qui doit son nom \u00e0 ses neiges \u00e9ternelles, est la cordill\u00e8re tropicale la plus haute du monde...\",\"breadcrumb\":{\"@id\":\"https:\\\/\\\/abc-latina.com\\\/perou\\\/cordillere_blanche\\\/#breadcrumb\"},\"inLanguage\":\"fr-FR\",\"potentialAction\":[{\"@type\":\"ReadAction\",\"target\":[\"https:\\\/\\\/abc-latina.com\\\/perou\\\/cordillere_blanche\\\/\"]}]},{\"@type\":\"ImageObject\",\"inLanguage\":\"fr-FR\",\"@id\":\"https:\\\/\\\/abc-latina.com\\\/perou\\\/cordillere_blanche\\\/#primaryimage\",\"url\":\"https:\\\/\\\/abc-latina.com\\\/wp-content\\\/uploads\\\/2010\\\/06\\\/036-cordillere-blanche-perou.jpg\",\"contentUrl\":\"https:\\\/\\\/abc-latina.com\\\/wp-content\\\/uploads\\\/2010\\\/06\\\/036-cordillere-blanche-perou.jpg\",\"width\":700,\"height\":288,\"caption\":\"CORDILLERE BLANCHE - PEROU\"},{\"@type\":\"BreadcrumbList\",\"@id\":\"https:\\\/\\\/abc-latina.com\\\/perou\\\/cordillere_blanche\\\/#breadcrumb\",\"itemListElement\":[{\"@type\":\"ListItem\",\"position\":1,\"name\":\"Accueil\",\"item\":\"https:\\\/\\\/abc-latina.com\\\/\"},{\"@type\":\"ListItem\",\"position\":2,\"name\":\"CORDILLERE BLANCHE\"}]},{\"@type\":\"WebSite\",\"@id\":\"https:\\\/\\\/abc-latina.com\\\/#website\",\"url\":\"https:\\\/\\\/abc-latina.com\\\/\",\"name\":\"Abc-latina\",\"description\":\"\",\"publisher\":{\"@id\":\"https:\\\/\\\/abc-latina.com\\\/#organization\"},\"potentialAction\":[{\"@type\":\"SearchAction\",\"target\":{\"@type\":\"EntryPoint\",\"urlTemplate\":\"https:\\\/\\\/abc-latina.com\\\/?s={search_term_string}\"},\"query-input\":{\"@type\":\"PropertyValueSpecification\",\"valueRequired\":true,\"valueName\":\"search_term_string\"}}],\"inLanguage\":\"fr-FR\"},{\"@type\":\"Organization\",\"@id\":\"https:\\\/\\\/abc-latina.com\\\/#organization\",\"name\":\"Abc-latina\",\"url\":\"https:\\\/\\\/abc-latina.com\\\/\",\"logo\":{\"@type\":\"ImageObject\",\"inLanguage\":\"fr-FR\",\"@id\":\"https:\\\/\\\/abc-latina.com\\\/#\\\/schema\\\/logo\\\/image\\\/\",\"url\":\"https:\\\/\\\/abc-latina.com\\\/wp-content\\\/uploads\\\/2026\\\/05\\\/cropped-logo.gif\",\"contentUrl\":\"https:\\\/\\\/abc-latina.com\\\/wp-content\\\/uploads\\\/2026\\\/05\\\/cropped-logo.gif\",\"width\":89,\"height\":84,\"caption\":\"Abc-latina\"},\"image\":{\"@id\":\"https:\\\/\\\/abc-latina.com\\\/#\\\/schema\\\/logo\\\/image\\\/\"}}]}<\/script>\n<!-- \/ Yoast SEO plugin. -->","yoast_head_json":{"title":"CORDILLERE BLANCHE - Abc-latina","description":"La Cordill\u00e8re Blanche qui doit son nom \u00e0 ses neiges \u00e9ternelles, est la cordill\u00e8re tropicale la plus haute du monde...","robots":{"index":"index","follow":"follow","max-snippet":"max-snippet:-1","max-image-preview":"max-image-preview:large","max-video-preview":"max-video-preview:-1"},"canonical":"https:\/\/abc-latina.com\/perou\/cordillere_blanche\/","og_locale":"fr_FR","og_type":"article","og_title":"CORDILLERE BLANCHE - Abc-latina","og_description":"La Cordill\u00e8re Blanche qui doit son nom \u00e0 ses neiges \u00e9ternelles, est la cordill\u00e8re tropicale la plus haute du monde...","og_url":"https:\/\/abc-latina.com\/perou\/cordillere_blanche\/","og_site_name":"Abc-latina","article_modified_time":"2026-04-30T16:25:14+00:00","og_image":[{"width":700,"height":288,"url":"https:\/\/abc-latina.com\/wp-content\/uploads\/2010\/06\/036-cordillere-blanche-perou.jpg","type":"image\/jpeg"}],"twitter_card":"summary_large_image","twitter_misc":{"Dur\u00e9e de lecture estim\u00e9e":"2 minutes"},"schema":{"@context":"https:\/\/schema.org","@graph":[{"@type":"WebPage","@id":"https:\/\/abc-latina.com\/perou\/cordillere_blanche\/","url":"https:\/\/abc-latina.com\/perou\/cordillere_blanche\/","name":"CORDILLERE BLANCHE - Abc-latina","isPartOf":{"@id":"https:\/\/abc-latina.com\/#website"},"primaryImageOfPage":{"@id":"https:\/\/abc-latina.com\/perou\/cordillere_blanche\/#primaryimage"},"image":{"@id":"https:\/\/abc-latina.com\/perou\/cordillere_blanche\/#primaryimage"},"thumbnailUrl":"https:\/\/abc-latina.com\/wp-content\/uploads\/2010\/06\/036-cordillere-blanche-perou.jpg","datePublished":"2010-06-07T18:29:45+00:00","dateModified":"2026-04-30T16:25:14+00:00","description":"La Cordill\u00e8re Blanche qui doit son nom \u00e0 ses neiges \u00e9ternelles, est la cordill\u00e8re tropicale la plus haute du monde...","breadcrumb":{"@id":"https:\/\/abc-latina.com\/perou\/cordillere_blanche\/#breadcrumb"},"inLanguage":"fr-FR","potentialAction":[{"@type":"ReadAction","target":["https:\/\/abc-latina.com\/perou\/cordillere_blanche\/"]}]},{"@type":"ImageObject","inLanguage":"fr-FR","@id":"https:\/\/abc-latina.com\/perou\/cordillere_blanche\/#primaryimage","url":"https:\/\/abc-latina.com\/wp-content\/uploads\/2010\/06\/036-cordillere-blanche-perou.jpg","contentUrl":"https:\/\/abc-latina.com\/wp-content\/uploads\/2010\/06\/036-cordillere-blanche-perou.jpg","width":700,"height":288,"caption":"CORDILLERE BLANCHE - PEROU"},{"@type":"BreadcrumbList","@id":"https:\/\/abc-latina.com\/perou\/cordillere_blanche\/#breadcrumb","itemListElement":[{"@type":"ListItem","position":1,"name":"Accueil","item":"https:\/\/abc-latina.com\/"},{"@type":"ListItem","position":2,"name":"CORDILLERE BLANCHE"}]},{"@type":"WebSite","@id":"https:\/\/abc-latina.com\/#website","url":"https:\/\/abc-latina.com\/","name":"Abc-latina","description":"","publisher":{"@id":"https:\/\/abc-latina.com\/#organization"},"potentialAction":[{"@type":"SearchAction","target":{"@type":"EntryPoint","urlTemplate":"https:\/\/abc-latina.com\/?s={search_term_string}"},"query-input":{"@type":"PropertyValueSpecification","valueRequired":true,"valueName":"search_term_string"}}],"inLanguage":"fr-FR"},{"@type":"Organization","@id":"https:\/\/abc-latina.com\/#organization","name":"Abc-latina","url":"https:\/\/abc-latina.com\/","logo":{"@type":"ImageObject","inLanguage":"fr-FR","@id":"https:\/\/abc-latina.com\/#\/schema\/logo\/image\/","url":"https:\/\/abc-latina.com\/wp-content\/uploads\/2026\/05\/cropped-logo.gif","contentUrl":"https:\/\/abc-latina.com\/wp-content\/uploads\/2026\/05\/cropped-logo.gif","width":89,"height":84,"caption":"Abc-latina"},"image":{"@id":"https:\/\/abc-latina.com\/#\/schema\/logo\/image\/"}}]}},"_links":{"self":[{"href":"https:\/\/abc-latina.com\/wp-json\/wp\/v2\/pages\/397","targetHints":{"allow":["GET"]}}],"collection":[{"href":"https:\/\/abc-latina.com\/wp-json\/wp\/v2\/pages"}],"about":[{"href":"https:\/\/abc-latina.com\/wp-json\/wp\/v2\/types\/page"}],"author":[{"embeddable":true,"href":"https:\/\/abc-latina.com\/wp-json\/wp\/v2\/users\/3"}],"replies":[{"embeddable":true,"href":"https:\/\/abc-latina.com\/wp-json\/wp\/v2\/comments?post=397"}],"version-history":[{"count":1,"href":"https:\/\/abc-latina.com\/wp-json\/wp\/v2\/pages\/397\/revisions"}],"predecessor-version":[{"id":3680,"href":"https:\/\/abc-latina.com\/wp-json\/wp\/v2\/pages\/397\/revisions\/3680"}],"up":[{"embeddable":true,"href":"https:\/\/abc-latina.com\/wp-json\/wp\/v2\/pages\/2118"}],"wp:featuredmedia":[{"embeddable":true,"href":"https:\/\/abc-latina.com\/wp-json\/wp\/v2\/media\/395"}],"wp:attachment":[{"href":"https:\/\/abc-latina.com\/wp-json\/wp\/v2\/media?parent=397"}],"curies":[{"name":"wp","href":"https:\/\/api.w.org\/{rel}","templated":true}]}}