{"id":401,"date":"2010-06-07T21:14:06","date_gmt":"2010-06-07T19:14:06","guid":{"rendered":"http:\/\/abc-latina.com\/cotesud-htm\/"},"modified":"2026-04-30T18:25:14","modified_gmt":"2026-04-30T16:25:14","slug":"cotesud","status":"publish","type":"page","link":"https:\/\/abc-latina.com\/perou\/cotesud\/","title":{"rendered":"La c\u00f4te SUD du PEROU"},"content":{"rendered":"<p>La <span class=\"tourisme-chapitre\">c\u00f4te sud du P\u00e9rou<\/span> est plus aride encore que celle du <a href=\"https:\/\/www.abc-latina.com\/perou\/cotenord\">nord<\/a>. Dans ce d\u00e9sert que l&rsquo;on a souvent compar\u00e9 \u00e0 celui du Sahara, les populations se sont trouv\u00e9es confront\u00e9es \u00e0 des conditions g\u00e9ographiques et climatiques diff\u00e9rentes, mais aussi difficiles que celles des r\u00e9gions andines. Magr\u00e9 tout, elles sont parvenues non seulement \u00e0 domestiquer leur environnement par l&rsquo;irrigation, mais aussi \u00e0 d\u00e9velopper des techniques artistiques admirables, comme le prouvent les c\u00e9ramiques de Nazca et les tissus de Paracas, parfaitement conserv\u00e9s par le climat sec.<\/p>\n<p><span class=\"tourisme-chapitre\">Lieux et sites \u00e0 d\u00e9couvrir.&nbsp;<\/span><\/p>\n<p><strong>Pachacamac<\/strong><br \/> <a href=\"tour_operateur\" target=\"_blank\"><img loading=\"lazy\" decoding=\"async\" class=\" size-full wp-image-41\" alt=\"\" class=\"touroperateur\" src=\"http:\/\/abc-latina.com\/wp-content\/uploads\/2010\/04\/timbre_to.gif\" width=\"125\" height=\"90\" \/><\/a>A environ 30km au sud de <a href=\"https:\/\/www.abc-latina.com\/perou\/lima\">Lima<\/a> se dressent les ruines de Pachacamac. Elles sont form\u00e9es d&rsquo;environ 15 pyramides \u00e0 degr\u00e9s construites en adobe, mais qui sont pour la plupart en mauvais \u00e9tat ou \u00e0 demi ensevelies dans le sable.&nbsp;<br \/> Pour appr\u00e9cier la visite, il est pr\u00e9f\u00e9rable d&rsquo;\u00eatre accompagn\u00e9 d&rsquo;un guide, en effet la signification religieuse des ruines n\u00e9cessite quelques explications.<\/p>\n<p><strong>Pisco<\/strong><br \/> Situ\u00e9e \u00e0 230km au sud de Lima. Elle fut fond\u00e9e en 1640 et donna son nom \u00e0 la boisson nationale: <a href=\"https:\/\/www.abc-latina.com\/perou\/div\/pisco\">le Pisco<\/a>. Les visiteurs se rendent habituellement dans la ville de Pisco, pour partir en bateau \u00e0 la d\u00e9couverte de la baie de Paracas ou du Parque Nacional Paracas, situ\u00e9 quinze kilom\u00e8tres plus au sud.<\/p>\n<p><strong>Les Islas Ballestras<\/strong><\/p>\n<div><a href=\"https:\/\/www.abc-latina.com\/perou\/photos\/photos_paracas\"><img loading=\"lazy\" decoding=\"async\" class=\" alignright size-full wp-image-399\" src=\"http:\/\/abc-latina.com\/wp-content\/uploads\/2010\/06\/paracas2p.jpg\" style=\"margin: 5px 22px; float: right;\" alt=\"\" width=\"200\" height=\"132\" \/><\/a>Les Islas Ballestras sont souvent pr\u00e9sent\u00e9s comme &quot; les Gal\u00e1pagos des pauvres &quot;, car on y trouve une quantit\u00e9 impressionnante d&rsquo;otaries et d&rsquo;oiseaux de mer, comme les manchots, analogue \u00e0 ce qu&rsquo;on observe aux \u00eeles Gal\u00e1pagos en <a href=\"https:\/\/www.abc-latina.com\/equateur\/\" target=\"_blank\">Equateur<\/a>.<\/div>\n<div>Il n&rsquo;est malheureusement pas possible de visiter les \u00eeles \u00e0 pied, seules les personnes qui r\u00e9coltent de guano y sont autoris\u00e9es.<\/div>\n<div>En vous \u00e9loignant du rivage, vous aurez l&rsquo;occasion d&rsquo;observer le gigantesque cand\u00e9labre sculpt\u00e9 sur le flanc d&rsquo;une falaise. Ce g\u00e9oglyphe inexpliqu\u00e9 d&rsquo;une taille d&rsquo;environ 200 m de long sur 60 m de large est associ\u00e9 \u00e0 la culture Nazca. Durant le trajet, et avec un peu de chance, vous pourrez apercevoir des dauphins.<\/div>\n<div>&nbsp;<\/div>\n<div><strong>La Reserva Nacional Paracas<\/strong><\/div>\n<div>La Reserva Nacional Paracas fut cr\u00e9\u00e9e en 1975, elle s&rsquo;\u00e9tale sur 335 000 hectares dont 117 400 ha sur la terre ferme et 217 600 ha sur la mer. La r\u00e9serve englobe un petit mus\u00e9e, deux pittoresques villages de p\u00eacheurs et donne refuge \u00e0 de nombreuses esp\u00e8ces d&rsquo;oiseaux, terrestres ou marines, dont le p\u00e9lican brun et le flamand rose.<\/div>\n<div>&nbsp;<\/div>\n<div><strong>Nazca<\/strong><\/div>\n<div><img loading=\"lazy\" decoding=\"async\" class=\" alignright size-full wp-image-400\" src=\"http:\/\/abc-latina.com\/wp-content\/uploads\/2010\/06\/singe.gif\" style=\"margin: 9px; float: right;\" alt=\"\" width=\"111\" height=\"112\" \/>La petite ville de Nazca attire de nombreux visiteurs qui viennent survoler son territoire dans le but de voir les myst\u00e9rieuses lignes de Nazca.<\/div>\n<div>Le meilleur moyen pour observer les <a href=\"https:\/\/www.abc-latina.com\/perou\/tourisme\/lignes_nazca\">lignes de Nazca<\/a> et d&#8217;embarquer dans un petit avion, qui durant plus ou moins 45 minutes vous permettra d&rsquo;observer les diff\u00e9rents dessins trac\u00e9s sur le sol. Le billet vous co\u00fbtera de 40 \u00e0 50 US dollars.<\/div>\n<div>Pour les moins fortun\u00e9s il est possible depuis un petit mirador d&rsquo;observation situ\u00e9 \u00e0 environ 30km de Nazca, de voir quelques dessins dont la main \u00e0 quatre doigts et l&rsquo;arbre.<\/div>\n<div>Pr\u00e8s de ce mirador, un petit mus\u00e9e a \u00e9t\u00e9 cr\u00e9\u00e9 en l&rsquo;honneur de Maria Reiche.<\/div>\n<div><a href=\"https:\/\/www.abc-latina.com\/perou\/tourisme\/lignes_nazca\">En savoir plus sur les lignes de Nazca&#8230;<\/a><\/div>\n<div>&nbsp;<\/div>\n<div><strong>Chauchilla<\/strong><\/div>\n<div>A environ 20km au sud de Nazca, un bien \u00e9trange cimeti\u00e8re perdu au beau milieu du d\u00e9sert m\u00e9rite le d\u00e9tour. \u00c0 l&rsquo;air libre, on n&rsquo;y trouve de nombreux cr\u00e2nes, des chevelures abondantes, des ossements et m\u00eame des squelettes complets. C&rsquo;est l&rsquo;extr\u00eame s\u00e9cheresse de la c\u00f4te p\u00e9ruvienne qui a permis la conservation de ces s\u00e9pultures.<\/div>\n<div>&nbsp;<\/div>\n<div><strong>Arequipa<\/strong><\/div>\n<div>Situ\u00e9e \u00e0 2 400 m\u00e8tres d&rsquo;altitude, la belle ville d&rsquo; <a href=\"https:\/\/www.abc-latina.com\/perou\/arequipa\">Arequipa<\/a> constitue une \u00e9tape agr\u00e9able et qui poss\u00e8de aussi dans ses environs des curiosit\u00e9s g\u00e9ologiques et g\u00e9ographiques qui font le bonheur de bien de visiteurs.&nbsp;<\/div>\n<div><a href=\"https:\/\/www.abc-latina.com\/perou\/arequipa\">En savoir plus sur Arequipa&#8230;<\/a><\/div>\n<h3>Pr\u00e9parez votre voyage sur la c\u00f4te sud du P\u00e9rou :<\/h3>\n<div><a href=\"https:\/\/www.abc-latina.com\/perou\/agence_de_voyages\">Agences de voyage g\u00e9n\u00e9ralistes et discounteurs<\/a><\/div>\n<div><a href=\"https:\/\/www.abc-latina.com\/perou\/tour_operateur\">Tours Op\u00e9rateurs sp\u00e9cialistes du P\u00e9rou<\/a><\/div>\n<div><a href=\"https:\/\/www.abc-latina.com\/to\/reservation_billet_avion\" target=\"_blank\">R\u00e9servez votre billet d&rsquo;avion<\/a><\/div>\n<div><a href=\"https:\/\/www.abc-latina.com\/perou\/hotels\">R\u00e9servez votre h\u00f4tel au P\u00e9rou<\/a>&nbsp;<\/div>\n<div><a href=\"https:\/\/www.abc-latina.com\/to\/location_de_voiture_perou\" target=\"_blank\">Location de voiture<\/a><\/div>\n<p>&nbsp;<\/p>\n","protected":false},"excerpt":{"rendered":"<p>La c\u00f4te sud du P\u00e9rou est plus aride encore que celle du nord. Dans ce d\u00e9sert que l&rsquo;on a souvent [&hellip;]<\/p>\n","protected":false},"author":3,"featured_media":41,"parent":2118,"menu_order":0,"comment_status":"closed","ping_status":"closed","template":"","meta":{"site-sidebar-layout":"default","site-content-layout":"","ast-site-content-layout":"default","site-content-style":"default","site-sidebar-style":"default","ast-global-header-display":"","ast-banner-title-visibility":"","ast-main-header-display":"","ast-hfb-above-header-display":"","ast-hfb-below-header-display":"","ast-hfb-mobile-header-display":"","site-post-title":"","ast-breadcrumbs-content":"","ast-featured-img":"","footer-sml-layout":"","ast-disable-related-posts":"","theme-transparent-header-meta":"","adv-header-id-meta":"","stick-header-meta":"","header-above-stick-meta":"","header-main-stick-meta":"","header-below-stick-meta":"","astra-migrate-meta-layouts":"default","ast-page-background-enabled":"default","ast-page-background-meta":{"desktop":{"background-color":"var(--ast-global-color-5)","background-image":"","background-repeat":"repeat","background-position":"center center","background-size":"auto","background-attachment":"scroll","background-type":"","background-media":"","overlay-type":"","overlay-color":"","overlay-opacity":"","overlay-gradient":""},"tablet":{"background-color":"","background-image":"","background-repeat":"repeat","background-position":"center center","background-size":"auto","background-attachment":"scroll","background-type":"","background-media":"","overlay-type":"","overlay-color":"","overlay-opacity":"","overlay-gradient":""},"mobile":{"background-color":"","background-image":"","background-repeat":"repeat","background-position":"center center","background-size":"auto","background-attachment":"scroll","background-type":"","background-media":"","overlay-type":"","overlay-color":"","overlay-opacity":"","overlay-gradient":""}},"ast-content-background-meta":{"desktop":{"background-color":"var(--ast-global-color-4)","background-image":"","background-repeat":"repeat","background-position":"center center","background-size":"auto","background-attachment":"scroll","background-type":"","background-media":"","overlay-type":"","overlay-color":"","overlay-opacity":"","overlay-gradient":""},"tablet":{"background-color":"var(--ast-global-color-4)","background-image":"","background-repeat":"repeat","background-position":"center center","background-size":"auto","background-attachment":"scroll","background-type":"","background-media":"","overlay-type":"","overlay-color":"","overlay-opacity":"","overlay-gradient":""},"mobile":{"background-color":"var(--ast-global-color-4)","background-image":"","background-repeat":"repeat","background-position":"center center","background-size":"auto","background-attachment":"scroll","background-type":"","background-media":"","overlay-type":"","overlay-color":"","overlay-opacity":"","overlay-gradient":""}},"footnotes":""},"class_list":["post-401","page","type-page","status-publish","has-post-thumbnail","hentry"],"yoast_head":"<!-- This site is optimized with the Yoast SEO plugin v27.5 - https:\/\/yoast.com\/product\/yoast-seo-wordpress\/ -->\n<title>La c\u00f4te SUD du PEROU - Abc-latina<\/title>\n<meta name=\"description\" content=\"La c\u00f4te sud du P\u00e9rou est plus aride encore que celle du nord. Dans ce d\u00e9sert que l&#039;on a souvent compar\u00e9 \u00e0 celui du Sahara...\" \/>\n<meta name=\"robots\" content=\"index, follow, max-snippet:-1, max-image-preview:large, max-video-preview:-1\" \/>\n<link rel=\"canonical\" href=\"https:\/\/abc-latina.com\/perou\/cotesud\/\" \/>\n<meta property=\"og:locale\" content=\"fr_FR\" \/>\n<meta property=\"og:type\" content=\"article\" \/>\n<meta property=\"og:title\" content=\"La c\u00f4te SUD du PEROU - Abc-latina\" \/>\n<meta property=\"og:description\" content=\"La c\u00f4te sud du P\u00e9rou est plus aride encore que celle du nord. Dans ce d\u00e9sert que l&#039;on a souvent compar\u00e9 \u00e0 celui du Sahara...\" \/>\n<meta property=\"og:url\" content=\"https:\/\/abc-latina.com\/perou\/cotesud\/\" \/>\n<meta property=\"og:site_name\" content=\"Abc-latina\" \/>\n<meta property=\"article:modified_time\" content=\"2026-04-30T16:25:14+00:00\" \/>\n<meta property=\"og:image\" content=\"https:\/\/abc-latina.com\/wp-content\/uploads\/2010\/04\/timbre_to.gif\" \/>\n\t<meta property=\"og:image:width\" content=\"125\" \/>\n\t<meta property=\"og:image:height\" content=\"90\" \/>\n\t<meta property=\"og:image:type\" content=\"image\/gif\" \/>\n<meta name=\"twitter:card\" content=\"summary_large_image\" \/>\n<meta name=\"twitter:label1\" content=\"Dur\u00e9e de lecture estim\u00e9e\" \/>\n\t<meta name=\"twitter:data1\" content=\"3 minutes\" \/>\n<script type=\"application\/ld+json\" class=\"yoast-schema-graph\">{\"@context\":\"https:\\\/\\\/schema.org\",\"@graph\":[{\"@type\":\"WebPage\",\"@id\":\"https:\\\/\\\/abc-latina.com\\\/perou\\\/cotesud\\\/\",\"url\":\"https:\\\/\\\/abc-latina.com\\\/perou\\\/cotesud\\\/\",\"name\":\"La c\u00f4te SUD du PEROU - Abc-latina\",\"isPartOf\":{\"@id\":\"https:\\\/\\\/abc-latina.com\\\/#website\"},\"primaryImageOfPage\":{\"@id\":\"https:\\\/\\\/abc-latina.com\\\/perou\\\/cotesud\\\/#primaryimage\"},\"image\":{\"@id\":\"https:\\\/\\\/abc-latina.com\\\/perou\\\/cotesud\\\/#primaryimage\"},\"thumbnailUrl\":\"https:\\\/\\\/abc-latina.com\\\/wp-content\\\/uploads\\\/2010\\\/04\\\/timbre_to.gif\",\"datePublished\":\"2010-06-07T19:14:06+00:00\",\"dateModified\":\"2026-04-30T16:25:14+00:00\",\"description\":\"La c\u00f4te sud du P\u00e9rou est plus aride encore que celle du nord. Dans ce d\u00e9sert que l'on a souvent compar\u00e9 \u00e0 celui du Sahara...\",\"breadcrumb\":{\"@id\":\"https:\\\/\\\/abc-latina.com\\\/perou\\\/cotesud\\\/#breadcrumb\"},\"inLanguage\":\"fr-FR\",\"potentialAction\":[{\"@type\":\"ReadAction\",\"target\":[\"https:\\\/\\\/abc-latina.com\\\/perou\\\/cotesud\\\/\"]}]},{\"@type\":\"ImageObject\",\"inLanguage\":\"fr-FR\",\"@id\":\"https:\\\/\\\/abc-latina.com\\\/perou\\\/cotesud\\\/#primaryimage\",\"url\":\"https:\\\/\\\/abc-latina.com\\\/wp-content\\\/uploads\\\/2010\\\/04\\\/timbre_to.gif\",\"contentUrl\":\"https:\\\/\\\/abc-latina.com\\\/wp-content\\\/uploads\\\/2010\\\/04\\\/timbre_to.gif\",\"width\":125,\"height\":90},{\"@type\":\"BreadcrumbList\",\"@id\":\"https:\\\/\\\/abc-latina.com\\\/perou\\\/cotesud\\\/#breadcrumb\",\"itemListElement\":[{\"@type\":\"ListItem\",\"position\":1,\"name\":\"Accueil\",\"item\":\"https:\\\/\\\/abc-latina.com\\\/\"},{\"@type\":\"ListItem\",\"position\":2,\"name\":\"La c\u00f4te SUD du PEROU\"}]},{\"@type\":\"WebSite\",\"@id\":\"https:\\\/\\\/abc-latina.com\\\/#website\",\"url\":\"https:\\\/\\\/abc-latina.com\\\/\",\"name\":\"Abc-latina\",\"description\":\"\",\"publisher\":{\"@id\":\"https:\\\/\\\/abc-latina.com\\\/#organization\"},\"potentialAction\":[{\"@type\":\"SearchAction\",\"target\":{\"@type\":\"EntryPoint\",\"urlTemplate\":\"https:\\\/\\\/abc-latina.com\\\/?s={search_term_string}\"},\"query-input\":{\"@type\":\"PropertyValueSpecification\",\"valueRequired\":true,\"valueName\":\"search_term_string\"}}],\"inLanguage\":\"fr-FR\"},{\"@type\":\"Organization\",\"@id\":\"https:\\\/\\\/abc-latina.com\\\/#organization\",\"name\":\"Abc-latina\",\"url\":\"https:\\\/\\\/abc-latina.com\\\/\",\"logo\":{\"@type\":\"ImageObject\",\"inLanguage\":\"fr-FR\",\"@id\":\"https:\\\/\\\/abc-latina.com\\\/#\\\/schema\\\/logo\\\/image\\\/\",\"url\":\"https:\\\/\\\/abc-latina.com\\\/wp-content\\\/uploads\\\/2026\\\/05\\\/cropped-logo.gif\",\"contentUrl\":\"https:\\\/\\\/abc-latina.com\\\/wp-content\\\/uploads\\\/2026\\\/05\\\/cropped-logo.gif\",\"width\":89,\"height\":84,\"caption\":\"Abc-latina\"},\"image\":{\"@id\":\"https:\\\/\\\/abc-latina.com\\\/#\\\/schema\\\/logo\\\/image\\\/\"}}]}<\/script>\n<!-- \/ Yoast SEO plugin. -->","yoast_head_json":{"title":"La c\u00f4te SUD du PEROU - Abc-latina","description":"La c\u00f4te sud du P\u00e9rou est plus aride encore que celle du nord. Dans ce d\u00e9sert que l'on a souvent compar\u00e9 \u00e0 celui du Sahara...","robots":{"index":"index","follow":"follow","max-snippet":"max-snippet:-1","max-image-preview":"max-image-preview:large","max-video-preview":"max-video-preview:-1"},"canonical":"https:\/\/abc-latina.com\/perou\/cotesud\/","og_locale":"fr_FR","og_type":"article","og_title":"La c\u00f4te SUD du PEROU - Abc-latina","og_description":"La c\u00f4te sud du P\u00e9rou est plus aride encore que celle du nord. Dans ce d\u00e9sert que l'on a souvent compar\u00e9 \u00e0 celui du Sahara...","og_url":"https:\/\/abc-latina.com\/perou\/cotesud\/","og_site_name":"Abc-latina","article_modified_time":"2026-04-30T16:25:14+00:00","og_image":[{"width":125,"height":90,"url":"https:\/\/abc-latina.com\/wp-content\/uploads\/2010\/04\/timbre_to.gif","type":"image\/gif"}],"twitter_card":"summary_large_image","twitter_misc":{"Dur\u00e9e de lecture estim\u00e9e":"3 minutes"},"schema":{"@context":"https:\/\/schema.org","@graph":[{"@type":"WebPage","@id":"https:\/\/abc-latina.com\/perou\/cotesud\/","url":"https:\/\/abc-latina.com\/perou\/cotesud\/","name":"La c\u00f4te SUD du PEROU - Abc-latina","isPartOf":{"@id":"https:\/\/abc-latina.com\/#website"},"primaryImageOfPage":{"@id":"https:\/\/abc-latina.com\/perou\/cotesud\/#primaryimage"},"image":{"@id":"https:\/\/abc-latina.com\/perou\/cotesud\/#primaryimage"},"thumbnailUrl":"https:\/\/abc-latina.com\/wp-content\/uploads\/2010\/04\/timbre_to.gif","datePublished":"2010-06-07T19:14:06+00:00","dateModified":"2026-04-30T16:25:14+00:00","description":"La c\u00f4te sud du P\u00e9rou est plus aride encore que celle du nord. Dans ce d\u00e9sert que l'on a souvent compar\u00e9 \u00e0 celui du Sahara...","breadcrumb":{"@id":"https:\/\/abc-latina.com\/perou\/cotesud\/#breadcrumb"},"inLanguage":"fr-FR","potentialAction":[{"@type":"ReadAction","target":["https:\/\/abc-latina.com\/perou\/cotesud\/"]}]},{"@type":"ImageObject","inLanguage":"fr-FR","@id":"https:\/\/abc-latina.com\/perou\/cotesud\/#primaryimage","url":"https:\/\/abc-latina.com\/wp-content\/uploads\/2010\/04\/timbre_to.gif","contentUrl":"https:\/\/abc-latina.com\/wp-content\/uploads\/2010\/04\/timbre_to.gif","width":125,"height":90},{"@type":"BreadcrumbList","@id":"https:\/\/abc-latina.com\/perou\/cotesud\/#breadcrumb","itemListElement":[{"@type":"ListItem","position":1,"name":"Accueil","item":"https:\/\/abc-latina.com\/"},{"@type":"ListItem","position":2,"name":"La c\u00f4te SUD du PEROU"}]},{"@type":"WebSite","@id":"https:\/\/abc-latina.com\/#website","url":"https:\/\/abc-latina.com\/","name":"Abc-latina","description":"","publisher":{"@id":"https:\/\/abc-latina.com\/#organization"},"potentialAction":[{"@type":"SearchAction","target":{"@type":"EntryPoint","urlTemplate":"https:\/\/abc-latina.com\/?s={search_term_string}"},"query-input":{"@type":"PropertyValueSpecification","valueRequired":true,"valueName":"search_term_string"}}],"inLanguage":"fr-FR"},{"@type":"Organization","@id":"https:\/\/abc-latina.com\/#organization","name":"Abc-latina","url":"https:\/\/abc-latina.com\/","logo":{"@type":"ImageObject","inLanguage":"fr-FR","@id":"https:\/\/abc-latina.com\/#\/schema\/logo\/image\/","url":"https:\/\/abc-latina.com\/wp-content\/uploads\/2026\/05\/cropped-logo.gif","contentUrl":"https:\/\/abc-latina.com\/wp-content\/uploads\/2026\/05\/cropped-logo.gif","width":89,"height":84,"caption":"Abc-latina"},"image":{"@id":"https:\/\/abc-latina.com\/#\/schema\/logo\/image\/"}}]}},"_links":{"self":[{"href":"https:\/\/abc-latina.com\/wp-json\/wp\/v2\/pages\/401","targetHints":{"allow":["GET"]}}],"collection":[{"href":"https:\/\/abc-latina.com\/wp-json\/wp\/v2\/pages"}],"about":[{"href":"https:\/\/abc-latina.com\/wp-json\/wp\/v2\/types\/page"}],"author":[{"embeddable":true,"href":"https:\/\/abc-latina.com\/wp-json\/wp\/v2\/users\/3"}],"replies":[{"embeddable":true,"href":"https:\/\/abc-latina.com\/wp-json\/wp\/v2\/comments?post=401"}],"version-history":[{"count":1,"href":"https:\/\/abc-latina.com\/wp-json\/wp\/v2\/pages\/401\/revisions"}],"predecessor-version":[{"id":3683,"href":"https:\/\/abc-latina.com\/wp-json\/wp\/v2\/pages\/401\/revisions\/3683"}],"up":[{"embeddable":true,"href":"https:\/\/abc-latina.com\/wp-json\/wp\/v2\/pages\/2118"}],"wp:featuredmedia":[{"embeddable":true,"href":"https:\/\/abc-latina.com\/wp-json\/wp\/v2\/media\/41"}],"wp:attachment":[{"href":"https:\/\/abc-latina.com\/wp-json\/wp\/v2\/media?parent=401"}],"curies":[{"name":"wp","href":"https:\/\/api.w.org\/{rel}","templated":true}]}}