{"id":404,"date":"2010-06-07T21:16:14","date_gmt":"2010-06-07T19:16:14","guid":{"rendered":"http:\/\/abc-latina.com\/cuzco-htm\/"},"modified":"2026-04-30T18:25:15","modified_gmt":"2026-04-30T16:25:15","slug":"cuzco","status":"publish","type":"page","link":"https:\/\/abc-latina.com\/perou\/cuzco\/","title":{"rendered":"CUZCO et la vall\u00e9e sacr\u00e9e"},"content":{"rendered":"<p><a href=\"http:\/\/www.abc-latina.com\/perou\/photos\/photos_cuzco\"><img loading=\"lazy\" decoding=\"async\" class=\" alignright size-full wp-image-402\" title=\"CUZCO\" style=\"margin: 9px; float: right;\" src=\"http:\/\/abc-latina.com\/wp-content\/uploads\/2010\/06\/cuzco1p.jpg\" alt=\"\" width=\"200\" height=\"132\" \/><\/a><span class=\"tourisme-chapitre\">Cuzco<\/span> signifie &quot;le nombril&quot; en Quechua. Les <a target=\"_blank\" href=\"https:\/\/www.abc-latina.com\/civilisations\/Inca\">Incas<\/a> pensaient que le nombril est le centre de toute vie, et Cuzco \u00e9tait pour eux l&rsquo;ombilic du monde. La capitale de l&#8217;empire Inca que les conquistadores d\u00e9couvrirent en 1533 abritait 100.000 habitants, Cuzco conserva une certaine influence pendant les quelques dizaines d&rsquo;ann\u00e9es qui suivirent la conqu\u00eate ensuite elle entama un long d\u00e9clin.&nbsp;<\/p>\n<div>Brusquement tir\u00e9e de l&rsquo;oubli par la d\u00e9couverte de <a href=\"https:\/\/www.abc-latina.com\/perou\/machu\">Machu Picchu<\/a> en 1911, c&rsquo;est aujourd&rsquo;hui une v\u00e9ritable capitale touristique, point de d\u00e9part de toutes les excursions vers la vall\u00e9e sacr\u00e9e et porte d&rsquo;acc\u00e8s \u00e0 l&rsquo;<a href=\"https:\/\/www.abc-latina.com\/perou\/amazonie\">Amazonie<\/a>.&nbsp;<\/div>\n<div>La caract\u00e9ristique la plus frappante de Cuzco est son architecture, d&rsquo;\u00e9normes murs aux pierres parfaitement ajust\u00e9es sans aucun mortier t\u00e9moignent du g\u00e9nie artistique et technique de ce peuple, c&rsquo;est un exemple typique de la fusion entre les cultures inca et espagnol. La plaza de Armas est le lieu id\u00e9al pour partir \u00e0 la d\u00e9couverte de cette ville surprenante.<\/div>\n<div>&nbsp;<\/div>\n<div><span class=\"tourisme-chapitre\">A voir \u00e0 Cuzco<\/span><\/div>\n<div>Parmi les \u00e9difices religieux, la cath\u00e9drale qui marie l&rsquo;architecture baroque espagnole et l&rsquo;admirable travail de la pierre propre aux Indiens, l&rsquo;Eglise El Triunfo, l&rsquo;Eglise de la Compania construite au 18\u00e9me si\u00e8cle sur le site du grand palais Amaru Cancha et de l&rsquo;Inca Huayna Capac, l&rsquo;Eglise de La Merced l&rsquo;une des plus anciennes et plus belles du P\u00e9rou, le temple du soleil.<\/div>\n<div>Dans la calle Loreto s&rsquo;\u00e9l\u00e8ve, sur les vestiges d&rsquo;un autre site sacr\u00e9 des Incas, le couvent de Santa catalina. Il y a 5 si\u00e8cles ce lieu \u00e9tait d\u00e9j\u00e0 habit\u00e9 par des femmes clo\u00eetr\u00e9es (3.000 femmes et jeunes filles choisies pour leur beaut\u00e9 et leur naissance).<\/div>\n<div>Le charmant quartier de San Blas parsem\u00e9s de ruelles escarp\u00e9es bord\u00e9es de maisons blanches tr\u00e8s anciennes aux volets et portes bleus.<\/div>\n<div>&nbsp;<\/div>\n<div><span class=\"tourisme-chapitre\">Autour de Cuzco:<\/span><\/div>\n<div>A 3km au nord de Cuzco se dressent les imposants vestiges de la forteresse de <strong>Sacsayhuam\u00e1n<\/strong>, t\u00e9moin du g\u00e9nie constructeur des Incas. Edifi\u00e9e \u00e0 l&rsquo;aide de blocs m\u00e9galithiques, l&rsquo;une d&rsquo;entre elles fait 9m de haut sur 5m de large (certains p\u00e8sent plus de 15 t).<\/div>\n<div>&nbsp;<\/div>\n<div><img loading=\"lazy\" decoding=\"async\" class=\" alignright size-full wp-image-403\" style=\"margin: 5px 22px; float: right;\" src=\"http:\/\/abc-latina.com\/wp-content\/uploads\/2010\/06\/pisac5p.jpg\" alt=\"\" width=\"200\" height=\"135\" \/><strong>Pisac<\/strong> \u00e0 32km au nord de Cuzco est le site arch\u00e9ologique Inca le plus complet apr\u00e8s Machu Picchu. En dehors de ses c\u00e9l\u00e8bres ruines, Pisac est aussi renomm\u00e9 pour son march\u00e9 dominical.&nbsp;<\/div>\n<div> <strong>Chincheros<\/strong> \u00e0 30km de Cuzco pr\u00e9sente une grande homog\u00e9n\u00e9it\u00e9 architecturale, et ses habitants restent attach\u00e9s aux coutumes ancestrales. Chaque dimanche s&rsquo;y tient un authentique march\u00e9 indig\u00e8ne tr\u00e8s color\u00e9 o\u00f9 l&rsquo;on pratique encore le troc. Chincheros poss\u00e8de une \u00e9glise du 16\u00e9me si\u00e8cle avec d&rsquo;int\u00e9ressantes \u0153uvres d&rsquo;art colonial. Un int\u00e9ressant petit mus\u00e9 montre les objets recueillis sur les fouilles arch\u00e9ologiques faites pr\u00e8s du village.<\/div>\n<div>&nbsp;<\/div>\n<div><strong>Yucay<\/strong> est un petit village paisible dans une belle vall\u00e9e au climat agr\u00e9able \u00e0 48km de Cuzco. On y trouve un palais inca fait de pierres et de briques crues, d\u00e9cor\u00e9 de dessins.<\/div>\n<div>&nbsp;<\/div>\n<div><strong>Urubamba<\/strong>, village camp\u00e9 dans une vall\u00e9e verdoyante au pied de l&rsquo;impressionnante cordill\u00e8re de l&rsquo;Urubamba.&nbsp;<\/div>\n<div>&nbsp;<\/div>\n<div><strong><a target=\"_blank\" href=\"tour_operateur\"><img loading=\"lazy\" decoding=\"async\" class=\" size-full wp-image-41\" src=\"http:\/\/abc-latina.com\/wp-content\/uploads\/2010\/04\/timbre_to.gif\" class=\"touroperateur\" alt=\"\" width=\"125\" height=\"90\" \/><\/a>Ollantaytambo<\/strong> \u00e0 72km de Cuzco est un charmant village Indien. C&rsquo;est une occasion unique de voir comment \u00e9tait organis\u00e9 une cit\u00e9 Inca, car les maisons modernes se sont ins\u00e9r\u00e9es dans le tissu urbain ancien sans en modifier le trac\u00e9. C&rsquo;est aussi une impressionnante forteresse pr\u00e9hispanique qui domine la vall\u00e9e de ses temples et terrasses unis entre eux par un syst\u00e8me complexe de canaux d&rsquo;irrigation et d\u00e9coulement.<\/div>\n<div>&nbsp;<\/div>\n<div><strong>Andahuaylillas<\/strong>, \u00e0 39km de Cuzco est r\u00e9put\u00e9 pour son \u00e9glise fond\u00e9e en 1580 et qui a \u00e9t\u00e9 surnomm\u00e9e la &quot; Chapelle Sixtine du P\u00e9rou, Simple \u00e0 l&rsquo;ext\u00e9rieur, elle diff\u00e8re \u00e0 l&rsquo;int\u00e9rieur par son style baroque colonial et sa richesse : autels dor\u00e9s, fresques murales, peintures et plafonds polychromes.<\/div>\n<div>&nbsp;<\/div>\n<div><span class=\"tourisme-unesco\">Remarques :<\/span><\/div>\n<div>Cuzco est \u00e0 3.400m d&rsquo;altitude, ce qui signifie que les nuits sont froides, mais que heureusement les journ\u00e9es sont ensoleill\u00e9es (surtout d&rsquo;avril \u00e0 octobre), il convient donc de faire tr\u00e8s attention aux coups de soleil.<a target=\"_blank\" href=\"http:\/\/voyage.abc-latina.com\/voyage_perou\/perou.php\"><span class=\"sejour-circuit\"><br \/><\/span><\/a><\/div>\n<h3>Les autres infos sur la ville de Cuzco:<\/h3>\n<p><a href=\"https:\/\/www.abc-latina.com\/perou\/cuzco\">Cuzco<\/a><br \/><a href=\"https:\/\/www.abc-latina.com\/perou\/tourisme\/avoir_cuzco\">Int\u00e9r\u00eats touristiques de Cuzco<\/a><br \/><a href=\"https:\/\/www.abc-latina.com\/perou\/tourisme\/environs_cuzco\">Les environs de Cuzco<\/a><br \/><a href=\"https:\/\/www.abc-latina.com\/perou\/tourisme\/musee_cuzco\">Les Mus\u00e9es de Cuzco<\/a><br \/><a href=\"https:\/\/www.abc-latina.com\/perou\/photos\/photos_cuzco\">Photos de Cuzco<\/a><\/p>\n<h3>Pr\u00e9parez votre voyage \u00e0 Cuzco:<\/h3>\n<div><a href=\"https:\/\/www.abc-latina.com\/perou\/agence_de_voyages\">Agences de voyage g\u00e9n\u00e9ralistes et discounteurs<\/a><\/div>\n<div><a href=\"https:\/\/www.abc-latina.com\/perou\/tour_operateur\">Tours Op\u00e9rateurs sp\u00e9cialistes du P\u00e9rou<\/a><\/div>\n<div><a target=\"_blank\" href=\"https:\/\/www.abc-latina.com\/to\/reservation_billet_avion\">R\u00e9servez votre billet d&rsquo;avion<\/a><\/div>\n<div><a href=\"https:\/\/www.abc-latina.com\/perou\/hotels\">R\u00e9servez votre h\u00f4tel \u00e0 Cuzco<\/a>&nbsp;<\/div>\n<div><a target=\"_blank\" href=\"https:\/\/www.abc-latina.com\/to\/location_de_voiture_perou\">Location de voiture<\/a><\/div>\n<p>&nbsp;<\/p>\n","protected":false},"excerpt":{"rendered":"<p>Cuzco signifie &quot;le nombril&quot; en Quechua. Les Incas pensaient que le nombril est le centre de toute vie, et Cuzco [&hellip;]<\/p>\n","protected":false},"author":3,"featured_media":402,"parent":2118,"menu_order":0,"comment_status":"closed","ping_status":"closed","template":"","meta":{"site-sidebar-layout":"default","site-content-layout":"","ast-site-content-layout":"default","site-content-style":"default","site-sidebar-style":"default","ast-global-header-display":"","ast-banner-title-visibility":"","ast-main-header-display":"","ast-hfb-above-header-display":"","ast-hfb-below-header-display":"","ast-hfb-mobile-header-display":"","site-post-title":"","ast-breadcrumbs-content":"","ast-featured-img":"","footer-sml-layout":"","ast-disable-related-posts":"","theme-transparent-header-meta":"","adv-header-id-meta":"","stick-header-meta":"","header-above-stick-meta":"","header-main-stick-meta":"","header-below-stick-meta":"","astra-migrate-meta-layouts":"default","ast-page-background-enabled":"default","ast-page-background-meta":{"desktop":{"background-color":"var(--ast-global-color-5)","background-image":"","background-repeat":"repeat","background-position":"center center","background-size":"auto","background-attachment":"scroll","background-type":"","background-media":"","overlay-type":"","overlay-color":"","overlay-opacity":"","overlay-gradient":""},"tablet":{"background-color":"","background-image":"","background-repeat":"repeat","background-position":"center center","background-size":"auto","background-attachment":"scroll","background-type":"","background-media":"","overlay-type":"","overlay-color":"","overlay-opacity":"","overlay-gradient":""},"mobile":{"background-color":"","background-image":"","background-repeat":"repeat","background-position":"center center","background-size":"auto","background-attachment":"scroll","background-type":"","background-media":"","overlay-type":"","overlay-color":"","overlay-opacity":"","overlay-gradient":""}},"ast-content-background-meta":{"desktop":{"background-color":"var(--ast-global-color-4)","background-image":"","background-repeat":"repeat","background-position":"center center","background-size":"auto","background-attachment":"scroll","background-type":"","background-media":"","overlay-type":"","overlay-color":"","overlay-opacity":"","overlay-gradient":""},"tablet":{"background-color":"var(--ast-global-color-4)","background-image":"","background-repeat":"repeat","background-position":"center center","background-size":"auto","background-attachment":"scroll","background-type":"","background-media":"","overlay-type":"","overlay-color":"","overlay-opacity":"","overlay-gradient":""},"mobile":{"background-color":"var(--ast-global-color-4)","background-image":"","background-repeat":"repeat","background-position":"center center","background-size":"auto","background-attachment":"scroll","background-type":"","background-media":"","overlay-type":"","overlay-color":"","overlay-opacity":"","overlay-gradient":""}},"footnotes":""},"class_list":["post-404","page","type-page","status-publish","has-post-thumbnail","hentry"],"yoast_head":"<!-- This site is optimized with the Yoast SEO plugin v27.5 - https:\/\/yoast.com\/product\/yoast-seo-wordpress\/ -->\n<title>CUZCO et la vall\u00e9e sacr\u00e9e - Abc-latina<\/title>\n<meta name=\"description\" content=\"Brusquement tir\u00e9e de l&#039;oubli par la d\u00e9couverte de Machu Picchu en 1911, c&#039;est aujourd&#039;hui une v\u00e9ritable capitale touristique, point de d\u00e9part de toutes les excursions vers la vall\u00e9e sacr\u00e9e et porte d&#039;acc\u00e8s \u00e0 l&#039;Amazonie.\" \/>\n<meta name=\"robots\" content=\"index, follow, max-snippet:-1, max-image-preview:large, max-video-preview:-1\" \/>\n<link rel=\"canonical\" href=\"https:\/\/abc-latina.com\/perou\/cuzco\/\" \/>\n<meta property=\"og:locale\" content=\"fr_FR\" \/>\n<meta property=\"og:type\" content=\"article\" \/>\n<meta property=\"og:title\" content=\"CUZCO et la vall\u00e9e sacr\u00e9e - Abc-latina\" \/>\n<meta property=\"og:description\" content=\"Brusquement tir\u00e9e de l&#039;oubli par la d\u00e9couverte de Machu Picchu en 1911, c&#039;est aujourd&#039;hui une v\u00e9ritable capitale touristique, point de d\u00e9part de toutes les excursions vers la vall\u00e9e sacr\u00e9e et porte d&#039;acc\u00e8s \u00e0 l&#039;Amazonie.\" \/>\n<meta property=\"og:url\" content=\"https:\/\/abc-latina.com\/perou\/cuzco\/\" \/>\n<meta property=\"og:site_name\" content=\"Abc-latina\" \/>\n<meta property=\"article:modified_time\" content=\"2026-04-30T16:25:15+00:00\" \/>\n<meta property=\"og:image\" content=\"https:\/\/abc-latina.com\/wp-content\/uploads\/2010\/06\/cuzco1p.jpg\" \/>\n\t<meta property=\"og:image:width\" content=\"200\" \/>\n\t<meta property=\"og:image:height\" content=\"132\" \/>\n\t<meta property=\"og:image:type\" content=\"image\/jpeg\" \/>\n<meta name=\"twitter:card\" content=\"summary_large_image\" \/>\n<meta name=\"twitter:label1\" content=\"Dur\u00e9e de lecture estim\u00e9e\" \/>\n\t<meta name=\"twitter:data1\" content=\"4 minutes\" \/>\n<script type=\"application\/ld+json\" class=\"yoast-schema-graph\">{\"@context\":\"https:\\\/\\\/schema.org\",\"@graph\":[{\"@type\":\"WebPage\",\"@id\":\"https:\\\/\\\/abc-latina.com\\\/perou\\\/cuzco\\\/\",\"url\":\"https:\\\/\\\/abc-latina.com\\\/perou\\\/cuzco\\\/\",\"name\":\"CUZCO et la vall\u00e9e sacr\u00e9e - Abc-latina\",\"isPartOf\":{\"@id\":\"https:\\\/\\\/abc-latina.com\\\/#website\"},\"primaryImageOfPage\":{\"@id\":\"https:\\\/\\\/abc-latina.com\\\/perou\\\/cuzco\\\/#primaryimage\"},\"image\":{\"@id\":\"https:\\\/\\\/abc-latina.com\\\/perou\\\/cuzco\\\/#primaryimage\"},\"thumbnailUrl\":\"https:\\\/\\\/abc-latina.com\\\/wp-content\\\/uploads\\\/2010\\\/06\\\/cuzco1p.jpg\",\"datePublished\":\"2010-06-07T19:16:14+00:00\",\"dateModified\":\"2026-04-30T16:25:15+00:00\",\"description\":\"Brusquement tir\u00e9e de l'oubli par la d\u00e9couverte de Machu Picchu en 1911, c'est aujourd'hui une v\u00e9ritable capitale touristique, point de d\u00e9part de toutes les excursions vers la vall\u00e9e sacr\u00e9e et porte d'acc\u00e8s \u00e0 l'Amazonie.\",\"breadcrumb\":{\"@id\":\"https:\\\/\\\/abc-latina.com\\\/perou\\\/cuzco\\\/#breadcrumb\"},\"inLanguage\":\"fr-FR\",\"potentialAction\":[{\"@type\":\"ReadAction\",\"target\":[\"https:\\\/\\\/abc-latina.com\\\/perou\\\/cuzco\\\/\"]}]},{\"@type\":\"ImageObject\",\"inLanguage\":\"fr-FR\",\"@id\":\"https:\\\/\\\/abc-latina.com\\\/perou\\\/cuzco\\\/#primaryimage\",\"url\":\"https:\\\/\\\/abc-latina.com\\\/wp-content\\\/uploads\\\/2010\\\/06\\\/cuzco1p.jpg\",\"contentUrl\":\"https:\\\/\\\/abc-latina.com\\\/wp-content\\\/uploads\\\/2010\\\/06\\\/cuzco1p.jpg\",\"width\":200,\"height\":132,\"caption\":\"CUZCO\"},{\"@type\":\"BreadcrumbList\",\"@id\":\"https:\\\/\\\/abc-latina.com\\\/perou\\\/cuzco\\\/#breadcrumb\",\"itemListElement\":[{\"@type\":\"ListItem\",\"position\":1,\"name\":\"Accueil\",\"item\":\"https:\\\/\\\/abc-latina.com\\\/\"},{\"@type\":\"ListItem\",\"position\":2,\"name\":\"CUZCO et la vall\u00e9e sacr\u00e9e\"}]},{\"@type\":\"WebSite\",\"@id\":\"https:\\\/\\\/abc-latina.com\\\/#website\",\"url\":\"https:\\\/\\\/abc-latina.com\\\/\",\"name\":\"Abc-latina\",\"description\":\"\",\"publisher\":{\"@id\":\"https:\\\/\\\/abc-latina.com\\\/#organization\"},\"potentialAction\":[{\"@type\":\"SearchAction\",\"target\":{\"@type\":\"EntryPoint\",\"urlTemplate\":\"https:\\\/\\\/abc-latina.com\\\/?s={search_term_string}\"},\"query-input\":{\"@type\":\"PropertyValueSpecification\",\"valueRequired\":true,\"valueName\":\"search_term_string\"}}],\"inLanguage\":\"fr-FR\"},{\"@type\":\"Organization\",\"@id\":\"https:\\\/\\\/abc-latina.com\\\/#organization\",\"name\":\"Abc-latina\",\"url\":\"https:\\\/\\\/abc-latina.com\\\/\",\"logo\":{\"@type\":\"ImageObject\",\"inLanguage\":\"fr-FR\",\"@id\":\"https:\\\/\\\/abc-latina.com\\\/#\\\/schema\\\/logo\\\/image\\\/\",\"url\":\"https:\\\/\\\/abc-latina.com\\\/wp-content\\\/uploads\\\/2026\\\/05\\\/cropped-logo.gif\",\"contentUrl\":\"https:\\\/\\\/abc-latina.com\\\/wp-content\\\/uploads\\\/2026\\\/05\\\/cropped-logo.gif\",\"width\":89,\"height\":84,\"caption\":\"Abc-latina\"},\"image\":{\"@id\":\"https:\\\/\\\/abc-latina.com\\\/#\\\/schema\\\/logo\\\/image\\\/\"}}]}<\/script>\n<!-- \/ Yoast SEO plugin. -->","yoast_head_json":{"title":"CUZCO et la vall\u00e9e sacr\u00e9e - Abc-latina","description":"Brusquement tir\u00e9e de l'oubli par la d\u00e9couverte de Machu Picchu en 1911, c'est aujourd'hui une v\u00e9ritable capitale touristique, point de d\u00e9part de toutes les excursions vers la vall\u00e9e sacr\u00e9e et porte d'acc\u00e8s \u00e0 l'Amazonie.","robots":{"index":"index","follow":"follow","max-snippet":"max-snippet:-1","max-image-preview":"max-image-preview:large","max-video-preview":"max-video-preview:-1"},"canonical":"https:\/\/abc-latina.com\/perou\/cuzco\/","og_locale":"fr_FR","og_type":"article","og_title":"CUZCO et la vall\u00e9e sacr\u00e9e - Abc-latina","og_description":"Brusquement tir\u00e9e de l'oubli par la d\u00e9couverte de Machu Picchu en 1911, c'est aujourd'hui une v\u00e9ritable capitale touristique, point de d\u00e9part de toutes les excursions vers la vall\u00e9e sacr\u00e9e et porte d'acc\u00e8s \u00e0 l'Amazonie.","og_url":"https:\/\/abc-latina.com\/perou\/cuzco\/","og_site_name":"Abc-latina","article_modified_time":"2026-04-30T16:25:15+00:00","og_image":[{"width":200,"height":132,"url":"https:\/\/abc-latina.com\/wp-content\/uploads\/2010\/06\/cuzco1p.jpg","type":"image\/jpeg"}],"twitter_card":"summary_large_image","twitter_misc":{"Dur\u00e9e de lecture estim\u00e9e":"4 minutes"},"schema":{"@context":"https:\/\/schema.org","@graph":[{"@type":"WebPage","@id":"https:\/\/abc-latina.com\/perou\/cuzco\/","url":"https:\/\/abc-latina.com\/perou\/cuzco\/","name":"CUZCO et la vall\u00e9e sacr\u00e9e - Abc-latina","isPartOf":{"@id":"https:\/\/abc-latina.com\/#website"},"primaryImageOfPage":{"@id":"https:\/\/abc-latina.com\/perou\/cuzco\/#primaryimage"},"image":{"@id":"https:\/\/abc-latina.com\/perou\/cuzco\/#primaryimage"},"thumbnailUrl":"https:\/\/abc-latina.com\/wp-content\/uploads\/2010\/06\/cuzco1p.jpg","datePublished":"2010-06-07T19:16:14+00:00","dateModified":"2026-04-30T16:25:15+00:00","description":"Brusquement tir\u00e9e de l'oubli par la d\u00e9couverte de Machu Picchu en 1911, c'est aujourd'hui une v\u00e9ritable capitale touristique, point de d\u00e9part de toutes les excursions vers la vall\u00e9e sacr\u00e9e et porte d'acc\u00e8s \u00e0 l'Amazonie.","breadcrumb":{"@id":"https:\/\/abc-latina.com\/perou\/cuzco\/#breadcrumb"},"inLanguage":"fr-FR","potentialAction":[{"@type":"ReadAction","target":["https:\/\/abc-latina.com\/perou\/cuzco\/"]}]},{"@type":"ImageObject","inLanguage":"fr-FR","@id":"https:\/\/abc-latina.com\/perou\/cuzco\/#primaryimage","url":"https:\/\/abc-latina.com\/wp-content\/uploads\/2010\/06\/cuzco1p.jpg","contentUrl":"https:\/\/abc-latina.com\/wp-content\/uploads\/2010\/06\/cuzco1p.jpg","width":200,"height":132,"caption":"CUZCO"},{"@type":"BreadcrumbList","@id":"https:\/\/abc-latina.com\/perou\/cuzco\/#breadcrumb","itemListElement":[{"@type":"ListItem","position":1,"name":"Accueil","item":"https:\/\/abc-latina.com\/"},{"@type":"ListItem","position":2,"name":"CUZCO et la vall\u00e9e sacr\u00e9e"}]},{"@type":"WebSite","@id":"https:\/\/abc-latina.com\/#website","url":"https:\/\/abc-latina.com\/","name":"Abc-latina","description":"","publisher":{"@id":"https:\/\/abc-latina.com\/#organization"},"potentialAction":[{"@type":"SearchAction","target":{"@type":"EntryPoint","urlTemplate":"https:\/\/abc-latina.com\/?s={search_term_string}"},"query-input":{"@type":"PropertyValueSpecification","valueRequired":true,"valueName":"search_term_string"}}],"inLanguage":"fr-FR"},{"@type":"Organization","@id":"https:\/\/abc-latina.com\/#organization","name":"Abc-latina","url":"https:\/\/abc-latina.com\/","logo":{"@type":"ImageObject","inLanguage":"fr-FR","@id":"https:\/\/abc-latina.com\/#\/schema\/logo\/image\/","url":"https:\/\/abc-latina.com\/wp-content\/uploads\/2026\/05\/cropped-logo.gif","contentUrl":"https:\/\/abc-latina.com\/wp-content\/uploads\/2026\/05\/cropped-logo.gif","width":89,"height":84,"caption":"Abc-latina"},"image":{"@id":"https:\/\/abc-latina.com\/#\/schema\/logo\/image\/"}}]}},"_links":{"self":[{"href":"https:\/\/abc-latina.com\/wp-json\/wp\/v2\/pages\/404","targetHints":{"allow":["GET"]}}],"collection":[{"href":"https:\/\/abc-latina.com\/wp-json\/wp\/v2\/pages"}],"about":[{"href":"https:\/\/abc-latina.com\/wp-json\/wp\/v2\/types\/page"}],"author":[{"embeddable":true,"href":"https:\/\/abc-latina.com\/wp-json\/wp\/v2\/users\/3"}],"replies":[{"embeddable":true,"href":"https:\/\/abc-latina.com\/wp-json\/wp\/v2\/comments?post=404"}],"version-history":[{"count":1,"href":"https:\/\/abc-latina.com\/wp-json\/wp\/v2\/pages\/404\/revisions"}],"predecessor-version":[{"id":3685,"href":"https:\/\/abc-latina.com\/wp-json\/wp\/v2\/pages\/404\/revisions\/3685"}],"up":[{"embeddable":true,"href":"https:\/\/abc-latina.com\/wp-json\/wp\/v2\/pages\/2118"}],"wp:featuredmedia":[{"embeddable":true,"href":"https:\/\/abc-latina.com\/wp-json\/wp\/v2\/media\/402"}],"wp:attachment":[{"href":"https:\/\/abc-latina.com\/wp-json\/wp\/v2\/media?parent=404"}],"curies":[{"name":"wp","href":"https:\/\/api.w.org\/{rel}","templated":true}]}}