{"id":409,"date":"2010-06-07T21:21:06","date_gmt":"2010-06-07T19:21:06","guid":{"rendered":"http:\/\/abc-latina.com\/huaylas-htm\/"},"modified":"2026-04-30T18:25:17","modified_gmt":"2026-04-30T16:25:17","slug":"huaylas","status":"publish","type":"page","link":"https:\/\/abc-latina.com\/perou\/huaylas\/","title":{"rendered":"Le Callejon de HUAYLAS"},"content":{"rendered":"<p><img loading=\"lazy\" decoding=\"async\" class=\" alignright size-full wp-image-407\" src=\"http:\/\/abc-latina.com\/wp-content\/uploads\/2010\/06\/callejon-de-huaylas.jpg\" title=\"Le CALLEJON de HUAYLAS\" alt=\"\" width=\"250\" vspace=\"9\" hspace=\"15\" height=\"250\" align=\"right\" srcset=\"https:\/\/abc-latina.com\/wp-content\/uploads\/2010\/06\/callejon-de-huaylas.jpg 333w, https:\/\/abc-latina.com\/wp-content\/uploads\/2010\/06\/callejon-de-huaylas-300x300.jpg 300w, https:\/\/abc-latina.com\/wp-content\/uploads\/2010\/06\/callejon-de-huaylas-150x150.jpg 150w\" sizes=\"auto, (max-width: 250px) 100vw, 250px\" \/>Le <span class=\"tourisme-chapitre\">Callejon de Huaylas<\/span>, une vall\u00e9e qui s&rsquo;\u00e9tend sur 160 km, \u00e0 des altitudes qui varient de 1800 m \u00e0 4080 m, compte parmi les plus belle r\u00e9gions d&rsquo;Am\u00e9rique du Sud. Elle est bord\u00e9e \u00e0 l&rsquo;Est par la <strong><a href=\"https:\/\/www.abc-latina.com\/perou\/cordillere_blanche\">Cordillera Blanca<\/a><\/strong>, la cha\u00eene de montagnes qui rassemble le plus grand nombre de sommets de plus de 6.000 m d&rsquo;altitude apr\u00e8s l&rsquo;Himalaya, et \u00e0 l&rsquo;Ouest par une cha\u00eene plus basse, La Cordillera Negra, dot\u00e9e d&rsquo;une maigre v\u00e9g\u00e9tation et rarement enneig\u00e9e comme son nom l&rsquo;indique.&nbsp;<\/p>\n<p>Au Nord de la vall\u00e9e se dessine l&rsquo;impressionnant canon del Pato, une gorge \u00e9troite aux \u00e0-pics vertigineux au fond de laquelle coule le rio Santa. Malheureusement, de nombreuses catastrophes naturelles se sont abattues sur la r\u00e9gion (tremblement de terre, coul\u00e9es d&rsquo;alluvions, inondations, avalanches et glissements de terrain)&nbsp;<\/p>\n<p><a href=\"tour_operateur\" target=\"_blank\" style=\"text-decoration: none;\"><img loading=\"lazy\" decoding=\"async\" class=\" size-full wp-image-41\" alt=\"\" class=\"touroperateur\" src=\"http:\/\/abc-latina.com\/wp-content\/uploads\/2010\/04\/timbre_to.gif\" width=\"125\" height=\"90\" \/><\/a><\/p>\n<p>Huaraz, chef-lieu du d\u00e9partement d&rsquo;Ancash, est le principal centre d&rsquo;activit\u00e9 commerciale et le point de passage oblig\u00e9 des visiteurs de la r\u00e9gion. C&rsquo;est une ville importante (70.000 h), moderne et bien adapt\u00e9e aux besoins du tourisme. Les environs de Huaraz offrent de nombreuses possibilit\u00e9s de promenades ou de randonn\u00e9es d&rsquo;une journ\u00e9e.&nbsp;<\/p>\n<p>La petite ville de Caraz (2.200m), \u00e9pargn\u00e9e par les s\u00e9ismes, conserve son architecture traditionnelle et tout le charme qui, avant les s\u00e9ismes, caract\u00e9risait les villes de la vall\u00e9e.<\/p>\n<p><img loading=\"lazy\" decoding=\"async\" class=\" alignright size-full wp-image-408\" src=\"http:\/\/abc-latina.com\/wp-content\/uploads\/2010\/06\/huar4p.jpg\" style=\"border-width: 1px; border-style: solid; margin: 5px 22px; float: right;\" alt=\"\" width=\"200\" height=\"132\" \/>Une grande partie de la Cordillera Blanca a \u00e9t\u00e9 transform\u00e9e en r\u00e9serve naturelle. Le Parc national du Huascaran a pour objet la pr\u00e9servation de la faune et de la flore locales, des sites arch\u00e9ologiques &#8230;<br \/> Le principal attrait touristique du Callejon de Huaylas est sans doute le complexe de Chavin de Huantar, l&rsquo;un des plus anciens et des plus grands sites arch\u00e9ologiques du P\u00e9rou.<\/p>\n<h3>Pr\u00e9parez votre voyage au Callejon de Huaylas :<\/h3>\n<div><a href=\"https:\/\/www.abc-latina.com\/perou\/agence_de_voyages\">Agences de voyage g\u00e9n\u00e9ralistes et discounteurs<\/a><\/div>\n<div><a href=\"https:\/\/www.abc-latina.com\/perou\/tour_operateur\">Tours Op\u00e9rateurs sp\u00e9cialistes du P\u00e9rou<\/a><\/div>\n<div><a href=\"https:\/\/www.abc-latina.com\/to\/reservation_billet_avion\" target=\"_blank\">R\u00e9servez votre billet d&rsquo;avion<\/a><\/div>\n<div><a href=\"https:\/\/www.abc-latina.com\/perou\/hotels\">R\u00e9servez votre h\u00f4tel \u00e0<\/a>&nbsp;<\/div>\n<div><a href=\"https:\/\/www.abc-latina.com\/to\/location_de_voiture_perou\" target=\"_blank\">Location de voiture<\/a><\/div>\n","protected":false},"excerpt":{"rendered":"<p>Le Callejon de Huaylas, une vall\u00e9e qui s&rsquo;\u00e9tend sur 160 km, \u00e0 des altitudes qui varient de 1800 m \u00e0 [&hellip;]<\/p>\n","protected":false},"author":3,"featured_media":407,"parent":2118,"menu_order":0,"comment_status":"closed","ping_status":"closed","template":"","meta":{"site-sidebar-layout":"default","site-content-layout":"","ast-site-content-layout":"default","site-content-style":"default","site-sidebar-style":"default","ast-global-header-display":"","ast-banner-title-visibility":"","ast-main-header-display":"","ast-hfb-above-header-display":"","ast-hfb-below-header-display":"","ast-hfb-mobile-header-display":"","site-post-title":"","ast-breadcrumbs-content":"","ast-featured-img":"","footer-sml-layout":"","ast-disable-related-posts":"","theme-transparent-header-meta":"","adv-header-id-meta":"","stick-header-meta":"","header-above-stick-meta":"","header-main-stick-meta":"","header-below-stick-meta":"","astra-migrate-meta-layouts":"default","ast-page-background-enabled":"default","ast-page-background-meta":{"desktop":{"background-color":"var(--ast-global-color-5)","background-image":"","background-repeat":"repeat","background-position":"center center","background-size":"auto","background-attachment":"scroll","background-type":"","background-media":"","overlay-type":"","overlay-color":"","overlay-opacity":"","overlay-gradient":""},"tablet":{"background-color":"","background-image":"","background-repeat":"repeat","background-position":"center center","background-size":"auto","background-attachment":"scroll","background-type":"","background-media":"","overlay-type":"","overlay-color":"","overlay-opacity":"","overlay-gradient":""},"mobile":{"background-color":"","background-image":"","background-repeat":"repeat","background-position":"center center","background-size":"auto","background-attachment":"scroll","background-type":"","background-media":"","overlay-type":"","overlay-color":"","overlay-opacity":"","overlay-gradient":""}},"ast-content-background-meta":{"desktop":{"background-color":"var(--ast-global-color-4)","background-image":"","background-repeat":"repeat","background-position":"center center","background-size":"auto","background-attachment":"scroll","background-type":"","background-media":"","overlay-type":"","overlay-color":"","overlay-opacity":"","overlay-gradient":""},"tablet":{"background-color":"var(--ast-global-color-4)","background-image":"","background-repeat":"repeat","background-position":"center center","background-size":"auto","background-attachment":"scroll","background-type":"","background-media":"","overlay-type":"","overlay-color":"","overlay-opacity":"","overlay-gradient":""},"mobile":{"background-color":"var(--ast-global-color-4)","background-image":"","background-repeat":"repeat","background-position":"center center","background-size":"auto","background-attachment":"scroll","background-type":"","background-media":"","overlay-type":"","overlay-color":"","overlay-opacity":"","overlay-gradient":""}},"footnotes":""},"class_list":["post-409","page","type-page","status-publish","has-post-thumbnail","hentry"],"yoast_head":"<!-- This site is optimized with the Yoast SEO plugin v27.5 - https:\/\/yoast.com\/product\/yoast-seo-wordpress\/ -->\n<title>Le Callejon de HUAYLAS - Abc-latina<\/title>\n<meta name=\"description\" content=\"Voyage dans les Andes p\u00e9ruviennes: Le Callejon de Huaylas.\" \/>\n<meta name=\"robots\" content=\"index, follow, max-snippet:-1, max-image-preview:large, max-video-preview:-1\" \/>\n<link rel=\"canonical\" href=\"https:\/\/abc-latina.com\/perou\/huaylas\/\" \/>\n<meta property=\"og:locale\" content=\"fr_FR\" \/>\n<meta property=\"og:type\" content=\"article\" \/>\n<meta property=\"og:title\" content=\"Le Callejon de HUAYLAS - Abc-latina\" \/>\n<meta property=\"og:description\" content=\"Voyage dans les Andes p\u00e9ruviennes: Le Callejon de Huaylas.\" \/>\n<meta property=\"og:url\" content=\"https:\/\/abc-latina.com\/perou\/huaylas\/\" \/>\n<meta property=\"og:site_name\" content=\"Abc-latina\" \/>\n<meta property=\"article:modified_time\" content=\"2026-04-30T16:25:17+00:00\" \/>\n<meta property=\"og:image\" content=\"https:\/\/abc-latina.com\/wp-content\/uploads\/2010\/06\/callejon-de-huaylas.jpg\" \/>\n\t<meta property=\"og:image:width\" content=\"333\" \/>\n\t<meta property=\"og:image:height\" content=\"333\" \/>\n\t<meta property=\"og:image:type\" content=\"image\/jpeg\" \/>\n<meta name=\"twitter:card\" content=\"summary_large_image\" \/>\n<meta name=\"twitter:label1\" content=\"Dur\u00e9e de lecture estim\u00e9e\" \/>\n\t<meta name=\"twitter:data1\" content=\"2 minutes\" \/>\n<script type=\"application\/ld+json\" class=\"yoast-schema-graph\">{\"@context\":\"https:\\\/\\\/schema.org\",\"@graph\":[{\"@type\":\"WebPage\",\"@id\":\"https:\\\/\\\/abc-latina.com\\\/perou\\\/huaylas\\\/\",\"url\":\"https:\\\/\\\/abc-latina.com\\\/perou\\\/huaylas\\\/\",\"name\":\"Le Callejon de HUAYLAS - Abc-latina\",\"isPartOf\":{\"@id\":\"https:\\\/\\\/abc-latina.com\\\/#website\"},\"primaryImageOfPage\":{\"@id\":\"https:\\\/\\\/abc-latina.com\\\/perou\\\/huaylas\\\/#primaryimage\"},\"image\":{\"@id\":\"https:\\\/\\\/abc-latina.com\\\/perou\\\/huaylas\\\/#primaryimage\"},\"thumbnailUrl\":\"https:\\\/\\\/abc-latina.com\\\/wp-content\\\/uploads\\\/2010\\\/06\\\/callejon-de-huaylas.jpg\",\"datePublished\":\"2010-06-07T19:21:06+00:00\",\"dateModified\":\"2026-04-30T16:25:17+00:00\",\"description\":\"Voyage dans les Andes p\u00e9ruviennes: Le Callejon de Huaylas.\",\"breadcrumb\":{\"@id\":\"https:\\\/\\\/abc-latina.com\\\/perou\\\/huaylas\\\/#breadcrumb\"},\"inLanguage\":\"fr-FR\",\"potentialAction\":[{\"@type\":\"ReadAction\",\"target\":[\"https:\\\/\\\/abc-latina.com\\\/perou\\\/huaylas\\\/\"]}]},{\"@type\":\"ImageObject\",\"inLanguage\":\"fr-FR\",\"@id\":\"https:\\\/\\\/abc-latina.com\\\/perou\\\/huaylas\\\/#primaryimage\",\"url\":\"https:\\\/\\\/abc-latina.com\\\/wp-content\\\/uploads\\\/2010\\\/06\\\/callejon-de-huaylas.jpg\",\"contentUrl\":\"https:\\\/\\\/abc-latina.com\\\/wp-content\\\/uploads\\\/2010\\\/06\\\/callejon-de-huaylas.jpg\",\"width\":333,\"height\":333,\"caption\":\"Le CALLEJON de HUAYLAS\"},{\"@type\":\"BreadcrumbList\",\"@id\":\"https:\\\/\\\/abc-latina.com\\\/perou\\\/huaylas\\\/#breadcrumb\",\"itemListElement\":[{\"@type\":\"ListItem\",\"position\":1,\"name\":\"Accueil\",\"item\":\"https:\\\/\\\/abc-latina.com\\\/\"},{\"@type\":\"ListItem\",\"position\":2,\"name\":\"Le Callejon de HUAYLAS\"}]},{\"@type\":\"WebSite\",\"@id\":\"https:\\\/\\\/abc-latina.com\\\/#website\",\"url\":\"https:\\\/\\\/abc-latina.com\\\/\",\"name\":\"Abc-latina\",\"description\":\"\",\"publisher\":{\"@id\":\"https:\\\/\\\/abc-latina.com\\\/#organization\"},\"potentialAction\":[{\"@type\":\"SearchAction\",\"target\":{\"@type\":\"EntryPoint\",\"urlTemplate\":\"https:\\\/\\\/abc-latina.com\\\/?s={search_term_string}\"},\"query-input\":{\"@type\":\"PropertyValueSpecification\",\"valueRequired\":true,\"valueName\":\"search_term_string\"}}],\"inLanguage\":\"fr-FR\"},{\"@type\":\"Organization\",\"@id\":\"https:\\\/\\\/abc-latina.com\\\/#organization\",\"name\":\"Abc-latina\",\"url\":\"https:\\\/\\\/abc-latina.com\\\/\",\"logo\":{\"@type\":\"ImageObject\",\"inLanguage\":\"fr-FR\",\"@id\":\"https:\\\/\\\/abc-latina.com\\\/#\\\/schema\\\/logo\\\/image\\\/\",\"url\":\"https:\\\/\\\/abc-latina.com\\\/wp-content\\\/uploads\\\/2026\\\/05\\\/cropped-logo.gif\",\"contentUrl\":\"https:\\\/\\\/abc-latina.com\\\/wp-content\\\/uploads\\\/2026\\\/05\\\/cropped-logo.gif\",\"width\":89,\"height\":84,\"caption\":\"Abc-latina\"},\"image\":{\"@id\":\"https:\\\/\\\/abc-latina.com\\\/#\\\/schema\\\/logo\\\/image\\\/\"}}]}<\/script>\n<!-- \/ Yoast SEO plugin. -->","yoast_head_json":{"title":"Le Callejon de HUAYLAS - Abc-latina","description":"Voyage dans les Andes p\u00e9ruviennes: Le Callejon de Huaylas.","robots":{"index":"index","follow":"follow","max-snippet":"max-snippet:-1","max-image-preview":"max-image-preview:large","max-video-preview":"max-video-preview:-1"},"canonical":"https:\/\/abc-latina.com\/perou\/huaylas\/","og_locale":"fr_FR","og_type":"article","og_title":"Le Callejon de HUAYLAS - Abc-latina","og_description":"Voyage dans les Andes p\u00e9ruviennes: Le Callejon de Huaylas.","og_url":"https:\/\/abc-latina.com\/perou\/huaylas\/","og_site_name":"Abc-latina","article_modified_time":"2026-04-30T16:25:17+00:00","og_image":[{"width":333,"height":333,"url":"https:\/\/abc-latina.com\/wp-content\/uploads\/2010\/06\/callejon-de-huaylas.jpg","type":"image\/jpeg"}],"twitter_card":"summary_large_image","twitter_misc":{"Dur\u00e9e de lecture estim\u00e9e":"2 minutes"},"schema":{"@context":"https:\/\/schema.org","@graph":[{"@type":"WebPage","@id":"https:\/\/abc-latina.com\/perou\/huaylas\/","url":"https:\/\/abc-latina.com\/perou\/huaylas\/","name":"Le Callejon de HUAYLAS - Abc-latina","isPartOf":{"@id":"https:\/\/abc-latina.com\/#website"},"primaryImageOfPage":{"@id":"https:\/\/abc-latina.com\/perou\/huaylas\/#primaryimage"},"image":{"@id":"https:\/\/abc-latina.com\/perou\/huaylas\/#primaryimage"},"thumbnailUrl":"https:\/\/abc-latina.com\/wp-content\/uploads\/2010\/06\/callejon-de-huaylas.jpg","datePublished":"2010-06-07T19:21:06+00:00","dateModified":"2026-04-30T16:25:17+00:00","description":"Voyage dans les Andes p\u00e9ruviennes: Le Callejon de Huaylas.","breadcrumb":{"@id":"https:\/\/abc-latina.com\/perou\/huaylas\/#breadcrumb"},"inLanguage":"fr-FR","potentialAction":[{"@type":"ReadAction","target":["https:\/\/abc-latina.com\/perou\/huaylas\/"]}]},{"@type":"ImageObject","inLanguage":"fr-FR","@id":"https:\/\/abc-latina.com\/perou\/huaylas\/#primaryimage","url":"https:\/\/abc-latina.com\/wp-content\/uploads\/2010\/06\/callejon-de-huaylas.jpg","contentUrl":"https:\/\/abc-latina.com\/wp-content\/uploads\/2010\/06\/callejon-de-huaylas.jpg","width":333,"height":333,"caption":"Le CALLEJON de HUAYLAS"},{"@type":"BreadcrumbList","@id":"https:\/\/abc-latina.com\/perou\/huaylas\/#breadcrumb","itemListElement":[{"@type":"ListItem","position":1,"name":"Accueil","item":"https:\/\/abc-latina.com\/"},{"@type":"ListItem","position":2,"name":"Le Callejon de HUAYLAS"}]},{"@type":"WebSite","@id":"https:\/\/abc-latina.com\/#website","url":"https:\/\/abc-latina.com\/","name":"Abc-latina","description":"","publisher":{"@id":"https:\/\/abc-latina.com\/#organization"},"potentialAction":[{"@type":"SearchAction","target":{"@type":"EntryPoint","urlTemplate":"https:\/\/abc-latina.com\/?s={search_term_string}"},"query-input":{"@type":"PropertyValueSpecification","valueRequired":true,"valueName":"search_term_string"}}],"inLanguage":"fr-FR"},{"@type":"Organization","@id":"https:\/\/abc-latina.com\/#organization","name":"Abc-latina","url":"https:\/\/abc-latina.com\/","logo":{"@type":"ImageObject","inLanguage":"fr-FR","@id":"https:\/\/abc-latina.com\/#\/schema\/logo\/image\/","url":"https:\/\/abc-latina.com\/wp-content\/uploads\/2026\/05\/cropped-logo.gif","contentUrl":"https:\/\/abc-latina.com\/wp-content\/uploads\/2026\/05\/cropped-logo.gif","width":89,"height":84,"caption":"Abc-latina"},"image":{"@id":"https:\/\/abc-latina.com\/#\/schema\/logo\/image\/"}}]}},"_links":{"self":[{"href":"https:\/\/abc-latina.com\/wp-json\/wp\/v2\/pages\/409","targetHints":{"allow":["GET"]}}],"collection":[{"href":"https:\/\/abc-latina.com\/wp-json\/wp\/v2\/pages"}],"about":[{"href":"https:\/\/abc-latina.com\/wp-json\/wp\/v2\/types\/page"}],"author":[{"embeddable":true,"href":"https:\/\/abc-latina.com\/wp-json\/wp\/v2\/users\/3"}],"replies":[{"embeddable":true,"href":"https:\/\/abc-latina.com\/wp-json\/wp\/v2\/comments?post=409"}],"version-history":[{"count":1,"href":"https:\/\/abc-latina.com\/wp-json\/wp\/v2\/pages\/409\/revisions"}],"predecessor-version":[{"id":3728,"href":"https:\/\/abc-latina.com\/wp-json\/wp\/v2\/pages\/409\/revisions\/3728"}],"up":[{"embeddable":true,"href":"https:\/\/abc-latina.com\/wp-json\/wp\/v2\/pages\/2118"}],"wp:featuredmedia":[{"embeddable":true,"href":"https:\/\/abc-latina.com\/wp-json\/wp\/v2\/media\/407"}],"wp:attachment":[{"href":"https:\/\/abc-latina.com\/wp-json\/wp\/v2\/media?parent=409"}],"curies":[{"name":"wp","href":"https:\/\/api.w.org\/{rel}","templated":true}]}}