{"id":419,"date":"2010-06-07T21:30:45","date_gmt":"2010-06-07T19:30:45","guid":{"rendered":"http:\/\/abc-latina.com\/titicaca-htm\/"},"modified":"2026-04-30T18:25:18","modified_gmt":"2026-04-30T16:25:18","slug":"titicaca","status":"publish","type":"page","link":"https:\/\/abc-latina.com\/perou\/titicaca\/","title":{"rendered":"Le LAC TITICACA"},"content":{"rendered":"<p><a href=\"http:\/\/www.abc-latina.com\/perou\/photos\/photos_lac_titicaca\"><img loading=\"lazy\" decoding=\"async\" class=\" alignright size-full wp-image-417\" title=\"Le LAC TITICACA\" style=\"margin: 5px 22px; float: right;\" src=\"http:\/\/abc-latina.com\/wp-content\/uploads\/2010\/06\/titica1.jpg\" alt=\"\" width=\"230\" height=\"172\" \/><\/a>Divis\u00e9 entre le P\u00e9rou et la <a target=\"_blank\" href=\"https:\/\/www.abc-latina.com\/bolivie\/lac_titicaca\">Bolivie<\/a> \u00e0 3636m d&rsquo;altitude, <span class=\"tourisme-chapitre\">le lac Titicaca<\/span> est le plus haut lac navigable du monde avec une profondeur maximale de 280m. Il couvre plus de 8.000 km&sup2; et compte une quarantaine d&rsquo;\u00eeles. Cette r\u00e9gion est incontestablement celle o\u00f9 la culture indienne est rest\u00e9e la plus vivante.<\/p>\n<p>Puno, 60.000 habitants, est un gros bourg commer\u00e7ant fond\u00e9 en 1666. C&rsquo;est aussi le centre artisanal et folklorique de la r\u00e9gion, sa musique est la plus riche des Andes et on y recense plus de 300 danses locales.&nbsp;<br \/> <a target=\"_blank\" href=\"tour_operateur\"><img loading=\"lazy\" decoding=\"async\" class=\" size-full wp-image-41\" src=\"http:\/\/abc-latina.com\/wp-content\/uploads\/2010\/04\/timbre_to.gif\" class=\"touroperateur\" alt=\"\" width=\"125\" height=\"90\" \/><\/a>Pendant les f\u00eates de la Chandeleur, durant une semaine, les rues s&rsquo;animent de musiques et de danses. Au march\u00e9 artisanal de Laykakota ont trouvent de nombreux produits, en particulier les tissus en alpaga: couvertures, ponchos bariol\u00e9s, jupes aux couleurs aux couleurs naturelles, costumes brod\u00e9s, bonnets p\u00e9ruviens, c\u00e9ramiques Une intense activit\u00e9 r\u00e8gne sur le lac, Puno est le point de d\u00e9part de la plupart des excursions.<\/p>\n<p>Les \u00eeles les plus c\u00e9l\u00e8bres du lac Titicaca sont les \u00eeles flottantes des Uros. Cette visite permet de d\u00e9couvrir un mode de vie unique &#8230; sur ces \u00eeles, tout est b\u00e2ti en roseau: les maisons, les \u00e9coles et jusqu&rsquo;au sol lui-m\u00eame, tout repose sur des pilotis fait de troncs d&rsquo;eucalyptus. En dehors de la confection de toutes sortes d&rsquo;objets en roseau, leurs habitants vivent de la p\u00eache, de la chasse aux oiseaux et de la r\u00e9colte de plantes lacustres.&nbsp;<\/p>\n<p><span class=\"tourisme-unesco\">L&rsquo;ILE DE TAQUILLE<\/span><\/p>\n<p><img loading=\"lazy\" decoding=\"async\" class=\" alignright size-full wp-image-418\" style=\"margin: 5px 22px; float: right;\" src=\"http:\/\/abc-latina.com\/wp-content\/uploads\/2010\/06\/titica2.jpg\" alt=\"\" width=\"230\" height=\"102\" \/>Sur le lac Titicaca, le meilleur endroit pour d\u00e9couvrir les traditions r\u00e9gionales est l&rsquo;\u00eele de Taquille. les habitants se sont organis\u00e9s pour g\u00e9rer eux m\u00eames toutes les activit\u00e9s li\u00e9es au tourisme, esp\u00e9rant ainsi proteger leur mode de vie. Il n&rsquo;y a pas d&rsquo;h\u00f4tel \u00e0 Taquille mais on peut y passer la nuit chez l&rsquo;habitant, les Taquilles sont r\u00e9put\u00e9s pour leur hospitalit\u00e9. On peut y visiter les ruines Incas diss\u00e9min\u00e9es dans les collines.&nbsp;<br \/> <a href=\"https:\/\/www.abc-latina.com\/perou\/tourisme\/taquile\">En savoir plus sur l&rsquo;\u00eele de Taquille&#8230;<\/a><\/p>\n<p><span class=\"tourisme-unesco\">L&rsquo;ILE D&rsquo;AMANTANI<\/span><\/p>\n<p>Amantani est en passe de devenir l&rsquo;un des lieux touristiques de l&rsquo;Am\u00e9rique du Sud. Le visiteur pourra s&rsquo;immerger dans une soci\u00e9t\u00e9 Andine qui a conserv\u00e9 les m\u00eames traditions depuis des si\u00e8cles. La plus peupl\u00e9e et la plus jolie des \u00eeles du lac Titicaca, avec ses patios d\u00e9cor\u00e9s de plantes grimpantes et ses petits bancs de pierre. Elle renferme aussi quelques vestiges arch\u00e9ologiques.&nbsp;<\/p>\n<p><img loading=\"lazy\" decoding=\"async\" class=\" size-full wp-image-46\" src=\"http:\/\/abc-latina.com\/wp-content\/uploads\/2010\/04\/pages-associes.gif\" alt=\"\" width=\"120\" height=\"10\" \/><br \/><a href=\"https:\/\/www.abc-latina.com\/perou\/photos\/photos_lac_titicaca\">Photos du Lac Titicaca<\/a> <a target=\"_blank\" href=\"http:\/\/voyage.abc-latina.com\/voyage_perou\/perou\"><span class=\"sejour-circuit\"><br \/><\/span><\/a><\/p>\n<h3>Pr\u00e9parez votre voyage au lac Titicaca:<\/h3>\n<div><a href=\"https:\/\/www.abc-latina.com\/perou\/agence_de_voyages\">Agences de voyage g\u00e9n\u00e9ralistes et discounteurs<\/a><\/div>\n<div><a href=\"https:\/\/www.abc-latina.com\/perou\/tour_operateur\">Tours Op\u00e9rateurs sp\u00e9cialistes du P\u00e9rou<\/a><\/div>\n<div><a target=\"_blank\" href=\"https:\/\/www.abc-latina.com\/to\/reservation_billet_avion\">R\u00e9servez votre billet d&rsquo;avion<\/a><\/div>\n<div><a href=\"https:\/\/www.abc-latina.com\/perou\/hotels\">R\u00e9servez votre h\u00f4tel \u00e0 Puno<\/a>&nbsp;<\/div>\n<div><a target=\"_blank\" href=\"https:\/\/www.abc-latina.com\/to\/location_de_voiture_perou\">Location de voiture<\/a><\/div>\n","protected":false},"excerpt":{"rendered":"<p>Divis\u00e9 entre le P\u00e9rou et la Bolivie \u00e0 3636m d&rsquo;altitude, le lac Titicaca est le plus haut lac navigable du [&hellip;]<\/p>\n","protected":false},"author":3,"featured_media":417,"parent":2118,"menu_order":0,"comment_status":"closed","ping_status":"closed","template":"","meta":{"site-sidebar-layout":"default","site-content-layout":"","ast-site-content-layout":"default","site-content-style":"default","site-sidebar-style":"default","ast-global-header-display":"","ast-banner-title-visibility":"","ast-main-header-display":"","ast-hfb-above-header-display":"","ast-hfb-below-header-display":"","ast-hfb-mobile-header-display":"","site-post-title":"","ast-breadcrumbs-content":"","ast-featured-img":"","footer-sml-layout":"","ast-disable-related-posts":"","theme-transparent-header-meta":"","adv-header-id-meta":"","stick-header-meta":"","header-above-stick-meta":"","header-main-stick-meta":"","header-below-stick-meta":"","astra-migrate-meta-layouts":"default","ast-page-background-enabled":"default","ast-page-background-meta":{"desktop":{"background-color":"var(--ast-global-color-5)","background-image":"","background-repeat":"repeat","background-position":"center center","background-size":"auto","background-attachment":"scroll","background-type":"","background-media":"","overlay-type":"","overlay-color":"","overlay-opacity":"","overlay-gradient":""},"tablet":{"background-color":"","background-image":"","background-repeat":"repeat","background-position":"center center","background-size":"auto","background-attachment":"scroll","background-type":"","background-media":"","overlay-type":"","overlay-color":"","overlay-opacity":"","overlay-gradient":""},"mobile":{"background-color":"","background-image":"","background-repeat":"repeat","background-position":"center center","background-size":"auto","background-attachment":"scroll","background-type":"","background-media":"","overlay-type":"","overlay-color":"","overlay-opacity":"","overlay-gradient":""}},"ast-content-background-meta":{"desktop":{"background-color":"var(--ast-global-color-4)","background-image":"","background-repeat":"repeat","background-position":"center center","background-size":"auto","background-attachment":"scroll","background-type":"","background-media":"","overlay-type":"","overlay-color":"","overlay-opacity":"","overlay-gradient":""},"tablet":{"background-color":"var(--ast-global-color-4)","background-image":"","background-repeat":"repeat","background-position":"center center","background-size":"auto","background-attachment":"scroll","background-type":"","background-media":"","overlay-type":"","overlay-color":"","overlay-opacity":"","overlay-gradient":""},"mobile":{"background-color":"var(--ast-global-color-4)","background-image":"","background-repeat":"repeat","background-position":"center center","background-size":"auto","background-attachment":"scroll","background-type":"","background-media":"","overlay-type":"","overlay-color":"","overlay-opacity":"","overlay-gradient":""}},"footnotes":""},"class_list":["post-419","page","type-page","status-publish","has-post-thumbnail","hentry"],"yoast_head":"<!-- This site is optimized with the Yoast SEO plugin v27.5 - https:\/\/yoast.com\/product\/yoast-seo-wordpress\/ -->\n<title>Le LAC TITICACA - Abc-latina<\/title>\n<meta name=\"description\" content=\"P\u00e9rou: le lac Titicaca, lac navigable le plus haut du monde.\" \/>\n<meta name=\"robots\" content=\"index, follow, max-snippet:-1, max-image-preview:large, max-video-preview:-1\" \/>\n<link rel=\"canonical\" href=\"https:\/\/abc-latina.com\/perou\/titicaca\/\" \/>\n<meta property=\"og:locale\" content=\"fr_FR\" \/>\n<meta property=\"og:type\" content=\"article\" \/>\n<meta property=\"og:title\" content=\"Le LAC TITICACA - Abc-latina\" \/>\n<meta property=\"og:description\" content=\"P\u00e9rou: le lac Titicaca, lac navigable le plus haut du monde.\" \/>\n<meta property=\"og:url\" content=\"https:\/\/abc-latina.com\/perou\/titicaca\/\" \/>\n<meta property=\"og:site_name\" content=\"Abc-latina\" \/>\n<meta property=\"article:modified_time\" content=\"2026-04-30T16:25:18+00:00\" \/>\n<meta property=\"og:image\" content=\"https:\/\/abc-latina.com\/wp-content\/uploads\/2010\/06\/titica1.jpg\" \/>\n\t<meta property=\"og:image:width\" content=\"230\" \/>\n\t<meta property=\"og:image:height\" content=\"172\" \/>\n\t<meta property=\"og:image:type\" content=\"image\/jpeg\" \/>\n<meta name=\"twitter:card\" content=\"summary_large_image\" \/>\n<meta name=\"twitter:label1\" content=\"Dur\u00e9e de lecture estim\u00e9e\" \/>\n\t<meta name=\"twitter:data1\" content=\"2 minutes\" \/>\n<script type=\"application\/ld+json\" class=\"yoast-schema-graph\">{\"@context\":\"https:\\\/\\\/schema.org\",\"@graph\":[{\"@type\":\"WebPage\",\"@id\":\"https:\\\/\\\/abc-latina.com\\\/perou\\\/titicaca\\\/\",\"url\":\"https:\\\/\\\/abc-latina.com\\\/perou\\\/titicaca\\\/\",\"name\":\"Le LAC TITICACA - Abc-latina\",\"isPartOf\":{\"@id\":\"https:\\\/\\\/abc-latina.com\\\/#website\"},\"primaryImageOfPage\":{\"@id\":\"https:\\\/\\\/abc-latina.com\\\/perou\\\/titicaca\\\/#primaryimage\"},\"image\":{\"@id\":\"https:\\\/\\\/abc-latina.com\\\/perou\\\/titicaca\\\/#primaryimage\"},\"thumbnailUrl\":\"https:\\\/\\\/abc-latina.com\\\/wp-content\\\/uploads\\\/2010\\\/06\\\/titica1.jpg\",\"datePublished\":\"2010-06-07T19:30:45+00:00\",\"dateModified\":\"2026-04-30T16:25:18+00:00\",\"description\":\"P\u00e9rou: le lac Titicaca, lac navigable le plus haut du monde.\",\"breadcrumb\":{\"@id\":\"https:\\\/\\\/abc-latina.com\\\/perou\\\/titicaca\\\/#breadcrumb\"},\"inLanguage\":\"fr-FR\",\"potentialAction\":[{\"@type\":\"ReadAction\",\"target\":[\"https:\\\/\\\/abc-latina.com\\\/perou\\\/titicaca\\\/\"]}]},{\"@type\":\"ImageObject\",\"inLanguage\":\"fr-FR\",\"@id\":\"https:\\\/\\\/abc-latina.com\\\/perou\\\/titicaca\\\/#primaryimage\",\"url\":\"https:\\\/\\\/abc-latina.com\\\/wp-content\\\/uploads\\\/2010\\\/06\\\/titica1.jpg\",\"contentUrl\":\"https:\\\/\\\/abc-latina.com\\\/wp-content\\\/uploads\\\/2010\\\/06\\\/titica1.jpg\",\"width\":230,\"height\":172,\"caption\":\"Le LAC TITICACA\"},{\"@type\":\"BreadcrumbList\",\"@id\":\"https:\\\/\\\/abc-latina.com\\\/perou\\\/titicaca\\\/#breadcrumb\",\"itemListElement\":[{\"@type\":\"ListItem\",\"position\":1,\"name\":\"Accueil\",\"item\":\"https:\\\/\\\/abc-latina.com\\\/\"},{\"@type\":\"ListItem\",\"position\":2,\"name\":\"Le LAC TITICACA\"}]},{\"@type\":\"WebSite\",\"@id\":\"https:\\\/\\\/abc-latina.com\\\/#website\",\"url\":\"https:\\\/\\\/abc-latina.com\\\/\",\"name\":\"Abc-latina\",\"description\":\"\",\"publisher\":{\"@id\":\"https:\\\/\\\/abc-latina.com\\\/#organization\"},\"potentialAction\":[{\"@type\":\"SearchAction\",\"target\":{\"@type\":\"EntryPoint\",\"urlTemplate\":\"https:\\\/\\\/abc-latina.com\\\/?s={search_term_string}\"},\"query-input\":{\"@type\":\"PropertyValueSpecification\",\"valueRequired\":true,\"valueName\":\"search_term_string\"}}],\"inLanguage\":\"fr-FR\"},{\"@type\":\"Organization\",\"@id\":\"https:\\\/\\\/abc-latina.com\\\/#organization\",\"name\":\"Abc-latina\",\"url\":\"https:\\\/\\\/abc-latina.com\\\/\",\"logo\":{\"@type\":\"ImageObject\",\"inLanguage\":\"fr-FR\",\"@id\":\"https:\\\/\\\/abc-latina.com\\\/#\\\/schema\\\/logo\\\/image\\\/\",\"url\":\"https:\\\/\\\/abc-latina.com\\\/wp-content\\\/uploads\\\/2026\\\/05\\\/cropped-logo.gif\",\"contentUrl\":\"https:\\\/\\\/abc-latina.com\\\/wp-content\\\/uploads\\\/2026\\\/05\\\/cropped-logo.gif\",\"width\":89,\"height\":84,\"caption\":\"Abc-latina\"},\"image\":{\"@id\":\"https:\\\/\\\/abc-latina.com\\\/#\\\/schema\\\/logo\\\/image\\\/\"}}]}<\/script>\n<!-- \/ Yoast SEO plugin. -->","yoast_head_json":{"title":"Le LAC TITICACA - Abc-latina","description":"P\u00e9rou: le lac Titicaca, lac navigable le plus haut du monde.","robots":{"index":"index","follow":"follow","max-snippet":"max-snippet:-1","max-image-preview":"max-image-preview:large","max-video-preview":"max-video-preview:-1"},"canonical":"https:\/\/abc-latina.com\/perou\/titicaca\/","og_locale":"fr_FR","og_type":"article","og_title":"Le LAC TITICACA - Abc-latina","og_description":"P\u00e9rou: le lac Titicaca, lac navigable le plus haut du monde.","og_url":"https:\/\/abc-latina.com\/perou\/titicaca\/","og_site_name":"Abc-latina","article_modified_time":"2026-04-30T16:25:18+00:00","og_image":[{"width":230,"height":172,"url":"https:\/\/abc-latina.com\/wp-content\/uploads\/2010\/06\/titica1.jpg","type":"image\/jpeg"}],"twitter_card":"summary_large_image","twitter_misc":{"Dur\u00e9e de lecture estim\u00e9e":"2 minutes"},"schema":{"@context":"https:\/\/schema.org","@graph":[{"@type":"WebPage","@id":"https:\/\/abc-latina.com\/perou\/titicaca\/","url":"https:\/\/abc-latina.com\/perou\/titicaca\/","name":"Le LAC TITICACA - Abc-latina","isPartOf":{"@id":"https:\/\/abc-latina.com\/#website"},"primaryImageOfPage":{"@id":"https:\/\/abc-latina.com\/perou\/titicaca\/#primaryimage"},"image":{"@id":"https:\/\/abc-latina.com\/perou\/titicaca\/#primaryimage"},"thumbnailUrl":"https:\/\/abc-latina.com\/wp-content\/uploads\/2010\/06\/titica1.jpg","datePublished":"2010-06-07T19:30:45+00:00","dateModified":"2026-04-30T16:25:18+00:00","description":"P\u00e9rou: le lac Titicaca, lac navigable le plus haut du monde.","breadcrumb":{"@id":"https:\/\/abc-latina.com\/perou\/titicaca\/#breadcrumb"},"inLanguage":"fr-FR","potentialAction":[{"@type":"ReadAction","target":["https:\/\/abc-latina.com\/perou\/titicaca\/"]}]},{"@type":"ImageObject","inLanguage":"fr-FR","@id":"https:\/\/abc-latina.com\/perou\/titicaca\/#primaryimage","url":"https:\/\/abc-latina.com\/wp-content\/uploads\/2010\/06\/titica1.jpg","contentUrl":"https:\/\/abc-latina.com\/wp-content\/uploads\/2010\/06\/titica1.jpg","width":230,"height":172,"caption":"Le LAC TITICACA"},{"@type":"BreadcrumbList","@id":"https:\/\/abc-latina.com\/perou\/titicaca\/#breadcrumb","itemListElement":[{"@type":"ListItem","position":1,"name":"Accueil","item":"https:\/\/abc-latina.com\/"},{"@type":"ListItem","position":2,"name":"Le LAC TITICACA"}]},{"@type":"WebSite","@id":"https:\/\/abc-latina.com\/#website","url":"https:\/\/abc-latina.com\/","name":"Abc-latina","description":"","publisher":{"@id":"https:\/\/abc-latina.com\/#organization"},"potentialAction":[{"@type":"SearchAction","target":{"@type":"EntryPoint","urlTemplate":"https:\/\/abc-latina.com\/?s={search_term_string}"},"query-input":{"@type":"PropertyValueSpecification","valueRequired":true,"valueName":"search_term_string"}}],"inLanguage":"fr-FR"},{"@type":"Organization","@id":"https:\/\/abc-latina.com\/#organization","name":"Abc-latina","url":"https:\/\/abc-latina.com\/","logo":{"@type":"ImageObject","inLanguage":"fr-FR","@id":"https:\/\/abc-latina.com\/#\/schema\/logo\/image\/","url":"https:\/\/abc-latina.com\/wp-content\/uploads\/2026\/05\/cropped-logo.gif","contentUrl":"https:\/\/abc-latina.com\/wp-content\/uploads\/2026\/05\/cropped-logo.gif","width":89,"height":84,"caption":"Abc-latina"},"image":{"@id":"https:\/\/abc-latina.com\/#\/schema\/logo\/image\/"}}]}},"_links":{"self":[{"href":"https:\/\/abc-latina.com\/wp-json\/wp\/v2\/pages\/419","targetHints":{"allow":["GET"]}}],"collection":[{"href":"https:\/\/abc-latina.com\/wp-json\/wp\/v2\/pages"}],"about":[{"href":"https:\/\/abc-latina.com\/wp-json\/wp\/v2\/types\/page"}],"author":[{"embeddable":true,"href":"https:\/\/abc-latina.com\/wp-json\/wp\/v2\/users\/3"}],"replies":[{"embeddable":true,"href":"https:\/\/abc-latina.com\/wp-json\/wp\/v2\/comments?post=419"}],"version-history":[{"count":1,"href":"https:\/\/abc-latina.com\/wp-json\/wp\/v2\/pages\/419\/revisions"}],"predecessor-version":[{"id":3752,"href":"https:\/\/abc-latina.com\/wp-json\/wp\/v2\/pages\/419\/revisions\/3752"}],"up":[{"embeddable":true,"href":"https:\/\/abc-latina.com\/wp-json\/wp\/v2\/pages\/2118"}],"wp:featuredmedia":[{"embeddable":true,"href":"https:\/\/abc-latina.com\/wp-json\/wp\/v2\/media\/417"}],"wp:attachment":[{"href":"https:\/\/abc-latina.com\/wp-json\/wp\/v2\/media?parent=419"}],"curies":[{"name":"wp","href":"https:\/\/api.w.org\/{rel}","templated":true}]}}