{"id":422,"date":"2010-06-07T21:36:55","date_gmt":"2010-06-07T19:36:55","guid":{"rendered":"http:\/\/abc-latina.com\/ayacucho-htm\/"},"modified":"2026-04-30T18:25:18","modified_gmt":"2026-04-30T16:25:18","slug":"ayacucho","status":"publish","type":"page","link":"https:\/\/abc-latina.com\/perou\/ayacucho\/","title":{"rendered":"AYACUCHO"},"content":{"rendered":"<div><img loading=\"lazy\" decoding=\"async\" class=\" alignright size-full wp-image-421\" src=\"http:\/\/abc-latina.com\/wp-content\/uploads\/2010\/06\/ayacucho.jpg\" alt=\"\" width=\"250\" vspace=\"9\" hspace=\"15\" height=\"250\" align=\"right\" srcset=\"https:\/\/abc-latina.com\/wp-content\/uploads\/2010\/06\/ayacucho.jpg 250w, https:\/\/abc-latina.com\/wp-content\/uploads\/2010\/06\/ayacucho-150x150.jpg 150w\" sizes=\"auto, (max-width: 250px) 100vw, 250px\" \/>Connue comme &ldquo;La cit\u00e9 des \u00e9glises&rdquo;, on dit souvent qu&rsquo;il existe, \u00e0 <span class=\"tourisme-chapitre\">Ayacucho<\/span>, un temple pratiquement \u00e0 chaque angle de rue. La Cath\u00e9drale, la Compa\u00f1\u00eda de J\u00e9sus, San Francisco de As\u00eds, Santo Domingo et Santa Clara sont quelques-uns des plus beaux temples coloniaux de la ville.<\/div>\n<div>&nbsp;<\/div>\n<div>Sa population descend de la puissante culture Wari, qui occupa une grande partie de ce territoire entre les VIe et XIIe si\u00e8cles, et qui transmit \u00e0 la post\u00e9rit\u00e9 ce centre urbain et c\u00e9r\u00e9monial qu&rsquo;est la citadelle Wari. On peut aussi visiter le Complexe Arch\u00e9ologique de Vilcashuam\u00e1n, centre administratif et religieux inca important.<\/div>\n<div>&nbsp;<\/div>\n<div>Il est pr\u00e9f\u00e9rable de visiter Ayacucho pendant la <a href=\"https:\/\/www.abc-latina.com\/perou\/fetes\/ayacucho\">Semaine Sainte<\/a>, la plus \u00e9mouvante et la plus spectaculaire du pays. Ville des grands artisans, Ayacucho offre aussi \u00e0 ses visiteurs des pi\u00e8ces impressionnantes comme les retables, de petits autels portatifs sur lesquels sont repr\u00e9sent\u00e9es des sc\u00e8nes des Andes, les poutres de Sarhua, montrant l&rsquo;arbre g\u00e9n\u00e9alogique d&rsquo;une famille, et les sculptures en alb\u00e2tre, mat\u00e9riau aussi connu dans la r\u00e9gion sous le nom de &ldquo;pierre de Huamanga&rdquo;<\/div>\n<div>&nbsp;<\/div>\n<div>&copy; Source PromPeru<\/div>\n<h3>Pr\u00e9parez votre voyage \u00e0 Ayacucho:<\/h3>\n<div><a href=\"https:\/\/www.abc-latina.com\/perou\/agence_de_voyages\">Agences de voyage g\u00e9n\u00e9ralistes et discounteurs<\/a><\/div>\n<div><a href=\"https:\/\/www.abc-latina.com\/perou\/tour_operateur\">Tours Op\u00e9rateurs sp\u00e9cialistes du P\u00e9rou<\/a><\/div>\n<div><a href=\"https:\/\/www.abc-latina.com\/to\/reservation_billet_avion\" target=\"_blank\">R\u00e9servez votre billet d&rsquo;avion<\/a><\/div>\n<div><a href=\"https:\/\/www.abc-latina.com\/perou\/hotels\">R\u00e9servez votre h\u00f4tel \u00e0 Ayacucho<\/a>&nbsp;<\/div>\n<div><a href=\"https:\/\/www.abc-latina.com\/to\/location_de_voiture_perou\" target=\"_blank\">Location de voiture<\/a><\/div>\n","protected":false},"excerpt":{"rendered":"<p>Connue comme &ldquo;La cit\u00e9 des \u00e9glises&rdquo;, on dit souvent qu&rsquo;il existe, \u00e0 Ayacucho, un temple pratiquement \u00e0 chaque angle de [&hellip;]<\/p>\n","protected":false},"author":3,"featured_media":421,"parent":2118,"menu_order":0,"comment_status":"closed","ping_status":"closed","template":"","meta":{"site-sidebar-layout":"default","site-content-layout":"","ast-site-content-layout":"default","site-content-style":"default","site-sidebar-style":"default","ast-global-header-display":"","ast-banner-title-visibility":"","ast-main-header-display":"","ast-hfb-above-header-display":"","ast-hfb-below-header-display":"","ast-hfb-mobile-header-display":"","site-post-title":"","ast-breadcrumbs-content":"","ast-featured-img":"","footer-sml-layout":"","ast-disable-related-posts":"","theme-transparent-header-meta":"","adv-header-id-meta":"","stick-header-meta":"","header-above-stick-meta":"","header-main-stick-meta":"","header-below-stick-meta":"","astra-migrate-meta-layouts":"default","ast-page-background-enabled":"default","ast-page-background-meta":{"desktop":{"background-color":"var(--ast-global-color-5)","background-image":"","background-repeat":"repeat","background-position":"center center","background-size":"auto","background-attachment":"scroll","background-type":"","background-media":"","overlay-type":"","overlay-color":"","overlay-opacity":"","overlay-gradient":""},"tablet":{"background-color":"","background-image":"","background-repeat":"repeat","background-position":"center center","background-size":"auto","background-attachment":"scroll","background-type":"","background-media":"","overlay-type":"","overlay-color":"","overlay-opacity":"","overlay-gradient":""},"mobile":{"background-color":"","background-image":"","background-repeat":"repeat","background-position":"center center","background-size":"auto","background-attachment":"scroll","background-type":"","background-media":"","overlay-type":"","overlay-color":"","overlay-opacity":"","overlay-gradient":""}},"ast-content-background-meta":{"desktop":{"background-color":"var(--ast-global-color-4)","background-image":"","background-repeat":"repeat","background-position":"center center","background-size":"auto","background-attachment":"scroll","background-type":"","background-media":"","overlay-type":"","overlay-color":"","overlay-opacity":"","overlay-gradient":""},"tablet":{"background-color":"var(--ast-global-color-4)","background-image":"","background-repeat":"repeat","background-position":"center center","background-size":"auto","background-attachment":"scroll","background-type":"","background-media":"","overlay-type":"","overlay-color":"","overlay-opacity":"","overlay-gradient":""},"mobile":{"background-color":"var(--ast-global-color-4)","background-image":"","background-repeat":"repeat","background-position":"center center","background-size":"auto","background-attachment":"scroll","background-type":"","background-media":"","overlay-type":"","overlay-color":"","overlay-opacity":"","overlay-gradient":""}},"footnotes":""},"class_list":["post-422","page","type-page","status-publish","has-post-thumbnail","hentry"],"yoast_head":"<!-- This site is optimized with the Yoast SEO plugin v27.5 - https:\/\/yoast.com\/product\/yoast-seo-wordpress\/ -->\n<title>AYACUCHO - Abc-latina<\/title>\n<meta name=\"description\" content=\"Tourisme au P\u00e9rou: Ayacucho.\" \/>\n<meta name=\"robots\" content=\"index, follow, max-snippet:-1, max-image-preview:large, max-video-preview:-1\" \/>\n<link rel=\"canonical\" href=\"https:\/\/abc-latina.com\/perou\/ayacucho\/\" \/>\n<meta property=\"og:locale\" content=\"fr_FR\" \/>\n<meta property=\"og:type\" content=\"article\" \/>\n<meta property=\"og:title\" content=\"AYACUCHO - Abc-latina\" \/>\n<meta property=\"og:description\" content=\"Tourisme au P\u00e9rou: Ayacucho.\" \/>\n<meta property=\"og:url\" content=\"https:\/\/abc-latina.com\/perou\/ayacucho\/\" \/>\n<meta property=\"og:site_name\" content=\"Abc-latina\" \/>\n<meta property=\"article:modified_time\" content=\"2026-04-30T16:25:18+00:00\" \/>\n<meta property=\"og:image\" content=\"https:\/\/abc-latina.com\/wp-content\/uploads\/2010\/06\/ayacucho.jpg\" \/>\n\t<meta property=\"og:image:width\" content=\"250\" \/>\n\t<meta property=\"og:image:height\" content=\"250\" \/>\n\t<meta property=\"og:image:type\" content=\"image\/jpeg\" \/>\n<meta name=\"twitter:card\" content=\"summary_large_image\" \/>\n<meta name=\"twitter:label1\" content=\"Dur\u00e9e de lecture estim\u00e9e\" \/>\n\t<meta name=\"twitter:data1\" content=\"1 minute\" \/>\n<script type=\"application\/ld+json\" class=\"yoast-schema-graph\">{\"@context\":\"https:\\\/\\\/schema.org\",\"@graph\":[{\"@type\":\"WebPage\",\"@id\":\"https:\\\/\\\/abc-latina.com\\\/perou\\\/ayacucho\\\/\",\"url\":\"https:\\\/\\\/abc-latina.com\\\/perou\\\/ayacucho\\\/\",\"name\":\"AYACUCHO - Abc-latina\",\"isPartOf\":{\"@id\":\"https:\\\/\\\/abc-latina.com\\\/#website\"},\"primaryImageOfPage\":{\"@id\":\"https:\\\/\\\/abc-latina.com\\\/perou\\\/ayacucho\\\/#primaryimage\"},\"image\":{\"@id\":\"https:\\\/\\\/abc-latina.com\\\/perou\\\/ayacucho\\\/#primaryimage\"},\"thumbnailUrl\":\"https:\\\/\\\/abc-latina.com\\\/wp-content\\\/uploads\\\/2010\\\/06\\\/ayacucho.jpg\",\"datePublished\":\"2010-06-07T19:36:55+00:00\",\"dateModified\":\"2026-04-30T16:25:18+00:00\",\"description\":\"Tourisme au P\u00e9rou: Ayacucho.\",\"breadcrumb\":{\"@id\":\"https:\\\/\\\/abc-latina.com\\\/perou\\\/ayacucho\\\/#breadcrumb\"},\"inLanguage\":\"fr-FR\",\"potentialAction\":[{\"@type\":\"ReadAction\",\"target\":[\"https:\\\/\\\/abc-latina.com\\\/perou\\\/ayacucho\\\/\"]}]},{\"@type\":\"ImageObject\",\"inLanguage\":\"fr-FR\",\"@id\":\"https:\\\/\\\/abc-latina.com\\\/perou\\\/ayacucho\\\/#primaryimage\",\"url\":\"https:\\\/\\\/abc-latina.com\\\/wp-content\\\/uploads\\\/2010\\\/06\\\/ayacucho.jpg\",\"contentUrl\":\"https:\\\/\\\/abc-latina.com\\\/wp-content\\\/uploads\\\/2010\\\/06\\\/ayacucho.jpg\",\"width\":250,\"height\":250},{\"@type\":\"BreadcrumbList\",\"@id\":\"https:\\\/\\\/abc-latina.com\\\/perou\\\/ayacucho\\\/#breadcrumb\",\"itemListElement\":[{\"@type\":\"ListItem\",\"position\":1,\"name\":\"Accueil\",\"item\":\"https:\\\/\\\/abc-latina.com\\\/\"},{\"@type\":\"ListItem\",\"position\":2,\"name\":\"AYACUCHO\"}]},{\"@type\":\"WebSite\",\"@id\":\"https:\\\/\\\/abc-latina.com\\\/#website\",\"url\":\"https:\\\/\\\/abc-latina.com\\\/\",\"name\":\"Abc-latina\",\"description\":\"\",\"publisher\":{\"@id\":\"https:\\\/\\\/abc-latina.com\\\/#organization\"},\"potentialAction\":[{\"@type\":\"SearchAction\",\"target\":{\"@type\":\"EntryPoint\",\"urlTemplate\":\"https:\\\/\\\/abc-latina.com\\\/?s={search_term_string}\"},\"query-input\":{\"@type\":\"PropertyValueSpecification\",\"valueRequired\":true,\"valueName\":\"search_term_string\"}}],\"inLanguage\":\"fr-FR\"},{\"@type\":\"Organization\",\"@id\":\"https:\\\/\\\/abc-latina.com\\\/#organization\",\"name\":\"Abc-latina\",\"url\":\"https:\\\/\\\/abc-latina.com\\\/\",\"logo\":{\"@type\":\"ImageObject\",\"inLanguage\":\"fr-FR\",\"@id\":\"https:\\\/\\\/abc-latina.com\\\/#\\\/schema\\\/logo\\\/image\\\/\",\"url\":\"https:\\\/\\\/abc-latina.com\\\/wp-content\\\/uploads\\\/2026\\\/05\\\/cropped-logo.gif\",\"contentUrl\":\"https:\\\/\\\/abc-latina.com\\\/wp-content\\\/uploads\\\/2026\\\/05\\\/cropped-logo.gif\",\"width\":89,\"height\":84,\"caption\":\"Abc-latina\"},\"image\":{\"@id\":\"https:\\\/\\\/abc-latina.com\\\/#\\\/schema\\\/logo\\\/image\\\/\"}}]}<\/script>\n<!-- \/ Yoast SEO plugin. -->","yoast_head_json":{"title":"AYACUCHO - Abc-latina","description":"Tourisme au P\u00e9rou: Ayacucho.","robots":{"index":"index","follow":"follow","max-snippet":"max-snippet:-1","max-image-preview":"max-image-preview:large","max-video-preview":"max-video-preview:-1"},"canonical":"https:\/\/abc-latina.com\/perou\/ayacucho\/","og_locale":"fr_FR","og_type":"article","og_title":"AYACUCHO - Abc-latina","og_description":"Tourisme au P\u00e9rou: Ayacucho.","og_url":"https:\/\/abc-latina.com\/perou\/ayacucho\/","og_site_name":"Abc-latina","article_modified_time":"2026-04-30T16:25:18+00:00","og_image":[{"width":250,"height":250,"url":"https:\/\/abc-latina.com\/wp-content\/uploads\/2010\/06\/ayacucho.jpg","type":"image\/jpeg"}],"twitter_card":"summary_large_image","twitter_misc":{"Dur\u00e9e de lecture estim\u00e9e":"1 minute"},"schema":{"@context":"https:\/\/schema.org","@graph":[{"@type":"WebPage","@id":"https:\/\/abc-latina.com\/perou\/ayacucho\/","url":"https:\/\/abc-latina.com\/perou\/ayacucho\/","name":"AYACUCHO - Abc-latina","isPartOf":{"@id":"https:\/\/abc-latina.com\/#website"},"primaryImageOfPage":{"@id":"https:\/\/abc-latina.com\/perou\/ayacucho\/#primaryimage"},"image":{"@id":"https:\/\/abc-latina.com\/perou\/ayacucho\/#primaryimage"},"thumbnailUrl":"https:\/\/abc-latina.com\/wp-content\/uploads\/2010\/06\/ayacucho.jpg","datePublished":"2010-06-07T19:36:55+00:00","dateModified":"2026-04-30T16:25:18+00:00","description":"Tourisme au P\u00e9rou: Ayacucho.","breadcrumb":{"@id":"https:\/\/abc-latina.com\/perou\/ayacucho\/#breadcrumb"},"inLanguage":"fr-FR","potentialAction":[{"@type":"ReadAction","target":["https:\/\/abc-latina.com\/perou\/ayacucho\/"]}]},{"@type":"ImageObject","inLanguage":"fr-FR","@id":"https:\/\/abc-latina.com\/perou\/ayacucho\/#primaryimage","url":"https:\/\/abc-latina.com\/wp-content\/uploads\/2010\/06\/ayacucho.jpg","contentUrl":"https:\/\/abc-latina.com\/wp-content\/uploads\/2010\/06\/ayacucho.jpg","width":250,"height":250},{"@type":"BreadcrumbList","@id":"https:\/\/abc-latina.com\/perou\/ayacucho\/#breadcrumb","itemListElement":[{"@type":"ListItem","position":1,"name":"Accueil","item":"https:\/\/abc-latina.com\/"},{"@type":"ListItem","position":2,"name":"AYACUCHO"}]},{"@type":"WebSite","@id":"https:\/\/abc-latina.com\/#website","url":"https:\/\/abc-latina.com\/","name":"Abc-latina","description":"","publisher":{"@id":"https:\/\/abc-latina.com\/#organization"},"potentialAction":[{"@type":"SearchAction","target":{"@type":"EntryPoint","urlTemplate":"https:\/\/abc-latina.com\/?s={search_term_string}"},"query-input":{"@type":"PropertyValueSpecification","valueRequired":true,"valueName":"search_term_string"}}],"inLanguage":"fr-FR"},{"@type":"Organization","@id":"https:\/\/abc-latina.com\/#organization","name":"Abc-latina","url":"https:\/\/abc-latina.com\/","logo":{"@type":"ImageObject","inLanguage":"fr-FR","@id":"https:\/\/abc-latina.com\/#\/schema\/logo\/image\/","url":"https:\/\/abc-latina.com\/wp-content\/uploads\/2026\/05\/cropped-logo.gif","contentUrl":"https:\/\/abc-latina.com\/wp-content\/uploads\/2026\/05\/cropped-logo.gif","width":89,"height":84,"caption":"Abc-latina"},"image":{"@id":"https:\/\/abc-latina.com\/#\/schema\/logo\/image\/"}}]}},"_links":{"self":[{"href":"https:\/\/abc-latina.com\/wp-json\/wp\/v2\/pages\/422","targetHints":{"allow":["GET"]}}],"collection":[{"href":"https:\/\/abc-latina.com\/wp-json\/wp\/v2\/pages"}],"about":[{"href":"https:\/\/abc-latina.com\/wp-json\/wp\/v2\/types\/page"}],"author":[{"embeddable":true,"href":"https:\/\/abc-latina.com\/wp-json\/wp\/v2\/users\/3"}],"replies":[{"embeddable":true,"href":"https:\/\/abc-latina.com\/wp-json\/wp\/v2\/comments?post=422"}],"version-history":[{"count":1,"href":"https:\/\/abc-latina.com\/wp-json\/wp\/v2\/pages\/422\/revisions"}],"predecessor-version":[{"id":3759,"href":"https:\/\/abc-latina.com\/wp-json\/wp\/v2\/pages\/422\/revisions\/3759"}],"up":[{"embeddable":true,"href":"https:\/\/abc-latina.com\/wp-json\/wp\/v2\/pages\/2118"}],"wp:featuredmedia":[{"embeddable":true,"href":"https:\/\/abc-latina.com\/wp-json\/wp\/v2\/media\/421"}],"wp:attachment":[{"href":"https:\/\/abc-latina.com\/wp-json\/wp\/v2\/media?parent=422"}],"curies":[{"name":"wp","href":"https:\/\/api.w.org\/{rel}","templated":true}]}}