{"id":424,"date":"2010-06-07T21:43:50","date_gmt":"2010-06-07T19:43:50","guid":{"rendered":"http:\/\/abc-latina.com\/cajamarca-htm\/"},"modified":"2026-04-30T18:25:18","modified_gmt":"2026-04-30T16:25:18","slug":"cajamarca","status":"publish","type":"page","link":"https:\/\/abc-latina.com\/perou\/cajamarca\/","title":{"rendered":"CAJAMARCA"},"content":{"rendered":"<div><img loading=\"lazy\" decoding=\"async\" class=\" alignright size-full wp-image-423\" src=\"http:\/\/abc-latina.com\/wp-content\/uploads\/2010\/06\/cajamarca.jpg\" alt=\"\" width=\"250\" vspace=\"9\" hspace=\"15\" height=\"250\" align=\"right\" srcset=\"https:\/\/abc-latina.com\/wp-content\/uploads\/2010\/06\/cajamarca.jpg 283w, https:\/\/abc-latina.com\/wp-content\/uploads\/2010\/06\/cajamarca-150x150.jpg 150w\" sizes=\"auto, (max-width: 250px) 100vw, 250px\" \/>La ville de <span class=\"tourisme-chapitre\">Cajamarca<\/span> r\u00e9unit trois composants qui font d&rsquo;elle une destination inoubliable: une magnifique architecture coloniale, des paysages splendides et une tr\u00e8s riche histoire, car elle fut le cadre d&rsquo;un \u00e9pisode transcendant pour l&rsquo;histoire du continent. Le conquistador Francisco Pizarro y captura l&rsquo;Inca Atahualpa, qui, bien qu&rsquo;il e\u00fbt pay\u00e9 la ran\u00e7on promise, fut assassin\u00e9. D\u00e8s lors, les conquistadors redessin\u00e8rent la ville dans le style espagnol. Aujourd&rsquo;hui encore, sont conserv\u00e9es des constructions coloniales comme la Cath\u00e9drale, les \u00e9glises de San Francisco, de Bel\u00e9n et de la Recoleta, ainsi que des demeures et des monuments.<\/div>\n<div>&nbsp;<\/div>\n<div><span class=\"tourisme-unesco\">Cath\u00e9drale de Cajamarca ou Eglise Matriz Santa Catalina<\/span><\/div>\n<div>La Real C\u00e9dula du 26 d\u00e9cembre 1665 ordonna la fondation d&rsquo;une paroisse pour les Espagnols dans la ville de Cajamarca, et le temple fut construit dans l&rsquo;ancienne Casa de Justicia (ndt : palais de justice) et qui, en 1682, s&rsquo;\u00e9leva vers le rang de cath\u00e9drale. Il s&rsquo;agit d&rsquo;un des \u00e9chantillons du baroque p\u00e9ruvien les plus repr\u00e9sentatifs. La cath\u00e9drale poss\u00e8de une fa\u00e7ade qui combine harmonieusement colonnes, corniches et niches finement sculpt\u00e9es. Sous ses trois nefs, on remarque l&rsquo;autel principal, la chaire, tous deux sculpt\u00e9s dans le bois, et recouverts de feuilles d&rsquo;or.<\/div>\n<div>&nbsp;<\/div>\n<div><span class=\"tourisme-unesco\">L&rsquo;Eglise San Francisco<\/span><\/div>\n<div>Elle fut construite en 1699 avec des pierres sculpt\u00e9es de la demeure &quot;Casa de la Sierpe&quot;, propri\u00e9t\u00e9 du cacique de Cajamarca, don Calixto Astopilco, et avec des pierres de la colline Santa Apolonia. On d\u00e9couvrit, en 1952, sous l&rsquo;autel principal de l&rsquo;\u00e9glise, des catacombes o\u00f9 gisaient les d\u00e9pouilles des nombreux membres de l&rsquo;ordre franciscain, et celles de la noblesse indig\u00e8ne.<\/div>\n<div>Avec l&rsquo;\u00e9glise, on peut aussi visiter le couvent, et le Mus\u00e9e d&rsquo;Arte Religioso et le Sanctuaire de la Virgen Dolorosa, patronne de la ville. L&rsquo;image de la vierge se trouve dans la Chapelle du Sagrario (1685), adjacente \u00e0 l&rsquo;\u00e9glise de San Francisco, o\u00f9 l&rsquo;on peut admirer les sculptures baroques, les sculptures de pierre en haut relief repr\u00e9sentant des sc\u00e8nes de la vie de J\u00e9sus, et les stalles du ch\u0153ur, elles aussi sculpt\u00e9es en bois.<\/div>\n<div>&nbsp;<\/div>\n<div><span class=\"tourisme-unesco\">L&rsquo;Ensemble Monumental Bel\u00e9n<\/span><\/div>\n<div>Ensemble architectonique du XVIII\u00e8me si\u00e8cle, qui comprend l&rsquo;\u00e9glise, l&rsquo;ex Hospital de Varones (Mus\u00e9e M\u00e9dical) et l&rsquo;ex Hospital de Mujeres (Mus\u00e9e Arch\u00e9ologique et Ethnographique), anciennement appel\u00e9 &ldquo;Hospital de Nuestra Se\u00f1ora de la Piedad&rdquo;. Le temple, de style baroque, se caract\u00e9rise par sa fa\u00e7ade soigneusement sculpt\u00e9e dans la pierre, ses tours inachev\u00e9es, ses arcades et ses contreforts lat\u00e9raux.<\/div>\n<div>&nbsp;<\/div>\n<div><span class=\"tourisme-unesco\">L&rsquo;Ensemble Monumental La Recoleta<\/span><\/div>\n<div>Cet ensemble comprend une \u00e9glise et un couvent, deux constructions de la seconde moiti\u00e9 du XVII\u00e8me si\u00e8cle. La fa\u00e7ade du temple a la forme d&rsquo;un retable plateresque n\u00e9oclassique, avec d&rsquo;\u00e9l\u00e9gants clochers-murs en guise de tours. L&rsquo;int\u00e9rieur, form\u00e9 par une seule nef, arbore une belle coupole, un ch\u0153ur \u00e9lev\u00e9 et trois simples autels.<\/div>\n<div>&nbsp;<\/div>\n<div><span class=\"tourisme-unesco\">Le Mirador Naturel de Santa Apolonia<\/span><\/div>\n<div>Situ\u00e9 sur les hauteurs de la ville, la colline Santa Apolonia, anciennement appel\u00e9e en quechua Rumi Tiana (si\u00e8ge de pierre), est un endroit id\u00e9al pour contempler la ville et la vall\u00e9e de Cajamarca. \u00c0 proximit\u00e9 se trouvent quelques vestiges de constructions pr\u00e9hispaniques, comme la &quot;Silla del Inca&quot; (Ndt : Le tr\u00f4ne de l&rsquo;Inca), form\u00e9 d&rsquo;un bloc de pierre qui d\u00e9passe de la m\u00eame colline, et soigneusement taill\u00e9 pour lui donner sa forme actuelle. On remarque aussi, entre les escaliers et les jardins, une chapelle d\u00e9di\u00e9e \u00e0 la Vierge de Fatima.<\/div>\n<div>&nbsp;<\/div>\n<div><span class=\"tourisme-unesco\">Cuarto del Rescate<\/span><\/div>\n<div>C&rsquo;est l&rsquo;unique vestige d&rsquo;architecture inca de la ville. Il fut construit en pierre, avec les murs l\u00e9g\u00e8rement inclin\u00e9s pour leur donner la forme trap\u00e9zo\u00efdale caract\u00e9ristique des constructions incas. L&rsquo;Inca Atahualpa, qui fut prisonnier dans cette pi\u00e8ce, proposa \u00e0 Francisco Pizarro de remplir la pi\u00e8ce deux fois d&rsquo;argent, et une fois d&rsquo;or, en \u00e9change de sa libert\u00e9.<\/div>\n<div>&nbsp;<\/div>\n<div><span class=\"tourisme-unesco\">Les environs de Cajamarca<\/span><\/div>\n<div>De nombreuses excursions sont \u00e0 r\u00e9aliser: aux Ba\u00f1os del Inca, avec ses eaux thermo-m\u00e9dicinales et o\u00f9 l&rsquo;Inca se rendait souvent apr\u00e8s de longs voyages ; Les Ventanillas de Otuzco, la n\u00e9cropole taill\u00e9e dans une paroi de roche volcanique; Cumbemayo, un joyau de l&rsquo;ing\u00e9nierie hydraulique pr\u00e9 inca, situ\u00e9e au milieu d&rsquo;un remarquable d\u00e9cor naturel, et toujours en service ; L&rsquo;ancienne hacienda La Colpa, o\u00f9 les vaches se rendent \u00e0 leur traite lorsqu&rsquo;on les appelle par leur nom ; Puis Kuntur Wasi, centre c\u00e9r\u00e9monial qui date de l&rsquo;an 1100 av. J.C. et o\u00f9 l&rsquo;on peut voir, dans son propre mus\u00e9e, de nombreux objets sculpt\u00e9s en or, les plus anciens d&rsquo;Am\u00e9rique ; Enfin, la Granja Porc\u00f3n, une coop\u00e9rative agricole et d&rsquo;\u00e9levage, entour\u00e9e d&rsquo;une for\u00eat gigantesque de pins, un site id\u00e9al pour passer un jour \u00e0 la campagne, pour visiter son petit zoo avec des vigognes, des cerfs, des ocelots, des singes et des aigles, pour acheter vos produits laitiers ou, tout simplement, pour profiter du paysage.&nbsp;<\/div>\n<div>&nbsp;<\/div>\n<div>&copy; Source PromPeru<\/div>\n<h3>Pr\u00e9parez votre voyage \u00e0 Cajamarca:<\/h3>\n<div><a href=\"https:\/\/www.abc-latina.com\/perou\/agence_de_voyages\">Agences de voyage g\u00e9n\u00e9ralistes et discounteurs<\/a><\/div>\n<div><a href=\"https:\/\/www.abc-latina.com\/perou\/tour_operateur\">Tours Op\u00e9rateurs sp\u00e9cialistes du P\u00e9rou<\/a><\/div>\n<div><a href=\"https:\/\/www.abc-latina.com\/to\/reservation_billet_avion\" target=\"_blank\">R\u00e9servez votre billet d&rsquo;avion<\/a><\/div>\n<div><a href=\"https:\/\/www.abc-latina.com\/perou\/hotels\">R\u00e9servez votre h\u00f4tel \u00e0 Cajamarca<\/a>&nbsp;<\/div>\n<div><a href=\"https:\/\/www.abc-latina.com\/to\/location_de_voiture_perou\" target=\"_blank\">Location de voiture<\/a><\/div>\n","protected":false},"excerpt":{"rendered":"<p>La ville de Cajamarca r\u00e9unit trois composants qui font d&rsquo;elle une destination inoubliable: une magnifique architecture coloniale, des paysages splendides [&hellip;]<\/p>\n","protected":false},"author":3,"featured_media":423,"parent":2118,"menu_order":0,"comment_status":"closed","ping_status":"closed","template":"","meta":{"site-sidebar-layout":"default","site-content-layout":"","ast-site-content-layout":"default","site-content-style":"default","site-sidebar-style":"default","ast-global-header-display":"","ast-banner-title-visibility":"","ast-main-header-display":"","ast-hfb-above-header-display":"","ast-hfb-below-header-display":"","ast-hfb-mobile-header-display":"","site-post-title":"","ast-breadcrumbs-content":"","ast-featured-img":"","footer-sml-layout":"","ast-disable-related-posts":"","theme-transparent-header-meta":"","adv-header-id-meta":"","stick-header-meta":"","header-above-stick-meta":"","header-main-stick-meta":"","header-below-stick-meta":"","astra-migrate-meta-layouts":"default","ast-page-background-enabled":"default","ast-page-background-meta":{"desktop":{"background-color":"var(--ast-global-color-5)","background-image":"","background-repeat":"repeat","background-position":"center center","background-size":"auto","background-attachment":"scroll","background-type":"","background-media":"","overlay-type":"","overlay-color":"","overlay-opacity":"","overlay-gradient":""},"tablet":{"background-color":"","background-image":"","background-repeat":"repeat","background-position":"center center","background-size":"auto","background-attachment":"scroll","background-type":"","background-media":"","overlay-type":"","overlay-color":"","overlay-opacity":"","overlay-gradient":""},"mobile":{"background-color":"","background-image":"","background-repeat":"repeat","background-position":"center center","background-size":"auto","background-attachment":"scroll","background-type":"","background-media":"","overlay-type":"","overlay-color":"","overlay-opacity":"","overlay-gradient":""}},"ast-content-background-meta":{"desktop":{"background-color":"var(--ast-global-color-4)","background-image":"","background-repeat":"repeat","background-position":"center center","background-size":"auto","background-attachment":"scroll","background-type":"","background-media":"","overlay-type":"","overlay-color":"","overlay-opacity":"","overlay-gradient":""},"tablet":{"background-color":"var(--ast-global-color-4)","background-image":"","background-repeat":"repeat","background-position":"center center","background-size":"auto","background-attachment":"scroll","background-type":"","background-media":"","overlay-type":"","overlay-color":"","overlay-opacity":"","overlay-gradient":""},"mobile":{"background-color":"var(--ast-global-color-4)","background-image":"","background-repeat":"repeat","background-position":"center center","background-size":"auto","background-attachment":"scroll","background-type":"","background-media":"","overlay-type":"","overlay-color":"","overlay-opacity":"","overlay-gradient":""}},"footnotes":""},"class_list":["post-424","page","type-page","status-publish","has-post-thumbnail","hentry"],"yoast_head":"<!-- This site is optimized with the Yoast SEO plugin v27.5 - https:\/\/yoast.com\/product\/yoast-seo-wordpress\/ -->\n<title>CAJAMARCA - Abc-latina<\/title>\n<meta name=\"description\" content=\"Tourisme au P\u00e9rou: Cajamarca.\" \/>\n<meta name=\"robots\" content=\"index, follow, max-snippet:-1, max-image-preview:large, max-video-preview:-1\" \/>\n<link rel=\"canonical\" href=\"https:\/\/abc-latina.com\/perou\/cajamarca\/\" \/>\n<meta property=\"og:locale\" content=\"fr_FR\" \/>\n<meta property=\"og:type\" content=\"article\" \/>\n<meta property=\"og:title\" content=\"CAJAMARCA - Abc-latina\" \/>\n<meta property=\"og:description\" content=\"Tourisme au P\u00e9rou: Cajamarca.\" \/>\n<meta property=\"og:url\" content=\"https:\/\/abc-latina.com\/perou\/cajamarca\/\" \/>\n<meta property=\"og:site_name\" content=\"Abc-latina\" \/>\n<meta property=\"article:modified_time\" content=\"2026-04-30T16:25:18+00:00\" \/>\n<meta property=\"og:image\" content=\"https:\/\/abc-latina.com\/wp-content\/uploads\/2010\/06\/cajamarca.jpg\" \/>\n\t<meta property=\"og:image:width\" content=\"283\" \/>\n\t<meta property=\"og:image:height\" content=\"283\" \/>\n\t<meta property=\"og:image:type\" content=\"image\/jpeg\" \/>\n<meta name=\"twitter:card\" content=\"summary_large_image\" \/>\n<meta name=\"twitter:label1\" content=\"Dur\u00e9e de lecture estim\u00e9e\" \/>\n\t<meta name=\"twitter:data1\" content=\"5 minutes\" \/>\n<script type=\"application\/ld+json\" class=\"yoast-schema-graph\">{\"@context\":\"https:\\\/\\\/schema.org\",\"@graph\":[{\"@type\":\"WebPage\",\"@id\":\"https:\\\/\\\/abc-latina.com\\\/perou\\\/cajamarca\\\/\",\"url\":\"https:\\\/\\\/abc-latina.com\\\/perou\\\/cajamarca\\\/\",\"name\":\"CAJAMARCA - Abc-latina\",\"isPartOf\":{\"@id\":\"https:\\\/\\\/abc-latina.com\\\/#website\"},\"primaryImageOfPage\":{\"@id\":\"https:\\\/\\\/abc-latina.com\\\/perou\\\/cajamarca\\\/#primaryimage\"},\"image\":{\"@id\":\"https:\\\/\\\/abc-latina.com\\\/perou\\\/cajamarca\\\/#primaryimage\"},\"thumbnailUrl\":\"https:\\\/\\\/abc-latina.com\\\/wp-content\\\/uploads\\\/2010\\\/06\\\/cajamarca.jpg\",\"datePublished\":\"2010-06-07T19:43:50+00:00\",\"dateModified\":\"2026-04-30T16:25:18+00:00\",\"description\":\"Tourisme au P\u00e9rou: Cajamarca.\",\"breadcrumb\":{\"@id\":\"https:\\\/\\\/abc-latina.com\\\/perou\\\/cajamarca\\\/#breadcrumb\"},\"inLanguage\":\"fr-FR\",\"potentialAction\":[{\"@type\":\"ReadAction\",\"target\":[\"https:\\\/\\\/abc-latina.com\\\/perou\\\/cajamarca\\\/\"]}]},{\"@type\":\"ImageObject\",\"inLanguage\":\"fr-FR\",\"@id\":\"https:\\\/\\\/abc-latina.com\\\/perou\\\/cajamarca\\\/#primaryimage\",\"url\":\"https:\\\/\\\/abc-latina.com\\\/wp-content\\\/uploads\\\/2010\\\/06\\\/cajamarca.jpg\",\"contentUrl\":\"https:\\\/\\\/abc-latina.com\\\/wp-content\\\/uploads\\\/2010\\\/06\\\/cajamarca.jpg\",\"width\":283,\"height\":283},{\"@type\":\"BreadcrumbList\",\"@id\":\"https:\\\/\\\/abc-latina.com\\\/perou\\\/cajamarca\\\/#breadcrumb\",\"itemListElement\":[{\"@type\":\"ListItem\",\"position\":1,\"name\":\"Accueil\",\"item\":\"https:\\\/\\\/abc-latina.com\\\/\"},{\"@type\":\"ListItem\",\"position\":2,\"name\":\"CAJAMARCA\"}]},{\"@type\":\"WebSite\",\"@id\":\"https:\\\/\\\/abc-latina.com\\\/#website\",\"url\":\"https:\\\/\\\/abc-latina.com\\\/\",\"name\":\"Abc-latina\",\"description\":\"\",\"publisher\":{\"@id\":\"https:\\\/\\\/abc-latina.com\\\/#organization\"},\"potentialAction\":[{\"@type\":\"SearchAction\",\"target\":{\"@type\":\"EntryPoint\",\"urlTemplate\":\"https:\\\/\\\/abc-latina.com\\\/?s={search_term_string}\"},\"query-input\":{\"@type\":\"PropertyValueSpecification\",\"valueRequired\":true,\"valueName\":\"search_term_string\"}}],\"inLanguage\":\"fr-FR\"},{\"@type\":\"Organization\",\"@id\":\"https:\\\/\\\/abc-latina.com\\\/#organization\",\"name\":\"Abc-latina\",\"url\":\"https:\\\/\\\/abc-latina.com\\\/\",\"logo\":{\"@type\":\"ImageObject\",\"inLanguage\":\"fr-FR\",\"@id\":\"https:\\\/\\\/abc-latina.com\\\/#\\\/schema\\\/logo\\\/image\\\/\",\"url\":\"https:\\\/\\\/abc-latina.com\\\/wp-content\\\/uploads\\\/2026\\\/05\\\/cropped-logo.gif\",\"contentUrl\":\"https:\\\/\\\/abc-latina.com\\\/wp-content\\\/uploads\\\/2026\\\/05\\\/cropped-logo.gif\",\"width\":89,\"height\":84,\"caption\":\"Abc-latina\"},\"image\":{\"@id\":\"https:\\\/\\\/abc-latina.com\\\/#\\\/schema\\\/logo\\\/image\\\/\"}}]}<\/script>\n<!-- \/ Yoast SEO plugin. -->","yoast_head_json":{"title":"CAJAMARCA - Abc-latina","description":"Tourisme au P\u00e9rou: Cajamarca.","robots":{"index":"index","follow":"follow","max-snippet":"max-snippet:-1","max-image-preview":"max-image-preview:large","max-video-preview":"max-video-preview:-1"},"canonical":"https:\/\/abc-latina.com\/perou\/cajamarca\/","og_locale":"fr_FR","og_type":"article","og_title":"CAJAMARCA - Abc-latina","og_description":"Tourisme au P\u00e9rou: Cajamarca.","og_url":"https:\/\/abc-latina.com\/perou\/cajamarca\/","og_site_name":"Abc-latina","article_modified_time":"2026-04-30T16:25:18+00:00","og_image":[{"width":283,"height":283,"url":"https:\/\/abc-latina.com\/wp-content\/uploads\/2010\/06\/cajamarca.jpg","type":"image\/jpeg"}],"twitter_card":"summary_large_image","twitter_misc":{"Dur\u00e9e de lecture estim\u00e9e":"5 minutes"},"schema":{"@context":"https:\/\/schema.org","@graph":[{"@type":"WebPage","@id":"https:\/\/abc-latina.com\/perou\/cajamarca\/","url":"https:\/\/abc-latina.com\/perou\/cajamarca\/","name":"CAJAMARCA - Abc-latina","isPartOf":{"@id":"https:\/\/abc-latina.com\/#website"},"primaryImageOfPage":{"@id":"https:\/\/abc-latina.com\/perou\/cajamarca\/#primaryimage"},"image":{"@id":"https:\/\/abc-latina.com\/perou\/cajamarca\/#primaryimage"},"thumbnailUrl":"https:\/\/abc-latina.com\/wp-content\/uploads\/2010\/06\/cajamarca.jpg","datePublished":"2010-06-07T19:43:50+00:00","dateModified":"2026-04-30T16:25:18+00:00","description":"Tourisme au P\u00e9rou: Cajamarca.","breadcrumb":{"@id":"https:\/\/abc-latina.com\/perou\/cajamarca\/#breadcrumb"},"inLanguage":"fr-FR","potentialAction":[{"@type":"ReadAction","target":["https:\/\/abc-latina.com\/perou\/cajamarca\/"]}]},{"@type":"ImageObject","inLanguage":"fr-FR","@id":"https:\/\/abc-latina.com\/perou\/cajamarca\/#primaryimage","url":"https:\/\/abc-latina.com\/wp-content\/uploads\/2010\/06\/cajamarca.jpg","contentUrl":"https:\/\/abc-latina.com\/wp-content\/uploads\/2010\/06\/cajamarca.jpg","width":283,"height":283},{"@type":"BreadcrumbList","@id":"https:\/\/abc-latina.com\/perou\/cajamarca\/#breadcrumb","itemListElement":[{"@type":"ListItem","position":1,"name":"Accueil","item":"https:\/\/abc-latina.com\/"},{"@type":"ListItem","position":2,"name":"CAJAMARCA"}]},{"@type":"WebSite","@id":"https:\/\/abc-latina.com\/#website","url":"https:\/\/abc-latina.com\/","name":"Abc-latina","description":"","publisher":{"@id":"https:\/\/abc-latina.com\/#organization"},"potentialAction":[{"@type":"SearchAction","target":{"@type":"EntryPoint","urlTemplate":"https:\/\/abc-latina.com\/?s={search_term_string}"},"query-input":{"@type":"PropertyValueSpecification","valueRequired":true,"valueName":"search_term_string"}}],"inLanguage":"fr-FR"},{"@type":"Organization","@id":"https:\/\/abc-latina.com\/#organization","name":"Abc-latina","url":"https:\/\/abc-latina.com\/","logo":{"@type":"ImageObject","inLanguage":"fr-FR","@id":"https:\/\/abc-latina.com\/#\/schema\/logo\/image\/","url":"https:\/\/abc-latina.com\/wp-content\/uploads\/2026\/05\/cropped-logo.gif","contentUrl":"https:\/\/abc-latina.com\/wp-content\/uploads\/2026\/05\/cropped-logo.gif","width":89,"height":84,"caption":"Abc-latina"},"image":{"@id":"https:\/\/abc-latina.com\/#\/schema\/logo\/image\/"}}]}},"_links":{"self":[{"href":"https:\/\/abc-latina.com\/wp-json\/wp\/v2\/pages\/424","targetHints":{"allow":["GET"]}}],"collection":[{"href":"https:\/\/abc-latina.com\/wp-json\/wp\/v2\/pages"}],"about":[{"href":"https:\/\/abc-latina.com\/wp-json\/wp\/v2\/types\/page"}],"author":[{"embeddable":true,"href":"https:\/\/abc-latina.com\/wp-json\/wp\/v2\/users\/3"}],"replies":[{"embeddable":true,"href":"https:\/\/abc-latina.com\/wp-json\/wp\/v2\/comments?post=424"}],"version-history":[{"count":1,"href":"https:\/\/abc-latina.com\/wp-json\/wp\/v2\/pages\/424\/revisions"}],"predecessor-version":[{"id":3761,"href":"https:\/\/abc-latina.com\/wp-json\/wp\/v2\/pages\/424\/revisions\/3761"}],"up":[{"embeddable":true,"href":"https:\/\/abc-latina.com\/wp-json\/wp\/v2\/pages\/2118"}],"wp:featuredmedia":[{"embeddable":true,"href":"https:\/\/abc-latina.com\/wp-json\/wp\/v2\/media\/423"}],"wp:attachment":[{"href":"https:\/\/abc-latina.com\/wp-json\/wp\/v2\/media?parent=424"}],"curies":[{"name":"wp","href":"https:\/\/api.w.org\/{rel}","templated":true}]}}