{"id":426,"date":"2010-06-07T21:47:19","date_gmt":"2010-06-07T19:47:19","guid":{"rendered":"http:\/\/abc-latina.com\/chanchan-htm\/"},"modified":"2026-04-30T18:25:18","modified_gmt":"2026-04-30T16:25:18","slug":"chanchan","status":"publish","type":"page","link":"https:\/\/abc-latina.com\/perou\/chanchan\/","title":{"rendered":"CHAN CHAN"},"content":{"rendered":"<p><span class=\"tourisme-chapitre\">Chan-Ch\u00e1n, la ville d&rsquo;argile la plus grande du monde<\/span><\/p>\n<div>\n<div>&nbsp;<\/div>\n<div><img loading=\"lazy\" decoding=\"async\" class=\" alignright size-full wp-image-425\" src=\"http:\/\/abc-latina.com\/wp-content\/uploads\/2010\/06\/chan-chan.jpg\" alt=\"\" width=\"250\" vspace=\"9\" hspace=\"15\" height=\"250\" align=\"right\" srcset=\"https:\/\/abc-latina.com\/wp-content\/uploads\/2010\/06\/chan-chan.jpg 250w, https:\/\/abc-latina.com\/wp-content\/uploads\/2010\/06\/chan-chan-150x150.jpg 150w\" sizes=\"auto, (max-width: 250px) 100vw, 250px\" \/>Les habitants de l&rsquo;ancien domaine Chim\u00fa (VIII &#8211; XV apr\u00e8s J.C.) ont fond\u00e9 leur capitale au bord de la rivi\u00e8re Moche, dans le <a href=\"https:\/\/www.abc-latina.com\/perou\/regions\/la_libertad\">d\u00e9partement de La Libertad<\/a>. La capitale a \u00e9t\u00e9 appel\u00e9e Jang-Jang, ce qui signifie &laquo; soleil-soleil &raquo; en langue moche. Chan-Ch\u00e1n comprend presque 20 km2 de superficie et c&rsquo;est la ville d&rsquo;argile la plus grande de l&rsquo; Am\u00e9rique pr\u00e9hispanique. Pour sa construction les chim\u00fa ont utilis\u00e9 de l&rsquo;argile, des galets, de la boue, du bois, des roseaux, de la paille et du chaume. Avec ces mat\u00e9riaux la ville s&rsquo;int\u00e8gre au paysage de sable de la c\u00f4te comme une prolongation naturelle.<\/div>\n<div>&nbsp;<\/div>\n<div>La ville est compos\u00e9e de citadelles qui ont un seul acc\u00e8s qui donne sur un chemin qui m\u00e8ne \u00e0 d&rsquo;autres voies, avec des parois et de belles constructions d&rsquo;un style architectonique rectangulaire: des cours int\u00e9rieures, r\u00e9sidences, emplacements administratifs, temples, plateformes et d\u00e9p\u00f4ts. Les parois ont \u00e9t\u00e9 d\u00e9cor\u00e9es avec des frises model\u00e9es en haut-relief avec des figures g\u00e9om\u00e9triques et zoomorphes.&nbsp;<\/div>\n<div>&nbsp;<\/div>\n<div>La plateforme de la s\u00e9pulture du souverain, construite en forme de T a \u00e9t\u00e9 la construction la plus importante. La citadelle \u00e9tait entour\u00e9e par des quartiers p\u00e9riph\u00e9riques dans lesquels vivaient les producteurs et les serviteurs du royaume. Les noms actuels des citadelles correspondent aux noms des arch\u00e9ologues qui les ont \u00e9tudi\u00e9 (Rivero, Tschudi, Bandelier, Uhle, Tello). Ainsi, la citadelle Rivero correspond au si\u00e8ge de Minchancam\u00e1n, dernier souverain chim\u00fa lequel -selon les chroniqueurs- fut captur\u00e9 et envoy\u00e9 au <a href=\"https:\/\/www.abc-latina.com\/perou\/cuzco\">Cusco<\/a> par les <a target=\"_blank\" href=\"https:\/\/www.abc-latina.com\/civilisations\/Inca\">incas<\/a>.<\/div>\n<div>&nbsp;<\/div>\n<div>La ville a \u00e9t\u00e9 le noyau urbain d&rsquo;un grand \u00e9tat r\u00e9gional qui comprenait la moiti\u00e9 de la c\u00f4te p\u00e9ruvienne: de <a href=\"https:\/\/www.abc-latina.com\/perou\/tourisme\/tumbes\">Tumbes<\/a> au nord jusqu&rsquo;\u00e0 <a href=\"https:\/\/www.abc-latina.com\/perou\/lima\">Lima<\/a>, tous les chemins y avaient leur point de d\u00e9part.<\/div>\n<div>&nbsp;<\/div>\n<div>&copy; Source PromPeru<\/div>\n<h3>Pr\u00e9parez votre voyage \u00e0 Chanchan:<\/h3>\n<div><a href=\"https:\/\/www.abc-latina.com\/perou\/agence_de_voyages\">Agences de voyage g\u00e9n\u00e9ralistes et discounteurs<\/a><\/div>\n<div><a href=\"https:\/\/www.abc-latina.com\/perou\/tour_operateur\">Tours Op\u00e9rateurs sp\u00e9cialistes du P\u00e9rou<\/a><\/div>\n<div><a href=\"https:\/\/www.abc-latina.com\/to\/reservation_billet_avion\" target=\"_blank\">R\u00e9servez votre billet d&rsquo;avion<\/a><\/div>\n<div><a href=\"https:\/\/www.abc-latina.com\/perou\/hotels\">R\u00e9servez votre h\u00f4tel \u00e0 Trujillo<\/a>&nbsp;<\/div>\n<div><a href=\"https:\/\/www.abc-latina.com\/to\/location_de_voiture_perou\" target=\"_blank\">Location de voiture<\/a><\/div>\n<\/div>\n","protected":false},"excerpt":{"rendered":"<p>Chan-Ch\u00e1n, la ville d&rsquo;argile la plus grande du monde &nbsp; Les habitants de l&rsquo;ancien domaine Chim\u00fa (VIII &#8211; XV apr\u00e8s [&hellip;]<\/p>\n","protected":false},"author":3,"featured_media":425,"parent":2118,"menu_order":0,"comment_status":"closed","ping_status":"closed","template":"","meta":{"site-sidebar-layout":"default","site-content-layout":"","ast-site-content-layout":"default","site-content-style":"default","site-sidebar-style":"default","ast-global-header-display":"","ast-banner-title-visibility":"","ast-main-header-display":"","ast-hfb-above-header-display":"","ast-hfb-below-header-display":"","ast-hfb-mobile-header-display":"","site-post-title":"","ast-breadcrumbs-content":"","ast-featured-img":"","footer-sml-layout":"","ast-disable-related-posts":"","theme-transparent-header-meta":"","adv-header-id-meta":"","stick-header-meta":"","header-above-stick-meta":"","header-main-stick-meta":"","header-below-stick-meta":"","astra-migrate-meta-layouts":"default","ast-page-background-enabled":"default","ast-page-background-meta":{"desktop":{"background-color":"var(--ast-global-color-5)","background-image":"","background-repeat":"repeat","background-position":"center center","background-size":"auto","background-attachment":"scroll","background-type":"","background-media":"","overlay-type":"","overlay-color":"","overlay-opacity":"","overlay-gradient":""},"tablet":{"background-color":"","background-image":"","background-repeat":"repeat","background-position":"center center","background-size":"auto","background-attachment":"scroll","background-type":"","background-media":"","overlay-type":"","overlay-color":"","overlay-opacity":"","overlay-gradient":""},"mobile":{"background-color":"","background-image":"","background-repeat":"repeat","background-position":"center center","background-size":"auto","background-attachment":"scroll","background-type":"","background-media":"","overlay-type":"","overlay-color":"","overlay-opacity":"","overlay-gradient":""}},"ast-content-background-meta":{"desktop":{"background-color":"var(--ast-global-color-4)","background-image":"","background-repeat":"repeat","background-position":"center center","background-size":"auto","background-attachment":"scroll","background-type":"","background-media":"","overlay-type":"","overlay-color":"","overlay-opacity":"","overlay-gradient":""},"tablet":{"background-color":"var(--ast-global-color-4)","background-image":"","background-repeat":"repeat","background-position":"center center","background-size":"auto","background-attachment":"scroll","background-type":"","background-media":"","overlay-type":"","overlay-color":"","overlay-opacity":"","overlay-gradient":""},"mobile":{"background-color":"var(--ast-global-color-4)","background-image":"","background-repeat":"repeat","background-position":"center center","background-size":"auto","background-attachment":"scroll","background-type":"","background-media":"","overlay-type":"","overlay-color":"","overlay-opacity":"","overlay-gradient":""}},"footnotes":""},"class_list":["post-426","page","type-page","status-publish","has-post-thumbnail","hentry"],"yoast_head":"<!-- This site is optimized with the Yoast SEO plugin v27.5 - https:\/\/yoast.com\/product\/yoast-seo-wordpress\/ -->\n<title>CHAN CHAN - Abc-latina<\/title>\n<meta name=\"description\" content=\"Tourisme: Chan chan sur la c\u00f4te nord du P\u00e9rou.\" \/>\n<meta name=\"robots\" content=\"index, follow, max-snippet:-1, max-image-preview:large, max-video-preview:-1\" \/>\n<link rel=\"canonical\" href=\"https:\/\/abc-latina.com\/perou\/chanchan\/\" \/>\n<meta property=\"og:locale\" content=\"fr_FR\" \/>\n<meta property=\"og:type\" content=\"article\" \/>\n<meta property=\"og:title\" content=\"CHAN CHAN - Abc-latina\" \/>\n<meta property=\"og:description\" content=\"Tourisme: Chan chan sur la c\u00f4te nord du P\u00e9rou.\" \/>\n<meta property=\"og:url\" content=\"https:\/\/abc-latina.com\/perou\/chanchan\/\" \/>\n<meta property=\"og:site_name\" content=\"Abc-latina\" \/>\n<meta property=\"article:modified_time\" content=\"2026-04-30T16:25:18+00:00\" \/>\n<meta property=\"og:image\" content=\"https:\/\/abc-latina.com\/wp-content\/uploads\/2010\/06\/chan-chan.jpg\" \/>\n\t<meta property=\"og:image:width\" content=\"250\" \/>\n\t<meta property=\"og:image:height\" content=\"250\" \/>\n\t<meta property=\"og:image:type\" content=\"image\/jpeg\" \/>\n<meta name=\"twitter:card\" content=\"summary_large_image\" \/>\n<meta name=\"twitter:label1\" content=\"Dur\u00e9e de lecture estim\u00e9e\" \/>\n\t<meta name=\"twitter:data1\" content=\"2 minutes\" \/>\n<script type=\"application\/ld+json\" class=\"yoast-schema-graph\">{\"@context\":\"https:\\\/\\\/schema.org\",\"@graph\":[{\"@type\":\"WebPage\",\"@id\":\"https:\\\/\\\/abc-latina.com\\\/perou\\\/chanchan\\\/\",\"url\":\"https:\\\/\\\/abc-latina.com\\\/perou\\\/chanchan\\\/\",\"name\":\"CHAN CHAN - Abc-latina\",\"isPartOf\":{\"@id\":\"https:\\\/\\\/abc-latina.com\\\/#website\"},\"primaryImageOfPage\":{\"@id\":\"https:\\\/\\\/abc-latina.com\\\/perou\\\/chanchan\\\/#primaryimage\"},\"image\":{\"@id\":\"https:\\\/\\\/abc-latina.com\\\/perou\\\/chanchan\\\/#primaryimage\"},\"thumbnailUrl\":\"https:\\\/\\\/abc-latina.com\\\/wp-content\\\/uploads\\\/2010\\\/06\\\/chan-chan.jpg\",\"datePublished\":\"2010-06-07T19:47:19+00:00\",\"dateModified\":\"2026-04-30T16:25:18+00:00\",\"description\":\"Tourisme: Chan chan sur la c\u00f4te nord du P\u00e9rou.\",\"breadcrumb\":{\"@id\":\"https:\\\/\\\/abc-latina.com\\\/perou\\\/chanchan\\\/#breadcrumb\"},\"inLanguage\":\"fr-FR\",\"potentialAction\":[{\"@type\":\"ReadAction\",\"target\":[\"https:\\\/\\\/abc-latina.com\\\/perou\\\/chanchan\\\/\"]}]},{\"@type\":\"ImageObject\",\"inLanguage\":\"fr-FR\",\"@id\":\"https:\\\/\\\/abc-latina.com\\\/perou\\\/chanchan\\\/#primaryimage\",\"url\":\"https:\\\/\\\/abc-latina.com\\\/wp-content\\\/uploads\\\/2010\\\/06\\\/chan-chan.jpg\",\"contentUrl\":\"https:\\\/\\\/abc-latina.com\\\/wp-content\\\/uploads\\\/2010\\\/06\\\/chan-chan.jpg\",\"width\":250,\"height\":250},{\"@type\":\"BreadcrumbList\",\"@id\":\"https:\\\/\\\/abc-latina.com\\\/perou\\\/chanchan\\\/#breadcrumb\",\"itemListElement\":[{\"@type\":\"ListItem\",\"position\":1,\"name\":\"Accueil\",\"item\":\"https:\\\/\\\/abc-latina.com\\\/\"},{\"@type\":\"ListItem\",\"position\":2,\"name\":\"CHAN CHAN\"}]},{\"@type\":\"WebSite\",\"@id\":\"https:\\\/\\\/abc-latina.com\\\/#website\",\"url\":\"https:\\\/\\\/abc-latina.com\\\/\",\"name\":\"Abc-latina\",\"description\":\"\",\"publisher\":{\"@id\":\"https:\\\/\\\/abc-latina.com\\\/#organization\"},\"potentialAction\":[{\"@type\":\"SearchAction\",\"target\":{\"@type\":\"EntryPoint\",\"urlTemplate\":\"https:\\\/\\\/abc-latina.com\\\/?s={search_term_string}\"},\"query-input\":{\"@type\":\"PropertyValueSpecification\",\"valueRequired\":true,\"valueName\":\"search_term_string\"}}],\"inLanguage\":\"fr-FR\"},{\"@type\":\"Organization\",\"@id\":\"https:\\\/\\\/abc-latina.com\\\/#organization\",\"name\":\"Abc-latina\",\"url\":\"https:\\\/\\\/abc-latina.com\\\/\",\"logo\":{\"@type\":\"ImageObject\",\"inLanguage\":\"fr-FR\",\"@id\":\"https:\\\/\\\/abc-latina.com\\\/#\\\/schema\\\/logo\\\/image\\\/\",\"url\":\"https:\\\/\\\/abc-latina.com\\\/wp-content\\\/uploads\\\/2026\\\/05\\\/cropped-logo.gif\",\"contentUrl\":\"https:\\\/\\\/abc-latina.com\\\/wp-content\\\/uploads\\\/2026\\\/05\\\/cropped-logo.gif\",\"width\":89,\"height\":84,\"caption\":\"Abc-latina\"},\"image\":{\"@id\":\"https:\\\/\\\/abc-latina.com\\\/#\\\/schema\\\/logo\\\/image\\\/\"}}]}<\/script>\n<!-- \/ Yoast SEO plugin. -->","yoast_head_json":{"title":"CHAN CHAN - Abc-latina","description":"Tourisme: Chan chan sur la c\u00f4te nord du P\u00e9rou.","robots":{"index":"index","follow":"follow","max-snippet":"max-snippet:-1","max-image-preview":"max-image-preview:large","max-video-preview":"max-video-preview:-1"},"canonical":"https:\/\/abc-latina.com\/perou\/chanchan\/","og_locale":"fr_FR","og_type":"article","og_title":"CHAN CHAN - Abc-latina","og_description":"Tourisme: Chan chan sur la c\u00f4te nord du P\u00e9rou.","og_url":"https:\/\/abc-latina.com\/perou\/chanchan\/","og_site_name":"Abc-latina","article_modified_time":"2026-04-30T16:25:18+00:00","og_image":[{"width":250,"height":250,"url":"https:\/\/abc-latina.com\/wp-content\/uploads\/2010\/06\/chan-chan.jpg","type":"image\/jpeg"}],"twitter_card":"summary_large_image","twitter_misc":{"Dur\u00e9e de lecture estim\u00e9e":"2 minutes"},"schema":{"@context":"https:\/\/schema.org","@graph":[{"@type":"WebPage","@id":"https:\/\/abc-latina.com\/perou\/chanchan\/","url":"https:\/\/abc-latina.com\/perou\/chanchan\/","name":"CHAN CHAN - Abc-latina","isPartOf":{"@id":"https:\/\/abc-latina.com\/#website"},"primaryImageOfPage":{"@id":"https:\/\/abc-latina.com\/perou\/chanchan\/#primaryimage"},"image":{"@id":"https:\/\/abc-latina.com\/perou\/chanchan\/#primaryimage"},"thumbnailUrl":"https:\/\/abc-latina.com\/wp-content\/uploads\/2010\/06\/chan-chan.jpg","datePublished":"2010-06-07T19:47:19+00:00","dateModified":"2026-04-30T16:25:18+00:00","description":"Tourisme: Chan chan sur la c\u00f4te nord du P\u00e9rou.","breadcrumb":{"@id":"https:\/\/abc-latina.com\/perou\/chanchan\/#breadcrumb"},"inLanguage":"fr-FR","potentialAction":[{"@type":"ReadAction","target":["https:\/\/abc-latina.com\/perou\/chanchan\/"]}]},{"@type":"ImageObject","inLanguage":"fr-FR","@id":"https:\/\/abc-latina.com\/perou\/chanchan\/#primaryimage","url":"https:\/\/abc-latina.com\/wp-content\/uploads\/2010\/06\/chan-chan.jpg","contentUrl":"https:\/\/abc-latina.com\/wp-content\/uploads\/2010\/06\/chan-chan.jpg","width":250,"height":250},{"@type":"BreadcrumbList","@id":"https:\/\/abc-latina.com\/perou\/chanchan\/#breadcrumb","itemListElement":[{"@type":"ListItem","position":1,"name":"Accueil","item":"https:\/\/abc-latina.com\/"},{"@type":"ListItem","position":2,"name":"CHAN CHAN"}]},{"@type":"WebSite","@id":"https:\/\/abc-latina.com\/#website","url":"https:\/\/abc-latina.com\/","name":"Abc-latina","description":"","publisher":{"@id":"https:\/\/abc-latina.com\/#organization"},"potentialAction":[{"@type":"SearchAction","target":{"@type":"EntryPoint","urlTemplate":"https:\/\/abc-latina.com\/?s={search_term_string}"},"query-input":{"@type":"PropertyValueSpecification","valueRequired":true,"valueName":"search_term_string"}}],"inLanguage":"fr-FR"},{"@type":"Organization","@id":"https:\/\/abc-latina.com\/#organization","name":"Abc-latina","url":"https:\/\/abc-latina.com\/","logo":{"@type":"ImageObject","inLanguage":"fr-FR","@id":"https:\/\/abc-latina.com\/#\/schema\/logo\/image\/","url":"https:\/\/abc-latina.com\/wp-content\/uploads\/2026\/05\/cropped-logo.gif","contentUrl":"https:\/\/abc-latina.com\/wp-content\/uploads\/2026\/05\/cropped-logo.gif","width":89,"height":84,"caption":"Abc-latina"},"image":{"@id":"https:\/\/abc-latina.com\/#\/schema\/logo\/image\/"}}]}},"_links":{"self":[{"href":"https:\/\/abc-latina.com\/wp-json\/wp\/v2\/pages\/426","targetHints":{"allow":["GET"]}}],"collection":[{"href":"https:\/\/abc-latina.com\/wp-json\/wp\/v2\/pages"}],"about":[{"href":"https:\/\/abc-latina.com\/wp-json\/wp\/v2\/types\/page"}],"author":[{"embeddable":true,"href":"https:\/\/abc-latina.com\/wp-json\/wp\/v2\/users\/3"}],"replies":[{"embeddable":true,"href":"https:\/\/abc-latina.com\/wp-json\/wp\/v2\/comments?post=426"}],"version-history":[{"count":1,"href":"https:\/\/abc-latina.com\/wp-json\/wp\/v2\/pages\/426\/revisions"}],"predecessor-version":[{"id":3764,"href":"https:\/\/abc-latina.com\/wp-json\/wp\/v2\/pages\/426\/revisions\/3764"}],"up":[{"embeddable":true,"href":"https:\/\/abc-latina.com\/wp-json\/wp\/v2\/pages\/2118"}],"wp:featuredmedia":[{"embeddable":true,"href":"https:\/\/abc-latina.com\/wp-json\/wp\/v2\/media\/425"}],"wp:attachment":[{"href":"https:\/\/abc-latina.com\/wp-json\/wp\/v2\/media?parent=426"}],"curies":[{"name":"wp","href":"https:\/\/api.w.org\/{rel}","templated":true}]}}