{"id":43,"date":"2010-04-17T19:57:38","date_gmt":"2010-04-17T17:57:38","guid":{"rendered":"http:\/\/abc-latina.com\/tourisme-htm\/"},"modified":"2026-04-30T18:24:46","modified_gmt":"2026-04-30T16:24:46","slug":"tourisme","status":"publish","type":"page","link":"https:\/\/abc-latina.com\/argentine\/tourisme\/","title":{"rendered":"TOURISME en ARGENTINE"},"content":{"rendered":"<p><img loading=\"lazy\" decoding=\"async\" class=\" size-full wp-image-40\" src=\"http:\/\/abc-latina.com\/wp-content\/uploads\/2010\/04\/photo_salina_grande_3.jpg\" alt=\"VOYAGE &amp; TOURISME EN ARGENTINE\" title=\"VOYAGE &amp; TOURISME EN ARGENTINE\" width=\"480\" height=\"319\" srcset=\"https:\/\/abc-latina.com\/wp-content\/uploads\/2010\/04\/photo_salina_grande_3.jpg 550w, https:\/\/abc-latina.com\/wp-content\/uploads\/2010\/04\/photo_salina_grande_3-300x200.jpg 300w\" sizes=\"auto, (max-width: 480px) 100vw, 480px\" \/><\/p>\n<p>Fond\u00e9e il y a plus de 400 ans, Buenos Aires concentre la vie intellectuelle, \u00e9conomique et politique du pays. Ce petit bout d&rsquo;Europe des Am\u00e9riques b\u00e2ti dans la pampa vide et plate et qui connut une grande prosp\u00e9rit\u00e9 au d\u00e9but du XXe si\u00e8cle conserve le charme d&rsquo;une ville o\u00f9 le temps se serait arr\u00eat\u00e9 aux ann\u00e9es 60.<\/p>\n<p>Le Nord est la seule partie du pays o\u00f9 les Indiens sont encore nombreux, ils y perp\u00e9tuent tradition, f\u00eates et danses. Un voyage dans cette r\u00e9gion donne aux voyageurs une id\u00e9e de l&rsquo;Argentine coloniale et des pays andins frontaliers. C&rsquo;est aussi le royaume des vigognes et des lamas. Les jolies villes de Salta et de San Salvador de Jujuy apportent un autre regard sur l&rsquo;Argentine et le train des nuages (Tren a las nubes) vous fera d\u00e9couvrir les saisissantes montagnes avoisinantes pour rejoindre la cit\u00e9 de San Antonio de los Cobres, perch\u00e9 dans les Andes \u00e0 3775 m\u00e8tres d&rsquo;altitude.<\/p>\n<p><a target=\"_blank\" href=\"https:\/\/www.abc-latina.com\/argentine\/tour_operateur\"><img loading=\"lazy\" decoding=\"async\" class=\" alignright size-full wp-image-41\" style=\"margin-left: 5px; margin-right: 5px; margin-top: 5px; margin-bottom: 5px; float: right; width: 125px; height: 90px; \" src=\"http:\/\/abc-latina.com\/wp-content\/uploads\/2010\/04\/timbre_to.gif\" alt=\"\" width=\"125\" height=\"90\" \/><\/a>La pampa est une plaine connue comme le grenier de l&rsquo;Argentine, et aussi pour ses \u00e9levages de chevaux.<\/p>\n<p>C&rsquo;est dans la r\u00e9gion de Misiones, que les j\u00e9suites vinrent ouvrir des missions au d\u00e9but du XVIIe si\u00e8cle. San Ignacio de Mini, la plus grande mission j\u00e9suite, fond\u00e9e en 1696 attire de nombreux visiteurs. L&rsquo;autre grande attraction de la province de Misiones : les spectaculaires chutes d&rsquo;Igua\u00e7u, l&rsquo;une des curiosit\u00e9s naturelles les plus extraordinaires d&rsquo;Am\u00e9rique du Sud.<\/p>\n<p>San Carlos de Bariloche est un haut lieu du tourisme argentin. L&rsquo;\u00e9t\u00e9, les for\u00eats luxuriantes, les glaciers spectaculaires et les montagnes de la r\u00e9gion des lacs attirent de nombreux touristes en qu\u00eate de promenades. L&rsquo;hiver, la bonne soci\u00e9t\u00e9 argentine se retrouve sur les pistes de ski. Mais les intersaisons, paraissent encore plus agr\u00e9ables : au printemps, les vall\u00e9es verdoyantes se couvrent de fleurs, tandis que l&rsquo;automne de les feuillages virent doucement au rouge orang\u00e9 avant de prendre des nuances cannelle et ocre.<\/p>\n<p><img loading=\"lazy\" decoding=\"async\" class=\" alignright size-full wp-image-42\" style=\"margin-left: 22px; margin-right: 22px; margin-top: 5px; margin-bottom: 5px; float: right; width: 300px; height: 200px; \" src=\"http:\/\/abc-latina.com\/wp-content\/uploads\/2010\/04\/andes.jpg\" alt=\"\" width=\"300\" height=\"200\" \/><\/p>\n<p>La Patagonie se caract\u00e9rise comme une vaste r\u00e9gion de glaciers, de parcs et de r\u00e9serves naturelles. La c\u00f4te est le point de rencontre des lions et d&rsquo;\u00e9l\u00e9phants de mer, des baleines bleues et de milliers de pingouins.<\/p>\n<p>La Terre de Feu partag\u00e9e entre le Chili et l&rsquo;Argentine est la porte d&rsquo;entr\u00e9e vers l&rsquo;Antarctique. Dans sa partie nord c&rsquo;est une terre \u00e0 moutons, plate et sans arbres, dans sa partie sud, au contraire, elle est accident\u00e9e et dens\u00e9ment bois\u00e9e. Plein sud, Ushuaia est la ville la plus australe de la plan\u00e8te.<\/p>\n<h3>Les sites argentins class\u00e9s au patrimoine de l&rsquo;UNESCO:&nbsp;<\/h3>\n<p>Los Glaciares &#8211; 1981<br \/> Missions j\u00e9suites des Guaranis: San Ignacio Mini, Santa Ana, Nuestra Se\u00f1ora de Loreto et Santa Maria Mayor &#8211; 1983 , 1984<br \/> Parc national de l&rsquo;Iguazu &#8211; 1984<br \/> Cueva de las Manos, R\u00edo Pinturas &#8211; 1999<br \/> Presqu&rsquo;\u00eele de Vald\u00e9s &#8211; 1999<br \/> Parcs naturels d&rsquo;Ischigualasto &#8211; Talampaya &#8211; 2000<br \/> Ensemble et les estancias j\u00e9suites de C\u00f3rdoba &#8211; 2000<br \/> Quebrada de Humahuaca &#8211; 2003<\/p>\n<h3>Pr\u00e9parez votre voyage en Argentine:<\/h3>\n<div><a href=\"https:\/\/www.abc-latina.com\/argentine\/agence_de_voyages\">Agences de voyage g\u00e9n\u00e9ralistes et discounteurs<\/a><\/div>\n<div><a href=\"https:\/\/www.abc-latina.com\/argentine\/tour_operateur\">Tours Op\u00e9rateurs sp\u00e9cialistes de l&rsquo;Argentine<\/a><\/div>\n<div><a target=\"_blank\" href=\"https:\/\/www.abc-latina.com\/to\/reservation_billet_avion\">R\u00e9servez votre billet d&rsquo;avion<\/a><\/div>\n<div><a href=\"https:\/\/www.abc-latina.com\/argentine\/hotels\">R\u00e9servez votre h\u00f4tel en Argentine<\/a>&nbsp;<\/div>\n<div><a target=\"_blank\" href=\"https:\/\/www.abc-latina.com\/to\/location_de_voiture_argentine\">Location de voiture<\/a><\/div>\n<p>&nbsp;<a target=\"_blank\" href=\"https:\/\/voyage.abc-latina.com\/voyage_argentine\/argentine.php\"><span class=\"sejour-circuit\"><br \/><\/span><\/a><\/p>\n","protected":false},"excerpt":{"rendered":"<p>Fond\u00e9e il y a plus de 400 ans, Buenos Aires concentre la vie intellectuelle, \u00e9conomique et politique du pays. Ce [&hellip;]<\/p>\n","protected":false},"author":2,"featured_media":40,"parent":39,"menu_order":0,"comment_status":"closed","ping_status":"closed","template":"","meta":{"site-sidebar-layout":"default","site-content-layout":"","ast-site-content-layout":"default","site-content-style":"default","site-sidebar-style":"default","ast-global-header-display":"","ast-banner-title-visibility":"","ast-main-header-display":"","ast-hfb-above-header-display":"","ast-hfb-below-header-display":"","ast-hfb-mobile-header-display":"","site-post-title":"","ast-breadcrumbs-content":"","ast-featured-img":"","footer-sml-layout":"","ast-disable-related-posts":"","theme-transparent-header-meta":"","adv-header-id-meta":"","stick-header-meta":"","header-above-stick-meta":"","header-main-stick-meta":"","header-below-stick-meta":"","astra-migrate-meta-layouts":"default","ast-page-background-enabled":"default","ast-page-background-meta":{"desktop":{"background-color":"var(--ast-global-color-5)","background-image":"","background-repeat":"repeat","background-position":"center center","background-size":"auto","background-attachment":"scroll","background-type":"","background-media":"","overlay-type":"","overlay-color":"","overlay-opacity":"","overlay-gradient":""},"tablet":{"background-color":"","background-image":"","background-repeat":"repeat","background-position":"center center","background-size":"auto","background-attachment":"scroll","background-type":"","background-media":"","overlay-type":"","overlay-color":"","overlay-opacity":"","overlay-gradient":""},"mobile":{"background-color":"","background-image":"","background-repeat":"repeat","background-position":"center center","background-size":"auto","background-attachment":"scroll","background-type":"","background-media":"","overlay-type":"","overlay-color":"","overlay-opacity":"","overlay-gradient":""}},"ast-content-background-meta":{"desktop":{"background-color":"var(--ast-global-color-4)","background-image":"","background-repeat":"repeat","background-position":"center center","background-size":"auto","background-attachment":"scroll","background-type":"","background-media":"","overlay-type":"","overlay-color":"","overlay-opacity":"","overlay-gradient":""},"tablet":{"background-color":"var(--ast-global-color-4)","background-image":"","background-repeat":"repeat","background-position":"center center","background-size":"auto","background-attachment":"scroll","background-type":"","background-media":"","overlay-type":"","overlay-color":"","overlay-opacity":"","overlay-gradient":""},"mobile":{"background-color":"var(--ast-global-color-4)","background-image":"","background-repeat":"repeat","background-position":"center center","background-size":"auto","background-attachment":"scroll","background-type":"","background-media":"","overlay-type":"","overlay-color":"","overlay-opacity":"","overlay-gradient":""}},"footnotes":""},"class_list":["post-43","page","type-page","status-publish","has-post-thumbnail","hentry"],"yoast_head":"<!-- This site is optimized with the Yoast SEO plugin v27.5 - https:\/\/yoast.com\/product\/yoast-seo-wordpress\/ -->\n<title>TOURISME en ARGENTINE - Abc-latina<\/title>\n<meta name=\"description\" content=\"Voyage et d\u00e9couverte de l&#039;Argentine, toutes les r\u00e9gions argentines vues en d\u00e9tail.\" \/>\n<meta name=\"robots\" content=\"index, follow, max-snippet:-1, max-image-preview:large, max-video-preview:-1\" \/>\n<link rel=\"canonical\" href=\"https:\/\/abc-latina.com\/argentine\/tourisme\/\" \/>\n<meta property=\"og:locale\" content=\"fr_FR\" \/>\n<meta property=\"og:type\" content=\"article\" \/>\n<meta property=\"og:title\" content=\"TOURISME en ARGENTINE - Abc-latina\" \/>\n<meta property=\"og:description\" content=\"Voyage et d\u00e9couverte de l&#039;Argentine, toutes les r\u00e9gions argentines vues en d\u00e9tail.\" \/>\n<meta property=\"og:url\" content=\"https:\/\/abc-latina.com\/argentine\/tourisme\/\" \/>\n<meta property=\"og:site_name\" content=\"Abc-latina\" \/>\n<meta property=\"article:modified_time\" content=\"2026-04-30T16:24:46+00:00\" \/>\n<meta property=\"og:image\" content=\"https:\/\/abc-latina.com\/wp-content\/uploads\/2010\/04\/photo_salina_grande_3.jpg\" \/>\n\t<meta property=\"og:image:width\" content=\"550\" \/>\n\t<meta property=\"og:image:height\" content=\"366\" \/>\n\t<meta property=\"og:image:type\" content=\"image\/jpeg\" \/>\n<meta name=\"twitter:card\" content=\"summary_large_image\" \/>\n<meta name=\"twitter:label1\" content=\"Dur\u00e9e de lecture estim\u00e9e\" \/>\n\t<meta name=\"twitter:data1\" content=\"3 minutes\" \/>\n<script type=\"application\/ld+json\" class=\"yoast-schema-graph\">{\"@context\":\"https:\\\/\\\/schema.org\",\"@graph\":[{\"@type\":\"WebPage\",\"@id\":\"https:\\\/\\\/abc-latina.com\\\/argentine\\\/tourisme\\\/\",\"url\":\"https:\\\/\\\/abc-latina.com\\\/argentine\\\/tourisme\\\/\",\"name\":\"TOURISME en ARGENTINE - Abc-latina\",\"isPartOf\":{\"@id\":\"https:\\\/\\\/abc-latina.com\\\/#website\"},\"primaryImageOfPage\":{\"@id\":\"https:\\\/\\\/abc-latina.com\\\/argentine\\\/tourisme\\\/#primaryimage\"},\"image\":{\"@id\":\"https:\\\/\\\/abc-latina.com\\\/argentine\\\/tourisme\\\/#primaryimage\"},\"thumbnailUrl\":\"https:\\\/\\\/abc-latina.com\\\/wp-content\\\/uploads\\\/2010\\\/04\\\/photo_salina_grande_3.jpg\",\"datePublished\":\"2010-04-17T17:57:38+00:00\",\"dateModified\":\"2026-04-30T16:24:46+00:00\",\"description\":\"Voyage et d\u00e9couverte de l'Argentine, toutes les r\u00e9gions argentines vues en d\u00e9tail.\",\"breadcrumb\":{\"@id\":\"https:\\\/\\\/abc-latina.com\\\/argentine\\\/tourisme\\\/#breadcrumb\"},\"inLanguage\":\"fr-FR\",\"potentialAction\":[{\"@type\":\"ReadAction\",\"target\":[\"https:\\\/\\\/abc-latina.com\\\/argentine\\\/tourisme\\\/\"]}]},{\"@type\":\"ImageObject\",\"inLanguage\":\"fr-FR\",\"@id\":\"https:\\\/\\\/abc-latina.com\\\/argentine\\\/tourisme\\\/#primaryimage\",\"url\":\"https:\\\/\\\/abc-latina.com\\\/wp-content\\\/uploads\\\/2010\\\/04\\\/photo_salina_grande_3.jpg\",\"contentUrl\":\"https:\\\/\\\/abc-latina.com\\\/wp-content\\\/uploads\\\/2010\\\/04\\\/photo_salina_grande_3.jpg\",\"width\":550,\"height\":366,\"caption\":\"VOYAGE &amp; TOURISME EN ARGENTINE\"},{\"@type\":\"BreadcrumbList\",\"@id\":\"https:\\\/\\\/abc-latina.com\\\/argentine\\\/tourisme\\\/#breadcrumb\",\"itemListElement\":[{\"@type\":\"ListItem\",\"position\":1,\"name\":\"Accueil\",\"item\":\"https:\\\/\\\/abc-latina.com\\\/\"},{\"@type\":\"ListItem\",\"position\":2,\"name\":\"TOURISME en ARGENTINE\"}]},{\"@type\":\"WebSite\",\"@id\":\"https:\\\/\\\/abc-latina.com\\\/#website\",\"url\":\"https:\\\/\\\/abc-latina.com\\\/\",\"name\":\"Abc-latina\",\"description\":\"\",\"publisher\":{\"@id\":\"https:\\\/\\\/abc-latina.com\\\/#organization\"},\"potentialAction\":[{\"@type\":\"SearchAction\",\"target\":{\"@type\":\"EntryPoint\",\"urlTemplate\":\"https:\\\/\\\/abc-latina.com\\\/?s={search_term_string}\"},\"query-input\":{\"@type\":\"PropertyValueSpecification\",\"valueRequired\":true,\"valueName\":\"search_term_string\"}}],\"inLanguage\":\"fr-FR\"},{\"@type\":\"Organization\",\"@id\":\"https:\\\/\\\/abc-latina.com\\\/#organization\",\"name\":\"Abc-latina\",\"url\":\"https:\\\/\\\/abc-latina.com\\\/\",\"logo\":{\"@type\":\"ImageObject\",\"inLanguage\":\"fr-FR\",\"@id\":\"https:\\\/\\\/abc-latina.com\\\/#\\\/schema\\\/logo\\\/image\\\/\",\"url\":\"https:\\\/\\\/abc-latina.com\\\/wp-content\\\/uploads\\\/2026\\\/05\\\/cropped-logo.gif\",\"contentUrl\":\"https:\\\/\\\/abc-latina.com\\\/wp-content\\\/uploads\\\/2026\\\/05\\\/cropped-logo.gif\",\"width\":89,\"height\":84,\"caption\":\"Abc-latina\"},\"image\":{\"@id\":\"https:\\\/\\\/abc-latina.com\\\/#\\\/schema\\\/logo\\\/image\\\/\"}}]}<\/script>\n<!-- \/ Yoast SEO plugin. -->","yoast_head_json":{"title":"TOURISME en ARGENTINE - Abc-latina","description":"Voyage et d\u00e9couverte de l'Argentine, toutes les r\u00e9gions argentines vues en d\u00e9tail.","robots":{"index":"index","follow":"follow","max-snippet":"max-snippet:-1","max-image-preview":"max-image-preview:large","max-video-preview":"max-video-preview:-1"},"canonical":"https:\/\/abc-latina.com\/argentine\/tourisme\/","og_locale":"fr_FR","og_type":"article","og_title":"TOURISME en ARGENTINE - Abc-latina","og_description":"Voyage et d\u00e9couverte de l'Argentine, toutes les r\u00e9gions argentines vues en d\u00e9tail.","og_url":"https:\/\/abc-latina.com\/argentine\/tourisme\/","og_site_name":"Abc-latina","article_modified_time":"2026-04-30T16:24:46+00:00","og_image":[{"width":550,"height":366,"url":"https:\/\/abc-latina.com\/wp-content\/uploads\/2010\/04\/photo_salina_grande_3.jpg","type":"image\/jpeg"}],"twitter_card":"summary_large_image","twitter_misc":{"Dur\u00e9e de lecture estim\u00e9e":"3 minutes"},"schema":{"@context":"https:\/\/schema.org","@graph":[{"@type":"WebPage","@id":"https:\/\/abc-latina.com\/argentine\/tourisme\/","url":"https:\/\/abc-latina.com\/argentine\/tourisme\/","name":"TOURISME en ARGENTINE - Abc-latina","isPartOf":{"@id":"https:\/\/abc-latina.com\/#website"},"primaryImageOfPage":{"@id":"https:\/\/abc-latina.com\/argentine\/tourisme\/#primaryimage"},"image":{"@id":"https:\/\/abc-latina.com\/argentine\/tourisme\/#primaryimage"},"thumbnailUrl":"https:\/\/abc-latina.com\/wp-content\/uploads\/2010\/04\/photo_salina_grande_3.jpg","datePublished":"2010-04-17T17:57:38+00:00","dateModified":"2026-04-30T16:24:46+00:00","description":"Voyage et d\u00e9couverte de l'Argentine, toutes les r\u00e9gions argentines vues en d\u00e9tail.","breadcrumb":{"@id":"https:\/\/abc-latina.com\/argentine\/tourisme\/#breadcrumb"},"inLanguage":"fr-FR","potentialAction":[{"@type":"ReadAction","target":["https:\/\/abc-latina.com\/argentine\/tourisme\/"]}]},{"@type":"ImageObject","inLanguage":"fr-FR","@id":"https:\/\/abc-latina.com\/argentine\/tourisme\/#primaryimage","url":"https:\/\/abc-latina.com\/wp-content\/uploads\/2010\/04\/photo_salina_grande_3.jpg","contentUrl":"https:\/\/abc-latina.com\/wp-content\/uploads\/2010\/04\/photo_salina_grande_3.jpg","width":550,"height":366,"caption":"VOYAGE &amp; TOURISME EN ARGENTINE"},{"@type":"BreadcrumbList","@id":"https:\/\/abc-latina.com\/argentine\/tourisme\/#breadcrumb","itemListElement":[{"@type":"ListItem","position":1,"name":"Accueil","item":"https:\/\/abc-latina.com\/"},{"@type":"ListItem","position":2,"name":"TOURISME en ARGENTINE"}]},{"@type":"WebSite","@id":"https:\/\/abc-latina.com\/#website","url":"https:\/\/abc-latina.com\/","name":"Abc-latina","description":"","publisher":{"@id":"https:\/\/abc-latina.com\/#organization"},"potentialAction":[{"@type":"SearchAction","target":{"@type":"EntryPoint","urlTemplate":"https:\/\/abc-latina.com\/?s={search_term_string}"},"query-input":{"@type":"PropertyValueSpecification","valueRequired":true,"valueName":"search_term_string"}}],"inLanguage":"fr-FR"},{"@type":"Organization","@id":"https:\/\/abc-latina.com\/#organization","name":"Abc-latina","url":"https:\/\/abc-latina.com\/","logo":{"@type":"ImageObject","inLanguage":"fr-FR","@id":"https:\/\/abc-latina.com\/#\/schema\/logo\/image\/","url":"https:\/\/abc-latina.com\/wp-content\/uploads\/2026\/05\/cropped-logo.gif","contentUrl":"https:\/\/abc-latina.com\/wp-content\/uploads\/2026\/05\/cropped-logo.gif","width":89,"height":84,"caption":"Abc-latina"},"image":{"@id":"https:\/\/abc-latina.com\/#\/schema\/logo\/image\/"}}]}},"_links":{"self":[{"href":"https:\/\/abc-latina.com\/wp-json\/wp\/v2\/pages\/43","targetHints":{"allow":["GET"]}}],"collection":[{"href":"https:\/\/abc-latina.com\/wp-json\/wp\/v2\/pages"}],"about":[{"href":"https:\/\/abc-latina.com\/wp-json\/wp\/v2\/types\/page"}],"author":[{"embeddable":true,"href":"https:\/\/abc-latina.com\/wp-json\/wp\/v2\/users\/2"}],"replies":[{"embeddable":true,"href":"https:\/\/abc-latina.com\/wp-json\/wp\/v2\/comments?post=43"}],"version-history":[{"count":1,"href":"https:\/\/abc-latina.com\/wp-json\/wp\/v2\/pages\/43\/revisions"}],"predecessor-version":[{"id":3084,"href":"https:\/\/abc-latina.com\/wp-json\/wp\/v2\/pages\/43\/revisions\/3084"}],"up":[{"embeddable":true,"href":"https:\/\/abc-latina.com\/wp-json\/wp\/v2\/pages\/39"}],"wp:featuredmedia":[{"embeddable":true,"href":"https:\/\/abc-latina.com\/wp-json\/wp\/v2\/media\/40"}],"wp:attachment":[{"href":"https:\/\/abc-latina.com\/wp-json\/wp\/v2\/media?parent=43"}],"curies":[{"name":"wp","href":"https:\/\/api.w.org\/{rel}","templated":true}]}}