{"id":431,"date":"2010-06-07T21:57:59","date_gmt":"2010-06-07T19:57:59","guid":{"rendered":"http:\/\/abc-latina.com\/iquitos-htm\/"},"modified":"2026-04-30T18:25:19","modified_gmt":"2026-04-30T16:25:19","slug":"iquitos","status":"publish","type":"page","link":"https:\/\/abc-latina.com\/perou\/iquitos\/","title":{"rendered":"IQUITOS"},"content":{"rendered":"<div><img loading=\"lazy\" decoding=\"async\" class=\" alignright size-full wp-image-430\" src=\"http:\/\/abc-latina.com\/wp-content\/uploads\/2010\/06\/iquitos.jpg\" alt=\"IQUITOS\" title=\"IQUITOS\" width=\"250\" vspace=\"9\" hspace=\"15\" height=\"250\" align=\"right\" srcset=\"https:\/\/abc-latina.com\/wp-content\/uploads\/2010\/06\/iquitos.jpg 249w, https:\/\/abc-latina.com\/wp-content\/uploads\/2010\/06\/iquitos-150x150.jpg 150w\" sizes=\"auto, (max-width: 250px) 100vw, 250px\" \/><span class=\"tourisme-chapitre\">Iquitos<\/span>, capitale de Loreto, est le principal port fluvial du fleuve Amazone, et la ville la plus grande de la for\u00eat tropicale P\u00e9ruvienne. La r\u00e9gion a \u00e9t\u00e9 jadis peupl\u00e9e par diff\u00e9rents groupes tels que les Cocama, les Huitoto, et les Bora. La ville fut ensuite fond\u00e9e par des missionnaires j\u00e9suites. C&rsquo;est \u00e0 la fin du XIXe si\u00e8cle qu&rsquo;Iquitos a connu son apog\u00e9e avec l&rsquo;exploitation du caoutchouc. Cette aubaine \u00e9conomique s&rsquo;est traduite par la construction d&rsquo;\u00e9difices luxueux comme l&rsquo;H\u00f4tel Palace, de style Art Nouveau, et la Maison de fer, con\u00e7ue par le c\u00e9l\u00e8bre architecte fran\u00e7ais Gustave Eiffel.&nbsp;<\/div>\n<div>En contraste avec ces constructions, les maisons rustiques du quartier de Bel\u00e9n reposent sur des radeaux et des pilotis afin de se prot\u00e9ger des crues du fleuve. Une des meilleures attractions de la r\u00e9gion de Loreto, c&rsquo;est de naviguer sur les rivi\u00e8res et les lacs, et de profiter de ses belles plages.&nbsp;<\/div>\n<div>&nbsp;<\/div>\n<div><span class=\"tourisme-unesco\">Dans les environs d&rsquo; Iquitos&nbsp;<\/span><\/div>\n<div>La R\u00e9serve Nationale Pacaya-Samiria (2 080.000 ha), la plus vaste du pays, se trouve \u00e0 183 km de la ville, et c&rsquo;est le refuge de nombreuses esp\u00e8ces animales et v\u00e9g\u00e9tales. Beaucoup d&rsquo;entre elles sont en voie d&rsquo;extinction comme la tortue charapa, la loutre g\u00e9ante d&rsquo;eau douce, le ca\u00efman noir et le dauphin des rivi\u00e8res.&nbsp;<\/div>\n<div>Par ailleurs, la R\u00e9serve Nationale Allpahuayo-Mishana (58.000 hectares), prot\u00e8ge la plus grande concentration de for\u00eats de sable blanc, ou &quot;varillales&quot;, r\u00e9pertori\u00e9e en <a href=\"https:\/\/www.abc-latina.com\/perou\/amazonie\">Amazonie p\u00e9ruvienne<\/a>. Il s&rsquo;agit l\u00e0 d&rsquo;une des meilleures destinations pour l&rsquo;observation des oiseaux.<\/div>\n<div>Outre ces r\u00e9serves nationales, il existe aussi de nombreuses r\u00e9serves priv\u00e9es o\u00f9 l&rsquo;on a construit des auberges pour tous les go\u00fbts.&nbsp;<\/div>\n<div>&nbsp;<\/div>\n<div>&copy; Source PromPeru<\/div>\n<h3>Pr\u00e9parez votre voyage \u00e0 Iquitos:<\/h3>\n<div><a href=\"https:\/\/www.abc-latina.com\/perou\/agence_de_voyages\">Agences de voyage g\u00e9n\u00e9ralistes et discounteurs<\/a><\/div>\n<div><a href=\"https:\/\/www.abc-latina.com\/perou\/tour_operateur\">Tours Op\u00e9rateurs sp\u00e9cialistes du P\u00e9rou<\/a><\/div>\n<div><a href=\"https:\/\/www.abc-latina.com\/to\/reservation_billet_avion\" target=\"_blank\">R\u00e9servez votre billet d&rsquo;avion<\/a><\/div>\n<div><a href=\"https:\/\/www.abc-latina.com\/perou\/hotels\">R\u00e9servez votre h\u00f4tel \u00e0 Iquitos<\/a>&nbsp;<\/div>\n<div><a href=\"https:\/\/www.abc-latina.com\/to\/location_de_voiture_perou\" target=\"_blank\">Location de voiture<\/a><\/div>\n","protected":false},"excerpt":{"rendered":"<p>Iquitos, capitale de Loreto, est le principal port fluvial du fleuve Amazone, et la ville la plus grande de la [&hellip;]<\/p>\n","protected":false},"author":3,"featured_media":430,"parent":2118,"menu_order":0,"comment_status":"closed","ping_status":"closed","template":"","meta":{"site-sidebar-layout":"default","site-content-layout":"","ast-site-content-layout":"default","site-content-style":"default","site-sidebar-style":"default","ast-global-header-display":"","ast-banner-title-visibility":"","ast-main-header-display":"","ast-hfb-above-header-display":"","ast-hfb-below-header-display":"","ast-hfb-mobile-header-display":"","site-post-title":"","ast-breadcrumbs-content":"","ast-featured-img":"","footer-sml-layout":"","ast-disable-related-posts":"","theme-transparent-header-meta":"","adv-header-id-meta":"","stick-header-meta":"","header-above-stick-meta":"","header-main-stick-meta":"","header-below-stick-meta":"","astra-migrate-meta-layouts":"default","ast-page-background-enabled":"default","ast-page-background-meta":{"desktop":{"background-color":"var(--ast-global-color-5)","background-image":"","background-repeat":"repeat","background-position":"center center","background-size":"auto","background-attachment":"scroll","background-type":"","background-media":"","overlay-type":"","overlay-color":"","overlay-opacity":"","overlay-gradient":""},"tablet":{"background-color":"","background-image":"","background-repeat":"repeat","background-position":"center center","background-size":"auto","background-attachment":"scroll","background-type":"","background-media":"","overlay-type":"","overlay-color":"","overlay-opacity":"","overlay-gradient":""},"mobile":{"background-color":"","background-image":"","background-repeat":"repeat","background-position":"center center","background-size":"auto","background-attachment":"scroll","background-type":"","background-media":"","overlay-type":"","overlay-color":"","overlay-opacity":"","overlay-gradient":""}},"ast-content-background-meta":{"desktop":{"background-color":"var(--ast-global-color-4)","background-image":"","background-repeat":"repeat","background-position":"center center","background-size":"auto","background-attachment":"scroll","background-type":"","background-media":"","overlay-type":"","overlay-color":"","overlay-opacity":"","overlay-gradient":""},"tablet":{"background-color":"var(--ast-global-color-4)","background-image":"","background-repeat":"repeat","background-position":"center center","background-size":"auto","background-attachment":"scroll","background-type":"","background-media":"","overlay-type":"","overlay-color":"","overlay-opacity":"","overlay-gradient":""},"mobile":{"background-color":"var(--ast-global-color-4)","background-image":"","background-repeat":"repeat","background-position":"center center","background-size":"auto","background-attachment":"scroll","background-type":"","background-media":"","overlay-type":"","overlay-color":"","overlay-opacity":"","overlay-gradient":""}},"footnotes":""},"class_list":["post-431","page","type-page","status-publish","has-post-thumbnail","hentry"],"yoast_head":"<!-- This site is optimized with the Yoast SEO plugin v27.5 - https:\/\/yoast.com\/product\/yoast-seo-wordpress\/ -->\n<title>IQUITOS - Abc-latina<\/title>\n<meta name=\"description\" content=\"Iquitos, cette grande ville nich\u00e9e en pleine Amazonie p\u00e9ruvienne et uniquement accessible par avion ou bateau ...\" \/>\n<meta name=\"robots\" content=\"index, follow, max-snippet:-1, max-image-preview:large, max-video-preview:-1\" \/>\n<link rel=\"canonical\" href=\"https:\/\/abc-latina.com\/perou\/iquitos\/\" \/>\n<meta property=\"og:locale\" content=\"fr_FR\" \/>\n<meta property=\"og:type\" content=\"article\" \/>\n<meta property=\"og:title\" content=\"IQUITOS - Abc-latina\" \/>\n<meta property=\"og:description\" content=\"Iquitos, cette grande ville nich\u00e9e en pleine Amazonie p\u00e9ruvienne et uniquement accessible par avion ou bateau ...\" \/>\n<meta property=\"og:url\" content=\"https:\/\/abc-latina.com\/perou\/iquitos\/\" \/>\n<meta property=\"og:site_name\" content=\"Abc-latina\" \/>\n<meta property=\"article:modified_time\" content=\"2026-04-30T16:25:19+00:00\" \/>\n<meta property=\"og:image\" content=\"https:\/\/abc-latina.com\/wp-content\/uploads\/2010\/06\/iquitos.jpg\" \/>\n\t<meta property=\"og:image:width\" content=\"249\" \/>\n\t<meta property=\"og:image:height\" content=\"249\" \/>\n\t<meta property=\"og:image:type\" content=\"image\/jpeg\" \/>\n<meta name=\"twitter:card\" content=\"summary_large_image\" \/>\n<meta name=\"twitter:label1\" content=\"Dur\u00e9e de lecture estim\u00e9e\" \/>\n\t<meta name=\"twitter:data1\" content=\"2 minutes\" \/>\n<script type=\"application\/ld+json\" class=\"yoast-schema-graph\">{\"@context\":\"https:\\\/\\\/schema.org\",\"@graph\":[{\"@type\":\"WebPage\",\"@id\":\"https:\\\/\\\/abc-latina.com\\\/perou\\\/iquitos\\\/\",\"url\":\"https:\\\/\\\/abc-latina.com\\\/perou\\\/iquitos\\\/\",\"name\":\"IQUITOS - Abc-latina\",\"isPartOf\":{\"@id\":\"https:\\\/\\\/abc-latina.com\\\/#website\"},\"primaryImageOfPage\":{\"@id\":\"https:\\\/\\\/abc-latina.com\\\/perou\\\/iquitos\\\/#primaryimage\"},\"image\":{\"@id\":\"https:\\\/\\\/abc-latina.com\\\/perou\\\/iquitos\\\/#primaryimage\"},\"thumbnailUrl\":\"https:\\\/\\\/abc-latina.com\\\/wp-content\\\/uploads\\\/2010\\\/06\\\/iquitos.jpg\",\"datePublished\":\"2010-06-07T19:57:59+00:00\",\"dateModified\":\"2026-04-30T16:25:19+00:00\",\"description\":\"Iquitos, cette grande ville nich\u00e9e en pleine Amazonie p\u00e9ruvienne et uniquement accessible par avion ou bateau ...\",\"breadcrumb\":{\"@id\":\"https:\\\/\\\/abc-latina.com\\\/perou\\\/iquitos\\\/#breadcrumb\"},\"inLanguage\":\"fr-FR\",\"potentialAction\":[{\"@type\":\"ReadAction\",\"target\":[\"https:\\\/\\\/abc-latina.com\\\/perou\\\/iquitos\\\/\"]}]},{\"@type\":\"ImageObject\",\"inLanguage\":\"fr-FR\",\"@id\":\"https:\\\/\\\/abc-latina.com\\\/perou\\\/iquitos\\\/#primaryimage\",\"url\":\"https:\\\/\\\/abc-latina.com\\\/wp-content\\\/uploads\\\/2010\\\/06\\\/iquitos.jpg\",\"contentUrl\":\"https:\\\/\\\/abc-latina.com\\\/wp-content\\\/uploads\\\/2010\\\/06\\\/iquitos.jpg\",\"width\":249,\"height\":249,\"caption\":\"IQUITOS\"},{\"@type\":\"BreadcrumbList\",\"@id\":\"https:\\\/\\\/abc-latina.com\\\/perou\\\/iquitos\\\/#breadcrumb\",\"itemListElement\":[{\"@type\":\"ListItem\",\"position\":1,\"name\":\"Accueil\",\"item\":\"https:\\\/\\\/abc-latina.com\\\/\"},{\"@type\":\"ListItem\",\"position\":2,\"name\":\"IQUITOS\"}]},{\"@type\":\"WebSite\",\"@id\":\"https:\\\/\\\/abc-latina.com\\\/#website\",\"url\":\"https:\\\/\\\/abc-latina.com\\\/\",\"name\":\"Abc-latina\",\"description\":\"\",\"publisher\":{\"@id\":\"https:\\\/\\\/abc-latina.com\\\/#organization\"},\"potentialAction\":[{\"@type\":\"SearchAction\",\"target\":{\"@type\":\"EntryPoint\",\"urlTemplate\":\"https:\\\/\\\/abc-latina.com\\\/?s={search_term_string}\"},\"query-input\":{\"@type\":\"PropertyValueSpecification\",\"valueRequired\":true,\"valueName\":\"search_term_string\"}}],\"inLanguage\":\"fr-FR\"},{\"@type\":\"Organization\",\"@id\":\"https:\\\/\\\/abc-latina.com\\\/#organization\",\"name\":\"Abc-latina\",\"url\":\"https:\\\/\\\/abc-latina.com\\\/\",\"logo\":{\"@type\":\"ImageObject\",\"inLanguage\":\"fr-FR\",\"@id\":\"https:\\\/\\\/abc-latina.com\\\/#\\\/schema\\\/logo\\\/image\\\/\",\"url\":\"https:\\\/\\\/abc-latina.com\\\/wp-content\\\/uploads\\\/2026\\\/05\\\/cropped-logo.gif\",\"contentUrl\":\"https:\\\/\\\/abc-latina.com\\\/wp-content\\\/uploads\\\/2026\\\/05\\\/cropped-logo.gif\",\"width\":89,\"height\":84,\"caption\":\"Abc-latina\"},\"image\":{\"@id\":\"https:\\\/\\\/abc-latina.com\\\/#\\\/schema\\\/logo\\\/image\\\/\"}}]}<\/script>\n<!-- \/ Yoast SEO plugin. -->","yoast_head_json":{"title":"IQUITOS - Abc-latina","description":"Iquitos, cette grande ville nich\u00e9e en pleine Amazonie p\u00e9ruvienne et uniquement accessible par avion ou bateau ...","robots":{"index":"index","follow":"follow","max-snippet":"max-snippet:-1","max-image-preview":"max-image-preview:large","max-video-preview":"max-video-preview:-1"},"canonical":"https:\/\/abc-latina.com\/perou\/iquitos\/","og_locale":"fr_FR","og_type":"article","og_title":"IQUITOS - Abc-latina","og_description":"Iquitos, cette grande ville nich\u00e9e en pleine Amazonie p\u00e9ruvienne et uniquement accessible par avion ou bateau ...","og_url":"https:\/\/abc-latina.com\/perou\/iquitos\/","og_site_name":"Abc-latina","article_modified_time":"2026-04-30T16:25:19+00:00","og_image":[{"width":249,"height":249,"url":"https:\/\/abc-latina.com\/wp-content\/uploads\/2010\/06\/iquitos.jpg","type":"image\/jpeg"}],"twitter_card":"summary_large_image","twitter_misc":{"Dur\u00e9e de lecture estim\u00e9e":"2 minutes"},"schema":{"@context":"https:\/\/schema.org","@graph":[{"@type":"WebPage","@id":"https:\/\/abc-latina.com\/perou\/iquitos\/","url":"https:\/\/abc-latina.com\/perou\/iquitos\/","name":"IQUITOS - Abc-latina","isPartOf":{"@id":"https:\/\/abc-latina.com\/#website"},"primaryImageOfPage":{"@id":"https:\/\/abc-latina.com\/perou\/iquitos\/#primaryimage"},"image":{"@id":"https:\/\/abc-latina.com\/perou\/iquitos\/#primaryimage"},"thumbnailUrl":"https:\/\/abc-latina.com\/wp-content\/uploads\/2010\/06\/iquitos.jpg","datePublished":"2010-06-07T19:57:59+00:00","dateModified":"2026-04-30T16:25:19+00:00","description":"Iquitos, cette grande ville nich\u00e9e en pleine Amazonie p\u00e9ruvienne et uniquement accessible par avion ou bateau ...","breadcrumb":{"@id":"https:\/\/abc-latina.com\/perou\/iquitos\/#breadcrumb"},"inLanguage":"fr-FR","potentialAction":[{"@type":"ReadAction","target":["https:\/\/abc-latina.com\/perou\/iquitos\/"]}]},{"@type":"ImageObject","inLanguage":"fr-FR","@id":"https:\/\/abc-latina.com\/perou\/iquitos\/#primaryimage","url":"https:\/\/abc-latina.com\/wp-content\/uploads\/2010\/06\/iquitos.jpg","contentUrl":"https:\/\/abc-latina.com\/wp-content\/uploads\/2010\/06\/iquitos.jpg","width":249,"height":249,"caption":"IQUITOS"},{"@type":"BreadcrumbList","@id":"https:\/\/abc-latina.com\/perou\/iquitos\/#breadcrumb","itemListElement":[{"@type":"ListItem","position":1,"name":"Accueil","item":"https:\/\/abc-latina.com\/"},{"@type":"ListItem","position":2,"name":"IQUITOS"}]},{"@type":"WebSite","@id":"https:\/\/abc-latina.com\/#website","url":"https:\/\/abc-latina.com\/","name":"Abc-latina","description":"","publisher":{"@id":"https:\/\/abc-latina.com\/#organization"},"potentialAction":[{"@type":"SearchAction","target":{"@type":"EntryPoint","urlTemplate":"https:\/\/abc-latina.com\/?s={search_term_string}"},"query-input":{"@type":"PropertyValueSpecification","valueRequired":true,"valueName":"search_term_string"}}],"inLanguage":"fr-FR"},{"@type":"Organization","@id":"https:\/\/abc-latina.com\/#organization","name":"Abc-latina","url":"https:\/\/abc-latina.com\/","logo":{"@type":"ImageObject","inLanguage":"fr-FR","@id":"https:\/\/abc-latina.com\/#\/schema\/logo\/image\/","url":"https:\/\/abc-latina.com\/wp-content\/uploads\/2026\/05\/cropped-logo.gif","contentUrl":"https:\/\/abc-latina.com\/wp-content\/uploads\/2026\/05\/cropped-logo.gif","width":89,"height":84,"caption":"Abc-latina"},"image":{"@id":"https:\/\/abc-latina.com\/#\/schema\/logo\/image\/"}}]}},"_links":{"self":[{"href":"https:\/\/abc-latina.com\/wp-json\/wp\/v2\/pages\/431","targetHints":{"allow":["GET"]}}],"collection":[{"href":"https:\/\/abc-latina.com\/wp-json\/wp\/v2\/pages"}],"about":[{"href":"https:\/\/abc-latina.com\/wp-json\/wp\/v2\/types\/page"}],"author":[{"embeddable":true,"href":"https:\/\/abc-latina.com\/wp-json\/wp\/v2\/users\/3"}],"replies":[{"embeddable":true,"href":"https:\/\/abc-latina.com\/wp-json\/wp\/v2\/comments?post=431"}],"version-history":[{"count":1,"href":"https:\/\/abc-latina.com\/wp-json\/wp\/v2\/pages\/431\/revisions"}],"predecessor-version":[{"id":3776,"href":"https:\/\/abc-latina.com\/wp-json\/wp\/v2\/pages\/431\/revisions\/3776"}],"up":[{"embeddable":true,"href":"https:\/\/abc-latina.com\/wp-json\/wp\/v2\/pages\/2118"}],"wp:featuredmedia":[{"embeddable":true,"href":"https:\/\/abc-latina.com\/wp-json\/wp\/v2\/media\/430"}],"wp:attachment":[{"href":"https:\/\/abc-latina.com\/wp-json\/wp\/v2\/media?parent=431"}],"curies":[{"name":"wp","href":"https:\/\/api.w.org\/{rel}","templated":true}]}}