{"id":433,"date":"2010-06-07T22:00:58","date_gmt":"2010-06-07T20:00:58","guid":{"rendered":"http:\/\/abc-latina.com\/lambayeque-htm\/"},"modified":"2026-04-30T18:25:19","modified_gmt":"2026-04-30T16:25:19","slug":"lambayeque","status":"publish","type":"page","link":"https:\/\/abc-latina.com\/perou\/lambayeque\/","title":{"rendered":"LAMBAYEQUE"},"content":{"rendered":"<div><img loading=\"lazy\" decoding=\"async\" class=\" alignright size-full wp-image-432\" src=\"http:\/\/abc-latina.com\/wp-content\/uploads\/2010\/06\/lambayeque.jpg\" alt=\"\" width=\"250\" vspace=\"9\" hspace=\"15\" height=\"250\" align=\"right\" srcset=\"https:\/\/abc-latina.com\/wp-content\/uploads\/2010\/06\/lambayeque.jpg 250w, https:\/\/abc-latina.com\/wp-content\/uploads\/2010\/06\/lambayeque-150x150.jpg 150w\" sizes=\"auto, (max-width: 250px) 100vw, 250px\" \/>La ville de <span class=\"tourisme-chapitre\">Lambayeque<\/span> conserve de belles demeures du vice-royaume comme la Casa C\u00faneo et la Casa Descalzi, mais la plus connue est la Casa de la Logia Mas\u00f3nica, qui doit sa r\u00e9putation \u00e0 son ancien balcon sculpt\u00e9 de plus de 400 ans. Ce balcon est de 64 m\u00e8tres de long, ce qui fait de lui le plus long du P\u00e9rou. La maison se situe \u00e0 l&rsquo;intersection des rues Dos de Mayo et San Mart\u00edn. D&rsquo;autres \u00e9difices importants de la ville sont l&rsquo;\u00c9glise de San Pedro du XVI\u00e8me si\u00e8cle et la ville Universitaire, si\u00e8ge de l&rsquo;Universit\u00e9 Nationale Pedro Ruiz Gallo.<\/div>\n<div>&nbsp;<\/div>\n<div><span class=\"tourisme-unesco\">L&rsquo;Eglise San Pedro de Lambayeque<\/span><\/div>\n<div>Sur la Plaza de Armas de la ville de Lambayeque.<\/div>\n<div>Elle date de la moiti\u00e9 du XVII\u00e8me si\u00e8cle, et elle se caract\u00e9rise par ses tours jumelles, ses trois nefs et ses arcades de plein cintre. Dans les nefs lat\u00e9rales, on peut admirer les retables de style rococo en bois dor\u00e9, datant du XVIII\u00e8me si\u00e8cle. Le plus r\u00e9put\u00e9 d&rsquo;entre eux, est celui de Nuestra Se\u00f1ora de las Mercedes. Derri\u00e8re certains retables, on a trouv\u00e9 des murs de peintures murales datant du XVII\u00e8mesi\u00e8cle.<\/div>\n<div>&nbsp;<\/div>\n<div><span class=\"tourisme-unesco\">Le Mus\u00e9e National Tumbas Reales de Sip\u00e1n<\/span> (tombeaux royaux du Seigneur de Sip\u00e1n)<\/div>\n<div>D&rsquo;une architecture moderne, il abrite la collection d&rsquo;objets arch\u00e9ologiques d&rsquo;or, d&rsquo;argent, et de cuivre, provenant de la tombe du Seigneur de Sip\u00e1n. Le mus\u00e9e est dirig\u00e9 par l&rsquo;arch\u00e9ologue Walter Alva, g\u00e9rant et directeur du projet, et qui fut aussi celui qui d\u00e9couvrit la s\u00e9pulture dans la zone arch\u00e9ologique de Huaca Rajada, dans la localit\u00e9 de Sip\u00e1n. On peut y admirer des disques ou rondelles (qui se portaient aux oreilles), des sceptres c\u00e9r\u00e9moniels, des m\u00e9daillons, un lourd lingot circulaire d&rsquo;or massif, des anneaux (qui se portaient au nez), des colliers d&rsquo;or en forme de cacahou\u00e8tes et, des coiffes, des \u0153ill\u00e8res, des heaumes et des mentonni\u00e8res en or.<\/div>\n<div>&nbsp;<\/div>\n<div><span class=\"tourisme-unesco\">Le Mus\u00e9e Arch\u00e9ologique National Bruning<\/span><\/div>\n<div>Il expose la collection d&rsquo;objets arch\u00e9ologiques r\u00e9unis par l&rsquo;ethnographe allemand Enrique Bruning. Ses quatre \u00e9tages abritent des objets de poterie, des textiles, des sculptures de pierre, bois, etc. Tous ces objets t\u00e9moignent des hautes qualit\u00e9s artistique et technologique des cultures r\u00e9gionales de ses 5000 derni\u00e8res ann\u00e9es. La &quot;Salle d&rsquo;Or&quot; de ce mus\u00e9e est une preuve de l&rsquo;inestimable valeur historique de l&rsquo;Am\u00e9rique pr\u00e9colombienne.&nbsp;<\/div>\n<div>&nbsp;<\/div>\n<div>&copy; Source PromPeru<\/div>\n<h3>Pr\u00e9parez votre voyage \u00e0 Lambayeque:<\/h3>\n<div><a href=\"https:\/\/www.abc-latina.com\/perou\/agence_de_voyages\">Agences de voyage g\u00e9n\u00e9ralistes et discounteurs<\/a><\/div>\n<div><a href=\"https:\/\/www.abc-latina.com\/perou\/tour_operateur\">Tours Op\u00e9rateurs sp\u00e9cialistes du P\u00e9rou<\/a><\/div>\n<div><a href=\"https:\/\/www.abc-latina.com\/to\/reservation_billet_avion\" target=\"_blank\">R\u00e9servez votre billet d&rsquo;avion<\/a><\/div>\n<div><a href=\"https:\/\/www.abc-latina.com\/perou\/hotels\">R\u00e9servez votre h\u00f4tel \u00e0 Lambayeque<\/a>&nbsp;<\/div>\n<div><a href=\"https:\/\/www.abc-latina.com\/to\/location_de_voiture_perou\" target=\"_blank\">Location de voiture<\/a><\/div>\n","protected":false},"excerpt":{"rendered":"<p>La ville de Lambayeque conserve de belles demeures du vice-royaume comme la Casa C\u00faneo et la Casa Descalzi, mais la [&hellip;]<\/p>\n","protected":false},"author":3,"featured_media":432,"parent":2118,"menu_order":0,"comment_status":"closed","ping_status":"closed","template":"","meta":{"site-sidebar-layout":"default","site-content-layout":"","ast-site-content-layout":"default","site-content-style":"default","site-sidebar-style":"default","ast-global-header-display":"","ast-banner-title-visibility":"","ast-main-header-display":"","ast-hfb-above-header-display":"","ast-hfb-below-header-display":"","ast-hfb-mobile-header-display":"","site-post-title":"","ast-breadcrumbs-content":"","ast-featured-img":"","footer-sml-layout":"","ast-disable-related-posts":"","theme-transparent-header-meta":"","adv-header-id-meta":"","stick-header-meta":"","header-above-stick-meta":"","header-main-stick-meta":"","header-below-stick-meta":"","astra-migrate-meta-layouts":"default","ast-page-background-enabled":"default","ast-page-background-meta":{"desktop":{"background-color":"var(--ast-global-color-5)","background-image":"","background-repeat":"repeat","background-position":"center center","background-size":"auto","background-attachment":"scroll","background-type":"","background-media":"","overlay-type":"","overlay-color":"","overlay-opacity":"","overlay-gradient":""},"tablet":{"background-color":"","background-image":"","background-repeat":"repeat","background-position":"center center","background-size":"auto","background-attachment":"scroll","background-type":"","background-media":"","overlay-type":"","overlay-color":"","overlay-opacity":"","overlay-gradient":""},"mobile":{"background-color":"","background-image":"","background-repeat":"repeat","background-position":"center center","background-size":"auto","background-attachment":"scroll","background-type":"","background-media":"","overlay-type":"","overlay-color":"","overlay-opacity":"","overlay-gradient":""}},"ast-content-background-meta":{"desktop":{"background-color":"var(--ast-global-color-4)","background-image":"","background-repeat":"repeat","background-position":"center center","background-size":"auto","background-attachment":"scroll","background-type":"","background-media":"","overlay-type":"","overlay-color":"","overlay-opacity":"","overlay-gradient":""},"tablet":{"background-color":"var(--ast-global-color-4)","background-image":"","background-repeat":"repeat","background-position":"center center","background-size":"auto","background-attachment":"scroll","background-type":"","background-media":"","overlay-type":"","overlay-color":"","overlay-opacity":"","overlay-gradient":""},"mobile":{"background-color":"var(--ast-global-color-4)","background-image":"","background-repeat":"repeat","background-position":"center center","background-size":"auto","background-attachment":"scroll","background-type":"","background-media":"","overlay-type":"","overlay-color":"","overlay-opacity":"","overlay-gradient":""}},"footnotes":""},"class_list":["post-433","page","type-page","status-publish","has-post-thumbnail","hentry"],"yoast_head":"<!-- This site is optimized with the Yoast SEO plugin v27.5 - https:\/\/yoast.com\/product\/yoast-seo-wordpress\/ -->\n<title>LAMBAYEQUE - Abc-latina<\/title>\n<meta name=\"description\" content=\"La ville de Lambayeque sur la c\u00f4te nord p\u00e9ruvienne.\" \/>\n<meta name=\"robots\" content=\"index, follow, max-snippet:-1, max-image-preview:large, max-video-preview:-1\" \/>\n<link rel=\"canonical\" href=\"https:\/\/abc-latina.com\/perou\/lambayeque\/\" \/>\n<meta property=\"og:locale\" content=\"fr_FR\" \/>\n<meta property=\"og:type\" content=\"article\" \/>\n<meta property=\"og:title\" content=\"LAMBAYEQUE - Abc-latina\" \/>\n<meta property=\"og:description\" content=\"La ville de Lambayeque sur la c\u00f4te nord p\u00e9ruvienne.\" \/>\n<meta property=\"og:url\" content=\"https:\/\/abc-latina.com\/perou\/lambayeque\/\" \/>\n<meta property=\"og:site_name\" content=\"Abc-latina\" \/>\n<meta property=\"article:modified_time\" content=\"2026-04-30T16:25:19+00:00\" \/>\n<meta property=\"og:image\" content=\"https:\/\/abc-latina.com\/wp-content\/uploads\/2010\/06\/lambayeque.jpg\" \/>\n\t<meta property=\"og:image:width\" content=\"250\" \/>\n\t<meta property=\"og:image:height\" content=\"250\" \/>\n\t<meta property=\"og:image:type\" content=\"image\/jpeg\" \/>\n<meta name=\"twitter:card\" content=\"summary_large_image\" \/>\n<meta name=\"twitter:label1\" content=\"Dur\u00e9e de lecture estim\u00e9e\" \/>\n\t<meta name=\"twitter:data1\" content=\"2 minutes\" \/>\n<script type=\"application\/ld+json\" class=\"yoast-schema-graph\">{\"@context\":\"https:\\\/\\\/schema.org\",\"@graph\":[{\"@type\":\"WebPage\",\"@id\":\"https:\\\/\\\/abc-latina.com\\\/perou\\\/lambayeque\\\/\",\"url\":\"https:\\\/\\\/abc-latina.com\\\/perou\\\/lambayeque\\\/\",\"name\":\"LAMBAYEQUE - Abc-latina\",\"isPartOf\":{\"@id\":\"https:\\\/\\\/abc-latina.com\\\/#website\"},\"primaryImageOfPage\":{\"@id\":\"https:\\\/\\\/abc-latina.com\\\/perou\\\/lambayeque\\\/#primaryimage\"},\"image\":{\"@id\":\"https:\\\/\\\/abc-latina.com\\\/perou\\\/lambayeque\\\/#primaryimage\"},\"thumbnailUrl\":\"https:\\\/\\\/abc-latina.com\\\/wp-content\\\/uploads\\\/2010\\\/06\\\/lambayeque.jpg\",\"datePublished\":\"2010-06-07T20:00:58+00:00\",\"dateModified\":\"2026-04-30T16:25:19+00:00\",\"description\":\"La ville de Lambayeque sur la c\u00f4te nord p\u00e9ruvienne.\",\"breadcrumb\":{\"@id\":\"https:\\\/\\\/abc-latina.com\\\/perou\\\/lambayeque\\\/#breadcrumb\"},\"inLanguage\":\"fr-FR\",\"potentialAction\":[{\"@type\":\"ReadAction\",\"target\":[\"https:\\\/\\\/abc-latina.com\\\/perou\\\/lambayeque\\\/\"]}]},{\"@type\":\"ImageObject\",\"inLanguage\":\"fr-FR\",\"@id\":\"https:\\\/\\\/abc-latina.com\\\/perou\\\/lambayeque\\\/#primaryimage\",\"url\":\"https:\\\/\\\/abc-latina.com\\\/wp-content\\\/uploads\\\/2010\\\/06\\\/lambayeque.jpg\",\"contentUrl\":\"https:\\\/\\\/abc-latina.com\\\/wp-content\\\/uploads\\\/2010\\\/06\\\/lambayeque.jpg\",\"width\":250,\"height\":250},{\"@type\":\"BreadcrumbList\",\"@id\":\"https:\\\/\\\/abc-latina.com\\\/perou\\\/lambayeque\\\/#breadcrumb\",\"itemListElement\":[{\"@type\":\"ListItem\",\"position\":1,\"name\":\"Accueil\",\"item\":\"https:\\\/\\\/abc-latina.com\\\/\"},{\"@type\":\"ListItem\",\"position\":2,\"name\":\"LAMBAYEQUE\"}]},{\"@type\":\"WebSite\",\"@id\":\"https:\\\/\\\/abc-latina.com\\\/#website\",\"url\":\"https:\\\/\\\/abc-latina.com\\\/\",\"name\":\"Abc-latina\",\"description\":\"\",\"publisher\":{\"@id\":\"https:\\\/\\\/abc-latina.com\\\/#organization\"},\"potentialAction\":[{\"@type\":\"SearchAction\",\"target\":{\"@type\":\"EntryPoint\",\"urlTemplate\":\"https:\\\/\\\/abc-latina.com\\\/?s={search_term_string}\"},\"query-input\":{\"@type\":\"PropertyValueSpecification\",\"valueRequired\":true,\"valueName\":\"search_term_string\"}}],\"inLanguage\":\"fr-FR\"},{\"@type\":\"Organization\",\"@id\":\"https:\\\/\\\/abc-latina.com\\\/#organization\",\"name\":\"Abc-latina\",\"url\":\"https:\\\/\\\/abc-latina.com\\\/\",\"logo\":{\"@type\":\"ImageObject\",\"inLanguage\":\"fr-FR\",\"@id\":\"https:\\\/\\\/abc-latina.com\\\/#\\\/schema\\\/logo\\\/image\\\/\",\"url\":\"https:\\\/\\\/abc-latina.com\\\/wp-content\\\/uploads\\\/2026\\\/05\\\/cropped-logo.gif\",\"contentUrl\":\"https:\\\/\\\/abc-latina.com\\\/wp-content\\\/uploads\\\/2026\\\/05\\\/cropped-logo.gif\",\"width\":89,\"height\":84,\"caption\":\"Abc-latina\"},\"image\":{\"@id\":\"https:\\\/\\\/abc-latina.com\\\/#\\\/schema\\\/logo\\\/image\\\/\"}}]}<\/script>\n<!-- \/ Yoast SEO plugin. -->","yoast_head_json":{"title":"LAMBAYEQUE - Abc-latina","description":"La ville de Lambayeque sur la c\u00f4te nord p\u00e9ruvienne.","robots":{"index":"index","follow":"follow","max-snippet":"max-snippet:-1","max-image-preview":"max-image-preview:large","max-video-preview":"max-video-preview:-1"},"canonical":"https:\/\/abc-latina.com\/perou\/lambayeque\/","og_locale":"fr_FR","og_type":"article","og_title":"LAMBAYEQUE - Abc-latina","og_description":"La ville de Lambayeque sur la c\u00f4te nord p\u00e9ruvienne.","og_url":"https:\/\/abc-latina.com\/perou\/lambayeque\/","og_site_name":"Abc-latina","article_modified_time":"2026-04-30T16:25:19+00:00","og_image":[{"width":250,"height":250,"url":"https:\/\/abc-latina.com\/wp-content\/uploads\/2010\/06\/lambayeque.jpg","type":"image\/jpeg"}],"twitter_card":"summary_large_image","twitter_misc":{"Dur\u00e9e de lecture estim\u00e9e":"2 minutes"},"schema":{"@context":"https:\/\/schema.org","@graph":[{"@type":"WebPage","@id":"https:\/\/abc-latina.com\/perou\/lambayeque\/","url":"https:\/\/abc-latina.com\/perou\/lambayeque\/","name":"LAMBAYEQUE - Abc-latina","isPartOf":{"@id":"https:\/\/abc-latina.com\/#website"},"primaryImageOfPage":{"@id":"https:\/\/abc-latina.com\/perou\/lambayeque\/#primaryimage"},"image":{"@id":"https:\/\/abc-latina.com\/perou\/lambayeque\/#primaryimage"},"thumbnailUrl":"https:\/\/abc-latina.com\/wp-content\/uploads\/2010\/06\/lambayeque.jpg","datePublished":"2010-06-07T20:00:58+00:00","dateModified":"2026-04-30T16:25:19+00:00","description":"La ville de Lambayeque sur la c\u00f4te nord p\u00e9ruvienne.","breadcrumb":{"@id":"https:\/\/abc-latina.com\/perou\/lambayeque\/#breadcrumb"},"inLanguage":"fr-FR","potentialAction":[{"@type":"ReadAction","target":["https:\/\/abc-latina.com\/perou\/lambayeque\/"]}]},{"@type":"ImageObject","inLanguage":"fr-FR","@id":"https:\/\/abc-latina.com\/perou\/lambayeque\/#primaryimage","url":"https:\/\/abc-latina.com\/wp-content\/uploads\/2010\/06\/lambayeque.jpg","contentUrl":"https:\/\/abc-latina.com\/wp-content\/uploads\/2010\/06\/lambayeque.jpg","width":250,"height":250},{"@type":"BreadcrumbList","@id":"https:\/\/abc-latina.com\/perou\/lambayeque\/#breadcrumb","itemListElement":[{"@type":"ListItem","position":1,"name":"Accueil","item":"https:\/\/abc-latina.com\/"},{"@type":"ListItem","position":2,"name":"LAMBAYEQUE"}]},{"@type":"WebSite","@id":"https:\/\/abc-latina.com\/#website","url":"https:\/\/abc-latina.com\/","name":"Abc-latina","description":"","publisher":{"@id":"https:\/\/abc-latina.com\/#organization"},"potentialAction":[{"@type":"SearchAction","target":{"@type":"EntryPoint","urlTemplate":"https:\/\/abc-latina.com\/?s={search_term_string}"},"query-input":{"@type":"PropertyValueSpecification","valueRequired":true,"valueName":"search_term_string"}}],"inLanguage":"fr-FR"},{"@type":"Organization","@id":"https:\/\/abc-latina.com\/#organization","name":"Abc-latina","url":"https:\/\/abc-latina.com\/","logo":{"@type":"ImageObject","inLanguage":"fr-FR","@id":"https:\/\/abc-latina.com\/#\/schema\/logo\/image\/","url":"https:\/\/abc-latina.com\/wp-content\/uploads\/2026\/05\/cropped-logo.gif","contentUrl":"https:\/\/abc-latina.com\/wp-content\/uploads\/2026\/05\/cropped-logo.gif","width":89,"height":84,"caption":"Abc-latina"},"image":{"@id":"https:\/\/abc-latina.com\/#\/schema\/logo\/image\/"}}]}},"_links":{"self":[{"href":"https:\/\/abc-latina.com\/wp-json\/wp\/v2\/pages\/433","targetHints":{"allow":["GET"]}}],"collection":[{"href":"https:\/\/abc-latina.com\/wp-json\/wp\/v2\/pages"}],"about":[{"href":"https:\/\/abc-latina.com\/wp-json\/wp\/v2\/types\/page"}],"author":[{"embeddable":true,"href":"https:\/\/abc-latina.com\/wp-json\/wp\/v2\/users\/3"}],"replies":[{"embeddable":true,"href":"https:\/\/abc-latina.com\/wp-json\/wp\/v2\/comments?post=433"}],"version-history":[{"count":1,"href":"https:\/\/abc-latina.com\/wp-json\/wp\/v2\/pages\/433\/revisions"}],"predecessor-version":[{"id":3777,"href":"https:\/\/abc-latina.com\/wp-json\/wp\/v2\/pages\/433\/revisions\/3777"}],"up":[{"embeddable":true,"href":"https:\/\/abc-latina.com\/wp-json\/wp\/v2\/pages\/2118"}],"wp:featuredmedia":[{"embeddable":true,"href":"https:\/\/abc-latina.com\/wp-json\/wp\/v2\/media\/432"}],"wp:attachment":[{"href":"https:\/\/abc-latina.com\/wp-json\/wp\/v2\/media?parent=433"}],"curies":[{"name":"wp","href":"https:\/\/api.w.org\/{rel}","templated":true}]}}