{"id":435,"date":"2010-06-07T22:03:21","date_gmt":"2010-06-07T20:03:21","guid":{"rendered":"http:\/\/abc-latina.com\/lignes_nazca-htm\/"},"modified":"2026-04-30T18:25:19","modified_gmt":"2026-04-30T16:25:19","slug":"lignes_nazca","status":"publish","type":"page","link":"https:\/\/abc-latina.com\/perou\/lignes_nazca\/","title":{"rendered":"Les LIGNES de NAZCA"},"content":{"rendered":"<div><img loading=\"lazy\" decoding=\"async\" class=\" alignright size-full wp-image-434\" src=\"http:\/\/abc-latina.com\/wp-content\/uploads\/2010\/06\/picaflor.gif\" style=\"margin: 5px 22px; float: right;\" alt=\"\" width=\"132\" height=\"162\" \/>Ces lignes \u00e9nigmatiques et myst\u00e9rieuses furent d\u00e9couvertes par hasard en 1939 par l&rsquo;am\u00e9ricain Paul Kosok au cours d&rsquo;un survol de la r\u00e9gion alors qu&rsquo;il travaillait sur les r\u00e9seaux d&rsquo;aqueducs. Parmi l&rsquo;entrelacs de lignes g\u00e9om\u00e9triques de taille gigantesque qui s&rsquo;y trouvent, on a identifi\u00e9 18 figures animales grav\u00e9es dans le sol, dont un singe, une araign\u00e9e, des oiseaux, un l\u00e9zard et un chien. Certaines lignes et dessins franchissent m\u00eame des vall\u00e9es et des montagnes, comme l&rsquo;\u00e9trange &quot; homme-hibou &quot; ou homme extraterrestre.<\/div>\n<div>La situation de ces lignes g\u00e9antes au milieu du d\u00e9sert aride qui n&rsquo;enregistre que de tr\u00e8s faibles pr\u00e9cipitations annuelles a permis que ces lignes soient prot\u00e9g\u00e9es de l&rsquo;\u00e9rosion et des outrages du temps.&nbsp;<\/div>\n<div>L&rsquo;existence des lignes de Nazca pose plus d&rsquo;une question, mais la premi\u00e8re qui vient \u00e0 l&rsquo;esprit est sans doute la suivante : puisqu&rsquo;il est impossible de les observer \u00e0 m\u00eame le sol, pour qui furent-elles trac\u00e9es et par quels moyens ?&nbsp;<\/div>\n<div>On ne r\u00e9ussit pas \u00e0 dessiner parfaitement des figures dans la taille varie entre 50 m et 300 m de fa\u00e7on fort approximative. Ces dessins sont donc le r\u00e9sultat d&rsquo;un long travail m\u00e9thodique et tr\u00e8s pr\u00e9cis. Les pierres naturelles qui reposaient sur le sol furent soigneusement enlev\u00e9es, et le sillon ainsi form\u00e9 fut bord\u00e9 par certaines d&rsquo;entre elles afin d&rsquo;accuser davantage son relief.&nbsp;<\/div>\n<div>Plusieurs ont tent\u00e9 d&rsquo;\u00e9lucider le myst\u00e8re qui entoure toujours ces \u00e9tranges g\u00e9oglyphes. Malgr\u00e9 tout, les questions fusent de partout et les r\u00e9ponses s\u00e9rieusement document\u00e9es se font rares pour ne pas dire inexistantes. Depuis la d\u00e9couverte des lignes, certains, \u00e0 court d&rsquo;arguments, ont m\u00eame avanc\u00e9 qu&rsquo;elles sont le r\u00e9sultat de l&rsquo;intervention d&rsquo;extraterrestres.<\/div>\n<div>Les ann\u00e9es se suivent et les lignes de Nazca continuent \u00e0 stup\u00e9fier les touristes et \u00e0 d\u00e9concerter les historiens. Leur message est peut-\u00eatre inscrit dans le sol, mais le d\u00e9sert refuse toujours de d\u00e9voiler ses secrets.&nbsp;<\/div>\n<div><a href=\"https:\/\/www.abc-latina.com\/personnalites\/maria_reiche\" target=\"_blank\">Maria Reiche<\/a>, une informaticienne allemande consacra une grande partie de sa vie pour faire conna\u00eetre au monde ces fameux dessins.<\/div>\n<h3>Pr\u00e9parez votre voyage \u00e0 Nazca:<\/h3>\n<div><a href=\"https:\/\/www.abc-latina.com\/perou\/agence_de_voyages\">Agences de voyage g\u00e9n\u00e9ralistes et discounteurs<\/a><\/div>\n<div><a href=\"https:\/\/www.abc-latina.com\/perou\/tour_operateur\">Tours Op\u00e9rateurs sp\u00e9cialistes du P\u00e9rou<\/a><\/div>\n<div><a href=\"https:\/\/www.abc-latina.com\/to\/reservation_billet_avion\" target=\"_blank\">R\u00e9servez votre billet d&rsquo;avion<\/a><\/div>\n<div><a href=\"https:\/\/www.abc-latina.com\/perou\/hotels\">R\u00e9servez votre h\u00f4tel \u00e0 Nazca<\/a>&nbsp;<\/div>\n<div><a href=\"https:\/\/www.abc-latina.com\/to\/location_de_voiture_perou\" target=\"_blank\">Location de voiture<\/a><\/div>\n<p>&nbsp;<\/p>\n","protected":false},"excerpt":{"rendered":"<p>Ces lignes \u00e9nigmatiques et myst\u00e9rieuses furent d\u00e9couvertes par hasard en 1939 par l&rsquo;am\u00e9ricain Paul Kosok au cours d&rsquo;un survol de [&hellip;]<\/p>\n","protected":false},"author":3,"featured_media":434,"parent":2118,"menu_order":0,"comment_status":"closed","ping_status":"closed","template":"","meta":{"site-sidebar-layout":"default","site-content-layout":"","ast-site-content-layout":"default","site-content-style":"default","site-sidebar-style":"default","ast-global-header-display":"","ast-banner-title-visibility":"","ast-main-header-display":"","ast-hfb-above-header-display":"","ast-hfb-below-header-display":"","ast-hfb-mobile-header-display":"","site-post-title":"","ast-breadcrumbs-content":"","ast-featured-img":"","footer-sml-layout":"","ast-disable-related-posts":"","theme-transparent-header-meta":"","adv-header-id-meta":"","stick-header-meta":"","header-above-stick-meta":"","header-main-stick-meta":"","header-below-stick-meta":"","astra-migrate-meta-layouts":"default","ast-page-background-enabled":"default","ast-page-background-meta":{"desktop":{"background-color":"var(--ast-global-color-5)","background-image":"","background-repeat":"repeat","background-position":"center center","background-size":"auto","background-attachment":"scroll","background-type":"","background-media":"","overlay-type":"","overlay-color":"","overlay-opacity":"","overlay-gradient":""},"tablet":{"background-color":"","background-image":"","background-repeat":"repeat","background-position":"center center","background-size":"auto","background-attachment":"scroll","background-type":"","background-media":"","overlay-type":"","overlay-color":"","overlay-opacity":"","overlay-gradient":""},"mobile":{"background-color":"","background-image":"","background-repeat":"repeat","background-position":"center center","background-size":"auto","background-attachment":"scroll","background-type":"","background-media":"","overlay-type":"","overlay-color":"","overlay-opacity":"","overlay-gradient":""}},"ast-content-background-meta":{"desktop":{"background-color":"var(--ast-global-color-4)","background-image":"","background-repeat":"repeat","background-position":"center center","background-size":"auto","background-attachment":"scroll","background-type":"","background-media":"","overlay-type":"","overlay-color":"","overlay-opacity":"","overlay-gradient":""},"tablet":{"background-color":"var(--ast-global-color-4)","background-image":"","background-repeat":"repeat","background-position":"center center","background-size":"auto","background-attachment":"scroll","background-type":"","background-media":"","overlay-type":"","overlay-color":"","overlay-opacity":"","overlay-gradient":""},"mobile":{"background-color":"var(--ast-global-color-4)","background-image":"","background-repeat":"repeat","background-position":"center center","background-size":"auto","background-attachment":"scroll","background-type":"","background-media":"","overlay-type":"","overlay-color":"","overlay-opacity":"","overlay-gradient":""}},"footnotes":""},"class_list":["post-435","page","type-page","status-publish","has-post-thumbnail","hentry"],"yoast_head":"<!-- This site is optimized with the Yoast SEO plugin v27.5 - https:\/\/yoast.com\/product\/yoast-seo-wordpress\/ -->\n<title>Les LIGNES de NAZCA - Abc-latina<\/title>\n<meta name=\"description\" content=\"D\u00e9couverte et visite des lignes de Nazca.\" \/>\n<meta name=\"robots\" content=\"index, follow, max-snippet:-1, max-image-preview:large, max-video-preview:-1\" \/>\n<link rel=\"canonical\" href=\"https:\/\/abc-latina.com\/perou\/lignes_nazca\/\" \/>\n<meta property=\"og:locale\" content=\"fr_FR\" \/>\n<meta property=\"og:type\" content=\"article\" \/>\n<meta property=\"og:title\" content=\"Les LIGNES de NAZCA - Abc-latina\" \/>\n<meta property=\"og:description\" content=\"D\u00e9couverte et visite des lignes de Nazca.\" \/>\n<meta property=\"og:url\" content=\"https:\/\/abc-latina.com\/perou\/lignes_nazca\/\" \/>\n<meta property=\"og:site_name\" content=\"Abc-latina\" \/>\n<meta property=\"article:modified_time\" content=\"2026-04-30T16:25:19+00:00\" \/>\n<meta property=\"og:image\" content=\"https:\/\/abc-latina.com\/wp-content\/uploads\/2010\/06\/picaflor.gif\" \/>\n\t<meta property=\"og:image:width\" content=\"132\" \/>\n\t<meta property=\"og:image:height\" content=\"162\" \/>\n\t<meta property=\"og:image:type\" content=\"image\/gif\" \/>\n<meta name=\"twitter:card\" content=\"summary_large_image\" \/>\n<meta name=\"twitter:label1\" content=\"Dur\u00e9e de lecture estim\u00e9e\" \/>\n\t<meta name=\"twitter:data1\" content=\"2 minutes\" \/>\n<script type=\"application\/ld+json\" class=\"yoast-schema-graph\">{\"@context\":\"https:\\\/\\\/schema.org\",\"@graph\":[{\"@type\":\"WebPage\",\"@id\":\"https:\\\/\\\/abc-latina.com\\\/perou\\\/lignes_nazca\\\/\",\"url\":\"https:\\\/\\\/abc-latina.com\\\/perou\\\/lignes_nazca\\\/\",\"name\":\"Les LIGNES de NAZCA - Abc-latina\",\"isPartOf\":{\"@id\":\"https:\\\/\\\/abc-latina.com\\\/#website\"},\"primaryImageOfPage\":{\"@id\":\"https:\\\/\\\/abc-latina.com\\\/perou\\\/lignes_nazca\\\/#primaryimage\"},\"image\":{\"@id\":\"https:\\\/\\\/abc-latina.com\\\/perou\\\/lignes_nazca\\\/#primaryimage\"},\"thumbnailUrl\":\"https:\\\/\\\/abc-latina.com\\\/wp-content\\\/uploads\\\/2010\\\/06\\\/picaflor.gif\",\"datePublished\":\"2010-06-07T20:03:21+00:00\",\"dateModified\":\"2026-04-30T16:25:19+00:00\",\"description\":\"D\u00e9couverte et visite des lignes de Nazca.\",\"breadcrumb\":{\"@id\":\"https:\\\/\\\/abc-latina.com\\\/perou\\\/lignes_nazca\\\/#breadcrumb\"},\"inLanguage\":\"fr-FR\",\"potentialAction\":[{\"@type\":\"ReadAction\",\"target\":[\"https:\\\/\\\/abc-latina.com\\\/perou\\\/lignes_nazca\\\/\"]}]},{\"@type\":\"ImageObject\",\"inLanguage\":\"fr-FR\",\"@id\":\"https:\\\/\\\/abc-latina.com\\\/perou\\\/lignes_nazca\\\/#primaryimage\",\"url\":\"https:\\\/\\\/abc-latina.com\\\/wp-content\\\/uploads\\\/2010\\\/06\\\/picaflor.gif\",\"contentUrl\":\"https:\\\/\\\/abc-latina.com\\\/wp-content\\\/uploads\\\/2010\\\/06\\\/picaflor.gif\",\"width\":132,\"height\":162},{\"@type\":\"BreadcrumbList\",\"@id\":\"https:\\\/\\\/abc-latina.com\\\/perou\\\/lignes_nazca\\\/#breadcrumb\",\"itemListElement\":[{\"@type\":\"ListItem\",\"position\":1,\"name\":\"Accueil\",\"item\":\"https:\\\/\\\/abc-latina.com\\\/\"},{\"@type\":\"ListItem\",\"position\":2,\"name\":\"Les LIGNES de NAZCA\"}]},{\"@type\":\"WebSite\",\"@id\":\"https:\\\/\\\/abc-latina.com\\\/#website\",\"url\":\"https:\\\/\\\/abc-latina.com\\\/\",\"name\":\"Abc-latina\",\"description\":\"\",\"publisher\":{\"@id\":\"https:\\\/\\\/abc-latina.com\\\/#organization\"},\"potentialAction\":[{\"@type\":\"SearchAction\",\"target\":{\"@type\":\"EntryPoint\",\"urlTemplate\":\"https:\\\/\\\/abc-latina.com\\\/?s={search_term_string}\"},\"query-input\":{\"@type\":\"PropertyValueSpecification\",\"valueRequired\":true,\"valueName\":\"search_term_string\"}}],\"inLanguage\":\"fr-FR\"},{\"@type\":\"Organization\",\"@id\":\"https:\\\/\\\/abc-latina.com\\\/#organization\",\"name\":\"Abc-latina\",\"url\":\"https:\\\/\\\/abc-latina.com\\\/\",\"logo\":{\"@type\":\"ImageObject\",\"inLanguage\":\"fr-FR\",\"@id\":\"https:\\\/\\\/abc-latina.com\\\/#\\\/schema\\\/logo\\\/image\\\/\",\"url\":\"https:\\\/\\\/abc-latina.com\\\/wp-content\\\/uploads\\\/2026\\\/05\\\/cropped-logo.gif\",\"contentUrl\":\"https:\\\/\\\/abc-latina.com\\\/wp-content\\\/uploads\\\/2026\\\/05\\\/cropped-logo.gif\",\"width\":89,\"height\":84,\"caption\":\"Abc-latina\"},\"image\":{\"@id\":\"https:\\\/\\\/abc-latina.com\\\/#\\\/schema\\\/logo\\\/image\\\/\"}}]}<\/script>\n<!-- \/ Yoast SEO plugin. -->","yoast_head_json":{"title":"Les LIGNES de NAZCA - Abc-latina","description":"D\u00e9couverte et visite des lignes de Nazca.","robots":{"index":"index","follow":"follow","max-snippet":"max-snippet:-1","max-image-preview":"max-image-preview:large","max-video-preview":"max-video-preview:-1"},"canonical":"https:\/\/abc-latina.com\/perou\/lignes_nazca\/","og_locale":"fr_FR","og_type":"article","og_title":"Les LIGNES de NAZCA - Abc-latina","og_description":"D\u00e9couverte et visite des lignes de Nazca.","og_url":"https:\/\/abc-latina.com\/perou\/lignes_nazca\/","og_site_name":"Abc-latina","article_modified_time":"2026-04-30T16:25:19+00:00","og_image":[{"width":132,"height":162,"url":"https:\/\/abc-latina.com\/wp-content\/uploads\/2010\/06\/picaflor.gif","type":"image\/gif"}],"twitter_card":"summary_large_image","twitter_misc":{"Dur\u00e9e de lecture estim\u00e9e":"2 minutes"},"schema":{"@context":"https:\/\/schema.org","@graph":[{"@type":"WebPage","@id":"https:\/\/abc-latina.com\/perou\/lignes_nazca\/","url":"https:\/\/abc-latina.com\/perou\/lignes_nazca\/","name":"Les LIGNES de NAZCA - Abc-latina","isPartOf":{"@id":"https:\/\/abc-latina.com\/#website"},"primaryImageOfPage":{"@id":"https:\/\/abc-latina.com\/perou\/lignes_nazca\/#primaryimage"},"image":{"@id":"https:\/\/abc-latina.com\/perou\/lignes_nazca\/#primaryimage"},"thumbnailUrl":"https:\/\/abc-latina.com\/wp-content\/uploads\/2010\/06\/picaflor.gif","datePublished":"2010-06-07T20:03:21+00:00","dateModified":"2026-04-30T16:25:19+00:00","description":"D\u00e9couverte et visite des lignes de Nazca.","breadcrumb":{"@id":"https:\/\/abc-latina.com\/perou\/lignes_nazca\/#breadcrumb"},"inLanguage":"fr-FR","potentialAction":[{"@type":"ReadAction","target":["https:\/\/abc-latina.com\/perou\/lignes_nazca\/"]}]},{"@type":"ImageObject","inLanguage":"fr-FR","@id":"https:\/\/abc-latina.com\/perou\/lignes_nazca\/#primaryimage","url":"https:\/\/abc-latina.com\/wp-content\/uploads\/2010\/06\/picaflor.gif","contentUrl":"https:\/\/abc-latina.com\/wp-content\/uploads\/2010\/06\/picaflor.gif","width":132,"height":162},{"@type":"BreadcrumbList","@id":"https:\/\/abc-latina.com\/perou\/lignes_nazca\/#breadcrumb","itemListElement":[{"@type":"ListItem","position":1,"name":"Accueil","item":"https:\/\/abc-latina.com\/"},{"@type":"ListItem","position":2,"name":"Les LIGNES de NAZCA"}]},{"@type":"WebSite","@id":"https:\/\/abc-latina.com\/#website","url":"https:\/\/abc-latina.com\/","name":"Abc-latina","description":"","publisher":{"@id":"https:\/\/abc-latina.com\/#organization"},"potentialAction":[{"@type":"SearchAction","target":{"@type":"EntryPoint","urlTemplate":"https:\/\/abc-latina.com\/?s={search_term_string}"},"query-input":{"@type":"PropertyValueSpecification","valueRequired":true,"valueName":"search_term_string"}}],"inLanguage":"fr-FR"},{"@type":"Organization","@id":"https:\/\/abc-latina.com\/#organization","name":"Abc-latina","url":"https:\/\/abc-latina.com\/","logo":{"@type":"ImageObject","inLanguage":"fr-FR","@id":"https:\/\/abc-latina.com\/#\/schema\/logo\/image\/","url":"https:\/\/abc-latina.com\/wp-content\/uploads\/2026\/05\/cropped-logo.gif","contentUrl":"https:\/\/abc-latina.com\/wp-content\/uploads\/2026\/05\/cropped-logo.gif","width":89,"height":84,"caption":"Abc-latina"},"image":{"@id":"https:\/\/abc-latina.com\/#\/schema\/logo\/image\/"}}]}},"_links":{"self":[{"href":"https:\/\/abc-latina.com\/wp-json\/wp\/v2\/pages\/435","targetHints":{"allow":["GET"]}}],"collection":[{"href":"https:\/\/abc-latina.com\/wp-json\/wp\/v2\/pages"}],"about":[{"href":"https:\/\/abc-latina.com\/wp-json\/wp\/v2\/types\/page"}],"author":[{"embeddable":true,"href":"https:\/\/abc-latina.com\/wp-json\/wp\/v2\/users\/3"}],"replies":[{"embeddable":true,"href":"https:\/\/abc-latina.com\/wp-json\/wp\/v2\/comments?post=435"}],"version-history":[{"count":1,"href":"https:\/\/abc-latina.com\/wp-json\/wp\/v2\/pages\/435\/revisions"}],"predecessor-version":[{"id":3778,"href":"https:\/\/abc-latina.com\/wp-json\/wp\/v2\/pages\/435\/revisions\/3778"}],"up":[{"embeddable":true,"href":"https:\/\/abc-latina.com\/wp-json\/wp\/v2\/pages\/2118"}],"wp:featuredmedia":[{"embeddable":true,"href":"https:\/\/abc-latina.com\/wp-json\/wp\/v2\/media\/434"}],"wp:attachment":[{"href":"https:\/\/abc-latina.com\/wp-json\/wp\/v2\/media?parent=435"}],"curies":[{"name":"wp","href":"https:\/\/api.w.org\/{rel}","templated":true}]}}