{"id":437,"date":"2010-06-07T22:05:26","date_gmt":"2010-06-07T20:05:26","guid":{"rendered":"http:\/\/abc-latina.com\/paracas-htm\/"},"modified":"2026-04-30T18:25:19","modified_gmt":"2026-04-30T16:25:19","slug":"paracas","status":"publish","type":"page","link":"https:\/\/abc-latina.com\/perou\/paracas\/","title":{"rendered":"PARACAS"},"content":{"rendered":"<div><img loading=\"lazy\" decoding=\"async\" class=\" alignright size-full wp-image-436\" src=\"http:\/\/abc-latina.com\/wp-content\/uploads\/2010\/06\/paracas.jpg\" alt=\"\" width=\"250\" vspace=\"9\" hspace=\"15\" height=\"250\" align=\"right\" srcset=\"https:\/\/abc-latina.com\/wp-content\/uploads\/2010\/06\/paracas.jpg 250w, https:\/\/abc-latina.com\/wp-content\/uploads\/2010\/06\/paracas-150x150.jpg 150w\" sizes=\"auto, (max-width: 250px) 100vw, 250px\" \/>Le d\u00e9sert et la mer se rencontrent merveilleusement \u00e0 <span class=\"tourisme-chapitre\">Paracas<\/span>, dans le d\u00e9partement d&rsquo;Ica, \u00e0 quelques heures au sud de Lima. Les falaises au bord des plages sont pleines de vie. Des millions d&rsquo;oiseaux y trouvent refuge et d&rsquo;autres milliers arrivent en provenance du nord et du sud. L&rsquo;on y trouve -entre autres- des oiseaux guaniers et des pingouins de Humboldt.<\/div>\n<div>&nbsp;<\/div>\n<div><span class=\"tourisme-unesco\">La R\u00e9serve Nationale de Paracas<\/span><\/div>\n<div>Avec ses 335 mille ha, ce site est le refuge des phoques, des pingouins d&rsquo;Humboldt, des flamants roses ou parihuanas, et de beaucoup d&rsquo;autre oiseaux. Diff\u00e9rentes visites peuvent se faire dans la r\u00e9serve, car elle compte de nombreuses curiosit\u00e9s naturelles et arch\u00e9ologiques. Parmi eux, le Candelabro (Le cand\u00e9labre), un g\u00e9oglyphe de plus de 120 m\u00e8tres de long que l&rsquo;on peut mieux observer depuis la mer.&nbsp;<\/div>\n<div>&nbsp;<\/div>\n<div>Le Centro de Interpretaci\u00f3n offre une int\u00e9ressante explication de la biodiversit\u00e9 et les dangers qu&rsquo;affronte ce milieu fragile. Aussi, le Mus\u00e9e du Site Julio C. Tello expose en permanence des pi\u00e8ces de la culture Paracas trouv\u00e9es dans les cimeti\u00e8res de la r\u00e9gion.<\/div>\n<div>&nbsp;<\/div>\n<div><span class=\"tourisme-unesco\">Les \u00celes Ballestas<\/span><\/div>\n<div>Situ\u00e9es en dehors de la r\u00e9serve. Elles constituent l&rsquo;habitat d&rsquo;une grande vari\u00e9t\u00e9 d&rsquo;oiseaux et de phoques, que l&rsquo;on peut facilement observer depuis un bateau \u00e0 moteur. Cette excursion depuis Paracas est une des plus courantes.Des embarcations partent du port vers les \u00eeles Ballestas o\u00f9 il est possible d&rsquo;\u00eatre en contact presque direct avec les loups de mer qui hurlent en signal de bienvenue et de contestation.&nbsp;<\/div>\n<div>&nbsp;<\/div>\n<div>En prenant la route on peut arriver jusqu&rsquo;au port de Pejerrey, \u00e0 partir duquel on peut distinguer la figure du Cand\u00e9labre sur le coteau d&rsquo;une colline, semblable \u00e0 celles des lignes de Nasca mais probablement avec une origine diff\u00e9rente, attribu\u00e9e aux pirates qui auraient voulu signaler la pr\u00e9sence d&rsquo;un tr\u00e9sor ou \u00e0 des combattants de l&rsquo;ind\u00e9pendance, qui sait&#8230;<\/div>\n<div>&nbsp;<\/div>\n<div>Par la suite, le circuit traditionnel nous conduit au mus\u00e9e local et aux n\u00e9cropoles de la civilisation Paracas (700 avant J.C.) dont l&rsquo;art textile surprend encore le monde entier. Le parcours nous conduit vers une petite baie, habitat naturel de parihuanas (esp\u00e8ces de flamants roses) oiseaux aux couleurs rouge et blanc que l&rsquo;on ne doit pas perturber (qui ont inspir\u00e9 la facture du drapeau p\u00e9ruvien). Vers le sud, les plages pr\u00e9sentent -encore une fois- des formations rocheuses d&rsquo;une rare beaut\u00e9 comme &laquo;La Cath\u00e9drale&raquo; et &laquo;Mendieta&raquo;. A Paracas, les couchers de soleil semblent se mettre d&rsquo;accord avec le paysage pour colorer la mer et conduire en ville les voyageurs nostalgiques.&nbsp;<\/div>\n<div>&nbsp;<\/div>\n<div>&copy; Source PromPeru<\/div>\n<h3>Pr\u00e9parez votre voyage \u00e0 Paracas:<\/h3>\n<div><a href=\"https:\/\/www.abc-latina.com\/perou\/agence_de_voyages\">Agences de voyage g\u00e9n\u00e9ralistes et discounteurs<\/a><\/div>\n<div><a href=\"https:\/\/www.abc-latina.com\/perou\/tour_operateur\">Tours Op\u00e9rateurs sp\u00e9cialistes du P\u00e9rou<\/a><\/div>\n<div><a href=\"https:\/\/www.abc-latina.com\/to\/reservation_billet_avion\" target=\"_blank\">R\u00e9servez votre billet d&rsquo;avion<\/a><\/div>\n<div><a href=\"https:\/\/www.abc-latina.com\/perou\/hotels\">R\u00e9servez votre h\u00f4tel \u00e0 Paracas<\/a>&nbsp;<\/div>\n<div><a href=\"https:\/\/www.abc-latina.com\/to\/location_de_voiture_perou\" target=\"_blank\">Location de voiture<\/a><\/div>\n","protected":false},"excerpt":{"rendered":"<p>Le d\u00e9sert et la mer se rencontrent merveilleusement \u00e0 Paracas, dans le d\u00e9partement d&rsquo;Ica, \u00e0 quelques heures au sud de [&hellip;]<\/p>\n","protected":false},"author":3,"featured_media":436,"parent":2118,"menu_order":0,"comment_status":"closed","ping_status":"closed","template":"","meta":{"site-sidebar-layout":"default","site-content-layout":"","ast-site-content-layout":"default","site-content-style":"default","site-sidebar-style":"default","ast-global-header-display":"","ast-banner-title-visibility":"","ast-main-header-display":"","ast-hfb-above-header-display":"","ast-hfb-below-header-display":"","ast-hfb-mobile-header-display":"","site-post-title":"","ast-breadcrumbs-content":"","ast-featured-img":"","footer-sml-layout":"","ast-disable-related-posts":"","theme-transparent-header-meta":"","adv-header-id-meta":"","stick-header-meta":"","header-above-stick-meta":"","header-main-stick-meta":"","header-below-stick-meta":"","astra-migrate-meta-layouts":"default","ast-page-background-enabled":"default","ast-page-background-meta":{"desktop":{"background-color":"var(--ast-global-color-5)","background-image":"","background-repeat":"repeat","background-position":"center center","background-size":"auto","background-attachment":"scroll","background-type":"","background-media":"","overlay-type":"","overlay-color":"","overlay-opacity":"","overlay-gradient":""},"tablet":{"background-color":"","background-image":"","background-repeat":"repeat","background-position":"center center","background-size":"auto","background-attachment":"scroll","background-type":"","background-media":"","overlay-type":"","overlay-color":"","overlay-opacity":"","overlay-gradient":""},"mobile":{"background-color":"","background-image":"","background-repeat":"repeat","background-position":"center center","background-size":"auto","background-attachment":"scroll","background-type":"","background-media":"","overlay-type":"","overlay-color":"","overlay-opacity":"","overlay-gradient":""}},"ast-content-background-meta":{"desktop":{"background-color":"var(--ast-global-color-4)","background-image":"","background-repeat":"repeat","background-position":"center center","background-size":"auto","background-attachment":"scroll","background-type":"","background-media":"","overlay-type":"","overlay-color":"","overlay-opacity":"","overlay-gradient":""},"tablet":{"background-color":"var(--ast-global-color-4)","background-image":"","background-repeat":"repeat","background-position":"center center","background-size":"auto","background-attachment":"scroll","background-type":"","background-media":"","overlay-type":"","overlay-color":"","overlay-opacity":"","overlay-gradient":""},"mobile":{"background-color":"var(--ast-global-color-4)","background-image":"","background-repeat":"repeat","background-position":"center center","background-size":"auto","background-attachment":"scroll","background-type":"","background-media":"","overlay-type":"","overlay-color":"","overlay-opacity":"","overlay-gradient":""}},"footnotes":""},"class_list":["post-437","page","type-page","status-publish","has-post-thumbnail","hentry"],"yoast_head":"<!-- This site is optimized with the Yoast SEO plugin v27.5 - https:\/\/yoast.com\/product\/yoast-seo-wordpress\/ -->\n<title>PARACAS - Abc-latina<\/title>\n<meta name=\"description\" content=\"La R\u00e9serve nationale de Paracas - P\u00e9rou.\" \/>\n<meta name=\"robots\" content=\"index, follow, max-snippet:-1, max-image-preview:large, max-video-preview:-1\" \/>\n<link rel=\"canonical\" href=\"https:\/\/abc-latina.com\/perou\/paracas\/\" \/>\n<meta property=\"og:locale\" content=\"fr_FR\" \/>\n<meta property=\"og:type\" content=\"article\" \/>\n<meta property=\"og:title\" content=\"PARACAS - Abc-latina\" \/>\n<meta property=\"og:description\" content=\"La R\u00e9serve nationale de Paracas - P\u00e9rou.\" \/>\n<meta property=\"og:url\" content=\"https:\/\/abc-latina.com\/perou\/paracas\/\" \/>\n<meta property=\"og:site_name\" content=\"Abc-latina\" \/>\n<meta property=\"article:modified_time\" content=\"2026-04-30T16:25:19+00:00\" \/>\n<meta property=\"og:image\" content=\"https:\/\/abc-latina.com\/wp-content\/uploads\/2010\/06\/paracas.jpg\" \/>\n\t<meta property=\"og:image:width\" content=\"250\" \/>\n\t<meta property=\"og:image:height\" content=\"250\" \/>\n\t<meta property=\"og:image:type\" content=\"image\/jpeg\" \/>\n<meta name=\"twitter:card\" content=\"summary_large_image\" \/>\n<meta name=\"twitter:label1\" content=\"Dur\u00e9e de lecture estim\u00e9e\" \/>\n\t<meta name=\"twitter:data1\" content=\"2 minutes\" \/>\n<script type=\"application\/ld+json\" class=\"yoast-schema-graph\">{\"@context\":\"https:\\\/\\\/schema.org\",\"@graph\":[{\"@type\":\"WebPage\",\"@id\":\"https:\\\/\\\/abc-latina.com\\\/perou\\\/paracas\\\/\",\"url\":\"https:\\\/\\\/abc-latina.com\\\/perou\\\/paracas\\\/\",\"name\":\"PARACAS - Abc-latina\",\"isPartOf\":{\"@id\":\"https:\\\/\\\/abc-latina.com\\\/#website\"},\"primaryImageOfPage\":{\"@id\":\"https:\\\/\\\/abc-latina.com\\\/perou\\\/paracas\\\/#primaryimage\"},\"image\":{\"@id\":\"https:\\\/\\\/abc-latina.com\\\/perou\\\/paracas\\\/#primaryimage\"},\"thumbnailUrl\":\"https:\\\/\\\/abc-latina.com\\\/wp-content\\\/uploads\\\/2010\\\/06\\\/paracas.jpg\",\"datePublished\":\"2010-06-07T20:05:26+00:00\",\"dateModified\":\"2026-04-30T16:25:19+00:00\",\"description\":\"La R\u00e9serve nationale de Paracas - P\u00e9rou.\",\"breadcrumb\":{\"@id\":\"https:\\\/\\\/abc-latina.com\\\/perou\\\/paracas\\\/#breadcrumb\"},\"inLanguage\":\"fr-FR\",\"potentialAction\":[{\"@type\":\"ReadAction\",\"target\":[\"https:\\\/\\\/abc-latina.com\\\/perou\\\/paracas\\\/\"]}]},{\"@type\":\"ImageObject\",\"inLanguage\":\"fr-FR\",\"@id\":\"https:\\\/\\\/abc-latina.com\\\/perou\\\/paracas\\\/#primaryimage\",\"url\":\"https:\\\/\\\/abc-latina.com\\\/wp-content\\\/uploads\\\/2010\\\/06\\\/paracas.jpg\",\"contentUrl\":\"https:\\\/\\\/abc-latina.com\\\/wp-content\\\/uploads\\\/2010\\\/06\\\/paracas.jpg\",\"width\":250,\"height\":250},{\"@type\":\"BreadcrumbList\",\"@id\":\"https:\\\/\\\/abc-latina.com\\\/perou\\\/paracas\\\/#breadcrumb\",\"itemListElement\":[{\"@type\":\"ListItem\",\"position\":1,\"name\":\"Accueil\",\"item\":\"https:\\\/\\\/abc-latina.com\\\/\"},{\"@type\":\"ListItem\",\"position\":2,\"name\":\"PARACAS\"}]},{\"@type\":\"WebSite\",\"@id\":\"https:\\\/\\\/abc-latina.com\\\/#website\",\"url\":\"https:\\\/\\\/abc-latina.com\\\/\",\"name\":\"Abc-latina\",\"description\":\"\",\"publisher\":{\"@id\":\"https:\\\/\\\/abc-latina.com\\\/#organization\"},\"potentialAction\":[{\"@type\":\"SearchAction\",\"target\":{\"@type\":\"EntryPoint\",\"urlTemplate\":\"https:\\\/\\\/abc-latina.com\\\/?s={search_term_string}\"},\"query-input\":{\"@type\":\"PropertyValueSpecification\",\"valueRequired\":true,\"valueName\":\"search_term_string\"}}],\"inLanguage\":\"fr-FR\"},{\"@type\":\"Organization\",\"@id\":\"https:\\\/\\\/abc-latina.com\\\/#organization\",\"name\":\"Abc-latina\",\"url\":\"https:\\\/\\\/abc-latina.com\\\/\",\"logo\":{\"@type\":\"ImageObject\",\"inLanguage\":\"fr-FR\",\"@id\":\"https:\\\/\\\/abc-latina.com\\\/#\\\/schema\\\/logo\\\/image\\\/\",\"url\":\"https:\\\/\\\/abc-latina.com\\\/wp-content\\\/uploads\\\/2026\\\/05\\\/cropped-logo.gif\",\"contentUrl\":\"https:\\\/\\\/abc-latina.com\\\/wp-content\\\/uploads\\\/2026\\\/05\\\/cropped-logo.gif\",\"width\":89,\"height\":84,\"caption\":\"Abc-latina\"},\"image\":{\"@id\":\"https:\\\/\\\/abc-latina.com\\\/#\\\/schema\\\/logo\\\/image\\\/\"}}]}<\/script>\n<!-- \/ Yoast SEO plugin. -->","yoast_head_json":{"title":"PARACAS - Abc-latina","description":"La R\u00e9serve nationale de Paracas - P\u00e9rou.","robots":{"index":"index","follow":"follow","max-snippet":"max-snippet:-1","max-image-preview":"max-image-preview:large","max-video-preview":"max-video-preview:-1"},"canonical":"https:\/\/abc-latina.com\/perou\/paracas\/","og_locale":"fr_FR","og_type":"article","og_title":"PARACAS - Abc-latina","og_description":"La R\u00e9serve nationale de Paracas - P\u00e9rou.","og_url":"https:\/\/abc-latina.com\/perou\/paracas\/","og_site_name":"Abc-latina","article_modified_time":"2026-04-30T16:25:19+00:00","og_image":[{"width":250,"height":250,"url":"https:\/\/abc-latina.com\/wp-content\/uploads\/2010\/06\/paracas.jpg","type":"image\/jpeg"}],"twitter_card":"summary_large_image","twitter_misc":{"Dur\u00e9e de lecture estim\u00e9e":"2 minutes"},"schema":{"@context":"https:\/\/schema.org","@graph":[{"@type":"WebPage","@id":"https:\/\/abc-latina.com\/perou\/paracas\/","url":"https:\/\/abc-latina.com\/perou\/paracas\/","name":"PARACAS - Abc-latina","isPartOf":{"@id":"https:\/\/abc-latina.com\/#website"},"primaryImageOfPage":{"@id":"https:\/\/abc-latina.com\/perou\/paracas\/#primaryimage"},"image":{"@id":"https:\/\/abc-latina.com\/perou\/paracas\/#primaryimage"},"thumbnailUrl":"https:\/\/abc-latina.com\/wp-content\/uploads\/2010\/06\/paracas.jpg","datePublished":"2010-06-07T20:05:26+00:00","dateModified":"2026-04-30T16:25:19+00:00","description":"La R\u00e9serve nationale de Paracas - P\u00e9rou.","breadcrumb":{"@id":"https:\/\/abc-latina.com\/perou\/paracas\/#breadcrumb"},"inLanguage":"fr-FR","potentialAction":[{"@type":"ReadAction","target":["https:\/\/abc-latina.com\/perou\/paracas\/"]}]},{"@type":"ImageObject","inLanguage":"fr-FR","@id":"https:\/\/abc-latina.com\/perou\/paracas\/#primaryimage","url":"https:\/\/abc-latina.com\/wp-content\/uploads\/2010\/06\/paracas.jpg","contentUrl":"https:\/\/abc-latina.com\/wp-content\/uploads\/2010\/06\/paracas.jpg","width":250,"height":250},{"@type":"BreadcrumbList","@id":"https:\/\/abc-latina.com\/perou\/paracas\/#breadcrumb","itemListElement":[{"@type":"ListItem","position":1,"name":"Accueil","item":"https:\/\/abc-latina.com\/"},{"@type":"ListItem","position":2,"name":"PARACAS"}]},{"@type":"WebSite","@id":"https:\/\/abc-latina.com\/#website","url":"https:\/\/abc-latina.com\/","name":"Abc-latina","description":"","publisher":{"@id":"https:\/\/abc-latina.com\/#organization"},"potentialAction":[{"@type":"SearchAction","target":{"@type":"EntryPoint","urlTemplate":"https:\/\/abc-latina.com\/?s={search_term_string}"},"query-input":{"@type":"PropertyValueSpecification","valueRequired":true,"valueName":"search_term_string"}}],"inLanguage":"fr-FR"},{"@type":"Organization","@id":"https:\/\/abc-latina.com\/#organization","name":"Abc-latina","url":"https:\/\/abc-latina.com\/","logo":{"@type":"ImageObject","inLanguage":"fr-FR","@id":"https:\/\/abc-latina.com\/#\/schema\/logo\/image\/","url":"https:\/\/abc-latina.com\/wp-content\/uploads\/2026\/05\/cropped-logo.gif","contentUrl":"https:\/\/abc-latina.com\/wp-content\/uploads\/2026\/05\/cropped-logo.gif","width":89,"height":84,"caption":"Abc-latina"},"image":{"@id":"https:\/\/abc-latina.com\/#\/schema\/logo\/image\/"}}]}},"_links":{"self":[{"href":"https:\/\/abc-latina.com\/wp-json\/wp\/v2\/pages\/437","targetHints":{"allow":["GET"]}}],"collection":[{"href":"https:\/\/abc-latina.com\/wp-json\/wp\/v2\/pages"}],"about":[{"href":"https:\/\/abc-latina.com\/wp-json\/wp\/v2\/types\/page"}],"author":[{"embeddable":true,"href":"https:\/\/abc-latina.com\/wp-json\/wp\/v2\/users\/3"}],"replies":[{"embeddable":true,"href":"https:\/\/abc-latina.com\/wp-json\/wp\/v2\/comments?post=437"}],"version-history":[{"count":1,"href":"https:\/\/abc-latina.com\/wp-json\/wp\/v2\/pages\/437\/revisions"}],"predecessor-version":[{"id":3781,"href":"https:\/\/abc-latina.com\/wp-json\/wp\/v2\/pages\/437\/revisions\/3781"}],"up":[{"embeddable":true,"href":"https:\/\/abc-latina.com\/wp-json\/wp\/v2\/pages\/2118"}],"wp:featuredmedia":[{"embeddable":true,"href":"https:\/\/abc-latina.com\/wp-json\/wp\/v2\/media\/436"}],"wp:attachment":[{"href":"https:\/\/abc-latina.com\/wp-json\/wp\/v2\/media?parent=437"}],"curies":[{"name":"wp","href":"https:\/\/api.w.org\/{rel}","templated":true}]}}