{"id":439,"date":"2010-06-07T22:07:57","date_gmt":"2010-06-07T20:07:57","guid":{"rendered":"http:\/\/abc-latina.com\/puertopizarro-htm\/"},"modified":"2026-04-30T18:25:19","modified_gmt":"2026-04-30T16:25:19","slug":"puertopizarro","status":"publish","type":"page","link":"https:\/\/abc-latina.com\/perou\/puertopizarro\/","title":{"rendered":"PUERTO PIZARRO"},"content":{"rendered":"<div><img loading=\"lazy\" decoding=\"async\" class=\" alignright size-full wp-image-438\" src=\"http:\/\/abc-latina.com\/wp-content\/uploads\/2010\/06\/puerto-pizarro.jpg\" alt=\"\" width=\"250\" vspace=\"9\" hspace=\"15\" height=\"250\" align=\"right\" srcset=\"https:\/\/abc-latina.com\/wp-content\/uploads\/2010\/06\/puerto-pizarro.jpg 250w, https:\/\/abc-latina.com\/wp-content\/uploads\/2010\/06\/puerto-pizarro-150x150.jpg 150w\" sizes=\"auto, (max-width: 250px) 100vw, 250px\" \/>Plage et mangroves de Puerto Pizarro<\/div>\n<div>C&rsquo;est en partant de la crique de p\u00eacheurs de Puerto Pizarro que l&rsquo;on visite en bateau les mangroves, un \u00e9cosyst\u00e8me form\u00e9 par des esteros ou canaux navigables, qui font partie du delta du r\u00edo Tumbes, et qui peuvent atteindre six m\u00e8tres de hauteur, avec des \u00eeles cr\u00e9es par l&rsquo;accumulation de s\u00e9diments et de limons. Sur le parcours, on peut d\u00e9barquer sur les \u00eeles del Amor et Hueso de Ballena, dont les plages sont les plus importantes de la r\u00e9gion. Le site est le refuge d&rsquo;une grande vari\u00e9t\u00e9 d&rsquo;oiseaux. L&rsquo;Isla de los P\u00e1jaros (l&rsquo;\u00cele aux Oiseaux) est le site id\u00e9al pour les observer, surtout dans l&rsquo;apr\u00e8s-midi, lorsqu&rsquo;ils s&rsquo;appr\u00eatent \u00e0 dormir. Les mangroves sont r\u00e9put\u00e9es pour leurs coquillages noirs et leurs mollusques, appr\u00e9ci\u00e9s pour leur saveur et leurs qualit\u00e9s aphrodisiaques. Elles sont aussi r\u00e9put\u00e9es pour leur \u00e9levage de crocodiles tumbesinos (Crocodylus acutus), une esp\u00e8ce unique au P\u00e9rou, aujourd&rsquo;hui en voie d&rsquo;extinction.<\/div>\n<div>&nbsp;<\/div>\n<div>Il est recommand\u00e9 de visiter les mangroves entre mai et d\u00e9cembre. A la saison des pluies (de janvier \u00e0 avril) les visites touristiques sont sujettes \u00e0 une coordination pr\u00e9alable de 48 heures.<\/div>\n<div>A 13 km env. de la ville de <a href=\"https:\/\/www.abc-latina.com\/perou\/tourisme\/tumbes\">Tumbes<\/a> (15 min. en voiture).<\/div>\n<div>&nbsp;<\/div>\n<div>&copy; Source PromPeru<\/div>\n<h3>Pr\u00e9parez votre voyage \u00e0 Puerto Pizarro:<\/h3>\n<div><a href=\"https:\/\/www.abc-latina.com\/perou\/agence_de_voyages\">Agences de voyage g\u00e9n\u00e9ralistes et discounteurs<\/a><\/div>\n<div><a href=\"https:\/\/www.abc-latina.com\/perou\/tour_operateur\">Tours Op\u00e9rateurs sp\u00e9cialistes du P\u00e9rou<\/a><\/div>\n<div><a href=\"https:\/\/www.abc-latina.com\/to\/reservation_billet_avion\" target=\"_blank\">R\u00e9servez votre billet d&rsquo;avion<\/a><\/div>\n<div><a href=\"https:\/\/www.abc-latina.com\/perou\/hotels\">R\u00e9servez votre h\u00f4tel \u00e0 Puerto Pizarro<\/a>&nbsp;<\/div>\n<div><a href=\"https:\/\/www.abc-latina.com\/to\/location_de_voiture_perou\" target=\"_blank\">Location de voiture<\/a><\/div>\n","protected":false},"excerpt":{"rendered":"<p>Plage et mangroves de Puerto Pizarro C&rsquo;est en partant de la crique de p\u00eacheurs de Puerto Pizarro que l&rsquo;on visite [&hellip;]<\/p>\n","protected":false},"author":3,"featured_media":438,"parent":2118,"menu_order":0,"comment_status":"closed","ping_status":"closed","template":"","meta":{"site-sidebar-layout":"default","site-content-layout":"","ast-site-content-layout":"default","site-content-style":"default","site-sidebar-style":"default","ast-global-header-display":"","ast-banner-title-visibility":"","ast-main-header-display":"","ast-hfb-above-header-display":"","ast-hfb-below-header-display":"","ast-hfb-mobile-header-display":"","site-post-title":"","ast-breadcrumbs-content":"","ast-featured-img":"","footer-sml-layout":"","ast-disable-related-posts":"","theme-transparent-header-meta":"","adv-header-id-meta":"","stick-header-meta":"","header-above-stick-meta":"","header-main-stick-meta":"","header-below-stick-meta":"","astra-migrate-meta-layouts":"default","ast-page-background-enabled":"default","ast-page-background-meta":{"desktop":{"background-color":"var(--ast-global-color-5)","background-image":"","background-repeat":"repeat","background-position":"center center","background-size":"auto","background-attachment":"scroll","background-type":"","background-media":"","overlay-type":"","overlay-color":"","overlay-opacity":"","overlay-gradient":""},"tablet":{"background-color":"","background-image":"","background-repeat":"repeat","background-position":"center center","background-size":"auto","background-attachment":"scroll","background-type":"","background-media":"","overlay-type":"","overlay-color":"","overlay-opacity":"","overlay-gradient":""},"mobile":{"background-color":"","background-image":"","background-repeat":"repeat","background-position":"center center","background-size":"auto","background-attachment":"scroll","background-type":"","background-media":"","overlay-type":"","overlay-color":"","overlay-opacity":"","overlay-gradient":""}},"ast-content-background-meta":{"desktop":{"background-color":"var(--ast-global-color-4)","background-image":"","background-repeat":"repeat","background-position":"center center","background-size":"auto","background-attachment":"scroll","background-type":"","background-media":"","overlay-type":"","overlay-color":"","overlay-opacity":"","overlay-gradient":""},"tablet":{"background-color":"var(--ast-global-color-4)","background-image":"","background-repeat":"repeat","background-position":"center center","background-size":"auto","background-attachment":"scroll","background-type":"","background-media":"","overlay-type":"","overlay-color":"","overlay-opacity":"","overlay-gradient":""},"mobile":{"background-color":"var(--ast-global-color-4)","background-image":"","background-repeat":"repeat","background-position":"center center","background-size":"auto","background-attachment":"scroll","background-type":"","background-media":"","overlay-type":"","overlay-color":"","overlay-opacity":"","overlay-gradient":""}},"footnotes":""},"class_list":["post-439","page","type-page","status-publish","has-post-thumbnail","hentry"],"yoast_head":"<!-- This site is optimized with the Yoast SEO plugin v27.5 - https:\/\/yoast.com\/product\/yoast-seo-wordpress\/ -->\n<title>PUERTO PIZARRO - Abc-latina<\/title>\n<meta name=\"description\" content=\"Tourisme au P\u00e9rou: Puerto Pizarro, petit port sur la c\u00f4te nord p\u00e9ruvienne.\" \/>\n<meta name=\"robots\" content=\"index, follow, max-snippet:-1, max-image-preview:large, max-video-preview:-1\" \/>\n<link rel=\"canonical\" href=\"https:\/\/abc-latina.com\/perou\/puertopizarro\/\" \/>\n<meta property=\"og:locale\" content=\"fr_FR\" \/>\n<meta property=\"og:type\" content=\"article\" \/>\n<meta property=\"og:title\" content=\"PUERTO PIZARRO - Abc-latina\" \/>\n<meta property=\"og:description\" content=\"Tourisme au P\u00e9rou: Puerto Pizarro, petit port sur la c\u00f4te nord p\u00e9ruvienne.\" \/>\n<meta property=\"og:url\" content=\"https:\/\/abc-latina.com\/perou\/puertopizarro\/\" \/>\n<meta property=\"og:site_name\" content=\"Abc-latina\" \/>\n<meta property=\"article:modified_time\" content=\"2026-04-30T16:25:19+00:00\" \/>\n<meta property=\"og:image\" content=\"https:\/\/abc-latina.com\/wp-content\/uploads\/2010\/06\/puerto-pizarro.jpg\" \/>\n\t<meta property=\"og:image:width\" content=\"250\" \/>\n\t<meta property=\"og:image:height\" content=\"250\" \/>\n\t<meta property=\"og:image:type\" content=\"image\/jpeg\" \/>\n<meta name=\"twitter:card\" content=\"summary_large_image\" \/>\n<meta name=\"twitter:label1\" content=\"Dur\u00e9e de lecture estim\u00e9e\" \/>\n\t<meta name=\"twitter:data1\" content=\"1 minute\" \/>\n<script type=\"application\/ld+json\" class=\"yoast-schema-graph\">{\"@context\":\"https:\\\/\\\/schema.org\",\"@graph\":[{\"@type\":\"WebPage\",\"@id\":\"https:\\\/\\\/abc-latina.com\\\/perou\\\/puertopizarro\\\/\",\"url\":\"https:\\\/\\\/abc-latina.com\\\/perou\\\/puertopizarro\\\/\",\"name\":\"PUERTO PIZARRO - Abc-latina\",\"isPartOf\":{\"@id\":\"https:\\\/\\\/abc-latina.com\\\/#website\"},\"primaryImageOfPage\":{\"@id\":\"https:\\\/\\\/abc-latina.com\\\/perou\\\/puertopizarro\\\/#primaryimage\"},\"image\":{\"@id\":\"https:\\\/\\\/abc-latina.com\\\/perou\\\/puertopizarro\\\/#primaryimage\"},\"thumbnailUrl\":\"https:\\\/\\\/abc-latina.com\\\/wp-content\\\/uploads\\\/2010\\\/06\\\/puerto-pizarro.jpg\",\"datePublished\":\"2010-06-07T20:07:57+00:00\",\"dateModified\":\"2026-04-30T16:25:19+00:00\",\"description\":\"Tourisme au P\u00e9rou: Puerto Pizarro, petit port sur la c\u00f4te nord p\u00e9ruvienne.\",\"breadcrumb\":{\"@id\":\"https:\\\/\\\/abc-latina.com\\\/perou\\\/puertopizarro\\\/#breadcrumb\"},\"inLanguage\":\"fr-FR\",\"potentialAction\":[{\"@type\":\"ReadAction\",\"target\":[\"https:\\\/\\\/abc-latina.com\\\/perou\\\/puertopizarro\\\/\"]}]},{\"@type\":\"ImageObject\",\"inLanguage\":\"fr-FR\",\"@id\":\"https:\\\/\\\/abc-latina.com\\\/perou\\\/puertopizarro\\\/#primaryimage\",\"url\":\"https:\\\/\\\/abc-latina.com\\\/wp-content\\\/uploads\\\/2010\\\/06\\\/puerto-pizarro.jpg\",\"contentUrl\":\"https:\\\/\\\/abc-latina.com\\\/wp-content\\\/uploads\\\/2010\\\/06\\\/puerto-pizarro.jpg\",\"width\":250,\"height\":250},{\"@type\":\"BreadcrumbList\",\"@id\":\"https:\\\/\\\/abc-latina.com\\\/perou\\\/puertopizarro\\\/#breadcrumb\",\"itemListElement\":[{\"@type\":\"ListItem\",\"position\":1,\"name\":\"Accueil\",\"item\":\"https:\\\/\\\/abc-latina.com\\\/\"},{\"@type\":\"ListItem\",\"position\":2,\"name\":\"PUERTO PIZARRO\"}]},{\"@type\":\"WebSite\",\"@id\":\"https:\\\/\\\/abc-latina.com\\\/#website\",\"url\":\"https:\\\/\\\/abc-latina.com\\\/\",\"name\":\"Abc-latina\",\"description\":\"\",\"publisher\":{\"@id\":\"https:\\\/\\\/abc-latina.com\\\/#organization\"},\"potentialAction\":[{\"@type\":\"SearchAction\",\"target\":{\"@type\":\"EntryPoint\",\"urlTemplate\":\"https:\\\/\\\/abc-latina.com\\\/?s={search_term_string}\"},\"query-input\":{\"@type\":\"PropertyValueSpecification\",\"valueRequired\":true,\"valueName\":\"search_term_string\"}}],\"inLanguage\":\"fr-FR\"},{\"@type\":\"Organization\",\"@id\":\"https:\\\/\\\/abc-latina.com\\\/#organization\",\"name\":\"Abc-latina\",\"url\":\"https:\\\/\\\/abc-latina.com\\\/\",\"logo\":{\"@type\":\"ImageObject\",\"inLanguage\":\"fr-FR\",\"@id\":\"https:\\\/\\\/abc-latina.com\\\/#\\\/schema\\\/logo\\\/image\\\/\",\"url\":\"https:\\\/\\\/abc-latina.com\\\/wp-content\\\/uploads\\\/2026\\\/05\\\/cropped-logo.gif\",\"contentUrl\":\"https:\\\/\\\/abc-latina.com\\\/wp-content\\\/uploads\\\/2026\\\/05\\\/cropped-logo.gif\",\"width\":89,\"height\":84,\"caption\":\"Abc-latina\"},\"image\":{\"@id\":\"https:\\\/\\\/abc-latina.com\\\/#\\\/schema\\\/logo\\\/image\\\/\"}}]}<\/script>\n<!-- \/ Yoast SEO plugin. -->","yoast_head_json":{"title":"PUERTO PIZARRO - Abc-latina","description":"Tourisme au P\u00e9rou: Puerto Pizarro, petit port sur la c\u00f4te nord p\u00e9ruvienne.","robots":{"index":"index","follow":"follow","max-snippet":"max-snippet:-1","max-image-preview":"max-image-preview:large","max-video-preview":"max-video-preview:-1"},"canonical":"https:\/\/abc-latina.com\/perou\/puertopizarro\/","og_locale":"fr_FR","og_type":"article","og_title":"PUERTO PIZARRO - Abc-latina","og_description":"Tourisme au P\u00e9rou: Puerto Pizarro, petit port sur la c\u00f4te nord p\u00e9ruvienne.","og_url":"https:\/\/abc-latina.com\/perou\/puertopizarro\/","og_site_name":"Abc-latina","article_modified_time":"2026-04-30T16:25:19+00:00","og_image":[{"width":250,"height":250,"url":"https:\/\/abc-latina.com\/wp-content\/uploads\/2010\/06\/puerto-pizarro.jpg","type":"image\/jpeg"}],"twitter_card":"summary_large_image","twitter_misc":{"Dur\u00e9e de lecture estim\u00e9e":"1 minute"},"schema":{"@context":"https:\/\/schema.org","@graph":[{"@type":"WebPage","@id":"https:\/\/abc-latina.com\/perou\/puertopizarro\/","url":"https:\/\/abc-latina.com\/perou\/puertopizarro\/","name":"PUERTO PIZARRO - Abc-latina","isPartOf":{"@id":"https:\/\/abc-latina.com\/#website"},"primaryImageOfPage":{"@id":"https:\/\/abc-latina.com\/perou\/puertopizarro\/#primaryimage"},"image":{"@id":"https:\/\/abc-latina.com\/perou\/puertopizarro\/#primaryimage"},"thumbnailUrl":"https:\/\/abc-latina.com\/wp-content\/uploads\/2010\/06\/puerto-pizarro.jpg","datePublished":"2010-06-07T20:07:57+00:00","dateModified":"2026-04-30T16:25:19+00:00","description":"Tourisme au P\u00e9rou: Puerto Pizarro, petit port sur la c\u00f4te nord p\u00e9ruvienne.","breadcrumb":{"@id":"https:\/\/abc-latina.com\/perou\/puertopizarro\/#breadcrumb"},"inLanguage":"fr-FR","potentialAction":[{"@type":"ReadAction","target":["https:\/\/abc-latina.com\/perou\/puertopizarro\/"]}]},{"@type":"ImageObject","inLanguage":"fr-FR","@id":"https:\/\/abc-latina.com\/perou\/puertopizarro\/#primaryimage","url":"https:\/\/abc-latina.com\/wp-content\/uploads\/2010\/06\/puerto-pizarro.jpg","contentUrl":"https:\/\/abc-latina.com\/wp-content\/uploads\/2010\/06\/puerto-pizarro.jpg","width":250,"height":250},{"@type":"BreadcrumbList","@id":"https:\/\/abc-latina.com\/perou\/puertopizarro\/#breadcrumb","itemListElement":[{"@type":"ListItem","position":1,"name":"Accueil","item":"https:\/\/abc-latina.com\/"},{"@type":"ListItem","position":2,"name":"PUERTO PIZARRO"}]},{"@type":"WebSite","@id":"https:\/\/abc-latina.com\/#website","url":"https:\/\/abc-latina.com\/","name":"Abc-latina","description":"","publisher":{"@id":"https:\/\/abc-latina.com\/#organization"},"potentialAction":[{"@type":"SearchAction","target":{"@type":"EntryPoint","urlTemplate":"https:\/\/abc-latina.com\/?s={search_term_string}"},"query-input":{"@type":"PropertyValueSpecification","valueRequired":true,"valueName":"search_term_string"}}],"inLanguage":"fr-FR"},{"@type":"Organization","@id":"https:\/\/abc-latina.com\/#organization","name":"Abc-latina","url":"https:\/\/abc-latina.com\/","logo":{"@type":"ImageObject","inLanguage":"fr-FR","@id":"https:\/\/abc-latina.com\/#\/schema\/logo\/image\/","url":"https:\/\/abc-latina.com\/wp-content\/uploads\/2026\/05\/cropped-logo.gif","contentUrl":"https:\/\/abc-latina.com\/wp-content\/uploads\/2026\/05\/cropped-logo.gif","width":89,"height":84,"caption":"Abc-latina"},"image":{"@id":"https:\/\/abc-latina.com\/#\/schema\/logo\/image\/"}}]}},"_links":{"self":[{"href":"https:\/\/abc-latina.com\/wp-json\/wp\/v2\/pages\/439","targetHints":{"allow":["GET"]}}],"collection":[{"href":"https:\/\/abc-latina.com\/wp-json\/wp\/v2\/pages"}],"about":[{"href":"https:\/\/abc-latina.com\/wp-json\/wp\/v2\/types\/page"}],"author":[{"embeddable":true,"href":"https:\/\/abc-latina.com\/wp-json\/wp\/v2\/users\/3"}],"replies":[{"embeddable":true,"href":"https:\/\/abc-latina.com\/wp-json\/wp\/v2\/comments?post=439"}],"version-history":[{"count":1,"href":"https:\/\/abc-latina.com\/wp-json\/wp\/v2\/pages\/439\/revisions"}],"predecessor-version":[{"id":3783,"href":"https:\/\/abc-latina.com\/wp-json\/wp\/v2\/pages\/439\/revisions\/3783"}],"up":[{"embeddable":true,"href":"https:\/\/abc-latina.com\/wp-json\/wp\/v2\/pages\/2118"}],"wp:featuredmedia":[{"embeddable":true,"href":"https:\/\/abc-latina.com\/wp-json\/wp\/v2\/media\/438"}],"wp:attachment":[{"href":"https:\/\/abc-latina.com\/wp-json\/wp\/v2\/media?parent=439"}],"curies":[{"name":"wp","href":"https:\/\/api.w.org\/{rel}","templated":true}]}}