{"id":441,"date":"2010-06-07T22:11:09","date_gmt":"2010-06-07T20:11:09","guid":{"rendered":"http:\/\/abc-latina.com\/taquile-htm\/"},"modified":"2026-04-30T18:25:19","modified_gmt":"2026-04-30T16:25:19","slug":"taquile","status":"publish","type":"page","link":"https:\/\/abc-latina.com\/perou\/taquile\/","title":{"rendered":"Le LAC TITIKAKA &#8211; L&rsquo;\u00eele de TAQUILE"},"content":{"rendered":"<div><img loading=\"lazy\" decoding=\"async\" class=\" alignright size-full wp-image-440\" src=\"http:\/\/abc-latina.com\/wp-content\/uploads\/2010\/06\/taquile.jpg\" alt=\"TAQUILE\" title=\"TAQUILE\" width=\"250\" vspace=\"9\" hspace=\"15\" height=\"250\" align=\"right\" srcset=\"https:\/\/abc-latina.com\/wp-content\/uploads\/2010\/06\/taquile.jpg 250w, https:\/\/abc-latina.com\/wp-content\/uploads\/2010\/06\/taquile-150x150.jpg 150w\" sizes=\"auto, (max-width: 250px) 100vw, 250px\" \/>De forme allong\u00e9e, l&rsquo;&nbsp;<span class=\"tourisme-chapitre\">\u00eele de Taquile<\/span> pr\u00e9sente son \u00e9l\u00e9vation maximum au nord, \u00e0 Molusina o\u00f9 elle atteint 264 m sur le niveau du lac, elle poss\u00e8de des terrasses ou gradins de culture sur toute son extension, ce qui confirme la grande laboriosit\u00e9 de ces habitants depuis des temps recul\u00e9s. Taquile d&rsquo;une longueur de 5,4 km, d&rsquo;une largeur maximale de 1,3 km, se termine en pointe vers le sud.<\/div>\n<div>On n&rsquo;y arrive approximativement en 3H20, depuis le port de Puno, en naviguant 36 km \u00e0 travers la baie.<\/div>\n<div>L&rsquo;acc\u00e8s \u00e0 l&rsquo;\u00eele est possible par trois embarcad\u00e8res, le principal \u00e9tant celui de Chilcano \u00e0 l&rsquo;ouest, ensuite il faut gravir 533 marches pour acc\u00e9der \u00e0 l&rsquo;arche d&rsquo;entr\u00e9e et descendre vers la place principale. Le quai de Tialamari, pr\u00e8s de la plage de Kollata Aco se trouve au sud de l&rsquo;\u00eele, d&rsquo;o\u00f9 l&rsquo;on peut initier un parcours de 3 km par le centre c\u00e9r\u00e9monial de Koani Pata et arriver \u00e0 la place principale de l&rsquo;\u00eele.<\/div>\n<div>Un troisi\u00e8me embarcad\u00e8re situ\u00e9 \u00e0 l&rsquo;est de Taquile \u00e9tant le plus proche de la place dans le secteur Estancia.&nbsp;<\/div>\n<div>Taquile est un endroit tr\u00e8s important dans le <a href=\"https:\/\/www.abc-latina.com\/perou\/titicaca\">lac Titicaca<\/a> de par ses vestiges arch\u00e9ologiques, ses lieux sacr\u00e9s et c\u00e9r\u00e9monials, ces activit\u00e9s festivales et rituel en accord \u00e0 sa vision du cosmos ; la vie quotidienne de ses habitants, consacr\u00e9s \u00e0 l&rsquo;agriculture, aux textiles et \u00e0 la p\u00eache ; en plus des paysages et de la nature qui offre ces plantes m\u00e9dicinales.<\/div>\n<div>On peut passer plusieurs jours \u00e0 Taquile en logeant chez l&rsquo;habitant.<\/div>\n<h3>Pr\u00e9parez votre voyage sur l&rsquo;\u00eele de Taquile:<\/h3>\n<div><a href=\"https:\/\/www.abc-latina.com\/perou\/agence_de_voyages\">Agences de voyage g\u00e9n\u00e9ralistes et discounteurs<\/a><\/div>\n<div><a href=\"https:\/\/www.abc-latina.com\/perou\/tour_operateur\">Tours Op\u00e9rateurs sp\u00e9cialistes du P\u00e9rou<\/a><\/div>\n<div><a href=\"https:\/\/www.abc-latina.com\/to\/reservation_billet_avion\" target=\"_blank\">R\u00e9servez votre billet d&rsquo;avion<\/a><\/div>\n<div><a href=\"https:\/\/www.abc-latina.com\/perou\/hotels\">R\u00e9servez votre h\u00f4tel<\/a><\/div>\n<div><a href=\"https:\/\/www.abc-latina.com\/to\/location_de_voiture_perou\" target=\"_blank\">Location de voiture<\/a><\/div>\n","protected":false},"excerpt":{"rendered":"<p>De forme allong\u00e9e, l&rsquo;&nbsp;\u00eele de Taquile pr\u00e9sente son \u00e9l\u00e9vation maximum au nord, \u00e0 Molusina o\u00f9 elle atteint 264 m sur [&hellip;]<\/p>\n","protected":false},"author":3,"featured_media":440,"parent":2118,"menu_order":0,"comment_status":"closed","ping_status":"closed","template":"","meta":{"site-sidebar-layout":"default","site-content-layout":"","ast-site-content-layout":"default","site-content-style":"default","site-sidebar-style":"default","ast-global-header-display":"","ast-banner-title-visibility":"","ast-main-header-display":"","ast-hfb-above-header-display":"","ast-hfb-below-header-display":"","ast-hfb-mobile-header-display":"","site-post-title":"","ast-breadcrumbs-content":"","ast-featured-img":"","footer-sml-layout":"","ast-disable-related-posts":"","theme-transparent-header-meta":"","adv-header-id-meta":"","stick-header-meta":"","header-above-stick-meta":"","header-main-stick-meta":"","header-below-stick-meta":"","astra-migrate-meta-layouts":"default","ast-page-background-enabled":"default","ast-page-background-meta":{"desktop":{"background-color":"var(--ast-global-color-5)","background-image":"","background-repeat":"repeat","background-position":"center center","background-size":"auto","background-attachment":"scroll","background-type":"","background-media":"","overlay-type":"","overlay-color":"","overlay-opacity":"","overlay-gradient":""},"tablet":{"background-color":"","background-image":"","background-repeat":"repeat","background-position":"center center","background-size":"auto","background-attachment":"scroll","background-type":"","background-media":"","overlay-type":"","overlay-color":"","overlay-opacity":"","overlay-gradient":""},"mobile":{"background-color":"","background-image":"","background-repeat":"repeat","background-position":"center center","background-size":"auto","background-attachment":"scroll","background-type":"","background-media":"","overlay-type":"","overlay-color":"","overlay-opacity":"","overlay-gradient":""}},"ast-content-background-meta":{"desktop":{"background-color":"var(--ast-global-color-4)","background-image":"","background-repeat":"repeat","background-position":"center center","background-size":"auto","background-attachment":"scroll","background-type":"","background-media":"","overlay-type":"","overlay-color":"","overlay-opacity":"","overlay-gradient":""},"tablet":{"background-color":"var(--ast-global-color-4)","background-image":"","background-repeat":"repeat","background-position":"center center","background-size":"auto","background-attachment":"scroll","background-type":"","background-media":"","overlay-type":"","overlay-color":"","overlay-opacity":"","overlay-gradient":""},"mobile":{"background-color":"var(--ast-global-color-4)","background-image":"","background-repeat":"repeat","background-position":"center center","background-size":"auto","background-attachment":"scroll","background-type":"","background-media":"","overlay-type":"","overlay-color":"","overlay-opacity":"","overlay-gradient":""}},"footnotes":""},"class_list":["post-441","page","type-page","status-publish","has-post-thumbnail","hentry"],"yoast_head":"<!-- This site is optimized with the Yoast SEO plugin v27.5 - https:\/\/yoast.com\/product\/yoast-seo-wordpress\/ -->\n<title>Le LAC TITIKAKA - L&#039;\u00eele de TAQUILE - Abc-latina<\/title>\n<meta name=\"description\" content=\"Taquile est un endroit tr\u00e8s important sur le lac Titicaca de par ses vestiges arch\u00e9ologiques, ses lieux sacr\u00e9s et la vie quotidienne de ses habitants...\" \/>\n<meta name=\"robots\" content=\"index, follow, max-snippet:-1, max-image-preview:large, max-video-preview:-1\" \/>\n<link rel=\"canonical\" href=\"https:\/\/abc-latina.com\/perou\/taquile\/\" \/>\n<meta property=\"og:locale\" content=\"fr_FR\" \/>\n<meta property=\"og:type\" content=\"article\" \/>\n<meta property=\"og:title\" content=\"Le LAC TITIKAKA - L&#039;\u00eele de TAQUILE - Abc-latina\" \/>\n<meta property=\"og:description\" content=\"Taquile est un endroit tr\u00e8s important sur le lac Titicaca de par ses vestiges arch\u00e9ologiques, ses lieux sacr\u00e9s et la vie quotidienne de ses habitants...\" \/>\n<meta property=\"og:url\" content=\"https:\/\/abc-latina.com\/perou\/taquile\/\" \/>\n<meta property=\"og:site_name\" content=\"Abc-latina\" \/>\n<meta property=\"article:modified_time\" content=\"2026-04-30T16:25:19+00:00\" \/>\n<meta property=\"og:image\" content=\"https:\/\/abc-latina.com\/wp-content\/uploads\/2010\/06\/taquile.jpg\" \/>\n\t<meta property=\"og:image:width\" content=\"250\" \/>\n\t<meta property=\"og:image:height\" content=\"250\" \/>\n\t<meta property=\"og:image:type\" content=\"image\/jpeg\" \/>\n<meta name=\"twitter:card\" content=\"summary_large_image\" \/>\n<meta name=\"twitter:label1\" content=\"Dur\u00e9e de lecture estim\u00e9e\" \/>\n\t<meta name=\"twitter:data1\" content=\"1 minute\" \/>\n<script type=\"application\/ld+json\" class=\"yoast-schema-graph\">{\"@context\":\"https:\\\/\\\/schema.org\",\"@graph\":[{\"@type\":\"WebPage\",\"@id\":\"https:\\\/\\\/abc-latina.com\\\/perou\\\/taquile\\\/\",\"url\":\"https:\\\/\\\/abc-latina.com\\\/perou\\\/taquile\\\/\",\"name\":\"Le LAC TITIKAKA - L'\u00eele de TAQUILE - Abc-latina\",\"isPartOf\":{\"@id\":\"https:\\\/\\\/abc-latina.com\\\/#website\"},\"primaryImageOfPage\":{\"@id\":\"https:\\\/\\\/abc-latina.com\\\/perou\\\/taquile\\\/#primaryimage\"},\"image\":{\"@id\":\"https:\\\/\\\/abc-latina.com\\\/perou\\\/taquile\\\/#primaryimage\"},\"thumbnailUrl\":\"https:\\\/\\\/abc-latina.com\\\/wp-content\\\/uploads\\\/2010\\\/06\\\/taquile.jpg\",\"datePublished\":\"2010-06-07T20:11:09+00:00\",\"dateModified\":\"2026-04-30T16:25:19+00:00\",\"description\":\"Taquile est un endroit tr\u00e8s important sur le lac Titicaca de par ses vestiges arch\u00e9ologiques, ses lieux sacr\u00e9s et la vie quotidienne de ses habitants...\",\"breadcrumb\":{\"@id\":\"https:\\\/\\\/abc-latina.com\\\/perou\\\/taquile\\\/#breadcrumb\"},\"inLanguage\":\"fr-FR\",\"potentialAction\":[{\"@type\":\"ReadAction\",\"target\":[\"https:\\\/\\\/abc-latina.com\\\/perou\\\/taquile\\\/\"]}]},{\"@type\":\"ImageObject\",\"inLanguage\":\"fr-FR\",\"@id\":\"https:\\\/\\\/abc-latina.com\\\/perou\\\/taquile\\\/#primaryimage\",\"url\":\"https:\\\/\\\/abc-latina.com\\\/wp-content\\\/uploads\\\/2010\\\/06\\\/taquile.jpg\",\"contentUrl\":\"https:\\\/\\\/abc-latina.com\\\/wp-content\\\/uploads\\\/2010\\\/06\\\/taquile.jpg\",\"width\":250,\"height\":250,\"caption\":\"TAQUILE\"},{\"@type\":\"BreadcrumbList\",\"@id\":\"https:\\\/\\\/abc-latina.com\\\/perou\\\/taquile\\\/#breadcrumb\",\"itemListElement\":[{\"@type\":\"ListItem\",\"position\":1,\"name\":\"Accueil\",\"item\":\"https:\\\/\\\/abc-latina.com\\\/\"},{\"@type\":\"ListItem\",\"position\":2,\"name\":\"Le LAC TITIKAKA &#8211; L&rsquo;\u00eele de TAQUILE\"}]},{\"@type\":\"WebSite\",\"@id\":\"https:\\\/\\\/abc-latina.com\\\/#website\",\"url\":\"https:\\\/\\\/abc-latina.com\\\/\",\"name\":\"Abc-latina\",\"description\":\"\",\"publisher\":{\"@id\":\"https:\\\/\\\/abc-latina.com\\\/#organization\"},\"potentialAction\":[{\"@type\":\"SearchAction\",\"target\":{\"@type\":\"EntryPoint\",\"urlTemplate\":\"https:\\\/\\\/abc-latina.com\\\/?s={search_term_string}\"},\"query-input\":{\"@type\":\"PropertyValueSpecification\",\"valueRequired\":true,\"valueName\":\"search_term_string\"}}],\"inLanguage\":\"fr-FR\"},{\"@type\":\"Organization\",\"@id\":\"https:\\\/\\\/abc-latina.com\\\/#organization\",\"name\":\"Abc-latina\",\"url\":\"https:\\\/\\\/abc-latina.com\\\/\",\"logo\":{\"@type\":\"ImageObject\",\"inLanguage\":\"fr-FR\",\"@id\":\"https:\\\/\\\/abc-latina.com\\\/#\\\/schema\\\/logo\\\/image\\\/\",\"url\":\"https:\\\/\\\/abc-latina.com\\\/wp-content\\\/uploads\\\/2026\\\/05\\\/cropped-logo.gif\",\"contentUrl\":\"https:\\\/\\\/abc-latina.com\\\/wp-content\\\/uploads\\\/2026\\\/05\\\/cropped-logo.gif\",\"width\":89,\"height\":84,\"caption\":\"Abc-latina\"},\"image\":{\"@id\":\"https:\\\/\\\/abc-latina.com\\\/#\\\/schema\\\/logo\\\/image\\\/\"}}]}<\/script>\n<!-- \/ Yoast SEO plugin. -->","yoast_head_json":{"title":"Le LAC TITIKAKA - L'\u00eele de TAQUILE - Abc-latina","description":"Taquile est un endroit tr\u00e8s important sur le lac Titicaca de par ses vestiges arch\u00e9ologiques, ses lieux sacr\u00e9s et la vie quotidienne de ses habitants...","robots":{"index":"index","follow":"follow","max-snippet":"max-snippet:-1","max-image-preview":"max-image-preview:large","max-video-preview":"max-video-preview:-1"},"canonical":"https:\/\/abc-latina.com\/perou\/taquile\/","og_locale":"fr_FR","og_type":"article","og_title":"Le LAC TITIKAKA - L'\u00eele de TAQUILE - Abc-latina","og_description":"Taquile est un endroit tr\u00e8s important sur le lac Titicaca de par ses vestiges arch\u00e9ologiques, ses lieux sacr\u00e9s et la vie quotidienne de ses habitants...","og_url":"https:\/\/abc-latina.com\/perou\/taquile\/","og_site_name":"Abc-latina","article_modified_time":"2026-04-30T16:25:19+00:00","og_image":[{"width":250,"height":250,"url":"https:\/\/abc-latina.com\/wp-content\/uploads\/2010\/06\/taquile.jpg","type":"image\/jpeg"}],"twitter_card":"summary_large_image","twitter_misc":{"Dur\u00e9e de lecture estim\u00e9e":"1 minute"},"schema":{"@context":"https:\/\/schema.org","@graph":[{"@type":"WebPage","@id":"https:\/\/abc-latina.com\/perou\/taquile\/","url":"https:\/\/abc-latina.com\/perou\/taquile\/","name":"Le LAC TITIKAKA - L'\u00eele de TAQUILE - Abc-latina","isPartOf":{"@id":"https:\/\/abc-latina.com\/#website"},"primaryImageOfPage":{"@id":"https:\/\/abc-latina.com\/perou\/taquile\/#primaryimage"},"image":{"@id":"https:\/\/abc-latina.com\/perou\/taquile\/#primaryimage"},"thumbnailUrl":"https:\/\/abc-latina.com\/wp-content\/uploads\/2010\/06\/taquile.jpg","datePublished":"2010-06-07T20:11:09+00:00","dateModified":"2026-04-30T16:25:19+00:00","description":"Taquile est un endroit tr\u00e8s important sur le lac Titicaca de par ses vestiges arch\u00e9ologiques, ses lieux sacr\u00e9s et la vie quotidienne de ses habitants...","breadcrumb":{"@id":"https:\/\/abc-latina.com\/perou\/taquile\/#breadcrumb"},"inLanguage":"fr-FR","potentialAction":[{"@type":"ReadAction","target":["https:\/\/abc-latina.com\/perou\/taquile\/"]}]},{"@type":"ImageObject","inLanguage":"fr-FR","@id":"https:\/\/abc-latina.com\/perou\/taquile\/#primaryimage","url":"https:\/\/abc-latina.com\/wp-content\/uploads\/2010\/06\/taquile.jpg","contentUrl":"https:\/\/abc-latina.com\/wp-content\/uploads\/2010\/06\/taquile.jpg","width":250,"height":250,"caption":"TAQUILE"},{"@type":"BreadcrumbList","@id":"https:\/\/abc-latina.com\/perou\/taquile\/#breadcrumb","itemListElement":[{"@type":"ListItem","position":1,"name":"Accueil","item":"https:\/\/abc-latina.com\/"},{"@type":"ListItem","position":2,"name":"Le LAC TITIKAKA &#8211; L&rsquo;\u00eele de TAQUILE"}]},{"@type":"WebSite","@id":"https:\/\/abc-latina.com\/#website","url":"https:\/\/abc-latina.com\/","name":"Abc-latina","description":"","publisher":{"@id":"https:\/\/abc-latina.com\/#organization"},"potentialAction":[{"@type":"SearchAction","target":{"@type":"EntryPoint","urlTemplate":"https:\/\/abc-latina.com\/?s={search_term_string}"},"query-input":{"@type":"PropertyValueSpecification","valueRequired":true,"valueName":"search_term_string"}}],"inLanguage":"fr-FR"},{"@type":"Organization","@id":"https:\/\/abc-latina.com\/#organization","name":"Abc-latina","url":"https:\/\/abc-latina.com\/","logo":{"@type":"ImageObject","inLanguage":"fr-FR","@id":"https:\/\/abc-latina.com\/#\/schema\/logo\/image\/","url":"https:\/\/abc-latina.com\/wp-content\/uploads\/2026\/05\/cropped-logo.gif","contentUrl":"https:\/\/abc-latina.com\/wp-content\/uploads\/2026\/05\/cropped-logo.gif","width":89,"height":84,"caption":"Abc-latina"},"image":{"@id":"https:\/\/abc-latina.com\/#\/schema\/logo\/image\/"}}]}},"_links":{"self":[{"href":"https:\/\/abc-latina.com\/wp-json\/wp\/v2\/pages\/441","targetHints":{"allow":["GET"]}}],"collection":[{"href":"https:\/\/abc-latina.com\/wp-json\/wp\/v2\/pages"}],"about":[{"href":"https:\/\/abc-latina.com\/wp-json\/wp\/v2\/types\/page"}],"author":[{"embeddable":true,"href":"https:\/\/abc-latina.com\/wp-json\/wp\/v2\/users\/3"}],"replies":[{"embeddable":true,"href":"https:\/\/abc-latina.com\/wp-json\/wp\/v2\/comments?post=441"}],"version-history":[{"count":1,"href":"https:\/\/abc-latina.com\/wp-json\/wp\/v2\/pages\/441\/revisions"}],"predecessor-version":[{"id":3785,"href":"https:\/\/abc-latina.com\/wp-json\/wp\/v2\/pages\/441\/revisions\/3785"}],"up":[{"embeddable":true,"href":"https:\/\/abc-latina.com\/wp-json\/wp\/v2\/pages\/2118"}],"wp:featuredmedia":[{"embeddable":true,"href":"https:\/\/abc-latina.com\/wp-json\/wp\/v2\/media\/440"}],"wp:attachment":[{"href":"https:\/\/abc-latina.com\/wp-json\/wp\/v2\/media?parent=441"}],"curies":[{"name":"wp","href":"https:\/\/api.w.org\/{rel}","templated":true}]}}