{"id":443,"date":"2010-06-07T22:13:10","date_gmt":"2010-06-07T20:13:10","guid":{"rendered":"http:\/\/abc-latina.com\/trujillo-htm\/"},"modified":"2026-04-30T18:25:20","modified_gmt":"2026-04-30T16:25:20","slug":"trujillo","status":"publish","type":"page","link":"https:\/\/abc-latina.com\/perou\/trujillo\/","title":{"rendered":"TRUJILLO"},"content":{"rendered":"<div><img loading=\"lazy\" decoding=\"async\" class=\" alignright size-full wp-image-442\" src=\"http:\/\/abc-latina.com\/wp-content\/uploads\/2010\/06\/trujillo6z.jpg\" style=\"border-width: 1px; border-style: solid; margin: 5px 22px; float: right;\" alt=\"\" width=\"280\" height=\"179\" \/><span class=\"tourisme-chapitre\">Trujillo<\/span> est la troisi\u00e8me plus grande ville du P\u00e9rou gr\u00e2ce \u00e0 ses 750 000 h. C&rsquo;est une agr\u00e9able cit\u00e9 coloniale dont les environs cachent non seulement des plages pittoresques, mais aussi des richesses culturelles accumul\u00e9es depuis des mill\u00e9naires. Le visiteur pourra appr\u00e9cier les attraits de la ville et les ruines des cultures Moche et Chimu, qui se dressent autour d&rsquo;elle. Ici, les pluies sont rares et le soleil brille presque toute l&rsquo;ann\u00e9e.<\/div>\n<div>Malgr\u00e9 un d\u00e9veloppement rapide, la ville a su conserver de remarquables t\u00e9moignages de son fastueux pass\u00e9. La Plaza de Armas, entres autres, est bord\u00e9e de superbes maisons coloniales aux couleurs pastel, aux majestueux portails bien ouvr\u00e9s et aux fen\u00eatres prot\u00e9g\u00e9es par des grilles en fer forg\u00e9 finement travaill\u00e9es.<\/div>\n<div>La cath\u00e9drale offre une jolie fa\u00e7ade baroque, et son int\u00e9rieur abrite un petit mus\u00e9e d&rsquo;art religieux. Quelques maisons coloniales peuvent \u00eatre visit\u00e9es.&nbsp;<\/div>\n<div>&nbsp;<\/div>\n<div><span class=\"tourisme-chapitre\">Dans les environs de Trujillo :<\/span><\/div>\n<div>&nbsp;<\/div>\n<div>\n<div><span class=\"tourisme-unesco\">&#8211; Les ruines de Chan Chan \u00e0 5km de Trujillo.<\/span><\/div>\n<div>Elle couvre une superficie de pr\u00e8s de 18 km&sup2;, il s&rsquo;agit de l&rsquo;un des sites arch\u00e9ologiques les plus c\u00e9l\u00e8bres d&rsquo;Am\u00e9rique du Sud. Sa visite s&rsquo;impose.<\/div>\n<div><span class=\"tourisme-unesco\">&#8211; La Huaca Esmeralda \u00e0 3km de Trujillo<\/span><\/div>\n<div>D\u00e9couverte en 1925, cette pyramide provient certainement de la derni\u00e8re p\u00e9riode chimu. Construite en adobe sculpt\u00e9, elle est entour\u00e9e d&rsquo;une enceinte. On y voit de jolis bas-reliefs, des poissons et oiseaux surtout.<\/div>\n<div><span class=\"tourisme-unesco\">&#8211; Les Huaca del Sol et Huaca de la Luna <\/span>(pyramide du soleil et de la lune) \u00e0 4 km de Trujillo.<\/div>\n<div>La pyramide du Soleil et l&rsquo;\u00e9difice le plus important du P\u00e9rou. Elle mesure, \u00e0 sa base, 228 m sur 135, et s&rsquo;\u00e9l\u00e8ve \u00e0 48 m de hauteur. L&rsquo;int\u00e9rieur est d\u00e9cor\u00e9 de superbes fresques en relief peintes en rouge et blanc.<\/div>\n<div>Lui faisant face, la pyramide de la lune, plus petite (80 m de long et 26 m de hauteur) fait encore l&rsquo;objet de fouilles minutieuses.<\/div>\n<div><span class=\"tourisme-unesco\">&#8211; La Huaca del Dragon \u00e0 4km de Trujillo.&nbsp;<\/span><\/div>\n<div>Ce beau sanctuaire bien conserv\u00e9, de forme pyramidale, poss\u00e8de des bas-reliefs sur lesquels on peut voir des guerriers dansants, en hommage \u00e0 l&rsquo;arc-en-ciel, ou sur un autre un homme et une femme entour\u00e9s par l&rsquo;arc-en-ciel. Depuis le sommet de la pyramide, on peut voir les diff\u00e9rents compartiments o\u00f9 l&rsquo;on entreposait les graines.<\/div>\n<div><span class=\"tourisme-unesco\">&#8211;&nbsp;<a href=\"https:\/\/www.abc-latina.com\/perou\/tourisme\/huanchaco\" style=\"color: rgb(104, 81, 0); \" target=\"_blank\">Huanchaco<\/a>&nbsp;<\/span>est situ\u00e9 \u00e0 quelques minutes de la villle de Trujillo. Il s&rsquo;agit d&rsquo;une charmante station baln\u00e9aire connut pour ses fr\u00eales embarcations de roseaux, les caballitos de tortora. Les p\u00eacheurs les enfourchent \u00e0 la mani\u00e8re d&rsquo;un cavalier, d&rsquo;o\u00f9 leur nom qui signifie petit cheval de roseaux.<\/div>\n<\/div>\n<h3>Pr\u00e9parez votre voyage \u00e0 Trujillo:<\/h3>\n<div><a href=\"https:\/\/www.abc-latina.com\/perou\/agence_de_voyages\">Agences de voyage g\u00e9n\u00e9ralistes et discounteurs<\/a><\/div>\n<div><a href=\"https:\/\/www.abc-latina.com\/perou\/tour_operateur\">Tours Op\u00e9rateurs sp\u00e9cialistes du P\u00e9rou<\/a><\/div>\n<div><a href=\"https:\/\/www.abc-latina.com\/to\/reservation_billet_avion\" target=\"_blank\">R\u00e9servez votre billet d&rsquo;avion<\/a><\/div>\n<div><a href=\"https:\/\/www.abc-latina.com\/perou\/hotels\">R\u00e9servez votre h\u00f4tel \u00e0 Trujillo<\/a>&nbsp;<\/div>\n<div><a href=\"https:\/\/www.abc-latina.com\/to\/location_de_voiture_perou\" target=\"_blank\">Location de voiture<\/a><\/div>\n<p>&nbsp;<\/p>\n","protected":false},"excerpt":{"rendered":"<p>Trujillo est la troisi\u00e8me plus grande ville du P\u00e9rou gr\u00e2ce \u00e0 ses 750 000 h. C&rsquo;est une agr\u00e9able cit\u00e9 coloniale [&hellip;]<\/p>\n","protected":false},"author":3,"featured_media":442,"parent":2118,"menu_order":0,"comment_status":"closed","ping_status":"closed","template":"","meta":{"site-sidebar-layout":"default","site-content-layout":"","ast-site-content-layout":"default","site-content-style":"default","site-sidebar-style":"default","ast-global-header-display":"","ast-banner-title-visibility":"","ast-main-header-display":"","ast-hfb-above-header-display":"","ast-hfb-below-header-display":"","ast-hfb-mobile-header-display":"","site-post-title":"","ast-breadcrumbs-content":"","ast-featured-img":"","footer-sml-layout":"","ast-disable-related-posts":"","theme-transparent-header-meta":"","adv-header-id-meta":"","stick-header-meta":"","header-above-stick-meta":"","header-main-stick-meta":"","header-below-stick-meta":"","astra-migrate-meta-layouts":"default","ast-page-background-enabled":"default","ast-page-background-meta":{"desktop":{"background-color":"var(--ast-global-color-5)","background-image":"","background-repeat":"repeat","background-position":"center center","background-size":"auto","background-attachment":"scroll","background-type":"","background-media":"","overlay-type":"","overlay-color":"","overlay-opacity":"","overlay-gradient":""},"tablet":{"background-color":"","background-image":"","background-repeat":"repeat","background-position":"center center","background-size":"auto","background-attachment":"scroll","background-type":"","background-media":"","overlay-type":"","overlay-color":"","overlay-opacity":"","overlay-gradient":""},"mobile":{"background-color":"","background-image":"","background-repeat":"repeat","background-position":"center center","background-size":"auto","background-attachment":"scroll","background-type":"","background-media":"","overlay-type":"","overlay-color":"","overlay-opacity":"","overlay-gradient":""}},"ast-content-background-meta":{"desktop":{"background-color":"var(--ast-global-color-4)","background-image":"","background-repeat":"repeat","background-position":"center center","background-size":"auto","background-attachment":"scroll","background-type":"","background-media":"","overlay-type":"","overlay-color":"","overlay-opacity":"","overlay-gradient":""},"tablet":{"background-color":"var(--ast-global-color-4)","background-image":"","background-repeat":"repeat","background-position":"center center","background-size":"auto","background-attachment":"scroll","background-type":"","background-media":"","overlay-type":"","overlay-color":"","overlay-opacity":"","overlay-gradient":""},"mobile":{"background-color":"var(--ast-global-color-4)","background-image":"","background-repeat":"repeat","background-position":"center center","background-size":"auto","background-attachment":"scroll","background-type":"","background-media":"","overlay-type":"","overlay-color":"","overlay-opacity":"","overlay-gradient":""}},"footnotes":""},"class_list":["post-443","page","type-page","status-publish","has-post-thumbnail","hentry"],"yoast_head":"<!-- This site is optimized with the Yoast SEO plugin v27.5 - https:\/\/yoast.com\/product\/yoast-seo-wordpress\/ -->\n<title>TRUJILLO - Abc-latina<\/title>\n<meta name=\"description\" content=\"Visite de la ville de Trujillo, sur la c\u00f4te nord p\u00e9ruvienne.\" \/>\n<meta name=\"robots\" content=\"index, follow, max-snippet:-1, max-image-preview:large, max-video-preview:-1\" \/>\n<link rel=\"canonical\" href=\"https:\/\/abc-latina.com\/perou\/trujillo\/\" \/>\n<meta property=\"og:locale\" content=\"fr_FR\" \/>\n<meta property=\"og:type\" content=\"article\" \/>\n<meta property=\"og:title\" content=\"TRUJILLO - Abc-latina\" \/>\n<meta property=\"og:description\" content=\"Visite de la ville de Trujillo, sur la c\u00f4te nord p\u00e9ruvienne.\" \/>\n<meta property=\"og:url\" content=\"https:\/\/abc-latina.com\/perou\/trujillo\/\" \/>\n<meta property=\"og:site_name\" content=\"Abc-latina\" \/>\n<meta property=\"article:modified_time\" content=\"2026-04-30T16:25:20+00:00\" \/>\n<meta property=\"og:image\" content=\"https:\/\/abc-latina.com\/wp-content\/uploads\/2010\/06\/trujillo6z.jpg\" \/>\n\t<meta property=\"og:image:width\" content=\"280\" \/>\n\t<meta property=\"og:image:height\" content=\"179\" \/>\n\t<meta property=\"og:image:type\" content=\"image\/jpeg\" \/>\n<meta name=\"twitter:card\" content=\"summary_large_image\" \/>\n<meta name=\"twitter:label1\" content=\"Dur\u00e9e de lecture estim\u00e9e\" \/>\n\t<meta name=\"twitter:data1\" content=\"2 minutes\" \/>\n<script type=\"application\/ld+json\" class=\"yoast-schema-graph\">{\"@context\":\"https:\\\/\\\/schema.org\",\"@graph\":[{\"@type\":\"WebPage\",\"@id\":\"https:\\\/\\\/abc-latina.com\\\/perou\\\/trujillo\\\/\",\"url\":\"https:\\\/\\\/abc-latina.com\\\/perou\\\/trujillo\\\/\",\"name\":\"TRUJILLO - Abc-latina\",\"isPartOf\":{\"@id\":\"https:\\\/\\\/abc-latina.com\\\/#website\"},\"primaryImageOfPage\":{\"@id\":\"https:\\\/\\\/abc-latina.com\\\/perou\\\/trujillo\\\/#primaryimage\"},\"image\":{\"@id\":\"https:\\\/\\\/abc-latina.com\\\/perou\\\/trujillo\\\/#primaryimage\"},\"thumbnailUrl\":\"https:\\\/\\\/abc-latina.com\\\/wp-content\\\/uploads\\\/2010\\\/06\\\/trujillo6z.jpg\",\"datePublished\":\"2010-06-07T20:13:10+00:00\",\"dateModified\":\"2026-04-30T16:25:20+00:00\",\"description\":\"Visite de la ville de Trujillo, sur la c\u00f4te nord p\u00e9ruvienne.\",\"breadcrumb\":{\"@id\":\"https:\\\/\\\/abc-latina.com\\\/perou\\\/trujillo\\\/#breadcrumb\"},\"inLanguage\":\"fr-FR\",\"potentialAction\":[{\"@type\":\"ReadAction\",\"target\":[\"https:\\\/\\\/abc-latina.com\\\/perou\\\/trujillo\\\/\"]}]},{\"@type\":\"ImageObject\",\"inLanguage\":\"fr-FR\",\"@id\":\"https:\\\/\\\/abc-latina.com\\\/perou\\\/trujillo\\\/#primaryimage\",\"url\":\"https:\\\/\\\/abc-latina.com\\\/wp-content\\\/uploads\\\/2010\\\/06\\\/trujillo6z.jpg\",\"contentUrl\":\"https:\\\/\\\/abc-latina.com\\\/wp-content\\\/uploads\\\/2010\\\/06\\\/trujillo6z.jpg\",\"width\":280,\"height\":179},{\"@type\":\"BreadcrumbList\",\"@id\":\"https:\\\/\\\/abc-latina.com\\\/perou\\\/trujillo\\\/#breadcrumb\",\"itemListElement\":[{\"@type\":\"ListItem\",\"position\":1,\"name\":\"Accueil\",\"item\":\"https:\\\/\\\/abc-latina.com\\\/\"},{\"@type\":\"ListItem\",\"position\":2,\"name\":\"TRUJILLO\"}]},{\"@type\":\"WebSite\",\"@id\":\"https:\\\/\\\/abc-latina.com\\\/#website\",\"url\":\"https:\\\/\\\/abc-latina.com\\\/\",\"name\":\"Abc-latina\",\"description\":\"\",\"publisher\":{\"@id\":\"https:\\\/\\\/abc-latina.com\\\/#organization\"},\"potentialAction\":[{\"@type\":\"SearchAction\",\"target\":{\"@type\":\"EntryPoint\",\"urlTemplate\":\"https:\\\/\\\/abc-latina.com\\\/?s={search_term_string}\"},\"query-input\":{\"@type\":\"PropertyValueSpecification\",\"valueRequired\":true,\"valueName\":\"search_term_string\"}}],\"inLanguage\":\"fr-FR\"},{\"@type\":\"Organization\",\"@id\":\"https:\\\/\\\/abc-latina.com\\\/#organization\",\"name\":\"Abc-latina\",\"url\":\"https:\\\/\\\/abc-latina.com\\\/\",\"logo\":{\"@type\":\"ImageObject\",\"inLanguage\":\"fr-FR\",\"@id\":\"https:\\\/\\\/abc-latina.com\\\/#\\\/schema\\\/logo\\\/image\\\/\",\"url\":\"https:\\\/\\\/abc-latina.com\\\/wp-content\\\/uploads\\\/2026\\\/05\\\/cropped-logo.gif\",\"contentUrl\":\"https:\\\/\\\/abc-latina.com\\\/wp-content\\\/uploads\\\/2026\\\/05\\\/cropped-logo.gif\",\"width\":89,\"height\":84,\"caption\":\"Abc-latina\"},\"image\":{\"@id\":\"https:\\\/\\\/abc-latina.com\\\/#\\\/schema\\\/logo\\\/image\\\/\"}}]}<\/script>\n<!-- \/ Yoast SEO plugin. -->","yoast_head_json":{"title":"TRUJILLO - Abc-latina","description":"Visite de la ville de Trujillo, sur la c\u00f4te nord p\u00e9ruvienne.","robots":{"index":"index","follow":"follow","max-snippet":"max-snippet:-1","max-image-preview":"max-image-preview:large","max-video-preview":"max-video-preview:-1"},"canonical":"https:\/\/abc-latina.com\/perou\/trujillo\/","og_locale":"fr_FR","og_type":"article","og_title":"TRUJILLO - Abc-latina","og_description":"Visite de la ville de Trujillo, sur la c\u00f4te nord p\u00e9ruvienne.","og_url":"https:\/\/abc-latina.com\/perou\/trujillo\/","og_site_name":"Abc-latina","article_modified_time":"2026-04-30T16:25:20+00:00","og_image":[{"width":280,"height":179,"url":"https:\/\/abc-latina.com\/wp-content\/uploads\/2010\/06\/trujillo6z.jpg","type":"image\/jpeg"}],"twitter_card":"summary_large_image","twitter_misc":{"Dur\u00e9e de lecture estim\u00e9e":"2 minutes"},"schema":{"@context":"https:\/\/schema.org","@graph":[{"@type":"WebPage","@id":"https:\/\/abc-latina.com\/perou\/trujillo\/","url":"https:\/\/abc-latina.com\/perou\/trujillo\/","name":"TRUJILLO - Abc-latina","isPartOf":{"@id":"https:\/\/abc-latina.com\/#website"},"primaryImageOfPage":{"@id":"https:\/\/abc-latina.com\/perou\/trujillo\/#primaryimage"},"image":{"@id":"https:\/\/abc-latina.com\/perou\/trujillo\/#primaryimage"},"thumbnailUrl":"https:\/\/abc-latina.com\/wp-content\/uploads\/2010\/06\/trujillo6z.jpg","datePublished":"2010-06-07T20:13:10+00:00","dateModified":"2026-04-30T16:25:20+00:00","description":"Visite de la ville de Trujillo, sur la c\u00f4te nord p\u00e9ruvienne.","breadcrumb":{"@id":"https:\/\/abc-latina.com\/perou\/trujillo\/#breadcrumb"},"inLanguage":"fr-FR","potentialAction":[{"@type":"ReadAction","target":["https:\/\/abc-latina.com\/perou\/trujillo\/"]}]},{"@type":"ImageObject","inLanguage":"fr-FR","@id":"https:\/\/abc-latina.com\/perou\/trujillo\/#primaryimage","url":"https:\/\/abc-latina.com\/wp-content\/uploads\/2010\/06\/trujillo6z.jpg","contentUrl":"https:\/\/abc-latina.com\/wp-content\/uploads\/2010\/06\/trujillo6z.jpg","width":280,"height":179},{"@type":"BreadcrumbList","@id":"https:\/\/abc-latina.com\/perou\/trujillo\/#breadcrumb","itemListElement":[{"@type":"ListItem","position":1,"name":"Accueil","item":"https:\/\/abc-latina.com\/"},{"@type":"ListItem","position":2,"name":"TRUJILLO"}]},{"@type":"WebSite","@id":"https:\/\/abc-latina.com\/#website","url":"https:\/\/abc-latina.com\/","name":"Abc-latina","description":"","publisher":{"@id":"https:\/\/abc-latina.com\/#organization"},"potentialAction":[{"@type":"SearchAction","target":{"@type":"EntryPoint","urlTemplate":"https:\/\/abc-latina.com\/?s={search_term_string}"},"query-input":{"@type":"PropertyValueSpecification","valueRequired":true,"valueName":"search_term_string"}}],"inLanguage":"fr-FR"},{"@type":"Organization","@id":"https:\/\/abc-latina.com\/#organization","name":"Abc-latina","url":"https:\/\/abc-latina.com\/","logo":{"@type":"ImageObject","inLanguage":"fr-FR","@id":"https:\/\/abc-latina.com\/#\/schema\/logo\/image\/","url":"https:\/\/abc-latina.com\/wp-content\/uploads\/2026\/05\/cropped-logo.gif","contentUrl":"https:\/\/abc-latina.com\/wp-content\/uploads\/2026\/05\/cropped-logo.gif","width":89,"height":84,"caption":"Abc-latina"},"image":{"@id":"https:\/\/abc-latina.com\/#\/schema\/logo\/image\/"}}]}},"_links":{"self":[{"href":"https:\/\/abc-latina.com\/wp-json\/wp\/v2\/pages\/443","targetHints":{"allow":["GET"]}}],"collection":[{"href":"https:\/\/abc-latina.com\/wp-json\/wp\/v2\/pages"}],"about":[{"href":"https:\/\/abc-latina.com\/wp-json\/wp\/v2\/types\/page"}],"author":[{"embeddable":true,"href":"https:\/\/abc-latina.com\/wp-json\/wp\/v2\/users\/3"}],"replies":[{"embeddable":true,"href":"https:\/\/abc-latina.com\/wp-json\/wp\/v2\/comments?post=443"}],"version-history":[{"count":1,"href":"https:\/\/abc-latina.com\/wp-json\/wp\/v2\/pages\/443\/revisions"}],"predecessor-version":[{"id":3786,"href":"https:\/\/abc-latina.com\/wp-json\/wp\/v2\/pages\/443\/revisions\/3786"}],"up":[{"embeddable":true,"href":"https:\/\/abc-latina.com\/wp-json\/wp\/v2\/pages\/2118"}],"wp:featuredmedia":[{"embeddable":true,"href":"https:\/\/abc-latina.com\/wp-json\/wp\/v2\/media\/442"}],"wp:attachment":[{"href":"https:\/\/abc-latina.com\/wp-json\/wp\/v2\/media?parent=443"}],"curies":[{"name":"wp","href":"https:\/\/api.w.org\/{rel}","templated":true}]}}