{"id":446,"date":"2010-06-07T22:26:12","date_gmt":"2010-06-07T20:26:12","guid":{"rendered":"http:\/\/abc-latina.com\/andes-htm\/"},"modified":"2026-04-30T18:25:33","modified_gmt":"2026-04-30T16:25:33","slug":"andes","status":"publish","type":"page","link":"https:\/\/abc-latina.com\/venezuela\/andes\/","title":{"rendered":"Les ANDES"},"content":{"rendered":"<div>Les P\u00e1ramos constituent un lieu tr\u00e8s pris\u00e9 pour la randonn\u00e9e p\u00e9destre. Vous pourrez d\u00e9couvrir, en arpentant les chemins de cette superbe cha\u00eene de montagnes, quelques-uns des plus beaux aspects du pays tels que des villages de montagne tout \u00e0 fait charmants, des campesinos sympathiques et des chemins de randonn\u00e9e extr\u00eamement bien entretenus.&nbsp;<\/div>\n<div>Le t\u00e9l\u00e9ph\u00e9rique le plus haut et le plus long du monde (12,5 km) emm\u00e8ne le visiteur jusqu&rsquo;au Pico Espejo \u00e0 4765 m d&rsquo;altitude et lui offrira un splendide panorama sur les montagnes environnantes.<\/div>\n<div>Il fut un temps o\u00f9 les glaciers recouvraient enti\u00e8rement la vall\u00e9e de M\u00e9rida, leurs bras s&rsquo;\u00e9tendait au del\u00e0 de Timores et de Santo Domingo. Seuls subsistent de cette derni\u00e8re p\u00e9riode glaci\u00e8re des vall\u00e9es en V, de sombres lagons et quelques glaciers, comme le Timoncitos, qui para\u00eet-il, recule en raison des changements de climat. La plupart des cours d&rsquo;eau de haute montagne regorgent de truites.<\/div>\n<div>&nbsp;<\/div>\n<div>La ville de M\u00e9rida fut fond\u00e9e en 1558 par le capitaine Juan Rodriguez Suarez. Sise sur les contreforts de la Sierra Nevada et surplombant trois rivi\u00e8res, M\u00e9rida offre un spectacle grandiose. Cette cit\u00e9 110 000 habitants est travers\u00e9es de larges avenues modernes et parsem\u00e9es de nombreux parcs et jardins.<span class=\"tsource\"><br \/><\/span><\/div>\n<h3>Pr\u00e9parez votre voyage dans les Andes:<\/h3>\n<div><a href=\"https:\/\/www.abc-latina.com\/venezuela\/agence_de_voyages\">Agences de voyage g\u00e9n\u00e9ralistes et discounteurs<\/a><\/div>\n<div><a href=\"https:\/\/www.abc-latina.com\/venezuela\/tour_operateur\">Tours Op\u00e9rateurs sp\u00e9cialistes du Venezuela<\/a><\/div>\n<div><a target=\"_blank\" href=\"https:\/\/www.abc-latina.com\/to\/reservation_billet_avion\">R\u00e9servez votre billet d&rsquo;avion<\/a><\/div>\n<div><a href=\"https:\/\/www.abc-latina.com\/venezuela\/hotels\">R\u00e9servez votre h\u00f4tel dans les Andes<\/a>&nbsp;<\/div>\n<div><a target=\"_blank\" href=\"https:\/\/www.abc-latina.com\/to\/location_de_voiture_venezuela\">Location de voiture<\/a><\/div>\n<p>&nbsp;<\/p>\n","protected":false},"excerpt":{"rendered":"<p>Les P\u00e1ramos constituent un lieu tr\u00e8s pris\u00e9 pour la randonn\u00e9e p\u00e9destre. Vous pourrez d\u00e9couvrir, en arpentant les chemins de cette [&hellip;]<\/p>\n","protected":false},"author":3,"featured_media":0,"parent":2320,"menu_order":0,"comment_status":"closed","ping_status":"closed","template":"","meta":{"site-sidebar-layout":"default","site-content-layout":"","ast-site-content-layout":"default","site-content-style":"default","site-sidebar-style":"default","ast-global-header-display":"","ast-banner-title-visibility":"","ast-main-header-display":"","ast-hfb-above-header-display":"","ast-hfb-below-header-display":"","ast-hfb-mobile-header-display":"","site-post-title":"","ast-breadcrumbs-content":"","ast-featured-img":"","footer-sml-layout":"","ast-disable-related-posts":"","theme-transparent-header-meta":"","adv-header-id-meta":"","stick-header-meta":"","header-above-stick-meta":"","header-main-stick-meta":"","header-below-stick-meta":"","astra-migrate-meta-layouts":"default","ast-page-background-enabled":"default","ast-page-background-meta":{"desktop":{"background-color":"var(--ast-global-color-5)","background-image":"","background-repeat":"repeat","background-position":"center center","background-size":"auto","background-attachment":"scroll","background-type":"","background-media":"","overlay-type":"","overlay-color":"","overlay-opacity":"","overlay-gradient":""},"tablet":{"background-color":"","background-image":"","background-repeat":"repeat","background-position":"center center","background-size":"auto","background-attachment":"scroll","background-type":"","background-media":"","overlay-type":"","overlay-color":"","overlay-opacity":"","overlay-gradient":""},"mobile":{"background-color":"","background-image":"","background-repeat":"repeat","background-position":"center center","background-size":"auto","background-attachment":"scroll","background-type":"","background-media":"","overlay-type":"","overlay-color":"","overlay-opacity":"","overlay-gradient":""}},"ast-content-background-meta":{"desktop":{"background-color":"var(--ast-global-color-4)","background-image":"","background-repeat":"repeat","background-position":"center center","background-size":"auto","background-attachment":"scroll","background-type":"","background-media":"","overlay-type":"","overlay-color":"","overlay-opacity":"","overlay-gradient":""},"tablet":{"background-color":"var(--ast-global-color-4)","background-image":"","background-repeat":"repeat","background-position":"center center","background-size":"auto","background-attachment":"scroll","background-type":"","background-media":"","overlay-type":"","overlay-color":"","overlay-opacity":"","overlay-gradient":""},"mobile":{"background-color":"var(--ast-global-color-4)","background-image":"","background-repeat":"repeat","background-position":"center center","background-size":"auto","background-attachment":"scroll","background-type":"","background-media":"","overlay-type":"","overlay-color":"","overlay-opacity":"","overlay-gradient":""}},"footnotes":""},"class_list":["post-446","page","type-page","status-publish","hentry"],"yoast_head":"<!-- This site is optimized with the Yoast SEO plugin v27.5 - https:\/\/yoast.com\/product\/yoast-seo-wordpress\/ -->\n<title>Les ANDES - Abc-latina<\/title>\n<meta name=\"description\" content=\"Tourisme au Venezuela: Les Andes.\" \/>\n<meta name=\"robots\" content=\"index, follow, max-snippet:-1, max-image-preview:large, max-video-preview:-1\" \/>\n<link rel=\"canonical\" href=\"https:\/\/abc-latina.com\/venezuela\/andes\/\" \/>\n<meta property=\"og:locale\" content=\"fr_FR\" \/>\n<meta property=\"og:type\" content=\"article\" \/>\n<meta property=\"og:title\" content=\"Les ANDES - Abc-latina\" \/>\n<meta property=\"og:description\" content=\"Tourisme au Venezuela: Les Andes.\" \/>\n<meta property=\"og:url\" content=\"https:\/\/abc-latina.com\/venezuela\/andes\/\" \/>\n<meta property=\"og:site_name\" content=\"Abc-latina\" \/>\n<meta property=\"article:modified_time\" content=\"2026-04-30T16:25:33+00:00\" \/>\n<meta name=\"twitter:card\" content=\"summary_large_image\" \/>\n<meta name=\"twitter:label1\" content=\"Dur\u00e9e de lecture estim\u00e9e\" \/>\n\t<meta name=\"twitter:data1\" content=\"1 minute\" \/>\n<script type=\"application\/ld+json\" class=\"yoast-schema-graph\">{\"@context\":\"https:\\\/\\\/schema.org\",\"@graph\":[{\"@type\":\"WebPage\",\"@id\":\"https:\\\/\\\/abc-latina.com\\\/venezuela\\\/andes\\\/\",\"url\":\"https:\\\/\\\/abc-latina.com\\\/venezuela\\\/andes\\\/\",\"name\":\"Les ANDES - Abc-latina\",\"isPartOf\":{\"@id\":\"https:\\\/\\\/abc-latina.com\\\/#website\"},\"datePublished\":\"2010-06-07T20:26:12+00:00\",\"dateModified\":\"2026-04-30T16:25:33+00:00\",\"description\":\"Tourisme au Venezuela: Les Andes.\",\"breadcrumb\":{\"@id\":\"https:\\\/\\\/abc-latina.com\\\/venezuela\\\/andes\\\/#breadcrumb\"},\"inLanguage\":\"fr-FR\",\"potentialAction\":[{\"@type\":\"ReadAction\",\"target\":[\"https:\\\/\\\/abc-latina.com\\\/venezuela\\\/andes\\\/\"]}]},{\"@type\":\"BreadcrumbList\",\"@id\":\"https:\\\/\\\/abc-latina.com\\\/venezuela\\\/andes\\\/#breadcrumb\",\"itemListElement\":[{\"@type\":\"ListItem\",\"position\":1,\"name\":\"Accueil\",\"item\":\"https:\\\/\\\/abc-latina.com\\\/\"},{\"@type\":\"ListItem\",\"position\":2,\"name\":\"Les ANDES\"}]},{\"@type\":\"WebSite\",\"@id\":\"https:\\\/\\\/abc-latina.com\\\/#website\",\"url\":\"https:\\\/\\\/abc-latina.com\\\/\",\"name\":\"Abc-latina\",\"description\":\"\",\"publisher\":{\"@id\":\"https:\\\/\\\/abc-latina.com\\\/#organization\"},\"potentialAction\":[{\"@type\":\"SearchAction\",\"target\":{\"@type\":\"EntryPoint\",\"urlTemplate\":\"https:\\\/\\\/abc-latina.com\\\/?s={search_term_string}\"},\"query-input\":{\"@type\":\"PropertyValueSpecification\",\"valueRequired\":true,\"valueName\":\"search_term_string\"}}],\"inLanguage\":\"fr-FR\"},{\"@type\":\"Organization\",\"@id\":\"https:\\\/\\\/abc-latina.com\\\/#organization\",\"name\":\"Abc-latina\",\"url\":\"https:\\\/\\\/abc-latina.com\\\/\",\"logo\":{\"@type\":\"ImageObject\",\"inLanguage\":\"fr-FR\",\"@id\":\"https:\\\/\\\/abc-latina.com\\\/#\\\/schema\\\/logo\\\/image\\\/\",\"url\":\"https:\\\/\\\/abc-latina.com\\\/wp-content\\\/uploads\\\/2026\\\/05\\\/cropped-logo.gif\",\"contentUrl\":\"https:\\\/\\\/abc-latina.com\\\/wp-content\\\/uploads\\\/2026\\\/05\\\/cropped-logo.gif\",\"width\":89,\"height\":84,\"caption\":\"Abc-latina\"},\"image\":{\"@id\":\"https:\\\/\\\/abc-latina.com\\\/#\\\/schema\\\/logo\\\/image\\\/\"}}]}<\/script>\n<!-- \/ Yoast SEO plugin. -->","yoast_head_json":{"title":"Les ANDES - Abc-latina","description":"Tourisme au Venezuela: Les Andes.","robots":{"index":"index","follow":"follow","max-snippet":"max-snippet:-1","max-image-preview":"max-image-preview:large","max-video-preview":"max-video-preview:-1"},"canonical":"https:\/\/abc-latina.com\/venezuela\/andes\/","og_locale":"fr_FR","og_type":"article","og_title":"Les ANDES - Abc-latina","og_description":"Tourisme au Venezuela: Les Andes.","og_url":"https:\/\/abc-latina.com\/venezuela\/andes\/","og_site_name":"Abc-latina","article_modified_time":"2026-04-30T16:25:33+00:00","twitter_card":"summary_large_image","twitter_misc":{"Dur\u00e9e de lecture estim\u00e9e":"1 minute"},"schema":{"@context":"https:\/\/schema.org","@graph":[{"@type":"WebPage","@id":"https:\/\/abc-latina.com\/venezuela\/andes\/","url":"https:\/\/abc-latina.com\/venezuela\/andes\/","name":"Les ANDES - Abc-latina","isPartOf":{"@id":"https:\/\/abc-latina.com\/#website"},"datePublished":"2010-06-07T20:26:12+00:00","dateModified":"2026-04-30T16:25:33+00:00","description":"Tourisme au Venezuela: Les Andes.","breadcrumb":{"@id":"https:\/\/abc-latina.com\/venezuela\/andes\/#breadcrumb"},"inLanguage":"fr-FR","potentialAction":[{"@type":"ReadAction","target":["https:\/\/abc-latina.com\/venezuela\/andes\/"]}]},{"@type":"BreadcrumbList","@id":"https:\/\/abc-latina.com\/venezuela\/andes\/#breadcrumb","itemListElement":[{"@type":"ListItem","position":1,"name":"Accueil","item":"https:\/\/abc-latina.com\/"},{"@type":"ListItem","position":2,"name":"Les ANDES"}]},{"@type":"WebSite","@id":"https:\/\/abc-latina.com\/#website","url":"https:\/\/abc-latina.com\/","name":"Abc-latina","description":"","publisher":{"@id":"https:\/\/abc-latina.com\/#organization"},"potentialAction":[{"@type":"SearchAction","target":{"@type":"EntryPoint","urlTemplate":"https:\/\/abc-latina.com\/?s={search_term_string}"},"query-input":{"@type":"PropertyValueSpecification","valueRequired":true,"valueName":"search_term_string"}}],"inLanguage":"fr-FR"},{"@type":"Organization","@id":"https:\/\/abc-latina.com\/#organization","name":"Abc-latina","url":"https:\/\/abc-latina.com\/","logo":{"@type":"ImageObject","inLanguage":"fr-FR","@id":"https:\/\/abc-latina.com\/#\/schema\/logo\/image\/","url":"https:\/\/abc-latina.com\/wp-content\/uploads\/2026\/05\/cropped-logo.gif","contentUrl":"https:\/\/abc-latina.com\/wp-content\/uploads\/2026\/05\/cropped-logo.gif","width":89,"height":84,"caption":"Abc-latina"},"image":{"@id":"https:\/\/abc-latina.com\/#\/schema\/logo\/image\/"}}]}},"_links":{"self":[{"href":"https:\/\/abc-latina.com\/wp-json\/wp\/v2\/pages\/446","targetHints":{"allow":["GET"]}}],"collection":[{"href":"https:\/\/abc-latina.com\/wp-json\/wp\/v2\/pages"}],"about":[{"href":"https:\/\/abc-latina.com\/wp-json\/wp\/v2\/types\/page"}],"author":[{"embeddable":true,"href":"https:\/\/abc-latina.com\/wp-json\/wp\/v2\/users\/3"}],"replies":[{"embeddable":true,"href":"https:\/\/abc-latina.com\/wp-json\/wp\/v2\/comments?post=446"}],"version-history":[{"count":1,"href":"https:\/\/abc-latina.com\/wp-json\/wp\/v2\/pages\/446\/revisions"}],"predecessor-version":[{"id":4108,"href":"https:\/\/abc-latina.com\/wp-json\/wp\/v2\/pages\/446\/revisions\/4108"}],"up":[{"embeddable":true,"href":"https:\/\/abc-latina.com\/wp-json\/wp\/v2\/pages\/2320"}],"wp:attachment":[{"href":"https:\/\/abc-latina.com\/wp-json\/wp\/v2\/media?parent=446"}],"curies":[{"name":"wp","href":"https:\/\/api.w.org\/{rel}","templated":true}]}}