{"id":449,"date":"2010-06-07T22:32:53","date_gmt":"2010-06-07T20:32:53","guid":{"rendered":"http:\/\/abc-latina.com\/caracas-htm\/"},"modified":"2026-04-30T18:25:33","modified_gmt":"2026-04-30T16:25:33","slug":"caracas","status":"publish","type":"page","link":"https:\/\/abc-latina.com\/venezuela\/caracas\/","title":{"rendered":"CARACAS"},"content":{"rendered":"<div><a href=\"http:\/\/www.abc-latina.com\/venezuela\/photos\/photos_caracas.php\"><img loading=\"lazy\" decoding=\"async\" class=\" alignright size-full wp-image-448\" title=\"CARACAS\" style=\"margin: 5px 22px; float: right;\" src=\"http:\/\/abc-latina.com\/wp-content\/uploads\/2010\/06\/caracas.jpg\" alt=\"\" width=\"173\" height=\"311\" srcset=\"https:\/\/abc-latina.com\/wp-content\/uploads\/2010\/06\/caracas.jpg 173w, https:\/\/abc-latina.com\/wp-content\/uploads\/2010\/06\/caracas-167x300.jpg 167w\" sizes=\"auto, (max-width: 173px) 100vw, 173px\" \/><\/a><span class=\"tourisme-chapitre\">Caracas<\/span>, et ses 5 millions d&rsquo;habitants (m\u00e9tropole comprise) est un \u00e9ventail vari\u00e9 de rues longues et \u00e9troites, et d&rsquo;avenues sinueuses qui serpentent dans la montagne, avec des embouteillages monstrueux dans tous les quartiers.<\/div>\n<div>\n<div>Le coeur de la ville s&rsquo;identifie aux vieux quartiers qui entoure la Plaza Boliv\u00e1r.<\/div>\n<div>Les sites historiques, les mus\u00e9es, les th\u00e9\u00e2tres, les caf\u00e9s les boutiques et les parcs s&rsquo;agglutinent autour de la ligne 1 du m\u00e9tro. Il s&rsquo;agit d&rsquo;ailleurs du meilleur moyen de transport pour visiter les principaux centres d&rsquo;int\u00e9r\u00eat de la ville:<\/div>\n<div>La Plaza Boliv\u00e1r est aussi vieille que la ville elle m\u00eame, cette place remplit plusieurs fonctions au cours des si\u00e8cles; elle servit de place d&rsquo;armes o\u00f9 l&rsquo;on pendait les rebelles, de march\u00e9 public, d&rsquo;ar\u00e8ne o\u00f9 l&rsquo;on pr\u00e9sentait des combats de taureaux. Le Palacio Miraflor\u00e9s (Palais pr\u00e9sidentiel) et la cath\u00e9drale de Caracas s&rsquo;\u00e9l\u00e8vent aux abords de la plaza<\/div>\n<div>&nbsp;<\/div>\n<div>La cath\u00e9drale de Caracas connu plusieurs vies depuis la fondation de la ville en 1567. Elle fit ses humbles d\u00e9buts comme chapelle, aux murs de terre battue, puis l&rsquo;\u00e9glise qui la rempla\u00e7a fut d\u00e9truite en 1641 par un tremblement de terre. Plus tard reconstruite, elle dut subir de nombreuses r\u00e9fections en raison des tremblements de terre de 1766 et de 1812. Cette cath\u00e9drale renferme plusieurs tr\u00e9sors, les plus remarquables \u00e9tant divers autels, plaqu\u00e9s d&rsquo;or, et des toiles de Rubens &#8211; Murillo et de Michelena.<\/div>\n<div>&nbsp;<\/div>\n<div><a target=\"_blank\" href=\"tour_operateur\"><img loading=\"lazy\" decoding=\"async\" class=\" size-full wp-image-41\" src=\"http:\/\/abc-latina.com\/wp-content\/uploads\/2010\/04\/timbre_to.gif\" class=\"touroperateur\" alt=\"\" width=\"125\" height=\"90\" \/><\/a>La Casa Natal est la maison o\u00f9 naquit Sim\u00f3n Bol\u00edvar le 24 juillet 1783.<\/div>\n<div>On pourra admirer au Museo Bolivariano, un uniforme de Bol\u00edvar, des documents lui ayant appartenu, des souvenirs de l&rsquo;ind\u00e9pendance, des armes et des meubles d&rsquo;\u00e9poque.<\/div>\n<div>&nbsp;<\/div>\n<div>Le Parc nacional de l&rsquo;Avila s&rsquo;\u00e9tend sur 86 km, pour un superficie totale de 850 km&sup2;, dont une bonne partie est encore sauvage. On peut y trouver quelque 200 sortes d&rsquo;oiseaux et 130 esp\u00e8ces de mammif\u00e8res et de reptiles y ont \u00e9t\u00e9 r\u00e9pertori\u00e9es. Ce massif montagneux atteint 2765m en son point le plus \u00e9lev\u00e9.<\/div>\n<div>&nbsp;<\/div>\n<div>Caracas, qui est au carrefour de plusieurs routes et lignes a\u00e9riennes, constitue le point de d\u00e9part de plusieurs excursions vers les plages, les plaines, les Andes, les r\u00e9serves fauniques et les jungles du sud.<span class=\"tsource\"><br \/><\/span><\/div>\n<div>&nbsp;<\/div>\n<div><a href=\"https:\/\/www.abc-latina.com\/venezuela\/photos\/photos_caracas.php\">Photos de Caracas<\/a>&nbsp;<\/div>\n<div><a target=\"_blank\" href=\"https:\/\/www.abc-latina.com\/venezuela\/cartes-plans\/plan-carte-caracas.php\">Plan de Caracas<\/a><\/div>\n<div>&nbsp;<a target=\"_blank\" href=\"http:\/\/voyage.abc-latina.com\/voyage_venezuela\/venezuela.php\"><span class=\"sejour-circuit\"><br \/><\/span><\/a><\/div>\n<h3>Pr\u00e9parez votre voyage \u00e0 Caracas:<\/h3>\n<div><a href=\"https:\/\/www.abc-latina.com\/venezuela\/agence_de_voyages\">Agences de voyage g\u00e9n\u00e9ralistes et discounteurs<\/a><\/div>\n<div><a href=\"https:\/\/www.abc-latina.com\/venezuela\/tour_operateur\">Tours Op\u00e9rateurs sp\u00e9cialistes du Venezuela<\/a><\/div>\n<div><a target=\"_blank\" href=\"https:\/\/www.abc-latina.com\/to\/reservation_billet_avion\">R\u00e9servez votre billet d&rsquo;avion<\/a><\/div>\n<div><a href=\"https:\/\/www.abc-latina.com\/venezuela\/hotels\">R\u00e9servez votre h\u00f4tel \u00e0 Caracas<\/a>&nbsp;<\/div>\n<div><a target=\"_blank\" href=\"https:\/\/www.abc-latina.com\/to\/location_de_voiture_venezuela\">Location de voiture<\/a><\/div>\n<p>&nbsp;<\/p>\n<\/div>\n","protected":false},"excerpt":{"rendered":"<p>Caracas, et ses 5 millions d&rsquo;habitants (m\u00e9tropole comprise) est un \u00e9ventail vari\u00e9 de rues longues et \u00e9troites, et d&rsquo;avenues sinueuses [&hellip;]<\/p>\n","protected":false},"author":3,"featured_media":448,"parent":2320,"menu_order":0,"comment_status":"closed","ping_status":"closed","template":"","meta":{"site-sidebar-layout":"default","site-content-layout":"","ast-site-content-layout":"default","site-content-style":"default","site-sidebar-style":"default","ast-global-header-display":"","ast-banner-title-visibility":"","ast-main-header-display":"","ast-hfb-above-header-display":"","ast-hfb-below-header-display":"","ast-hfb-mobile-header-display":"","site-post-title":"","ast-breadcrumbs-content":"","ast-featured-img":"","footer-sml-layout":"","ast-disable-related-posts":"","theme-transparent-header-meta":"","adv-header-id-meta":"","stick-header-meta":"","header-above-stick-meta":"","header-main-stick-meta":"","header-below-stick-meta":"","astra-migrate-meta-layouts":"default","ast-page-background-enabled":"default","ast-page-background-meta":{"desktop":{"background-color":"var(--ast-global-color-5)","background-image":"","background-repeat":"repeat","background-position":"center center","background-size":"auto","background-attachment":"scroll","background-type":"","background-media":"","overlay-type":"","overlay-color":"","overlay-opacity":"","overlay-gradient":""},"tablet":{"background-color":"","background-image":"","background-repeat":"repeat","background-position":"center center","background-size":"auto","background-attachment":"scroll","background-type":"","background-media":"","overlay-type":"","overlay-color":"","overlay-opacity":"","overlay-gradient":""},"mobile":{"background-color":"","background-image":"","background-repeat":"repeat","background-position":"center center","background-size":"auto","background-attachment":"scroll","background-type":"","background-media":"","overlay-type":"","overlay-color":"","overlay-opacity":"","overlay-gradient":""}},"ast-content-background-meta":{"desktop":{"background-color":"var(--ast-global-color-4)","background-image":"","background-repeat":"repeat","background-position":"center center","background-size":"auto","background-attachment":"scroll","background-type":"","background-media":"","overlay-type":"","overlay-color":"","overlay-opacity":"","overlay-gradient":""},"tablet":{"background-color":"var(--ast-global-color-4)","background-image":"","background-repeat":"repeat","background-position":"center center","background-size":"auto","background-attachment":"scroll","background-type":"","background-media":"","overlay-type":"","overlay-color":"","overlay-opacity":"","overlay-gradient":""},"mobile":{"background-color":"var(--ast-global-color-4)","background-image":"","background-repeat":"repeat","background-position":"center center","background-size":"auto","background-attachment":"scroll","background-type":"","background-media":"","overlay-type":"","overlay-color":"","overlay-opacity":"","overlay-gradient":""}},"footnotes":""},"class_list":["post-449","page","type-page","status-publish","has-post-thumbnail","hentry"],"yoast_head":"<!-- This site is optimized with the Yoast SEO plugin v27.5 - https:\/\/yoast.com\/product\/yoast-seo-wordpress\/ -->\n<title>CARACAS - Abc-latina<\/title>\n<meta name=\"description\" content=\"caracas, capitale du Venezuela, informations et guide touristique.\" \/>\n<meta name=\"robots\" content=\"index, follow, max-snippet:-1, max-image-preview:large, max-video-preview:-1\" \/>\n<link rel=\"canonical\" href=\"https:\/\/abc-latina.com\/venezuela\/caracas\/\" \/>\n<meta property=\"og:locale\" content=\"fr_FR\" \/>\n<meta property=\"og:type\" content=\"article\" \/>\n<meta property=\"og:title\" content=\"CARACAS - Abc-latina\" \/>\n<meta property=\"og:description\" content=\"caracas, capitale du Venezuela, informations et guide touristique.\" \/>\n<meta property=\"og:url\" content=\"https:\/\/abc-latina.com\/venezuela\/caracas\/\" \/>\n<meta property=\"og:site_name\" content=\"Abc-latina\" \/>\n<meta property=\"article:modified_time\" content=\"2026-04-30T16:25:33+00:00\" \/>\n<meta property=\"og:image\" content=\"https:\/\/abc-latina.com\/wp-content\/uploads\/2010\/06\/caracas.jpg\" \/>\n\t<meta property=\"og:image:width\" content=\"173\" \/>\n\t<meta property=\"og:image:height\" content=\"311\" \/>\n\t<meta property=\"og:image:type\" content=\"image\/jpeg\" \/>\n<meta name=\"twitter:card\" content=\"summary_large_image\" \/>\n<meta name=\"twitter:label1\" content=\"Dur\u00e9e de lecture estim\u00e9e\" \/>\n\t<meta name=\"twitter:data1\" content=\"2 minutes\" \/>\n<script type=\"application\/ld+json\" class=\"yoast-schema-graph\">{\"@context\":\"https:\\\/\\\/schema.org\",\"@graph\":[{\"@type\":\"WebPage\",\"@id\":\"https:\\\/\\\/abc-latina.com\\\/venezuela\\\/caracas\\\/\",\"url\":\"https:\\\/\\\/abc-latina.com\\\/venezuela\\\/caracas\\\/\",\"name\":\"CARACAS - Abc-latina\",\"isPartOf\":{\"@id\":\"https:\\\/\\\/abc-latina.com\\\/#website\"},\"primaryImageOfPage\":{\"@id\":\"https:\\\/\\\/abc-latina.com\\\/venezuela\\\/caracas\\\/#primaryimage\"},\"image\":{\"@id\":\"https:\\\/\\\/abc-latina.com\\\/venezuela\\\/caracas\\\/#primaryimage\"},\"thumbnailUrl\":\"https:\\\/\\\/abc-latina.com\\\/wp-content\\\/uploads\\\/2010\\\/06\\\/caracas.jpg\",\"datePublished\":\"2010-06-07T20:32:53+00:00\",\"dateModified\":\"2026-04-30T16:25:33+00:00\",\"description\":\"caracas, capitale du Venezuela, informations et guide touristique.\",\"breadcrumb\":{\"@id\":\"https:\\\/\\\/abc-latina.com\\\/venezuela\\\/caracas\\\/#breadcrumb\"},\"inLanguage\":\"fr-FR\",\"potentialAction\":[{\"@type\":\"ReadAction\",\"target\":[\"https:\\\/\\\/abc-latina.com\\\/venezuela\\\/caracas\\\/\"]}]},{\"@type\":\"ImageObject\",\"inLanguage\":\"fr-FR\",\"@id\":\"https:\\\/\\\/abc-latina.com\\\/venezuela\\\/caracas\\\/#primaryimage\",\"url\":\"https:\\\/\\\/abc-latina.com\\\/wp-content\\\/uploads\\\/2010\\\/06\\\/caracas.jpg\",\"contentUrl\":\"https:\\\/\\\/abc-latina.com\\\/wp-content\\\/uploads\\\/2010\\\/06\\\/caracas.jpg\",\"width\":173,\"height\":311,\"caption\":\"CARACAS\"},{\"@type\":\"BreadcrumbList\",\"@id\":\"https:\\\/\\\/abc-latina.com\\\/venezuela\\\/caracas\\\/#breadcrumb\",\"itemListElement\":[{\"@type\":\"ListItem\",\"position\":1,\"name\":\"Accueil\",\"item\":\"https:\\\/\\\/abc-latina.com\\\/\"},{\"@type\":\"ListItem\",\"position\":2,\"name\":\"CARACAS\"}]},{\"@type\":\"WebSite\",\"@id\":\"https:\\\/\\\/abc-latina.com\\\/#website\",\"url\":\"https:\\\/\\\/abc-latina.com\\\/\",\"name\":\"Abc-latina\",\"description\":\"\",\"publisher\":{\"@id\":\"https:\\\/\\\/abc-latina.com\\\/#organization\"},\"potentialAction\":[{\"@type\":\"SearchAction\",\"target\":{\"@type\":\"EntryPoint\",\"urlTemplate\":\"https:\\\/\\\/abc-latina.com\\\/?s={search_term_string}\"},\"query-input\":{\"@type\":\"PropertyValueSpecification\",\"valueRequired\":true,\"valueName\":\"search_term_string\"}}],\"inLanguage\":\"fr-FR\"},{\"@type\":\"Organization\",\"@id\":\"https:\\\/\\\/abc-latina.com\\\/#organization\",\"name\":\"Abc-latina\",\"url\":\"https:\\\/\\\/abc-latina.com\\\/\",\"logo\":{\"@type\":\"ImageObject\",\"inLanguage\":\"fr-FR\",\"@id\":\"https:\\\/\\\/abc-latina.com\\\/#\\\/schema\\\/logo\\\/image\\\/\",\"url\":\"https:\\\/\\\/abc-latina.com\\\/wp-content\\\/uploads\\\/2026\\\/05\\\/cropped-logo.gif\",\"contentUrl\":\"https:\\\/\\\/abc-latina.com\\\/wp-content\\\/uploads\\\/2026\\\/05\\\/cropped-logo.gif\",\"width\":89,\"height\":84,\"caption\":\"Abc-latina\"},\"image\":{\"@id\":\"https:\\\/\\\/abc-latina.com\\\/#\\\/schema\\\/logo\\\/image\\\/\"}}]}<\/script>\n<!-- \/ Yoast SEO plugin. -->","yoast_head_json":{"title":"CARACAS - Abc-latina","description":"caracas, capitale du Venezuela, informations et guide touristique.","robots":{"index":"index","follow":"follow","max-snippet":"max-snippet:-1","max-image-preview":"max-image-preview:large","max-video-preview":"max-video-preview:-1"},"canonical":"https:\/\/abc-latina.com\/venezuela\/caracas\/","og_locale":"fr_FR","og_type":"article","og_title":"CARACAS - Abc-latina","og_description":"caracas, capitale du Venezuela, informations et guide touristique.","og_url":"https:\/\/abc-latina.com\/venezuela\/caracas\/","og_site_name":"Abc-latina","article_modified_time":"2026-04-30T16:25:33+00:00","og_image":[{"width":173,"height":311,"url":"https:\/\/abc-latina.com\/wp-content\/uploads\/2010\/06\/caracas.jpg","type":"image\/jpeg"}],"twitter_card":"summary_large_image","twitter_misc":{"Dur\u00e9e de lecture estim\u00e9e":"2 minutes"},"schema":{"@context":"https:\/\/schema.org","@graph":[{"@type":"WebPage","@id":"https:\/\/abc-latina.com\/venezuela\/caracas\/","url":"https:\/\/abc-latina.com\/venezuela\/caracas\/","name":"CARACAS - Abc-latina","isPartOf":{"@id":"https:\/\/abc-latina.com\/#website"},"primaryImageOfPage":{"@id":"https:\/\/abc-latina.com\/venezuela\/caracas\/#primaryimage"},"image":{"@id":"https:\/\/abc-latina.com\/venezuela\/caracas\/#primaryimage"},"thumbnailUrl":"https:\/\/abc-latina.com\/wp-content\/uploads\/2010\/06\/caracas.jpg","datePublished":"2010-06-07T20:32:53+00:00","dateModified":"2026-04-30T16:25:33+00:00","description":"caracas, capitale du Venezuela, informations et guide touristique.","breadcrumb":{"@id":"https:\/\/abc-latina.com\/venezuela\/caracas\/#breadcrumb"},"inLanguage":"fr-FR","potentialAction":[{"@type":"ReadAction","target":["https:\/\/abc-latina.com\/venezuela\/caracas\/"]}]},{"@type":"ImageObject","inLanguage":"fr-FR","@id":"https:\/\/abc-latina.com\/venezuela\/caracas\/#primaryimage","url":"https:\/\/abc-latina.com\/wp-content\/uploads\/2010\/06\/caracas.jpg","contentUrl":"https:\/\/abc-latina.com\/wp-content\/uploads\/2010\/06\/caracas.jpg","width":173,"height":311,"caption":"CARACAS"},{"@type":"BreadcrumbList","@id":"https:\/\/abc-latina.com\/venezuela\/caracas\/#breadcrumb","itemListElement":[{"@type":"ListItem","position":1,"name":"Accueil","item":"https:\/\/abc-latina.com\/"},{"@type":"ListItem","position":2,"name":"CARACAS"}]},{"@type":"WebSite","@id":"https:\/\/abc-latina.com\/#website","url":"https:\/\/abc-latina.com\/","name":"Abc-latina","description":"","publisher":{"@id":"https:\/\/abc-latina.com\/#organization"},"potentialAction":[{"@type":"SearchAction","target":{"@type":"EntryPoint","urlTemplate":"https:\/\/abc-latina.com\/?s={search_term_string}"},"query-input":{"@type":"PropertyValueSpecification","valueRequired":true,"valueName":"search_term_string"}}],"inLanguage":"fr-FR"},{"@type":"Organization","@id":"https:\/\/abc-latina.com\/#organization","name":"Abc-latina","url":"https:\/\/abc-latina.com\/","logo":{"@type":"ImageObject","inLanguage":"fr-FR","@id":"https:\/\/abc-latina.com\/#\/schema\/logo\/image\/","url":"https:\/\/abc-latina.com\/wp-content\/uploads\/2026\/05\/cropped-logo.gif","contentUrl":"https:\/\/abc-latina.com\/wp-content\/uploads\/2026\/05\/cropped-logo.gif","width":89,"height":84,"caption":"Abc-latina"},"image":{"@id":"https:\/\/abc-latina.com\/#\/schema\/logo\/image\/"}}]}},"_links":{"self":[{"href":"https:\/\/abc-latina.com\/wp-json\/wp\/v2\/pages\/449","targetHints":{"allow":["GET"]}}],"collection":[{"href":"https:\/\/abc-latina.com\/wp-json\/wp\/v2\/pages"}],"about":[{"href":"https:\/\/abc-latina.com\/wp-json\/wp\/v2\/types\/page"}],"author":[{"embeddable":true,"href":"https:\/\/abc-latina.com\/wp-json\/wp\/v2\/users\/3"}],"replies":[{"embeddable":true,"href":"https:\/\/abc-latina.com\/wp-json\/wp\/v2\/comments?post=449"}],"version-history":[{"count":1,"href":"https:\/\/abc-latina.com\/wp-json\/wp\/v2\/pages\/449\/revisions"}],"predecessor-version":[{"id":4111,"href":"https:\/\/abc-latina.com\/wp-json\/wp\/v2\/pages\/449\/revisions\/4111"}],"up":[{"embeddable":true,"href":"https:\/\/abc-latina.com\/wp-json\/wp\/v2\/pages\/2320"}],"wp:featuredmedia":[{"embeddable":true,"href":"https:\/\/abc-latina.com\/wp-json\/wp\/v2\/media\/448"}],"wp:attachment":[{"href":"https:\/\/abc-latina.com\/wp-json\/wp\/v2\/media?parent=449"}],"curies":[{"name":"wp","href":"https:\/\/api.w.org\/{rel}","templated":true}]}}