{"id":457,"date":"2010-06-07T22:46:12","date_gmt":"2010-06-07T20:46:12","guid":{"rendered":"http:\/\/abc-latina.com\/margarita-htm\/"},"modified":"2026-04-30T18:25:34","modified_gmt":"2026-04-30T16:25:34","slug":"margarita","status":"publish","type":"page","link":"https:\/\/abc-latina.com\/venezuela\/margarita\/","title":{"rendered":"ISLA MARGARITA"},"content":{"rendered":"<div><span class=\"tourisme-chapitre\"><img loading=\"lazy\" decoding=\"async\" class=\" alignright size-full wp-image-456\" alt=\"ISLA MARGARITA\" title=\"ISLA MARGARITA\" src=\"http:\/\/abc-latina.com\/wp-content\/uploads\/2010\/06\/isla-margarita.jpg\" width=\"220\" vspace=\"9\" hspace=\"15\" height=\"220\" align=\"right\" srcset=\"https:\/\/abc-latina.com\/wp-content\/uploads\/2010\/06\/isla-margarita.jpg 220w, https:\/\/abc-latina.com\/wp-content\/uploads\/2010\/06\/isla-margarita-150x150.jpg 150w\" sizes=\"auto, (max-width: 220px) 100vw, 220px\" \/>L&rsquo;isla Margarita<\/span> est sans doute le plus important centre touristique du Venezuela. Surnomm\u00e9e &laquo; la perle des Cara\u00efbes &raquo;, Margarita voit briller le soleil presque toute l&rsquo;ann\u00e9e. Situ\u00e9e en pleine mer des Cara\u00efbes, Margarita est la plus grande \u00eele du Venezuela avec une superficie de 934 km&sup2;, elle mesure 67km sur 33km.<\/div>\n<div>Margarita a d&rsquo;abord \u00e9t\u00e9 connue pour ses bancs d&rsquo;hu\u00eetres perli\u00e8res. Cette richesse s&rsquo;est depuis bien appauvrie, mais plusieurs habitants sont demeur\u00e9s p\u00eacheurs. Toute l&rsquo;\u00eele est d&rsquo;ailleurs entour\u00e9e de petits village de p\u00eacheurs, et les fruits de mer abondent sur toutes les tables.<\/div>\n<div>La partie ouest de Margarita bien que tr\u00e8s belle, est beaucoup moins d\u00e9velopp\u00e9e que l&rsquo;autre partie. Au sud, on trouve deux \u00eeles plus petites qui lui sont rattach\u00e9es, Coche et Cubagua, ainsi qu&rsquo;un petit archipel au nord-est, Los Frailes.<\/div>\n<div>&nbsp;<\/div>\n<div><strong>Polarmar<\/strong> fut fond\u00e9e en 1536 sous le nom de Villa del Esp\u00edritu Santo. Elle est la plus grande ville de Margarita, avec pr\u00e8s de 330.000 habitants, et aussi la ville du Nighlife margaritain. Ses bo\u00eetes de nuit ont la r\u00e9putation de rester ouvertes tant qu&rsquo;il y a du monde.<\/div>\n<div><strong>El Yaque<\/strong> de r\u00e9putation internationale pour les fervents de la planche \u00e0 voile.<\/div>\n<div><strong>Pampatar<\/strong> est l&rsquo;une des plus vieilles ville de l&rsquo;\u00eele, fond\u00e9e en 1535 sous le nom de Puerto Real de Mampatare, elle a su conserver ses vestiges historiques.<\/div>\n<div><strong>Puerto Ferm\u00edn<\/strong> est un village pourvu d&rsquo;un certain caract\u00e8re qui b\u00e9n\u00e9ficie d&rsquo;une attrayante place ombrag\u00e9e et de plusieurs restaurants typiques. Les p\u00eacheurs y ram\u00e8nent leurs prises chaque matin et emm\u00e8nent ensuite les touristes en mer pour leur faire voir les oiseaux de Los Frailes, \u00e0 environ 15 km de l&rsquo;\u00eele.<\/div>\n<div><a href=\"tour_operateur\" target=\"_blank\"><img loading=\"lazy\" decoding=\"async\" class=\" size-full wp-image-41\" alt=\"\" class=\"touroperateur\" src=\"http:\/\/abc-latina.com\/wp-content\/uploads\/2010\/04\/timbre_to.gif\" width=\"125\" height=\"90\" \/><\/a><strong>Juangriego<\/strong> est une charmante petite ville, sa baie est magnifique, et ses couchers de soleil, qui font la r\u00e9putation de l&rsquo;endroit, attirent de plus en plus de visiteurs.&nbsp;<\/div>\n<div><strong>Santa Ana<\/strong>, fond\u00e9e en 1530, s&rsquo;enorgueillit de magnifiques arbres, places et demeures coloniales. La beaut\u00e9 de cette petite ville de 4.500 habitants m\u00e9rite \u00e0 elle seule un d\u00e9tour.<\/div>\n<div>Dans les <strong>environs de Santa Ana<\/strong> presque tous les villages qui entourent cette ville semblent se consacrer \u00e0 des formes diff\u00e9rentes d&rsquo;artisanat.&nbsp;<\/div>\n<div><strong>La p\u00e9ninsule de Macanao<\/strong> se pr\u00e9sente comme une langue de terre escarp\u00e9e et d\u00e9serte, on y trouve que quelques villages de p\u00eacheurs, elle n&rsquo;en rec\u00e8le pas moins une faune \u00e9tonnamment abondante. Boca de R\u00edo est l&rsquo;endroit r\u00eav\u00e9 pour observer la fabrication et la r\u00e9fection des bateaux enti\u00e8rement fabriqu\u00e9s \u00e0 la main selon une m\u00e9thode qui n&rsquo;a que tr\u00e8s peu vari\u00e9 au fil des si\u00e8cles.<\/div>\n<div><strong>L&rsquo;\u00eele de Coche<\/strong>, o\u00f9 le temps semble s&rsquo;\u00eatre arr\u00eat\u00e9, ressemble \u00e0 Margarita &#8230; il y a 30 ans. Ses chaudes plages \u00e0 couper le souffle avec des eaux turquoises \u00e0 27&deg;C o\u00f9 l&rsquo;on peut faire de la plong\u00e9e sous-marine. On peut y discerner les fondations de nueva C\u00e1diz, la premi\u00e8re ville Fond\u00e9e par l&rsquo;Espagne en Am\u00e9rique.<\/div>\n<div>&nbsp;<\/div>\n<div>A noter que durant la haute saison (de novembre \u00e0 avril) et plus particuli\u00e8rement \u00e0 No\u00ebl, \u00e0 P\u00e2ques et \u00e0 l&rsquo;\u00e9poque du carnaval, l&rsquo;\u00eele bourdonne d&rsquo;activit\u00e9.&nbsp;<span class=\"tsource\"><br \/><\/span><\/div>\n<div>&nbsp;<\/div>\n<div><a href=\"https:\/\/www.abc-latina.com\/venezuela\/photos\/photos_isla_margarita.php\">Photos de Margarita<\/a><\/div>\n<div>&nbsp;<a href=\"http:\/\/voyage.abc-latina.com\/voyage_venezuela\/venezuela.php\" target=\"_blank\"><span class=\"sejour-circuit\"><br \/><\/span><\/a><\/div>\n<h3>Pr\u00e9parez votre voyage \u00e0 Margarita:<\/h3>\n<div><a href=\"https:\/\/www.abc-latina.com\/venezuela\/agence_de_voyages\">Agences de voyage g\u00e9n\u00e9ralistes et discounteurs<\/a><\/div>\n<div><a href=\"https:\/\/www.abc-latina.com\/venezuela\/tour_operateur\">Tours Op\u00e9rateurs sp\u00e9cialistes du Venezuela<\/a><\/div>\n<div><a href=\"https:\/\/www.abc-latina.com\/to\/reservation_billet_avion\" target=\"_blank\">R\u00e9servez votre billet d&rsquo;avion<\/a><\/div>\n<div><a href=\"https:\/\/www.abc-latina.com\/venezuela\/hotels\">R\u00e9servez votre h\u00f4tel \u00e0 Margarita<\/a>&nbsp;<\/div>\n<div><a href=\"https:\/\/www.abc-latina.com\/to\/location_de_voiture_venezuela\" target=\"_blank\">Location de voiture<\/a><\/div>\n<p>&nbsp;<\/p>\n","protected":false},"excerpt":{"rendered":"<p>L&rsquo;isla Margarita est sans doute le plus important centre touristique du Venezuela. Surnomm\u00e9e &laquo; la perle des Cara\u00efbes &raquo;, Margarita [&hellip;]<\/p>\n","protected":false},"author":3,"featured_media":456,"parent":2320,"menu_order":0,"comment_status":"closed","ping_status":"closed","template":"","meta":{"site-sidebar-layout":"default","site-content-layout":"","ast-site-content-layout":"default","site-content-style":"default","site-sidebar-style":"default","ast-global-header-display":"","ast-banner-title-visibility":"","ast-main-header-display":"","ast-hfb-above-header-display":"","ast-hfb-below-header-display":"","ast-hfb-mobile-header-display":"","site-post-title":"","ast-breadcrumbs-content":"","ast-featured-img":"","footer-sml-layout":"","ast-disable-related-posts":"","theme-transparent-header-meta":"","adv-header-id-meta":"","stick-header-meta":"","header-above-stick-meta":"","header-main-stick-meta":"","header-below-stick-meta":"","astra-migrate-meta-layouts":"default","ast-page-background-enabled":"default","ast-page-background-meta":{"desktop":{"background-color":"var(--ast-global-color-5)","background-image":"","background-repeat":"repeat","background-position":"center center","background-size":"auto","background-attachment":"scroll","background-type":"","background-media":"","overlay-type":"","overlay-color":"","overlay-opacity":"","overlay-gradient":""},"tablet":{"background-color":"","background-image":"","background-repeat":"repeat","background-position":"center center","background-size":"auto","background-attachment":"scroll","background-type":"","background-media":"","overlay-type":"","overlay-color":"","overlay-opacity":"","overlay-gradient":""},"mobile":{"background-color":"","background-image":"","background-repeat":"repeat","background-position":"center center","background-size":"auto","background-attachment":"scroll","background-type":"","background-media":"","overlay-type":"","overlay-color":"","overlay-opacity":"","overlay-gradient":""}},"ast-content-background-meta":{"desktop":{"background-color":"var(--ast-global-color-4)","background-image":"","background-repeat":"repeat","background-position":"center center","background-size":"auto","background-attachment":"scroll","background-type":"","background-media":"","overlay-type":"","overlay-color":"","overlay-opacity":"","overlay-gradient":""},"tablet":{"background-color":"var(--ast-global-color-4)","background-image":"","background-repeat":"repeat","background-position":"center center","background-size":"auto","background-attachment":"scroll","background-type":"","background-media":"","overlay-type":"","overlay-color":"","overlay-opacity":"","overlay-gradient":""},"mobile":{"background-color":"var(--ast-global-color-4)","background-image":"","background-repeat":"repeat","background-position":"center center","background-size":"auto","background-attachment":"scroll","background-type":"","background-media":"","overlay-type":"","overlay-color":"","overlay-opacity":"","overlay-gradient":""}},"footnotes":""},"class_list":["post-457","page","type-page","status-publish","has-post-thumbnail","hentry"],"yoast_head":"<!-- This site is optimized with the Yoast SEO plugin v27.5 - https:\/\/yoast.com\/product\/yoast-seo-wordpress\/ -->\n<title>ISLA MARGARITA - Abc-latina<\/title>\n<meta name=\"description\" content=\"L&#039;\u00eele de Margarita, la perle des Caraibes et du Venezuela. Informations et guide touristique.\" \/>\n<meta name=\"robots\" content=\"index, follow, max-snippet:-1, max-image-preview:large, max-video-preview:-1\" \/>\n<link rel=\"canonical\" href=\"https:\/\/abc-latina.com\/venezuela\/margarita\/\" \/>\n<meta property=\"og:locale\" content=\"fr_FR\" \/>\n<meta property=\"og:type\" content=\"article\" \/>\n<meta property=\"og:title\" content=\"ISLA MARGARITA - Abc-latina\" \/>\n<meta property=\"og:description\" content=\"L&#039;\u00eele de Margarita, la perle des Caraibes et du Venezuela. Informations et guide touristique.\" \/>\n<meta property=\"og:url\" content=\"https:\/\/abc-latina.com\/venezuela\/margarita\/\" \/>\n<meta property=\"og:site_name\" content=\"Abc-latina\" \/>\n<meta property=\"article:modified_time\" content=\"2026-04-30T16:25:34+00:00\" \/>\n<meta property=\"og:image\" content=\"https:\/\/abc-latina.com\/wp-content\/uploads\/2010\/06\/isla-margarita.jpg\" \/>\n\t<meta property=\"og:image:width\" content=\"220\" \/>\n\t<meta property=\"og:image:height\" content=\"220\" \/>\n\t<meta property=\"og:image:type\" content=\"image\/jpeg\" \/>\n<meta name=\"twitter:card\" content=\"summary_large_image\" \/>\n<meta name=\"twitter:label1\" content=\"Dur\u00e9e de lecture estim\u00e9e\" \/>\n\t<meta name=\"twitter:data1\" content=\"3 minutes\" \/>\n<script type=\"application\/ld+json\" class=\"yoast-schema-graph\">{\"@context\":\"https:\\\/\\\/schema.org\",\"@graph\":[{\"@type\":\"WebPage\",\"@id\":\"https:\\\/\\\/abc-latina.com\\\/venezuela\\\/margarita\\\/\",\"url\":\"https:\\\/\\\/abc-latina.com\\\/venezuela\\\/margarita\\\/\",\"name\":\"ISLA MARGARITA - Abc-latina\",\"isPartOf\":{\"@id\":\"https:\\\/\\\/abc-latina.com\\\/#website\"},\"primaryImageOfPage\":{\"@id\":\"https:\\\/\\\/abc-latina.com\\\/venezuela\\\/margarita\\\/#primaryimage\"},\"image\":{\"@id\":\"https:\\\/\\\/abc-latina.com\\\/venezuela\\\/margarita\\\/#primaryimage\"},\"thumbnailUrl\":\"https:\\\/\\\/abc-latina.com\\\/wp-content\\\/uploads\\\/2010\\\/06\\\/isla-margarita.jpg\",\"datePublished\":\"2010-06-07T20:46:12+00:00\",\"dateModified\":\"2026-04-30T16:25:34+00:00\",\"description\":\"L'\u00eele de Margarita, la perle des Caraibes et du Venezuela. Informations et guide touristique.\",\"breadcrumb\":{\"@id\":\"https:\\\/\\\/abc-latina.com\\\/venezuela\\\/margarita\\\/#breadcrumb\"},\"inLanguage\":\"fr-FR\",\"potentialAction\":[{\"@type\":\"ReadAction\",\"target\":[\"https:\\\/\\\/abc-latina.com\\\/venezuela\\\/margarita\\\/\"]}]},{\"@type\":\"ImageObject\",\"inLanguage\":\"fr-FR\",\"@id\":\"https:\\\/\\\/abc-latina.com\\\/venezuela\\\/margarita\\\/#primaryimage\",\"url\":\"https:\\\/\\\/abc-latina.com\\\/wp-content\\\/uploads\\\/2010\\\/06\\\/isla-margarita.jpg\",\"contentUrl\":\"https:\\\/\\\/abc-latina.com\\\/wp-content\\\/uploads\\\/2010\\\/06\\\/isla-margarita.jpg\",\"width\":220,\"height\":220,\"caption\":\"ISLA MARGARITA\"},{\"@type\":\"BreadcrumbList\",\"@id\":\"https:\\\/\\\/abc-latina.com\\\/venezuela\\\/margarita\\\/#breadcrumb\",\"itemListElement\":[{\"@type\":\"ListItem\",\"position\":1,\"name\":\"Accueil\",\"item\":\"https:\\\/\\\/abc-latina.com\\\/\"},{\"@type\":\"ListItem\",\"position\":2,\"name\":\"ISLA MARGARITA\"}]},{\"@type\":\"WebSite\",\"@id\":\"https:\\\/\\\/abc-latina.com\\\/#website\",\"url\":\"https:\\\/\\\/abc-latina.com\\\/\",\"name\":\"Abc-latina\",\"description\":\"\",\"publisher\":{\"@id\":\"https:\\\/\\\/abc-latina.com\\\/#organization\"},\"potentialAction\":[{\"@type\":\"SearchAction\",\"target\":{\"@type\":\"EntryPoint\",\"urlTemplate\":\"https:\\\/\\\/abc-latina.com\\\/?s={search_term_string}\"},\"query-input\":{\"@type\":\"PropertyValueSpecification\",\"valueRequired\":true,\"valueName\":\"search_term_string\"}}],\"inLanguage\":\"fr-FR\"},{\"@type\":\"Organization\",\"@id\":\"https:\\\/\\\/abc-latina.com\\\/#organization\",\"name\":\"Abc-latina\",\"url\":\"https:\\\/\\\/abc-latina.com\\\/\",\"logo\":{\"@type\":\"ImageObject\",\"inLanguage\":\"fr-FR\",\"@id\":\"https:\\\/\\\/abc-latina.com\\\/#\\\/schema\\\/logo\\\/image\\\/\",\"url\":\"https:\\\/\\\/abc-latina.com\\\/wp-content\\\/uploads\\\/2026\\\/05\\\/cropped-logo.gif\",\"contentUrl\":\"https:\\\/\\\/abc-latina.com\\\/wp-content\\\/uploads\\\/2026\\\/05\\\/cropped-logo.gif\",\"width\":89,\"height\":84,\"caption\":\"Abc-latina\"},\"image\":{\"@id\":\"https:\\\/\\\/abc-latina.com\\\/#\\\/schema\\\/logo\\\/image\\\/\"}}]}<\/script>\n<!-- \/ Yoast SEO plugin. -->","yoast_head_json":{"title":"ISLA MARGARITA - Abc-latina","description":"L'\u00eele de Margarita, la perle des Caraibes et du Venezuela. Informations et guide touristique.","robots":{"index":"index","follow":"follow","max-snippet":"max-snippet:-1","max-image-preview":"max-image-preview:large","max-video-preview":"max-video-preview:-1"},"canonical":"https:\/\/abc-latina.com\/venezuela\/margarita\/","og_locale":"fr_FR","og_type":"article","og_title":"ISLA MARGARITA - Abc-latina","og_description":"L'\u00eele de Margarita, la perle des Caraibes et du Venezuela. Informations et guide touristique.","og_url":"https:\/\/abc-latina.com\/venezuela\/margarita\/","og_site_name":"Abc-latina","article_modified_time":"2026-04-30T16:25:34+00:00","og_image":[{"width":220,"height":220,"url":"https:\/\/abc-latina.com\/wp-content\/uploads\/2010\/06\/isla-margarita.jpg","type":"image\/jpeg"}],"twitter_card":"summary_large_image","twitter_misc":{"Dur\u00e9e de lecture estim\u00e9e":"3 minutes"},"schema":{"@context":"https:\/\/schema.org","@graph":[{"@type":"WebPage","@id":"https:\/\/abc-latina.com\/venezuela\/margarita\/","url":"https:\/\/abc-latina.com\/venezuela\/margarita\/","name":"ISLA MARGARITA - Abc-latina","isPartOf":{"@id":"https:\/\/abc-latina.com\/#website"},"primaryImageOfPage":{"@id":"https:\/\/abc-latina.com\/venezuela\/margarita\/#primaryimage"},"image":{"@id":"https:\/\/abc-latina.com\/venezuela\/margarita\/#primaryimage"},"thumbnailUrl":"https:\/\/abc-latina.com\/wp-content\/uploads\/2010\/06\/isla-margarita.jpg","datePublished":"2010-06-07T20:46:12+00:00","dateModified":"2026-04-30T16:25:34+00:00","description":"L'\u00eele de Margarita, la perle des Caraibes et du Venezuela. Informations et guide touristique.","breadcrumb":{"@id":"https:\/\/abc-latina.com\/venezuela\/margarita\/#breadcrumb"},"inLanguage":"fr-FR","potentialAction":[{"@type":"ReadAction","target":["https:\/\/abc-latina.com\/venezuela\/margarita\/"]}]},{"@type":"ImageObject","inLanguage":"fr-FR","@id":"https:\/\/abc-latina.com\/venezuela\/margarita\/#primaryimage","url":"https:\/\/abc-latina.com\/wp-content\/uploads\/2010\/06\/isla-margarita.jpg","contentUrl":"https:\/\/abc-latina.com\/wp-content\/uploads\/2010\/06\/isla-margarita.jpg","width":220,"height":220,"caption":"ISLA MARGARITA"},{"@type":"BreadcrumbList","@id":"https:\/\/abc-latina.com\/venezuela\/margarita\/#breadcrumb","itemListElement":[{"@type":"ListItem","position":1,"name":"Accueil","item":"https:\/\/abc-latina.com\/"},{"@type":"ListItem","position":2,"name":"ISLA MARGARITA"}]},{"@type":"WebSite","@id":"https:\/\/abc-latina.com\/#website","url":"https:\/\/abc-latina.com\/","name":"Abc-latina","description":"","publisher":{"@id":"https:\/\/abc-latina.com\/#organization"},"potentialAction":[{"@type":"SearchAction","target":{"@type":"EntryPoint","urlTemplate":"https:\/\/abc-latina.com\/?s={search_term_string}"},"query-input":{"@type":"PropertyValueSpecification","valueRequired":true,"valueName":"search_term_string"}}],"inLanguage":"fr-FR"},{"@type":"Organization","@id":"https:\/\/abc-latina.com\/#organization","name":"Abc-latina","url":"https:\/\/abc-latina.com\/","logo":{"@type":"ImageObject","inLanguage":"fr-FR","@id":"https:\/\/abc-latina.com\/#\/schema\/logo\/image\/","url":"https:\/\/abc-latina.com\/wp-content\/uploads\/2026\/05\/cropped-logo.gif","contentUrl":"https:\/\/abc-latina.com\/wp-content\/uploads\/2026\/05\/cropped-logo.gif","width":89,"height":84,"caption":"Abc-latina"},"image":{"@id":"https:\/\/abc-latina.com\/#\/schema\/logo\/image\/"}}]}},"_links":{"self":[{"href":"https:\/\/abc-latina.com\/wp-json\/wp\/v2\/pages\/457","targetHints":{"allow":["GET"]}}],"collection":[{"href":"https:\/\/abc-latina.com\/wp-json\/wp\/v2\/pages"}],"about":[{"href":"https:\/\/abc-latina.com\/wp-json\/wp\/v2\/types\/page"}],"author":[{"embeddable":true,"href":"https:\/\/abc-latina.com\/wp-json\/wp\/v2\/users\/3"}],"replies":[{"embeddable":true,"href":"https:\/\/abc-latina.com\/wp-json\/wp\/v2\/comments?post=457"}],"version-history":[{"count":1,"href":"https:\/\/abc-latina.com\/wp-json\/wp\/v2\/pages\/457\/revisions"}],"predecessor-version":[{"id":4131,"href":"https:\/\/abc-latina.com\/wp-json\/wp\/v2\/pages\/457\/revisions\/4131"}],"up":[{"embeddable":true,"href":"https:\/\/abc-latina.com\/wp-json\/wp\/v2\/pages\/2320"}],"wp:featuredmedia":[{"embeddable":true,"href":"https:\/\/abc-latina.com\/wp-json\/wp\/v2\/media\/456"}],"wp:attachment":[{"href":"https:\/\/abc-latina.com\/wp-json\/wp\/v2\/media?parent=457"}],"curies":[{"name":"wp","href":"https:\/\/api.w.org\/{rel}","templated":true}]}}