{"id":461,"date":"2010-06-07T22:50:42","date_gmt":"2010-06-07T20:50:42","guid":{"rendered":"http:\/\/abc-latina.com\/orinoco-htm\/"},"modified":"2026-04-30T18:25:35","modified_gmt":"2026-04-30T16:25:35","slug":"orinoco","status":"publish","type":"page","link":"https:\/\/abc-latina.com\/venezuela\/orinoco\/","title":{"rendered":"MONAGAS &#038; ORINOCO"},"content":{"rendered":"<div><img loading=\"lazy\" decoding=\"async\" class=\" alignright size-full wp-image-460\" src=\"http:\/\/abc-latina.com\/wp-content\/uploads\/2010\/06\/orinoco.jpg\" title=\"ORINOCO\" alt=\"\" width=\"220\" vspace=\"9\" hspace=\"15\" height=\"220\" align=\"right\" \/>Au nord se trouve la grotte de Gu\u00e1charo, c\u00e9l\u00e8bre pour ces oiseaux nocturnes. A l&rsquo;est, les rivi\u00e8res coulent vers le golfe de Paria et le delta de l&rsquo;Orinoco. A l&rsquo;Ouest s&rsquo;\u00e9tendent les grands champs p\u00e9trolif\u00e8res de l&rsquo;est du Venezuela.<\/div>\n<div>&nbsp;<\/div>\n<div>Le delta de l&rsquo;Orinoco s&rsquo;av\u00e8re la nouvelle destination pour les voyageurs d\u00e9sirant s&rsquo;aventurer dans les contr\u00e9es sauvages du pays. Le labyrinthe des rivi\u00e8res changeantes et des \u00eeles qui les pars\u00e8ment en fait surtout une destination pour les amateurs de vie sauvage capables de se d\u00e9brouiller avec les gens du coin.<\/div>\n<div><a target=\"_blank\" href=\"tour_operateur\"><img loading=\"lazy\" decoding=\"async\" class=\" size-full wp-image-41\" src=\"http:\/\/abc-latina.com\/wp-content\/uploads\/2010\/04\/timbre_to.gif\" class=\"touroperateur\" alt=\"\" width=\"125\" height=\"90\" \/><\/a>Les habitants de la r\u00e9gion sont appel\u00e9s Warao (peuple des pirogues) ou Guara\u00fano en espagnol. Excellents p\u00e9cheurs, ils ont longtemps pr\u00e9serv\u00e9 leur mode de vie, \u00e0 l&rsquo;abri de tout dans les mar\u00e9cages retir\u00e9s du delta, dont 2.650 km&sup2; ont \u00e9t\u00e9 d\u00e9clar\u00e9s Parque Nacional Mariusa en 1991. Ce parc constitue le coeur d&rsquo;un territoire plus vaste, la R\u00e9serve de la biosph\u00e8re, s&rsquo;\u00e9talant sur 8.000 km&sup2;.<\/div>\n<div>&nbsp;<\/div>\n<div><a href=\"https:\/\/www.abc-latina.com\/venezuela\/photos\/photos_orinoco.php\">Photos de L&rsquo;Orinoco<\/a><\/div>\n<h3>Pr\u00e9parez votre voyage dans l&rsquo;Orinoco:<\/h3>\n<div><a href=\"https:\/\/www.abc-latina.com\/venezuela\/agence_de_voyages\">Agences de voyage g\u00e9n\u00e9ralistes et discounteurs<\/a><\/div>\n<div><a href=\"https:\/\/www.abc-latina.com\/venezuela\/tour_operateur\">Tours Op\u00e9rateurs sp\u00e9cialistes du Venezuela<\/a><\/div>\n<div><a target=\"_blank\" href=\"https:\/\/www.abc-latina.com\/to\/reservation_billet_avion\">R\u00e9servez votre billet d&rsquo;avion<\/a><\/div>\n<div><a href=\"https:\/\/www.abc-latina.com\/venezuela\/hotels\">R\u00e9servez votre h\u00f4tel dans l&rsquo;Orinoco<\/a>&nbsp;<\/div>\n<div><a target=\"_blank\" href=\"https:\/\/www.abc-latina.com\/to\/location_de_voiture_venezuela\">Location de voiture<\/a><\/div>\n<p>&nbsp;<\/p>\n","protected":false},"excerpt":{"rendered":"<p>Au nord se trouve la grotte de Gu\u00e1charo, c\u00e9l\u00e8bre pour ces oiseaux nocturnes. A l&rsquo;est, les rivi\u00e8res coulent vers le [&hellip;]<\/p>\n","protected":false},"author":3,"featured_media":460,"parent":2320,"menu_order":0,"comment_status":"closed","ping_status":"closed","template":"","meta":{"site-sidebar-layout":"default","site-content-layout":"","ast-site-content-layout":"default","site-content-style":"default","site-sidebar-style":"default","ast-global-header-display":"","ast-banner-title-visibility":"","ast-main-header-display":"","ast-hfb-above-header-display":"","ast-hfb-below-header-display":"","ast-hfb-mobile-header-display":"","site-post-title":"","ast-breadcrumbs-content":"","ast-featured-img":"","footer-sml-layout":"","ast-disable-related-posts":"","theme-transparent-header-meta":"","adv-header-id-meta":"","stick-header-meta":"","header-above-stick-meta":"","header-main-stick-meta":"","header-below-stick-meta":"","astra-migrate-meta-layouts":"default","ast-page-background-enabled":"default","ast-page-background-meta":{"desktop":{"background-color":"var(--ast-global-color-5)","background-image":"","background-repeat":"repeat","background-position":"center center","background-size":"auto","background-attachment":"scroll","background-type":"","background-media":"","overlay-type":"","overlay-color":"","overlay-opacity":"","overlay-gradient":""},"tablet":{"background-color":"","background-image":"","background-repeat":"repeat","background-position":"center center","background-size":"auto","background-attachment":"scroll","background-type":"","background-media":"","overlay-type":"","overlay-color":"","overlay-opacity":"","overlay-gradient":""},"mobile":{"background-color":"","background-image":"","background-repeat":"repeat","background-position":"center center","background-size":"auto","background-attachment":"scroll","background-type":"","background-media":"","overlay-type":"","overlay-color":"","overlay-opacity":"","overlay-gradient":""}},"ast-content-background-meta":{"desktop":{"background-color":"var(--ast-global-color-4)","background-image":"","background-repeat":"repeat","background-position":"center center","background-size":"auto","background-attachment":"scroll","background-type":"","background-media":"","overlay-type":"","overlay-color":"","overlay-opacity":"","overlay-gradient":""},"tablet":{"background-color":"var(--ast-global-color-4)","background-image":"","background-repeat":"repeat","background-position":"center center","background-size":"auto","background-attachment":"scroll","background-type":"","background-media":"","overlay-type":"","overlay-color":"","overlay-opacity":"","overlay-gradient":""},"mobile":{"background-color":"var(--ast-global-color-4)","background-image":"","background-repeat":"repeat","background-position":"center center","background-size":"auto","background-attachment":"scroll","background-type":"","background-media":"","overlay-type":"","overlay-color":"","overlay-opacity":"","overlay-gradient":""}},"footnotes":""},"class_list":["post-461","page","type-page","status-publish","has-post-thumbnail","hentry"],"yoast_head":"<!-- This site is optimized with the Yoast SEO plugin v27.5 - https:\/\/yoast.com\/product\/yoast-seo-wordpress\/ -->\n<title>MONAGAS &amp; ORINOCO - Abc-latina<\/title>\n<meta name=\"description\" content=\"Les r\u00e9gions du Monagas et de l&#039;Orinoco au Venezuela. Informations et guide touristique.\" \/>\n<meta name=\"robots\" content=\"index, follow, max-snippet:-1, max-image-preview:large, max-video-preview:-1\" \/>\n<link rel=\"canonical\" href=\"https:\/\/abc-latina.com\/venezuela\/orinoco\/\" \/>\n<meta property=\"og:locale\" content=\"fr_FR\" \/>\n<meta property=\"og:type\" content=\"article\" \/>\n<meta property=\"og:title\" content=\"MONAGAS &amp; ORINOCO - Abc-latina\" \/>\n<meta property=\"og:description\" content=\"Les r\u00e9gions du Monagas et de l&#039;Orinoco au Venezuela. Informations et guide touristique.\" \/>\n<meta property=\"og:url\" content=\"https:\/\/abc-latina.com\/venezuela\/orinoco\/\" \/>\n<meta property=\"og:site_name\" content=\"Abc-latina\" \/>\n<meta property=\"article:modified_time\" content=\"2026-04-30T16:25:35+00:00\" \/>\n<meta property=\"og:image\" content=\"https:\/\/abc-latina.com\/wp-content\/uploads\/2010\/06\/orinoco.jpg\" \/>\n\t<meta property=\"og:image:width\" content=\"80\" \/>\n\t<meta property=\"og:image:height\" content=\"81\" \/>\n\t<meta property=\"og:image:type\" content=\"image\/jpeg\" \/>\n<meta name=\"twitter:card\" content=\"summary_large_image\" \/>\n<meta name=\"twitter:label1\" content=\"Dur\u00e9e de lecture estim\u00e9e\" \/>\n\t<meta name=\"twitter:data1\" content=\"1 minute\" \/>\n<script type=\"application\/ld+json\" class=\"yoast-schema-graph\">{\"@context\":\"https:\\\/\\\/schema.org\",\"@graph\":[{\"@type\":\"WebPage\",\"@id\":\"https:\\\/\\\/abc-latina.com\\\/venezuela\\\/orinoco\\\/\",\"url\":\"https:\\\/\\\/abc-latina.com\\\/venezuela\\\/orinoco\\\/\",\"name\":\"MONAGAS & ORINOCO - Abc-latina\",\"isPartOf\":{\"@id\":\"https:\\\/\\\/abc-latina.com\\\/#website\"},\"primaryImageOfPage\":{\"@id\":\"https:\\\/\\\/abc-latina.com\\\/venezuela\\\/orinoco\\\/#primaryimage\"},\"image\":{\"@id\":\"https:\\\/\\\/abc-latina.com\\\/venezuela\\\/orinoco\\\/#primaryimage\"},\"thumbnailUrl\":\"https:\\\/\\\/abc-latina.com\\\/wp-content\\\/uploads\\\/2010\\\/06\\\/orinoco.jpg\",\"datePublished\":\"2010-06-07T20:50:42+00:00\",\"dateModified\":\"2026-04-30T16:25:35+00:00\",\"description\":\"Les r\u00e9gions du Monagas et de l'Orinoco au Venezuela. Informations et guide touristique.\",\"breadcrumb\":{\"@id\":\"https:\\\/\\\/abc-latina.com\\\/venezuela\\\/orinoco\\\/#breadcrumb\"},\"inLanguage\":\"fr-FR\",\"potentialAction\":[{\"@type\":\"ReadAction\",\"target\":[\"https:\\\/\\\/abc-latina.com\\\/venezuela\\\/orinoco\\\/\"]}]},{\"@type\":\"ImageObject\",\"inLanguage\":\"fr-FR\",\"@id\":\"https:\\\/\\\/abc-latina.com\\\/venezuela\\\/orinoco\\\/#primaryimage\",\"url\":\"https:\\\/\\\/abc-latina.com\\\/wp-content\\\/uploads\\\/2010\\\/06\\\/orinoco.jpg\",\"contentUrl\":\"https:\\\/\\\/abc-latina.com\\\/wp-content\\\/uploads\\\/2010\\\/06\\\/orinoco.jpg\",\"width\":80,\"height\":81,\"caption\":\"ORINOCO\"},{\"@type\":\"BreadcrumbList\",\"@id\":\"https:\\\/\\\/abc-latina.com\\\/venezuela\\\/orinoco\\\/#breadcrumb\",\"itemListElement\":[{\"@type\":\"ListItem\",\"position\":1,\"name\":\"Accueil\",\"item\":\"https:\\\/\\\/abc-latina.com\\\/\"},{\"@type\":\"ListItem\",\"position\":2,\"name\":\"MONAGAS &#038; ORINOCO\"}]},{\"@type\":\"WebSite\",\"@id\":\"https:\\\/\\\/abc-latina.com\\\/#website\",\"url\":\"https:\\\/\\\/abc-latina.com\\\/\",\"name\":\"Abc-latina\",\"description\":\"\",\"publisher\":{\"@id\":\"https:\\\/\\\/abc-latina.com\\\/#organization\"},\"potentialAction\":[{\"@type\":\"SearchAction\",\"target\":{\"@type\":\"EntryPoint\",\"urlTemplate\":\"https:\\\/\\\/abc-latina.com\\\/?s={search_term_string}\"},\"query-input\":{\"@type\":\"PropertyValueSpecification\",\"valueRequired\":true,\"valueName\":\"search_term_string\"}}],\"inLanguage\":\"fr-FR\"},{\"@type\":\"Organization\",\"@id\":\"https:\\\/\\\/abc-latina.com\\\/#organization\",\"name\":\"Abc-latina\",\"url\":\"https:\\\/\\\/abc-latina.com\\\/\",\"logo\":{\"@type\":\"ImageObject\",\"inLanguage\":\"fr-FR\",\"@id\":\"https:\\\/\\\/abc-latina.com\\\/#\\\/schema\\\/logo\\\/image\\\/\",\"url\":\"https:\\\/\\\/abc-latina.com\\\/wp-content\\\/uploads\\\/2026\\\/05\\\/cropped-logo.gif\",\"contentUrl\":\"https:\\\/\\\/abc-latina.com\\\/wp-content\\\/uploads\\\/2026\\\/05\\\/cropped-logo.gif\",\"width\":89,\"height\":84,\"caption\":\"Abc-latina\"},\"image\":{\"@id\":\"https:\\\/\\\/abc-latina.com\\\/#\\\/schema\\\/logo\\\/image\\\/\"}}]}<\/script>\n<!-- \/ Yoast SEO plugin. -->","yoast_head_json":{"title":"MONAGAS & ORINOCO - Abc-latina","description":"Les r\u00e9gions du Monagas et de l'Orinoco au Venezuela. Informations et guide touristique.","robots":{"index":"index","follow":"follow","max-snippet":"max-snippet:-1","max-image-preview":"max-image-preview:large","max-video-preview":"max-video-preview:-1"},"canonical":"https:\/\/abc-latina.com\/venezuela\/orinoco\/","og_locale":"fr_FR","og_type":"article","og_title":"MONAGAS & ORINOCO - Abc-latina","og_description":"Les r\u00e9gions du Monagas et de l'Orinoco au Venezuela. Informations et guide touristique.","og_url":"https:\/\/abc-latina.com\/venezuela\/orinoco\/","og_site_name":"Abc-latina","article_modified_time":"2026-04-30T16:25:35+00:00","og_image":[{"width":80,"height":81,"url":"https:\/\/abc-latina.com\/wp-content\/uploads\/2010\/06\/orinoco.jpg","type":"image\/jpeg"}],"twitter_card":"summary_large_image","twitter_misc":{"Dur\u00e9e de lecture estim\u00e9e":"1 minute"},"schema":{"@context":"https:\/\/schema.org","@graph":[{"@type":"WebPage","@id":"https:\/\/abc-latina.com\/venezuela\/orinoco\/","url":"https:\/\/abc-latina.com\/venezuela\/orinoco\/","name":"MONAGAS & ORINOCO - Abc-latina","isPartOf":{"@id":"https:\/\/abc-latina.com\/#website"},"primaryImageOfPage":{"@id":"https:\/\/abc-latina.com\/venezuela\/orinoco\/#primaryimage"},"image":{"@id":"https:\/\/abc-latina.com\/venezuela\/orinoco\/#primaryimage"},"thumbnailUrl":"https:\/\/abc-latina.com\/wp-content\/uploads\/2010\/06\/orinoco.jpg","datePublished":"2010-06-07T20:50:42+00:00","dateModified":"2026-04-30T16:25:35+00:00","description":"Les r\u00e9gions du Monagas et de l'Orinoco au Venezuela. Informations et guide touristique.","breadcrumb":{"@id":"https:\/\/abc-latina.com\/venezuela\/orinoco\/#breadcrumb"},"inLanguage":"fr-FR","potentialAction":[{"@type":"ReadAction","target":["https:\/\/abc-latina.com\/venezuela\/orinoco\/"]}]},{"@type":"ImageObject","inLanguage":"fr-FR","@id":"https:\/\/abc-latina.com\/venezuela\/orinoco\/#primaryimage","url":"https:\/\/abc-latina.com\/wp-content\/uploads\/2010\/06\/orinoco.jpg","contentUrl":"https:\/\/abc-latina.com\/wp-content\/uploads\/2010\/06\/orinoco.jpg","width":80,"height":81,"caption":"ORINOCO"},{"@type":"BreadcrumbList","@id":"https:\/\/abc-latina.com\/venezuela\/orinoco\/#breadcrumb","itemListElement":[{"@type":"ListItem","position":1,"name":"Accueil","item":"https:\/\/abc-latina.com\/"},{"@type":"ListItem","position":2,"name":"MONAGAS &#038; ORINOCO"}]},{"@type":"WebSite","@id":"https:\/\/abc-latina.com\/#website","url":"https:\/\/abc-latina.com\/","name":"Abc-latina","description":"","publisher":{"@id":"https:\/\/abc-latina.com\/#organization"},"potentialAction":[{"@type":"SearchAction","target":{"@type":"EntryPoint","urlTemplate":"https:\/\/abc-latina.com\/?s={search_term_string}"},"query-input":{"@type":"PropertyValueSpecification","valueRequired":true,"valueName":"search_term_string"}}],"inLanguage":"fr-FR"},{"@type":"Organization","@id":"https:\/\/abc-latina.com\/#organization","name":"Abc-latina","url":"https:\/\/abc-latina.com\/","logo":{"@type":"ImageObject","inLanguage":"fr-FR","@id":"https:\/\/abc-latina.com\/#\/schema\/logo\/image\/","url":"https:\/\/abc-latina.com\/wp-content\/uploads\/2026\/05\/cropped-logo.gif","contentUrl":"https:\/\/abc-latina.com\/wp-content\/uploads\/2026\/05\/cropped-logo.gif","width":89,"height":84,"caption":"Abc-latina"},"image":{"@id":"https:\/\/abc-latina.com\/#\/schema\/logo\/image\/"}}]}},"_links":{"self":[{"href":"https:\/\/abc-latina.com\/wp-json\/wp\/v2\/pages\/461","targetHints":{"allow":["GET"]}}],"collection":[{"href":"https:\/\/abc-latina.com\/wp-json\/wp\/v2\/pages"}],"about":[{"href":"https:\/\/abc-latina.com\/wp-json\/wp\/v2\/types\/page"}],"author":[{"embeddable":true,"href":"https:\/\/abc-latina.com\/wp-json\/wp\/v2\/users\/3"}],"replies":[{"embeddable":true,"href":"https:\/\/abc-latina.com\/wp-json\/wp\/v2\/comments?post=461"}],"version-history":[{"count":1,"href":"https:\/\/abc-latina.com\/wp-json\/wp\/v2\/pages\/461\/revisions"}],"predecessor-version":[{"id":4136,"href":"https:\/\/abc-latina.com\/wp-json\/wp\/v2\/pages\/461\/revisions\/4136"}],"up":[{"embeddable":true,"href":"https:\/\/abc-latina.com\/wp-json\/wp\/v2\/pages\/2320"}],"wp:featuredmedia":[{"embeddable":true,"href":"https:\/\/abc-latina.com\/wp-json\/wp\/v2\/media\/460"}],"wp:attachment":[{"href":"https:\/\/abc-latina.com\/wp-json\/wp\/v2\/media?parent=461"}],"curies":[{"name":"wp","href":"https:\/\/api.w.org\/{rel}","templated":true}]}}