{"id":48,"date":"2010-04-17T20:26:55","date_gmt":"2010-04-17T18:26:55","guid":{"rendered":"http:\/\/abc-latina.com\/buenosaires-htm\/"},"modified":"2026-04-30T18:24:44","modified_gmt":"2026-04-30T16:24:44","slug":"buenosaires","status":"publish","type":"page","link":"https:\/\/abc-latina.com\/argentine\/buenosaires\/","title":{"rendered":"BUENOS AIRES"},"content":{"rendered":"<p><img loading=\"lazy\" decoding=\"async\" class=\" size-full wp-image-44\" src=\"http:\/\/abc-latina.com\/wp-content\/uploads\/2010\/04\/buenos_aires_boca_5.jpg\" title=\"VOYAGE A BUENOS AIRES\" alt=\"VOYAGE A BUENOS AIRES\" width=\"480\" height=\"318\" srcset=\"https:\/\/abc-latina.com\/wp-content\/uploads\/2010\/04\/buenos_aires_boca_5.jpg 620w, https:\/\/abc-latina.com\/wp-content\/uploads\/2010\/04\/buenos_aires_boca_5-300x199.jpg 300w\" sizes=\"auto, (max-width: 480px) 100vw, 480px\" \/><\/p>\n<p>Un europ\u00e9en n&rsquo;\u00e9prouve en d\u00e9barquant \u00e0 <span class=\"tourisme-chapitre\">Buenos Aires<\/span> aucune sensation de d\u00e9paysement ou d&rsquo;exotisme, tout juste le sentiment de se trouver dans une ville r\u00e9tro, comme arr\u00eat\u00e9e dans les ann\u00e9es cinquante ou soixante. Dans certains quartiers ont pourrait se croire dans une ville europ\u00e9enne. L&rsquo;illusion est presque parfaite si l&rsquo;on demeure dans le centre, elle dispara\u00eet, si on se donne la peine de voir, \u00e0 une demi-heure du centre, les immenses villas miserias, bidonvilles de centaines de milliers de d\u00e9racin\u00e9s attir\u00e9s par l&rsquo;espoir d&rsquo;une vie meilleure, o\u00f9 la pauvret\u00e9 rappelle que l&rsquo;on est en Am\u00e9rique latine. Le meilleur endroit pour \u00e9valuer l&rsquo;anatomie de l&rsquo;immense capitale est le sommet de l&rsquo;h\u00f4tel Sheraton ou celui de l&rsquo;immeuble Kavanagh.<\/p>\n<p>La <strong>Plaza de Mayo<\/strong> est l&rsquo;\u00e2me de la cit\u00e9, et m\u00eame de l&rsquo;Argentine, car elle a vu se d\u00e9rouler les principaux \u00e9v\u00e9nements de son histoire. La Casa Rocade, si\u00e9ge de la pr\u00e9sidence de la r\u00e9publique, occupe la face est de la Plazza de Mayo. Avec un peu de chance, chaque soir \u00e0 7 heures, on peut assister \u00e0 la rel\u00e8ve de la garde. La place est bord\u00e9e d&rsquo;\u00e9difices importants des fastes ann\u00e9es 20-30. Au Nord-Est de la place, la cath\u00e9drale, \u00e0 la fa\u00e7ade sobre abrite le mausol\u00e9e du G\u00e9n\u00e9ral San Martin, le grand homme, symbole de l&rsquo;ind\u00e9pendance. A l&rsquo;ouest de la place, le vieux Cabildo (ancien H\u00f4tel de ville), belle b\u00e2tisse de la fin du 18 \u00e9me si\u00e8cle a conserv\u00e9 dans sa partie la plus ancienne, transform\u00e9e en mus\u00e9e, le cadre o\u00f9 se d\u00e9roul\u00e8rent les \u00e9v\u00e9nements historiques qui marqu\u00e8rent les \u00e9tapes de l&rsquo;ind\u00e9pendance.<\/p>\n<p>L&rsquo; <strong>Avenida de Mayo<\/strong>, rappelle par la largeur de ces trottoirs, les terrasses anim\u00e9es des caf\u00e9s et l&rsquo;aspect des b\u00e2timents qui la bordent, les boulevards de Madrid plus que de Paris. Mais elle semble fig\u00e9e dans le temps. Elle qui monopolisa avant la seconde guerre mondiale une bonne part de l&rsquo;animation nocturne si intense dont Buenos Aires \u00e0 le secret. Sur la vaste et tr\u00e8s belle <strong>Plaza du Congreso<\/strong> s&rsquo;\u00e9l\u00e8ve le Palais du Congr\u00e8s National. Le soir, les cin\u00e9mas, les th\u00e9\u00e2tres et les caf\u00e9s donnent \u00e0 la Plaza du Congreso une animation tard prolong\u00e9e. L&rsquo;<strong>avenue Corrientes<\/strong> est chaque soir la plus anim\u00e9e de Buenos Aires. Les th\u00e9\u00e2tres, les cin\u00e9mas, les librairies et les caf\u00e9s entretiennent une vie nocturne unique dans la capitale. L&rsquo;<strong>avenue de Santa Fe<\/strong> est celle des magasins et des galeries marchandes, l&rsquo;un des hauts lieux de consommation. La <strong>Calle Florida<\/strong>, rue pi\u00e9tonne de toutes les tentations pour les amateurs de beaux objets, v\u00eatements des meilleurs couturiers. Mais c&rsquo;est aussi un lieu anim\u00e9 en permanence, surtout le soir, avec ses groupes de musique folklorique du Nord ou de la Bolivie ou ses joueurs de <a href=\"https:\/\/www.abc-latina.com\/musique\/tango\" target=\"_blank\">tango<\/a>.<\/p>\n<p><a href=\"https:\/\/www.abc-latina.com\/argentine\/tour_operateur\" target=\"_blank\"><img loading=\"lazy\" decoding=\"async\" class=\" alignright size-full wp-image-41\" src=\"http:\/\/abc-latina.com\/wp-content\/uploads\/2010\/04\/timbre_to.gif\" style=\"margin: 5px; float: right;\" alt=\"\" width=\"125\" height=\"90\" \/><\/a>La <strong>Recolata<\/strong> est devenu l&rsquo;un des hauts lieux de l&rsquo;animation de Buenos Aires et le carrefour de toutes les classes sociales.&nbsp;Mais il y a Recolata et Recolata. L&rsquo;aristocratie et la bourgeoisie entendent caf\u00e9s et restaurants chics, se faire voir dans ses plus beaux atours et prendre le soleil tout en gardant un oeil sur leurs charmants bambins. Mais le Recolata c&rsquo;est aussi, jouxtant l&rsquo;\u00e9glise baroque de El Pilar et le c\u00e9l\u00e8bre cimeti\u00e8re (qui vaut \u00e0 lui seule une visite) le Centre Culturel Municipal o\u00f9 se succ\u00e8dent, toute l&rsquo;ann\u00e9e, les expositions les plus diverses et draine un public consid\u00e9rable assez diff\u00e9rent de celui qui fr\u00e9quente les restaurants chics situ\u00e9s de l&rsquo;autre c\u00f4t\u00e9 de la place. Le dimanche et les jours f\u00e9ri\u00e9s s&rsquo;installe le march\u00e9 d&rsquo;artisanat qui regroupe des dizaines d&rsquo;artisans venus exposer et vendre : bijoux, v\u00eatements, sculptures. Tout pr\u00e8s, les clowns, les marionnettistes, parfois des orchestres, concourent \u00e0 cr\u00e9er l&rsquo;animation.<\/p>\n<p><a target=\"_blank\" href=\"hotels\"><img loading=\"lazy\" decoding=\"async\" class=\"touroperateur size-full wp-image-45\" src=\"http:\/\/abc-latina.com\/wp-content\/uploads\/2010\/04\/tp_hotels.gif\" alt=\"\" width=\"120\" height=\"60\" \/><\/a>Le <strong>Parque Palermo<\/strong> qui s&rsquo;\u00e9tend sur environ 500 hectares, est le plus bel espace vert de la capitale argentine. A Buenos Aires, il n&rsquo;y avait pas d&rsquo;arbres. Tout fut plant\u00e9 et dispos\u00e9 par les hommes, on y creusa un lac, on y construit un splendide hippodrome, des terrains de polo et de golf et le parc zoologique. T\u00f4t le matin les joogeurs, les cyclistes ou autres cavaliers profitent du calme, ensuite viennent les promeneurs. Le dimanche il devient un lieu de rencontre familiale, de pique-nique et de loisirs.<\/p>\n<p>Le quartier de <strong>San Telmo<\/strong> \u00e9tait le quartier chic du 19 \u00e9me si\u00e8cle, il est devenu maintenant un quartier de classe moyenne. La r\u00e9putation de San Telmo vient d&rsquo;abord de la grande concentration de boutiques d&rsquo;antiquaires. La brocante du dimanche est une ambiance de march\u00e9 aux puces o\u00f9 l&rsquo;animation est aussi dans la rue avec ses orchestres improvis\u00e9s de tango, ses chanteurs et ses clowns. La nuit, l&rsquo;animation se d\u00e9place vers les bo\u00eetes \u00e0 tango du bas quartier.<\/p>\n<p>La <strong>Boca<\/strong> est le quartier qui a peut \u00eatre le mieux symbolis\u00e9 le creuset o\u00f9 s&rsquo;est form\u00e9, au d\u00e9but du 20 \u00e9me si\u00e8cle, le prol\u00e9tariat de Buenos Aires. La Boca est l&rsquo;un des quartiers les plus visit\u00e9s de Buenos Aires. La Boca, c&rsquo;est d&rsquo;abord le Caminito, cette rue, aujourd&rsquo;hui pi\u00e9tonne, bord\u00e9e de maisons aux fa\u00e7ades de t\u00f4le ondul\u00e9e, peintes de couleurs vives, et de fresques. C&rsquo;est aussi le quartier o\u00f9 peintres et sculpteurs ont install\u00e9 leur atelier et o\u00f9 il r\u00e8gne une certaine boh\u00e8me. Le soir, les quelques rues qui s&rsquo;animent autour des bo\u00eetes \u00e0 marins, bo\u00eetes \u00e0 tango, restaurants italiens attirent une foule cosmopolite.<\/p>\n<p>&nbsp;<\/p>\n<p><img loading=\"lazy\" decoding=\"async\" class=\" size-full wp-image-46\" src=\"http:\/\/abc-latina.com\/wp-content\/uploads\/2010\/04\/pages-associes.gif\" alt=\"\" width=\"120\" height=\"10\" \/><br \/><a href=\"https:\/\/www.abc-latina.com\/argentine\/photos\/photos_buenos_aires\">Photos de Buenos Aires<\/a>&nbsp; <a target=\"_blank\" href=\"http:\/\/voyage.abc-latina.com\/voyage_argentine\/argentine.php\"><span class=\"sejour-circuit\"><br \/><\/span><\/a><\/p>\n<p>&nbsp;<\/p>\n<div><a href=\"https:\/\/www.abc-latina.com\/argentine\/cartes-plans\/plan-carte-buenos-aires.php\"><img loading=\"lazy\" decoding=\"async\" class=\" size-full wp-image-47\" src=\"http:\/\/abc-latina.com\/wp-content\/uploads\/2010\/04\/buenos-aires.gif\" alt=\"Carte de Buenos Aires\" title=\"Plan de Buenos Aires\" width=\"253\" height=\"130\" \/><\/a><\/div>\n<div>&nbsp;<\/div>\n<h3>Pr\u00e9parez votre voyage \u00e0 Buenos Aires:<\/h3>\n<div><a href=\"https:\/\/www.abc-latina.com\/argentine\/agence_de_voyages\">Agences de voyage g\u00e9n\u00e9ralistes et discounteurs<\/a><\/div>\n<div><a href=\"https:\/\/www.abc-latina.com\/argentine\/tour_operateur\">Tours Op\u00e9rateurs sp\u00e9cialistes de l&rsquo;Argentine<\/a><\/div>\n<div><a target=\"_blank\" href=\"https:\/\/www.abc-latina.com\/to\/reservation_billet_avion\">R\u00e9servez votre billet d&rsquo;avion<\/a><\/div>\n<div><a target=\"_blank\" href=\"hotels\">R\u00e9servez votre h\u00f4tel \u00e0 Buenos Aires<\/a>&nbsp;<\/div>\n<div><a target=\"_blank\" href=\"https:\/\/www.abc-latina.com\/to\/location_de_voiture_argentine\">Location de voiture<\/a><\/div>\n<p>&nbsp;<\/p>\n<h2>BUENOS AIRES &#8230; A SAVOIR<\/h2>\n<p>D\u00e9jeuner ou diner en ville est l&rsquo;un des passe-temps favoris des habitants de Buenos Aires. Les restaurants sont des lieux de convivialit\u00e9 o\u00f9 l&rsquo;on se montre et o\u00f9 l&rsquo;on partage une bouteille de vin rouge jusqu&rsquo;au bout de la nuit. A buenos Aires, le quartier de la Recoleta offre les meilleures tables mais aussi les plus ch\u00e8res. C&rsquo;est \u00e0 Costanera norte, au bord m\u00eame du rio de La Plata, que l&rsquo;on trouve les carritos, c\u00e9l\u00e8bres pour leurs grillades de b\u0153uf (asados criollos).<\/p>\n","protected":false},"excerpt":{"rendered":"<p>Un europ\u00e9en n&rsquo;\u00e9prouve en d\u00e9barquant \u00e0 Buenos Aires aucune sensation de d\u00e9paysement ou d&rsquo;exotisme, tout juste le sentiment de se [&hellip;]<\/p>\n","protected":false},"author":2,"featured_media":44,"parent":39,"menu_order":0,"comment_status":"closed","ping_status":"closed","template":"","meta":{"site-sidebar-layout":"default","site-content-layout":"","ast-site-content-layout":"default","site-content-style":"default","site-sidebar-style":"default","ast-global-header-display":"","ast-banner-title-visibility":"","ast-main-header-display":"","ast-hfb-above-header-display":"","ast-hfb-below-header-display":"","ast-hfb-mobile-header-display":"","site-post-title":"","ast-breadcrumbs-content":"","ast-featured-img":"","footer-sml-layout":"","ast-disable-related-posts":"","theme-transparent-header-meta":"","adv-header-id-meta":"","stick-header-meta":"","header-above-stick-meta":"","header-main-stick-meta":"","header-below-stick-meta":"","astra-migrate-meta-layouts":"default","ast-page-background-enabled":"default","ast-page-background-meta":{"desktop":{"background-color":"var(--ast-global-color-5)","background-image":"","background-repeat":"repeat","background-position":"center center","background-size":"auto","background-attachment":"scroll","background-type":"","background-media":"","overlay-type":"","overlay-color":"","overlay-opacity":"","overlay-gradient":""},"tablet":{"background-color":"","background-image":"","background-repeat":"repeat","background-position":"center center","background-size":"auto","background-attachment":"scroll","background-type":"","background-media":"","overlay-type":"","overlay-color":"","overlay-opacity":"","overlay-gradient":""},"mobile":{"background-color":"","background-image":"","background-repeat":"repeat","background-position":"center center","background-size":"auto","background-attachment":"scroll","background-type":"","background-media":"","overlay-type":"","overlay-color":"","overlay-opacity":"","overlay-gradient":""}},"ast-content-background-meta":{"desktop":{"background-color":"var(--ast-global-color-4)","background-image":"","background-repeat":"repeat","background-position":"center center","background-size":"auto","background-attachment":"scroll","background-type":"","background-media":"","overlay-type":"","overlay-color":"","overlay-opacity":"","overlay-gradient":""},"tablet":{"background-color":"var(--ast-global-color-4)","background-image":"","background-repeat":"repeat","background-position":"center center","background-size":"auto","background-attachment":"scroll","background-type":"","background-media":"","overlay-type":"","overlay-color":"","overlay-opacity":"","overlay-gradient":""},"mobile":{"background-color":"var(--ast-global-color-4)","background-image":"","background-repeat":"repeat","background-position":"center center","background-size":"auto","background-attachment":"scroll","background-type":"","background-media":"","overlay-type":"","overlay-color":"","overlay-opacity":"","overlay-gradient":""}},"footnotes":""},"class_list":["post-48","page","type-page","status-publish","has-post-thumbnail","hentry"],"yoast_head":"<!-- This site is optimized with the Yoast SEO plugin v27.5 - https:\/\/yoast.com\/product\/yoast-seo-wordpress\/ -->\n<title>BUENOS AIRES - Abc-latina<\/title>\n<meta name=\"description\" content=\"Buenos Aires offre la sensation de se trouver dans une ville r\u00e9tro, comme arr\u00eat\u00e9e dans les ann\u00e9es cinquante ou soixante. Dans certains quartiers ont pourrait se croire dans une ville europ\u00e9enne.\" \/>\n<meta name=\"robots\" content=\"index, follow, max-snippet:-1, max-image-preview:large, max-video-preview:-1\" \/>\n<link rel=\"canonical\" href=\"https:\/\/abc-latina.com\/argentine\/buenosaires\/\" \/>\n<meta property=\"og:locale\" content=\"fr_FR\" \/>\n<meta property=\"og:type\" content=\"article\" \/>\n<meta property=\"og:title\" content=\"BUENOS AIRES - Abc-latina\" \/>\n<meta property=\"og:description\" content=\"Buenos Aires offre la sensation de se trouver dans une ville r\u00e9tro, comme arr\u00eat\u00e9e dans les ann\u00e9es cinquante ou soixante. Dans certains quartiers ont pourrait se croire dans une ville europ\u00e9enne.\" \/>\n<meta property=\"og:url\" content=\"https:\/\/abc-latina.com\/argentine\/buenosaires\/\" \/>\n<meta property=\"og:site_name\" content=\"Abc-latina\" \/>\n<meta property=\"article:modified_time\" content=\"2026-04-30T16:24:44+00:00\" \/>\n<meta property=\"og:image\" content=\"https:\/\/abc-latina.com\/wp-content\/uploads\/2010\/04\/buenos_aires_boca_5.jpg\" \/>\n\t<meta property=\"og:image:width\" content=\"620\" \/>\n\t<meta property=\"og:image:height\" content=\"411\" \/>\n\t<meta property=\"og:image:type\" content=\"image\/jpeg\" \/>\n<meta name=\"twitter:card\" content=\"summary_large_image\" \/>\n<meta name=\"twitter:label1\" content=\"Dur\u00e9e de lecture estim\u00e9e\" \/>\n\t<meta name=\"twitter:data1\" content=\"5 minutes\" \/>\n<script type=\"application\/ld+json\" class=\"yoast-schema-graph\">{\"@context\":\"https:\\\/\\\/schema.org\",\"@graph\":[{\"@type\":\"WebPage\",\"@id\":\"https:\\\/\\\/abc-latina.com\\\/argentine\\\/buenosaires\\\/\",\"url\":\"https:\\\/\\\/abc-latina.com\\\/argentine\\\/buenosaires\\\/\",\"name\":\"BUENOS AIRES - Abc-latina\",\"isPartOf\":{\"@id\":\"https:\\\/\\\/abc-latina.com\\\/#website\"},\"primaryImageOfPage\":{\"@id\":\"https:\\\/\\\/abc-latina.com\\\/argentine\\\/buenosaires\\\/#primaryimage\"},\"image\":{\"@id\":\"https:\\\/\\\/abc-latina.com\\\/argentine\\\/buenosaires\\\/#primaryimage\"},\"thumbnailUrl\":\"https:\\\/\\\/abc-latina.com\\\/wp-content\\\/uploads\\\/2010\\\/04\\\/buenos_aires_boca_5.jpg\",\"datePublished\":\"2010-04-17T18:26:55+00:00\",\"dateModified\":\"2026-04-30T16:24:44+00:00\",\"description\":\"Buenos Aires offre la sensation de se trouver dans une ville r\u00e9tro, comme arr\u00eat\u00e9e dans les ann\u00e9es cinquante ou soixante. Dans certains quartiers ont pourrait se croire dans une ville europ\u00e9enne.\",\"breadcrumb\":{\"@id\":\"https:\\\/\\\/abc-latina.com\\\/argentine\\\/buenosaires\\\/#breadcrumb\"},\"inLanguage\":\"fr-FR\",\"potentialAction\":[{\"@type\":\"ReadAction\",\"target\":[\"https:\\\/\\\/abc-latina.com\\\/argentine\\\/buenosaires\\\/\"]}]},{\"@type\":\"ImageObject\",\"inLanguage\":\"fr-FR\",\"@id\":\"https:\\\/\\\/abc-latina.com\\\/argentine\\\/buenosaires\\\/#primaryimage\",\"url\":\"https:\\\/\\\/abc-latina.com\\\/wp-content\\\/uploads\\\/2010\\\/04\\\/buenos_aires_boca_5.jpg\",\"contentUrl\":\"https:\\\/\\\/abc-latina.com\\\/wp-content\\\/uploads\\\/2010\\\/04\\\/buenos_aires_boca_5.jpg\",\"width\":620,\"height\":411,\"caption\":\"VOYAGE A BUENOS AIRES\"},{\"@type\":\"BreadcrumbList\",\"@id\":\"https:\\\/\\\/abc-latina.com\\\/argentine\\\/buenosaires\\\/#breadcrumb\",\"itemListElement\":[{\"@type\":\"ListItem\",\"position\":1,\"name\":\"Accueil\",\"item\":\"https:\\\/\\\/abc-latina.com\\\/\"},{\"@type\":\"ListItem\",\"position\":2,\"name\":\"BUENOS AIRES\"}]},{\"@type\":\"WebSite\",\"@id\":\"https:\\\/\\\/abc-latina.com\\\/#website\",\"url\":\"https:\\\/\\\/abc-latina.com\\\/\",\"name\":\"Abc-latina\",\"description\":\"\",\"publisher\":{\"@id\":\"https:\\\/\\\/abc-latina.com\\\/#organization\"},\"potentialAction\":[{\"@type\":\"SearchAction\",\"target\":{\"@type\":\"EntryPoint\",\"urlTemplate\":\"https:\\\/\\\/abc-latina.com\\\/?s={search_term_string}\"},\"query-input\":{\"@type\":\"PropertyValueSpecification\",\"valueRequired\":true,\"valueName\":\"search_term_string\"}}],\"inLanguage\":\"fr-FR\"},{\"@type\":\"Organization\",\"@id\":\"https:\\\/\\\/abc-latina.com\\\/#organization\",\"name\":\"Abc-latina\",\"url\":\"https:\\\/\\\/abc-latina.com\\\/\",\"logo\":{\"@type\":\"ImageObject\",\"inLanguage\":\"fr-FR\",\"@id\":\"https:\\\/\\\/abc-latina.com\\\/#\\\/schema\\\/logo\\\/image\\\/\",\"url\":\"https:\\\/\\\/abc-latina.com\\\/wp-content\\\/uploads\\\/2026\\\/05\\\/cropped-logo.gif\",\"contentUrl\":\"https:\\\/\\\/abc-latina.com\\\/wp-content\\\/uploads\\\/2026\\\/05\\\/cropped-logo.gif\",\"width\":89,\"height\":84,\"caption\":\"Abc-latina\"},\"image\":{\"@id\":\"https:\\\/\\\/abc-latina.com\\\/#\\\/schema\\\/logo\\\/image\\\/\"}}]}<\/script>\n<!-- \/ Yoast SEO plugin. -->","yoast_head_json":{"title":"BUENOS AIRES - Abc-latina","description":"Buenos Aires offre la sensation de se trouver dans une ville r\u00e9tro, comme arr\u00eat\u00e9e dans les ann\u00e9es cinquante ou soixante. Dans certains quartiers ont pourrait se croire dans une ville europ\u00e9enne.","robots":{"index":"index","follow":"follow","max-snippet":"max-snippet:-1","max-image-preview":"max-image-preview:large","max-video-preview":"max-video-preview:-1"},"canonical":"https:\/\/abc-latina.com\/argentine\/buenosaires\/","og_locale":"fr_FR","og_type":"article","og_title":"BUENOS AIRES - Abc-latina","og_description":"Buenos Aires offre la sensation de se trouver dans une ville r\u00e9tro, comme arr\u00eat\u00e9e dans les ann\u00e9es cinquante ou soixante. Dans certains quartiers ont pourrait se croire dans une ville europ\u00e9enne.","og_url":"https:\/\/abc-latina.com\/argentine\/buenosaires\/","og_site_name":"Abc-latina","article_modified_time":"2026-04-30T16:24:44+00:00","og_image":[{"width":620,"height":411,"url":"https:\/\/abc-latina.com\/wp-content\/uploads\/2010\/04\/buenos_aires_boca_5.jpg","type":"image\/jpeg"}],"twitter_card":"summary_large_image","twitter_misc":{"Dur\u00e9e de lecture estim\u00e9e":"5 minutes"},"schema":{"@context":"https:\/\/schema.org","@graph":[{"@type":"WebPage","@id":"https:\/\/abc-latina.com\/argentine\/buenosaires\/","url":"https:\/\/abc-latina.com\/argentine\/buenosaires\/","name":"BUENOS AIRES - Abc-latina","isPartOf":{"@id":"https:\/\/abc-latina.com\/#website"},"primaryImageOfPage":{"@id":"https:\/\/abc-latina.com\/argentine\/buenosaires\/#primaryimage"},"image":{"@id":"https:\/\/abc-latina.com\/argentine\/buenosaires\/#primaryimage"},"thumbnailUrl":"https:\/\/abc-latina.com\/wp-content\/uploads\/2010\/04\/buenos_aires_boca_5.jpg","datePublished":"2010-04-17T18:26:55+00:00","dateModified":"2026-04-30T16:24:44+00:00","description":"Buenos Aires offre la sensation de se trouver dans une ville r\u00e9tro, comme arr\u00eat\u00e9e dans les ann\u00e9es cinquante ou soixante. Dans certains quartiers ont pourrait se croire dans une ville europ\u00e9enne.","breadcrumb":{"@id":"https:\/\/abc-latina.com\/argentine\/buenosaires\/#breadcrumb"},"inLanguage":"fr-FR","potentialAction":[{"@type":"ReadAction","target":["https:\/\/abc-latina.com\/argentine\/buenosaires\/"]}]},{"@type":"ImageObject","inLanguage":"fr-FR","@id":"https:\/\/abc-latina.com\/argentine\/buenosaires\/#primaryimage","url":"https:\/\/abc-latina.com\/wp-content\/uploads\/2010\/04\/buenos_aires_boca_5.jpg","contentUrl":"https:\/\/abc-latina.com\/wp-content\/uploads\/2010\/04\/buenos_aires_boca_5.jpg","width":620,"height":411,"caption":"VOYAGE A BUENOS AIRES"},{"@type":"BreadcrumbList","@id":"https:\/\/abc-latina.com\/argentine\/buenosaires\/#breadcrumb","itemListElement":[{"@type":"ListItem","position":1,"name":"Accueil","item":"https:\/\/abc-latina.com\/"},{"@type":"ListItem","position":2,"name":"BUENOS AIRES"}]},{"@type":"WebSite","@id":"https:\/\/abc-latina.com\/#website","url":"https:\/\/abc-latina.com\/","name":"Abc-latina","description":"","publisher":{"@id":"https:\/\/abc-latina.com\/#organization"},"potentialAction":[{"@type":"SearchAction","target":{"@type":"EntryPoint","urlTemplate":"https:\/\/abc-latina.com\/?s={search_term_string}"},"query-input":{"@type":"PropertyValueSpecification","valueRequired":true,"valueName":"search_term_string"}}],"inLanguage":"fr-FR"},{"@type":"Organization","@id":"https:\/\/abc-latina.com\/#organization","name":"Abc-latina","url":"https:\/\/abc-latina.com\/","logo":{"@type":"ImageObject","inLanguage":"fr-FR","@id":"https:\/\/abc-latina.com\/#\/schema\/logo\/image\/","url":"https:\/\/abc-latina.com\/wp-content\/uploads\/2026\/05\/cropped-logo.gif","contentUrl":"https:\/\/abc-latina.com\/wp-content\/uploads\/2026\/05\/cropped-logo.gif","width":89,"height":84,"caption":"Abc-latina"},"image":{"@id":"https:\/\/abc-latina.com\/#\/schema\/logo\/image\/"}}]}},"_links":{"self":[{"href":"https:\/\/abc-latina.com\/wp-json\/wp\/v2\/pages\/48","targetHints":{"allow":["GET"]}}],"collection":[{"href":"https:\/\/abc-latina.com\/wp-json\/wp\/v2\/pages"}],"about":[{"href":"https:\/\/abc-latina.com\/wp-json\/wp\/v2\/types\/page"}],"author":[{"embeddable":true,"href":"https:\/\/abc-latina.com\/wp-json\/wp\/v2\/users\/2"}],"replies":[{"embeddable":true,"href":"https:\/\/abc-latina.com\/wp-json\/wp\/v2\/comments?post=48"}],"version-history":[{"count":1,"href":"https:\/\/abc-latina.com\/wp-json\/wp\/v2\/pages\/48\/revisions"}],"predecessor-version":[{"id":3041,"href":"https:\/\/abc-latina.com\/wp-json\/wp\/v2\/pages\/48\/revisions\/3041"}],"up":[{"embeddable":true,"href":"https:\/\/abc-latina.com\/wp-json\/wp\/v2\/pages\/39"}],"wp:featuredmedia":[{"embeddable":true,"href":"https:\/\/abc-latina.com\/wp-json\/wp\/v2\/media\/44"}],"wp:attachment":[{"href":"https:\/\/abc-latina.com\/wp-json\/wp\/v2\/media?parent=48"}],"curies":[{"name":"wp","href":"https:\/\/api.w.org\/{rel}","templated":true}]}}