{"id":51,"date":"2010-05-31T18:41:11","date_gmt":"2010-05-31T16:41:11","guid":{"rendered":"http:\/\/abc-latina.com\/geo-htm\/"},"modified":"2026-05-05T00:39:33","modified_gmt":"2026-05-04T22:39:33","slug":"geo","status":"publish","type":"page","link":"https:\/\/abc-latina.com\/?page_id=51","title":{"rendered":"GEOGRAPHIE &#8211; ARGENTINE"},"content":{"rendered":"<p><a href=\"http:\/\/www.abc&lt;p&gt;&lt;a href=\" https:=\"\" www.abc-latina.com=\"\" target=\"_blank\"><img loading=\"lazy\" decoding=\"async\" class=\" alignright size-full wp-image-50\" src=\"http:\/\/abc-latina.com\/wp-content\/uploads\/2010\/05\/america_argentine.png\" style=\"margin: 5px; float: right;\" title=\"GEOGRAPHIE DE L'ARGENTINE\" alt=\"GEOGRAPHIE DE L'ARGENTINE\" width=\"118\" height=\"122\" \/><\/a>L&rsquo;<span class=\"tourisme-chapitre\">Argentine<\/span>, huiti\u00e8me plus grand pays du monde, se situe en Am\u00e9rique du Sud, \u00e0 l&rsquo;Est des Andes, \u00e0 la fronti\u00e8re du <a href=\"https:\/\/www.abc-latina.com\/chili\/\" target=\"_blank\">Chili<\/a> \u00e0 l&rsquo;Ouest au bord de l&rsquo;oc\u00e9an Atlantique \u00e0 l&rsquo;Est et partage ses fronti\u00e8res avec l&rsquo;<a href=\"https:\/\/www.abc-latina.com\/uruguay\/\">Uruguay<\/a>, la <a href=\"https:\/\/www.abc-latina.com\/bolivie\/\">Bolivie<\/a>, le <a href=\"https:\/\/www.abc-latina.com\/paraguay\/\">Paraguay<\/a> et le <a href=\"https:\/\/www.abc-latina.com\/bresil\/\">Br\u00e9sil<\/a> au Nord et au Nord Est. Elle a quatre zones g\u00e9ographiques: les Andes, le Nord et la M\u00e9sopotamie, la Pampa et la Patagonie. Le climat et la g\u00e9ographie argentine varient consid\u00e9rablement suivant la r\u00e9gion et l&rsquo;on passe de la chaleur br\u00fblante de El Chaco, aux temp\u00e9ratures antarctiques de la mer de Patagonie, en passant par le climat temp\u00e9r\u00e9 de la Pampa. Le point culminant est la montagne de l&rsquo;Aconcagua qui atteint presque 7000 m\u00e8tres d&rsquo;altitude et les Chutes de Iguazu avec un d\u00e9bit de 5000 m3 d&rsquo;eau par seconde sur 70 m\u00e8tres qui se pr\u00e9cipitent dans le fleuve de Parana. Au Sud Ouest, on trouve une r\u00e9gion appel\u00e9e petite Suisse &raquo; dot\u00e9e d&rsquo;une cha\u00eene de glaciers entour\u00e9s par les montagnes.<\/p>\n<h3>G\u00e9ographie de l&rsquo;Argentine: Chiffres<\/h3>\n<p><span class=\"geo-info2\">Capitale:<\/span>&nbsp;Buenos Aires<br \/> <span class=\"geo-info2\">Superficie:<\/span> 2.780.400 km&sup2; 5 fois la France<br \/> 67 fois la Suisse<br \/> 84 fois la Belgique<br \/> mais 3,5 fois plus petit que le Canada.<br \/> <span class=\"geo-info2\">Population:<\/span> 40 millions<br \/> Urbaine \u00e0 88 %<br \/> Rurale \u00e0 12 %<br \/> Densit\u00e9 12,7 hab\/km&sup2;<br \/> 23 provinces<br \/> Indice de f\u00e9condit\u00e9: 2,6 enfants\/femme<br \/> Esp\u00e9rance de vie: 77 \/ 70 ans<br \/> Taux d&rsquo;alphab\u00e9tisation: 96 %<br \/> <span class=\"geo-info2\">Langue:<\/span> Espagnol&nbsp;<br \/> <span class=\"geo-info2\">Divers:<\/span> <a href=\"https:\/\/www.abc-latina.com\/argentine\/div\/hymne.htm\">Hymne national<\/a><\/p>\n","protected":false},"excerpt":{"rendered":"<p>L&rsquo;Argentine, huiti\u00e8me plus grand pays du monde, se situe en Am\u00e9rique du Sud, \u00e0 l&rsquo;Est des Andes, \u00e0 la fronti\u00e8re [&hellip;]<\/p>\n","protected":false},"author":3,"featured_media":50,"parent":39,"menu_order":0,"comment_status":"closed","ping_status":"closed","template":"","meta":{"site-sidebar-layout":"default","site-content-layout":"","ast-site-content-layout":"default","site-content-style":"default","site-sidebar-style":"default","ast-global-header-display":"","ast-banner-title-visibility":"","ast-main-header-display":"","ast-hfb-above-header-display":"","ast-hfb-below-header-display":"","ast-hfb-mobile-header-display":"","site-post-title":"","ast-breadcrumbs-content":"","ast-featured-img":"","footer-sml-layout":"","ast-disable-related-posts":"","theme-transparent-header-meta":"","adv-header-id-meta":"","stick-header-meta":"","header-above-stick-meta":"","header-main-stick-meta":"","header-below-stick-meta":"","astra-migrate-meta-layouts":"default","ast-page-background-enabled":"default","ast-page-background-meta":{"desktop":{"background-color":"var(--ast-global-color-5)","background-image":"","background-repeat":"repeat","background-position":"center center","background-size":"auto","background-attachment":"scroll","background-type":"","background-media":"","overlay-type":"","overlay-color":"","overlay-opacity":"","overlay-gradient":""},"tablet":{"background-color":"","background-image":"","background-repeat":"repeat","background-position":"center center","background-size":"auto","background-attachment":"scroll","background-type":"","background-media":"","overlay-type":"","overlay-color":"","overlay-opacity":"","overlay-gradient":""},"mobile":{"background-color":"","background-image":"","background-repeat":"repeat","background-position":"center center","background-size":"auto","background-attachment":"scroll","background-type":"","background-media":"","overlay-type":"","overlay-color":"","overlay-opacity":"","overlay-gradient":""}},"ast-content-background-meta":{"desktop":{"background-color":"var(--ast-global-color-4)","background-image":"","background-repeat":"repeat","background-position":"center center","background-size":"auto","background-attachment":"scroll","background-type":"","background-media":"","overlay-type":"","overlay-color":"","overlay-opacity":"","overlay-gradient":""},"tablet":{"background-color":"var(--ast-global-color-4)","background-image":"","background-repeat":"repeat","background-position":"center center","background-size":"auto","background-attachment":"scroll","background-type":"","background-media":"","overlay-type":"","overlay-color":"","overlay-opacity":"","overlay-gradient":""},"mobile":{"background-color":"var(--ast-global-color-4)","background-image":"","background-repeat":"repeat","background-position":"center center","background-size":"auto","background-attachment":"scroll","background-type":"","background-media":"","overlay-type":"","overlay-color":"","overlay-opacity":"","overlay-gradient":""}},"footnotes":""},"class_list":["post-51","page","type-page","status-publish","has-post-thumbnail","hentry"],"yoast_head":"<!-- This site is optimized with the Yoast SEO plugin v27.5 - https:\/\/yoast.com\/product\/yoast-seo-wordpress\/ -->\n<title>GEOGRAPHIE - ARGENTINE - Abc-latina<\/title>\n<meta name=\"robots\" content=\"noindex, follow\" \/>\n<meta property=\"og:locale\" content=\"fr_FR\" \/>\n<meta property=\"og:type\" content=\"article\" \/>\n<meta property=\"og:title\" content=\"GEOGRAPHIE - ARGENTINE - Abc-latina\" \/>\n<meta property=\"og:description\" content=\"L&rsquo;Argentine, huiti\u00e8me plus grand pays du monde, se situe en Am\u00e9rique du Sud, \u00e0 l&rsquo;Est des Andes, \u00e0 la fronti\u00e8re [&hellip;]\" \/>\n<meta property=\"og:url\" content=\"https:\/\/abc-latina.com\/?page_id=51\" \/>\n<meta property=\"og:site_name\" content=\"Abc-latina\" \/>\n<meta property=\"article:modified_time\" content=\"2026-05-04T22:39:33+00:00\" \/>\n<meta property=\"og:image\" content=\"https:\/\/abc-latina.com\/wp-content\/uploads\/2010\/05\/america_argentine.png\" \/>\n\t<meta property=\"og:image:width\" content=\"118\" \/>\n\t<meta property=\"og:image:height\" content=\"122\" \/>\n\t<meta property=\"og:image:type\" content=\"image\/png\" \/>\n<meta name=\"twitter:card\" content=\"summary_large_image\" \/>\n<meta name=\"twitter:label1\" content=\"Dur\u00e9e de lecture estim\u00e9e\" \/>\n\t<meta name=\"twitter:data1\" content=\"1 minute\" \/>\n<script type=\"application\/ld+json\" class=\"yoast-schema-graph\">{\"@context\":\"https:\\\/\\\/schema.org\",\"@graph\":[{\"@type\":\"WebPage\",\"@id\":\"https:\\\/\\\/abc-latina.com\\\/?page_id=51\",\"url\":\"https:\\\/\\\/abc-latina.com\\\/?page_id=51\",\"name\":\"GEOGRAPHIE - ARGENTINE - Abc-latina\",\"isPartOf\":{\"@id\":\"https:\\\/\\\/abc-latina.com\\\/#website\"},\"primaryImageOfPage\":{\"@id\":\"https:\\\/\\\/abc-latina.com\\\/?page_id=51#primaryimage\"},\"image\":{\"@id\":\"https:\\\/\\\/abc-latina.com\\\/?page_id=51#primaryimage\"},\"thumbnailUrl\":\"https:\\\/\\\/abc-latina.com\\\/wp-content\\\/uploads\\\/2010\\\/05\\\/america_argentine.png\",\"datePublished\":\"2010-05-31T16:41:11+00:00\",\"dateModified\":\"2026-05-04T22:39:33+00:00\",\"breadcrumb\":{\"@id\":\"https:\\\/\\\/abc-latina.com\\\/?page_id=51#breadcrumb\"},\"inLanguage\":\"fr-FR\",\"potentialAction\":[{\"@type\":\"ReadAction\",\"target\":[\"https:\\\/\\\/abc-latina.com\\\/?page_id=51\"]}]},{\"@type\":\"ImageObject\",\"inLanguage\":\"fr-FR\",\"@id\":\"https:\\\/\\\/abc-latina.com\\\/?page_id=51#primaryimage\",\"url\":\"https:\\\/\\\/abc-latina.com\\\/wp-content\\\/uploads\\\/2010\\\/05\\\/america_argentine.png\",\"contentUrl\":\"https:\\\/\\\/abc-latina.com\\\/wp-content\\\/uploads\\\/2010\\\/05\\\/america_argentine.png\",\"width\":118,\"height\":122,\"caption\":\"GEOGRAPHIE DE L'ARGENTINE\"},{\"@type\":\"BreadcrumbList\",\"@id\":\"https:\\\/\\\/abc-latina.com\\\/?page_id=51#breadcrumb\",\"itemListElement\":[{\"@type\":\"ListItem\",\"position\":1,\"name\":\"Accueil\",\"item\":\"https:\\\/\\\/abc-latina.com\\\/\"},{\"@type\":\"ListItem\",\"position\":2,\"name\":\"GEOGRAPHIE &#8211; ARGENTINE\"}]},{\"@type\":\"WebSite\",\"@id\":\"https:\\\/\\\/abc-latina.com\\\/#website\",\"url\":\"https:\\\/\\\/abc-latina.com\\\/\",\"name\":\"Abc-latina\",\"description\":\"\",\"publisher\":{\"@id\":\"https:\\\/\\\/abc-latina.com\\\/#organization\"},\"potentialAction\":[{\"@type\":\"SearchAction\",\"target\":{\"@type\":\"EntryPoint\",\"urlTemplate\":\"https:\\\/\\\/abc-latina.com\\\/?s={search_term_string}\"},\"query-input\":{\"@type\":\"PropertyValueSpecification\",\"valueRequired\":true,\"valueName\":\"search_term_string\"}}],\"inLanguage\":\"fr-FR\"},{\"@type\":\"Organization\",\"@id\":\"https:\\\/\\\/abc-latina.com\\\/#organization\",\"name\":\"Abc-latina\",\"url\":\"https:\\\/\\\/abc-latina.com\\\/\",\"logo\":{\"@type\":\"ImageObject\",\"inLanguage\":\"fr-FR\",\"@id\":\"https:\\\/\\\/abc-latina.com\\\/#\\\/schema\\\/logo\\\/image\\\/\",\"url\":\"https:\\\/\\\/abc-latina.com\\\/wp-content\\\/uploads\\\/2026\\\/05\\\/cropped-logo.gif\",\"contentUrl\":\"https:\\\/\\\/abc-latina.com\\\/wp-content\\\/uploads\\\/2026\\\/05\\\/cropped-logo.gif\",\"width\":89,\"height\":84,\"caption\":\"Abc-latina\"},\"image\":{\"@id\":\"https:\\\/\\\/abc-latina.com\\\/#\\\/schema\\\/logo\\\/image\\\/\"}}]}<\/script>\n<!-- \/ Yoast SEO plugin. -->","yoast_head_json":{"title":"GEOGRAPHIE - ARGENTINE - Abc-latina","robots":{"index":"noindex","follow":"follow"},"og_locale":"fr_FR","og_type":"article","og_title":"GEOGRAPHIE - ARGENTINE - Abc-latina","og_description":"L&rsquo;Argentine, huiti\u00e8me plus grand pays du monde, se situe en Am\u00e9rique du Sud, \u00e0 l&rsquo;Est des Andes, \u00e0 la fronti\u00e8re [&hellip;]","og_url":"https:\/\/abc-latina.com\/?page_id=51","og_site_name":"Abc-latina","article_modified_time":"2026-05-04T22:39:33+00:00","og_image":[{"width":118,"height":122,"url":"https:\/\/abc-latina.com\/wp-content\/uploads\/2010\/05\/america_argentine.png","type":"image\/png"}],"twitter_card":"summary_large_image","twitter_misc":{"Dur\u00e9e de lecture estim\u00e9e":"1 minute"},"schema":{"@context":"https:\/\/schema.org","@graph":[{"@type":"WebPage","@id":"https:\/\/abc-latina.com\/?page_id=51","url":"https:\/\/abc-latina.com\/?page_id=51","name":"GEOGRAPHIE - ARGENTINE - Abc-latina","isPartOf":{"@id":"https:\/\/abc-latina.com\/#website"},"primaryImageOfPage":{"@id":"https:\/\/abc-latina.com\/?page_id=51#primaryimage"},"image":{"@id":"https:\/\/abc-latina.com\/?page_id=51#primaryimage"},"thumbnailUrl":"https:\/\/abc-latina.com\/wp-content\/uploads\/2010\/05\/america_argentine.png","datePublished":"2010-05-31T16:41:11+00:00","dateModified":"2026-05-04T22:39:33+00:00","breadcrumb":{"@id":"https:\/\/abc-latina.com\/?page_id=51#breadcrumb"},"inLanguage":"fr-FR","potentialAction":[{"@type":"ReadAction","target":["https:\/\/abc-latina.com\/?page_id=51"]}]},{"@type":"ImageObject","inLanguage":"fr-FR","@id":"https:\/\/abc-latina.com\/?page_id=51#primaryimage","url":"https:\/\/abc-latina.com\/wp-content\/uploads\/2010\/05\/america_argentine.png","contentUrl":"https:\/\/abc-latina.com\/wp-content\/uploads\/2010\/05\/america_argentine.png","width":118,"height":122,"caption":"GEOGRAPHIE DE L'ARGENTINE"},{"@type":"BreadcrumbList","@id":"https:\/\/abc-latina.com\/?page_id=51#breadcrumb","itemListElement":[{"@type":"ListItem","position":1,"name":"Accueil","item":"https:\/\/abc-latina.com\/"},{"@type":"ListItem","position":2,"name":"GEOGRAPHIE &#8211; ARGENTINE"}]},{"@type":"WebSite","@id":"https:\/\/abc-latina.com\/#website","url":"https:\/\/abc-latina.com\/","name":"Abc-latina","description":"","publisher":{"@id":"https:\/\/abc-latina.com\/#organization"},"potentialAction":[{"@type":"SearchAction","target":{"@type":"EntryPoint","urlTemplate":"https:\/\/abc-latina.com\/?s={search_term_string}"},"query-input":{"@type":"PropertyValueSpecification","valueRequired":true,"valueName":"search_term_string"}}],"inLanguage":"fr-FR"},{"@type":"Organization","@id":"https:\/\/abc-latina.com\/#organization","name":"Abc-latina","url":"https:\/\/abc-latina.com\/","logo":{"@type":"ImageObject","inLanguage":"fr-FR","@id":"https:\/\/abc-latina.com\/#\/schema\/logo\/image\/","url":"https:\/\/abc-latina.com\/wp-content\/uploads\/2026\/05\/cropped-logo.gif","contentUrl":"https:\/\/abc-latina.com\/wp-content\/uploads\/2026\/05\/cropped-logo.gif","width":89,"height":84,"caption":"Abc-latina"},"image":{"@id":"https:\/\/abc-latina.com\/#\/schema\/logo\/image\/"}}]}},"_links":{"self":[{"href":"https:\/\/abc-latina.com\/index.php?rest_route=\/wp\/v2\/pages\/51","targetHints":{"allow":["GET"]}}],"collection":[{"href":"https:\/\/abc-latina.com\/index.php?rest_route=\/wp\/v2\/pages"}],"about":[{"href":"https:\/\/abc-latina.com\/index.php?rest_route=\/wp\/v2\/types\/page"}],"author":[{"embeddable":true,"href":"https:\/\/abc-latina.com\/index.php?rest_route=\/wp\/v2\/users\/3"}],"replies":[{"embeddable":true,"href":"https:\/\/abc-latina.com\/index.php?rest_route=%2Fwp%2Fv2%2Fcomments&post=51"}],"version-history":[{"count":2,"href":"https:\/\/abc-latina.com\/index.php?rest_route=\/wp\/v2\/pages\/51\/revisions"}],"predecessor-version":[{"id":5851,"href":"https:\/\/abc-latina.com\/index.php?rest_route=\/wp\/v2\/pages\/51\/revisions\/5851"}],"up":[{"embeddable":true,"href":"https:\/\/abc-latina.com\/index.php?rest_route=\/wp\/v2\/pages\/39"}],"wp:featuredmedia":[{"embeddable":true,"href":"https:\/\/abc-latina.com\/index.php?rest_route=\/wp\/v2\/media\/50"}],"wp:attachment":[{"href":"https:\/\/abc-latina.com\/index.php?rest_route=%2Fwp%2Fv2%2Fmedia&parent=51"}],"curies":[{"name":"wp","href":"https:\/\/api.w.org\/{rel}","templated":true}]}}