{"id":56,"date":"2010-06-01T01:04:54","date_gmt":"2010-05-31T23:04:54","guid":{"rendered":"http:\/\/abc-latina.com\/assos-htm\/"},"modified":"2026-04-30T18:24:43","modified_gmt":"2026-04-30T16:24:43","slug":"assos","status":"publish","type":"page","link":"https:\/\/abc-latina.com\/argentine\/assos\/","title":{"rendered":"Les ASSOCIATIONS"},"content":{"rendered":"<p style=\"text-align: center; \">Les associations culturelles\/humanitaires argentines en France et en Belgique.<\/p>\n<div class=\"titre ambassade assos\">En FRANCE<\/div>\n<h3>Type HUMANITAIRE<\/h3>\n<p><strong>Oxyg\u00e8ne Plus<\/strong><br \/> Objectifs: Venir en aide aux enfants d\u00e9favoris\u00e9s d&rsquo; Argentine par l&rsquo;interm\u00e9diaire du football.<br \/> Contact: Mr Nicolas Sechet<br \/> Adresse: 144 route de Chartres &#8211; 91440 Bures sur Yvette Tel : 04 64 46 92 19<\/p>\n<p><strong>Solidarit\u00e9 pour l&rsquo;Argentine<\/strong><br \/> Objectifs: Venir en aide aux enfants pour \u00e9ducation scolaire.<br \/> Contact: Mme Fran\u00e7oise Dyonnet &#8211; Pr\u00e9sidente Adresse: 75 rue Saint Exup\u00e9ry &#8211; 01160 Pont d&rsquo;ain Tel :04 74 39 11 90&nbsp;<\/p>\n<p><strong>Horizon Argentine<\/strong><br \/> Objectifs: Apporter un soutien aux enfants et adolescents des quartiers d\u00e9favoris\u00e9s d&rsquo; Argentine.<br \/> Contact: Adresse: 7 rue de Valence &#8211; 75005 PARIS<br \/> <a target=\"_blank\" href=\"http:\/\/www.horizonargentine.com\/\">SITE INTERNET<\/a><\/p>\n<h3>Type CULTURELLE<\/h3>\n<p><strong>Rencontre de deux mondes<\/strong><br \/> Objectifs: Activit\u00e9s autour de la langue et la culture des pays de langue espagnole.<br \/> Contact: Adresse: Maison St-Pierre, 9 rue de Gen\u00e8ve &#8211; 01210 Ferney-Voltaire Tel :<br \/> <a target=\"_blank\" href=\"http:\/\/membres.multimania.fr\/encuentr\/\">SITE INTERNET<\/a><\/p>\n<h3>Type SOLIDAIRE<\/h3>\n<p><strong>Calpa <\/strong><br \/> Objectifs: Coordination de soutien aux luttes du peuple argentin.<br \/> Contact: Adresse: 21 ter, rue Voltaire, 75011 Paris Tel : 01 43 72 15 73<br \/> <a target=\"_blank\" href=\"http:\/\/www.calpa-paris.org\/\">SITE INTERNET<\/a><\/p>\n<h3>Associations d\u00e9di\u00e9s au TANGO&nbsp;<\/h3>\n<p><strong>Les Amis du Tango<\/strong><br \/> 04.93.62.15.99<br \/> 1 av. Guillaume Apollinaire 06000 Nice<\/p>\n<p><strong>La Mordida du port<\/strong><br \/> Promouvoir le tango argentin. Marseille&nbsp;<\/p>\n<p><strong>Les trottoirs de Marseille<\/strong><br \/> 04.91.48.09.29<br \/> 18 rue de Lodi 13006 Marseille&nbsp;<\/p>\n<p><strong>Tango de Soie<\/strong><br \/> 04.78.39.24.93<br \/> 41 rue Leynaud 69001 Lyon <a target=\"_blank\" href=\"http:\/\/www.tangodesoie.net\/\">Site Internet<\/a><\/p>\n<p><strong>Les Allum\u00e9s du Tango<\/strong><br \/> Nantes&nbsp;<a href=\"javascript:void(0)\/*302*\/\">Site Internet<\/a><\/p>\n<p><strong>Les Barjos du Tango<\/strong><br \/> Le Mans&nbsp;&nbsp;&nbsp;&nbsp;<\/p>\n<p><strong>Tango Argentin \u00e0 Lille<\/strong><br \/> <a target=\"_blank\" href=\"http:\/\/tango.tango.free.fr\/index\">Site Internet<\/a><\/p>\n<p><strong>Braise Tango<\/strong> Rennes&nbsp;<\/p>\n<p><strong>Tanguendo Ibos<\/strong> Tarbes <a target=\"_blank\" href=\"http:\/\/s375312705.onlinehome.fr\/\">Site Internet<\/a><\/p>\n<p><strong>Association Les Fondus du Tango<\/strong><br \/> 04 79 68 77 06<br \/> Myriam Jeandet 21 Place Monge 73000 Chambery<\/p>\n<p><strong>Association Tango Tango<\/strong><br \/> 04 76 72 01 82 95<br \/> Galerie de l&rsquo;Arlequin 38100 Grenoble<\/p>\n<p><strong>Association Tango Soleado<\/strong><br \/> Alain Figuier 04 76 21 77 66<br \/> Villa des Alpes 5 Rue Doyen Gosse 38700 LA TRONCHE<\/p>\n<p><strong>Association Tango de Soie<\/strong><br \/> 04 78 39 24 93<br \/> 22 rue Ornano 69001 Lyon<\/p>\n<p><strong>Association Tangoneon<\/strong><br \/> Eric &amp; Arlette T\u00e9l Fax : 04 79 28 22 93<br \/> Maison ronde Lachat 73190 Apremont<\/p>\n<p><strong>Association Corazon de Tango<\/strong><br \/> 04 75 84 46 49<br \/> Chemin des \u00e9coliers Le Verger 26800 Montoison<\/p>\n<p><strong>Association Tango Passion<\/strong><br \/> Catherine Dandel 04 92 57 94 80<br \/> Mairie 05000 Pelleautier<\/p>\n<p><strong>Le temps du Tango<\/strong><br \/> Paris&nbsp;<\/p>\n<p><strong>Tours tango<\/strong><br \/>Pr\u00e9sidente : Am\u00e9lie Martin-Ramboz 06 61 78 11 14<br \/>37000 &#8211; Tours &nbsp;<br \/><a href=\"http:\/\/www.tours-tango.org\/\" target=\"_blank\">www.tours-tango.org<\/a><\/p>\n<p>&nbsp;<\/p>\n<div class=\"titre ambassade assos\">En BELGIQUE<\/div>\n<h3>Type CULTURELLE<\/h3>\n<p><strong>Association Socio-Culturelle Uruguay &#8211; Argentine<\/strong><br \/> Objectifs: Contact: Adresse: 42 Bd du Midi &#8211; 1000 Bruxelles Tel : (02) 512 93 20&nbsp;<\/p>\n<p>&nbsp;<\/p>\n","protected":false},"excerpt":{"rendered":"<p>Les associations culturelles\/humanitaires argentines en France et en Belgique. En FRANCE Type HUMANITAIRE Oxyg\u00e8ne Plus Objectifs: Venir en aide aux [&hellip;]<\/p>\n","protected":false},"author":3,"featured_media":0,"parent":39,"menu_order":0,"comment_status":"closed","ping_status":"closed","template":"","meta":{"site-sidebar-layout":"default","site-content-layout":"","ast-site-content-layout":"default","site-content-style":"default","site-sidebar-style":"default","ast-global-header-display":"","ast-banner-title-visibility":"","ast-main-header-display":"","ast-hfb-above-header-display":"","ast-hfb-below-header-display":"","ast-hfb-mobile-header-display":"","site-post-title":"","ast-breadcrumbs-content":"","ast-featured-img":"","footer-sml-layout":"","ast-disable-related-posts":"","theme-transparent-header-meta":"","adv-header-id-meta":"","stick-header-meta":"","header-above-stick-meta":"","header-main-stick-meta":"","header-below-stick-meta":"","astra-migrate-meta-layouts":"default","ast-page-background-enabled":"default","ast-page-background-meta":{"desktop":{"background-color":"var(--ast-global-color-5)","background-image":"","background-repeat":"repeat","background-position":"center center","background-size":"auto","background-attachment":"scroll","background-type":"","background-media":"","overlay-type":"","overlay-color":"","overlay-opacity":"","overlay-gradient":""},"tablet":{"background-color":"","background-image":"","background-repeat":"repeat","background-position":"center center","background-size":"auto","background-attachment":"scroll","background-type":"","background-media":"","overlay-type":"","overlay-color":"","overlay-opacity":"","overlay-gradient":""},"mobile":{"background-color":"","background-image":"","background-repeat":"repeat","background-position":"center center","background-size":"auto","background-attachment":"scroll","background-type":"","background-media":"","overlay-type":"","overlay-color":"","overlay-opacity":"","overlay-gradient":""}},"ast-content-background-meta":{"desktop":{"background-color":"var(--ast-global-color-4)","background-image":"","background-repeat":"repeat","background-position":"center center","background-size":"auto","background-attachment":"scroll","background-type":"","background-media":"","overlay-type":"","overlay-color":"","overlay-opacity":"","overlay-gradient":""},"tablet":{"background-color":"var(--ast-global-color-4)","background-image":"","background-repeat":"repeat","background-position":"center center","background-size":"auto","background-attachment":"scroll","background-type":"","background-media":"","overlay-type":"","overlay-color":"","overlay-opacity":"","overlay-gradient":""},"mobile":{"background-color":"var(--ast-global-color-4)","background-image":"","background-repeat":"repeat","background-position":"center center","background-size":"auto","background-attachment":"scroll","background-type":"","background-media":"","overlay-type":"","overlay-color":"","overlay-opacity":"","overlay-gradient":""}},"footnotes":""},"class_list":["post-56","page","type-page","status-publish","hentry"],"yoast_head":"<!-- This site is optimized with the Yoast SEO plugin v27.5 - https:\/\/yoast.com\/product\/yoast-seo-wordpress\/ -->\n<title>Les ASSOCIATIONS - Abc-latina<\/title>\n<meta name=\"description\" content=\"Les associations en faveur de l&#039;Argentine dans les pays francophones.\" \/>\n<meta name=\"robots\" content=\"index, follow, max-snippet:-1, max-image-preview:large, max-video-preview:-1\" \/>\n<link rel=\"canonical\" href=\"https:\/\/abc-latina.com\/argentine\/assos\/\" \/>\n<meta property=\"og:locale\" content=\"fr_FR\" \/>\n<meta property=\"og:type\" content=\"article\" \/>\n<meta property=\"og:title\" content=\"Les ASSOCIATIONS - Abc-latina\" \/>\n<meta property=\"og:description\" content=\"Les associations en faveur de l&#039;Argentine dans les pays francophones.\" \/>\n<meta property=\"og:url\" content=\"https:\/\/abc-latina.com\/argentine\/assos\/\" \/>\n<meta property=\"og:site_name\" content=\"Abc-latina\" \/>\n<meta property=\"article:modified_time\" content=\"2026-04-30T16:24:43+00:00\" \/>\n<meta name=\"twitter:card\" content=\"summary_large_image\" \/>\n<meta name=\"twitter:label1\" content=\"Dur\u00e9e de lecture estim\u00e9e\" \/>\n\t<meta name=\"twitter:data1\" content=\"2 minutes\" \/>\n<script type=\"application\/ld+json\" class=\"yoast-schema-graph\">{\"@context\":\"https:\\\/\\\/schema.org\",\"@graph\":[{\"@type\":\"WebPage\",\"@id\":\"https:\\\/\\\/abc-latina.com\\\/argentine\\\/assos\\\/\",\"url\":\"https:\\\/\\\/abc-latina.com\\\/argentine\\\/assos\\\/\",\"name\":\"Les ASSOCIATIONS - Abc-latina\",\"isPartOf\":{\"@id\":\"https:\\\/\\\/abc-latina.com\\\/#website\"},\"datePublished\":\"2010-05-31T23:04:54+00:00\",\"dateModified\":\"2026-04-30T16:24:43+00:00\",\"description\":\"Les associations en faveur de l'Argentine dans les pays francophones.\",\"breadcrumb\":{\"@id\":\"https:\\\/\\\/abc-latina.com\\\/argentine\\\/assos\\\/#breadcrumb\"},\"inLanguage\":\"fr-FR\",\"potentialAction\":[{\"@type\":\"ReadAction\",\"target\":[\"https:\\\/\\\/abc-latina.com\\\/argentine\\\/assos\\\/\"]}]},{\"@type\":\"BreadcrumbList\",\"@id\":\"https:\\\/\\\/abc-latina.com\\\/argentine\\\/assos\\\/#breadcrumb\",\"itemListElement\":[{\"@type\":\"ListItem\",\"position\":1,\"name\":\"Accueil\",\"item\":\"https:\\\/\\\/abc-latina.com\\\/\"},{\"@type\":\"ListItem\",\"position\":2,\"name\":\"Les ASSOCIATIONS\"}]},{\"@type\":\"WebSite\",\"@id\":\"https:\\\/\\\/abc-latina.com\\\/#website\",\"url\":\"https:\\\/\\\/abc-latina.com\\\/\",\"name\":\"Abc-latina\",\"description\":\"\",\"publisher\":{\"@id\":\"https:\\\/\\\/abc-latina.com\\\/#organization\"},\"potentialAction\":[{\"@type\":\"SearchAction\",\"target\":{\"@type\":\"EntryPoint\",\"urlTemplate\":\"https:\\\/\\\/abc-latina.com\\\/?s={search_term_string}\"},\"query-input\":{\"@type\":\"PropertyValueSpecification\",\"valueRequired\":true,\"valueName\":\"search_term_string\"}}],\"inLanguage\":\"fr-FR\"},{\"@type\":\"Organization\",\"@id\":\"https:\\\/\\\/abc-latina.com\\\/#organization\",\"name\":\"Abc-latina\",\"url\":\"https:\\\/\\\/abc-latina.com\\\/\",\"logo\":{\"@type\":\"ImageObject\",\"inLanguage\":\"fr-FR\",\"@id\":\"https:\\\/\\\/abc-latina.com\\\/#\\\/schema\\\/logo\\\/image\\\/\",\"url\":\"https:\\\/\\\/abc-latina.com\\\/wp-content\\\/uploads\\\/2026\\\/05\\\/cropped-logo.gif\",\"contentUrl\":\"https:\\\/\\\/abc-latina.com\\\/wp-content\\\/uploads\\\/2026\\\/05\\\/cropped-logo.gif\",\"width\":89,\"height\":84,\"caption\":\"Abc-latina\"},\"image\":{\"@id\":\"https:\\\/\\\/abc-latina.com\\\/#\\\/schema\\\/logo\\\/image\\\/\"}}]}<\/script>\n<!-- \/ Yoast SEO plugin. -->","yoast_head_json":{"title":"Les ASSOCIATIONS - Abc-latina","description":"Les associations en faveur de l'Argentine dans les pays francophones.","robots":{"index":"index","follow":"follow","max-snippet":"max-snippet:-1","max-image-preview":"max-image-preview:large","max-video-preview":"max-video-preview:-1"},"canonical":"https:\/\/abc-latina.com\/argentine\/assos\/","og_locale":"fr_FR","og_type":"article","og_title":"Les ASSOCIATIONS - Abc-latina","og_description":"Les associations en faveur de l'Argentine dans les pays francophones.","og_url":"https:\/\/abc-latina.com\/argentine\/assos\/","og_site_name":"Abc-latina","article_modified_time":"2026-04-30T16:24:43+00:00","twitter_card":"summary_large_image","twitter_misc":{"Dur\u00e9e de lecture estim\u00e9e":"2 minutes"},"schema":{"@context":"https:\/\/schema.org","@graph":[{"@type":"WebPage","@id":"https:\/\/abc-latina.com\/argentine\/assos\/","url":"https:\/\/abc-latina.com\/argentine\/assos\/","name":"Les ASSOCIATIONS - Abc-latina","isPartOf":{"@id":"https:\/\/abc-latina.com\/#website"},"datePublished":"2010-05-31T23:04:54+00:00","dateModified":"2026-04-30T16:24:43+00:00","description":"Les associations en faveur de l'Argentine dans les pays francophones.","breadcrumb":{"@id":"https:\/\/abc-latina.com\/argentine\/assos\/#breadcrumb"},"inLanguage":"fr-FR","potentialAction":[{"@type":"ReadAction","target":["https:\/\/abc-latina.com\/argentine\/assos\/"]}]},{"@type":"BreadcrumbList","@id":"https:\/\/abc-latina.com\/argentine\/assos\/#breadcrumb","itemListElement":[{"@type":"ListItem","position":1,"name":"Accueil","item":"https:\/\/abc-latina.com\/"},{"@type":"ListItem","position":2,"name":"Les ASSOCIATIONS"}]},{"@type":"WebSite","@id":"https:\/\/abc-latina.com\/#website","url":"https:\/\/abc-latina.com\/","name":"Abc-latina","description":"","publisher":{"@id":"https:\/\/abc-latina.com\/#organization"},"potentialAction":[{"@type":"SearchAction","target":{"@type":"EntryPoint","urlTemplate":"https:\/\/abc-latina.com\/?s={search_term_string}"},"query-input":{"@type":"PropertyValueSpecification","valueRequired":true,"valueName":"search_term_string"}}],"inLanguage":"fr-FR"},{"@type":"Organization","@id":"https:\/\/abc-latina.com\/#organization","name":"Abc-latina","url":"https:\/\/abc-latina.com\/","logo":{"@type":"ImageObject","inLanguage":"fr-FR","@id":"https:\/\/abc-latina.com\/#\/schema\/logo\/image\/","url":"https:\/\/abc-latina.com\/wp-content\/uploads\/2026\/05\/cropped-logo.gif","contentUrl":"https:\/\/abc-latina.com\/wp-content\/uploads\/2026\/05\/cropped-logo.gif","width":89,"height":84,"caption":"Abc-latina"},"image":{"@id":"https:\/\/abc-latina.com\/#\/schema\/logo\/image\/"}}]}},"_links":{"self":[{"href":"https:\/\/abc-latina.com\/wp-json\/wp\/v2\/pages\/56","targetHints":{"allow":["GET"]}}],"collection":[{"href":"https:\/\/abc-latina.com\/wp-json\/wp\/v2\/pages"}],"about":[{"href":"https:\/\/abc-latina.com\/wp-json\/wp\/v2\/types\/page"}],"author":[{"embeddable":true,"href":"https:\/\/abc-latina.com\/wp-json\/wp\/v2\/users\/3"}],"replies":[{"embeddable":true,"href":"https:\/\/abc-latina.com\/wp-json\/wp\/v2\/comments?post=56"}],"version-history":[{"count":1,"href":"https:\/\/abc-latina.com\/wp-json\/wp\/v2\/pages\/56\/revisions"}],"predecessor-version":[{"id":3039,"href":"https:\/\/abc-latina.com\/wp-json\/wp\/v2\/pages\/56\/revisions\/3039"}],"up":[{"embeddable":true,"href":"https:\/\/abc-latina.com\/wp-json\/wp\/v2\/pages\/39"}],"wp:attachment":[{"href":"https:\/\/abc-latina.com\/wp-json\/wp\/v2\/media?parent=56"}],"curies":[{"name":"wp","href":"https:\/\/api.w.org\/{rel}","templated":true}]}}