{"id":58,"date":"2010-06-01T01:09:34","date_gmt":"2010-05-31T23:09:34","guid":{"rendered":"http:\/\/abc-latina.com\/bariloche-htm\/"},"modified":"2026-04-30T18:24:44","modified_gmt":"2026-04-30T16:24:44","slug":"bariloche","status":"publish","type":"page","link":"https:\/\/abc-latina.com\/argentine\/bariloche\/","title":{"rendered":"BARILOCHE"},"content":{"rendered":"<p><img loading=\"lazy\" decoding=\"async\" class=\" size-full wp-image-57\" src=\"http:\/\/abc-latina.com\/wp-content\/uploads\/2010\/06\/bariloche_2.jpg\" title=\"VOYAGE \u00e0 BARILOCHE\" alt=\"VOYAGE \u00e0 BARILOCHE\" width=\"480\" height=\"321\" srcset=\"https:\/\/abc-latina.com\/wp-content\/uploads\/2010\/06\/bariloche_2.jpg 620w, https:\/\/abc-latina.com\/wp-content\/uploads\/2010\/06\/bariloche_2-300x200.jpg 300w\" sizes=\"auto, (max-width: 480px) 100vw, 480px\" \/><\/p>\n<p><span class=\"tourisme-chapitre\">Bariloche<\/span>, pour les&nbsp;latino-Am\u00e9ricains, est synonyme de ski, de sports de montagne, entre les sommets enneig\u00e9s et les lacs magnifiques des Andes du Sud, \u00e0 1650 km de Buenos Aires. Mais Bariloche n&rsquo;est pas seulement une station de <a href=\"https:\/\/www.abc-latina.com\/argentine\/tourisme\/sports-hiver.php\">sports d&rsquo;hiver<\/a> ; c&rsquo;est la ville principale du Parc National Nahuel Huapi, l&rsquo;un des plus formidables ensembles de lacs, de for\u00eats et de montagnes, qui \u00e9merveillera les voyageurs, quelle que soit la saison de l&rsquo;ann\u00e9e.<\/p>\n<p>Le sentier du Cerro Lopez, o\u00f9 en \u00e9t\u00e9 il est possible d&rsquo;escalader la montagne et de passer la nuit dans le refuge du Club andin. Par temps clair, le Cerro offre une vue magnifique sur le lac et les sommets de la cordill\u00e8re des Andes, jusqu&rsquo;au <a target=\"_blank\" href=\"https:\/\/www.abc-latina.com\/chili\/\">Chili<\/a>. On peut \u00e9galement faire des excursions d&rsquo;une journ\u00e9e de Bariloche au Cerro Tronador, au Cerro Catedral, au Cerro Otto, ou encore aux chutes de Los Cesares. La r\u00e9gion est fameuse pour la <a href=\"https:\/\/www.abc-latina.com\/argentine\/tourisme\/peche_sportive.php\">p\u00eache<\/a> \u00e0 la truite, de novembre \u00e0 mars, et ses lacs accueillent navigateurs et v\u00e9liplanchistes.<br \/>La route dite des sept lacs serpente le long de la fronti\u00e8re chilienne dans un d\u00e9cor des plus somptueux. Elle conduit \u00e0 la petite ville de San Martin de los Andes, point de ralliement de nombreux randonneurs et campeurs. <br \/>Le Paseo Cordoba traverse la province de <a target=\"_blank\" href=\"https:\/\/www.abc-latina.com\/argentine\/tour_operateur\"><img loading=\"lazy\" decoding=\"async\" class=\" alignright size-full wp-image-41\" style=\"margin: 5px; float: right;\" src=\"http:\/\/abc-latina.com\/wp-content\/uploads\/2010\/04\/timbre_to.gif\" alt=\"\" width=\"125\" height=\"90\" \/><\/a>Neuquen, moins verdoyante de par la proximit\u00e9 des plaines Patagonnes o\u00f9 nombre d&rsquo;estanciasde la r\u00e9gion sont encore dirig\u00e9es par des Anglais qui emploient des <a href=\"https:\/\/www.abc-latina.com\/argentine\/div\/gaucho\">gauchos<\/a> au visage burin\u00e9 et portant poncho, couteau et bombachas.<br \/>Dans la vall\u00e9e de Cholila, se trouve la localit\u00e9 d&rsquo;Esquel, fond\u00e9e par des Gallois, et maintenant le point de d\u00e9part des visites du parc national de Los Alerces et la porte de la vall\u00e9e de Chubut.<\/p>\n<p>&nbsp;<\/p>\n<p><img loading=\"lazy\" decoding=\"async\" class=\" size-full wp-image-46\" src=\"http:\/\/abc-latina.com\/wp-content\/uploads\/2010\/04\/pages-associes.gif\" alt=\"\" width=\"120\" height=\"10\" \/><br \/><a href=\"https:\/\/www.abc-latina.com\/argentine\/photos\/photos_bariloche\">Photos de Bariloche<\/a><\/p>\n<h3>Pr\u00e9parez votre voyage \u00e0 Bariloche:<\/h3>\n<div><a href=\"https:\/\/www.abc-latina.com\/argentine\/agence_de_voyages\">Agences de voyage g\u00e9n\u00e9ralistes et discounteurs<\/a><\/div>\n<div><a href=\"https:\/\/www.abc-latina.com\/argentine\/tour_operateur\">Tours Op\u00e9rateurs sp\u00e9cialistes de l&rsquo;Argentine<\/a><\/div>\n<div><a target=\"_blank\" href=\"https:\/\/www.abc-latina.com\/to\/reservation_billet_avion\">R\u00e9servez votre billet d&rsquo;avion<\/a><\/div>\n<div><a target=\"_blank\" href=\"hotels\">R\u00e9servez votre h\u00f4tel \u00e0 Bariloche<\/a>&nbsp;<\/div>\n<div><a target=\"_blank\" href=\"https:\/\/www.abc-latina.com\/to\/location_de_voiture_argentine\">Location de voiture<\/a><\/div>\n<p>&nbsp;<\/p>\n<div id=\"cont_f95ebba205d6683bb13c1f335fcf8a65\"><span id=\"h_f95ebba205d6683bb13c1f335fcf8a65\">Meteo San Carlos de Bariloche<\/span><script type=\"text\/javascript\" src=\"http:\/\/www.tameteo.com\/wid_loader\/f95ebba205d6683bb13c1f335fcf8a65\"><\/script><\/div>\n<div>&nbsp;<\/div>\n","protected":false},"excerpt":{"rendered":"<p>Bariloche, pour les&nbsp;latino-Am\u00e9ricains, est synonyme de ski, de sports de montagne, entre les sommets enneig\u00e9s et les lacs magnifiques des [&hellip;]<\/p>\n","protected":false},"author":3,"featured_media":57,"parent":39,"menu_order":0,"comment_status":"closed","ping_status":"closed","template":"","meta":{"site-sidebar-layout":"default","site-content-layout":"","ast-site-content-layout":"default","site-content-style":"default","site-sidebar-style":"default","ast-global-header-display":"","ast-banner-title-visibility":"","ast-main-header-display":"","ast-hfb-above-header-display":"","ast-hfb-below-header-display":"","ast-hfb-mobile-header-display":"","site-post-title":"","ast-breadcrumbs-content":"","ast-featured-img":"","footer-sml-layout":"","ast-disable-related-posts":"","theme-transparent-header-meta":"","adv-header-id-meta":"","stick-header-meta":"","header-above-stick-meta":"","header-main-stick-meta":"","header-below-stick-meta":"","astra-migrate-meta-layouts":"default","ast-page-background-enabled":"default","ast-page-background-meta":{"desktop":{"background-color":"var(--ast-global-color-5)","background-image":"","background-repeat":"repeat","background-position":"center center","background-size":"auto","background-attachment":"scroll","background-type":"","background-media":"","overlay-type":"","overlay-color":"","overlay-opacity":"","overlay-gradient":""},"tablet":{"background-color":"","background-image":"","background-repeat":"repeat","background-position":"center center","background-size":"auto","background-attachment":"scroll","background-type":"","background-media":"","overlay-type":"","overlay-color":"","overlay-opacity":"","overlay-gradient":""},"mobile":{"background-color":"","background-image":"","background-repeat":"repeat","background-position":"center center","background-size":"auto","background-attachment":"scroll","background-type":"","background-media":"","overlay-type":"","overlay-color":"","overlay-opacity":"","overlay-gradient":""}},"ast-content-background-meta":{"desktop":{"background-color":"var(--ast-global-color-4)","background-image":"","background-repeat":"repeat","background-position":"center center","background-size":"auto","background-attachment":"scroll","background-type":"","background-media":"","overlay-type":"","overlay-color":"","overlay-opacity":"","overlay-gradient":""},"tablet":{"background-color":"var(--ast-global-color-4)","background-image":"","background-repeat":"repeat","background-position":"center center","background-size":"auto","background-attachment":"scroll","background-type":"","background-media":"","overlay-type":"","overlay-color":"","overlay-opacity":"","overlay-gradient":""},"mobile":{"background-color":"var(--ast-global-color-4)","background-image":"","background-repeat":"repeat","background-position":"center center","background-size":"auto","background-attachment":"scroll","background-type":"","background-media":"","overlay-type":"","overlay-color":"","overlay-opacity":"","overlay-gradient":""}},"footnotes":""},"class_list":["post-58","page","type-page","status-publish","has-post-thumbnail","hentry"],"yoast_head":"<!-- This site is optimized with the Yoast SEO plugin v27.5 - https:\/\/yoast.com\/product\/yoast-seo-wordpress\/ -->\n<title>BARILOCHE - Abc-latina<\/title>\n<meta name=\"description\" content=\"Bariloche, pour les latino-Am\u00e9ricains, est synonyme de ski, de sports de montagne, entre les sommets enneig\u00e9s et les lacs magnifiques des Andes du Sud.\" \/>\n<meta name=\"robots\" content=\"index, follow, max-snippet:-1, max-image-preview:large, max-video-preview:-1\" \/>\n<link rel=\"canonical\" href=\"https:\/\/abc-latina.com\/argentine\/bariloche\/\" \/>\n<meta property=\"og:locale\" content=\"fr_FR\" \/>\n<meta property=\"og:type\" content=\"article\" \/>\n<meta property=\"og:title\" content=\"BARILOCHE - Abc-latina\" \/>\n<meta property=\"og:description\" content=\"Bariloche, pour les latino-Am\u00e9ricains, est synonyme de ski, de sports de montagne, entre les sommets enneig\u00e9s et les lacs magnifiques des Andes du Sud.\" \/>\n<meta property=\"og:url\" content=\"https:\/\/abc-latina.com\/argentine\/bariloche\/\" \/>\n<meta property=\"og:site_name\" content=\"Abc-latina\" \/>\n<meta property=\"article:modified_time\" content=\"2026-04-30T16:24:44+00:00\" \/>\n<meta property=\"og:image\" content=\"https:\/\/abc-latina.com\/wp-content\/uploads\/2010\/06\/bariloche_2.jpg\" \/>\n\t<meta property=\"og:image:width\" content=\"620\" \/>\n\t<meta property=\"og:image:height\" content=\"414\" \/>\n\t<meta property=\"og:image:type\" content=\"image\/jpeg\" \/>\n<meta name=\"twitter:card\" content=\"summary_large_image\" \/>\n<meta name=\"twitter:label1\" content=\"Dur\u00e9e de lecture estim\u00e9e\" \/>\n\t<meta name=\"twitter:data1\" content=\"2 minutes\" \/>\n<script type=\"application\/ld+json\" class=\"yoast-schema-graph\">{\"@context\":\"https:\\\/\\\/schema.org\",\"@graph\":[{\"@type\":\"WebPage\",\"@id\":\"https:\\\/\\\/abc-latina.com\\\/argentine\\\/bariloche\\\/\",\"url\":\"https:\\\/\\\/abc-latina.com\\\/argentine\\\/bariloche\\\/\",\"name\":\"BARILOCHE - Abc-latina\",\"isPartOf\":{\"@id\":\"https:\\\/\\\/abc-latina.com\\\/#website\"},\"primaryImageOfPage\":{\"@id\":\"https:\\\/\\\/abc-latina.com\\\/argentine\\\/bariloche\\\/#primaryimage\"},\"image\":{\"@id\":\"https:\\\/\\\/abc-latina.com\\\/argentine\\\/bariloche\\\/#primaryimage\"},\"thumbnailUrl\":\"https:\\\/\\\/abc-latina.com\\\/wp-content\\\/uploads\\\/2010\\\/06\\\/bariloche_2.jpg\",\"datePublished\":\"2010-05-31T23:09:34+00:00\",\"dateModified\":\"2026-04-30T16:24:44+00:00\",\"description\":\"Bariloche, pour les latino-Am\u00e9ricains, est synonyme de ski, de sports de montagne, entre les sommets enneig\u00e9s et les lacs magnifiques des Andes du Sud.\",\"breadcrumb\":{\"@id\":\"https:\\\/\\\/abc-latina.com\\\/argentine\\\/bariloche\\\/#breadcrumb\"},\"inLanguage\":\"fr-FR\",\"potentialAction\":[{\"@type\":\"ReadAction\",\"target\":[\"https:\\\/\\\/abc-latina.com\\\/argentine\\\/bariloche\\\/\"]}]},{\"@type\":\"ImageObject\",\"inLanguage\":\"fr-FR\",\"@id\":\"https:\\\/\\\/abc-latina.com\\\/argentine\\\/bariloche\\\/#primaryimage\",\"url\":\"https:\\\/\\\/abc-latina.com\\\/wp-content\\\/uploads\\\/2010\\\/06\\\/bariloche_2.jpg\",\"contentUrl\":\"https:\\\/\\\/abc-latina.com\\\/wp-content\\\/uploads\\\/2010\\\/06\\\/bariloche_2.jpg\",\"width\":620,\"height\":414,\"caption\":\"VOYAGE \u00e0 BARILOCHE\"},{\"@type\":\"BreadcrumbList\",\"@id\":\"https:\\\/\\\/abc-latina.com\\\/argentine\\\/bariloche\\\/#breadcrumb\",\"itemListElement\":[{\"@type\":\"ListItem\",\"position\":1,\"name\":\"Accueil\",\"item\":\"https:\\\/\\\/abc-latina.com\\\/\"},{\"@type\":\"ListItem\",\"position\":2,\"name\":\"BARILOCHE\"}]},{\"@type\":\"WebSite\",\"@id\":\"https:\\\/\\\/abc-latina.com\\\/#website\",\"url\":\"https:\\\/\\\/abc-latina.com\\\/\",\"name\":\"Abc-latina\",\"description\":\"\",\"publisher\":{\"@id\":\"https:\\\/\\\/abc-latina.com\\\/#organization\"},\"potentialAction\":[{\"@type\":\"SearchAction\",\"target\":{\"@type\":\"EntryPoint\",\"urlTemplate\":\"https:\\\/\\\/abc-latina.com\\\/?s={search_term_string}\"},\"query-input\":{\"@type\":\"PropertyValueSpecification\",\"valueRequired\":true,\"valueName\":\"search_term_string\"}}],\"inLanguage\":\"fr-FR\"},{\"@type\":\"Organization\",\"@id\":\"https:\\\/\\\/abc-latina.com\\\/#organization\",\"name\":\"Abc-latina\",\"url\":\"https:\\\/\\\/abc-latina.com\\\/\",\"logo\":{\"@type\":\"ImageObject\",\"inLanguage\":\"fr-FR\",\"@id\":\"https:\\\/\\\/abc-latina.com\\\/#\\\/schema\\\/logo\\\/image\\\/\",\"url\":\"https:\\\/\\\/abc-latina.com\\\/wp-content\\\/uploads\\\/2026\\\/05\\\/cropped-logo.gif\",\"contentUrl\":\"https:\\\/\\\/abc-latina.com\\\/wp-content\\\/uploads\\\/2026\\\/05\\\/cropped-logo.gif\",\"width\":89,\"height\":84,\"caption\":\"Abc-latina\"},\"image\":{\"@id\":\"https:\\\/\\\/abc-latina.com\\\/#\\\/schema\\\/logo\\\/image\\\/\"}}]}<\/script>\n<!-- \/ Yoast SEO plugin. -->","yoast_head_json":{"title":"BARILOCHE - Abc-latina","description":"Bariloche, pour les latino-Am\u00e9ricains, est synonyme de ski, de sports de montagne, entre les sommets enneig\u00e9s et les lacs magnifiques des Andes du Sud.","robots":{"index":"index","follow":"follow","max-snippet":"max-snippet:-1","max-image-preview":"max-image-preview:large","max-video-preview":"max-video-preview:-1"},"canonical":"https:\/\/abc-latina.com\/argentine\/bariloche\/","og_locale":"fr_FR","og_type":"article","og_title":"BARILOCHE - Abc-latina","og_description":"Bariloche, pour les latino-Am\u00e9ricains, est synonyme de ski, de sports de montagne, entre les sommets enneig\u00e9s et les lacs magnifiques des Andes du Sud.","og_url":"https:\/\/abc-latina.com\/argentine\/bariloche\/","og_site_name":"Abc-latina","article_modified_time":"2026-04-30T16:24:44+00:00","og_image":[{"width":620,"height":414,"url":"https:\/\/abc-latina.com\/wp-content\/uploads\/2010\/06\/bariloche_2.jpg","type":"image\/jpeg"}],"twitter_card":"summary_large_image","twitter_misc":{"Dur\u00e9e de lecture estim\u00e9e":"2 minutes"},"schema":{"@context":"https:\/\/schema.org","@graph":[{"@type":"WebPage","@id":"https:\/\/abc-latina.com\/argentine\/bariloche\/","url":"https:\/\/abc-latina.com\/argentine\/bariloche\/","name":"BARILOCHE - Abc-latina","isPartOf":{"@id":"https:\/\/abc-latina.com\/#website"},"primaryImageOfPage":{"@id":"https:\/\/abc-latina.com\/argentine\/bariloche\/#primaryimage"},"image":{"@id":"https:\/\/abc-latina.com\/argentine\/bariloche\/#primaryimage"},"thumbnailUrl":"https:\/\/abc-latina.com\/wp-content\/uploads\/2010\/06\/bariloche_2.jpg","datePublished":"2010-05-31T23:09:34+00:00","dateModified":"2026-04-30T16:24:44+00:00","description":"Bariloche, pour les latino-Am\u00e9ricains, est synonyme de ski, de sports de montagne, entre les sommets enneig\u00e9s et les lacs magnifiques des Andes du Sud.","breadcrumb":{"@id":"https:\/\/abc-latina.com\/argentine\/bariloche\/#breadcrumb"},"inLanguage":"fr-FR","potentialAction":[{"@type":"ReadAction","target":["https:\/\/abc-latina.com\/argentine\/bariloche\/"]}]},{"@type":"ImageObject","inLanguage":"fr-FR","@id":"https:\/\/abc-latina.com\/argentine\/bariloche\/#primaryimage","url":"https:\/\/abc-latina.com\/wp-content\/uploads\/2010\/06\/bariloche_2.jpg","contentUrl":"https:\/\/abc-latina.com\/wp-content\/uploads\/2010\/06\/bariloche_2.jpg","width":620,"height":414,"caption":"VOYAGE \u00e0 BARILOCHE"},{"@type":"BreadcrumbList","@id":"https:\/\/abc-latina.com\/argentine\/bariloche\/#breadcrumb","itemListElement":[{"@type":"ListItem","position":1,"name":"Accueil","item":"https:\/\/abc-latina.com\/"},{"@type":"ListItem","position":2,"name":"BARILOCHE"}]},{"@type":"WebSite","@id":"https:\/\/abc-latina.com\/#website","url":"https:\/\/abc-latina.com\/","name":"Abc-latina","description":"","publisher":{"@id":"https:\/\/abc-latina.com\/#organization"},"potentialAction":[{"@type":"SearchAction","target":{"@type":"EntryPoint","urlTemplate":"https:\/\/abc-latina.com\/?s={search_term_string}"},"query-input":{"@type":"PropertyValueSpecification","valueRequired":true,"valueName":"search_term_string"}}],"inLanguage":"fr-FR"},{"@type":"Organization","@id":"https:\/\/abc-latina.com\/#organization","name":"Abc-latina","url":"https:\/\/abc-latina.com\/","logo":{"@type":"ImageObject","inLanguage":"fr-FR","@id":"https:\/\/abc-latina.com\/#\/schema\/logo\/image\/","url":"https:\/\/abc-latina.com\/wp-content\/uploads\/2026\/05\/cropped-logo.gif","contentUrl":"https:\/\/abc-latina.com\/wp-content\/uploads\/2026\/05\/cropped-logo.gif","width":89,"height":84,"caption":"Abc-latina"},"image":{"@id":"https:\/\/abc-latina.com\/#\/schema\/logo\/image\/"}}]}},"_links":{"self":[{"href":"https:\/\/abc-latina.com\/wp-json\/wp\/v2\/pages\/58","targetHints":{"allow":["GET"]}}],"collection":[{"href":"https:\/\/abc-latina.com\/wp-json\/wp\/v2\/pages"}],"about":[{"href":"https:\/\/abc-latina.com\/wp-json\/wp\/v2\/types\/page"}],"author":[{"embeddable":true,"href":"https:\/\/abc-latina.com\/wp-json\/wp\/v2\/users\/3"}],"replies":[{"embeddable":true,"href":"https:\/\/abc-latina.com\/wp-json\/wp\/v2\/comments?post=58"}],"version-history":[{"count":1,"href":"https:\/\/abc-latina.com\/wp-json\/wp\/v2\/pages\/58\/revisions"}],"predecessor-version":[{"id":3040,"href":"https:\/\/abc-latina.com\/wp-json\/wp\/v2\/pages\/58\/revisions\/3040"}],"up":[{"embeddable":true,"href":"https:\/\/abc-latina.com\/wp-json\/wp\/v2\/pages\/39"}],"wp:featuredmedia":[{"embeddable":true,"href":"https:\/\/abc-latina.com\/wp-json\/wp\/v2\/media\/57"}],"wp:attachment":[{"href":"https:\/\/abc-latina.com\/wp-json\/wp\/v2\/media?parent=58"}],"curies":[{"name":"wp","href":"https:\/\/api.w.org\/{rel}","templated":true}]}}