{"id":67,"date":"2010-06-01T03:13:35","date_gmt":"2010-06-01T01:13:35","guid":{"rendered":"http:\/\/abc-latina.com\/cuisine-htm\/"},"modified":"2026-04-30T18:24:44","modified_gmt":"2026-04-30T16:24:44","slug":"cuisine","status":"publish","type":"page","link":"https:\/\/abc-latina.com\/argentine\/cuisine\/","title":{"rendered":"La CUISINE ARGENTINE"},"content":{"rendered":"<p><img loading=\"lazy\" decoding=\"async\" class=\" alignright size-full wp-image-66\" src=\"http:\/\/abc-latina.com\/wp-content\/uploads\/2010\/06\/cuisine.jpg\" title=\"La CUISINE ARGENTINE\" alt=\"La CUISINE ARGENTINE\" width=\"220\" vspace=\"9\" hspace=\"15\" height=\"220\" align=\"right\" srcset=\"https:\/\/abc-latina.com\/wp-content\/uploads\/2010\/06\/cuisine.jpg 220w, https:\/\/abc-latina.com\/wp-content\/uploads\/2010\/06\/cuisine-150x150.jpg 150w\" sizes=\"auto, (max-width: 220px) 100vw, 220px\" \/>L&rsquo;<span class=\"tourisme-chapitre\">Argentine<\/span> est avant tout le pays du b\u0153uf, la qualit\u00e9 de cette viande est une cons\u00e9quence de celle des p\u00e2turages extensifs de la Pampa, les animaux sont abattus jeunes, de 18 \u00e0 36 mois, ce qui garantit une tendret\u00e9 particuli\u00e8re \u00e0 la viande.<br \/> \tLe mouton est m\u00e9pris\u00e9, sauf en Patagonie, alors que l&rsquo;Argentine dispose d&rsquo;immenses troupeaux et de moutons de pr\u00e9s-sal\u00e9s d&rsquo;une qualit\u00e9 exceptionnelle.<\/p>\n<p>La churrasquer\u00eda est une institution en Argentine. Les plus importantes disposent d&rsquo;un asador, feu de bois dur, sur lequel r\u00f4tissent, \u00e0 la chaleur de la flamme, durant deux heures, le b\u0153uf, les cochons de lait et les chevreaux. Les grillades sont accompagn\u00e9es de salades et souvent d&rsquo;une sauce (chimichurri) \u00e0 l&rsquo;oignon, ail, piment, vinaigre, persil et huile assez relev\u00e9e.<\/p>\n<p>Les empanadas (petits p\u00e2t\u00e9s en cro\u00fbte) sont aussi nombreux qu&rsquo;il y a de provinces argentines. Elles sont au b\u0153uf, au poulet, au fromage, au ma\u00efs, assaisonn\u00e9es \u00e0 l&rsquo;huile d&rsquo;olive, aux tomates, aux poivrons, aux piments, Elles constituent d&rsquo;excellents amuse-gueule ou entr\u00e9es.<\/p>\n<p>Exemple d&rsquo;un plat: le locro est un plat traditionnel longuement mijot\u00e9, mi-soupe, mi-cassoulet, o\u00f9 les grains de ma\u00efs se m\u00e9langent aux haricots blancs. Les viandes vari\u00e9es lui donnent toute sa saveur: queue de b\u0153uf, pied de porc, charque, gras-double, chorizo&#8230; Une sauce relev\u00e9e faite d&rsquo;oignons, de piment, de poivron accompagne le locro.<\/p>\n<p>L&rsquo;Argentine quatri\u00e8me producteur vinicole au monde poss\u00e8de de bons vins, on trouve des cabernets,des merlots, des malbecs, des chablis, des sauvignons, des chardonnays, etc. et m\u00eame du &quot; champagne &quot;.<br \/> \tQuilmes est la marque de bi\u00e8re locale la plus consomm\u00e9e, mais les Argentins consomment volontiers des bi\u00e8res d&rsquo;importation, tel la bi\u00e8re mexicaine Corona.<br \/> \tLe mate, une infusion d&rsquo;herbes m\u00e9dicinales (et parfois de coca), et la boisson typique des Argentins.<br \/> \tLes whiskys et les gins sont \u00e9galement bons.<\/p>\n<p><a href=\"http:\/\/www.restos-latinos.com\/argentine\/\" target=\"_blank\"><span class=\"liens\">Les restaurants argentins en France<\/span><\/a><span class=\"liens\"> &nbsp; <\/span><a href=\"http:\/\/www.restos-latinos.com\/argentine\/restaurant_argentin_en_belgique.php\" target=\"_blank\"><span class=\"liens\">en Belgique<\/span><\/a><span class=\"liens\"> &nbsp; et &nbsp; <\/span><a href=\"http:\/\/www.restos-latinos.com\/argentine\/restaurant_argentin_en_suisse.php\" target=\"_blank\"><span class=\"liens\">en Suisse<\/span><\/a><\/p>\n","protected":false},"excerpt":{"rendered":"<p>L&rsquo;Argentine est avant tout le pays du b\u0153uf, la qualit\u00e9 de cette viande est une cons\u00e9quence de celle des p\u00e2turages [&hellip;]<\/p>\n","protected":false},"author":3,"featured_media":66,"parent":39,"menu_order":0,"comment_status":"closed","ping_status":"closed","template":"","meta":{"site-sidebar-layout":"default","site-content-layout":"","ast-site-content-layout":"default","site-content-style":"default","site-sidebar-style":"default","ast-global-header-display":"","ast-banner-title-visibility":"","ast-main-header-display":"","ast-hfb-above-header-display":"","ast-hfb-below-header-display":"","ast-hfb-mobile-header-display":"","site-post-title":"","ast-breadcrumbs-content":"","ast-featured-img":"","footer-sml-layout":"","ast-disable-related-posts":"","theme-transparent-header-meta":"","adv-header-id-meta":"","stick-header-meta":"","header-above-stick-meta":"","header-main-stick-meta":"","header-below-stick-meta":"","astra-migrate-meta-layouts":"default","ast-page-background-enabled":"default","ast-page-background-meta":{"desktop":{"background-color":"var(--ast-global-color-5)","background-image":"","background-repeat":"repeat","background-position":"center center","background-size":"auto","background-attachment":"scroll","background-type":"","background-media":"","overlay-type":"","overlay-color":"","overlay-opacity":"","overlay-gradient":""},"tablet":{"background-color":"","background-image":"","background-repeat":"repeat","background-position":"center center","background-size":"auto","background-attachment":"scroll","background-type":"","background-media":"","overlay-type":"","overlay-color":"","overlay-opacity":"","overlay-gradient":""},"mobile":{"background-color":"","background-image":"","background-repeat":"repeat","background-position":"center center","background-size":"auto","background-attachment":"scroll","background-type":"","background-media":"","overlay-type":"","overlay-color":"","overlay-opacity":"","overlay-gradient":""}},"ast-content-background-meta":{"desktop":{"background-color":"var(--ast-global-color-4)","background-image":"","background-repeat":"repeat","background-position":"center center","background-size":"auto","background-attachment":"scroll","background-type":"","background-media":"","overlay-type":"","overlay-color":"","overlay-opacity":"","overlay-gradient":""},"tablet":{"background-color":"var(--ast-global-color-4)","background-image":"","background-repeat":"repeat","background-position":"center center","background-size":"auto","background-attachment":"scroll","background-type":"","background-media":"","overlay-type":"","overlay-color":"","overlay-opacity":"","overlay-gradient":""},"mobile":{"background-color":"var(--ast-global-color-4)","background-image":"","background-repeat":"repeat","background-position":"center center","background-size":"auto","background-attachment":"scroll","background-type":"","background-media":"","overlay-type":"","overlay-color":"","overlay-opacity":"","overlay-gradient":""}},"footnotes":""},"class_list":["post-67","page","type-page","status-publish","has-post-thumbnail","hentry"],"yoast_head":"<!-- This site is optimized with the Yoast SEO plugin v27.5 - https:\/\/yoast.com\/product\/yoast-seo-wordpress\/ -->\n<title>La CUISINE ARGENTINE - Abc-latina<\/title>\n<meta name=\"description\" content=\"La cuisine argentine est un apport de diff\u00e9rentes cuisines: espagnole, italienne et basque. L&#039;Argentine est aussi r\u00e9put\u00e9e pour la qualit\u00e9 de sa viande de boeuf.\" \/>\n<meta name=\"robots\" content=\"index, follow, max-snippet:-1, max-image-preview:large, max-video-preview:-1\" \/>\n<link rel=\"canonical\" href=\"https:\/\/abc-latina.com\/argentine\/cuisine\/\" \/>\n<meta property=\"og:locale\" content=\"fr_FR\" \/>\n<meta property=\"og:type\" content=\"article\" \/>\n<meta property=\"og:title\" content=\"La CUISINE ARGENTINE - Abc-latina\" \/>\n<meta property=\"og:description\" content=\"La cuisine argentine est un apport de diff\u00e9rentes cuisines: espagnole, italienne et basque. L&#039;Argentine est aussi r\u00e9put\u00e9e pour la qualit\u00e9 de sa viande de boeuf.\" \/>\n<meta property=\"og:url\" content=\"https:\/\/abc-latina.com\/argentine\/cuisine\/\" \/>\n<meta property=\"og:site_name\" content=\"Abc-latina\" \/>\n<meta property=\"article:modified_time\" content=\"2026-04-30T16:24:44+00:00\" \/>\n<meta property=\"og:image\" content=\"https:\/\/abc-latina.com\/wp-content\/uploads\/2010\/06\/cuisine.jpg\" \/>\n\t<meta property=\"og:image:width\" content=\"220\" \/>\n\t<meta property=\"og:image:height\" content=\"220\" \/>\n\t<meta property=\"og:image:type\" content=\"image\/jpeg\" \/>\n<meta name=\"twitter:card\" content=\"summary_large_image\" \/>\n<meta name=\"twitter:label1\" content=\"Dur\u00e9e de lecture estim\u00e9e\" \/>\n\t<meta name=\"twitter:data1\" content=\"2 minutes\" \/>\n<script type=\"application\/ld+json\" class=\"yoast-schema-graph\">{\"@context\":\"https:\\\/\\\/schema.org\",\"@graph\":[{\"@type\":\"WebPage\",\"@id\":\"https:\\\/\\\/abc-latina.com\\\/argentine\\\/cuisine\\\/\",\"url\":\"https:\\\/\\\/abc-latina.com\\\/argentine\\\/cuisine\\\/\",\"name\":\"La CUISINE ARGENTINE - Abc-latina\",\"isPartOf\":{\"@id\":\"https:\\\/\\\/abc-latina.com\\\/#website\"},\"primaryImageOfPage\":{\"@id\":\"https:\\\/\\\/abc-latina.com\\\/argentine\\\/cuisine\\\/#primaryimage\"},\"image\":{\"@id\":\"https:\\\/\\\/abc-latina.com\\\/argentine\\\/cuisine\\\/#primaryimage\"},\"thumbnailUrl\":\"https:\\\/\\\/abc-latina.com\\\/wp-content\\\/uploads\\\/2010\\\/06\\\/cuisine.jpg\",\"datePublished\":\"2010-06-01T01:13:35+00:00\",\"dateModified\":\"2026-04-30T16:24:44+00:00\",\"description\":\"La cuisine argentine est un apport de diff\u00e9rentes cuisines: espagnole, italienne et basque. L'Argentine est aussi r\u00e9put\u00e9e pour la qualit\u00e9 de sa viande de boeuf.\",\"breadcrumb\":{\"@id\":\"https:\\\/\\\/abc-latina.com\\\/argentine\\\/cuisine\\\/#breadcrumb\"},\"inLanguage\":\"fr-FR\",\"potentialAction\":[{\"@type\":\"ReadAction\",\"target\":[\"https:\\\/\\\/abc-latina.com\\\/argentine\\\/cuisine\\\/\"]}]},{\"@type\":\"ImageObject\",\"inLanguage\":\"fr-FR\",\"@id\":\"https:\\\/\\\/abc-latina.com\\\/argentine\\\/cuisine\\\/#primaryimage\",\"url\":\"https:\\\/\\\/abc-latina.com\\\/wp-content\\\/uploads\\\/2010\\\/06\\\/cuisine.jpg\",\"contentUrl\":\"https:\\\/\\\/abc-latina.com\\\/wp-content\\\/uploads\\\/2010\\\/06\\\/cuisine.jpg\",\"width\":220,\"height\":220,\"caption\":\"La CUISINE ARGENTINE\"},{\"@type\":\"BreadcrumbList\",\"@id\":\"https:\\\/\\\/abc-latina.com\\\/argentine\\\/cuisine\\\/#breadcrumb\",\"itemListElement\":[{\"@type\":\"ListItem\",\"position\":1,\"name\":\"Accueil\",\"item\":\"https:\\\/\\\/abc-latina.com\\\/\"},{\"@type\":\"ListItem\",\"position\":2,\"name\":\"La CUISINE ARGENTINE\"}]},{\"@type\":\"WebSite\",\"@id\":\"https:\\\/\\\/abc-latina.com\\\/#website\",\"url\":\"https:\\\/\\\/abc-latina.com\\\/\",\"name\":\"Abc-latina\",\"description\":\"\",\"publisher\":{\"@id\":\"https:\\\/\\\/abc-latina.com\\\/#organization\"},\"potentialAction\":[{\"@type\":\"SearchAction\",\"target\":{\"@type\":\"EntryPoint\",\"urlTemplate\":\"https:\\\/\\\/abc-latina.com\\\/?s={search_term_string}\"},\"query-input\":{\"@type\":\"PropertyValueSpecification\",\"valueRequired\":true,\"valueName\":\"search_term_string\"}}],\"inLanguage\":\"fr-FR\"},{\"@type\":\"Organization\",\"@id\":\"https:\\\/\\\/abc-latina.com\\\/#organization\",\"name\":\"Abc-latina\",\"url\":\"https:\\\/\\\/abc-latina.com\\\/\",\"logo\":{\"@type\":\"ImageObject\",\"inLanguage\":\"fr-FR\",\"@id\":\"https:\\\/\\\/abc-latina.com\\\/#\\\/schema\\\/logo\\\/image\\\/\",\"url\":\"https:\\\/\\\/abc-latina.com\\\/wp-content\\\/uploads\\\/2026\\\/05\\\/cropped-logo.gif\",\"contentUrl\":\"https:\\\/\\\/abc-latina.com\\\/wp-content\\\/uploads\\\/2026\\\/05\\\/cropped-logo.gif\",\"width\":89,\"height\":84,\"caption\":\"Abc-latina\"},\"image\":{\"@id\":\"https:\\\/\\\/abc-latina.com\\\/#\\\/schema\\\/logo\\\/image\\\/\"}}]}<\/script>\n<!-- \/ Yoast SEO plugin. -->","yoast_head_json":{"title":"La CUISINE ARGENTINE - Abc-latina","description":"La cuisine argentine est un apport de diff\u00e9rentes cuisines: espagnole, italienne et basque. L'Argentine est aussi r\u00e9put\u00e9e pour la qualit\u00e9 de sa viande de boeuf.","robots":{"index":"index","follow":"follow","max-snippet":"max-snippet:-1","max-image-preview":"max-image-preview:large","max-video-preview":"max-video-preview:-1"},"canonical":"https:\/\/abc-latina.com\/argentine\/cuisine\/","og_locale":"fr_FR","og_type":"article","og_title":"La CUISINE ARGENTINE - Abc-latina","og_description":"La cuisine argentine est un apport de diff\u00e9rentes cuisines: espagnole, italienne et basque. L'Argentine est aussi r\u00e9put\u00e9e pour la qualit\u00e9 de sa viande de boeuf.","og_url":"https:\/\/abc-latina.com\/argentine\/cuisine\/","og_site_name":"Abc-latina","article_modified_time":"2026-04-30T16:24:44+00:00","og_image":[{"width":220,"height":220,"url":"https:\/\/abc-latina.com\/wp-content\/uploads\/2010\/06\/cuisine.jpg","type":"image\/jpeg"}],"twitter_card":"summary_large_image","twitter_misc":{"Dur\u00e9e de lecture estim\u00e9e":"2 minutes"},"schema":{"@context":"https:\/\/schema.org","@graph":[{"@type":"WebPage","@id":"https:\/\/abc-latina.com\/argentine\/cuisine\/","url":"https:\/\/abc-latina.com\/argentine\/cuisine\/","name":"La CUISINE ARGENTINE - Abc-latina","isPartOf":{"@id":"https:\/\/abc-latina.com\/#website"},"primaryImageOfPage":{"@id":"https:\/\/abc-latina.com\/argentine\/cuisine\/#primaryimage"},"image":{"@id":"https:\/\/abc-latina.com\/argentine\/cuisine\/#primaryimage"},"thumbnailUrl":"https:\/\/abc-latina.com\/wp-content\/uploads\/2010\/06\/cuisine.jpg","datePublished":"2010-06-01T01:13:35+00:00","dateModified":"2026-04-30T16:24:44+00:00","description":"La cuisine argentine est un apport de diff\u00e9rentes cuisines: espagnole, italienne et basque. L'Argentine est aussi r\u00e9put\u00e9e pour la qualit\u00e9 de sa viande de boeuf.","breadcrumb":{"@id":"https:\/\/abc-latina.com\/argentine\/cuisine\/#breadcrumb"},"inLanguage":"fr-FR","potentialAction":[{"@type":"ReadAction","target":["https:\/\/abc-latina.com\/argentine\/cuisine\/"]}]},{"@type":"ImageObject","inLanguage":"fr-FR","@id":"https:\/\/abc-latina.com\/argentine\/cuisine\/#primaryimage","url":"https:\/\/abc-latina.com\/wp-content\/uploads\/2010\/06\/cuisine.jpg","contentUrl":"https:\/\/abc-latina.com\/wp-content\/uploads\/2010\/06\/cuisine.jpg","width":220,"height":220,"caption":"La CUISINE ARGENTINE"},{"@type":"BreadcrumbList","@id":"https:\/\/abc-latina.com\/argentine\/cuisine\/#breadcrumb","itemListElement":[{"@type":"ListItem","position":1,"name":"Accueil","item":"https:\/\/abc-latina.com\/"},{"@type":"ListItem","position":2,"name":"La CUISINE ARGENTINE"}]},{"@type":"WebSite","@id":"https:\/\/abc-latina.com\/#website","url":"https:\/\/abc-latina.com\/","name":"Abc-latina","description":"","publisher":{"@id":"https:\/\/abc-latina.com\/#organization"},"potentialAction":[{"@type":"SearchAction","target":{"@type":"EntryPoint","urlTemplate":"https:\/\/abc-latina.com\/?s={search_term_string}"},"query-input":{"@type":"PropertyValueSpecification","valueRequired":true,"valueName":"search_term_string"}}],"inLanguage":"fr-FR"},{"@type":"Organization","@id":"https:\/\/abc-latina.com\/#organization","name":"Abc-latina","url":"https:\/\/abc-latina.com\/","logo":{"@type":"ImageObject","inLanguage":"fr-FR","@id":"https:\/\/abc-latina.com\/#\/schema\/logo\/image\/","url":"https:\/\/abc-latina.com\/wp-content\/uploads\/2026\/05\/cropped-logo.gif","contentUrl":"https:\/\/abc-latina.com\/wp-content\/uploads\/2026\/05\/cropped-logo.gif","width":89,"height":84,"caption":"Abc-latina"},"image":{"@id":"https:\/\/abc-latina.com\/#\/schema\/logo\/image\/"}}]}},"_links":{"self":[{"href":"https:\/\/abc-latina.com\/wp-json\/wp\/v2\/pages\/67","targetHints":{"allow":["GET"]}}],"collection":[{"href":"https:\/\/abc-latina.com\/wp-json\/wp\/v2\/pages"}],"about":[{"href":"https:\/\/abc-latina.com\/wp-json\/wp\/v2\/types\/page"}],"author":[{"embeddable":true,"href":"https:\/\/abc-latina.com\/wp-json\/wp\/v2\/users\/3"}],"replies":[{"embeddable":true,"href":"https:\/\/abc-latina.com\/wp-json\/wp\/v2\/comments?post=67"}],"version-history":[{"count":1,"href":"https:\/\/abc-latina.com\/wp-json\/wp\/v2\/pages\/67\/revisions"}],"predecessor-version":[{"id":3049,"href":"https:\/\/abc-latina.com\/wp-json\/wp\/v2\/pages\/67\/revisions\/3049"}],"up":[{"embeddable":true,"href":"https:\/\/abc-latina.com\/wp-json\/wp\/v2\/pages\/39"}],"wp:featuredmedia":[{"embeddable":true,"href":"https:\/\/abc-latina.com\/wp-json\/wp\/v2\/media\/66"}],"wp:attachment":[{"href":"https:\/\/abc-latina.com\/wp-json\/wp\/v2\/media?parent=67"}],"curies":[{"name":"wp","href":"https:\/\/api.w.org\/{rel}","templated":true}]}}