{"id":69,"date":"2010-06-01T03:17:17","date_gmt":"2010-06-01T01:17:17","guid":{"rendered":"http:\/\/abc-latina.com\/economie-htm\/"},"modified":"2026-04-30T18:24:44","modified_gmt":"2026-04-30T16:24:44","slug":"economie","status":"publish","type":"page","link":"https:\/\/abc-latina.com\/argentine\/economie\/","title":{"rendered":"L&rsquo;ECONOMIE ARGENTINE"},"content":{"rendered":"<p><img loading=\"lazy\" decoding=\"async\" class=\" alignright size-full wp-image-68\" src=\"http:\/\/abc-latina.com\/wp-content\/uploads\/2010\/06\/economie.jpg\" title=\"L'ECONOMIE ARGENTINE\" alt=\"L'ECONOMIE ARGENTINE\" width=\"220\" vspace=\"9\" hspace=\"15\" height=\"220\" align=\"right\" srcset=\"https:\/\/abc-latina.com\/wp-content\/uploads\/2010\/06\/economie.jpg 220w, https:\/\/abc-latina.com\/wp-content\/uploads\/2010\/06\/economie-150x150.jpg 150w\" sizes=\"auto, (max-width: 220px) 100vw, 220px\" \/>&nbsp;L&rsquo;<span class=\"tourisme-chapitre\">\u00e9conomie de l&rsquo;Argentine<\/span> est historiquement \u00e0 vocation agricole. L&rsquo;agriculture et les produits agro-alimentaires repr\u00e9sentent aujourd&rsquo;hui 34 % de ses exportations. Troisi\u00e8me producteur mondial de soja, elle est le premier exportateur de biodiesel. Elle produit \u00e9galement du bl\u00e9, du mais, du vin, des agrumes. L&rsquo;\u00e9levage de bovins et l&rsquo;exportation de viande consolident historiquement son activit\u00e9 agricole.<\/p>\n<p><span lang=\"FR\">Sur le plan minier elle exploite ente-autres des mines d&rsquo;or, d&rsquo;argent, de cuivre, de terres rares, mais la productivit\u00e9 et la comp\u00e9titivit\u00e9 sont faibles. Ses ressources \u00e9nerg\u00e9tiques sont importantes mais non encore v\u00e9ritablement exploit\u00e9es. Pr\u00e9s de 50 % de ses besoins en \u00e9lectricit\u00e9 sont fournis par son hydro\u00e9lectricit\u00e9, mais elle est tr\u00e8s d\u00e9pendante en p\u00e9trole et en gaz qu&rsquo;elle doit importer. <o:p><\/o:p><\/span><\/p>\n<p class=\"MsoNormal\"><span lang=\"FR\">Industriellement tr\u00e8s retardataire, l&rsquo;agroalimentaire constitue la composante principale de son industrie apr\u00e8s la construction automobile. Celle-ci \u00e9tant cependant assur\u00e9e par l&rsquo;implantation de groupes occidentaux en particulier fran\u00e7ais.<\/span><span style=\"font-family: Arial, sans-serif;\" lang=\"FR\"> <o:p><\/o:p><\/span><\/p>\n<p class=\"MsoNormal\"><span lang=\"FR\">Dans le secteur des services le tourisme, la t\u00e9l\u00e9phonie, les call centers, les logiciels, sont en plein d\u00e9veloppement depuis quelques ann\u00e9es. Les principaux clients de l&rsquo;Argentine sont les pays du Mercosur&nbsp; &#8211; surtout le <a href=\"https:\/\/www.abc-latina.com\/bresil\/economie\" target=\"_blank\">Br\u00e9sil<\/a> et le <a href=\"https:\/\/www.abc-latina.com\/chili\/economie\" target=\"_blank\">Chili<\/a>, &#8211; la Chine, les Etats-Unis et l&rsquo;Espagne.<\/span><\/p>\n<p class=\"MsoNormal\">Malgr\u00e9 ses atouts&nbsp; l&rsquo;Argentine connait en 2103 une crise due aux conditions internationales difficiles mais \u00e9galement \u00e0 l&rsquo;h\u00e9ritage d&rsquo;un passe politique traditionnellement agit\u00e9 et des difficult\u00e9s financi\u00e8res importantes et a r\u00e9p\u00e9tition. Ces 25 derni\u00e8res ann\u00e9es ont \u00e9t\u00e9 marqu\u00e9es par des \u00e9tapes tr\u00e8s fluctuantes.<\/p>\n<p class=\"MsoNormal\"><span lang=\"FR\">En 1989, apr\u00e8s une crise marqu\u00e9e a la fois par la r\u00e9cession et une hyperinflation Carlos Menem fut \u00e9lu pr\u00e9sident sur un programme social. Mais tr\u00e8s vite il est contraint de s&rsquo;attacher a la r\u00e9solution des probl\u00e8mes \u00e9conomiques. Pour cela il opte pour une politique lib\u00e9rale en privatisant les soci\u00e9t\u00e9s publiques,&nbsp; convertissant le peso \u00e0 parit\u00e9 \u00e9gale avec le dollar, privatisant les retraites. Il participe \u00e0 la cr\u00e9ation du grand march\u00e9 \u00e9conomique sud-am\u00e9ricain le MERCOSUR. Tr\u00e8s vite l&rsquo;inflation est r\u00e9duite a quasiment z\u00e9ro, les capitaux \u00e9trangers affluent, les classes ais\u00e9e et moyenne profitent de cette prosp\u00e9rit\u00e9. Mais les in\u00e9galit\u00e9s se creusent \u00e9norm\u00e9ment, le ch\u00f4mage n&rsquo;est pas vraiment r\u00e9duit voire augmente sous l&rsquo;effet des&nbsp; privatisations, et les retraites voient leur pension consid\u00e9rablement r\u00e9duite. De plus l&rsquo;endettement ext\u00e9rieur du pays augmente de fa\u00e7on importante. Tr\u00e8s d\u00e9pendante de l&rsquo;\u00e9tranger l&rsquo;\u00e9conomie de l&rsquo;Argentine entre en r\u00e9cession a la fin du second mandat de Menem. <o:p><\/o:p><\/span><\/p>\n<p class=\"MsoNormal\"><span lang=\"FR\">Apres quoi le pays va connaitre 3 ann\u00e9es de r\u00e9cession, 5 pr\u00e9sidents, un d\u00e9faut de paiement de 100 milliards de dollars n\u00e9cessitant l&rsquo;intervention du FMI, le recul du PIB de 11 %, une mont\u00e9e du ch\u00f4mage a 20 %.&nbsp; Le tout accompagn\u00e9 de graves r\u00e9voltes populaires. La parit\u00e9 du peso avec le dollar est supprim\u00e9e ce qui fait en revanche remonter en fl\u00e8che l&rsquo;inflation. Des \u00e9lections anticip\u00e9es portent en 2003 <a href=\"https:\/\/www.abc-latina.com\/personnalites\/nestor_kirchner\" target=\"_blank\">Nestor Kirchner<\/a> \u00e0 la pr\u00e9sidence.<o:p><\/o:p><\/span><\/p>\n<p class=\"MsoNormal\"><span lang=\"FR\">Kirchner va profiter d&rsquo;un red\u00e9marrage \u00e9conomique mondial qui commence \u00e0 b\u00e9n\u00e9ficier aux exportations de l&rsquo;Argentine. Pour le jouer a plein il finalise un plan de restructuration qui r\u00e9duit de 70 % les 82 milliards de la dette publique, et il d\u00e9value le peso de 66 %. Parall\u00e8lement certaines&nbsp; importations sont frapp\u00e9es par des premi\u00e8res mesures protectionnistes. Dop\u00e9e par un peso fortement d\u00e9valu\u00e9, par une baisse des&nbsp; importations et un rench\u00e9rissement important des mati\u00e8res premi\u00e8res sur le plan mondial, le solde de la balance commerciale redevient fortement positif. Les taxes sur les exportations et en particulier sur celles du soja permet \u00e0 Kirchner de financer une politique sociale qui voit diminuer par 4 le taux de pauvret\u00e9 du pays durant son mandat.<o:p><\/o:p><\/span><\/p>\n<p class=\"MsoNormal\"><span lang=\"FR\">Sa femme <a href=\"https:\/\/www.abc-latina.com\/personnalites\/cristina_kirchner\" target=\"_blank\">Cristina Fernandez de Kirchner<\/a> est \u00e9lue pr\u00e9sidente en 2007. L&rsquo;assainissement de l&rsquo;\u00e9conomie se poursuit gr\u00e2ce aux recettes de l&rsquo;exportation. Le PIB continue \u00e0 croitre jusqu&rsquo;en 2008 de 8,5 % en moyenne. Mais l&rsquo;inflation end\u00e9mique a bondit par incapacit\u00e9 en particulier de contenir les couts salariaux. Un second plan de restructuration de la dette, analogue a celui r\u00e9alis\u00e9 par Nestor Kirchner, est propose&nbsp; en 2010 aux investisseurs internationaux qui l&rsquo;acceptent \u00e0 une tr\u00e8s large majorit\u00e9. Par le biais d&rsquo;un \u00e9change obligataire et l&rsquo;intervention de sa banque centrale le pays rach\u00e8te sa dette moyennant une d\u00e9cote de 65 % et la restructure ainsi \u00e0 hauteur de 92 %. Des mesures compl\u00e9mentaires de protectionnisme&nbsp; pour limiter les importations sont appliqu\u00e9es. Ainsi que celles visant \u00e0 emp\u00eacher la fuite des capitaux. Mais en 2012, la chute de la demande et du prix des mati\u00e8res premi\u00e8res a mis \u00e0 nouveau le pays sous tension en entrainant un d\u00e9ficit budg\u00e9taire de 4,3 %. En effet, 70 % des taxes&nbsp; portant sur l&rsquo;exportation des produits issus de l&rsquo;agriculture et de l&rsquo;industrie agroalimentaire, l&rsquo;Etat a subit une baisse tr\u00e8s sensible de ses revenus.<\/span><\/p>\n<p class=\"MsoNormal\"><span lang=\"FR\">L&rsquo;Argentine depuis sa faillite de 2003 n&rsquo;a plus recours au march\u00e9 des capitaux pour se financer. Seules les taxes sur les exportations et l&rsquo;\u00e9mission mon\u00e9taire de la banque centrale permettent de le faire. Le poids des taxes est tr\u00e8s important, ce qui procure des tensions&nbsp; avec les professionnels du secteur agricole et agroalimentaire. La forte inflation dissimul\u00e9e par le gouvernement avoisine en 2013 en r\u00e9alit\u00e9 25 % et sans doute plus. Le contr\u00f4le des transactions en dollars ont cr\u00e9\u00e9 un march\u00e9 parall\u00e8le important. Par ailleurs depuis les deux op\u00e9rations de restructuration de sa dette en 2003 et 2010, ainsi que la nationalisation de la filiale de Repsol, ont mis l&rsquo;Argentine au banc de l&rsquo;\u00e9tranger. Le pays connait des proc\u00e9dures avec des pr\u00eateurs n&rsquo;ayant pas accepte ses plans de restructuration. Il connait \u00e9galement des conflits juridiques commerciaux port\u00e9s devant l&rsquo;OMC et d\u00e9coulant de sa politique commerciale protectionniste. Laquelle \u00e0 \u00e9galement caus\u00e9 la d\u00e9ception de ses partenaires du MERCOSUR que certains voient d\u00e9sormais en grand danger. L&rsquo;Argentine s&rsquo;est mise en difficult\u00e9 importante aves les USA ainsi qu&rsquo;avec l&rsquo;Union Europ\u00e9enne.<o:p><\/o:p><\/span><\/p>\n<p class=\"MsoNormal\"><span lang=\"FR\">Le pays est aujourd&rsquo;hui classe \u00e0 risque commercial \u00e9lev\u00e9 par l&rsquo;ensemble des agences de notation.<o:p><\/o:p><\/span><\/p>\n<h3><b><span lang=\"FR\">INDICATEURS ECONOMIQUES de l&rsquo;ARGENTINE 2012<\/span><\/b><\/h3>\n<p><span lang=\"FR\"><o:p><\/o:p><\/span><\/p>\n<p>PIB : 475 Milliards de dollars USD&nbsp;<br \/><span lang=\"FR\">PIB\/Habitant : 11.576 millions d&rsquo;USD&nbsp;<br \/><o:p><\/o:p><\/span><span lang=\"FR\">Taux de croissance du PIB&nbsp;: 3 %&nbsp;<br \/><o:p><\/o:p><\/span><span lang=\"FR\">Taux de ch\u00f4mage&nbsp;: 7,9 %&nbsp;<br \/><o:p><\/o:p><\/span><span lang=\"FR\">Taux d&rsquo;inflation officiel : 10 %&nbsp;<\/span><\/p>\n<p class=\"MsoNormal\"><strong><span lang=\"FR\">Part des principaux secteurs d&rsquo;activit\u00e9s dans le PIB<\/span><\/strong><span lang=\"FR\">:<br \/><\/span>Secteur agricole et minier : 10 %<br \/>Secteur industriel : 30 % <br \/>Secteur des services : 60 %<\/p>\n<p class=\"MsoNormal\"><span lang=\"FR\"><o:p><\/o:p><\/span><strong><span lang=\"FR\">Principaux clients 2012<\/span><\/strong><span lang=\"FR\">:<br \/><o:p><\/o:p><\/span><span lang=\"FR\">Br\u00e9sil (20,4 %), Chili (6,3 %), Chine (6,2 %), USA (5,1%), Espagne (3,3%).<\/span><\/p>\n<p class=\"MsoNormal\"><span lang=\"FR\"><o:p><\/o:p><\/span><strong><span lang=\"FR\">Principaux fournisseurs 2012<\/span><\/strong><span lang=\"FR\">:<br \/><o:p><\/o:p><\/span><span lang=\"FR\">Br\u00e9sil (26,1%), Chine (14,5%), USA (12,4 %), Allemagne (5,4 %), Mexique (3,3 %).<\/span><\/p>\n<p class=\"MsoNormal\"><span lang=\"FR\"><o:p><\/o:p><\/span><span lang=\"FR\">Exportations de la France vers l&rsquo;Argentine en 2012 : 1,43 milliard d&rsquo;USD<br \/>(-5,3%)<br \/><o:p><\/o:p><\/span><span lang=\"FR\">Importations fran\u00e7aises de l&rsquo;Argentine en 2012 : 0,633 milliards d&rsquo;USD (- 16,6%)<o:p><\/o:p><\/span><\/p>\n","protected":false},"excerpt":{"rendered":"<p>&nbsp;L&rsquo;\u00e9conomie de l&rsquo;Argentine est historiquement \u00e0 vocation agricole. L&rsquo;agriculture et les produits agro-alimentaires repr\u00e9sentent aujourd&rsquo;hui 34 % de ses exportations. [&hellip;]<\/p>\n","protected":false},"author":3,"featured_media":68,"parent":39,"menu_order":0,"comment_status":"closed","ping_status":"closed","template":"","meta":{"site-sidebar-layout":"default","site-content-layout":"","ast-site-content-layout":"default","site-content-style":"default","site-sidebar-style":"default","ast-global-header-display":"","ast-banner-title-visibility":"","ast-main-header-display":"","ast-hfb-above-header-display":"","ast-hfb-below-header-display":"","ast-hfb-mobile-header-display":"","site-post-title":"","ast-breadcrumbs-content":"","ast-featured-img":"","footer-sml-layout":"","ast-disable-related-posts":"","theme-transparent-header-meta":"","adv-header-id-meta":"","stick-header-meta":"","header-above-stick-meta":"","header-main-stick-meta":"","header-below-stick-meta":"","astra-migrate-meta-layouts":"default","ast-page-background-enabled":"default","ast-page-background-meta":{"desktop":{"background-color":"var(--ast-global-color-5)","background-image":"","background-repeat":"repeat","background-position":"center center","background-size":"auto","background-attachment":"scroll","background-type":"","background-media":"","overlay-type":"","overlay-color":"","overlay-opacity":"","overlay-gradient":""},"tablet":{"background-color":"","background-image":"","background-repeat":"repeat","background-position":"center center","background-size":"auto","background-attachment":"scroll","background-type":"","background-media":"","overlay-type":"","overlay-color":"","overlay-opacity":"","overlay-gradient":""},"mobile":{"background-color":"","background-image":"","background-repeat":"repeat","background-position":"center center","background-size":"auto","background-attachment":"scroll","background-type":"","background-media":"","overlay-type":"","overlay-color":"","overlay-opacity":"","overlay-gradient":""}},"ast-content-background-meta":{"desktop":{"background-color":"var(--ast-global-color-4)","background-image":"","background-repeat":"repeat","background-position":"center center","background-size":"auto","background-attachment":"scroll","background-type":"","background-media":"","overlay-type":"","overlay-color":"","overlay-opacity":"","overlay-gradient":""},"tablet":{"background-color":"var(--ast-global-color-4)","background-image":"","background-repeat":"repeat","background-position":"center center","background-size":"auto","background-attachment":"scroll","background-type":"","background-media":"","overlay-type":"","overlay-color":"","overlay-opacity":"","overlay-gradient":""},"mobile":{"background-color":"var(--ast-global-color-4)","background-image":"","background-repeat":"repeat","background-position":"center center","background-size":"auto","background-attachment":"scroll","background-type":"","background-media":"","overlay-type":"","overlay-color":"","overlay-opacity":"","overlay-gradient":""}},"footnotes":""},"class_list":["post-69","page","type-page","status-publish","has-post-thumbnail","hentry"],"yoast_head":"<!-- This site is optimized with the Yoast SEO plugin v27.5 - https:\/\/yoast.com\/product\/yoast-seo-wordpress\/ -->\n<title>L&#039;ECONOMIE ARGENTINE - Abc-latina<\/title>\n<meta name=\"description\" content=\"L\u2019\u00e9conomie de l\u2019Argentine est historiquement \u00e0 vocation agricole. Sur le plan minier elle exploite ente-autres des mines d\u2019or, d\u2019argent, de cuivre...\" \/>\n<meta name=\"robots\" content=\"index, follow, max-snippet:-1, max-image-preview:large, max-video-preview:-1\" \/>\n<link rel=\"canonical\" href=\"https:\/\/abc-latina.com\/argentine\/economie\/\" \/>\n<meta property=\"og:locale\" content=\"fr_FR\" \/>\n<meta property=\"og:type\" content=\"article\" \/>\n<meta property=\"og:title\" content=\"L&#039;ECONOMIE ARGENTINE - Abc-latina\" \/>\n<meta property=\"og:description\" content=\"L\u2019\u00e9conomie de l\u2019Argentine est historiquement \u00e0 vocation agricole. Sur le plan minier elle exploite ente-autres des mines d\u2019or, d\u2019argent, de cuivre...\" \/>\n<meta property=\"og:url\" content=\"https:\/\/abc-latina.com\/argentine\/economie\/\" \/>\n<meta property=\"og:site_name\" content=\"Abc-latina\" \/>\n<meta property=\"article:modified_time\" content=\"2026-04-30T16:24:44+00:00\" \/>\n<meta property=\"og:image\" content=\"https:\/\/abc-latina.com\/wp-content\/uploads\/2010\/06\/economie.jpg\" \/>\n\t<meta property=\"og:image:width\" content=\"220\" \/>\n\t<meta property=\"og:image:height\" content=\"220\" \/>\n\t<meta property=\"og:image:type\" content=\"image\/jpeg\" \/>\n<meta name=\"twitter:card\" content=\"summary_large_image\" \/>\n<meta name=\"twitter:label1\" content=\"Dur\u00e9e de lecture estim\u00e9e\" \/>\n\t<meta name=\"twitter:data1\" content=\"6 minutes\" \/>\n<script type=\"application\/ld+json\" class=\"yoast-schema-graph\">{\"@context\":\"https:\\\/\\\/schema.org\",\"@graph\":[{\"@type\":\"WebPage\",\"@id\":\"https:\\\/\\\/abc-latina.com\\\/argentine\\\/economie\\\/\",\"url\":\"https:\\\/\\\/abc-latina.com\\\/argentine\\\/economie\\\/\",\"name\":\"L'ECONOMIE ARGENTINE - Abc-latina\",\"isPartOf\":{\"@id\":\"https:\\\/\\\/abc-latina.com\\\/#website\"},\"primaryImageOfPage\":{\"@id\":\"https:\\\/\\\/abc-latina.com\\\/argentine\\\/economie\\\/#primaryimage\"},\"image\":{\"@id\":\"https:\\\/\\\/abc-latina.com\\\/argentine\\\/economie\\\/#primaryimage\"},\"thumbnailUrl\":\"https:\\\/\\\/abc-latina.com\\\/wp-content\\\/uploads\\\/2010\\\/06\\\/economie.jpg\",\"datePublished\":\"2010-06-01T01:17:17+00:00\",\"dateModified\":\"2026-04-30T16:24:44+00:00\",\"description\":\"L\u2019\u00e9conomie de l\u2019Argentine est historiquement \u00e0 vocation agricole. Sur le plan minier elle exploite ente-autres des mines d\u2019or, d\u2019argent, de cuivre...\",\"breadcrumb\":{\"@id\":\"https:\\\/\\\/abc-latina.com\\\/argentine\\\/economie\\\/#breadcrumb\"},\"inLanguage\":\"fr-FR\",\"potentialAction\":[{\"@type\":\"ReadAction\",\"target\":[\"https:\\\/\\\/abc-latina.com\\\/argentine\\\/economie\\\/\"]}]},{\"@type\":\"ImageObject\",\"inLanguage\":\"fr-FR\",\"@id\":\"https:\\\/\\\/abc-latina.com\\\/argentine\\\/economie\\\/#primaryimage\",\"url\":\"https:\\\/\\\/abc-latina.com\\\/wp-content\\\/uploads\\\/2010\\\/06\\\/economie.jpg\",\"contentUrl\":\"https:\\\/\\\/abc-latina.com\\\/wp-content\\\/uploads\\\/2010\\\/06\\\/economie.jpg\",\"width\":220,\"height\":220,\"caption\":\"L'ECONOMIE ARGENTINE\"},{\"@type\":\"BreadcrumbList\",\"@id\":\"https:\\\/\\\/abc-latina.com\\\/argentine\\\/economie\\\/#breadcrumb\",\"itemListElement\":[{\"@type\":\"ListItem\",\"position\":1,\"name\":\"Accueil\",\"item\":\"https:\\\/\\\/abc-latina.com\\\/\"},{\"@type\":\"ListItem\",\"position\":2,\"name\":\"L&rsquo;ECONOMIE ARGENTINE\"}]},{\"@type\":\"WebSite\",\"@id\":\"https:\\\/\\\/abc-latina.com\\\/#website\",\"url\":\"https:\\\/\\\/abc-latina.com\\\/\",\"name\":\"Abc-latina\",\"description\":\"\",\"publisher\":{\"@id\":\"https:\\\/\\\/abc-latina.com\\\/#organization\"},\"potentialAction\":[{\"@type\":\"SearchAction\",\"target\":{\"@type\":\"EntryPoint\",\"urlTemplate\":\"https:\\\/\\\/abc-latina.com\\\/?s={search_term_string}\"},\"query-input\":{\"@type\":\"PropertyValueSpecification\",\"valueRequired\":true,\"valueName\":\"search_term_string\"}}],\"inLanguage\":\"fr-FR\"},{\"@type\":\"Organization\",\"@id\":\"https:\\\/\\\/abc-latina.com\\\/#organization\",\"name\":\"Abc-latina\",\"url\":\"https:\\\/\\\/abc-latina.com\\\/\",\"logo\":{\"@type\":\"ImageObject\",\"inLanguage\":\"fr-FR\",\"@id\":\"https:\\\/\\\/abc-latina.com\\\/#\\\/schema\\\/logo\\\/image\\\/\",\"url\":\"https:\\\/\\\/abc-latina.com\\\/wp-content\\\/uploads\\\/2026\\\/05\\\/cropped-logo.gif\",\"contentUrl\":\"https:\\\/\\\/abc-latina.com\\\/wp-content\\\/uploads\\\/2026\\\/05\\\/cropped-logo.gif\",\"width\":89,\"height\":84,\"caption\":\"Abc-latina\"},\"image\":{\"@id\":\"https:\\\/\\\/abc-latina.com\\\/#\\\/schema\\\/logo\\\/image\\\/\"}}]}<\/script>\n<!-- \/ Yoast SEO plugin. -->","yoast_head_json":{"title":"L'ECONOMIE ARGENTINE - Abc-latina","description":"L\u2019\u00e9conomie de l\u2019Argentine est historiquement \u00e0 vocation agricole. Sur le plan minier elle exploite ente-autres des mines d\u2019or, d\u2019argent, de cuivre...","robots":{"index":"index","follow":"follow","max-snippet":"max-snippet:-1","max-image-preview":"max-image-preview:large","max-video-preview":"max-video-preview:-1"},"canonical":"https:\/\/abc-latina.com\/argentine\/economie\/","og_locale":"fr_FR","og_type":"article","og_title":"L'ECONOMIE ARGENTINE - Abc-latina","og_description":"L\u2019\u00e9conomie de l\u2019Argentine est historiquement \u00e0 vocation agricole. Sur le plan minier elle exploite ente-autres des mines d\u2019or, d\u2019argent, de cuivre...","og_url":"https:\/\/abc-latina.com\/argentine\/economie\/","og_site_name":"Abc-latina","article_modified_time":"2026-04-30T16:24:44+00:00","og_image":[{"width":220,"height":220,"url":"https:\/\/abc-latina.com\/wp-content\/uploads\/2010\/06\/economie.jpg","type":"image\/jpeg"}],"twitter_card":"summary_large_image","twitter_misc":{"Dur\u00e9e de lecture estim\u00e9e":"6 minutes"},"schema":{"@context":"https:\/\/schema.org","@graph":[{"@type":"WebPage","@id":"https:\/\/abc-latina.com\/argentine\/economie\/","url":"https:\/\/abc-latina.com\/argentine\/economie\/","name":"L'ECONOMIE ARGENTINE - Abc-latina","isPartOf":{"@id":"https:\/\/abc-latina.com\/#website"},"primaryImageOfPage":{"@id":"https:\/\/abc-latina.com\/argentine\/economie\/#primaryimage"},"image":{"@id":"https:\/\/abc-latina.com\/argentine\/economie\/#primaryimage"},"thumbnailUrl":"https:\/\/abc-latina.com\/wp-content\/uploads\/2010\/06\/economie.jpg","datePublished":"2010-06-01T01:17:17+00:00","dateModified":"2026-04-30T16:24:44+00:00","description":"L\u2019\u00e9conomie de l\u2019Argentine est historiquement \u00e0 vocation agricole. Sur le plan minier elle exploite ente-autres des mines d\u2019or, d\u2019argent, de cuivre...","breadcrumb":{"@id":"https:\/\/abc-latina.com\/argentine\/economie\/#breadcrumb"},"inLanguage":"fr-FR","potentialAction":[{"@type":"ReadAction","target":["https:\/\/abc-latina.com\/argentine\/economie\/"]}]},{"@type":"ImageObject","inLanguage":"fr-FR","@id":"https:\/\/abc-latina.com\/argentine\/economie\/#primaryimage","url":"https:\/\/abc-latina.com\/wp-content\/uploads\/2010\/06\/economie.jpg","contentUrl":"https:\/\/abc-latina.com\/wp-content\/uploads\/2010\/06\/economie.jpg","width":220,"height":220,"caption":"L'ECONOMIE ARGENTINE"},{"@type":"BreadcrumbList","@id":"https:\/\/abc-latina.com\/argentine\/economie\/#breadcrumb","itemListElement":[{"@type":"ListItem","position":1,"name":"Accueil","item":"https:\/\/abc-latina.com\/"},{"@type":"ListItem","position":2,"name":"L&rsquo;ECONOMIE ARGENTINE"}]},{"@type":"WebSite","@id":"https:\/\/abc-latina.com\/#website","url":"https:\/\/abc-latina.com\/","name":"Abc-latina","description":"","publisher":{"@id":"https:\/\/abc-latina.com\/#organization"},"potentialAction":[{"@type":"SearchAction","target":{"@type":"EntryPoint","urlTemplate":"https:\/\/abc-latina.com\/?s={search_term_string}"},"query-input":{"@type":"PropertyValueSpecification","valueRequired":true,"valueName":"search_term_string"}}],"inLanguage":"fr-FR"},{"@type":"Organization","@id":"https:\/\/abc-latina.com\/#organization","name":"Abc-latina","url":"https:\/\/abc-latina.com\/","logo":{"@type":"ImageObject","inLanguage":"fr-FR","@id":"https:\/\/abc-latina.com\/#\/schema\/logo\/image\/","url":"https:\/\/abc-latina.com\/wp-content\/uploads\/2026\/05\/cropped-logo.gif","contentUrl":"https:\/\/abc-latina.com\/wp-content\/uploads\/2026\/05\/cropped-logo.gif","width":89,"height":84,"caption":"Abc-latina"},"image":{"@id":"https:\/\/abc-latina.com\/#\/schema\/logo\/image\/"}}]}},"_links":{"self":[{"href":"https:\/\/abc-latina.com\/wp-json\/wp\/v2\/pages\/69","targetHints":{"allow":["GET"]}}],"collection":[{"href":"https:\/\/abc-latina.com\/wp-json\/wp\/v2\/pages"}],"about":[{"href":"https:\/\/abc-latina.com\/wp-json\/wp\/v2\/types\/page"}],"author":[{"embeddable":true,"href":"https:\/\/abc-latina.com\/wp-json\/wp\/v2\/users\/3"}],"replies":[{"embeddable":true,"href":"https:\/\/abc-latina.com\/wp-json\/wp\/v2\/comments?post=69"}],"version-history":[{"count":1,"href":"https:\/\/abc-latina.com\/wp-json\/wp\/v2\/pages\/69\/revisions"}],"predecessor-version":[{"id":3050,"href":"https:\/\/abc-latina.com\/wp-json\/wp\/v2\/pages\/69\/revisions\/3050"}],"up":[{"embeddable":true,"href":"https:\/\/abc-latina.com\/wp-json\/wp\/v2\/pages\/39"}],"wp:featuredmedia":[{"embeddable":true,"href":"https:\/\/abc-latina.com\/wp-json\/wp\/v2\/media\/68"}],"wp:attachment":[{"href":"https:\/\/abc-latina.com\/wp-json\/wp\/v2\/media?parent=69"}],"curies":[{"name":"wp","href":"https:\/\/api.w.org\/{rel}","templated":true}]}}