{"id":72,"date":"2010-06-01T03:42:29","date_gmt":"2010-06-01T01:42:29","guid":{"rendered":"http:\/\/abc-latina.com\/histoire-htm\/"},"modified":"2026-04-30T18:24:44","modified_gmt":"2026-04-30T16:24:44","slug":"histoire","status":"publish","type":"page","link":"https:\/\/abc-latina.com\/argentine\/histoire\/","title":{"rendered":"HISTOIRE &#8211; ARGENTINE"},"content":{"rendered":"<h2 style=\"text-align: center;\"><img loading=\"lazy\" decoding=\"async\" class=\" size-full wp-image-71\" src=\"http:\/\/abc-latina.com\/wp-content\/uploads\/2010\/06\/003-histoire-de-l-argentine.jpg\" title=\"L'HISTOIRE DE L'ARGENTINE\" alt=\"HISTOIRE DE L'ARGENTINE\" width=\"480\" height=\"241\" srcset=\"https:\/\/abc-latina.com\/wp-content\/uploads\/2010\/06\/003-histoire-de-l-argentine.jpg 500w, https:\/\/abc-latina.com\/wp-content\/uploads\/2010\/06\/003-histoire-de-l-argentine-300x151.jpg 300w\" sizes=\"auto, (max-width: 480px) 100vw, 480px\" \/><\/h2>\n<h2 style=\"text-align: center;\">&nbsp;<\/h2>\n<h2 style=\"text-align: center;\">Les principales dates de l&rsquo;histoire argentine<\/h2>\n<ul>\n<li><span class=\"histoire-date\">1516<\/span><br \/> Les Espagnols se manifestent pour la premi\u00e8re fois, \u00e0 la suite des Portugais, dans le Rio de la Plata.<\/li>\n<li><span class=\"histoire-date\">1517<\/span><br \/> Ferdinand de Magellan, parcourt les c\u00f4tes de <a href=\"https:\/\/www.abc-latina.com\/argentine\/patagonie\">Patagonie<\/a> et d\u00e9couvre le d\u00e9troit qui porte aujourd&rsquo;hui son nom.<\/li>\n<li><span class=\"histoire-date\">1536<\/span><br \/> Pedro de Mendoza fonde la premi\u00e8re ville de <a href=\"https:\/\/www.abc-latina.com\/argentine\/buenosaires\">Buenos Aires<\/a>.&nbsp;<\/li>\n<li><span class=\"histoire-date\">Entre 1573 et 1580<\/span><br \/> Les colons espagnols commencent \u00e0 arriver.<\/li>\n<li>Juan de Garay prit le pari de reconstruire Buenos Aires, pr\u00e9c\u00e9demment abandonn\u00e9e apr\u00e8s une attaque indienne.<\/li>\n<li><span class=\"histoire-date\">Entre 1553 et 1593<\/span><br \/> Fondation des villes suivantes : Santiago del Estero en 1553, <a href=\"https:\/\/www.abc-latina.com\/argentine\/mendoza\">Mendoza<\/a> en 1561,San Juan en 1562, <a href=\"https:\/\/www.abc-latina.com\/argentine\/tucuman\">San Miguel del Tucuman<\/a> en 1565, Cordoba en 1573, <a href=\"https:\/\/www.abc-latina.com\/argentine\/salta\">Salta<\/a> en 1582, Corientes en 1588, Rioja en 1591 et <a href=\"https:\/\/www.abc-latina.com\/argentine\/jujuy\">San Salvador de Jujuy<\/a> en 1593.<\/li>\n<li><span class=\"histoire-date\">De la fin du 17\u00e9me si\u00e8cle et tout au long du 18 \u00e9me<\/span><br \/> Conflits incessants entre l&rsquo;Espagne et le Portugal.<\/li>\n<li><span class=\"histoire-date\">1726<\/span><br \/> Pour \u00e9viter la consolidation de la pr\u00e9sence portugaise sur la rive nord, les Espagnols fondent Montevideo (actuel Uruguay), qui prosp\u00e9ra et rivalisa bient\u00f4t avec Buenos Aires.<\/li>\n<li><span class=\"histoire-date\">1627<\/span><br \/> Il faudra dix ann\u00e9es aux Espagnols pour vaincre la r\u00e9volte des <a href=\"https:\/\/www.abc-latina.com\/civilisations\/indiens_diaguites.php\" target=\"_blank\">Diaguitas<\/a> dans les vall\u00e9es sub-andines.<\/li>\n<li><span class=\"histoire-date\">1685<\/span><br \/> Une nouvelle r\u00e9volte dans les vall\u00e9es calchaquis se d\u00e9veloppe. Les Espagnols mettent plusieurs ann\u00e9es \u00e0 reprendre le contr\u00f4le des vall\u00e9es.<\/li>\n<li><span class=\"histoire-date\">1750 \u00e0 1756<\/span><br \/> Les Guaranis se r\u00e9voltent car ils n&rsquo;acceptent pas le nouveau partage instaur\u00e9 par le trait\u00e9 de 1750 entre l&rsquo;Espagne et le Portugal.<\/li>\n<li><span class=\"histoire-date\">1766<\/span><br \/> Les J\u00e9suites sont expuls\u00e9s du Rio de la Plata et du Paraguay, la R\u00e9publique th\u00e9ocratique Guarani est d\u00e9finitivement condamn\u00e9e.<\/li>\n<li><span class=\"histoire-date\">Moiti\u00e9 du 18 \u00e9me<\/span><br \/> Buenos Aires commen\u00e7e \u00e0 s&rsquo;affirmer comme principal centre urbain.<\/li>\n<li><span class=\"histoire-date\">1er ao\u00fbt 1766<\/span><br \/> Le roi d&rsquo;Espagne cr\u00e9e le Vice Royaume de la Plata. Ce territoire immense va bien au del\u00e0 de l&rsquo;actuelle Argentine, puisqu&rsquo;il englobe les deux tiers de la future Bolivie, le Nord du Chili, le Paraguay et l&rsquo;Uruguay.<\/li>\n<li>Buenos Aires qui est autoris\u00e9 \u00e0 commercer avec le P\u00e9rou, le Chili et l&rsquo;Espagne, prend un nouveau d\u00e9part.<\/li>\n<li><span class=\"histoire-date\">1782<\/span><br \/> Cr\u00e9ation de huit &quot; intendances &quot;, elle temp\u00e8re l&rsquo;autorit\u00e9 du vice-roi Vertiz, elles favorisent le d\u00e9veloppement.<\/li>\n<li><span class=\"histoire-date\">24 juin 1806<\/span><br \/> Le g\u00e9n\u00e9ral anglais Beresford d\u00e9barque \u00e0 Buenos Aires \u00e0 la t\u00eate de 1500 hommes.<\/li>\n<li>Les troupes l\u00e9galistes espagnoles command\u00e9es par le Fran\u00e7ais de Liniers obligent le G\u00e9n\u00e9ral Beresford \u00e0 capituler.<\/li>\n<li><span class=\"histoire-date\">Juin 1807<\/span><br \/> Les Anglais tentent une nouvelle offensive contre Buenos Aires, les troupes de Liniers obtiennent une nouvelle victoire.<\/li>\n<li><span class=\"histoire-date\">Le 25 mai 1810<\/span><br \/> Fin de la supr\u00e9matie des Espagnols 1er proclamation d&rsquo;ind\u00e9pendance \u00e0 Buenos Aires.<\/li>\n<li><span class=\"histoire-date\">9 juillet 1826<\/span><br \/> R\u00e9affirmation de l&rsquo;ind\u00e9pendance par l&rsquo;assembl\u00e9e de Tucuman.&nbsp;<\/li>\n<li><span class=\"histoire-date\">1820<\/span><br \/> Les Portugais annexent la &quot; banda oriental &quot;, le br\u00e9sil, ind\u00e9pendant depuis 1822, conserve ce territoire la guerre avec le Br\u00e9sil devient in\u00e9vitable.<\/li>\n<li><span class=\"histoire-date\">1820 &#8211; 1826<\/span><br \/> <a href=\"https:\/\/www.abc-latina.com\/personnalites\/bernardino_rivadavia\" target=\"_blank\">Bernardino Rivadavia<\/a> anime \u00e0 Buenos Aires un gouvernement \u00e9clair\u00e9 et progressiste.<\/li>\n<li><span class=\"histoire-date\">Ao\u00fbt 1828<\/span><br \/> Les Argentins acceptent l&rsquo;ind\u00e9pendance de l&rsquo;Uruguay.<\/li>\n<li><span class=\"histoire-date\">4 mars 1826<\/span><br \/> Buenos Aires devint capitale officielle du pays.<\/li>\n<li>Durant une quinzaine d&rsquo;ann\u00e9e \u00e9clatent de graves conflits, entre Buenos Aires ouverte aux id\u00e9es nouvelles et entre les provinces de l&rsquo;int\u00e9rieur du pays aux id\u00e9es conservatrices.<\/li>\n<li>De 1835 \u00e0 1852<br \/> Juan manuel de Rosas impose son h\u00e9g\u00e9monie et un r\u00e9gime autoritaire sur le pays.<\/li>\n<li><span class=\"histoire-date\">9 juillet 1853<\/span><br \/> La constitution argentine est adopt\u00e9e par toutes les provinces \u00e0 l&rsquo;exclusion de Buenos Aires.<\/li>\n<li><span class=\"histoire-date\">1859<\/span><br \/> Guerre entre Buenos Aires et les autres \u00e9tats de la Conf\u00e9d\u00e9ration.<\/li>\n<li><span class=\"histoire-date\">Nov. 1859<\/span><br \/> Buenos Aires se d\u00e9clare enfin partie int\u00e9grante de la Conf\u00e9d\u00e9ration.<\/li>\n<li>La conqu\u00eate de nouveaux espaces passait par la domination d\u00e9finitive sur les Indiens Pampas qui prit fr\u00e9quemment l&rsquo;allure d&rsquo;un g\u00e9nocide.<\/li>\n<li><span class=\"histoire-date\">1865- 1870<\/span><br \/> La guerre de la triple Alliance Br\u00e9sil-Argentine-Uruguay, contre le g\u00e9n\u00e9ral Francisco Solano Lopez permet, \u00e0 l&rsquo;issue d&rsquo;un conflit qui extermina 80% de la population du Paraguay, la d\u00e9finition des fronti\u00e8res d\u00e9finitives dabs le Nord-Est.<\/li>\n<li><span class=\"histoire-date\">1862<\/span><br \/> Mise en place la politique d&rsquo;immigration europ\u00e9enne qui entra\u00eene un flux important de migrants, originaires surtout de l&rsquo;Italie et de l&rsquo;Espagne.<\/li>\n<li><span class=\"histoire-date\">1880 \u00e0 1900<\/span><br \/> Le mouvement migratoire s&rsquo;acc\u00e9l\u00e8re. Deux millions d&rsquo;immigr\u00e9s viennent surtout des r\u00e9gions pauvres de l&rsquo;Europe du Sud et de l&rsquo;Europe Centrale.&nbsp;<\/li>\n<li><span class=\"histoire-date\">1900 \u00e0 1910<\/span><br \/> Deux nouveaux millions d&rsquo;immigrants arrivent. La population passe \u00e0 8 millions.&nbsp;<\/li>\n<li><span class=\"histoire-date\">1914<\/span><br \/> Buenos Aires d\u00e9passe d\u00e9j\u00e0 les 1.500.000 habitants.<\/li>\n<li><span class=\"histoire-date\">1914<\/span><br \/> Le vote obligatoire \u00e0 bulletin secret est d\u00e9cr\u00e9t\u00e9.<\/li>\n<li><span class=\"histoire-date\">1916<\/span><br \/> Le candidat radical Hipolito Irigoyen triompha sans contestation.&nbsp;<\/li>\n<li>Des hommes nouveaux venus des classes moyennes arrivent au pouvoir, ils sont pour la plupart issus de l&rsquo;immigration, mais ils ne parviennent pas \u00e0 r\u00e9former suffisamment le pays.<\/li>\n<li><span class=\"histoire-date\">1928<\/span><br \/> H. Irigoyen est r\u00e9\u00e9lu pour une seconde pr\u00e9sidence.<\/li>\n<li><span class=\"histoire-date\">1930<\/span><br \/> Le g\u00e9n\u00e9ral Jos\u00e9 F. Uriburu renverse H. Irigoyen en septembre, il ouvre ainsi la voie \u00e0 une p\u00e9riode de d\u00e9mocratie sous tutelle militaire qui allait durer plus de cinquante ans.<\/li>\n<li><span class=\"histoire-date\">Janvier 1944<\/span><br \/> L&rsquo;Argentine neutre durant les &frac34; de la dur\u00e9e de la seconde guerre mondiale d\u00e9clare la guerre \u00e0 l&rsquo;Allemagne et au Japon.&nbsp;<\/li>\n<li><span class=\"histoire-date\">1946<\/span><br \/> La majorit\u00e9 absolue de 55% des suffrages aux \u00e9lections donne le pouvoir \u00e0 <a href=\"https:\/\/www.abc-latina.com\/personnalites\/juan_peron\" target=\"_blank\">Juan Domingo Peron<\/a>.<\/li>\n<li><span class=\"histoire-date\">1947<\/span><br \/> Le droit de vote accord\u00e9 aux femmes.&nbsp;<\/li>\n<li><span class=\"histoire-date\">1949<\/span><br \/> R\u00e9forme constitutionnelle.<\/li>\n<li><span class=\"histoire-date\">1952<\/span><br \/> Peron est r\u00e9\u00e9lu \u00e0 la pr\u00e9sidence de l&rsquo;Argentine.<\/li>\n<li><span class=\"histoire-date\">1952<\/span><br \/> D\u00e9c\u00e8s d&rsquo; <a href=\"https:\/\/www.abc-latina.com\/personnalites\/evita_peron\" target=\"_blank\">Evita Peron<\/a> qui joua un r\u00f4le pr\u00e9pond\u00e9rant aux cot\u00e9s de son mari.<\/li>\n<li><span class=\"histoire-date\">1955<\/span><br \/> C&rsquo;est la crise \u00e9conomique, le r\u00e9gime p\u00e9roniste ne peut plus soutenir financi\u00e8rement l&rsquo;\u00e9tat providence.<\/li>\n<li><span class=\"histoire-date\">Septembre 1955<\/span><br \/> Les opposants au sein de l&rsquo;arm\u00e9e le contraignent \u00e0 se d\u00e9mettre et \u00e0 s&rsquo;exiler au Paraguay, \u00e0 la suite d&rsquo;un coup d&rsquo;\u00e9tat militaire.<\/li>\n<li><span class=\"histoire-date\">Avril 1973<\/span><br \/> Peron revenu de son exil en Espagne est r\u00e9\u00e9lu.<\/li>\n<li><span class=\"histoire-date\">1930 \u00e0 1983<\/span><br \/> Les pr\u00e9sidences militaires se succ\u00e8dent, sur seize pr\u00e9sidents, onze sont des militaires.<\/li>\n<li><span class=\"histoire-date\">1976 \u00e0 1983<\/span><br \/> Arrestations, tortures, assassinats, disparitions par milliers sont les symptomes de la dictature militaire, de <a href=\"https:\/\/www.abc-latina.com\/personnalites\/jorge_rafael_videla\" target=\"_blank\">Videla<\/a>, Viola et Galtieri.<\/li>\n<li><span class=\"histoire-date\">1982<\/span><br \/> Guerre des Malouines entre l&rsquo;Argentine et le Royaume-Uni.&nbsp;<\/li>\n<li><span class=\"histoire-date\">Octobre 1983<\/span><br \/> Retour \u00e0 la d\u00e9mocratie, suite \u00e0 la victoire du candidat radical (UCR) Raul Alfonsin.<\/li>\n<li><span class=\"histoire-date\">Mai 1989<\/span><br \/> Carlos Menen est \u00e9lu \u00e0 la pr\u00e9sidence de la r\u00e9publique.<\/li>\n<li><span class=\"histoire-date\">1991<\/span><br \/> L&rsquo;Argentine engendre avec le Br\u00e9sil le Paraguay et l&rsquo;Uruguay le Mercosur, march\u00e9 commun du sud (depuis le Chili a rejoint cette association).<\/li>\n<li><span class=\"histoire-date\">1995<\/span><br \/> R\u00e9\u00e9lection de Carlos Menen \u00e0 la pr\u00e9sidence.&nbsp;<\/li>\n<li><span class=\"histoire-date\">1999<\/span><br \/> Fernando De la Rua est \u00e9lu pr\u00e9sident de la r\u00e9publique avec 48,5 % des voix. \u00c9chec des p\u00e9ronistes.&nbsp;<\/li>\n<li><span class=\"histoire-date\">2001<\/span><br \/> Grave crise \u00e9conomique, le pays est \u00e0 genoux.<\/li>\n<li><span class=\"histoire-date\">2007<\/span><br \/> <a href=\"https:\/\/www.abc-latina.com\/personnalites\/cristina_kirchner\" target=\"_blank\">Cristina Kirchner<\/a> devient la premi\u00e8re femme \u00e9lue \u00e0 la pr\u00e9sidence de l&rsquo; Argentine, elle succ\u00e9de ainsi \u00e0 son mari, le pr\u00e9sident Nestor Kirchner, au pouvoir depuis 2003.<\/li>\n<\/ul>\n","protected":false},"excerpt":{"rendered":"<p>&nbsp; Les principales dates de l&rsquo;histoire argentine 1516 Les Espagnols se manifestent pour la premi\u00e8re fois, \u00e0 la suite des [&hellip;]<\/p>\n","protected":false},"author":3,"featured_media":71,"parent":39,"menu_order":0,"comment_status":"closed","ping_status":"closed","template":"","meta":{"site-sidebar-layout":"default","site-content-layout":"","ast-site-content-layout":"default","site-content-style":"default","site-sidebar-style":"default","ast-global-header-display":"","ast-banner-title-visibility":"","ast-main-header-display":"","ast-hfb-above-header-display":"","ast-hfb-below-header-display":"","ast-hfb-mobile-header-display":"","site-post-title":"","ast-breadcrumbs-content":"","ast-featured-img":"","footer-sml-layout":"","ast-disable-related-posts":"","theme-transparent-header-meta":"","adv-header-id-meta":"","stick-header-meta":"","header-above-stick-meta":"","header-main-stick-meta":"","header-below-stick-meta":"","astra-migrate-meta-layouts":"default","ast-page-background-enabled":"default","ast-page-background-meta":{"desktop":{"background-color":"var(--ast-global-color-5)","background-image":"","background-repeat":"repeat","background-position":"center center","background-size":"auto","background-attachment":"scroll","background-type":"","background-media":"","overlay-type":"","overlay-color":"","overlay-opacity":"","overlay-gradient":""},"tablet":{"background-color":"","background-image":"","background-repeat":"repeat","background-position":"center center","background-size":"auto","background-attachment":"scroll","background-type":"","background-media":"","overlay-type":"","overlay-color":"","overlay-opacity":"","overlay-gradient":""},"mobile":{"background-color":"","background-image":"","background-repeat":"repeat","background-position":"center center","background-size":"auto","background-attachment":"scroll","background-type":"","background-media":"","overlay-type":"","overlay-color":"","overlay-opacity":"","overlay-gradient":""}},"ast-content-background-meta":{"desktop":{"background-color":"var(--ast-global-color-4)","background-image":"","background-repeat":"repeat","background-position":"center center","background-size":"auto","background-attachment":"scroll","background-type":"","background-media":"","overlay-type":"","overlay-color":"","overlay-opacity":"","overlay-gradient":""},"tablet":{"background-color":"var(--ast-global-color-4)","background-image":"","background-repeat":"repeat","background-position":"center center","background-size":"auto","background-attachment":"scroll","background-type":"","background-media":"","overlay-type":"","overlay-color":"","overlay-opacity":"","overlay-gradient":""},"mobile":{"background-color":"var(--ast-global-color-4)","background-image":"","background-repeat":"repeat","background-position":"center center","background-size":"auto","background-attachment":"scroll","background-type":"","background-media":"","overlay-type":"","overlay-color":"","overlay-opacity":"","overlay-gradient":""}},"footnotes":""},"class_list":["post-72","page","type-page","status-publish","has-post-thumbnail","hentry"],"yoast_head":"<!-- This site is optimized with the Yoast SEO plugin v27.5 - https:\/\/yoast.com\/product\/yoast-seo-wordpress\/ -->\n<title>HISTOIRE - ARGENTINE - Abc-latina<\/title>\n<meta name=\"description\" content=\"L&#039;histoire de l&#039;Argentine, en d\u00e9tail.\" \/>\n<meta name=\"robots\" content=\"index, follow, max-snippet:-1, max-image-preview:large, max-video-preview:-1\" \/>\n<link rel=\"canonical\" href=\"https:\/\/abc-latina.com\/argentine\/histoire\/\" \/>\n<meta property=\"og:locale\" content=\"fr_FR\" \/>\n<meta property=\"og:type\" content=\"article\" \/>\n<meta property=\"og:title\" content=\"HISTOIRE - ARGENTINE - Abc-latina\" \/>\n<meta property=\"og:description\" content=\"L&#039;histoire de l&#039;Argentine, en d\u00e9tail.\" \/>\n<meta property=\"og:url\" content=\"https:\/\/abc-latina.com\/argentine\/histoire\/\" \/>\n<meta property=\"og:site_name\" content=\"Abc-latina\" \/>\n<meta property=\"article:modified_time\" content=\"2026-04-30T16:24:44+00:00\" \/>\n<meta property=\"og:image\" content=\"https:\/\/abc-latina.com\/wp-content\/uploads\/2010\/06\/003-histoire-de-l-argentine.jpg\" \/>\n\t<meta property=\"og:image:width\" content=\"500\" \/>\n\t<meta property=\"og:image:height\" content=\"251\" \/>\n\t<meta property=\"og:image:type\" content=\"image\/jpeg\" \/>\n<meta name=\"twitter:card\" content=\"summary_large_image\" \/>\n<meta name=\"twitter:label1\" content=\"Dur\u00e9e de lecture estim\u00e9e\" \/>\n\t<meta name=\"twitter:data1\" content=\"5 minutes\" \/>\n<script type=\"application\/ld+json\" class=\"yoast-schema-graph\">{\"@context\":\"https:\\\/\\\/schema.org\",\"@graph\":[{\"@type\":\"WebPage\",\"@id\":\"https:\\\/\\\/abc-latina.com\\\/argentine\\\/histoire\\\/\",\"url\":\"https:\\\/\\\/abc-latina.com\\\/argentine\\\/histoire\\\/\",\"name\":\"HISTOIRE - ARGENTINE - Abc-latina\",\"isPartOf\":{\"@id\":\"https:\\\/\\\/abc-latina.com\\\/#website\"},\"primaryImageOfPage\":{\"@id\":\"https:\\\/\\\/abc-latina.com\\\/argentine\\\/histoire\\\/#primaryimage\"},\"image\":{\"@id\":\"https:\\\/\\\/abc-latina.com\\\/argentine\\\/histoire\\\/#primaryimage\"},\"thumbnailUrl\":\"https:\\\/\\\/abc-latina.com\\\/wp-content\\\/uploads\\\/2010\\\/06\\\/003-histoire-de-l-argentine.jpg\",\"datePublished\":\"2010-06-01T01:42:29+00:00\",\"dateModified\":\"2026-04-30T16:24:44+00:00\",\"description\":\"L'histoire de l'Argentine, en d\u00e9tail.\",\"breadcrumb\":{\"@id\":\"https:\\\/\\\/abc-latina.com\\\/argentine\\\/histoire\\\/#breadcrumb\"},\"inLanguage\":\"fr-FR\",\"potentialAction\":[{\"@type\":\"ReadAction\",\"target\":[\"https:\\\/\\\/abc-latina.com\\\/argentine\\\/histoire\\\/\"]}]},{\"@type\":\"ImageObject\",\"inLanguage\":\"fr-FR\",\"@id\":\"https:\\\/\\\/abc-latina.com\\\/argentine\\\/histoire\\\/#primaryimage\",\"url\":\"https:\\\/\\\/abc-latina.com\\\/wp-content\\\/uploads\\\/2010\\\/06\\\/003-histoire-de-l-argentine.jpg\",\"contentUrl\":\"https:\\\/\\\/abc-latina.com\\\/wp-content\\\/uploads\\\/2010\\\/06\\\/003-histoire-de-l-argentine.jpg\",\"width\":500,\"height\":251,\"caption\":\"L'HISTOIRE DE L'ARGENTINE\"},{\"@type\":\"BreadcrumbList\",\"@id\":\"https:\\\/\\\/abc-latina.com\\\/argentine\\\/histoire\\\/#breadcrumb\",\"itemListElement\":[{\"@type\":\"ListItem\",\"position\":1,\"name\":\"Accueil\",\"item\":\"https:\\\/\\\/abc-latina.com\\\/\"},{\"@type\":\"ListItem\",\"position\":2,\"name\":\"HISTOIRE &#8211; ARGENTINE\"}]},{\"@type\":\"WebSite\",\"@id\":\"https:\\\/\\\/abc-latina.com\\\/#website\",\"url\":\"https:\\\/\\\/abc-latina.com\\\/\",\"name\":\"Abc-latina\",\"description\":\"\",\"publisher\":{\"@id\":\"https:\\\/\\\/abc-latina.com\\\/#organization\"},\"potentialAction\":[{\"@type\":\"SearchAction\",\"target\":{\"@type\":\"EntryPoint\",\"urlTemplate\":\"https:\\\/\\\/abc-latina.com\\\/?s={search_term_string}\"},\"query-input\":{\"@type\":\"PropertyValueSpecification\",\"valueRequired\":true,\"valueName\":\"search_term_string\"}}],\"inLanguage\":\"fr-FR\"},{\"@type\":\"Organization\",\"@id\":\"https:\\\/\\\/abc-latina.com\\\/#organization\",\"name\":\"Abc-latina\",\"url\":\"https:\\\/\\\/abc-latina.com\\\/\",\"logo\":{\"@type\":\"ImageObject\",\"inLanguage\":\"fr-FR\",\"@id\":\"https:\\\/\\\/abc-latina.com\\\/#\\\/schema\\\/logo\\\/image\\\/\",\"url\":\"https:\\\/\\\/abc-latina.com\\\/wp-content\\\/uploads\\\/2026\\\/05\\\/cropped-logo.gif\",\"contentUrl\":\"https:\\\/\\\/abc-latina.com\\\/wp-content\\\/uploads\\\/2026\\\/05\\\/cropped-logo.gif\",\"width\":89,\"height\":84,\"caption\":\"Abc-latina\"},\"image\":{\"@id\":\"https:\\\/\\\/abc-latina.com\\\/#\\\/schema\\\/logo\\\/image\\\/\"}}]}<\/script>\n<!-- \/ Yoast SEO plugin. -->","yoast_head_json":{"title":"HISTOIRE - ARGENTINE - Abc-latina","description":"L'histoire de l'Argentine, en d\u00e9tail.","robots":{"index":"index","follow":"follow","max-snippet":"max-snippet:-1","max-image-preview":"max-image-preview:large","max-video-preview":"max-video-preview:-1"},"canonical":"https:\/\/abc-latina.com\/argentine\/histoire\/","og_locale":"fr_FR","og_type":"article","og_title":"HISTOIRE - ARGENTINE - Abc-latina","og_description":"L'histoire de l'Argentine, en d\u00e9tail.","og_url":"https:\/\/abc-latina.com\/argentine\/histoire\/","og_site_name":"Abc-latina","article_modified_time":"2026-04-30T16:24:44+00:00","og_image":[{"width":500,"height":251,"url":"https:\/\/abc-latina.com\/wp-content\/uploads\/2010\/06\/003-histoire-de-l-argentine.jpg","type":"image\/jpeg"}],"twitter_card":"summary_large_image","twitter_misc":{"Dur\u00e9e de lecture estim\u00e9e":"5 minutes"},"schema":{"@context":"https:\/\/schema.org","@graph":[{"@type":"WebPage","@id":"https:\/\/abc-latina.com\/argentine\/histoire\/","url":"https:\/\/abc-latina.com\/argentine\/histoire\/","name":"HISTOIRE - ARGENTINE - Abc-latina","isPartOf":{"@id":"https:\/\/abc-latina.com\/#website"},"primaryImageOfPage":{"@id":"https:\/\/abc-latina.com\/argentine\/histoire\/#primaryimage"},"image":{"@id":"https:\/\/abc-latina.com\/argentine\/histoire\/#primaryimage"},"thumbnailUrl":"https:\/\/abc-latina.com\/wp-content\/uploads\/2010\/06\/003-histoire-de-l-argentine.jpg","datePublished":"2010-06-01T01:42:29+00:00","dateModified":"2026-04-30T16:24:44+00:00","description":"L'histoire de l'Argentine, en d\u00e9tail.","breadcrumb":{"@id":"https:\/\/abc-latina.com\/argentine\/histoire\/#breadcrumb"},"inLanguage":"fr-FR","potentialAction":[{"@type":"ReadAction","target":["https:\/\/abc-latina.com\/argentine\/histoire\/"]}]},{"@type":"ImageObject","inLanguage":"fr-FR","@id":"https:\/\/abc-latina.com\/argentine\/histoire\/#primaryimage","url":"https:\/\/abc-latina.com\/wp-content\/uploads\/2010\/06\/003-histoire-de-l-argentine.jpg","contentUrl":"https:\/\/abc-latina.com\/wp-content\/uploads\/2010\/06\/003-histoire-de-l-argentine.jpg","width":500,"height":251,"caption":"L'HISTOIRE DE L'ARGENTINE"},{"@type":"BreadcrumbList","@id":"https:\/\/abc-latina.com\/argentine\/histoire\/#breadcrumb","itemListElement":[{"@type":"ListItem","position":1,"name":"Accueil","item":"https:\/\/abc-latina.com\/"},{"@type":"ListItem","position":2,"name":"HISTOIRE &#8211; ARGENTINE"}]},{"@type":"WebSite","@id":"https:\/\/abc-latina.com\/#website","url":"https:\/\/abc-latina.com\/","name":"Abc-latina","description":"","publisher":{"@id":"https:\/\/abc-latina.com\/#organization"},"potentialAction":[{"@type":"SearchAction","target":{"@type":"EntryPoint","urlTemplate":"https:\/\/abc-latina.com\/?s={search_term_string}"},"query-input":{"@type":"PropertyValueSpecification","valueRequired":true,"valueName":"search_term_string"}}],"inLanguage":"fr-FR"},{"@type":"Organization","@id":"https:\/\/abc-latina.com\/#organization","name":"Abc-latina","url":"https:\/\/abc-latina.com\/","logo":{"@type":"ImageObject","inLanguage":"fr-FR","@id":"https:\/\/abc-latina.com\/#\/schema\/logo\/image\/","url":"https:\/\/abc-latina.com\/wp-content\/uploads\/2026\/05\/cropped-logo.gif","contentUrl":"https:\/\/abc-latina.com\/wp-content\/uploads\/2026\/05\/cropped-logo.gif","width":89,"height":84,"caption":"Abc-latina"},"image":{"@id":"https:\/\/abc-latina.com\/#\/schema\/logo\/image\/"}}]}},"_links":{"self":[{"href":"https:\/\/abc-latina.com\/wp-json\/wp\/v2\/pages\/72","targetHints":{"allow":["GET"]}}],"collection":[{"href":"https:\/\/abc-latina.com\/wp-json\/wp\/v2\/pages"}],"about":[{"href":"https:\/\/abc-latina.com\/wp-json\/wp\/v2\/types\/page"}],"author":[{"embeddable":true,"href":"https:\/\/abc-latina.com\/wp-json\/wp\/v2\/users\/3"}],"replies":[{"embeddable":true,"href":"https:\/\/abc-latina.com\/wp-json\/wp\/v2\/comments?post=72"}],"version-history":[{"count":1,"href":"https:\/\/abc-latina.com\/wp-json\/wp\/v2\/pages\/72\/revisions"}],"predecessor-version":[{"id":3054,"href":"https:\/\/abc-latina.com\/wp-json\/wp\/v2\/pages\/72\/revisions\/3054"}],"up":[{"embeddable":true,"href":"https:\/\/abc-latina.com\/wp-json\/wp\/v2\/pages\/39"}],"wp:featuredmedia":[{"embeddable":true,"href":"https:\/\/abc-latina.com\/wp-json\/wp\/v2\/media\/71"}],"wp:attachment":[{"href":"https:\/\/abc-latina.com\/wp-json\/wp\/v2\/media?parent=72"}],"curies":[{"name":"wp","href":"https:\/\/api.w.org\/{rel}","templated":true}]}}