{"id":74,"date":"2010-06-01T03:45:00","date_gmt":"2010-06-01T01:45:00","guid":{"rendered":"http:\/\/abc-latina.com\/hotels-htm\/"},"modified":"2026-04-30T18:24:44","modified_gmt":"2026-04-30T16:24:44","slug":"hotels","status":"publish","type":"page","link":"https:\/\/abc-latina.com\/argentine\/hotels\/","title":{"rendered":"HOTELS en Argentine"},"content":{"rendered":"<p style=\"text-align: justify;\"><img loading=\"lazy\" decoding=\"async\" class=\" size-full wp-image-73\" src=\"http:\/\/abc-latina.com\/wp-content\/uploads\/2010\/06\/026-reservation-chambre-d-hotel.jpg\" alt=\"\" width=\"700\" height=\"446\" srcset=\"https:\/\/abc-latina.com\/wp-content\/uploads\/2010\/06\/026-reservation-chambre-d-hotel.jpg 700w, https:\/\/abc-latina.com\/wp-content\/uploads\/2010\/06\/026-reservation-chambre-d-hotel-300x191.jpg 300w\" sizes=\"auto, (max-width: 700px) 100vw, 700px\" \/><\/p>\n<p style=\"text-align: justify;\">Ce moteur recherche simultan\u00e9ment votre <strong>chambre d&rsquo;h\u00f4tel en ARGENTINE<\/strong>&nbsp;chez nos partenaires, compare les offres, v\u00e9rifie les disponibilit\u00e9s en temps r\u00e9el et classe instantan\u00e9ment les r\u00e9sultats du moins cher au plus cher.<\/p>\n<p style=\"text-align: justify;\"><script type=\"text\/javascript\">\nvar uri = 'https:\/\/impfr.tradedoubler.com\/imp?type(img)g(23126366)a(966162)' + new String (Math.random()).substring (2, 11);\ndocument.write('<a href=\"https:\/\/clk.tradedoubler.com\/click?p=244245&#038;a=966162&#038;g=23126366\" target=\"_BLANK\"><img decoding=\"async\" src=\"'+uri+'\" border=0><\/a>');\n<\/script><\/p>\n<p style=\"text-align: center;\">Bariloche &#8211; Buenos Aires &#8211; Iguazu &#8211; Jujuy &#8211; La Plata &#8211; Lujan &#8211; Mar del Plata &#8211; Mendoza &#8211; Neuquen <br \/>Patagonie &#8211; Peninsule Valdes &#8211; Perito moreno &#8211; Salta &#8211; San Antonio de areco &#8211; Terre de feu &#8211; Tucuman<\/p>\n<p style=\"text-align: center;\">&nbsp;<\/p>\n<h3>A savoir sur les hotels en Argentine<\/h3>\n<p style=\"text-align: left;\">La gamme des h\u00f4tels couvre toutes les cat\u00e9gories depuis les plus somptueux jusqu&rsquo;\u00e0 la classe la plus simple.<br \/>Tous les h\u00f4tels appliquent une taxe de s\u00e9jour d&rsquo;environ 3%, une taxe de service de 24% pour la nourriture et les boissons et une taxe de 15% pour la chambre. Lors de la r\u00e9servation, v\u00e9rifiez que les taxes appliqu\u00e9es sont correctes. <\/p>\n<p>Classification<br \/>Les h\u00f4tels 1, 2 et 3 \u00e9toiles, pensions de familles et auberges sont assujettis \u00e0 des tarifs fixes; les h\u00f4tels 4 et 5 \u00e9toiles sont libres de fixer leurs tarifs.<br \/>&nbsp;<\/p>\n<p> <!--?php\n$_REQUEST['pays']=11;\/\/ Argentine\nif(!isset($_GET['continent'])) $_REQUEST['continent']=3; \/\/ amerique du sud\nif(!isset($_GET['page']))$_REQUEST['page']=1;\/\/ n\u00b0 premi\u00e8re page \u00e0 afficher\nif(!isset($_GET['formule']))$_REQUEST['formule']=2;\n\/\/ 0 : Voyages, 1: S\u00e9jours, 2 : Circuits, 3: Croisi\u00e8res, 4 : Locations\n\/\/$_REQUEST['villea'] = 45; \/\/ ville \u00e0 afficher\ninclude('easyvoyage\/index.php');\n?--><\/p>\n","protected":false},"excerpt":{"rendered":"<p>Ce moteur recherche simultan\u00e9ment votre chambre d&rsquo;h\u00f4tel en ARGENTINE&nbsp;chez nos partenaires, compare les offres, v\u00e9rifie les disponibilit\u00e9s en temps r\u00e9el [&hellip;]<\/p>\n","protected":false},"author":3,"featured_media":73,"parent":39,"menu_order":0,"comment_status":"closed","ping_status":"closed","template":"","meta":{"site-sidebar-layout":"default","site-content-layout":"","ast-site-content-layout":"default","site-content-style":"default","site-sidebar-style":"default","ast-global-header-display":"","ast-banner-title-visibility":"","ast-main-header-display":"","ast-hfb-above-header-display":"","ast-hfb-below-header-display":"","ast-hfb-mobile-header-display":"","site-post-title":"","ast-breadcrumbs-content":"","ast-featured-img":"","footer-sml-layout":"","ast-disable-related-posts":"","theme-transparent-header-meta":"","adv-header-id-meta":"","stick-header-meta":"","header-above-stick-meta":"","header-main-stick-meta":"","header-below-stick-meta":"","astra-migrate-meta-layouts":"default","ast-page-background-enabled":"default","ast-page-background-meta":{"desktop":{"background-color":"var(--ast-global-color-5)","background-image":"","background-repeat":"repeat","background-position":"center center","background-size":"auto","background-attachment":"scroll","background-type":"","background-media":"","overlay-type":"","overlay-color":"","overlay-opacity":"","overlay-gradient":""},"tablet":{"background-color":"","background-image":"","background-repeat":"repeat","background-position":"center center","background-size":"auto","background-attachment":"scroll","background-type":"","background-media":"","overlay-type":"","overlay-color":"","overlay-opacity":"","overlay-gradient":""},"mobile":{"background-color":"","background-image":"","background-repeat":"repeat","background-position":"center center","background-size":"auto","background-attachment":"scroll","background-type":"","background-media":"","overlay-type":"","overlay-color":"","overlay-opacity":"","overlay-gradient":""}},"ast-content-background-meta":{"desktop":{"background-color":"var(--ast-global-color-4)","background-image":"","background-repeat":"repeat","background-position":"center center","background-size":"auto","background-attachment":"scroll","background-type":"","background-media":"","overlay-type":"","overlay-color":"","overlay-opacity":"","overlay-gradient":""},"tablet":{"background-color":"var(--ast-global-color-4)","background-image":"","background-repeat":"repeat","background-position":"center center","background-size":"auto","background-attachment":"scroll","background-type":"","background-media":"","overlay-type":"","overlay-color":"","overlay-opacity":"","overlay-gradient":""},"mobile":{"background-color":"var(--ast-global-color-4)","background-image":"","background-repeat":"repeat","background-position":"center center","background-size":"auto","background-attachment":"scroll","background-type":"","background-media":"","overlay-type":"","overlay-color":"","overlay-opacity":"","overlay-gradient":""}},"footnotes":""},"class_list":["post-74","page","type-page","status-publish","has-post-thumbnail","hentry"],"yoast_head":"<!-- This site is optimized with the Yoast SEO plugin v27.5 - https:\/\/yoast.com\/product\/yoast-seo-wordpress\/ -->\n<title>HOTELS en Argentine - Abc-latina<\/title>\n<meta name=\"description\" content=\"Reservation de chambre d&#039;hotels en Argentine. Hotels toutes cat\u00e9gories. R\u00e9servation en ligne. H\u00e9bergement en Argentine.\" \/>\n<meta name=\"robots\" content=\"index, follow, max-snippet:-1, max-image-preview:large, max-video-preview:-1\" \/>\n<link rel=\"canonical\" href=\"https:\/\/abc-latina.com\/argentine\/hotels\/\" \/>\n<meta property=\"og:locale\" content=\"fr_FR\" \/>\n<meta property=\"og:type\" content=\"article\" \/>\n<meta property=\"og:title\" content=\"HOTELS en Argentine - Abc-latina\" \/>\n<meta property=\"og:description\" content=\"Reservation de chambre d&#039;hotels en Argentine. Hotels toutes cat\u00e9gories. R\u00e9servation en ligne. H\u00e9bergement en Argentine.\" \/>\n<meta property=\"og:url\" content=\"https:\/\/abc-latina.com\/argentine\/hotels\/\" \/>\n<meta property=\"og:site_name\" content=\"Abc-latina\" \/>\n<meta property=\"article:modified_time\" content=\"2026-04-30T16:24:44+00:00\" \/>\n<meta property=\"og:image\" content=\"https:\/\/abc-latina.com\/wp-content\/uploads\/2010\/06\/026-reservation-chambre-d-hotel.jpg\" \/>\n\t<meta property=\"og:image:width\" content=\"700\" \/>\n\t<meta property=\"og:image:height\" content=\"446\" \/>\n\t<meta property=\"og:image:type\" content=\"image\/jpeg\" \/>\n<meta name=\"twitter:card\" content=\"summary_large_image\" \/>\n<meta name=\"twitter:label1\" content=\"Dur\u00e9e de lecture estim\u00e9e\" \/>\n\t<meta name=\"twitter:data1\" content=\"1 minute\" \/>\n<script type=\"application\/ld+json\" class=\"yoast-schema-graph\">{\"@context\":\"https:\\\/\\\/schema.org\",\"@graph\":[{\"@type\":\"WebPage\",\"@id\":\"https:\\\/\\\/abc-latina.com\\\/argentine\\\/hotels\\\/\",\"url\":\"https:\\\/\\\/abc-latina.com\\\/argentine\\\/hotels\\\/\",\"name\":\"HOTELS en Argentine - Abc-latina\",\"isPartOf\":{\"@id\":\"https:\\\/\\\/abc-latina.com\\\/#website\"},\"primaryImageOfPage\":{\"@id\":\"https:\\\/\\\/abc-latina.com\\\/argentine\\\/hotels\\\/#primaryimage\"},\"image\":{\"@id\":\"https:\\\/\\\/abc-latina.com\\\/argentine\\\/hotels\\\/#primaryimage\"},\"thumbnailUrl\":\"https:\\\/\\\/abc-latina.com\\\/wp-content\\\/uploads\\\/2010\\\/06\\\/026-reservation-chambre-d-hotel.jpg\",\"datePublished\":\"2010-06-01T01:45:00+00:00\",\"dateModified\":\"2026-04-30T16:24:44+00:00\",\"description\":\"Reservation de chambre d'hotels en Argentine. Hotels toutes cat\u00e9gories. R\u00e9servation en ligne. H\u00e9bergement en Argentine.\",\"breadcrumb\":{\"@id\":\"https:\\\/\\\/abc-latina.com\\\/argentine\\\/hotels\\\/#breadcrumb\"},\"inLanguage\":\"fr-FR\",\"potentialAction\":[{\"@type\":\"ReadAction\",\"target\":[\"https:\\\/\\\/abc-latina.com\\\/argentine\\\/hotels\\\/\"]}]},{\"@type\":\"ImageObject\",\"inLanguage\":\"fr-FR\",\"@id\":\"https:\\\/\\\/abc-latina.com\\\/argentine\\\/hotels\\\/#primaryimage\",\"url\":\"https:\\\/\\\/abc-latina.com\\\/wp-content\\\/uploads\\\/2010\\\/06\\\/026-reservation-chambre-d-hotel.jpg\",\"contentUrl\":\"https:\\\/\\\/abc-latina.com\\\/wp-content\\\/uploads\\\/2010\\\/06\\\/026-reservation-chambre-d-hotel.jpg\",\"width\":700,\"height\":446},{\"@type\":\"BreadcrumbList\",\"@id\":\"https:\\\/\\\/abc-latina.com\\\/argentine\\\/hotels\\\/#breadcrumb\",\"itemListElement\":[{\"@type\":\"ListItem\",\"position\":1,\"name\":\"Accueil\",\"item\":\"https:\\\/\\\/abc-latina.com\\\/\"},{\"@type\":\"ListItem\",\"position\":2,\"name\":\"HOTELS en Argentine\"}]},{\"@type\":\"WebSite\",\"@id\":\"https:\\\/\\\/abc-latina.com\\\/#website\",\"url\":\"https:\\\/\\\/abc-latina.com\\\/\",\"name\":\"Abc-latina\",\"description\":\"\",\"publisher\":{\"@id\":\"https:\\\/\\\/abc-latina.com\\\/#organization\"},\"potentialAction\":[{\"@type\":\"SearchAction\",\"target\":{\"@type\":\"EntryPoint\",\"urlTemplate\":\"https:\\\/\\\/abc-latina.com\\\/?s={search_term_string}\"},\"query-input\":{\"@type\":\"PropertyValueSpecification\",\"valueRequired\":true,\"valueName\":\"search_term_string\"}}],\"inLanguage\":\"fr-FR\"},{\"@type\":\"Organization\",\"@id\":\"https:\\\/\\\/abc-latina.com\\\/#organization\",\"name\":\"Abc-latina\",\"url\":\"https:\\\/\\\/abc-latina.com\\\/\",\"logo\":{\"@type\":\"ImageObject\",\"inLanguage\":\"fr-FR\",\"@id\":\"https:\\\/\\\/abc-latina.com\\\/#\\\/schema\\\/logo\\\/image\\\/\",\"url\":\"https:\\\/\\\/abc-latina.com\\\/wp-content\\\/uploads\\\/2026\\\/05\\\/cropped-logo.gif\",\"contentUrl\":\"https:\\\/\\\/abc-latina.com\\\/wp-content\\\/uploads\\\/2026\\\/05\\\/cropped-logo.gif\",\"width\":89,\"height\":84,\"caption\":\"Abc-latina\"},\"image\":{\"@id\":\"https:\\\/\\\/abc-latina.com\\\/#\\\/schema\\\/logo\\\/image\\\/\"}}]}<\/script>\n<!-- \/ Yoast SEO plugin. -->","yoast_head_json":{"title":"HOTELS en Argentine - Abc-latina","description":"Reservation de chambre d'hotels en Argentine. Hotels toutes cat\u00e9gories. R\u00e9servation en ligne. H\u00e9bergement en Argentine.","robots":{"index":"index","follow":"follow","max-snippet":"max-snippet:-1","max-image-preview":"max-image-preview:large","max-video-preview":"max-video-preview:-1"},"canonical":"https:\/\/abc-latina.com\/argentine\/hotels\/","og_locale":"fr_FR","og_type":"article","og_title":"HOTELS en Argentine - Abc-latina","og_description":"Reservation de chambre d'hotels en Argentine. Hotels toutes cat\u00e9gories. R\u00e9servation en ligne. H\u00e9bergement en Argentine.","og_url":"https:\/\/abc-latina.com\/argentine\/hotels\/","og_site_name":"Abc-latina","article_modified_time":"2026-04-30T16:24:44+00:00","og_image":[{"width":700,"height":446,"url":"https:\/\/abc-latina.com\/wp-content\/uploads\/2010\/06\/026-reservation-chambre-d-hotel.jpg","type":"image\/jpeg"}],"twitter_card":"summary_large_image","twitter_misc":{"Dur\u00e9e de lecture estim\u00e9e":"1 minute"},"schema":{"@context":"https:\/\/schema.org","@graph":[{"@type":"WebPage","@id":"https:\/\/abc-latina.com\/argentine\/hotels\/","url":"https:\/\/abc-latina.com\/argentine\/hotels\/","name":"HOTELS en Argentine - Abc-latina","isPartOf":{"@id":"https:\/\/abc-latina.com\/#website"},"primaryImageOfPage":{"@id":"https:\/\/abc-latina.com\/argentine\/hotels\/#primaryimage"},"image":{"@id":"https:\/\/abc-latina.com\/argentine\/hotels\/#primaryimage"},"thumbnailUrl":"https:\/\/abc-latina.com\/wp-content\/uploads\/2010\/06\/026-reservation-chambre-d-hotel.jpg","datePublished":"2010-06-01T01:45:00+00:00","dateModified":"2026-04-30T16:24:44+00:00","description":"Reservation de chambre d'hotels en Argentine. Hotels toutes cat\u00e9gories. R\u00e9servation en ligne. H\u00e9bergement en Argentine.","breadcrumb":{"@id":"https:\/\/abc-latina.com\/argentine\/hotels\/#breadcrumb"},"inLanguage":"fr-FR","potentialAction":[{"@type":"ReadAction","target":["https:\/\/abc-latina.com\/argentine\/hotels\/"]}]},{"@type":"ImageObject","inLanguage":"fr-FR","@id":"https:\/\/abc-latina.com\/argentine\/hotels\/#primaryimage","url":"https:\/\/abc-latina.com\/wp-content\/uploads\/2010\/06\/026-reservation-chambre-d-hotel.jpg","contentUrl":"https:\/\/abc-latina.com\/wp-content\/uploads\/2010\/06\/026-reservation-chambre-d-hotel.jpg","width":700,"height":446},{"@type":"BreadcrumbList","@id":"https:\/\/abc-latina.com\/argentine\/hotels\/#breadcrumb","itemListElement":[{"@type":"ListItem","position":1,"name":"Accueil","item":"https:\/\/abc-latina.com\/"},{"@type":"ListItem","position":2,"name":"HOTELS en Argentine"}]},{"@type":"WebSite","@id":"https:\/\/abc-latina.com\/#website","url":"https:\/\/abc-latina.com\/","name":"Abc-latina","description":"","publisher":{"@id":"https:\/\/abc-latina.com\/#organization"},"potentialAction":[{"@type":"SearchAction","target":{"@type":"EntryPoint","urlTemplate":"https:\/\/abc-latina.com\/?s={search_term_string}"},"query-input":{"@type":"PropertyValueSpecification","valueRequired":true,"valueName":"search_term_string"}}],"inLanguage":"fr-FR"},{"@type":"Organization","@id":"https:\/\/abc-latina.com\/#organization","name":"Abc-latina","url":"https:\/\/abc-latina.com\/","logo":{"@type":"ImageObject","inLanguage":"fr-FR","@id":"https:\/\/abc-latina.com\/#\/schema\/logo\/image\/","url":"https:\/\/abc-latina.com\/wp-content\/uploads\/2026\/05\/cropped-logo.gif","contentUrl":"https:\/\/abc-latina.com\/wp-content\/uploads\/2026\/05\/cropped-logo.gif","width":89,"height":84,"caption":"Abc-latina"},"image":{"@id":"https:\/\/abc-latina.com\/#\/schema\/logo\/image\/"}}]}},"_links":{"self":[{"href":"https:\/\/abc-latina.com\/wp-json\/wp\/v2\/pages\/74","targetHints":{"allow":["GET"]}}],"collection":[{"href":"https:\/\/abc-latina.com\/wp-json\/wp\/v2\/pages"}],"about":[{"href":"https:\/\/abc-latina.com\/wp-json\/wp\/v2\/types\/page"}],"author":[{"embeddable":true,"href":"https:\/\/abc-latina.com\/wp-json\/wp\/v2\/users\/3"}],"replies":[{"embeddable":true,"href":"https:\/\/abc-latina.com\/wp-json\/wp\/v2\/comments?post=74"}],"version-history":[{"count":1,"href":"https:\/\/abc-latina.com\/wp-json\/wp\/v2\/pages\/74\/revisions"}],"predecessor-version":[{"id":3055,"href":"https:\/\/abc-latina.com\/wp-json\/wp\/v2\/pages\/74\/revisions\/3055"}],"up":[{"embeddable":true,"href":"https:\/\/abc-latina.com\/wp-json\/wp\/v2\/pages\/39"}],"wp:featuredmedia":[{"embeddable":true,"href":"https:\/\/abc-latina.com\/wp-json\/wp\/v2\/media\/73"}],"wp:attachment":[{"href":"https:\/\/abc-latina.com\/wp-json\/wp\/v2\/media?parent=74"}],"curies":[{"name":"wp","href":"https:\/\/api.w.org\/{rel}","templated":true}]}}