{"id":76,"date":"2010-06-01T03:49:07","date_gmt":"2010-06-01T01:49:07","guid":{"rendered":"http:\/\/abc-latina.com\/iguazu-htm\/"},"modified":"2026-04-30T18:24:44","modified_gmt":"2026-04-30T16:24:44","slug":"iguazu","status":"publish","type":"page","link":"https:\/\/abc-latina.com\/argentine\/iguazu\/","title":{"rendered":"LES CHUTES D&rsquo;IGUAZU"},"content":{"rendered":"<p><img loading=\"lazy\" decoding=\"async\" class=\" size-full wp-image-75\" src=\"http:\/\/abc-latina.com\/wp-content\/uploads\/2010\/06\/iguazu_2.jpg\" title=\"VOYAGES aux CHUTES D'IGUAZU\" alt=\"VOYAGES aux CHUTES D'IGUAZU\" width=\"480\" height=\"318\" srcset=\"https:\/\/abc-latina.com\/wp-content\/uploads\/2010\/06\/iguazu_2.jpg 620w, https:\/\/abc-latina.com\/wp-content\/uploads\/2010\/06\/iguazu_2-300x199.jpg 300w\" sizes=\"auto, (max-width: 480px) 100vw, 480px\" \/><\/p>\n<p>Dans le parc naturel de 18.000 hectares qui chevauche les fronti\u00e8res, dans une for\u00eat humide, dense et difficile d&rsquo;acc\u00e8s, est situ\u00e9e l&rsquo;une des curiosit\u00e9s naturelles les plus marquantes d&rsquo;Am\u00e9rique du Sud, les <span class=\"tourisme-chapitre\">chutes d&rsquo;Iguazu<\/span>. Les Argentins et les Br\u00e9siliens se disputent le privil\u00e8ge des meilleurs points de vue sur les chutes.<br \/> Pour avoir une vision d&rsquo;ensemble de ces chutes, il faut se rendre des deux c\u00f4t\u00e9s de la fronti\u00e8re.<br \/> Du c\u00f4t\u00e9 argentin on s&rsquo;en approche par des sentiers et passerelles qui respectent la for\u00eat. Les cataractes de l&rsquo;Iguazu sont form\u00e9es par un d\u00e9nivellement brusque du cours du fleuve, qui tombe \u00e0 pic des falaises basaltiques hautes de 60 \u00e0 70 m sur un d\u00e9veloppement de quatre kilom\u00e8tres.<br \/> Le d\u00e9bit des chutes du Niagara est, certes, plus imposant (bien que l&rsquo;eau n&rsquo;y tombe que de 56 m de haut), mais le cadre naturel des chutes d&rsquo;Iguazu, cette v\u00e9g\u00e9tation <a href=\"https:\/\/www.abc-latina.com\/argentine\/tour_operateur\" target=\"_blank\"><img loading=\"lazy\" decoding=\"async\" class=\" alignright size-full wp-image-41\" src=\"http:\/\/abc-latina.com\/wp-content\/uploads\/2010\/04\/timbre_to.gif\" style=\"margin: 5px; float: right;\" alt=\"\" width=\"125\" height=\"90\" \/><\/a>sauvage si bien pr\u00e9serv\u00e9e, donnent \u00e0 celles-ci un pittoresque bien sup\u00e9rieur.<\/p>\n<p>&nbsp;<img loading=\"lazy\" decoding=\"async\" class=\" size-full wp-image-46\" src=\"http:\/\/abc-latina.com\/wp-content\/uploads\/2010\/04\/pages-associes.gif\" alt=\"\" width=\"120\" height=\"10\" \/><br \/><a href=\"https:\/\/www.abc-latina.com\/argentine\/photos\/photos_chutes_iguazu\">Photos d&rsquo;Iguazu<\/a> <\/p>\n<h3>Pr\u00e9parez votre voyage \u00e0 Iguazu:<\/h3>\n<div><a href=\"https:\/\/www.abc-latina.com\/argentine\/agence_de_voyages\">Agences de voyage g\u00e9n\u00e9ralistes et discounteurs<\/a><\/div>\n<div><a href=\"https:\/\/www.abc-latina.com\/argentine\/tour_operateur\">Tours Op\u00e9rateurs sp\u00e9cialistes de l&rsquo;Argentine<\/a><\/div>\n<div><a href=\"https:\/\/www.abc-latina.com\/to\/reservation_billet_avion\" target=\"_blank\">R\u00e9servez votre billet d&rsquo;avion<\/a><\/div>\n<div><a href=\"https:\/\/www.abc-latina.com\/argentine\/hotels\">R\u00e9servez votre h\u00f4tel \u00e0 Iguazu<\/a>&nbsp;<\/div>\n<div><a href=\"https:\/\/www.abc-latina.com\/to\/location_de_voiture_argentine\" target=\"_blank\">Location de voiture<\/a><\/div>\n<p>&nbsp;<\/p>\n<div id=\"cont_5afca9ac3fb2ddfa062ce5202f174893\"><span id=\"h_5afca9ac3fb2ddfa062ce5202f174893\"><a id=\"a_5afca9ac3fb2ddfa062ce5202f174893\" href=\"http:\/\/www.tameteo.com\/\" target=\"_blank\" style=\"color:#808080;font-family:2;font-size:14px;\">M\u00e9t\u00e9o<\/a> Chutes d&rsquo;Iguaz\u00fa<\/span><script type=\"text\/javascript\" src=\"http:\/\/www.tameteo.com\/wid_loader\/5afca9ac3fb2ddfa062ce5202f174893\"><\/script><\/div>\n<p>&nbsp;<\/p>\n","protected":false},"excerpt":{"rendered":"<p>Dans le parc naturel de 18.000 hectares qui chevauche les fronti\u00e8res, dans une for\u00eat humide, dense et difficile d&rsquo;acc\u00e8s, est [&hellip;]<\/p>\n","protected":false},"author":3,"featured_media":75,"parent":39,"menu_order":0,"comment_status":"closed","ping_status":"closed","template":"","meta":{"site-sidebar-layout":"default","site-content-layout":"","ast-site-content-layout":"default","site-content-style":"default","site-sidebar-style":"default","ast-global-header-display":"","ast-banner-title-visibility":"","ast-main-header-display":"","ast-hfb-above-header-display":"","ast-hfb-below-header-display":"","ast-hfb-mobile-header-display":"","site-post-title":"","ast-breadcrumbs-content":"","ast-featured-img":"","footer-sml-layout":"","ast-disable-related-posts":"","theme-transparent-header-meta":"","adv-header-id-meta":"","stick-header-meta":"","header-above-stick-meta":"","header-main-stick-meta":"","header-below-stick-meta":"","astra-migrate-meta-layouts":"default","ast-page-background-enabled":"default","ast-page-background-meta":{"desktop":{"background-color":"var(--ast-global-color-5)","background-image":"","background-repeat":"repeat","background-position":"center center","background-size":"auto","background-attachment":"scroll","background-type":"","background-media":"","overlay-type":"","overlay-color":"","overlay-opacity":"","overlay-gradient":""},"tablet":{"background-color":"","background-image":"","background-repeat":"repeat","background-position":"center center","background-size":"auto","background-attachment":"scroll","background-type":"","background-media":"","overlay-type":"","overlay-color":"","overlay-opacity":"","overlay-gradient":""},"mobile":{"background-color":"","background-image":"","background-repeat":"repeat","background-position":"center center","background-size":"auto","background-attachment":"scroll","background-type":"","background-media":"","overlay-type":"","overlay-color":"","overlay-opacity":"","overlay-gradient":""}},"ast-content-background-meta":{"desktop":{"background-color":"var(--ast-global-color-4)","background-image":"","background-repeat":"repeat","background-position":"center center","background-size":"auto","background-attachment":"scroll","background-type":"","background-media":"","overlay-type":"","overlay-color":"","overlay-opacity":"","overlay-gradient":""},"tablet":{"background-color":"var(--ast-global-color-4)","background-image":"","background-repeat":"repeat","background-position":"center center","background-size":"auto","background-attachment":"scroll","background-type":"","background-media":"","overlay-type":"","overlay-color":"","overlay-opacity":"","overlay-gradient":""},"mobile":{"background-color":"var(--ast-global-color-4)","background-image":"","background-repeat":"repeat","background-position":"center center","background-size":"auto","background-attachment":"scroll","background-type":"","background-media":"","overlay-type":"","overlay-color":"","overlay-opacity":"","overlay-gradient":""}},"footnotes":""},"class_list":["post-76","page","type-page","status-publish","has-post-thumbnail","hentry"],"yoast_head":"<!-- This site is optimized with the Yoast SEO plugin v27.5 - https:\/\/yoast.com\/product\/yoast-seo-wordpress\/ -->\n<title>LES CHUTES D&#039;IGUAZU - Abc-latina<\/title>\n<meta name=\"description\" content=\"Dans un parc naturel de 18.000 hectares est situ\u00e9e l&#039;une des curiosit\u00e9s naturelles les plus marquantes d&#039;Am\u00e9rique du Sud...\" \/>\n<meta name=\"robots\" content=\"index, follow, max-snippet:-1, max-image-preview:large, max-video-preview:-1\" \/>\n<link rel=\"canonical\" href=\"https:\/\/abc-latina.com\/argentine\/iguazu\/\" \/>\n<meta property=\"og:locale\" content=\"fr_FR\" \/>\n<meta property=\"og:type\" content=\"article\" \/>\n<meta property=\"og:title\" content=\"LES CHUTES D&#039;IGUAZU - Abc-latina\" \/>\n<meta property=\"og:description\" content=\"Dans un parc naturel de 18.000 hectares est situ\u00e9e l&#039;une des curiosit\u00e9s naturelles les plus marquantes d&#039;Am\u00e9rique du Sud...\" \/>\n<meta property=\"og:url\" content=\"https:\/\/abc-latina.com\/argentine\/iguazu\/\" \/>\n<meta property=\"og:site_name\" content=\"Abc-latina\" \/>\n<meta property=\"article:modified_time\" content=\"2026-04-30T16:24:44+00:00\" \/>\n<meta property=\"og:image\" content=\"https:\/\/abc-latina.com\/wp-content\/uploads\/2010\/06\/iguazu_2.jpg\" \/>\n\t<meta property=\"og:image:width\" content=\"620\" \/>\n\t<meta property=\"og:image:height\" content=\"411\" \/>\n\t<meta property=\"og:image:type\" content=\"image\/jpeg\" \/>\n<meta name=\"twitter:card\" content=\"summary_large_image\" \/>\n<meta name=\"twitter:label1\" content=\"Dur\u00e9e de lecture estim\u00e9e\" \/>\n\t<meta name=\"twitter:data1\" content=\"1 minute\" \/>\n<script type=\"application\/ld+json\" class=\"yoast-schema-graph\">{\"@context\":\"https:\\\/\\\/schema.org\",\"@graph\":[{\"@type\":\"WebPage\",\"@id\":\"https:\\\/\\\/abc-latina.com\\\/argentine\\\/iguazu\\\/\",\"url\":\"https:\\\/\\\/abc-latina.com\\\/argentine\\\/iguazu\\\/\",\"name\":\"LES CHUTES D'IGUAZU - Abc-latina\",\"isPartOf\":{\"@id\":\"https:\\\/\\\/abc-latina.com\\\/#website\"},\"primaryImageOfPage\":{\"@id\":\"https:\\\/\\\/abc-latina.com\\\/argentine\\\/iguazu\\\/#primaryimage\"},\"image\":{\"@id\":\"https:\\\/\\\/abc-latina.com\\\/argentine\\\/iguazu\\\/#primaryimage\"},\"thumbnailUrl\":\"https:\\\/\\\/abc-latina.com\\\/wp-content\\\/uploads\\\/2010\\\/06\\\/iguazu_2.jpg\",\"datePublished\":\"2010-06-01T01:49:07+00:00\",\"dateModified\":\"2026-04-30T16:24:44+00:00\",\"description\":\"Dans un parc naturel de 18.000 hectares est situ\u00e9e l'une des curiosit\u00e9s naturelles les plus marquantes d'Am\u00e9rique du Sud...\",\"breadcrumb\":{\"@id\":\"https:\\\/\\\/abc-latina.com\\\/argentine\\\/iguazu\\\/#breadcrumb\"},\"inLanguage\":\"fr-FR\",\"potentialAction\":[{\"@type\":\"ReadAction\",\"target\":[\"https:\\\/\\\/abc-latina.com\\\/argentine\\\/iguazu\\\/\"]}]},{\"@type\":\"ImageObject\",\"inLanguage\":\"fr-FR\",\"@id\":\"https:\\\/\\\/abc-latina.com\\\/argentine\\\/iguazu\\\/#primaryimage\",\"url\":\"https:\\\/\\\/abc-latina.com\\\/wp-content\\\/uploads\\\/2010\\\/06\\\/iguazu_2.jpg\",\"contentUrl\":\"https:\\\/\\\/abc-latina.com\\\/wp-content\\\/uploads\\\/2010\\\/06\\\/iguazu_2.jpg\",\"width\":620,\"height\":411,\"caption\":\"VOYAGES aux CHUTES D'IGUAZU\"},{\"@type\":\"BreadcrumbList\",\"@id\":\"https:\\\/\\\/abc-latina.com\\\/argentine\\\/iguazu\\\/#breadcrumb\",\"itemListElement\":[{\"@type\":\"ListItem\",\"position\":1,\"name\":\"Accueil\",\"item\":\"https:\\\/\\\/abc-latina.com\\\/\"},{\"@type\":\"ListItem\",\"position\":2,\"name\":\"LES CHUTES D&rsquo;IGUAZU\"}]},{\"@type\":\"WebSite\",\"@id\":\"https:\\\/\\\/abc-latina.com\\\/#website\",\"url\":\"https:\\\/\\\/abc-latina.com\\\/\",\"name\":\"Abc-latina\",\"description\":\"\",\"publisher\":{\"@id\":\"https:\\\/\\\/abc-latina.com\\\/#organization\"},\"potentialAction\":[{\"@type\":\"SearchAction\",\"target\":{\"@type\":\"EntryPoint\",\"urlTemplate\":\"https:\\\/\\\/abc-latina.com\\\/?s={search_term_string}\"},\"query-input\":{\"@type\":\"PropertyValueSpecification\",\"valueRequired\":true,\"valueName\":\"search_term_string\"}}],\"inLanguage\":\"fr-FR\"},{\"@type\":\"Organization\",\"@id\":\"https:\\\/\\\/abc-latina.com\\\/#organization\",\"name\":\"Abc-latina\",\"url\":\"https:\\\/\\\/abc-latina.com\\\/\",\"logo\":{\"@type\":\"ImageObject\",\"inLanguage\":\"fr-FR\",\"@id\":\"https:\\\/\\\/abc-latina.com\\\/#\\\/schema\\\/logo\\\/image\\\/\",\"url\":\"https:\\\/\\\/abc-latina.com\\\/wp-content\\\/uploads\\\/2026\\\/05\\\/cropped-logo.gif\",\"contentUrl\":\"https:\\\/\\\/abc-latina.com\\\/wp-content\\\/uploads\\\/2026\\\/05\\\/cropped-logo.gif\",\"width\":89,\"height\":84,\"caption\":\"Abc-latina\"},\"image\":{\"@id\":\"https:\\\/\\\/abc-latina.com\\\/#\\\/schema\\\/logo\\\/image\\\/\"}}]}<\/script>\n<!-- \/ Yoast SEO plugin. -->","yoast_head_json":{"title":"LES CHUTES D'IGUAZU - Abc-latina","description":"Dans un parc naturel de 18.000 hectares est situ\u00e9e l'une des curiosit\u00e9s naturelles les plus marquantes d'Am\u00e9rique du Sud...","robots":{"index":"index","follow":"follow","max-snippet":"max-snippet:-1","max-image-preview":"max-image-preview:large","max-video-preview":"max-video-preview:-1"},"canonical":"https:\/\/abc-latina.com\/argentine\/iguazu\/","og_locale":"fr_FR","og_type":"article","og_title":"LES CHUTES D'IGUAZU - Abc-latina","og_description":"Dans un parc naturel de 18.000 hectares est situ\u00e9e l'une des curiosit\u00e9s naturelles les plus marquantes d'Am\u00e9rique du Sud...","og_url":"https:\/\/abc-latina.com\/argentine\/iguazu\/","og_site_name":"Abc-latina","article_modified_time":"2026-04-30T16:24:44+00:00","og_image":[{"width":620,"height":411,"url":"https:\/\/abc-latina.com\/wp-content\/uploads\/2010\/06\/iguazu_2.jpg","type":"image\/jpeg"}],"twitter_card":"summary_large_image","twitter_misc":{"Dur\u00e9e de lecture estim\u00e9e":"1 minute"},"schema":{"@context":"https:\/\/schema.org","@graph":[{"@type":"WebPage","@id":"https:\/\/abc-latina.com\/argentine\/iguazu\/","url":"https:\/\/abc-latina.com\/argentine\/iguazu\/","name":"LES CHUTES D'IGUAZU - Abc-latina","isPartOf":{"@id":"https:\/\/abc-latina.com\/#website"},"primaryImageOfPage":{"@id":"https:\/\/abc-latina.com\/argentine\/iguazu\/#primaryimage"},"image":{"@id":"https:\/\/abc-latina.com\/argentine\/iguazu\/#primaryimage"},"thumbnailUrl":"https:\/\/abc-latina.com\/wp-content\/uploads\/2010\/06\/iguazu_2.jpg","datePublished":"2010-06-01T01:49:07+00:00","dateModified":"2026-04-30T16:24:44+00:00","description":"Dans un parc naturel de 18.000 hectares est situ\u00e9e l'une des curiosit\u00e9s naturelles les plus marquantes d'Am\u00e9rique du Sud...","breadcrumb":{"@id":"https:\/\/abc-latina.com\/argentine\/iguazu\/#breadcrumb"},"inLanguage":"fr-FR","potentialAction":[{"@type":"ReadAction","target":["https:\/\/abc-latina.com\/argentine\/iguazu\/"]}]},{"@type":"ImageObject","inLanguage":"fr-FR","@id":"https:\/\/abc-latina.com\/argentine\/iguazu\/#primaryimage","url":"https:\/\/abc-latina.com\/wp-content\/uploads\/2010\/06\/iguazu_2.jpg","contentUrl":"https:\/\/abc-latina.com\/wp-content\/uploads\/2010\/06\/iguazu_2.jpg","width":620,"height":411,"caption":"VOYAGES aux CHUTES D'IGUAZU"},{"@type":"BreadcrumbList","@id":"https:\/\/abc-latina.com\/argentine\/iguazu\/#breadcrumb","itemListElement":[{"@type":"ListItem","position":1,"name":"Accueil","item":"https:\/\/abc-latina.com\/"},{"@type":"ListItem","position":2,"name":"LES CHUTES D&rsquo;IGUAZU"}]},{"@type":"WebSite","@id":"https:\/\/abc-latina.com\/#website","url":"https:\/\/abc-latina.com\/","name":"Abc-latina","description":"","publisher":{"@id":"https:\/\/abc-latina.com\/#organization"},"potentialAction":[{"@type":"SearchAction","target":{"@type":"EntryPoint","urlTemplate":"https:\/\/abc-latina.com\/?s={search_term_string}"},"query-input":{"@type":"PropertyValueSpecification","valueRequired":true,"valueName":"search_term_string"}}],"inLanguage":"fr-FR"},{"@type":"Organization","@id":"https:\/\/abc-latina.com\/#organization","name":"Abc-latina","url":"https:\/\/abc-latina.com\/","logo":{"@type":"ImageObject","inLanguage":"fr-FR","@id":"https:\/\/abc-latina.com\/#\/schema\/logo\/image\/","url":"https:\/\/abc-latina.com\/wp-content\/uploads\/2026\/05\/cropped-logo.gif","contentUrl":"https:\/\/abc-latina.com\/wp-content\/uploads\/2026\/05\/cropped-logo.gif","width":89,"height":84,"caption":"Abc-latina"},"image":{"@id":"https:\/\/abc-latina.com\/#\/schema\/logo\/image\/"}}]}},"_links":{"self":[{"href":"https:\/\/abc-latina.com\/wp-json\/wp\/v2\/pages\/76","targetHints":{"allow":["GET"]}}],"collection":[{"href":"https:\/\/abc-latina.com\/wp-json\/wp\/v2\/pages"}],"about":[{"href":"https:\/\/abc-latina.com\/wp-json\/wp\/v2\/types\/page"}],"author":[{"embeddable":true,"href":"https:\/\/abc-latina.com\/wp-json\/wp\/v2\/users\/3"}],"replies":[{"embeddable":true,"href":"https:\/\/abc-latina.com\/wp-json\/wp\/v2\/comments?post=76"}],"version-history":[{"count":1,"href":"https:\/\/abc-latina.com\/wp-json\/wp\/v2\/pages\/76\/revisions"}],"predecessor-version":[{"id":3056,"href":"https:\/\/abc-latina.com\/wp-json\/wp\/v2\/pages\/76\/revisions\/3056"}],"up":[{"embeddable":true,"href":"https:\/\/abc-latina.com\/wp-json\/wp\/v2\/pages\/39"}],"wp:featuredmedia":[{"embeddable":true,"href":"https:\/\/abc-latina.com\/wp-json\/wp\/v2\/media\/75"}],"wp:attachment":[{"href":"https:\/\/abc-latina.com\/wp-json\/wp\/v2\/media?parent=76"}],"curies":[{"name":"wp","href":"https:\/\/api.w.org\/{rel}","templated":true}]}}