{"id":81,"date":"2010-06-01T04:00:26","date_gmt":"2010-06-01T02:00:26","guid":{"rendered":"http:\/\/abc-latina.com\/la-plata-php\/"},"modified":"2026-04-30T18:24:44","modified_gmt":"2026-04-30T16:24:44","slug":"la-plata","status":"publish","type":"page","link":"https:\/\/abc-latina.com\/argentine\/la-plata\/","title":{"rendered":"LA PLATA"},"content":{"rendered":"<p><span class=\"tourisme-chapitre\"><img loading=\"lazy\" decoding=\"async\" class=\" alignright size-full wp-image-80\" src=\"http:\/\/abc-latina.com\/wp-content\/uploads\/2010\/06\/la-plata.jpg\" title=\"LA PLATA\" alt=\"\" width=\"220\" vspace=\"9\" hspace=\"15\" height=\"220\" align=\"right\" srcset=\"https:\/\/abc-latina.com\/wp-content\/uploads\/2010\/06\/la-plata.jpg 220w, https:\/\/abc-latina.com\/wp-content\/uploads\/2010\/06\/la-plata-150x150.jpg 150w\" sizes=\"auto, (max-width: 220px) 100vw, 220px\" \/>La Plata<\/span> est belle, sa construction d\u00e9buta en 1882, elle est une sorte de synth\u00e8se du sch\u00e9ma de plusieurs villes europ\u00e9ennes et des id\u00e9es du baron Haussmann, pour se qui concerne le centre de la ville. C&rsquo;est une ville a\u00e9r\u00e9e par de grands espaces verts, o\u00f9 il fait bon fl\u00e2ner, et dont les nombreux mus\u00e9es t\u00e9moignent d&rsquo;une importante vie culturelle.<br \/> <span class=\"tourisme-unesco\">Dans la ville, \u00e0 visiter :<\/span><br \/> La plaza Moreno<br \/> Cette place est le point de convergence des principales avenues de La Plata, ses avenues sont larges et bois\u00e9es et les espaces verts y sont nombreux.<br \/> La cath\u00e9drale<br \/> <a href=\"https:\/\/www.abc-latina.com\/argentine\/tour_operateur\" target=\"_blank\"><img loading=\"lazy\" decoding=\"async\" class=\" alignright size-full wp-image-41\" src=\"http:\/\/abc-latina.com\/wp-content\/uploads\/2010\/04\/timbre_to.gif\" style=\"margin: 5px; float: right;\" alt=\"\" width=\"125\" height=\"90\" \/><\/a>Situ\u00e9e sur l&rsquo;un des c\u00f4t\u00e9s de la Plaza Moreno. C&rsquo;est un impressionnant b\u00e2timent de style n\u00e9ogothique fran\u00e7ais, tr\u00e8s sym\u00e9trique et \u00e9quilibr\u00e9 dans sa construction.<br \/> Le th\u00e9\u00e2tre argentin<br \/> D\u00e9truite par un incendie en 1977, elle a \u00e9t\u00e9 restaur\u00e9e.<br \/> Le mus\u00e9e des Sciences naturelles<br \/> Nombreux sont les mus\u00e9es \u00e0 La Plata, mais c&rsquo;est celui-ci qu&rsquo;il faut absolument visiter. Ses collections de mammif\u00e8res fossiles et de pi\u00e8ces d&rsquo;arch\u00e9ologie la placent parmi les meilleurs du monde dans ce domaine<br \/> Le parc Paseo del Bosque<br \/> Un espace vert de 60 ha qui offre un \u00e9ventail \u00e9tonnant d&rsquo;esp\u00e8ces d&rsquo;arbres.<\/p>\n<p><span class=\"tourisme-unesco\">Dans les environs :<\/span><br \/> La r\u00e9serve de la Biosph\u00e8re<br \/> Les 25.000 ha qui forment cette r\u00e9serve se trouvent au sud de Magdalena, sur la c\u00f4te du rio de la Plata. D\u00e9clar\u00e9e r\u00e9serve mondiale de la biosph\u00e8re par l&rsquo;UNESCO, cette r\u00e9serve est un peu particuli\u00e8re, puisqu&rsquo;elle n&#8217;emp\u00eache pas l&rsquo;activit\u00e9 humaine, notamment l&rsquo;agriculture. On peut la parcourir en voiture, \u00e0 vitesse r\u00e9duite pour \u00e9viter de perturber la tranquillit\u00e9 des lieux.<\/p>\n<h3>Pr\u00e9parez votre voyage \u00e0 La Plata:<\/h3>\n<div><a href=\"https:\/\/www.abc-latina.com\/argentine\/agence_de_voyages\">Agences de voyage g\u00e9n\u00e9ralistes et discounteurs<\/a><\/div>\n<div><a href=\"https:\/\/www.abc-latina.com\/argentine\/tour_operateur\">Tours Op\u00e9rateurs sp\u00e9cialistes de l&rsquo;Argentine<\/a><\/div>\n<div><a href=\"https:\/\/www.abc-latina.com\/to\/reservation_billet_avion\" target=\"_blank\">R\u00e9servez votre billet d&rsquo;avion<\/a><\/div>\n<div><a href=\"hotels\" target=\"_blank\">R\u00e9servez votre h\u00f4tel \u00e0 La Plata<\/a>&nbsp;<\/div>\n<div><a href=\"https:\/\/www.abc-latina.com\/to\/location_de_voiture_argentine\" target=\"_blank\">Location de voiture<\/a><\/div>\n<p>&nbsp;<\/p>\n","protected":false},"excerpt":{"rendered":"<p>La Plata est belle, sa construction d\u00e9buta en 1882, elle est une sorte de synth\u00e8se du sch\u00e9ma de plusieurs villes [&hellip;]<\/p>\n","protected":false},"author":3,"featured_media":80,"parent":39,"menu_order":0,"comment_status":"closed","ping_status":"closed","template":"","meta":{"site-sidebar-layout":"default","site-content-layout":"","ast-site-content-layout":"default","site-content-style":"default","site-sidebar-style":"default","ast-global-header-display":"","ast-banner-title-visibility":"","ast-main-header-display":"","ast-hfb-above-header-display":"","ast-hfb-below-header-display":"","ast-hfb-mobile-header-display":"","site-post-title":"","ast-breadcrumbs-content":"","ast-featured-img":"","footer-sml-layout":"","ast-disable-related-posts":"","theme-transparent-header-meta":"","adv-header-id-meta":"","stick-header-meta":"","header-above-stick-meta":"","header-main-stick-meta":"","header-below-stick-meta":"","astra-migrate-meta-layouts":"default","ast-page-background-enabled":"default","ast-page-background-meta":{"desktop":{"background-color":"var(--ast-global-color-5)","background-image":"","background-repeat":"repeat","background-position":"center center","background-size":"auto","background-attachment":"scroll","background-type":"","background-media":"","overlay-type":"","overlay-color":"","overlay-opacity":"","overlay-gradient":""},"tablet":{"background-color":"","background-image":"","background-repeat":"repeat","background-position":"center center","background-size":"auto","background-attachment":"scroll","background-type":"","background-media":"","overlay-type":"","overlay-color":"","overlay-opacity":"","overlay-gradient":""},"mobile":{"background-color":"","background-image":"","background-repeat":"repeat","background-position":"center center","background-size":"auto","background-attachment":"scroll","background-type":"","background-media":"","overlay-type":"","overlay-color":"","overlay-opacity":"","overlay-gradient":""}},"ast-content-background-meta":{"desktop":{"background-color":"var(--ast-global-color-4)","background-image":"","background-repeat":"repeat","background-position":"center center","background-size":"auto","background-attachment":"scroll","background-type":"","background-media":"","overlay-type":"","overlay-color":"","overlay-opacity":"","overlay-gradient":""},"tablet":{"background-color":"var(--ast-global-color-4)","background-image":"","background-repeat":"repeat","background-position":"center center","background-size":"auto","background-attachment":"scroll","background-type":"","background-media":"","overlay-type":"","overlay-color":"","overlay-opacity":"","overlay-gradient":""},"mobile":{"background-color":"var(--ast-global-color-4)","background-image":"","background-repeat":"repeat","background-position":"center center","background-size":"auto","background-attachment":"scroll","background-type":"","background-media":"","overlay-type":"","overlay-color":"","overlay-opacity":"","overlay-gradient":""}},"footnotes":""},"class_list":["post-81","page","type-page","status-publish","has-post-thumbnail","hentry"],"yoast_head":"<!-- This site is optimized with the Yoast SEO plugin v27.5 - https:\/\/yoast.com\/product\/yoast-seo-wordpress\/ -->\n<title>LA PLATA - Abc-latina<\/title>\n<meta name=\"description\" content=\"La Plata est une sorte de synth\u00e8se de plusieurs villes europ\u00e9ennes et des id\u00e9es du baron Haussmann, pour se qui concerne le centre de la ville...\" \/>\n<meta name=\"robots\" content=\"index, follow, max-snippet:-1, max-image-preview:large, max-video-preview:-1\" \/>\n<link rel=\"canonical\" href=\"https:\/\/abc-latina.com\/argentine\/la-plata\/\" \/>\n<meta property=\"og:locale\" content=\"fr_FR\" \/>\n<meta property=\"og:type\" content=\"article\" \/>\n<meta property=\"og:title\" content=\"LA PLATA - Abc-latina\" \/>\n<meta property=\"og:description\" content=\"La Plata est une sorte de synth\u00e8se de plusieurs villes europ\u00e9ennes et des id\u00e9es du baron Haussmann, pour se qui concerne le centre de la ville...\" \/>\n<meta property=\"og:url\" content=\"https:\/\/abc-latina.com\/argentine\/la-plata\/\" \/>\n<meta property=\"og:site_name\" content=\"Abc-latina\" \/>\n<meta property=\"article:modified_time\" content=\"2026-04-30T16:24:44+00:00\" \/>\n<meta property=\"og:image\" content=\"https:\/\/abc-latina.com\/wp-content\/uploads\/2010\/06\/la-plata.jpg\" \/>\n\t<meta property=\"og:image:width\" content=\"220\" \/>\n\t<meta property=\"og:image:height\" content=\"220\" \/>\n\t<meta property=\"og:image:type\" content=\"image\/jpeg\" \/>\n<meta name=\"twitter:card\" content=\"summary_large_image\" \/>\n<meta name=\"twitter:label1\" content=\"Dur\u00e9e de lecture estim\u00e9e\" \/>\n\t<meta name=\"twitter:data1\" content=\"2 minutes\" \/>\n<script type=\"application\/ld+json\" class=\"yoast-schema-graph\">{\"@context\":\"https:\\\/\\\/schema.org\",\"@graph\":[{\"@type\":\"WebPage\",\"@id\":\"https:\\\/\\\/abc-latina.com\\\/argentine\\\/la-plata\\\/\",\"url\":\"https:\\\/\\\/abc-latina.com\\\/argentine\\\/la-plata\\\/\",\"name\":\"LA PLATA - Abc-latina\",\"isPartOf\":{\"@id\":\"https:\\\/\\\/abc-latina.com\\\/#website\"},\"primaryImageOfPage\":{\"@id\":\"https:\\\/\\\/abc-latina.com\\\/argentine\\\/la-plata\\\/#primaryimage\"},\"image\":{\"@id\":\"https:\\\/\\\/abc-latina.com\\\/argentine\\\/la-plata\\\/#primaryimage\"},\"thumbnailUrl\":\"https:\\\/\\\/abc-latina.com\\\/wp-content\\\/uploads\\\/2010\\\/06\\\/la-plata.jpg\",\"datePublished\":\"2010-06-01T02:00:26+00:00\",\"dateModified\":\"2026-04-30T16:24:44+00:00\",\"description\":\"La Plata est une sorte de synth\u00e8se de plusieurs villes europ\u00e9ennes et des id\u00e9es du baron Haussmann, pour se qui concerne le centre de la ville...\",\"breadcrumb\":{\"@id\":\"https:\\\/\\\/abc-latina.com\\\/argentine\\\/la-plata\\\/#breadcrumb\"},\"inLanguage\":\"fr-FR\",\"potentialAction\":[{\"@type\":\"ReadAction\",\"target\":[\"https:\\\/\\\/abc-latina.com\\\/argentine\\\/la-plata\\\/\"]}]},{\"@type\":\"ImageObject\",\"inLanguage\":\"fr-FR\",\"@id\":\"https:\\\/\\\/abc-latina.com\\\/argentine\\\/la-plata\\\/#primaryimage\",\"url\":\"https:\\\/\\\/abc-latina.com\\\/wp-content\\\/uploads\\\/2010\\\/06\\\/la-plata.jpg\",\"contentUrl\":\"https:\\\/\\\/abc-latina.com\\\/wp-content\\\/uploads\\\/2010\\\/06\\\/la-plata.jpg\",\"width\":220,\"height\":220,\"caption\":\"LA PLATA\"},{\"@type\":\"BreadcrumbList\",\"@id\":\"https:\\\/\\\/abc-latina.com\\\/argentine\\\/la-plata\\\/#breadcrumb\",\"itemListElement\":[{\"@type\":\"ListItem\",\"position\":1,\"name\":\"Accueil\",\"item\":\"https:\\\/\\\/abc-latina.com\\\/\"},{\"@type\":\"ListItem\",\"position\":2,\"name\":\"LA PLATA\"}]},{\"@type\":\"WebSite\",\"@id\":\"https:\\\/\\\/abc-latina.com\\\/#website\",\"url\":\"https:\\\/\\\/abc-latina.com\\\/\",\"name\":\"Abc-latina\",\"description\":\"\",\"publisher\":{\"@id\":\"https:\\\/\\\/abc-latina.com\\\/#organization\"},\"potentialAction\":[{\"@type\":\"SearchAction\",\"target\":{\"@type\":\"EntryPoint\",\"urlTemplate\":\"https:\\\/\\\/abc-latina.com\\\/?s={search_term_string}\"},\"query-input\":{\"@type\":\"PropertyValueSpecification\",\"valueRequired\":true,\"valueName\":\"search_term_string\"}}],\"inLanguage\":\"fr-FR\"},{\"@type\":\"Organization\",\"@id\":\"https:\\\/\\\/abc-latina.com\\\/#organization\",\"name\":\"Abc-latina\",\"url\":\"https:\\\/\\\/abc-latina.com\\\/\",\"logo\":{\"@type\":\"ImageObject\",\"inLanguage\":\"fr-FR\",\"@id\":\"https:\\\/\\\/abc-latina.com\\\/#\\\/schema\\\/logo\\\/image\\\/\",\"url\":\"https:\\\/\\\/abc-latina.com\\\/wp-content\\\/uploads\\\/2026\\\/05\\\/cropped-logo.gif\",\"contentUrl\":\"https:\\\/\\\/abc-latina.com\\\/wp-content\\\/uploads\\\/2026\\\/05\\\/cropped-logo.gif\",\"width\":89,\"height\":84,\"caption\":\"Abc-latina\"},\"image\":{\"@id\":\"https:\\\/\\\/abc-latina.com\\\/#\\\/schema\\\/logo\\\/image\\\/\"}}]}<\/script>\n<!-- \/ Yoast SEO plugin. -->","yoast_head_json":{"title":"LA PLATA - Abc-latina","description":"La Plata est une sorte de synth\u00e8se de plusieurs villes europ\u00e9ennes et des id\u00e9es du baron Haussmann, pour se qui concerne le centre de la ville...","robots":{"index":"index","follow":"follow","max-snippet":"max-snippet:-1","max-image-preview":"max-image-preview:large","max-video-preview":"max-video-preview:-1"},"canonical":"https:\/\/abc-latina.com\/argentine\/la-plata\/","og_locale":"fr_FR","og_type":"article","og_title":"LA PLATA - Abc-latina","og_description":"La Plata est une sorte de synth\u00e8se de plusieurs villes europ\u00e9ennes et des id\u00e9es du baron Haussmann, pour se qui concerne le centre de la ville...","og_url":"https:\/\/abc-latina.com\/argentine\/la-plata\/","og_site_name":"Abc-latina","article_modified_time":"2026-04-30T16:24:44+00:00","og_image":[{"width":220,"height":220,"url":"https:\/\/abc-latina.com\/wp-content\/uploads\/2010\/06\/la-plata.jpg","type":"image\/jpeg"}],"twitter_card":"summary_large_image","twitter_misc":{"Dur\u00e9e de lecture estim\u00e9e":"2 minutes"},"schema":{"@context":"https:\/\/schema.org","@graph":[{"@type":"WebPage","@id":"https:\/\/abc-latina.com\/argentine\/la-plata\/","url":"https:\/\/abc-latina.com\/argentine\/la-plata\/","name":"LA PLATA - Abc-latina","isPartOf":{"@id":"https:\/\/abc-latina.com\/#website"},"primaryImageOfPage":{"@id":"https:\/\/abc-latina.com\/argentine\/la-plata\/#primaryimage"},"image":{"@id":"https:\/\/abc-latina.com\/argentine\/la-plata\/#primaryimage"},"thumbnailUrl":"https:\/\/abc-latina.com\/wp-content\/uploads\/2010\/06\/la-plata.jpg","datePublished":"2010-06-01T02:00:26+00:00","dateModified":"2026-04-30T16:24:44+00:00","description":"La Plata est une sorte de synth\u00e8se de plusieurs villes europ\u00e9ennes et des id\u00e9es du baron Haussmann, pour se qui concerne le centre de la ville...","breadcrumb":{"@id":"https:\/\/abc-latina.com\/argentine\/la-plata\/#breadcrumb"},"inLanguage":"fr-FR","potentialAction":[{"@type":"ReadAction","target":["https:\/\/abc-latina.com\/argentine\/la-plata\/"]}]},{"@type":"ImageObject","inLanguage":"fr-FR","@id":"https:\/\/abc-latina.com\/argentine\/la-plata\/#primaryimage","url":"https:\/\/abc-latina.com\/wp-content\/uploads\/2010\/06\/la-plata.jpg","contentUrl":"https:\/\/abc-latina.com\/wp-content\/uploads\/2010\/06\/la-plata.jpg","width":220,"height":220,"caption":"LA PLATA"},{"@type":"BreadcrumbList","@id":"https:\/\/abc-latina.com\/argentine\/la-plata\/#breadcrumb","itemListElement":[{"@type":"ListItem","position":1,"name":"Accueil","item":"https:\/\/abc-latina.com\/"},{"@type":"ListItem","position":2,"name":"LA PLATA"}]},{"@type":"WebSite","@id":"https:\/\/abc-latina.com\/#website","url":"https:\/\/abc-latina.com\/","name":"Abc-latina","description":"","publisher":{"@id":"https:\/\/abc-latina.com\/#organization"},"potentialAction":[{"@type":"SearchAction","target":{"@type":"EntryPoint","urlTemplate":"https:\/\/abc-latina.com\/?s={search_term_string}"},"query-input":{"@type":"PropertyValueSpecification","valueRequired":true,"valueName":"search_term_string"}}],"inLanguage":"fr-FR"},{"@type":"Organization","@id":"https:\/\/abc-latina.com\/#organization","name":"Abc-latina","url":"https:\/\/abc-latina.com\/","logo":{"@type":"ImageObject","inLanguage":"fr-FR","@id":"https:\/\/abc-latina.com\/#\/schema\/logo\/image\/","url":"https:\/\/abc-latina.com\/wp-content\/uploads\/2026\/05\/cropped-logo.gif","contentUrl":"https:\/\/abc-latina.com\/wp-content\/uploads\/2026\/05\/cropped-logo.gif","width":89,"height":84,"caption":"Abc-latina"},"image":{"@id":"https:\/\/abc-latina.com\/#\/schema\/logo\/image\/"}}]}},"_links":{"self":[{"href":"https:\/\/abc-latina.com\/wp-json\/wp\/v2\/pages\/81","targetHints":{"allow":["GET"]}}],"collection":[{"href":"https:\/\/abc-latina.com\/wp-json\/wp\/v2\/pages"}],"about":[{"href":"https:\/\/abc-latina.com\/wp-json\/wp\/v2\/types\/page"}],"author":[{"embeddable":true,"href":"https:\/\/abc-latina.com\/wp-json\/wp\/v2\/users\/3"}],"replies":[{"embeddable":true,"href":"https:\/\/abc-latina.com\/wp-json\/wp\/v2\/comments?post=81"}],"version-history":[{"count":1,"href":"https:\/\/abc-latina.com\/wp-json\/wp\/v2\/pages\/81\/revisions"}],"predecessor-version":[{"id":3059,"href":"https:\/\/abc-latina.com\/wp-json\/wp\/v2\/pages\/81\/revisions\/3059"}],"up":[{"embeddable":true,"href":"https:\/\/abc-latina.com\/wp-json\/wp\/v2\/pages\/39"}],"wp:featuredmedia":[{"embeddable":true,"href":"https:\/\/abc-latina.com\/wp-json\/wp\/v2\/media\/80"}],"wp:attachment":[{"href":"https:\/\/abc-latina.com\/wp-json\/wp\/v2\/media?parent=81"}],"curies":[{"name":"wp","href":"https:\/\/api.w.org\/{rel}","templated":true}]}}