{"id":85,"date":"2010-06-01T04:23:19","date_gmt":"2010-06-01T02:23:19","guid":{"rendered":"http:\/\/abc-latina.com\/mar_del_plata-htm\/"},"modified":"2026-04-30T18:24:45","modified_gmt":"2026-04-30T16:24:45","slug":"mar_del_plata","status":"publish","type":"page","link":"https:\/\/abc-latina.com\/argentine\/mar_del_plata\/","title":{"rendered":"MAR DEL PLATA"},"content":{"rendered":"<p><span class=\"tourisme-chapitre\"><img decoding=\"async\" class=\" alignright size-full wp-image-84\" src=\"http:\/\/abc-latina.com\/wp-content\/uploads\/2010\/06\/mar-del-plata.jpg\" title=\"MAR DEL PLATA\" alt=\"\" width=\"\u00e9\u00e9\u00e0\" vspace=\"9\" hspace=\"15\" align=\"right\" srcset=\"https:\/\/abc-latina.com\/wp-content\/uploads\/2010\/06\/mar-del-plata.jpg 220w, https:\/\/abc-latina.com\/wp-content\/uploads\/2010\/06\/mar-del-plata-150x150.jpg 150w\" sizes=\"(max-width: 220px) 100vw, 220px\" \/><\/span><\/p>\n<div>La ville de <span class=\"tourisme-chapitre\">Mar del Plata<\/span> est situ\u00e9e \u00e0 400 km de Buenos Aires, capital de l&rsquo;Argentine, et compte 650.000 habitants. Elle est aussi connue sous le nom de &laquo; ciudad feliz &raquo; (ville heureuse) et &laquo; perla del Atl\u00e1ntico &raquo; (perle de l&rsquo;Atlantique) et constitue la &nbsp;principale station baln\u00e9aire de la c\u00f4te Atlantique argentine et l&rsquo;une des plus importantes destinations touristiques du pays.&nbsp;<\/div>\n<div>Tout au long de l&rsquo;ann\u00e9e, Mar del Plata re\u00e7oit plus de 8 millions de touristes qui arrivent pour profiter de ses charmes. De fait, elle est r\u00e9put\u00e9e pour ses belles plages, ses baies, ses grandes falaises et la for\u00eat qui compl\u00e8te ce beau paysage.&nbsp;<\/div>\n<div>&nbsp;<\/div>\n<div>Par ailleurs, la ville offre aussi un grand nombre d&rsquo;attractions. Avec ses quelques 500 restaurants, 300 caf\u00e9s, pubs et 60 salles de spectacles, on dit d&rsquo;elle que c&rsquo;est la ville qui ne dort jamais ! Tout d&rsquo;abord, il faut absolument visiter le port, embl\u00e8me de la ville. L\u00e0, on aura la possibilit\u00e9 de rencontrer ses habitants permanents : les loups de mer et les mouettes ! Au demeurant, le paysage est bien pittoresque : de vieux bateaux de p\u00eache, des canots, des filets et la mer atlantique.<\/div>\n<div>Si on va au centre ville, on arrive \u00e0 la place San Mart\u00edn o\u00f9 se trouve le quartier constituant le centre civique, commerciale et financier de Mar del Plata. L&rsquo;officine du Courrier Central, le monument au G\u00e9n\u00e9ral San Martin, la Cath\u00e9drale de los Santos Pedro y Cecilia, l&rsquo;H\u00f4tel Provincial, la Chapelle Santa Cecilia, entre d&rsquo;autres monuments distinctifs, s&rsquo;y \u00e9rigent comme des traces du pass\u00e9 historique de la ville.<\/div>\n<div>La rambla est une autre promenade traditionnelle de la ville. Autour d&rsquo;elle on aper\u00e7oit le magnifique Casino Central, la Place Arm\u00e9e argentine, le monument aux Loups de Mer et le monument \u00e0 l&rsquo;Amiral Guillermo Brown, p\u00e8re de la marine argentine.&nbsp;<\/div>\n<div>Pour ceux qui aiment le tango, Mar del Plata donne l&rsquo;opportunit\u00e9 de faire un &laquo; circuit historique&raquo; qui reconstruit la vie du compositeur Astor Piazzolla, c\u00e9l\u00e8bre dans le monde entier.&nbsp;<\/div>\n<p><a href=\"https:\/\/www.abc-latina.com\/argentine\/tour_operateur\" target=\"_blank\" style=\"text-decoration: none;\"><img loading=\"lazy\" decoding=\"async\" class=\" alignright size-full wp-image-41\" src=\"http:\/\/abc-latina.com\/wp-content\/uploads\/2010\/04\/timbre_to.gif\" style=\"margin: 5px; float: right;\" alt=\"\" width=\"125\" height=\"90\" \/><\/a><\/p>\n<div>En plus, Mar del Plata garde un petit tr\u00e9sor pour les amants de la litt\u00e9rature : le Centre Culturel Victoria Ocampo. Il s&rsquo;agit d&rsquo;une vieille villa qui appartenait \u00e0 l&rsquo;\u00e9crivaine argentine, amie d&rsquo;Adolfo Bioy Casares et de Jorge Luis Borges. La structure de la villa est originaire de l&rsquo;Angleterre. Elle a \u00e9t\u00e9 construite au d\u00e9but du XX\u00e8me si\u00e8cle et a \u00e9t\u00e9 l&rsquo;abri des amants des Lettres. &nbsp;<\/div>\n<div>&nbsp;<\/div>\n<div>Aux environs de la ville, le paysage change. En prenant la route 226, on d\u00e9couvre une fantastique r\u00e9gion montagneuse avec des ruisseaux et des lagunes. Il y a aussi plusieurs \u00e9tablissements (&laquo; estancias &raquo;) proposant aux visiteurs un s\u00e9jour d&rsquo;\u00e9co-tourisme.&nbsp;<\/div>\n<div>&nbsp;<\/div>\n<div>Au niveau de la gastronomie, Mar del Plata se distingue par sa remarquable offre de poisson et des fruits de mer qu&rsquo;il ne faut pas manquer !<\/div>\n<div>&nbsp;<\/div>\n<div><span style=\"color: rgb(153, 153, 153);\"><span class=\"tsource\">R\u00e9dig\u00e9 par Victoria Torres<\/span><\/span><\/div>\n<div>&nbsp;<\/div>\n<p><img loading=\"lazy\" decoding=\"async\" class=\" size-full wp-image-46\" src=\"http:\/\/abc-latina.com\/wp-content\/uploads\/2010\/04\/pages-associes.gif\" alt=\"\" width=\"120\" height=\"10\" \/><br \/><a href=\"https:\/\/www.abc-latina.com\/argentine\/photos\/photos_mar_del_plata\">Photos de Mar del Plata<\/a><\/p>\n<h3>Pr\u00e9parez votre voyage \u00e0 Mar del Plata:<\/h3>\n<div><a href=\"https:\/\/www.abc-latina.com\/argentine\/agence_de_voyages\">Agences de voyage g\u00e9n\u00e9ralistes et discounteurs<\/a><\/div>\n<div><a href=\"https:\/\/www.abc-latina.com\/argentine\/tour_operateur\">Tours Op\u00e9rateurs sp\u00e9cialistes de l&rsquo;Argentine<\/a><\/div>\n<div><a href=\"https:\/\/www.abc-latina.com\/to\/reservation_billet_avion\" target=\"_blank\">R\u00e9servez votre billet d&rsquo;avion<\/a><\/div>\n<div><a href=\"hotels\" target=\"_blank\">R\u00e9servez votre h\u00f4tel \u00e0 Mar del Plata<\/a>&nbsp;<\/div>\n<div><a href=\"https:\/\/www.abc-latina.com\/to\/location_de_voiture_argentine\" target=\"_blank\">Location de voiture<\/a><\/div>\n<p>&nbsp;<\/p>\n","protected":false},"excerpt":{"rendered":"<p>La ville de Mar del Plata est situ\u00e9e \u00e0 400 km de Buenos Aires, capital de l&rsquo;Argentine, et compte 650.000 [&hellip;]<\/p>\n","protected":false},"author":3,"featured_media":84,"parent":39,"menu_order":0,"comment_status":"closed","ping_status":"closed","template":"","meta":{"site-sidebar-layout":"default","site-content-layout":"","ast-site-content-layout":"default","site-content-style":"default","site-sidebar-style":"default","ast-global-header-display":"","ast-banner-title-visibility":"","ast-main-header-display":"","ast-hfb-above-header-display":"","ast-hfb-below-header-display":"","ast-hfb-mobile-header-display":"","site-post-title":"","ast-breadcrumbs-content":"","ast-featured-img":"","footer-sml-layout":"","ast-disable-related-posts":"","theme-transparent-header-meta":"","adv-header-id-meta":"","stick-header-meta":"","header-above-stick-meta":"","header-main-stick-meta":"","header-below-stick-meta":"","astra-migrate-meta-layouts":"default","ast-page-background-enabled":"default","ast-page-background-meta":{"desktop":{"background-color":"var(--ast-global-color-5)","background-image":"","background-repeat":"repeat","background-position":"center center","background-size":"auto","background-attachment":"scroll","background-type":"","background-media":"","overlay-type":"","overlay-color":"","overlay-opacity":"","overlay-gradient":""},"tablet":{"background-color":"","background-image":"","background-repeat":"repeat","background-position":"center center","background-size":"auto","background-attachment":"scroll","background-type":"","background-media":"","overlay-type":"","overlay-color":"","overlay-opacity":"","overlay-gradient":""},"mobile":{"background-color":"","background-image":"","background-repeat":"repeat","background-position":"center center","background-size":"auto","background-attachment":"scroll","background-type":"","background-media":"","overlay-type":"","overlay-color":"","overlay-opacity":"","overlay-gradient":""}},"ast-content-background-meta":{"desktop":{"background-color":"var(--ast-global-color-4)","background-image":"","background-repeat":"repeat","background-position":"center center","background-size":"auto","background-attachment":"scroll","background-type":"","background-media":"","overlay-type":"","overlay-color":"","overlay-opacity":"","overlay-gradient":""},"tablet":{"background-color":"var(--ast-global-color-4)","background-image":"","background-repeat":"repeat","background-position":"center center","background-size":"auto","background-attachment":"scroll","background-type":"","background-media":"","overlay-type":"","overlay-color":"","overlay-opacity":"","overlay-gradient":""},"mobile":{"background-color":"var(--ast-global-color-4)","background-image":"","background-repeat":"repeat","background-position":"center center","background-size":"auto","background-attachment":"scroll","background-type":"","background-media":"","overlay-type":"","overlay-color":"","overlay-opacity":"","overlay-gradient":""}},"footnotes":""},"class_list":["post-85","page","type-page","status-publish","has-post-thumbnail","hentry"],"yoast_head":"<!-- This site is optimized with the Yoast SEO plugin v27.5 - https:\/\/yoast.com\/product\/yoast-seo-wordpress\/ -->\n<title>MAR DEL PLATA - Abc-latina<\/title>\n<meta name=\"description\" content=\"Mar del plata est connue sous le nom de \u00ab ciudad feliz \u00bb (ville heureuse) et \u00ab perla del Atl\u00e1ntico \u00bb (perle de l\u2019Atlantique) et constitue la principale station baln\u00e9aire de la c\u00f4te Atlantique argentine\" \/>\n<meta name=\"robots\" content=\"index, follow, max-snippet:-1, max-image-preview:large, max-video-preview:-1\" \/>\n<link rel=\"canonical\" href=\"https:\/\/abc-latina.com\/argentine\/mar_del_plata\/\" \/>\n<meta property=\"og:locale\" content=\"fr_FR\" \/>\n<meta property=\"og:type\" content=\"article\" \/>\n<meta property=\"og:title\" content=\"MAR DEL PLATA - Abc-latina\" \/>\n<meta property=\"og:description\" content=\"Mar del plata est connue sous le nom de \u00ab ciudad feliz \u00bb (ville heureuse) et \u00ab perla del Atl\u00e1ntico \u00bb (perle de l\u2019Atlantique) et constitue la principale station baln\u00e9aire de la c\u00f4te Atlantique argentine\" \/>\n<meta property=\"og:url\" content=\"https:\/\/abc-latina.com\/argentine\/mar_del_plata\/\" \/>\n<meta property=\"og:site_name\" content=\"Abc-latina\" \/>\n<meta property=\"article:modified_time\" content=\"2026-04-30T16:24:45+00:00\" \/>\n<meta property=\"og:image\" content=\"https:\/\/abc-latina.com\/wp-content\/uploads\/2010\/06\/mar-del-plata.jpg\" \/>\n\t<meta property=\"og:image:width\" content=\"220\" \/>\n\t<meta property=\"og:image:height\" content=\"220\" \/>\n\t<meta property=\"og:image:type\" content=\"image\/jpeg\" \/>\n<meta name=\"twitter:card\" content=\"summary_large_image\" \/>\n<meta name=\"twitter:label1\" content=\"Dur\u00e9e de lecture estim\u00e9e\" \/>\n\t<meta name=\"twitter:data1\" content=\"3 minutes\" \/>\n<script type=\"application\/ld+json\" class=\"yoast-schema-graph\">{\"@context\":\"https:\\\/\\\/schema.org\",\"@graph\":[{\"@type\":\"WebPage\",\"@id\":\"https:\\\/\\\/abc-latina.com\\\/argentine\\\/mar_del_plata\\\/\",\"url\":\"https:\\\/\\\/abc-latina.com\\\/argentine\\\/mar_del_plata\\\/\",\"name\":\"MAR DEL PLATA - Abc-latina\",\"isPartOf\":{\"@id\":\"https:\\\/\\\/abc-latina.com\\\/#website\"},\"primaryImageOfPage\":{\"@id\":\"https:\\\/\\\/abc-latina.com\\\/argentine\\\/mar_del_plata\\\/#primaryimage\"},\"image\":{\"@id\":\"https:\\\/\\\/abc-latina.com\\\/argentine\\\/mar_del_plata\\\/#primaryimage\"},\"thumbnailUrl\":\"https:\\\/\\\/abc-latina.com\\\/wp-content\\\/uploads\\\/2010\\\/06\\\/mar-del-plata.jpg\",\"datePublished\":\"2010-06-01T02:23:19+00:00\",\"dateModified\":\"2026-04-30T16:24:45+00:00\",\"description\":\"Mar del plata est connue sous le nom de \u00ab ciudad feliz \u00bb (ville heureuse) et \u00ab perla del Atl\u00e1ntico \u00bb (perle de l\u2019Atlantique) et constitue la principale station baln\u00e9aire de la c\u00f4te Atlantique argentine\",\"breadcrumb\":{\"@id\":\"https:\\\/\\\/abc-latina.com\\\/argentine\\\/mar_del_plata\\\/#breadcrumb\"},\"inLanguage\":\"fr-FR\",\"potentialAction\":[{\"@type\":\"ReadAction\",\"target\":[\"https:\\\/\\\/abc-latina.com\\\/argentine\\\/mar_del_plata\\\/\"]}]},{\"@type\":\"ImageObject\",\"inLanguage\":\"fr-FR\",\"@id\":\"https:\\\/\\\/abc-latina.com\\\/argentine\\\/mar_del_plata\\\/#primaryimage\",\"url\":\"https:\\\/\\\/abc-latina.com\\\/wp-content\\\/uploads\\\/2010\\\/06\\\/mar-del-plata.jpg\",\"contentUrl\":\"https:\\\/\\\/abc-latina.com\\\/wp-content\\\/uploads\\\/2010\\\/06\\\/mar-del-plata.jpg\",\"width\":220,\"height\":220,\"caption\":\"MAR DEL PLATA\"},{\"@type\":\"BreadcrumbList\",\"@id\":\"https:\\\/\\\/abc-latina.com\\\/argentine\\\/mar_del_plata\\\/#breadcrumb\",\"itemListElement\":[{\"@type\":\"ListItem\",\"position\":1,\"name\":\"Accueil\",\"item\":\"https:\\\/\\\/abc-latina.com\\\/\"},{\"@type\":\"ListItem\",\"position\":2,\"name\":\"MAR DEL PLATA\"}]},{\"@type\":\"WebSite\",\"@id\":\"https:\\\/\\\/abc-latina.com\\\/#website\",\"url\":\"https:\\\/\\\/abc-latina.com\\\/\",\"name\":\"Abc-latina\",\"description\":\"\",\"publisher\":{\"@id\":\"https:\\\/\\\/abc-latina.com\\\/#organization\"},\"potentialAction\":[{\"@type\":\"SearchAction\",\"target\":{\"@type\":\"EntryPoint\",\"urlTemplate\":\"https:\\\/\\\/abc-latina.com\\\/?s={search_term_string}\"},\"query-input\":{\"@type\":\"PropertyValueSpecification\",\"valueRequired\":true,\"valueName\":\"search_term_string\"}}],\"inLanguage\":\"fr-FR\"},{\"@type\":\"Organization\",\"@id\":\"https:\\\/\\\/abc-latina.com\\\/#organization\",\"name\":\"Abc-latina\",\"url\":\"https:\\\/\\\/abc-latina.com\\\/\",\"logo\":{\"@type\":\"ImageObject\",\"inLanguage\":\"fr-FR\",\"@id\":\"https:\\\/\\\/abc-latina.com\\\/#\\\/schema\\\/logo\\\/image\\\/\",\"url\":\"https:\\\/\\\/abc-latina.com\\\/wp-content\\\/uploads\\\/2026\\\/05\\\/cropped-logo.gif\",\"contentUrl\":\"https:\\\/\\\/abc-latina.com\\\/wp-content\\\/uploads\\\/2026\\\/05\\\/cropped-logo.gif\",\"width\":89,\"height\":84,\"caption\":\"Abc-latina\"},\"image\":{\"@id\":\"https:\\\/\\\/abc-latina.com\\\/#\\\/schema\\\/logo\\\/image\\\/\"}}]}<\/script>\n<!-- \/ Yoast SEO plugin. -->","yoast_head_json":{"title":"MAR DEL PLATA - Abc-latina","description":"Mar del plata est connue sous le nom de \u00ab ciudad feliz \u00bb (ville heureuse) et \u00ab perla del Atl\u00e1ntico \u00bb (perle de l\u2019Atlantique) et constitue la principale station baln\u00e9aire de la c\u00f4te Atlantique argentine","robots":{"index":"index","follow":"follow","max-snippet":"max-snippet:-1","max-image-preview":"max-image-preview:large","max-video-preview":"max-video-preview:-1"},"canonical":"https:\/\/abc-latina.com\/argentine\/mar_del_plata\/","og_locale":"fr_FR","og_type":"article","og_title":"MAR DEL PLATA - Abc-latina","og_description":"Mar del plata est connue sous le nom de \u00ab ciudad feliz \u00bb (ville heureuse) et \u00ab perla del Atl\u00e1ntico \u00bb (perle de l\u2019Atlantique) et constitue la principale station baln\u00e9aire de la c\u00f4te Atlantique argentine","og_url":"https:\/\/abc-latina.com\/argentine\/mar_del_plata\/","og_site_name":"Abc-latina","article_modified_time":"2026-04-30T16:24:45+00:00","og_image":[{"width":220,"height":220,"url":"https:\/\/abc-latina.com\/wp-content\/uploads\/2010\/06\/mar-del-plata.jpg","type":"image\/jpeg"}],"twitter_card":"summary_large_image","twitter_misc":{"Dur\u00e9e de lecture estim\u00e9e":"3 minutes"},"schema":{"@context":"https:\/\/schema.org","@graph":[{"@type":"WebPage","@id":"https:\/\/abc-latina.com\/argentine\/mar_del_plata\/","url":"https:\/\/abc-latina.com\/argentine\/mar_del_plata\/","name":"MAR DEL PLATA - Abc-latina","isPartOf":{"@id":"https:\/\/abc-latina.com\/#website"},"primaryImageOfPage":{"@id":"https:\/\/abc-latina.com\/argentine\/mar_del_plata\/#primaryimage"},"image":{"@id":"https:\/\/abc-latina.com\/argentine\/mar_del_plata\/#primaryimage"},"thumbnailUrl":"https:\/\/abc-latina.com\/wp-content\/uploads\/2010\/06\/mar-del-plata.jpg","datePublished":"2010-06-01T02:23:19+00:00","dateModified":"2026-04-30T16:24:45+00:00","description":"Mar del plata est connue sous le nom de \u00ab ciudad feliz \u00bb (ville heureuse) et \u00ab perla del Atl\u00e1ntico \u00bb (perle de l\u2019Atlantique) et constitue la principale station baln\u00e9aire de la c\u00f4te Atlantique argentine","breadcrumb":{"@id":"https:\/\/abc-latina.com\/argentine\/mar_del_plata\/#breadcrumb"},"inLanguage":"fr-FR","potentialAction":[{"@type":"ReadAction","target":["https:\/\/abc-latina.com\/argentine\/mar_del_plata\/"]}]},{"@type":"ImageObject","inLanguage":"fr-FR","@id":"https:\/\/abc-latina.com\/argentine\/mar_del_plata\/#primaryimage","url":"https:\/\/abc-latina.com\/wp-content\/uploads\/2010\/06\/mar-del-plata.jpg","contentUrl":"https:\/\/abc-latina.com\/wp-content\/uploads\/2010\/06\/mar-del-plata.jpg","width":220,"height":220,"caption":"MAR DEL PLATA"},{"@type":"BreadcrumbList","@id":"https:\/\/abc-latina.com\/argentine\/mar_del_plata\/#breadcrumb","itemListElement":[{"@type":"ListItem","position":1,"name":"Accueil","item":"https:\/\/abc-latina.com\/"},{"@type":"ListItem","position":2,"name":"MAR DEL PLATA"}]},{"@type":"WebSite","@id":"https:\/\/abc-latina.com\/#website","url":"https:\/\/abc-latina.com\/","name":"Abc-latina","description":"","publisher":{"@id":"https:\/\/abc-latina.com\/#organization"},"potentialAction":[{"@type":"SearchAction","target":{"@type":"EntryPoint","urlTemplate":"https:\/\/abc-latina.com\/?s={search_term_string}"},"query-input":{"@type":"PropertyValueSpecification","valueRequired":true,"valueName":"search_term_string"}}],"inLanguage":"fr-FR"},{"@type":"Organization","@id":"https:\/\/abc-latina.com\/#organization","name":"Abc-latina","url":"https:\/\/abc-latina.com\/","logo":{"@type":"ImageObject","inLanguage":"fr-FR","@id":"https:\/\/abc-latina.com\/#\/schema\/logo\/image\/","url":"https:\/\/abc-latina.com\/wp-content\/uploads\/2026\/05\/cropped-logo.gif","contentUrl":"https:\/\/abc-latina.com\/wp-content\/uploads\/2026\/05\/cropped-logo.gif","width":89,"height":84,"caption":"Abc-latina"},"image":{"@id":"https:\/\/abc-latina.com\/#\/schema\/logo\/image\/"}}]}},"_links":{"self":[{"href":"https:\/\/abc-latina.com\/wp-json\/wp\/v2\/pages\/85","targetHints":{"allow":["GET"]}}],"collection":[{"href":"https:\/\/abc-latina.com\/wp-json\/wp\/v2\/pages"}],"about":[{"href":"https:\/\/abc-latina.com\/wp-json\/wp\/v2\/types\/page"}],"author":[{"embeddable":true,"href":"https:\/\/abc-latina.com\/wp-json\/wp\/v2\/users\/3"}],"replies":[{"embeddable":true,"href":"https:\/\/abc-latina.com\/wp-json\/wp\/v2\/comments?post=85"}],"version-history":[{"count":1,"href":"https:\/\/abc-latina.com\/wp-json\/wp\/v2\/pages\/85\/revisions"}],"predecessor-version":[{"id":3061,"href":"https:\/\/abc-latina.com\/wp-json\/wp\/v2\/pages\/85\/revisions\/3061"}],"up":[{"embeddable":true,"href":"https:\/\/abc-latina.com\/wp-json\/wp\/v2\/pages\/39"}],"wp:featuredmedia":[{"embeddable":true,"href":"https:\/\/abc-latina.com\/wp-json\/wp\/v2\/media\/84"}],"wp:attachment":[{"href":"https:\/\/abc-latina.com\/wp-json\/wp\/v2\/media?parent=85"}],"curies":[{"name":"wp","href":"https:\/\/api.w.org\/{rel}","templated":true}]}}