{"id":89,"date":"2010-06-01T04:25:26","date_gmt":"2010-06-01T02:25:26","guid":{"rendered":"http:\/\/abc-latina.com\/mendoza-htm\/"},"modified":"2026-04-30T18:24:45","modified_gmt":"2026-04-30T16:24:45","slug":"mendoza","status":"publish","type":"page","link":"https:\/\/abc-latina.com\/argentine\/mendoza\/","title":{"rendered":"MENDOZA"},"content":{"rendered":"<p><img loading=\"lazy\" decoding=\"async\" class=\" size-full wp-image-86\" src=\"http:\/\/abc-latina.com\/wp-content\/uploads\/2010\/06\/004-mendoza-argentine.jpg\" title=\"VOYAGE A MENDOZA\" alt=\"Mendoza - Argentine\" width=\"480\" height=\"270\" srcset=\"https:\/\/abc-latina.com\/wp-content\/uploads\/2010\/06\/004-mendoza-argentine.jpg 600w, https:\/\/abc-latina.com\/wp-content\/uploads\/2010\/06\/004-mendoza-argentine-300x169.jpg 300w\" sizes=\"auto, (max-width: 480px) 100vw, 480px\" \/><\/p>\n<p>Il fait bon fl\u00e2ner dans les rues de <span class=\"tourisme-chapitre\">Mendoza<\/span>, si argentine, mais d\u00e9j\u00e0 un peu chilienne, et o\u00f9 le soleil brille 320 jours par an.<br \/> <a href=\"https:\/\/www.abc-latina.com\/argentine\/tour_operateur\" target=\"_blank\"><img loading=\"lazy\" decoding=\"async\" class=\" alignright size-full wp-image-41\" src=\"http:\/\/abc-latina.com\/wp-content\/uploads\/2010\/04\/timbre_to.gif\" style=\"margin: 5px; float: right;\" alt=\"\" width=\"125\" height=\"90\" \/><\/a>Mendoza a toujours v\u00e9cu avec la crainte des tremblements de terre. Celui de 1861 d\u00e9truisit presque totalement la ville. Ceci explique l&rsquo;absence d&rsquo;\u00e9difices tr\u00e8s anciens.<br \/> Vers le milieu du 19e si\u00e8cle, avec l&rsquo;arriv\u00e9e des vignerons fran\u00e7ais, italiens et espagnols ils cr\u00e9\u00e8rent des vignobles qui fournissent les &frac34; du vin argentin. Mendoza est fi\u00e8re de ses vins faits pour la plupart \u00e0 partir de c\u00e9pages fran\u00e7ais. Certaines caves peuvent se visiter.<br \/> <img loading=\"lazy\" decoding=\"async\" class=\" alignright size-full wp-image-87\" src=\"http:\/\/abc-latina.com\/wp-content\/uploads\/2010\/06\/region_mendoza.gif\" style=\"margin: 5px; float: right;\" alt=\"\" width=\"72\" height=\"143\" \/>La meilleure fa\u00e7on de d\u00e9couvrir le panorama de la ville et de l&rsquo;oasis dans le &quot; d\u00e9sert &quot;, c&rsquo;est de se rendre au Cerro de la Gloria, colline qui domine Mendoza.<br \/> Mendoza est aussi le point de d\u00e9part id\u00e9al pour les sports de montagne.<br \/> A 165 km se trouve la station d&rsquo;hiver de Los Penitentes. Situ\u00e9e \u00e0 2.500m d&rsquo;altitude, elle dispose d&rsquo;un domaine skiable de 2.500 ha.<br \/> A 85 km la station de Vallecitos, situ\u00e9e \u00e0 une altitude de 2.900m, offre les m\u00eames possibilit\u00e9s.<\/p>\n<p><a href=\"https:\/\/www.abc-latina.com\/argentine\/tourisme\">Tourisme en Argentine<\/a><\/p>\n<p>&nbsp;<\/p>\n<p><a href=\"https:\/\/www.abc-latina.com\/argentine\/cartes-plans\/plan-carte-mendoza.php\"><img loading=\"lazy\" decoding=\"async\" class=\" size-full wp-image-88\" src=\"http:\/\/abc-latina.com\/wp-content\/uploads\/2010\/06\/mendoza-ar.gif\" title=\"Plan de Mendoza\" alt=\"\" width=\"253\" height=\"130\" \/><\/a><\/p>\n<h3>Pr\u00e9parez votre voyage \u00e0 Mendoza:<\/h3>\n<div><a href=\"https:\/\/www.abc-latina.com\/argentine\/agence_de_voyages\">Agences de voyage g\u00e9n\u00e9ralistes et discounteurs<\/a><\/div>\n<div><a href=\"https:\/\/www.abc-latina.com\/argentine\/tour_operateur\">Tours Op\u00e9rateurs sp\u00e9cialistes de l&rsquo;Argentine<\/a><\/div>\n<div><a href=\"https:\/\/www.abc-latina.com\/to\/reservation_billet_avion\" target=\"_blank\">R\u00e9servez votre billet d&rsquo;avion<\/a><\/div>\n<div><a href=\"hotels\" target=\"_blank\">R\u00e9servez votre h\u00f4tel \u00e0 Mendoza<\/a>&nbsp;<\/div>\n<div><a href=\"https:\/\/www.abc-latina.com\/to\/location_de_voiture_argentine\" target=\"_blank\">Location de voiture<\/a><\/div>\n<p>&nbsp;<\/p>\n","protected":false},"excerpt":{"rendered":"<p>Il fait bon fl\u00e2ner dans les rues de Mendoza, si argentine, mais d\u00e9j\u00e0 un peu chilienne, et o\u00f9 le soleil [&hellip;]<\/p>\n","protected":false},"author":3,"featured_media":86,"parent":39,"menu_order":0,"comment_status":"closed","ping_status":"closed","template":"","meta":{"site-sidebar-layout":"default","site-content-layout":"","ast-site-content-layout":"default","site-content-style":"default","site-sidebar-style":"default","ast-global-header-display":"","ast-banner-title-visibility":"","ast-main-header-display":"","ast-hfb-above-header-display":"","ast-hfb-below-header-display":"","ast-hfb-mobile-header-display":"","site-post-title":"","ast-breadcrumbs-content":"","ast-featured-img":"","footer-sml-layout":"","ast-disable-related-posts":"","theme-transparent-header-meta":"","adv-header-id-meta":"","stick-header-meta":"","header-above-stick-meta":"","header-main-stick-meta":"","header-below-stick-meta":"","astra-migrate-meta-layouts":"default","ast-page-background-enabled":"default","ast-page-background-meta":{"desktop":{"background-color":"var(--ast-global-color-5)","background-image":"","background-repeat":"repeat","background-position":"center center","background-size":"auto","background-attachment":"scroll","background-type":"","background-media":"","overlay-type":"","overlay-color":"","overlay-opacity":"","overlay-gradient":""},"tablet":{"background-color":"","background-image":"","background-repeat":"repeat","background-position":"center center","background-size":"auto","background-attachment":"scroll","background-type":"","background-media":"","overlay-type":"","overlay-color":"","overlay-opacity":"","overlay-gradient":""},"mobile":{"background-color":"","background-image":"","background-repeat":"repeat","background-position":"center center","background-size":"auto","background-attachment":"scroll","background-type":"","background-media":"","overlay-type":"","overlay-color":"","overlay-opacity":"","overlay-gradient":""}},"ast-content-background-meta":{"desktop":{"background-color":"var(--ast-global-color-4)","background-image":"","background-repeat":"repeat","background-position":"center center","background-size":"auto","background-attachment":"scroll","background-type":"","background-media":"","overlay-type":"","overlay-color":"","overlay-opacity":"","overlay-gradient":""},"tablet":{"background-color":"var(--ast-global-color-4)","background-image":"","background-repeat":"repeat","background-position":"center center","background-size":"auto","background-attachment":"scroll","background-type":"","background-media":"","overlay-type":"","overlay-color":"","overlay-opacity":"","overlay-gradient":""},"mobile":{"background-color":"var(--ast-global-color-4)","background-image":"","background-repeat":"repeat","background-position":"center center","background-size":"auto","background-attachment":"scroll","background-type":"","background-media":"","overlay-type":"","overlay-color":"","overlay-opacity":"","overlay-gradient":""}},"footnotes":""},"class_list":["post-89","page","type-page","status-publish","has-post-thumbnail","hentry"],"yoast_head":"<!-- This site is optimized with the Yoast SEO plugin v27.5 - https:\/\/yoast.com\/product\/yoast-seo-wordpress\/ -->\n<title>MENDOZA - Abc-latina<\/title>\n<meta name=\"description\" content=\"La meilleure fa\u00e7on de d\u00e9couvrir le panorama de la ville et de l&#039;oasis dans le &quot; d\u00e9sert &quot;, c&#039;est de se rendre au Cerro de la Gloria, colline qui domine Mendoza.\" \/>\n<meta name=\"robots\" content=\"index, follow, max-snippet:-1, max-image-preview:large, max-video-preview:-1\" \/>\n<link rel=\"canonical\" href=\"https:\/\/abc-latina.com\/argentine\/mendoza\/\" \/>\n<meta property=\"og:locale\" content=\"fr_FR\" \/>\n<meta property=\"og:type\" content=\"article\" \/>\n<meta property=\"og:title\" content=\"MENDOZA - Abc-latina\" \/>\n<meta property=\"og:description\" content=\"La meilleure fa\u00e7on de d\u00e9couvrir le panorama de la ville et de l&#039;oasis dans le &quot; d\u00e9sert &quot;, c&#039;est de se rendre au Cerro de la Gloria, colline qui domine Mendoza.\" \/>\n<meta property=\"og:url\" content=\"https:\/\/abc-latina.com\/argentine\/mendoza\/\" \/>\n<meta property=\"og:site_name\" content=\"Abc-latina\" \/>\n<meta property=\"article:modified_time\" content=\"2026-04-30T16:24:45+00:00\" \/>\n<meta property=\"og:image\" content=\"https:\/\/abc-latina.com\/wp-content\/uploads\/2010\/06\/004-mendoza-argentine.jpg\" \/>\n\t<meta property=\"og:image:width\" content=\"600\" \/>\n\t<meta property=\"og:image:height\" content=\"337\" \/>\n\t<meta property=\"og:image:type\" content=\"image\/jpeg\" \/>\n<meta name=\"twitter:card\" content=\"summary_large_image\" \/>\n<meta name=\"twitter:label1\" content=\"Dur\u00e9e de lecture estim\u00e9e\" \/>\n\t<meta name=\"twitter:data1\" content=\"1 minute\" \/>\n<script type=\"application\/ld+json\" class=\"yoast-schema-graph\">{\"@context\":\"https:\\\/\\\/schema.org\",\"@graph\":[{\"@type\":\"WebPage\",\"@id\":\"https:\\\/\\\/abc-latina.com\\\/argentine\\\/mendoza\\\/\",\"url\":\"https:\\\/\\\/abc-latina.com\\\/argentine\\\/mendoza\\\/\",\"name\":\"MENDOZA - Abc-latina\",\"isPartOf\":{\"@id\":\"https:\\\/\\\/abc-latina.com\\\/#website\"},\"primaryImageOfPage\":{\"@id\":\"https:\\\/\\\/abc-latina.com\\\/argentine\\\/mendoza\\\/#primaryimage\"},\"image\":{\"@id\":\"https:\\\/\\\/abc-latina.com\\\/argentine\\\/mendoza\\\/#primaryimage\"},\"thumbnailUrl\":\"https:\\\/\\\/abc-latina.com\\\/wp-content\\\/uploads\\\/2010\\\/06\\\/004-mendoza-argentine.jpg\",\"datePublished\":\"2010-06-01T02:25:26+00:00\",\"dateModified\":\"2026-04-30T16:24:45+00:00\",\"description\":\"La meilleure fa\u00e7on de d\u00e9couvrir le panorama de la ville et de l'oasis dans le \\\" d\u00e9sert \\\", c'est de se rendre au Cerro de la Gloria, colline qui domine Mendoza.\",\"breadcrumb\":{\"@id\":\"https:\\\/\\\/abc-latina.com\\\/argentine\\\/mendoza\\\/#breadcrumb\"},\"inLanguage\":\"fr-FR\",\"potentialAction\":[{\"@type\":\"ReadAction\",\"target\":[\"https:\\\/\\\/abc-latina.com\\\/argentine\\\/mendoza\\\/\"]}]},{\"@type\":\"ImageObject\",\"inLanguage\":\"fr-FR\",\"@id\":\"https:\\\/\\\/abc-latina.com\\\/argentine\\\/mendoza\\\/#primaryimage\",\"url\":\"https:\\\/\\\/abc-latina.com\\\/wp-content\\\/uploads\\\/2010\\\/06\\\/004-mendoza-argentine.jpg\",\"contentUrl\":\"https:\\\/\\\/abc-latina.com\\\/wp-content\\\/uploads\\\/2010\\\/06\\\/004-mendoza-argentine.jpg\",\"width\":600,\"height\":337,\"caption\":\"VOYAGE A MENDOZA\"},{\"@type\":\"BreadcrumbList\",\"@id\":\"https:\\\/\\\/abc-latina.com\\\/argentine\\\/mendoza\\\/#breadcrumb\",\"itemListElement\":[{\"@type\":\"ListItem\",\"position\":1,\"name\":\"Accueil\",\"item\":\"https:\\\/\\\/abc-latina.com\\\/\"},{\"@type\":\"ListItem\",\"position\":2,\"name\":\"MENDOZA\"}]},{\"@type\":\"WebSite\",\"@id\":\"https:\\\/\\\/abc-latina.com\\\/#website\",\"url\":\"https:\\\/\\\/abc-latina.com\\\/\",\"name\":\"Abc-latina\",\"description\":\"\",\"publisher\":{\"@id\":\"https:\\\/\\\/abc-latina.com\\\/#organization\"},\"potentialAction\":[{\"@type\":\"SearchAction\",\"target\":{\"@type\":\"EntryPoint\",\"urlTemplate\":\"https:\\\/\\\/abc-latina.com\\\/?s={search_term_string}\"},\"query-input\":{\"@type\":\"PropertyValueSpecification\",\"valueRequired\":true,\"valueName\":\"search_term_string\"}}],\"inLanguage\":\"fr-FR\"},{\"@type\":\"Organization\",\"@id\":\"https:\\\/\\\/abc-latina.com\\\/#organization\",\"name\":\"Abc-latina\",\"url\":\"https:\\\/\\\/abc-latina.com\\\/\",\"logo\":{\"@type\":\"ImageObject\",\"inLanguage\":\"fr-FR\",\"@id\":\"https:\\\/\\\/abc-latina.com\\\/#\\\/schema\\\/logo\\\/image\\\/\",\"url\":\"https:\\\/\\\/abc-latina.com\\\/wp-content\\\/uploads\\\/2026\\\/05\\\/cropped-logo.gif\",\"contentUrl\":\"https:\\\/\\\/abc-latina.com\\\/wp-content\\\/uploads\\\/2026\\\/05\\\/cropped-logo.gif\",\"width\":89,\"height\":84,\"caption\":\"Abc-latina\"},\"image\":{\"@id\":\"https:\\\/\\\/abc-latina.com\\\/#\\\/schema\\\/logo\\\/image\\\/\"}}]}<\/script>\n<!-- \/ Yoast SEO plugin. -->","yoast_head_json":{"title":"MENDOZA - Abc-latina","description":"La meilleure fa\u00e7on de d\u00e9couvrir le panorama de la ville et de l'oasis dans le \" d\u00e9sert \", c'est de se rendre au Cerro de la Gloria, colline qui domine Mendoza.","robots":{"index":"index","follow":"follow","max-snippet":"max-snippet:-1","max-image-preview":"max-image-preview:large","max-video-preview":"max-video-preview:-1"},"canonical":"https:\/\/abc-latina.com\/argentine\/mendoza\/","og_locale":"fr_FR","og_type":"article","og_title":"MENDOZA - Abc-latina","og_description":"La meilleure fa\u00e7on de d\u00e9couvrir le panorama de la ville et de l'oasis dans le \" d\u00e9sert \", c'est de se rendre au Cerro de la Gloria, colline qui domine Mendoza.","og_url":"https:\/\/abc-latina.com\/argentine\/mendoza\/","og_site_name":"Abc-latina","article_modified_time":"2026-04-30T16:24:45+00:00","og_image":[{"width":600,"height":337,"url":"https:\/\/abc-latina.com\/wp-content\/uploads\/2010\/06\/004-mendoza-argentine.jpg","type":"image\/jpeg"}],"twitter_card":"summary_large_image","twitter_misc":{"Dur\u00e9e de lecture estim\u00e9e":"1 minute"},"schema":{"@context":"https:\/\/schema.org","@graph":[{"@type":"WebPage","@id":"https:\/\/abc-latina.com\/argentine\/mendoza\/","url":"https:\/\/abc-latina.com\/argentine\/mendoza\/","name":"MENDOZA - Abc-latina","isPartOf":{"@id":"https:\/\/abc-latina.com\/#website"},"primaryImageOfPage":{"@id":"https:\/\/abc-latina.com\/argentine\/mendoza\/#primaryimage"},"image":{"@id":"https:\/\/abc-latina.com\/argentine\/mendoza\/#primaryimage"},"thumbnailUrl":"https:\/\/abc-latina.com\/wp-content\/uploads\/2010\/06\/004-mendoza-argentine.jpg","datePublished":"2010-06-01T02:25:26+00:00","dateModified":"2026-04-30T16:24:45+00:00","description":"La meilleure fa\u00e7on de d\u00e9couvrir le panorama de la ville et de l'oasis dans le \" d\u00e9sert \", c'est de se rendre au Cerro de la Gloria, colline qui domine Mendoza.","breadcrumb":{"@id":"https:\/\/abc-latina.com\/argentine\/mendoza\/#breadcrumb"},"inLanguage":"fr-FR","potentialAction":[{"@type":"ReadAction","target":["https:\/\/abc-latina.com\/argentine\/mendoza\/"]}]},{"@type":"ImageObject","inLanguage":"fr-FR","@id":"https:\/\/abc-latina.com\/argentine\/mendoza\/#primaryimage","url":"https:\/\/abc-latina.com\/wp-content\/uploads\/2010\/06\/004-mendoza-argentine.jpg","contentUrl":"https:\/\/abc-latina.com\/wp-content\/uploads\/2010\/06\/004-mendoza-argentine.jpg","width":600,"height":337,"caption":"VOYAGE A MENDOZA"},{"@type":"BreadcrumbList","@id":"https:\/\/abc-latina.com\/argentine\/mendoza\/#breadcrumb","itemListElement":[{"@type":"ListItem","position":1,"name":"Accueil","item":"https:\/\/abc-latina.com\/"},{"@type":"ListItem","position":2,"name":"MENDOZA"}]},{"@type":"WebSite","@id":"https:\/\/abc-latina.com\/#website","url":"https:\/\/abc-latina.com\/","name":"Abc-latina","description":"","publisher":{"@id":"https:\/\/abc-latina.com\/#organization"},"potentialAction":[{"@type":"SearchAction","target":{"@type":"EntryPoint","urlTemplate":"https:\/\/abc-latina.com\/?s={search_term_string}"},"query-input":{"@type":"PropertyValueSpecification","valueRequired":true,"valueName":"search_term_string"}}],"inLanguage":"fr-FR"},{"@type":"Organization","@id":"https:\/\/abc-latina.com\/#organization","name":"Abc-latina","url":"https:\/\/abc-latina.com\/","logo":{"@type":"ImageObject","inLanguage":"fr-FR","@id":"https:\/\/abc-latina.com\/#\/schema\/logo\/image\/","url":"https:\/\/abc-latina.com\/wp-content\/uploads\/2026\/05\/cropped-logo.gif","contentUrl":"https:\/\/abc-latina.com\/wp-content\/uploads\/2026\/05\/cropped-logo.gif","width":89,"height":84,"caption":"Abc-latina"},"image":{"@id":"https:\/\/abc-latina.com\/#\/schema\/logo\/image\/"}}]}},"_links":{"self":[{"href":"https:\/\/abc-latina.com\/wp-json\/wp\/v2\/pages\/89","targetHints":{"allow":["GET"]}}],"collection":[{"href":"https:\/\/abc-latina.com\/wp-json\/wp\/v2\/pages"}],"about":[{"href":"https:\/\/abc-latina.com\/wp-json\/wp\/v2\/types\/page"}],"author":[{"embeddable":true,"href":"https:\/\/abc-latina.com\/wp-json\/wp\/v2\/users\/3"}],"replies":[{"embeddable":true,"href":"https:\/\/abc-latina.com\/wp-json\/wp\/v2\/comments?post=89"}],"version-history":[{"count":1,"href":"https:\/\/abc-latina.com\/wp-json\/wp\/v2\/pages\/89\/revisions"}],"predecessor-version":[{"id":3062,"href":"https:\/\/abc-latina.com\/wp-json\/wp\/v2\/pages\/89\/revisions\/3062"}],"up":[{"embeddable":true,"href":"https:\/\/abc-latina.com\/wp-json\/wp\/v2\/pages\/39"}],"wp:featuredmedia":[{"embeddable":true,"href":"https:\/\/abc-latina.com\/wp-json\/wp\/v2\/media\/86"}],"wp:attachment":[{"href":"https:\/\/abc-latina.com\/wp-json\/wp\/v2\/media?parent=89"}],"curies":[{"name":"wp","href":"https:\/\/api.w.org\/{rel}","templated":true}]}}