{"id":93,"date":"2010-06-01T04:32:45","date_gmt":"2010-06-01T02:32:45","guid":{"rendered":"http:\/\/abc-latina.com\/neuquen-php\/"},"modified":"2026-04-30T18:24:45","modified_gmt":"2026-04-30T16:24:45","slug":"neuquen","status":"publish","type":"page","link":"https:\/\/abc-latina.com\/argentine\/neuquen\/","title":{"rendered":"NEUQUEN"},"content":{"rendered":"<p>La ville de <span class=\"tourisme-chapitre\">Neuqu\u00e9n <\/span>est la capitale de la province de Neuqu\u00e9n en Argentine et la localit\u00e9 la plus importante de la <a href=\"patagonie\">Patagonie<\/a>. Elle est situ\u00e9e \u00e0 l&rsquo;est de la province, dans le D\u00e9partement de Confluencia, dont elle est aussi le chef-lieu. La ville occupe une frange de territoire imm\u00e9diatement ant\u00e9rieure au confluent du R\u00edo Neuqu\u00e9n et du R\u00edo Limay qui sont les deux branches-m\u00e8res du R\u00edo Negro. Elle forme une agglom\u00e9ration urbaine unique avec les localit\u00e9s de Plottier (province de Neuqu\u00e9n) et de Cipolletti (province de R\u00edo Negro), d\u00e9nomm\u00e9e Neuqu\u00e9n &#8211; Plottier &#8211; Cipolletti.<\/p>\n<p><span class=\"tourisme-unesco\">Aspects historiques<\/span><br \/> Carlos Bouquet Rold\u00e1n, gouverneur du Territoire du Neuqu\u00e9n entre 1903 et 1906, proposa de transf\u00e9rer la capitale depuis Chos Malal vers un hameau situ\u00e9 sur la rive droite du R\u00edo Neuqu\u00e9n, appel\u00e9 Confluencia, \u00e0 cause de la confluence avec le R\u00edo Limay.<br \/> Officiellement la ville fut fond\u00e9e le 12 septembre 1904. Ce site constituait une importante voie de sortie pour les produits que le Territoire commercialisait vers l&rsquo;ext\u00e9rieur, via le chemin de fer qui se terminait en ces lieux. Pour cette raison, un d\u00e9cret d\u00e9cida d&rsquo;y transf\u00e9rer la capitale en rebaptisant la ville du nom de Neuqu\u00e9n, ceci en 1904.<\/p>\n<p><span class=\"tourisme-unesco\">Climat<\/span><br \/> <a href=\"https:\/\/www.abc-latina.com\/argentine\/tour_operateur\" target=\"_blank\"><img loading=\"lazy\" decoding=\"async\" class=\" alignright size-full wp-image-41\" src=\"http:\/\/abc-latina.com\/wp-content\/uploads\/2010\/04\/timbre_to.gif\" style=\"margin: 5px; float: right;\" alt=\"\" width=\"125\" height=\"90\" \/><\/a>Le climat de Neuqu\u00e9n est continental et aride. Les pr\u00e9cipitations sont rares et se concentrent en mars et dans les mois d&rsquo;\u00e9t\u00e9. Les temp\u00e9ratures se caract\u00e9risent par une importante oscillation tant journali\u00e8re qu&rsquo;annuelle avec des \u00e9t\u00e9s torrides et des hivers frais, avec gel\u00e9es nocturnes.<\/p>\n<p><span class=\"tourisme-unesco\">Economie<\/span><br \/> L&rsquo;utilisation des eaux abondantes des cours d&rsquo;eau a permis le d\u00e9veloppement de cultures intensives dans ses environs. La zone fruticole, proche de Neuqu\u00e9n, produit des pommes, des poires et des raisins. Les deux premiers non seulement approvisionnent le march\u00e9 national, mais s&rsquo;exportent en plus vers le Br\u00e9sil, les \u00c9tats-Unis et l&rsquo;Europe. On produit aussi des jus de fruit concentr\u00e9s pour ces m\u00eames march\u00e9s.<\/p>\n<p><span class=\"tourisme-unesco\">Population<\/span><br \/> La ville comptait 201.868 habitants en 2001, ce qui repr\u00e9sente un accroissement de 20,7 % compar\u00e9 aux 167.296 de 1991 lors du recensement ant\u00e9rieur. Ces chiffres la situent comme premi\u00e8re localit\u00e9 de la Patagonie, m\u00eame sans inclure les habitants de Plottier et de Cipolletti. L&rsquo;agglom\u00e9ration de Neuqu\u00e9n &#8211; Plottier &#8211; Cipolletti de son c\u00f4t\u00e9 d\u00e9passait les 290.000 habitants et \u00e9tait la 14e agglom\u00e9ration d&rsquo;Argentine.<\/p>\n<p><span class=\"tsource\">Source Wikipedia<\/span><\/p>\n<p><a href=\"https:\/\/www.abc-latina.com\/argentine\/tourisme\">Tourisme en Argentine<\/a><\/p>\n<h3>Pr\u00e9parez votre voyage \u00e0 Neuquen:<\/h3>\n<div><a href=\"https:\/\/www.abc-latina.com\/argentine\/agence_de_voyages\">Agences de voyage g\u00e9n\u00e9ralistes et discounteurs<\/a><\/div>\n<div><a href=\"https:\/\/www.abc-latina.com\/argentine\/tour_operateur\">Tours Op\u00e9rateurs sp\u00e9cialistes de l&rsquo;Argentine<\/a><\/div>\n<div><a href=\"https:\/\/www.abc-latina.com\/to\/reservation_billet_avion\" target=\"_blank\">R\u00e9servez votre billet d&rsquo;avion<\/a><\/div>\n<div><a href=\"hotels\" target=\"_blank\">R\u00e9servez votre h\u00f4tel \u00e0 Neuquen<\/a>&nbsp;<\/div>\n<div><a href=\"https:\/\/www.abc-latina.com\/to\/location_de_voiture_argentine\" target=\"_blank\">Location de voiture<\/a><\/div>\n<p>&nbsp;<\/p>\n","protected":false},"excerpt":{"rendered":"<p>La ville de Neuqu\u00e9n est la capitale de la province de Neuqu\u00e9n en Argentine et la localit\u00e9 la plus importante [&hellip;]<\/p>\n","protected":false},"author":3,"featured_media":41,"parent":39,"menu_order":0,"comment_status":"closed","ping_status":"closed","template":"","meta":{"site-sidebar-layout":"default","site-content-layout":"","ast-site-content-layout":"default","site-content-style":"default","site-sidebar-style":"default","ast-global-header-display":"","ast-banner-title-visibility":"","ast-main-header-display":"","ast-hfb-above-header-display":"","ast-hfb-below-header-display":"","ast-hfb-mobile-header-display":"","site-post-title":"","ast-breadcrumbs-content":"","ast-featured-img":"","footer-sml-layout":"","ast-disable-related-posts":"","theme-transparent-header-meta":"","adv-header-id-meta":"","stick-header-meta":"","header-above-stick-meta":"","header-main-stick-meta":"","header-below-stick-meta":"","astra-migrate-meta-layouts":"default","ast-page-background-enabled":"default","ast-page-background-meta":{"desktop":{"background-color":"var(--ast-global-color-5)","background-image":"","background-repeat":"repeat","background-position":"center center","background-size":"auto","background-attachment":"scroll","background-type":"","background-media":"","overlay-type":"","overlay-color":"","overlay-opacity":"","overlay-gradient":""},"tablet":{"background-color":"","background-image":"","background-repeat":"repeat","background-position":"center center","background-size":"auto","background-attachment":"scroll","background-type":"","background-media":"","overlay-type":"","overlay-color":"","overlay-opacity":"","overlay-gradient":""},"mobile":{"background-color":"","background-image":"","background-repeat":"repeat","background-position":"center center","background-size":"auto","background-attachment":"scroll","background-type":"","background-media":"","overlay-type":"","overlay-color":"","overlay-opacity":"","overlay-gradient":""}},"ast-content-background-meta":{"desktop":{"background-color":"var(--ast-global-color-4)","background-image":"","background-repeat":"repeat","background-position":"center center","background-size":"auto","background-attachment":"scroll","background-type":"","background-media":"","overlay-type":"","overlay-color":"","overlay-opacity":"","overlay-gradient":""},"tablet":{"background-color":"var(--ast-global-color-4)","background-image":"","background-repeat":"repeat","background-position":"center center","background-size":"auto","background-attachment":"scroll","background-type":"","background-media":"","overlay-type":"","overlay-color":"","overlay-opacity":"","overlay-gradient":""},"mobile":{"background-color":"var(--ast-global-color-4)","background-image":"","background-repeat":"repeat","background-position":"center center","background-size":"auto","background-attachment":"scroll","background-type":"","background-media":"","overlay-type":"","overlay-color":"","overlay-opacity":"","overlay-gradient":""}},"footnotes":""},"class_list":["post-93","page","type-page","status-publish","has-post-thumbnail","hentry"],"yoast_head":"<!-- This site is optimized with the Yoast SEO plugin v27.5 - https:\/\/yoast.com\/product\/yoast-seo-wordpress\/ -->\n<title>NEUQUEN - Abc-latina<\/title>\n<meta name=\"description\" content=\"Tourisme et voyage en Argentine: NEUQUEN.\" \/>\n<meta name=\"robots\" content=\"index, follow, max-snippet:-1, max-image-preview:large, max-video-preview:-1\" \/>\n<link rel=\"canonical\" href=\"https:\/\/abc-latina.com\/argentine\/neuquen\/\" \/>\n<meta property=\"og:locale\" content=\"fr_FR\" \/>\n<meta property=\"og:type\" content=\"article\" \/>\n<meta property=\"og:title\" content=\"NEUQUEN - Abc-latina\" \/>\n<meta property=\"og:description\" content=\"Tourisme et voyage en Argentine: NEUQUEN.\" \/>\n<meta property=\"og:url\" content=\"https:\/\/abc-latina.com\/argentine\/neuquen\/\" \/>\n<meta property=\"og:site_name\" content=\"Abc-latina\" \/>\n<meta property=\"article:modified_time\" content=\"2026-04-30T16:24:45+00:00\" \/>\n<meta property=\"og:image\" content=\"https:\/\/abc-latina.com\/wp-content\/uploads\/2010\/04\/timbre_to.gif\" \/>\n\t<meta property=\"og:image:width\" content=\"125\" \/>\n\t<meta property=\"og:image:height\" content=\"90\" \/>\n\t<meta property=\"og:image:type\" content=\"image\/gif\" \/>\n<meta name=\"twitter:card\" content=\"summary_large_image\" \/>\n<meta name=\"twitter:label1\" content=\"Dur\u00e9e de lecture estim\u00e9e\" \/>\n\t<meta name=\"twitter:data1\" content=\"2 minutes\" \/>\n<script type=\"application\/ld+json\" class=\"yoast-schema-graph\">{\"@context\":\"https:\\\/\\\/schema.org\",\"@graph\":[{\"@type\":\"WebPage\",\"@id\":\"https:\\\/\\\/abc-latina.com\\\/argentine\\\/neuquen\\\/\",\"url\":\"https:\\\/\\\/abc-latina.com\\\/argentine\\\/neuquen\\\/\",\"name\":\"NEUQUEN - Abc-latina\",\"isPartOf\":{\"@id\":\"https:\\\/\\\/abc-latina.com\\\/#website\"},\"primaryImageOfPage\":{\"@id\":\"https:\\\/\\\/abc-latina.com\\\/argentine\\\/neuquen\\\/#primaryimage\"},\"image\":{\"@id\":\"https:\\\/\\\/abc-latina.com\\\/argentine\\\/neuquen\\\/#primaryimage\"},\"thumbnailUrl\":\"https:\\\/\\\/abc-latina.com\\\/wp-content\\\/uploads\\\/2010\\\/04\\\/timbre_to.gif\",\"datePublished\":\"2010-06-01T02:32:45+00:00\",\"dateModified\":\"2026-04-30T16:24:45+00:00\",\"description\":\"Tourisme et voyage en Argentine: NEUQUEN.\",\"breadcrumb\":{\"@id\":\"https:\\\/\\\/abc-latina.com\\\/argentine\\\/neuquen\\\/#breadcrumb\"},\"inLanguage\":\"fr-FR\",\"potentialAction\":[{\"@type\":\"ReadAction\",\"target\":[\"https:\\\/\\\/abc-latina.com\\\/argentine\\\/neuquen\\\/\"]}]},{\"@type\":\"ImageObject\",\"inLanguage\":\"fr-FR\",\"@id\":\"https:\\\/\\\/abc-latina.com\\\/argentine\\\/neuquen\\\/#primaryimage\",\"url\":\"https:\\\/\\\/abc-latina.com\\\/wp-content\\\/uploads\\\/2010\\\/04\\\/timbre_to.gif\",\"contentUrl\":\"https:\\\/\\\/abc-latina.com\\\/wp-content\\\/uploads\\\/2010\\\/04\\\/timbre_to.gif\",\"width\":125,\"height\":90},{\"@type\":\"BreadcrumbList\",\"@id\":\"https:\\\/\\\/abc-latina.com\\\/argentine\\\/neuquen\\\/#breadcrumb\",\"itemListElement\":[{\"@type\":\"ListItem\",\"position\":1,\"name\":\"Accueil\",\"item\":\"https:\\\/\\\/abc-latina.com\\\/\"},{\"@type\":\"ListItem\",\"position\":2,\"name\":\"NEUQUEN\"}]},{\"@type\":\"WebSite\",\"@id\":\"https:\\\/\\\/abc-latina.com\\\/#website\",\"url\":\"https:\\\/\\\/abc-latina.com\\\/\",\"name\":\"Abc-latina\",\"description\":\"\",\"publisher\":{\"@id\":\"https:\\\/\\\/abc-latina.com\\\/#organization\"},\"potentialAction\":[{\"@type\":\"SearchAction\",\"target\":{\"@type\":\"EntryPoint\",\"urlTemplate\":\"https:\\\/\\\/abc-latina.com\\\/?s={search_term_string}\"},\"query-input\":{\"@type\":\"PropertyValueSpecification\",\"valueRequired\":true,\"valueName\":\"search_term_string\"}}],\"inLanguage\":\"fr-FR\"},{\"@type\":\"Organization\",\"@id\":\"https:\\\/\\\/abc-latina.com\\\/#organization\",\"name\":\"Abc-latina\",\"url\":\"https:\\\/\\\/abc-latina.com\\\/\",\"logo\":{\"@type\":\"ImageObject\",\"inLanguage\":\"fr-FR\",\"@id\":\"https:\\\/\\\/abc-latina.com\\\/#\\\/schema\\\/logo\\\/image\\\/\",\"url\":\"https:\\\/\\\/abc-latina.com\\\/wp-content\\\/uploads\\\/2026\\\/05\\\/cropped-logo.gif\",\"contentUrl\":\"https:\\\/\\\/abc-latina.com\\\/wp-content\\\/uploads\\\/2026\\\/05\\\/cropped-logo.gif\",\"width\":89,\"height\":84,\"caption\":\"Abc-latina\"},\"image\":{\"@id\":\"https:\\\/\\\/abc-latina.com\\\/#\\\/schema\\\/logo\\\/image\\\/\"}}]}<\/script>\n<!-- \/ Yoast SEO plugin. -->","yoast_head_json":{"title":"NEUQUEN - Abc-latina","description":"Tourisme et voyage en Argentine: NEUQUEN.","robots":{"index":"index","follow":"follow","max-snippet":"max-snippet:-1","max-image-preview":"max-image-preview:large","max-video-preview":"max-video-preview:-1"},"canonical":"https:\/\/abc-latina.com\/argentine\/neuquen\/","og_locale":"fr_FR","og_type":"article","og_title":"NEUQUEN - Abc-latina","og_description":"Tourisme et voyage en Argentine: NEUQUEN.","og_url":"https:\/\/abc-latina.com\/argentine\/neuquen\/","og_site_name":"Abc-latina","article_modified_time":"2026-04-30T16:24:45+00:00","og_image":[{"width":125,"height":90,"url":"https:\/\/abc-latina.com\/wp-content\/uploads\/2010\/04\/timbre_to.gif","type":"image\/gif"}],"twitter_card":"summary_large_image","twitter_misc":{"Dur\u00e9e de lecture estim\u00e9e":"2 minutes"},"schema":{"@context":"https:\/\/schema.org","@graph":[{"@type":"WebPage","@id":"https:\/\/abc-latina.com\/argentine\/neuquen\/","url":"https:\/\/abc-latina.com\/argentine\/neuquen\/","name":"NEUQUEN - Abc-latina","isPartOf":{"@id":"https:\/\/abc-latina.com\/#website"},"primaryImageOfPage":{"@id":"https:\/\/abc-latina.com\/argentine\/neuquen\/#primaryimage"},"image":{"@id":"https:\/\/abc-latina.com\/argentine\/neuquen\/#primaryimage"},"thumbnailUrl":"https:\/\/abc-latina.com\/wp-content\/uploads\/2010\/04\/timbre_to.gif","datePublished":"2010-06-01T02:32:45+00:00","dateModified":"2026-04-30T16:24:45+00:00","description":"Tourisme et voyage en Argentine: NEUQUEN.","breadcrumb":{"@id":"https:\/\/abc-latina.com\/argentine\/neuquen\/#breadcrumb"},"inLanguage":"fr-FR","potentialAction":[{"@type":"ReadAction","target":["https:\/\/abc-latina.com\/argentine\/neuquen\/"]}]},{"@type":"ImageObject","inLanguage":"fr-FR","@id":"https:\/\/abc-latina.com\/argentine\/neuquen\/#primaryimage","url":"https:\/\/abc-latina.com\/wp-content\/uploads\/2010\/04\/timbre_to.gif","contentUrl":"https:\/\/abc-latina.com\/wp-content\/uploads\/2010\/04\/timbre_to.gif","width":125,"height":90},{"@type":"BreadcrumbList","@id":"https:\/\/abc-latina.com\/argentine\/neuquen\/#breadcrumb","itemListElement":[{"@type":"ListItem","position":1,"name":"Accueil","item":"https:\/\/abc-latina.com\/"},{"@type":"ListItem","position":2,"name":"NEUQUEN"}]},{"@type":"WebSite","@id":"https:\/\/abc-latina.com\/#website","url":"https:\/\/abc-latina.com\/","name":"Abc-latina","description":"","publisher":{"@id":"https:\/\/abc-latina.com\/#organization"},"potentialAction":[{"@type":"SearchAction","target":{"@type":"EntryPoint","urlTemplate":"https:\/\/abc-latina.com\/?s={search_term_string}"},"query-input":{"@type":"PropertyValueSpecification","valueRequired":true,"valueName":"search_term_string"}}],"inLanguage":"fr-FR"},{"@type":"Organization","@id":"https:\/\/abc-latina.com\/#organization","name":"Abc-latina","url":"https:\/\/abc-latina.com\/","logo":{"@type":"ImageObject","inLanguage":"fr-FR","@id":"https:\/\/abc-latina.com\/#\/schema\/logo\/image\/","url":"https:\/\/abc-latina.com\/wp-content\/uploads\/2026\/05\/cropped-logo.gif","contentUrl":"https:\/\/abc-latina.com\/wp-content\/uploads\/2026\/05\/cropped-logo.gif","width":89,"height":84,"caption":"Abc-latina"},"image":{"@id":"https:\/\/abc-latina.com\/#\/schema\/logo\/image\/"}}]}},"_links":{"self":[{"href":"https:\/\/abc-latina.com\/wp-json\/wp\/v2\/pages\/93","targetHints":{"allow":["GET"]}}],"collection":[{"href":"https:\/\/abc-latina.com\/wp-json\/wp\/v2\/pages"}],"about":[{"href":"https:\/\/abc-latina.com\/wp-json\/wp\/v2\/types\/page"}],"author":[{"embeddable":true,"href":"https:\/\/abc-latina.com\/wp-json\/wp\/v2\/users\/3"}],"replies":[{"embeddable":true,"href":"https:\/\/abc-latina.com\/wp-json\/wp\/v2\/comments?post=93"}],"version-history":[{"count":1,"href":"https:\/\/abc-latina.com\/wp-json\/wp\/v2\/pages\/93\/revisions"}],"predecessor-version":[{"id":3065,"href":"https:\/\/abc-latina.com\/wp-json\/wp\/v2\/pages\/93\/revisions\/3065"}],"up":[{"embeddable":true,"href":"https:\/\/abc-latina.com\/wp-json\/wp\/v2\/pages\/39"}],"wp:featuredmedia":[{"embeddable":true,"href":"https:\/\/abc-latina.com\/wp-json\/wp\/v2\/media\/41"}],"wp:attachment":[{"href":"https:\/\/abc-latina.com\/wp-json\/wp\/v2\/media?parent=93"}],"curies":[{"name":"wp","href":"https:\/\/api.w.org\/{rel}","templated":true}]}}