{"id":97,"date":"2010-06-01T04:43:20","date_gmt":"2010-06-01T02:43:20","guid":{"rendered":"http:\/\/abc-latina.com\/patagonie-htm\/"},"modified":"2026-04-30T18:24:45","modified_gmt":"2026-04-30T16:24:45","slug":"patagonie","status":"publish","type":"page","link":"https:\/\/abc-latina.com\/argentine\/patagonie\/","title":{"rendered":"La PATAGONIE"},"content":{"rendered":"<p><img loading=\"lazy\" decoding=\"async\" class=\" size-full wp-image-95\" src=\"http:\/\/abc-latina.com\/wp-content\/uploads\/2010\/06\/photo_calafate_7.jpg\" title=\"PATAGONIE ARGENTINE\" alt=\"PATAGONIE ARGENTINE\" width=\"480\" height=\"361\" srcset=\"https:\/\/abc-latina.com\/wp-content\/uploads\/2010\/06\/photo_calafate_7.jpg 550w, https:\/\/abc-latina.com\/wp-content\/uploads\/2010\/06\/photo_calafate_7-300x226.jpg 300w\" sizes=\"auto, (max-width: 480px) 100vw, 480px\" \/><\/p>\n<p>La <span class=\"tourisme-chapitre\">Patagonie <\/span>est situ\u00e9e dans le sud du pays et s&rsquo;\u00e9tend jusqu&rsquo;\u00e0 la pointe Sud de l&rsquo;Argentine.<br \/> Le Chili et l&rsquo;Argentine se partagent le territoire de la Patagonie qui se caract\u00e9rise comme \u00e9tant une vaste r\u00e9gion de glaciers, de parcs et de r\u00e9serves naturelles.<br \/> C&rsquo;est aussi le lieu de rencontre, entre autres, des baleines, pingouins, et lions de mer.<\/p>\n<p><img loading=\"lazy\" decoding=\"async\" class=\" alignright size-full wp-image-96\" title=\"La PATAGONIE ARGENTINE\" src=\"http:\/\/abc-latina.com\/wp-content\/uploads\/2010\/06\/patagonie.jpg\" alt=\"\" width=\"220\" vspace=\"9\" hspace=\"15\" height=\"220\" align=\"right\" srcset=\"https:\/\/abc-latina.com\/wp-content\/uploads\/2010\/06\/patagonie.jpg 220w, https:\/\/abc-latina.com\/wp-content\/uploads\/2010\/06\/patagonie-150x150.jpg 150w\" sizes=\"auto, (max-width: 220px) 100vw, 220px\" \/>Depuis Calafate, le visiteur pourra d\u00e9couvrir, la &quot; lagune des cygnes &quot;, r\u00e9serve ornithologique o\u00f9 abondent flamants, canards, cygnes \u00e0 cols noir, h\u00e9rons, oies sauvages et grives. Mais aussi, \u00e0 seulement \u00e0 une quinzaine de kilom\u00e8tres de Calafate, on trouvera les grottes de Gualichu, singuli\u00e8re formation g\u00e9ologique fa\u00e7onn\u00e9e par les vents de Patagonie.<br \/> Le port de Comodoro Rivadavia est le point de d\u00e9part id\u00e9al pour l&rsquo;un des sites les plus fantastiques de Patagonie les Bosques petrificados, les bois p\u00e9trifi\u00e9s.<br \/> Le bois p\u00e9trifi\u00e9, dans un paysage lunaire, est constitu\u00e9 par l&rsquo;affleurement des bois fossiles qui forment un v\u00e9ritable gisement en raison de leur taille et de leur concentration. Ces arbres se sont p\u00e9trifi\u00e9s sur les lieux m\u00eame o\u00f9 ils formaient une for\u00eat imposante voici 60 millions d&rsquo;ann\u00e9es.Les deux lacs les plus impressionnants sont les lacs Viedma et Argentino.<br \/> Les adeptes de trekking et de randonn\u00e9es en montagne se risqueront jusqu&rsquo;au lac Viedma et au mont Fitz Roy, ces exp\u00e9ditions doivent se faire en \u00e9t\u00e9 (novembre-mars), car l&rsquo;hiver les temp\u00e9ratures oscillent entre -10&deg; et 20&deg; C.<\/p>\n<p><a target=\"_blank\" href=\"https:\/\/www.abc-latina.com\/argentine\/tour_operateur\"><img loading=\"lazy\" decoding=\"async\" class=\" alignright size-full wp-image-41\" style=\"margin: 5px; float: right;\" src=\"http:\/\/abc-latina.com\/wp-content\/uploads\/2010\/04\/timbre_to.gif\" alt=\"\" width=\"125\" height=\"90\" \/><\/a>Dans Le Lago Argentino viennent mourir plusieurs glaciers, ces bras sont de v\u00e9ritables fjords d&rsquo;une beaut\u00e9 incomparable. Tous les trois ans environ, le glacier laisse l&rsquo;eau s&rsquo;infiltrer, se mine de l&rsquo;int\u00e9rieur, et sa fracture, avec ses pans entiers s&rsquo;ab\u00eemant dans le lac, est un spectacle inoubliable, des morceaux imposants se d\u00e9tachent du glacier pour former autant d&rsquo;iceberg dans les eaux bleues du lac.<\/p>\n<p>Entre les sommets enneig\u00e9s et les lacs magnifiques des Andes du Sud, \u00e0 1650 km de <a href=\"buenosaires\">Buenos Aires<\/a>, <a href=\"https:\/\/www.abc-latina.com\/argentine\/bariloche\">Bariloche<\/a>, est, pour les latino-Am\u00e9ricains, synonyme de <a href=\"https:\/\/www.abc-latina.com\/argentine\/tourisme\/sports-hiver.php\">ski<\/a> et de <a href=\"https:\/\/www.abc-latina.com\/argentine\/tourisme\/andinisme.php\">sports de montagne<\/a>.<br \/> Mais Bariloche n&rsquo;est pas seulement une station de sports d&rsquo;hiver ; C&rsquo;est la ville principale du Parc National Nahuel Huapi, l&rsquo;un des plus formidables ensembles de lacs, de for\u00eats et de montagnes, qui \u00e9merveillera les voyageurs, quelle que soit la saison de l&rsquo;ann\u00e9e.<\/p>\n<p><span class=\"tsource\">Cr\u00e9dit photo: Eduardo Amorim<\/span><a target=\"_blank\" href=\"http:\/\/voyage.abc-latina.com\/voyage_argentine\/argentine.php\"><span class=\"sejour-circuit\"><br \/><\/span><\/a><\/p>\n<p><a href=\"photos\/photos_patagonie\">Photos de la Patagonie<\/a> <\/p>\n<h3>Pr\u00e9parez votre voyage en Patagonie:<\/h3>\n<div><a href=\"https:\/\/www.abc-latina.com\/argentine\/agence_de_voyages\">Agences de voyage g\u00e9n\u00e9ralistes et discounteurs<\/a><\/div>\n<div><a href=\"https:\/\/www.abc-latina.com\/argentine\/tour_operateur\">Tours Op\u00e9rateurs sp\u00e9cialistes de l&rsquo;Argentine<\/a><\/div>\n<div><a target=\"_blank\" href=\"https:\/\/www.abc-latina.com\/to\/reservation_billet_avion\">R\u00e9servez votre billet d&rsquo;avion<\/a><\/div>\n<div><a target=\"_blank\" href=\"hotels\">R\u00e9servez votre h\u00f4tel en Patagonie<\/a>&nbsp;<\/div>\n<div><a target=\"_blank\" href=\"https:\/\/www.abc-latina.com\/to\/location_de_voiture_argentine\">Location de voiture<\/a><\/div>\n<p>&nbsp;<\/p>\n","protected":false},"excerpt":{"rendered":"<p>La Patagonie est situ\u00e9e dans le sud du pays et s&rsquo;\u00e9tend jusqu&rsquo;\u00e0 la pointe Sud de l&rsquo;Argentine. Le Chili et [&hellip;]<\/p>\n","protected":false},"author":3,"featured_media":95,"parent":39,"menu_order":0,"comment_status":"closed","ping_status":"closed","template":"","meta":{"site-sidebar-layout":"default","site-content-layout":"","ast-site-content-layout":"default","site-content-style":"default","site-sidebar-style":"default","ast-global-header-display":"","ast-banner-title-visibility":"","ast-main-header-display":"","ast-hfb-above-header-display":"","ast-hfb-below-header-display":"","ast-hfb-mobile-header-display":"","site-post-title":"","ast-breadcrumbs-content":"","ast-featured-img":"","footer-sml-layout":"","ast-disable-related-posts":"","theme-transparent-header-meta":"","adv-header-id-meta":"","stick-header-meta":"","header-above-stick-meta":"","header-main-stick-meta":"","header-below-stick-meta":"","astra-migrate-meta-layouts":"default","ast-page-background-enabled":"default","ast-page-background-meta":{"desktop":{"background-color":"var(--ast-global-color-5)","background-image":"","background-repeat":"repeat","background-position":"center center","background-size":"auto","background-attachment":"scroll","background-type":"","background-media":"","overlay-type":"","overlay-color":"","overlay-opacity":"","overlay-gradient":""},"tablet":{"background-color":"","background-image":"","background-repeat":"repeat","background-position":"center center","background-size":"auto","background-attachment":"scroll","background-type":"","background-media":"","overlay-type":"","overlay-color":"","overlay-opacity":"","overlay-gradient":""},"mobile":{"background-color":"","background-image":"","background-repeat":"repeat","background-position":"center center","background-size":"auto","background-attachment":"scroll","background-type":"","background-media":"","overlay-type":"","overlay-color":"","overlay-opacity":"","overlay-gradient":""}},"ast-content-background-meta":{"desktop":{"background-color":"var(--ast-global-color-4)","background-image":"","background-repeat":"repeat","background-position":"center center","background-size":"auto","background-attachment":"scroll","background-type":"","background-media":"","overlay-type":"","overlay-color":"","overlay-opacity":"","overlay-gradient":""},"tablet":{"background-color":"var(--ast-global-color-4)","background-image":"","background-repeat":"repeat","background-position":"center center","background-size":"auto","background-attachment":"scroll","background-type":"","background-media":"","overlay-type":"","overlay-color":"","overlay-opacity":"","overlay-gradient":""},"mobile":{"background-color":"var(--ast-global-color-4)","background-image":"","background-repeat":"repeat","background-position":"center center","background-size":"auto","background-attachment":"scroll","background-type":"","background-media":"","overlay-type":"","overlay-color":"","overlay-opacity":"","overlay-gradient":""}},"footnotes":""},"class_list":["post-97","page","type-page","status-publish","has-post-thumbnail","hentry"],"yoast_head":"<!-- This site is optimized with the Yoast SEO plugin v27.5 - https:\/\/yoast.com\/product\/yoast-seo-wordpress\/ -->\n<title>La PATAGONIE - Abc-latina<\/title>\n<meta name=\"description\" content=\"La r\u00e9gion la plus au Sud de l&#039;Argentine: La Patagonie. Glaciers, parcs et r\u00e9serves naturelles, Station de ski (Bariloche) sont quelques unes des principales attractions de Patagonie.\" \/>\n<meta name=\"robots\" content=\"index, follow, max-snippet:-1, max-image-preview:large, max-video-preview:-1\" \/>\n<link rel=\"canonical\" href=\"https:\/\/abc-latina.com\/argentine\/patagonie\/\" \/>\n<meta property=\"og:locale\" content=\"fr_FR\" \/>\n<meta property=\"og:type\" content=\"article\" \/>\n<meta property=\"og:title\" content=\"La PATAGONIE - Abc-latina\" \/>\n<meta property=\"og:description\" content=\"La r\u00e9gion la plus au Sud de l&#039;Argentine: La Patagonie. Glaciers, parcs et r\u00e9serves naturelles, Station de ski (Bariloche) sont quelques unes des principales attractions de Patagonie.\" \/>\n<meta property=\"og:url\" content=\"https:\/\/abc-latina.com\/argentine\/patagonie\/\" \/>\n<meta property=\"og:site_name\" content=\"Abc-latina\" \/>\n<meta property=\"article:modified_time\" content=\"2026-04-30T16:24:45+00:00\" \/>\n<meta property=\"og:image\" content=\"https:\/\/abc-latina.com\/wp-content\/uploads\/2010\/06\/photo_calafate_7.jpg\" \/>\n\t<meta property=\"og:image:width\" content=\"550\" \/>\n\t<meta property=\"og:image:height\" content=\"414\" \/>\n\t<meta property=\"og:image:type\" content=\"image\/jpeg\" \/>\n<meta name=\"twitter:card\" content=\"summary_large_image\" \/>\n<meta name=\"twitter:label1\" content=\"Dur\u00e9e de lecture estim\u00e9e\" \/>\n\t<meta name=\"twitter:data1\" content=\"2 minutes\" \/>\n<script type=\"application\/ld+json\" class=\"yoast-schema-graph\">{\"@context\":\"https:\\\/\\\/schema.org\",\"@graph\":[{\"@type\":\"WebPage\",\"@id\":\"https:\\\/\\\/abc-latina.com\\\/argentine\\\/patagonie\\\/\",\"url\":\"https:\\\/\\\/abc-latina.com\\\/argentine\\\/patagonie\\\/\",\"name\":\"La PATAGONIE - Abc-latina\",\"isPartOf\":{\"@id\":\"https:\\\/\\\/abc-latina.com\\\/#website\"},\"primaryImageOfPage\":{\"@id\":\"https:\\\/\\\/abc-latina.com\\\/argentine\\\/patagonie\\\/#primaryimage\"},\"image\":{\"@id\":\"https:\\\/\\\/abc-latina.com\\\/argentine\\\/patagonie\\\/#primaryimage\"},\"thumbnailUrl\":\"https:\\\/\\\/abc-latina.com\\\/wp-content\\\/uploads\\\/2010\\\/06\\\/photo_calafate_7.jpg\",\"datePublished\":\"2010-06-01T02:43:20+00:00\",\"dateModified\":\"2026-04-30T16:24:45+00:00\",\"description\":\"La r\u00e9gion la plus au Sud de l'Argentine: La Patagonie. Glaciers, parcs et r\u00e9serves naturelles, Station de ski (Bariloche) sont quelques unes des principales attractions de Patagonie.\",\"breadcrumb\":{\"@id\":\"https:\\\/\\\/abc-latina.com\\\/argentine\\\/patagonie\\\/#breadcrumb\"},\"inLanguage\":\"fr-FR\",\"potentialAction\":[{\"@type\":\"ReadAction\",\"target\":[\"https:\\\/\\\/abc-latina.com\\\/argentine\\\/patagonie\\\/\"]}]},{\"@type\":\"ImageObject\",\"inLanguage\":\"fr-FR\",\"@id\":\"https:\\\/\\\/abc-latina.com\\\/argentine\\\/patagonie\\\/#primaryimage\",\"url\":\"https:\\\/\\\/abc-latina.com\\\/wp-content\\\/uploads\\\/2010\\\/06\\\/photo_calafate_7.jpg\",\"contentUrl\":\"https:\\\/\\\/abc-latina.com\\\/wp-content\\\/uploads\\\/2010\\\/06\\\/photo_calafate_7.jpg\",\"width\":550,\"height\":414,\"caption\":\"PATAGONIE ARGENTINE\"},{\"@type\":\"BreadcrumbList\",\"@id\":\"https:\\\/\\\/abc-latina.com\\\/argentine\\\/patagonie\\\/#breadcrumb\",\"itemListElement\":[{\"@type\":\"ListItem\",\"position\":1,\"name\":\"Accueil\",\"item\":\"https:\\\/\\\/abc-latina.com\\\/\"},{\"@type\":\"ListItem\",\"position\":2,\"name\":\"La PATAGONIE\"}]},{\"@type\":\"WebSite\",\"@id\":\"https:\\\/\\\/abc-latina.com\\\/#website\",\"url\":\"https:\\\/\\\/abc-latina.com\\\/\",\"name\":\"Abc-latina\",\"description\":\"\",\"publisher\":{\"@id\":\"https:\\\/\\\/abc-latina.com\\\/#organization\"},\"potentialAction\":[{\"@type\":\"SearchAction\",\"target\":{\"@type\":\"EntryPoint\",\"urlTemplate\":\"https:\\\/\\\/abc-latina.com\\\/?s={search_term_string}\"},\"query-input\":{\"@type\":\"PropertyValueSpecification\",\"valueRequired\":true,\"valueName\":\"search_term_string\"}}],\"inLanguage\":\"fr-FR\"},{\"@type\":\"Organization\",\"@id\":\"https:\\\/\\\/abc-latina.com\\\/#organization\",\"name\":\"Abc-latina\",\"url\":\"https:\\\/\\\/abc-latina.com\\\/\",\"logo\":{\"@type\":\"ImageObject\",\"inLanguage\":\"fr-FR\",\"@id\":\"https:\\\/\\\/abc-latina.com\\\/#\\\/schema\\\/logo\\\/image\\\/\",\"url\":\"https:\\\/\\\/abc-latina.com\\\/wp-content\\\/uploads\\\/2026\\\/05\\\/cropped-logo.gif\",\"contentUrl\":\"https:\\\/\\\/abc-latina.com\\\/wp-content\\\/uploads\\\/2026\\\/05\\\/cropped-logo.gif\",\"width\":89,\"height\":84,\"caption\":\"Abc-latina\"},\"image\":{\"@id\":\"https:\\\/\\\/abc-latina.com\\\/#\\\/schema\\\/logo\\\/image\\\/\"}}]}<\/script>\n<!-- \/ Yoast SEO plugin. -->","yoast_head_json":{"title":"La PATAGONIE - Abc-latina","description":"La r\u00e9gion la plus au Sud de l'Argentine: La Patagonie. Glaciers, parcs et r\u00e9serves naturelles, Station de ski (Bariloche) sont quelques unes des principales attractions de Patagonie.","robots":{"index":"index","follow":"follow","max-snippet":"max-snippet:-1","max-image-preview":"max-image-preview:large","max-video-preview":"max-video-preview:-1"},"canonical":"https:\/\/abc-latina.com\/argentine\/patagonie\/","og_locale":"fr_FR","og_type":"article","og_title":"La PATAGONIE - Abc-latina","og_description":"La r\u00e9gion la plus au Sud de l'Argentine: La Patagonie. Glaciers, parcs et r\u00e9serves naturelles, Station de ski (Bariloche) sont quelques unes des principales attractions de Patagonie.","og_url":"https:\/\/abc-latina.com\/argentine\/patagonie\/","og_site_name":"Abc-latina","article_modified_time":"2026-04-30T16:24:45+00:00","og_image":[{"width":550,"height":414,"url":"https:\/\/abc-latina.com\/wp-content\/uploads\/2010\/06\/photo_calafate_7.jpg","type":"image\/jpeg"}],"twitter_card":"summary_large_image","twitter_misc":{"Dur\u00e9e de lecture estim\u00e9e":"2 minutes"},"schema":{"@context":"https:\/\/schema.org","@graph":[{"@type":"WebPage","@id":"https:\/\/abc-latina.com\/argentine\/patagonie\/","url":"https:\/\/abc-latina.com\/argentine\/patagonie\/","name":"La PATAGONIE - Abc-latina","isPartOf":{"@id":"https:\/\/abc-latina.com\/#website"},"primaryImageOfPage":{"@id":"https:\/\/abc-latina.com\/argentine\/patagonie\/#primaryimage"},"image":{"@id":"https:\/\/abc-latina.com\/argentine\/patagonie\/#primaryimage"},"thumbnailUrl":"https:\/\/abc-latina.com\/wp-content\/uploads\/2010\/06\/photo_calafate_7.jpg","datePublished":"2010-06-01T02:43:20+00:00","dateModified":"2026-04-30T16:24:45+00:00","description":"La r\u00e9gion la plus au Sud de l'Argentine: La Patagonie. Glaciers, parcs et r\u00e9serves naturelles, Station de ski (Bariloche) sont quelques unes des principales attractions de Patagonie.","breadcrumb":{"@id":"https:\/\/abc-latina.com\/argentine\/patagonie\/#breadcrumb"},"inLanguage":"fr-FR","potentialAction":[{"@type":"ReadAction","target":["https:\/\/abc-latina.com\/argentine\/patagonie\/"]}]},{"@type":"ImageObject","inLanguage":"fr-FR","@id":"https:\/\/abc-latina.com\/argentine\/patagonie\/#primaryimage","url":"https:\/\/abc-latina.com\/wp-content\/uploads\/2010\/06\/photo_calafate_7.jpg","contentUrl":"https:\/\/abc-latina.com\/wp-content\/uploads\/2010\/06\/photo_calafate_7.jpg","width":550,"height":414,"caption":"PATAGONIE ARGENTINE"},{"@type":"BreadcrumbList","@id":"https:\/\/abc-latina.com\/argentine\/patagonie\/#breadcrumb","itemListElement":[{"@type":"ListItem","position":1,"name":"Accueil","item":"https:\/\/abc-latina.com\/"},{"@type":"ListItem","position":2,"name":"La PATAGONIE"}]},{"@type":"WebSite","@id":"https:\/\/abc-latina.com\/#website","url":"https:\/\/abc-latina.com\/","name":"Abc-latina","description":"","publisher":{"@id":"https:\/\/abc-latina.com\/#organization"},"potentialAction":[{"@type":"SearchAction","target":{"@type":"EntryPoint","urlTemplate":"https:\/\/abc-latina.com\/?s={search_term_string}"},"query-input":{"@type":"PropertyValueSpecification","valueRequired":true,"valueName":"search_term_string"}}],"inLanguage":"fr-FR"},{"@type":"Organization","@id":"https:\/\/abc-latina.com\/#organization","name":"Abc-latina","url":"https:\/\/abc-latina.com\/","logo":{"@type":"ImageObject","inLanguage":"fr-FR","@id":"https:\/\/abc-latina.com\/#\/schema\/logo\/image\/","url":"https:\/\/abc-latina.com\/wp-content\/uploads\/2026\/05\/cropped-logo.gif","contentUrl":"https:\/\/abc-latina.com\/wp-content\/uploads\/2026\/05\/cropped-logo.gif","width":89,"height":84,"caption":"Abc-latina"},"image":{"@id":"https:\/\/abc-latina.com\/#\/schema\/logo\/image\/"}}]}},"_links":{"self":[{"href":"https:\/\/abc-latina.com\/wp-json\/wp\/v2\/pages\/97","targetHints":{"allow":["GET"]}}],"collection":[{"href":"https:\/\/abc-latina.com\/wp-json\/wp\/v2\/pages"}],"about":[{"href":"https:\/\/abc-latina.com\/wp-json\/wp\/v2\/types\/page"}],"author":[{"embeddable":true,"href":"https:\/\/abc-latina.com\/wp-json\/wp\/v2\/users\/3"}],"replies":[{"embeddable":true,"href":"https:\/\/abc-latina.com\/wp-json\/wp\/v2\/comments?post=97"}],"version-history":[{"count":1,"href":"https:\/\/abc-latina.com\/wp-json\/wp\/v2\/pages\/97\/revisions"}],"predecessor-version":[{"id":3067,"href":"https:\/\/abc-latina.com\/wp-json\/wp\/v2\/pages\/97\/revisions\/3067"}],"up":[{"embeddable":true,"href":"https:\/\/abc-latina.com\/wp-json\/wp\/v2\/pages\/39"}],"wp:featuredmedia":[{"embeddable":true,"href":"https:\/\/abc-latina.com\/wp-json\/wp\/v2\/media\/95"}],"wp:attachment":[{"href":"https:\/\/abc-latina.com\/wp-json\/wp\/v2\/media?parent=97"}],"curies":[{"name":"wp","href":"https:\/\/api.w.org\/{rel}","templated":true}]}}